{"id":1732,"date":"2024-02-05T17:31:38","date_gmt":"2024-02-05T17:31:38","guid":{"rendered":"https:\/\/livegood.network\/shop\/?page_id=1732"},"modified":"2024-02-08T17:47:40","modified_gmt":"2024-02-08T17:47:40","slug":"refund-and-returns-policy-fr-fr","status":"publish","type":"page","link":"https:\/\/livegood.network\/shop\/fr-fr\/refund-and-returns-policy-fr-fr\/","title":{"rendered":"Politique de remboursement et de retour"},"content":{"rendered":"\r\n<div class=\"container\">\r\n<div class=\"commn_hdr\">\r\n<div class=\"container\">\r\n<div class=\"commn_hdr\">\r\n<h2>Politique de remboursement<\/h2>\r\n<\/div>\r\n<\/div>\r\n<div class=\"container\">\r\n<h4>Pour les achats de produits\u00a0:<\/h4>\r\n<p>Tous les produits LiveGood b\u00e9n\u00e9ficient d&#8217;une garantie bouteille vide de 90 jours. Si, pour quelque raison que ce soit, vous n&#8217;\u00eates pas satisfait \u00e0 100\u00a0% de l&#8217;un de nos produits, renvoyez simplement la portion inutilis\u00e9e ou la bouteille vide \u00e0\u00a0:<\/p>\r\n<blockquote>\r\n<p>LiveGood Returns<br \/>1201 Jupiter Park Dr.<br \/>Unit 5<br \/>Jupiter, Fl 33458<\/p>\r\n<\/blockquote>\r\n<p>Assurez-vous d&#8217;inclure votre nom qui figurait sur la commande ou votre num\u00e9ro d&#8217;identification de commande.<\/p>\r\n<h4>Pour les achats d\u2019adh\u00e9sions\u00a0:<\/h4>\r\n<p>Les frais mensuels d&#8217;adh\u00e9sion \u00e0 LiveGood peuvent \u00eatre rembours\u00e9s jusqu&#8217;\u00e0 7 jours \u00e0 compter de la date de facturation si aucun achat de produit n&#8217;a \u00e9t\u00e9 utilis\u00e9 avec l&#8217;adh\u00e9sion.<\/p>\r\n<p>Les frais d&#8217;adh\u00e9sion annuels \u00e0 LiveGood seront rembours\u00e9s \u00e0 100 % sur demande dans les 7 jours s&#8217;ils ne sont jamais utilis\u00e9s, et \u00e0 50 % sur demande dans les 90 jours. Apr\u00e8s 90 jours, aucun remboursement ne sera accord\u00e9.<\/p>\r\n<p>Pour demander le remboursement d&#8217;un abonnement LiveGood, envoyez simplement un e-mail \u00e0\u00a0\u00a0<a href=\"mailto:support@livegood.com\">support@livegood.com<\/a>\u00a0\u00a0avec le nom et\/ou le num\u00e9ro d&#8217;identification du compte.<\/p>\r\n<h4>Pour les frais d\u2019adh\u00e9sion des affili\u00e9s\u00a0:<\/h4>\r\n<p>Les frais d\u2019adh\u00e9sion \u00e0 LiveGood Affiliate peuvent \u00eatre rembours\u00e9s sur demande dans les 7 jours suivant l\u2019adh\u00e9sion.<\/p>\r\n<\/div>\r\n<\/div>\r\n<\/div>\r\n","protected":false},"excerpt":{"rendered":"<p>Politique de remboursement Pour les achats de produits\u00a0: Tous les produits LiveGood b\u00e9n\u00e9ficient d&#8217;une garantie bouteille vide de 90 jours. Si, pour quelque raison que ce soit, vous n&#8217;\u00eates pas satisfait \u00e0 100\u00a0% de l&#8217;un de nos produits, renvoyez simplement la portion inutilis\u00e9e ou la bouteille vide \u00e0\u00a0: LiveGood Returns1201 Jupiter Park Dr.Unit 5Jupiter, Fl [&hellip;]<\/p>\n","protected":false},"author":1,"featured_media":2092,"parent":0,"menu_order":0,"comment_status":"closed","ping_status":"closed","template":"","meta":{"footnotes":""},"class_list":["post-1732","page","type-page","status-publish","has-post-thumbnail","hentry"],"yoast_head":"<!-- This site is optimized with the Yoast SEO Premium plugin v20.6 (Yoast SEO v21.8.1) - https:\/\/yoast.com\/wordpress\/plugins\/seo\/ -->\n<title>Politique de remboursement et de retour - LiveGooD Shop<\/title>\n<meta name=\"description\" content=\"Produits LiveGood b\u00e9n\u00e9ficient d&#039;une garantie de 90 jours. Si vous n&#039;\u00eates pas satisfait, retournez la portion inutilis\u00e9e ou la bouteille vide.\" \/>\n<meta name=\"robots\" content=\"index, follow, max-snippet:-1, max-image-preview:large, max-video-preview:-1\" \/>\n<link rel=\"canonical\" href=\"https:\/\/livegood.network\/shop\/fr-fr\/refund-and-returns-policy-fr-fr\/\" \/>\n<meta property=\"og:locale\" content=\"en_US\" \/>\n<meta property=\"og:type\" content=\"article\" \/>\n<meta property=\"og:title\" content=\"Politique de remboursement et de retour\" \/>\n<meta property=\"og:description\" content=\"Produits LiveGood b\u00e9n\u00e9ficient d&#039;une garantie de 90 jours. Si vous n&#039;\u00eates pas satisfait, retournez la portion inutilis\u00e9e ou la bouteille vide.\" \/>\n<meta property=\"og:url\" content=\"https:\/\/livegood.network\/shop\/fr-fr\/refund-and-returns-policy-fr-fr\/\" \/>\n<meta property=\"article:publisher\" content=\"https:\/\/www.facebook.com\/livegoodhello\" \/>\n<meta property=\"article:modified_time\" content=\"2024-02-08T17:47:40+00:00\" \/>\n<meta property=\"og:image\" content=\"https:\/\/livegood.network\/shop\/wp-content\/uploads\/2024\/02\/LiveGooD-Shop-Refund-page-cover-France.jpg\" \/>\n\t<meta property=\"og:image:width\" content=\"269\" \/>\n\t<meta property=\"og:image:height\" content=\"259\" \/>\n\t<meta property=\"og:image:type\" content=\"image\/jpeg\" \/>\n<meta name=\"twitter:card\" content=\"summary_large_image\" \/>\n<meta name=\"twitter:label1\" content=\"Est. reading time\" \/>\n\t<meta name=\"twitter:data1\" content=\"1 minute\" \/>\n<script type=\"application\/ld+json\" class=\"yoast-schema-graph\">{\"@context\":\"https:\/\/schema.org\",\"@graph\":[{\"@type\":\"WebPage\",\"@id\":\"https:\/\/livegood.network\/shop\/fr-fr\/refund-and-returns-policy-fr-fr\/\",\"url\":\"https:\/\/livegood.network\/shop\/fr-fr\/refund-and-returns-policy-fr-fr\/\",\"name\":\"Politique de remboursement et de retour - LiveGooD Shop\",\"isPartOf\":{\"@id\":\"https:\/\/livegood.network\/shop\/#website\"},\"datePublished\":\"2024-02-05T17:31:38+00:00\",\"dateModified\":\"2024-02-08T17:47:40+00:00\",\"description\":\"Produits LiveGood b\u00e9n\u00e9ficient d'une garantie de 90 jours. Si vous n'\u00eates pas satisfait, retournez la portion inutilis\u00e9e ou la bouteille vide.\",\"breadcrumb\":{\"@id\":\"https:\/\/livegood.network\/shop\/fr-fr\/refund-and-returns-policy-fr-fr\/#breadcrumb\"},\"inLanguage\":\"en-US\",\"potentialAction\":[{\"@type\":\"ReadAction\",\"target\":[\"https:\/\/livegood.network\/shop\/fr-fr\/refund-and-returns-policy-fr-fr\/\"]}]},{\"@type\":\"BreadcrumbList\",\"@id\":\"https:\/\/livegood.network\/shop\/fr-fr\/refund-and-returns-policy-fr-fr\/#breadcrumb\",\"itemListElement\":[{\"@type\":\"ListItem\",\"position\":1,\"name\":\"Home\",\"item\":\"https:\/\/livegood.network\/shop\/pt-br\/\"},{\"@type\":\"ListItem\",\"position\":2,\"name\":\"Politique de remboursement et de retour\"}]},{\"@type\":\"WebSite\",\"@id\":\"https:\/\/livegood.network\/shop\/#website\",\"url\":\"https:\/\/livegood.network\/shop\/\",\"name\":\"LiveGooD Shop\",\"description\":\"\",\"publisher\":{\"@id\":\"https:\/\/livegood.network\/shop\/#organization\"},\"potentialAction\":[{\"@type\":\"SearchAction\",\"target\":{\"@type\":\"EntryPoint\",\"urlTemplate\":\"https:\/\/livegood.network\/shop\/?s={search_term_string}\"},\"query-input\":\"required name=search_term_string\"}],\"inLanguage\":\"en-US\"},{\"@type\":\"Organization\",\"@id\":\"https:\/\/livegood.network\/shop\/#organization\",\"name\":\"LiveGooD\",\"url\":\"https:\/\/livegood.network\/shop\/\",\"logo\":{\"@type\":\"ImageObject\",\"inLanguage\":\"en-US\",\"@id\":\"https:\/\/livegood.network\/shop\/#\/schema\/logo\/image\/\",\"url\":\"https:\/\/livegood.network\/shop\/wp-content\/uploads\/2024\/01\/logo-livegood-shop-main.png\",\"contentUrl\":\"https:\/\/livegood.network\/shop\/wp-content\/uploads\/2024\/01\/logo-livegood-shop-main.png\",\"width\":373,\"height\":115,\"caption\":\"LiveGooD\"},\"image\":{\"@id\":\"https:\/\/livegood.network\/shop\/#\/schema\/logo\/image\/\"},\"sameAs\":[\"https:\/\/www.facebook.com\/livegoodhello\"]}]}<\/script>\n<!-- \/ Yoast SEO Premium plugin. -->","yoast_head_json":{"title":"Politique de remboursement et de retour - LiveGooD Shop","description":"Produits LiveGood b\u00e9n\u00e9ficient d'une garantie de 90 jours. Si vous n'\u00eates pas satisfait, retournez la portion inutilis\u00e9e ou la bouteille vide.","robots":{"index":"index","follow":"follow","max-snippet":"max-snippet:-1","max-image-preview":"max-image-preview:large","max-video-preview":"max-video-preview:-1"},"canonical":"https:\/\/livegood.network\/shop\/fr-fr\/refund-and-returns-policy-fr-fr\/","og_locale":"en_US","og_type":"article","og_title":"Politique de remboursement et de retour","og_description":"Produits LiveGood b\u00e9n\u00e9ficient d'une garantie de 90 jours. Si vous n'\u00eates pas satisfait, retournez la portion inutilis\u00e9e ou la bouteille vide.","og_url":"https:\/\/livegood.network\/shop\/fr-fr\/refund-and-returns-policy-fr-fr\/","article_publisher":"https:\/\/www.facebook.com\/livegoodhello","article_modified_time":"2024-02-08T17:47:40+00:00","og_image":[{"width":269,"height":259,"url":"https:\/\/livegood.network\/shop\/wp-content\/uploads\/2024\/02\/LiveGooD-Shop-Refund-page-cover-France.jpg","type":"image\/jpeg"}],"twitter_card":"summary_large_image","twitter_misc":{"Est. reading time":"1 minute"},"schema":{"@context":"https:\/\/schema.org","@graph":[{"@type":"WebPage","@id":"https:\/\/livegood.network\/shop\/fr-fr\/refund-and-returns-policy-fr-fr\/","url":"https:\/\/livegood.network\/shop\/fr-fr\/refund-and-returns-policy-fr-fr\/","name":"Politique de remboursement et de retour - LiveGooD Shop","isPartOf":{"@id":"https:\/\/livegood.network\/shop\/#website"},"datePublished":"2024-02-05T17:31:38+00:00","dateModified":"2024-02-08T17:47:40+00:00","description":"Produits LiveGood b\u00e9n\u00e9ficient d'une garantie de 90 jours. Si vous n'\u00eates pas satisfait, retournez la portion inutilis\u00e9e ou la bouteille vide.","breadcrumb":{"@id":"https:\/\/livegood.network\/shop\/fr-fr\/refund-and-returns-policy-fr-fr\/#breadcrumb"},"inLanguage":"en-US","potentialAction":[{"@type":"ReadAction","target":["https:\/\/livegood.network\/shop\/fr-fr\/refund-and-returns-policy-fr-fr\/"]}]},{"@type":"BreadcrumbList","@id":"https:\/\/livegood.network\/shop\/fr-fr\/refund-and-returns-policy-fr-fr\/#breadcrumb","itemListElement":[{"@type":"ListItem","position":1,"name":"Home","item":"https:\/\/livegood.network\/shop\/pt-br\/"},{"@type":"ListItem","position":2,"name":"Politique de remboursement et de retour"}]},{"@type":"WebSite","@id":"https:\/\/livegood.network\/shop\/#website","url":"https:\/\/livegood.network\/shop\/","name":"LiveGooD Shop","description":"","publisher":{"@id":"https:\/\/livegood.network\/shop\/#organization"},"potentialAction":[{"@type":"SearchAction","target":{"@type":"EntryPoint","urlTemplate":"https:\/\/livegood.network\/shop\/?s={search_term_string}"},"query-input":"required name=search_term_string"}],"inLanguage":"en-US"},{"@type":"Organization","@id":"https:\/\/livegood.network\/shop\/#organization","name":"LiveGooD","url":"https:\/\/livegood.network\/shop\/","logo":{"@type":"ImageObject","inLanguage":"en-US","@id":"https:\/\/livegood.network\/shop\/#\/schema\/logo\/image\/","url":"https:\/\/livegood.network\/shop\/wp-content\/uploads\/2024\/01\/logo-livegood-shop-main.png","contentUrl":"https:\/\/livegood.network\/shop\/wp-content\/uploads\/2024\/01\/logo-livegood-shop-main.png","width":373,"height":115,"caption":"LiveGooD"},"image":{"@id":"https:\/\/livegood.network\/shop\/#\/schema\/logo\/image\/"},"sameAs":["https:\/\/www.facebook.com\/livegoodhello"]}]}},"lang":"fr-fr","translations":{"fr-fr":1732,"en-us":12,"es-es":1725,"pt-br":1733,"pt-pt":1754,"vi":1735,"ru-ru":1736,"ko":1738},"pll_sync_post":[],"_links":{"self":[{"href":"https:\/\/livegood.network\/shop\/wp-json\/wp\/v2\/pages\/1732","targetHints":{"allow":["GET"]}}],"collection":[{"href":"https:\/\/livegood.network\/shop\/wp-json\/wp\/v2\/pages"}],"about":[{"href":"https:\/\/livegood.network\/shop\/wp-json\/wp\/v2\/types\/page"}],"author":[{"embeddable":true,"href":"https:\/\/livegood.network\/shop\/wp-json\/wp\/v2\/users\/1"}],"replies":[{"embeddable":true,"href":"https:\/\/livegood.network\/shop\/wp-json\/wp\/v2\/comments?post=1732"}],"version-history":[{"count":3,"href":"https:\/\/livegood.network\/shop\/wp-json\/wp\/v2\/pages\/1732\/revisions"}],"predecessor-version":[{"id":2113,"href":"https:\/\/livegood.network\/shop\/wp-json\/wp\/v2\/pages\/1732\/revisions\/2113"}],"wp:featuredmedia":[{"embeddable":true,"href":"https:\/\/livegood.network\/shop\/wp-json\/wp\/v2\/media\/2092"}],"wp:attachment":[{"href":"https:\/\/livegood.network\/shop\/wp-json\/wp\/v2\/media?parent=1732"}],"curies":[{"name":"wp","href":"https:\/\/api.w.org\/{rel}","templated":true}]}}