{"id":1735,"date":"2024-02-05T17:27:09","date_gmt":"2024-02-05T17:27:09","guid":{"rendered":"https:\/\/livegood.network\/shop\/?page_id=1735"},"modified":"2024-02-08T17:56:27","modified_gmt":"2024-02-08T17:56:27","slug":"refund-and-returns-policy-vi","status":"publish","type":"page","link":"https:\/\/livegood.network\/shop\/vi\/refund-and-returns-policy-vi\/","title":{"rendered":"Ch\u00ednh s\u00e1ch ho\u00e0n ti\u1ec1n v\u00e0 tr\u1ea3 l\u1ea1i"},"content":{"rendered":"\r\n<div class=\"container\">\r\n<div class=\"commn_hdr\">\r\n<div class=\"container\">\r\n<div class=\"commn_hdr\">\r\n<h2>Ch\u00ednh s\u00e1ch ho\u00e0n ti\u1ec1n<\/h2>\r\n<\/div>\r\n<\/div>\r\n<div class=\"container\">\r\n<h4>\u0110\u1ed1i v\u1edbi vi\u1ec7c mua s\u1ea3n ph\u1ea9m:<\/h4>\r\n<p>T\u1ea5t c\u1ea3 c\u00e1c s\u1ea3n ph\u1ea9m LiveGood \u0111\u1ec1u \u0111\u01b0\u1ee3c b\u1ea3o h\u00e0nh chai r\u1ed7ng trong 90 ng\u00e0y. N\u1ebfu b\u1ea1n kh\u00f4ng h\u00e0i l\u00f2ng 100% v\u1edbi b\u1ea5t k\u1ef3 s\u1ea3n ph\u1ea9m n\u00e0o c\u1ee7a ch\u00fang t\u00f4i v\u00ec b\u1ea5t k\u1ef3 l\u00fd do g\u00ec, b\u1ea1n ch\u1ec9 c\u1ea7n g\u1eedi l\u1ea1i ph\u1ea7n ch\u01b0a s\u1eed d\u1ee5ng ho\u1eb7c chai r\u1ed7ng t\u1edbi:<\/p>\r\n<blockquote>\r\n<p>LiveGood Returns<br \/>1201 Jupiter Park Dr.<br \/>Unit 5<br \/>Jupiter, Fl 33458<\/p>\r\n<\/blockquote>\r\n<p>\u0110\u1ea3m b\u1ea3o bao g\u1ed3m t\u00ean c\u1ee7a b\u1ea1n c\u00f3 trong \u0111\u01a1n \u0111\u1eb7t h\u00e0ng ho\u1eb7c s\u1ed1 ID \u0111\u01a1n h\u00e0ng c\u1ee7a b\u1ea1n.<\/p>\r\n<h4>\u0110\u1ed1i v\u1edbi vi\u1ec7c mua th\u00e0nh vi\u00ean:<\/h4>\r\n<p>Ph\u00ed th\u00e0nh vi\u00ean h\u00e0ng th\u00e1ng c\u1ee7a LiveGood c\u00f3 th\u1ec3 \u0111\u01b0\u1ee3c ho\u00e0n l\u1ea1i t\u1ed1i \u0111a 7 ng\u00e0y k\u1ec3 t\u1eeb ng\u00e0y t\u00ednh ph\u00ed n\u1ebfu kh\u00f4ng mua s\u1ea3n ph\u1ea9m n\u00e0o \u0111\u01b0\u1ee3c s\u1eed d\u1ee5ng v\u1edbi t\u01b0 c\u00e1ch th\u00e0nh vi\u00ean.<\/p>\r\n<p>Ph\u00ed th\u00e0nh vi\u00ean h\u00e0ng n\u0103m c\u1ee7a LiveGood s\u1ebd \u0111\u01b0\u1ee3c ho\u00e0n l\u1ea1i 100% n\u1ebfu \u0111\u01b0\u1ee3c y\u00eau c\u1ea7u trong v\u00f2ng 7 ng\u00e0y n\u1ebfu kh\u00f4ng bao gi\u1edd s\u1eed d\u1ee5ng v\u00e0 50% n\u1ebfu \u0111\u01b0\u1ee3c y\u00eau c\u1ea7u trong v\u00f2ng 90 ng\u00e0y. Sau 90 ng\u00e0y, s\u1ebd kh\u00f4ng \u0111\u01b0\u1ee3c ho\u00e0n l\u1ea1i ti\u1ec1n.<\/p>\r\n<p>\u0110\u1ec3 y\u00eau c\u1ea7u ho\u00e0n l\u1ea1i ti\u1ec1n t\u01b0 c\u00e1ch th\u00e0nh vi\u00ean LiveGood, ch\u1ec9 c\u1ea7n g\u1eedi email \u0111\u1ebfn\u00a0\u00a0<a href=\"mailto:support@livegood.com\">support@livegood.com<\/a>\u00a0\u00a0k\u00e8m theo t\u00ean v\u00e0\/ho\u1eb7c s\u1ed1 ID tr\u00ean t\u00e0i kho\u1ea3n.<\/p>\r\n<h4>\u0110\u1ed1i v\u1edbi ph\u00ed tham gia li\u00ean k\u1ebft:<\/h4>\r\n<p>Ph\u00ed tham gia Li\u00ean k\u1ebft LiveGood c\u00f3 th\u1ec3 \u0111\u01b0\u1ee3c ho\u00e0n l\u1ea1i n\u1ebfu \u0111\u01b0\u1ee3c y\u00eau c\u1ea7u trong v\u00f2ng 7 ng\u00e0y k\u1ec3 t\u1eeb ng\u00e0y tham gia.<\/p>\r\n<\/div>\r\n<\/div>\r\n<\/div>\r\n","protected":false},"excerpt":{"rendered":"<p>Ch\u00ednh s\u00e1ch ho\u00e0n ti\u1ec1n \u0110\u1ed1i v\u1edbi vi\u1ec7c mua s\u1ea3n ph\u1ea9m: T\u1ea5t c\u1ea3 c\u00e1c s\u1ea3n ph\u1ea9m LiveGood \u0111\u1ec1u \u0111\u01b0\u1ee3c b\u1ea3o h\u00e0nh chai r\u1ed7ng trong 90 ng\u00e0y. N\u1ebfu b\u1ea1n kh\u00f4ng h\u00e0i l\u00f2ng 100% v\u1edbi b\u1ea5t k\u1ef3 s\u1ea3n ph\u1ea9m n\u00e0o c\u1ee7a ch\u00fang t\u00f4i v\u00ec b\u1ea5t k\u1ef3 l\u00fd do g\u00ec, b\u1ea1n ch\u1ec9 c\u1ea7n g\u1eedi l\u1ea1i ph\u1ea7n ch\u01b0a s\u1eed d\u1ee5ng [&hellip;]<\/p>\n","protected":false},"author":1,"featured_media":2107,"parent":0,"menu_order":0,"comment_status":"closed","ping_status":"closed","template":"","meta":{"footnotes":""},"class_list":["post-1735","page","type-page","status-publish","has-post-thumbnail","hentry"],"yoast_head":"<!-- This site is optimized with the Yoast SEO Premium plugin v20.6 (Yoast SEO v21.8.1) - https:\/\/yoast.com\/wordpress\/plugins\/seo\/ -->\n<title>Ch\u00ednh s\u00e1ch ho\u00e0n ti\u1ec1n v\u00e0 tr\u1ea3 l\u1ea1i - LiveGooD Shop<\/title>\n<meta name=\"description\" content=\"T\u1ea5t c\u1ea3 c\u00e1c s\u1ea3n ph\u1ea9m LiveGooD \u0111\u1ec1u \u0111\u01b0\u1ee3c b\u1ea3o h\u00e0nh 90 ng\u00e0y. N\u1ebfu b\u1ea1n kh\u00f4ng h\u00e0i l\u00f2ng, ch\u1ec9 c\u1ea7n tr\u1ea3 l\u1ea1i ph\u1ea7n ch\u01b0a s\u1eed d\u1ee5ng ho\u1eb7c chai r\u1ed7ng\" \/>\n<meta name=\"robots\" content=\"index, follow, max-snippet:-1, max-image-preview:large, max-video-preview:-1\" \/>\n<link rel=\"canonical\" href=\"https:\/\/livegood.network\/shop\/vi\/refund-and-returns-policy-vi\/\" \/>\n<meta property=\"og:locale\" content=\"en_US\" \/>\n<meta property=\"og:type\" content=\"article\" \/>\n<meta property=\"og:title\" content=\"Ch\u00ednh s\u00e1ch ho\u00e0n ti\u1ec1n v\u00e0 tr\u1ea3 l\u1ea1i\" \/>\n<meta property=\"og:description\" content=\"T\u1ea5t c\u1ea3 c\u00e1c s\u1ea3n ph\u1ea9m LiveGooD \u0111\u1ec1u \u0111\u01b0\u1ee3c b\u1ea3o h\u00e0nh 90 ng\u00e0y. N\u1ebfu b\u1ea1n kh\u00f4ng h\u00e0i l\u00f2ng, ch\u1ec9 c\u1ea7n tr\u1ea3 l\u1ea1i ph\u1ea7n ch\u01b0a s\u1eed d\u1ee5ng ho\u1eb7c chai r\u1ed7ng\" \/>\n<meta property=\"og:url\" content=\"https:\/\/livegood.network\/shop\/vi\/refund-and-returns-policy-vi\/\" \/>\n<meta property=\"article:publisher\" content=\"https:\/\/www.facebook.com\/livegoodhello\" \/>\n<meta property=\"article:modified_time\" content=\"2024-02-08T17:56:27+00:00\" \/>\n<meta property=\"og:image\" content=\"https:\/\/livegood.network\/shop\/wp-content\/uploads\/2024\/02\/LiveGooD-Shop-Refund-page-cover-Vietnam.jpg\" \/>\n\t<meta property=\"og:image:width\" content=\"269\" \/>\n\t<meta property=\"og:image:height\" content=\"259\" \/>\n\t<meta property=\"og:image:type\" content=\"image\/jpeg\" \/>\n<meta name=\"twitter:card\" content=\"summary_large_image\" \/>\n<meta name=\"twitter:label1\" content=\"Est. reading time\" \/>\n\t<meta name=\"twitter:data1\" content=\"2 minutes\" \/>\n<script type=\"application\/ld+json\" class=\"yoast-schema-graph\">{\"@context\":\"https:\/\/schema.org\",\"@graph\":[{\"@type\":\"WebPage\",\"@id\":\"https:\/\/livegood.network\/shop\/vi\/refund-and-returns-policy-vi\/\",\"url\":\"https:\/\/livegood.network\/shop\/vi\/refund-and-returns-policy-vi\/\",\"name\":\"Ch\u00ednh s\u00e1ch ho\u00e0n ti\u1ec1n v\u00e0 tr\u1ea3 l\u1ea1i - LiveGooD Shop\",\"isPartOf\":{\"@id\":\"https:\/\/livegood.network\/shop\/#website\"},\"datePublished\":\"2024-02-05T17:27:09+00:00\",\"dateModified\":\"2024-02-08T17:56:27+00:00\",\"description\":\"T\u1ea5t c\u1ea3 c\u00e1c s\u1ea3n ph\u1ea9m LiveGooD \u0111\u1ec1u \u0111\u01b0\u1ee3c b\u1ea3o h\u00e0nh 90 ng\u00e0y. N\u1ebfu b\u1ea1n kh\u00f4ng h\u00e0i l\u00f2ng, ch\u1ec9 c\u1ea7n tr\u1ea3 l\u1ea1i ph\u1ea7n ch\u01b0a s\u1eed d\u1ee5ng ho\u1eb7c chai r\u1ed7ng\",\"breadcrumb\":{\"@id\":\"https:\/\/livegood.network\/shop\/vi\/refund-and-returns-policy-vi\/#breadcrumb\"},\"inLanguage\":\"en-US\",\"potentialAction\":[{\"@type\":\"ReadAction\",\"target\":[\"https:\/\/livegood.network\/shop\/vi\/refund-and-returns-policy-vi\/\"]}]},{\"@type\":\"BreadcrumbList\",\"@id\":\"https:\/\/livegood.network\/shop\/vi\/refund-and-returns-policy-vi\/#breadcrumb\",\"itemListElement\":[{\"@type\":\"ListItem\",\"position\":1,\"name\":\"Home\",\"item\":\"https:\/\/livegood.network\/shop\/pt-br\/\"},{\"@type\":\"ListItem\",\"position\":2,\"name\":\"Ch\u00ednh s\u00e1ch ho\u00e0n ti\u1ec1n v\u00e0 tr\u1ea3 l\u1ea1i\"}]},{\"@type\":\"WebSite\",\"@id\":\"https:\/\/livegood.network\/shop\/#website\",\"url\":\"https:\/\/livegood.network\/shop\/\",\"name\":\"LiveGooD Shop\",\"description\":\"\",\"publisher\":{\"@id\":\"https:\/\/livegood.network\/shop\/#organization\"},\"potentialAction\":[{\"@type\":\"SearchAction\",\"target\":{\"@type\":\"EntryPoint\",\"urlTemplate\":\"https:\/\/livegood.network\/shop\/?s={search_term_string}\"},\"query-input\":\"required name=search_term_string\"}],\"inLanguage\":\"en-US\"},{\"@type\":\"Organization\",\"@id\":\"https:\/\/livegood.network\/shop\/#organization\",\"name\":\"LiveGooD\",\"url\":\"https:\/\/livegood.network\/shop\/\",\"logo\":{\"@type\":\"ImageObject\",\"inLanguage\":\"en-US\",\"@id\":\"https:\/\/livegood.network\/shop\/#\/schema\/logo\/image\/\",\"url\":\"https:\/\/livegood.network\/shop\/wp-content\/uploads\/2024\/01\/logo-livegood-shop-main.png\",\"contentUrl\":\"https:\/\/livegood.network\/shop\/wp-content\/uploads\/2024\/01\/logo-livegood-shop-main.png\",\"width\":373,\"height\":115,\"caption\":\"LiveGooD\"},\"image\":{\"@id\":\"https:\/\/livegood.network\/shop\/#\/schema\/logo\/image\/\"},\"sameAs\":[\"https:\/\/www.facebook.com\/livegoodhello\"]}]}<\/script>\n<!-- \/ Yoast SEO Premium plugin. -->","yoast_head_json":{"title":"Ch\u00ednh s\u00e1ch ho\u00e0n ti\u1ec1n v\u00e0 tr\u1ea3 l\u1ea1i - LiveGooD Shop","description":"T\u1ea5t c\u1ea3 c\u00e1c s\u1ea3n ph\u1ea9m LiveGooD \u0111\u1ec1u \u0111\u01b0\u1ee3c b\u1ea3o h\u00e0nh 90 ng\u00e0y. N\u1ebfu b\u1ea1n kh\u00f4ng h\u00e0i l\u00f2ng, ch\u1ec9 c\u1ea7n tr\u1ea3 l\u1ea1i ph\u1ea7n ch\u01b0a s\u1eed d\u1ee5ng ho\u1eb7c chai r\u1ed7ng","robots":{"index":"index","follow":"follow","max-snippet":"max-snippet:-1","max-image-preview":"max-image-preview:large","max-video-preview":"max-video-preview:-1"},"canonical":"https:\/\/livegood.network\/shop\/vi\/refund-and-returns-policy-vi\/","og_locale":"en_US","og_type":"article","og_title":"Ch\u00ednh s\u00e1ch ho\u00e0n ti\u1ec1n v\u00e0 tr\u1ea3 l\u1ea1i","og_description":"T\u1ea5t c\u1ea3 c\u00e1c s\u1ea3n ph\u1ea9m LiveGooD \u0111\u1ec1u \u0111\u01b0\u1ee3c b\u1ea3o h\u00e0nh 90 ng\u00e0y. N\u1ebfu b\u1ea1n kh\u00f4ng h\u00e0i l\u00f2ng, ch\u1ec9 c\u1ea7n tr\u1ea3 l\u1ea1i ph\u1ea7n ch\u01b0a s\u1eed d\u1ee5ng ho\u1eb7c chai r\u1ed7ng","og_url":"https:\/\/livegood.network\/shop\/vi\/refund-and-returns-policy-vi\/","article_publisher":"https:\/\/www.facebook.com\/livegoodhello","article_modified_time":"2024-02-08T17:56:27+00:00","og_image":[{"width":269,"height":259,"url":"https:\/\/livegood.network\/shop\/wp-content\/uploads\/2024\/02\/LiveGooD-Shop-Refund-page-cover-Vietnam.jpg","type":"image\/jpeg"}],"twitter_card":"summary_large_image","twitter_misc":{"Est. reading time":"2 minutes"},"schema":{"@context":"https:\/\/schema.org","@graph":[{"@type":"WebPage","@id":"https:\/\/livegood.network\/shop\/vi\/refund-and-returns-policy-vi\/","url":"https:\/\/livegood.network\/shop\/vi\/refund-and-returns-policy-vi\/","name":"Ch\u00ednh s\u00e1ch ho\u00e0n ti\u1ec1n v\u00e0 tr\u1ea3 l\u1ea1i - LiveGooD Shop","isPartOf":{"@id":"https:\/\/livegood.network\/shop\/#website"},"datePublished":"2024-02-05T17:27:09+00:00","dateModified":"2024-02-08T17:56:27+00:00","description":"T\u1ea5t c\u1ea3 c\u00e1c s\u1ea3n ph\u1ea9m LiveGooD \u0111\u1ec1u \u0111\u01b0\u1ee3c b\u1ea3o h\u00e0nh 90 ng\u00e0y. N\u1ebfu b\u1ea1n kh\u00f4ng h\u00e0i l\u00f2ng, ch\u1ec9 c\u1ea7n tr\u1ea3 l\u1ea1i ph\u1ea7n ch\u01b0a s\u1eed d\u1ee5ng ho\u1eb7c chai r\u1ed7ng","breadcrumb":{"@id":"https:\/\/livegood.network\/shop\/vi\/refund-and-returns-policy-vi\/#breadcrumb"},"inLanguage":"en-US","potentialAction":[{"@type":"ReadAction","target":["https:\/\/livegood.network\/shop\/vi\/refund-and-returns-policy-vi\/"]}]},{"@type":"BreadcrumbList","@id":"https:\/\/livegood.network\/shop\/vi\/refund-and-returns-policy-vi\/#breadcrumb","itemListElement":[{"@type":"ListItem","position":1,"name":"Home","item":"https:\/\/livegood.network\/shop\/pt-br\/"},{"@type":"ListItem","position":2,"name":"Ch\u00ednh s\u00e1ch ho\u00e0n ti\u1ec1n v\u00e0 tr\u1ea3 l\u1ea1i"}]},{"@type":"WebSite","@id":"https:\/\/livegood.network\/shop\/#website","url":"https:\/\/livegood.network\/shop\/","name":"LiveGooD Shop","description":"","publisher":{"@id":"https:\/\/livegood.network\/shop\/#organization"},"potentialAction":[{"@type":"SearchAction","target":{"@type":"EntryPoint","urlTemplate":"https:\/\/livegood.network\/shop\/?s={search_term_string}"},"query-input":"required name=search_term_string"}],"inLanguage":"en-US"},{"@type":"Organization","@id":"https:\/\/livegood.network\/shop\/#organization","name":"LiveGooD","url":"https:\/\/livegood.network\/shop\/","logo":{"@type":"ImageObject","inLanguage":"en-US","@id":"https:\/\/livegood.network\/shop\/#\/schema\/logo\/image\/","url":"https:\/\/livegood.network\/shop\/wp-content\/uploads\/2024\/01\/logo-livegood-shop-main.png","contentUrl":"https:\/\/livegood.network\/shop\/wp-content\/uploads\/2024\/01\/logo-livegood-shop-main.png","width":373,"height":115,"caption":"LiveGooD"},"image":{"@id":"https:\/\/livegood.network\/shop\/#\/schema\/logo\/image\/"},"sameAs":["https:\/\/www.facebook.com\/livegoodhello"]}]}},"lang":"vi","translations":{"vi":1735,"fr-fr":1732,"en-us":12,"es-es":1725,"pt-br":1733,"pt-pt":1754,"ru-ru":1736,"ko":1738},"pll_sync_post":[],"_links":{"self":[{"href":"https:\/\/livegood.network\/shop\/wp-json\/wp\/v2\/pages\/1735","targetHints":{"allow":["GET"]}}],"collection":[{"href":"https:\/\/livegood.network\/shop\/wp-json\/wp\/v2\/pages"}],"about":[{"href":"https:\/\/livegood.network\/shop\/wp-json\/wp\/v2\/types\/page"}],"author":[{"embeddable":true,"href":"https:\/\/livegood.network\/shop\/wp-json\/wp\/v2\/users\/1"}],"replies":[{"embeddable":true,"href":"https:\/\/livegood.network\/shop\/wp-json\/wp\/v2\/comments?post=1735"}],"version-history":[{"count":3,"href":"https:\/\/livegood.network\/shop\/wp-json\/wp\/v2\/pages\/1735\/revisions"}],"predecessor-version":[{"id":2121,"href":"https:\/\/livegood.network\/shop\/wp-json\/wp\/v2\/pages\/1735\/revisions\/2121"}],"wp:featuredmedia":[{"embeddable":true,"href":"https:\/\/livegood.network\/shop\/wp-json\/wp\/v2\/media\/2107"}],"wp:attachment":[{"href":"https:\/\/livegood.network\/shop\/wp-json\/wp\/v2\/media?parent=1735"}],"curies":[{"name":"wp","href":"https:\/\/api.w.org\/{rel}","templated":true}]}}