{"id":1754,"date":"2024-02-05T17:29:16","date_gmt":"2024-02-05T17:29:16","guid":{"rendered":"https:\/\/livegood.network\/shop\/?page_id=1754"},"modified":"2024-02-08T17:48:25","modified_gmt":"2024-02-08T17:48:25","slug":"refund-and-returns-policy-pt-pt","status":"publish","type":"page","link":"https:\/\/livegood.network\/shop\/pt-pt\/refund-and-returns-policy-pt-pt\/","title":{"rendered":"Pol\u00edtica de Reembolso e Devolu\u00e7\u00f5es"},"content":{"rendered":"\r\n<div class=\"container\">\r\n<div class=\"commn_hdr\">\r\n<div class=\"container\">\r\n<div class=\"commn_hdr\">\r\n<h2>Politica de reembolso<\/h2>\r\n<\/div>\r\n<\/div>\r\n<div class=\"container\">\r\n<h4>Para compras de produtos:<\/h4>\r\n<p>Todos os produtos LiveGood t\u00eam garantia de 90 dias para garrafas vazias. Se voc\u00ea n\u00e3o estiver 100% satisfeito com algum de nossos produtos por qualquer motivo, basta devolver a por\u00e7\u00e3o n\u00e3o utilizada ou a garrafa vazia para:<\/p>\r\n<blockquote>\r\n<p>LiveGood Returns<br \/>1201 Jupiter Park Dr.<br \/>Unit 5<br \/>Jupiter, Fl 33458<\/p>\r\n<\/blockquote>\r\n<p>Certifique-se de incluir o seu nome que estava no pedido ou o n\u00famero de identifica\u00e7\u00e3o do pedido.<\/p>\r\n<h4>Para compras de assinaturas:<\/h4>\r\n<p>As cobran\u00e7as mensais da assinatura LiveGood podem ser reembolsadas em at\u00e9 7 dias a partir da data da cobran\u00e7a, se n\u00e3o houver compras de produtos usados \u200b\u200bcom a assinatura.<\/p>\r\n<p>As taxas anuais de assinatura do LiveGood ser\u00e3o reembolsadas em 100% se solicitadas dentro de 7 dias, se nunca usadas, e 50% se solicitadas dentro de 90 dias. Ap\u00f3s 90 dias, nenhum reembolso ser\u00e1 concedido.<\/p>\r\n<p>Para solicitar o reembolso de uma assinatura LiveGood, basta enviar um e-mail para\u00a0\u00a0<a href=\"mailto:support@livegood.com\">support@livegood.com<\/a>\u00a0\u00a0com o nome e\/ou n\u00famero de identifica\u00e7\u00e3o da conta.<\/p>\r\n<h4>Para taxas de ades\u00e3o de afiliados:<\/h4>\r\n<p>As taxas de ades\u00e3o do afiliado LiveGood podem ser reembolsadas se solicitadas no prazo de 7 dias ap\u00f3s a ades\u00e3o.<\/p>\r\n<\/div>\r\n<\/div>\r\n<\/div>\r\n","protected":false},"excerpt":{"rendered":"<p>Politica de reembolso Para compras de produtos: Todos os produtos LiveGood t\u00eam garantia de 90 dias para garrafas vazias. Se voc\u00ea n\u00e3o estiver 100% satisfeito com algum de nossos produtos por qualquer motivo, basta devolver a por\u00e7\u00e3o n\u00e3o utilizada ou a garrafa vazia para: LiveGood Returns1201 Jupiter Park Dr.Unit 5Jupiter, Fl 33458 Certifique-se de incluir [&hellip;]<\/p>\n","protected":false},"author":1,"featured_media":2098,"parent":0,"menu_order":0,"comment_status":"closed","ping_status":"closed","template":"","meta":{"footnotes":""},"class_list":["post-1754","page","type-page","status-publish","has-post-thumbnail","hentry"],"yoast_head":"<!-- This site is optimized with the Yoast SEO Premium plugin v20.6 (Yoast SEO v21.8.1) - https:\/\/yoast.com\/wordpress\/plugins\/seo\/ -->\n<title>Pol\u00edtica de Reembolso e Devolu\u00e7\u00f5es - LiveGooD Shop<\/title>\n<meta name=\"description\" content=\"Todos os produtos LiveGood t\u00eam garantia de 90 dias. Se voc\u00ea n\u00e3o estiver satisfeito, basta devolver a por\u00e7\u00e3o n\u00e3o utilizada ou a garrafa vazia\" \/>\n<meta name=\"robots\" content=\"index, follow, max-snippet:-1, max-image-preview:large, max-video-preview:-1\" \/>\n<link rel=\"canonical\" href=\"https:\/\/livegood.network\/shop\/pt-pt\/refund-and-returns-policy-pt-pt\/\" \/>\n<meta property=\"og:locale\" content=\"en_US\" \/>\n<meta property=\"og:type\" content=\"article\" \/>\n<meta property=\"og:title\" content=\"Pol\u00edtica de Reembolso e Devolu\u00e7\u00f5es\" \/>\n<meta property=\"og:description\" content=\"Todos os produtos LiveGood t\u00eam garantia de 90 dias. Se voc\u00ea n\u00e3o estiver satisfeito, basta devolver a por\u00e7\u00e3o n\u00e3o utilizada ou a garrafa vazia\" \/>\n<meta property=\"og:url\" content=\"https:\/\/livegood.network\/shop\/pt-pt\/refund-and-returns-policy-pt-pt\/\" \/>\n<meta property=\"article:publisher\" content=\"https:\/\/www.facebook.com\/livegoodhello\" \/>\n<meta property=\"article:modified_time\" content=\"2024-02-08T17:48:25+00:00\" \/>\n<meta property=\"og:image\" content=\"https:\/\/livegood.network\/shop\/wp-content\/uploads\/2024\/02\/LiveGooD-Shop-Refund-page-cover-Portugal.jpg\" \/>\n\t<meta property=\"og:image:width\" content=\"269\" \/>\n\t<meta property=\"og:image:height\" content=\"259\" \/>\n\t<meta property=\"og:image:type\" content=\"image\/jpeg\" \/>\n<meta name=\"twitter:card\" content=\"summary_large_image\" \/>\n<meta name=\"twitter:label1\" content=\"Est. reading time\" \/>\n\t<meta name=\"twitter:data1\" content=\"1 minute\" \/>\n<script type=\"application\/ld+json\" class=\"yoast-schema-graph\">{\"@context\":\"https:\/\/schema.org\",\"@graph\":[{\"@type\":\"WebPage\",\"@id\":\"https:\/\/livegood.network\/shop\/pt-pt\/refund-and-returns-policy-pt-pt\/\",\"url\":\"https:\/\/livegood.network\/shop\/pt-pt\/refund-and-returns-policy-pt-pt\/\",\"name\":\"Pol\u00edtica de Reembolso e Devolu\u00e7\u00f5es - LiveGooD Shop\",\"isPartOf\":{\"@id\":\"https:\/\/livegood.network\/shop\/#website\"},\"datePublished\":\"2024-02-05T17:29:16+00:00\",\"dateModified\":\"2024-02-08T17:48:25+00:00\",\"description\":\"Todos os produtos LiveGood t\u00eam garantia de 90 dias. Se voc\u00ea n\u00e3o estiver satisfeito, basta devolver a por\u00e7\u00e3o n\u00e3o utilizada ou a garrafa vazia\",\"breadcrumb\":{\"@id\":\"https:\/\/livegood.network\/shop\/pt-pt\/refund-and-returns-policy-pt-pt\/#breadcrumb\"},\"inLanguage\":\"en-US\",\"potentialAction\":[{\"@type\":\"ReadAction\",\"target\":[\"https:\/\/livegood.network\/shop\/pt-pt\/refund-and-returns-policy-pt-pt\/\"]}]},{\"@type\":\"BreadcrumbList\",\"@id\":\"https:\/\/livegood.network\/shop\/pt-pt\/refund-and-returns-policy-pt-pt\/#breadcrumb\",\"itemListElement\":[{\"@type\":\"ListItem\",\"position\":1,\"name\":\"Home\",\"item\":\"https:\/\/livegood.network\/shop\/pt-br\/\"},{\"@type\":\"ListItem\",\"position\":2,\"name\":\"Pol\u00edtica de Reembolso e Devolu\u00e7\u00f5es\"}]},{\"@type\":\"WebSite\",\"@id\":\"https:\/\/livegood.network\/shop\/#website\",\"url\":\"https:\/\/livegood.network\/shop\/\",\"name\":\"LiveGooD Shop\",\"description\":\"\",\"publisher\":{\"@id\":\"https:\/\/livegood.network\/shop\/#organization\"},\"potentialAction\":[{\"@type\":\"SearchAction\",\"target\":{\"@type\":\"EntryPoint\",\"urlTemplate\":\"https:\/\/livegood.network\/shop\/?s={search_term_string}\"},\"query-input\":\"required name=search_term_string\"}],\"inLanguage\":\"en-US\"},{\"@type\":\"Organization\",\"@id\":\"https:\/\/livegood.network\/shop\/#organization\",\"name\":\"LiveGooD\",\"url\":\"https:\/\/livegood.network\/shop\/\",\"logo\":{\"@type\":\"ImageObject\",\"inLanguage\":\"en-US\",\"@id\":\"https:\/\/livegood.network\/shop\/#\/schema\/logo\/image\/\",\"url\":\"https:\/\/livegood.network\/shop\/wp-content\/uploads\/2024\/01\/logo-livegood-shop-main.png\",\"contentUrl\":\"https:\/\/livegood.network\/shop\/wp-content\/uploads\/2024\/01\/logo-livegood-shop-main.png\",\"width\":373,\"height\":115,\"caption\":\"LiveGooD\"},\"image\":{\"@id\":\"https:\/\/livegood.network\/shop\/#\/schema\/logo\/image\/\"},\"sameAs\":[\"https:\/\/www.facebook.com\/livegoodhello\"]}]}<\/script>\n<!-- \/ Yoast SEO Premium plugin. -->","yoast_head_json":{"title":"Pol\u00edtica de Reembolso e Devolu\u00e7\u00f5es - LiveGooD Shop","description":"Todos os produtos LiveGood t\u00eam garantia de 90 dias. Se voc\u00ea n\u00e3o estiver satisfeito, basta devolver a por\u00e7\u00e3o n\u00e3o utilizada ou a garrafa vazia","robots":{"index":"index","follow":"follow","max-snippet":"max-snippet:-1","max-image-preview":"max-image-preview:large","max-video-preview":"max-video-preview:-1"},"canonical":"https:\/\/livegood.network\/shop\/pt-pt\/refund-and-returns-policy-pt-pt\/","og_locale":"en_US","og_type":"article","og_title":"Pol\u00edtica de Reembolso e Devolu\u00e7\u00f5es","og_description":"Todos os produtos LiveGood t\u00eam garantia de 90 dias. Se voc\u00ea n\u00e3o estiver satisfeito, basta devolver a por\u00e7\u00e3o n\u00e3o utilizada ou a garrafa vazia","og_url":"https:\/\/livegood.network\/shop\/pt-pt\/refund-and-returns-policy-pt-pt\/","article_publisher":"https:\/\/www.facebook.com\/livegoodhello","article_modified_time":"2024-02-08T17:48:25+00:00","og_image":[{"width":269,"height":259,"url":"https:\/\/livegood.network\/shop\/wp-content\/uploads\/2024\/02\/LiveGooD-Shop-Refund-page-cover-Portugal.jpg","type":"image\/jpeg"}],"twitter_card":"summary_large_image","twitter_misc":{"Est. reading time":"1 minute"},"schema":{"@context":"https:\/\/schema.org","@graph":[{"@type":"WebPage","@id":"https:\/\/livegood.network\/shop\/pt-pt\/refund-and-returns-policy-pt-pt\/","url":"https:\/\/livegood.network\/shop\/pt-pt\/refund-and-returns-policy-pt-pt\/","name":"Pol\u00edtica de Reembolso e Devolu\u00e7\u00f5es - LiveGooD Shop","isPartOf":{"@id":"https:\/\/livegood.network\/shop\/#website"},"datePublished":"2024-02-05T17:29:16+00:00","dateModified":"2024-02-08T17:48:25+00:00","description":"Todos os produtos LiveGood t\u00eam garantia de 90 dias. Se voc\u00ea n\u00e3o estiver satisfeito, basta devolver a por\u00e7\u00e3o n\u00e3o utilizada ou a garrafa vazia","breadcrumb":{"@id":"https:\/\/livegood.network\/shop\/pt-pt\/refund-and-returns-policy-pt-pt\/#breadcrumb"},"inLanguage":"en-US","potentialAction":[{"@type":"ReadAction","target":["https:\/\/livegood.network\/shop\/pt-pt\/refund-and-returns-policy-pt-pt\/"]}]},{"@type":"BreadcrumbList","@id":"https:\/\/livegood.network\/shop\/pt-pt\/refund-and-returns-policy-pt-pt\/#breadcrumb","itemListElement":[{"@type":"ListItem","position":1,"name":"Home","item":"https:\/\/livegood.network\/shop\/pt-br\/"},{"@type":"ListItem","position":2,"name":"Pol\u00edtica de Reembolso e Devolu\u00e7\u00f5es"}]},{"@type":"WebSite","@id":"https:\/\/livegood.network\/shop\/#website","url":"https:\/\/livegood.network\/shop\/","name":"LiveGooD Shop","description":"","publisher":{"@id":"https:\/\/livegood.network\/shop\/#organization"},"potentialAction":[{"@type":"SearchAction","target":{"@type":"EntryPoint","urlTemplate":"https:\/\/livegood.network\/shop\/?s={search_term_string}"},"query-input":"required name=search_term_string"}],"inLanguage":"en-US"},{"@type":"Organization","@id":"https:\/\/livegood.network\/shop\/#organization","name":"LiveGooD","url":"https:\/\/livegood.network\/shop\/","logo":{"@type":"ImageObject","inLanguage":"en-US","@id":"https:\/\/livegood.network\/shop\/#\/schema\/logo\/image\/","url":"https:\/\/livegood.network\/shop\/wp-content\/uploads\/2024\/01\/logo-livegood-shop-main.png","contentUrl":"https:\/\/livegood.network\/shop\/wp-content\/uploads\/2024\/01\/logo-livegood-shop-main.png","width":373,"height":115,"caption":"LiveGooD"},"image":{"@id":"https:\/\/livegood.network\/shop\/#\/schema\/logo\/image\/"},"sameAs":["https:\/\/www.facebook.com\/livegoodhello"]}]}},"lang":"pt-pt","translations":{"pt-pt":1754,"fr-fr":1732,"en-us":12,"es-es":1725,"pt-br":1733,"vi":1735,"ru-ru":1736,"ko":1738},"pll_sync_post":[],"_links":{"self":[{"href":"https:\/\/livegood.network\/shop\/wp-json\/wp\/v2\/pages\/1754","targetHints":{"allow":["GET"]}}],"collection":[{"href":"https:\/\/livegood.network\/shop\/wp-json\/wp\/v2\/pages"}],"about":[{"href":"https:\/\/livegood.network\/shop\/wp-json\/wp\/v2\/types\/page"}],"author":[{"embeddable":true,"href":"https:\/\/livegood.network\/shop\/wp-json\/wp\/v2\/users\/1"}],"replies":[{"embeddable":true,"href":"https:\/\/livegood.network\/shop\/wp-json\/wp\/v2\/comments?post=1754"}],"version-history":[{"count":1,"href":"https:\/\/livegood.network\/shop\/wp-json\/wp\/v2\/pages\/1754\/revisions"}],"predecessor-version":[{"id":1756,"href":"https:\/\/livegood.network\/shop\/wp-json\/wp\/v2\/pages\/1754\/revisions\/1756"}],"wp:featuredmedia":[{"embeddable":true,"href":"https:\/\/livegood.network\/shop\/wp-json\/wp\/v2\/media\/2098"}],"wp:attachment":[{"href":"https:\/\/livegood.network\/shop\/wp-json\/wp\/v2\/media?parent=1754"}],"curies":[{"name":"wp","href":"https:\/\/api.w.org\/{rel}","templated":true}]}}