{"id":1009,"date":"2024-01-25T17:34:17","date_gmt":"2024-01-25T17:34:17","guid":{"rendered":"https:\/\/livegood.network\/shop\/?post_type=product&#038;p=1009"},"modified":"2024-02-01T20:34:24","modified_gmt":"2024-02-01T20:34:24","slug":"energy-and-focus-patches-vi","status":"publish","type":"product","link":"https:\/\/livegood.network\/shop\/vi\/product\/energy-and-focus-patches-vi\/","title":{"rendered":"B\u1ea3n v\u00e1 n\u0103ng l\u01b0\u1ee3ng v\u00e0 t\u1eadp trung"},"content":{"rendered":"<p><strong>B\u1ea3n v\u00e1 n\u0103ng l\u01b0\u1ee3ng v\u00e0 t\u1eadp trung<\/strong><\/p>\n<p>Mi\u1ebfng d\u00e1n n\u0103ng l\u01b0\u1ee3ng v\u00e0 t\u1eadp trung c\u1ee7a LiveGood mang \u0111\u1ebfn s\u1ef1 k\u1ebft h\u1ee3p \u0111\u1eb7c bi\u1ec7t c\u1ee7a c\u00e1c th\u00e0nh ph\u1ea7n t\u1ef1 nhi\u00ean, l\u00e0nh m\u1ea1nh, d\u1ec5 h\u1ea5p th\u1ee5, \u0111\u01b0\u1ee3c truy\u1ec1n tr\u1ef1c ti\u1ebfp qua da v\u00e0 v\u00e0o m\u00e1u.\u00a0\u0110i\u1ec1u n\u00e0y d\u1eabn \u0111\u1ebfn m\u1ed9t ngu\u1ed3n n\u0103ng l\u01b0\u1ee3ng b\u00f9ng n\u1ed5 b\u1ec1n v\u1eefng v\u00e0 h\u1ed3i sinh k\u00e9o d\u00e0i h\u00e0ng gi\u1edd.<\/p>\n<p>S\u1ef1 pha tr\u1ed9n m\u1ea1nh m\u1ebd c\u1ee7a vitamin, kho\u00e1ng ch\u1ea5t v\u00e0 chi\u1ebft xu\u1ea5t th\u1ef1c v\u1eadt trong mi\u1ebfng d\u00e1n c\u1ee7a ch\u00fang t\u00f4i ph\u1ed1i h\u1ee3p nh\u1ecbp nh\u00e0ng \u0111\u1ec3 tr\u1ebb h\u00f3a c\u01a1 th\u1ec3, th\u00fac \u0111\u1ea9y n\u0103ng l\u01b0\u1ee3ng kh\u1ecfe m\u1ea1nh, t\u00e2m tr\u1ea1ng t\u00edch c\u1ef1c, t\u0103ng c\u01b0\u1eddng kh\u1ea3 n\u0103ng t\u1eadp trung v\u00e0 n\u00e2ng cao hi\u1ec7u su\u1ea5t t\u1ed5ng th\u1ec3.\u00a0\u0110\u1ed3ng th\u1eddi, nh\u1eefng mi\u1ebfng d\u00e1n n\u00e0y ch\u1ed1ng l\u1ea1i s\u1ef1 m\u1ec7t m\u1ecfi, ti\u1ebfp th\u00eam s\u1ee9c m\u1ea1nh cho b\u1ea1n \u0111\u1ec3 chinh ph\u1ee5c m\u1ed9t ng\u00e0y c\u1ee7a m\u00ecnh!<\/p>\n<p>C\u00e1ch s\u1eed d\u1ee5ng: B\u00f3c mi\u1ebfng d\u00e1n t\u1eeb m\u1eb7t sau v\u00e0 d\u00e1n tr\u1ef1c ti\u1ebfp l\u00ean v\u00f9ng da c\u00f3 \u00edt ho\u1eb7c kh\u00f4ng c\u00f3 l\u00f4ng (b\u00ean trong c\u1ed5 tay, h\u00f4ng, vai, m\u1eaft c\u00e1 ch\u00e2n).\u00a0L\u00e0m s\u1ea1ch v\u00e0 lau kh\u00f4 da tr\u01b0\u1edbc v\u00ec d\u1ea7u, kem ho\u1eb7c n\u01b0\u1edbc th\u01a1m c\u00f3 th\u1ec3 l\u00e0m gi\u1ea3m \u0111\u1ed9 b\u00e1m d\u00ednh v\u00e0 hi\u1ec7u qu\u1ea3 c\u1ee7a mi\u1ebfng d\u00e1n.<\/p>\n<p>B\u1ea1n s\u1ebd b\u1eaft \u0111\u1ea7u tr\u1ea3i nghi\u1ec7m t\u00e1c d\u1ee5ng c\u1ee7a mi\u1ebfng d\u00e1n LiveGood Energy v\u00e0 Focus kho\u1ea3ng 30 ph\u00fat sau khi s\u1eed d\u1ee5ng.\u00a0Lo\u1ea1i b\u1ecf v\u00e0 v\u1ee9t b\u1ecf mi\u1ebfng d\u00e1n sau 8 gi\u1edd.\u00a0Kh\u00f4ng s\u1eed d\u1ee5ng l\u1ea1i b\u1ea3n v\u00e1 \u0111\u00e3 s\u1eed d\u1ee5ng tr\u01b0\u1edbc \u0111\u00f3.<\/p>\n","protected":false},"excerpt":{"rendered":"<p><img decoding=\"async\" class=\"emoji\" role=\"img\" draggable=\"false\" src=\"https:\/\/s.w.org\/images\/core\/emoji\/14.0.0\/svg\/1f49a.svg\" alt=\"LiveGooD Love\" \/> H\u1ed7 tr\u1ee3 n\u0103ng l\u01b0\u1ee3ng kh\u1ecfe m\u1ea1nh<br \/>\n<img decoding=\"async\" class=\"emoji\" role=\"img\" draggable=\"false\" src=\"https:\/\/s.w.org\/images\/core\/emoji\/14.0.0\/svg\/1f49a.svg\" alt=\"LiveGooD Love\" \/> Th\u00fac \u0111\u1ea9y t\u00e2m tr\u1ea1ng t\u00edch c\u1ef1c<br \/>\n<img decoding=\"async\" class=\"emoji\" role=\"img\" draggable=\"false\" src=\"https:\/\/s.w.org\/images\/core\/emoji\/14.0.0\/svg\/1f49a.svg\" alt=\"LiveGooD Love\" \/> Gi\u00fap c\u1ea3i thi\u1ec7n s\u1ef1 t\u1eadp trung<br \/>\n<img decoding=\"async\" class=\"emoji\" role=\"img\" draggable=\"false\" src=\"https:\/\/s.w.org\/images\/core\/emoji\/14.0.0\/svg\/1f49a.svg\" alt=\"LiveGooD Love\" \/> Th\u00fac \u0111\u1ea9y s\u1ee9c b\u1ec1n cao h\u01a1n<\/p>\n","protected":false},"featured_media":258,"comment_status":"open","ping_status":"closed","template":"","meta":[],"product_brand":[],"product_cat":[232],"product_tag":[],"class_list":{"0":"post-1009","1":"product","2":"type-product","3":"status-publish","4":"has-post-thumbnail","6":"product_cat-vitamin-vi","8":"first","9":"instock","10":"sale","11":"shipping-taxable","12":"product-type-external"},"yoast_head":"<!-- This site is optimized with the Yoast SEO Premium plugin v20.6 (Yoast SEO v21.8.1) - https:\/\/yoast.com\/wordpress\/plugins\/seo\/ -->\n<title>B\u1ea3n v\u00e1 n\u0103ng l\u01b0\u1ee3ng v\u00e0 t\u1eadp trung - LiveGooD Shop<\/title>\n<meta name=\"robots\" content=\"index, follow, max-snippet:-1, max-image-preview:large, max-video-preview:-1\" \/>\n<link rel=\"canonical\" href=\"https:\/\/livegood.network\/shop\/vi\/product\/energy-and-focus-patches-vi\/\" \/>\n<meta property=\"og:locale\" content=\"en_US\" \/>\n<meta property=\"og:type\" content=\"article\" \/>\n<meta property=\"og:title\" content=\"B\u1ea3n v\u00e1 n\u0103ng l\u01b0\u1ee3ng v\u00e0 t\u1eadp trung\" \/>\n<meta property=\"og:description\" content=\"H\u1ed7 tr\u1ee3 n\u0103ng l\u01b0\u1ee3ng kh\u1ecfe m\u1ea1nh  Th\u00fac \u0111\u1ea9y t\u00e2m tr\u1ea1ng t\u00edch c\u1ef1c  Gi\u00fap c\u1ea3i thi\u1ec7n s\u1ef1 t\u1eadp trung  Th\u00fac \u0111\u1ea9y s\u1ee9c b\u1ec1n cao h\u01a1n\" \/>\n<meta property=\"og:url\" content=\"https:\/\/livegood.network\/shop\/vi\/product\/energy-and-focus-patches-vi\/\" \/>\n<meta property=\"article:publisher\" content=\"https:\/\/www.facebook.com\/livegoodhello\" \/>\n<meta property=\"article:modified_time\" content=\"2024-02-01T20:34:24+00:00\" \/>\n<meta property=\"og:image\" content=\"https:\/\/livegood.network\/shop\/wp-content\/uploads\/2024\/01\/energy-and-focus-patches-front-livegood.png\" \/>\n\t<meta property=\"og:image:width\" content=\"1000\" \/>\n\t<meta property=\"og:image:height\" content=\"1000\" \/>\n\t<meta property=\"og:image:type\" content=\"image\/png\" \/>\n<meta name=\"twitter:card\" content=\"summary_large_image\" \/>\n<meta name=\"twitter:label1\" content=\"Est. reading time\" \/>\n\t<meta name=\"twitter:data1\" content=\"2 minutes\" \/>\n<script type=\"application\/ld+json\" class=\"yoast-schema-graph\">{\"@context\":\"https:\/\/schema.org\",\"@graph\":[{\"@type\":\"WebPage\",\"@id\":\"https:\/\/livegood.network\/shop\/vi\/product\/energy-and-focus-patches-vi\/\",\"url\":\"https:\/\/livegood.network\/shop\/vi\/product\/energy-and-focus-patches-vi\/\",\"name\":\"B\u1ea3n v\u00e1 n\u0103ng l\u01b0\u1ee3ng v\u00e0 t\u1eadp trung - LiveGooD Shop\",\"isPartOf\":{\"@id\":\"https:\/\/livegood.network\/shop\/#website\"},\"datePublished\":\"2024-01-25T17:34:17+00:00\",\"dateModified\":\"2024-02-01T20:34:24+00:00\",\"breadcrumb\":{\"@id\":\"https:\/\/livegood.network\/shop\/vi\/product\/energy-and-focus-patches-vi\/#breadcrumb\"},\"inLanguage\":\"en-US\",\"potentialAction\":[{\"@type\":\"ReadAction\",\"target\":[\"https:\/\/livegood.network\/shop\/vi\/product\/energy-and-focus-patches-vi\/\"]}]},{\"@type\":\"BreadcrumbList\",\"@id\":\"https:\/\/livegood.network\/shop\/vi\/product\/energy-and-focus-patches-vi\/#breadcrumb\",\"itemListElement\":[{\"@type\":\"ListItem\",\"position\":1,\"name\":\"Home\",\"item\":\"https:\/\/livegood.network\/shop\/pt-br\/\"},{\"@type\":\"ListItem\",\"position\":2,\"name\":\"Shop\",\"item\":\"https:\/\/livegood.network\/shop\/shop\/\"},{\"@type\":\"ListItem\",\"position\":3,\"name\":\"B\u1ea3n v\u00e1 n\u0103ng l\u01b0\u1ee3ng v\u00e0 t\u1eadp trung\"}]},{\"@type\":\"WebSite\",\"@id\":\"https:\/\/livegood.network\/shop\/#website\",\"url\":\"https:\/\/livegood.network\/shop\/\",\"name\":\"LiveGooD Shop\",\"description\":\"\",\"publisher\":{\"@id\":\"https:\/\/livegood.network\/shop\/#organization\"},\"potentialAction\":[{\"@type\":\"SearchAction\",\"target\":{\"@type\":\"EntryPoint\",\"urlTemplate\":\"https:\/\/livegood.network\/shop\/?s={search_term_string}\"},\"query-input\":\"required name=search_term_string\"}],\"inLanguage\":\"en-US\"},{\"@type\":\"Organization\",\"@id\":\"https:\/\/livegood.network\/shop\/#organization\",\"name\":\"LiveGooD\",\"url\":\"https:\/\/livegood.network\/shop\/\",\"logo\":{\"@type\":\"ImageObject\",\"inLanguage\":\"en-US\",\"@id\":\"https:\/\/livegood.network\/shop\/#\/schema\/logo\/image\/\",\"url\":\"https:\/\/livegood.network\/shop\/wp-content\/uploads\/2024\/01\/logo-livegood-shop-main.png\",\"contentUrl\":\"https:\/\/livegood.network\/shop\/wp-content\/uploads\/2024\/01\/logo-livegood-shop-main.png\",\"width\":373,\"height\":115,\"caption\":\"LiveGooD\"},\"image\":{\"@id\":\"https:\/\/livegood.network\/shop\/#\/schema\/logo\/image\/\"},\"sameAs\":[\"https:\/\/www.facebook.com\/livegoodhello\"]}]}<\/script>\n<!-- \/ Yoast SEO Premium plugin. -->","yoast_head_json":{"title":"B\u1ea3n v\u00e1 n\u0103ng l\u01b0\u1ee3ng v\u00e0 t\u1eadp trung - LiveGooD Shop","robots":{"index":"index","follow":"follow","max-snippet":"max-snippet:-1","max-image-preview":"max-image-preview:large","max-video-preview":"max-video-preview:-1"},"canonical":"https:\/\/livegood.network\/shop\/vi\/product\/energy-and-focus-patches-vi\/","og_locale":"en_US","og_type":"article","og_title":"B\u1ea3n v\u00e1 n\u0103ng l\u01b0\u1ee3ng v\u00e0 t\u1eadp trung","og_description":"H\u1ed7 tr\u1ee3 n\u0103ng l\u01b0\u1ee3ng kh\u1ecfe m\u1ea1nh  Th\u00fac \u0111\u1ea9y t\u00e2m tr\u1ea1ng t\u00edch c\u1ef1c  Gi\u00fap c\u1ea3i thi\u1ec7n s\u1ef1 t\u1eadp trung  Th\u00fac \u0111\u1ea9y s\u1ee9c b\u1ec1n cao h\u01a1n","og_url":"https:\/\/livegood.network\/shop\/vi\/product\/energy-and-focus-patches-vi\/","article_publisher":"https:\/\/www.facebook.com\/livegoodhello","article_modified_time":"2024-02-01T20:34:24+00:00","og_image":[{"width":1000,"height":1000,"url":"https:\/\/livegood.network\/shop\/wp-content\/uploads\/2024\/01\/energy-and-focus-patches-front-livegood.png","type":"image\/png"}],"twitter_card":"summary_large_image","twitter_misc":{"Est. reading time":"2 minutes"},"schema":{"@context":"https:\/\/schema.org","@graph":[{"@type":"WebPage","@id":"https:\/\/livegood.network\/shop\/vi\/product\/energy-and-focus-patches-vi\/","url":"https:\/\/livegood.network\/shop\/vi\/product\/energy-and-focus-patches-vi\/","name":"B\u1ea3n v\u00e1 n\u0103ng l\u01b0\u1ee3ng v\u00e0 t\u1eadp trung - LiveGooD Shop","isPartOf":{"@id":"https:\/\/livegood.network\/shop\/#website"},"datePublished":"2024-01-25T17:34:17+00:00","dateModified":"2024-02-01T20:34:24+00:00","breadcrumb":{"@id":"https:\/\/livegood.network\/shop\/vi\/product\/energy-and-focus-patches-vi\/#breadcrumb"},"inLanguage":"en-US","potentialAction":[{"@type":"ReadAction","target":["https:\/\/livegood.network\/shop\/vi\/product\/energy-and-focus-patches-vi\/"]}]},{"@type":"BreadcrumbList","@id":"https:\/\/livegood.network\/shop\/vi\/product\/energy-and-focus-patches-vi\/#breadcrumb","itemListElement":[{"@type":"ListItem","position":1,"name":"Home","item":"https:\/\/livegood.network\/shop\/pt-br\/"},{"@type":"ListItem","position":2,"name":"Shop","item":"https:\/\/livegood.network\/shop\/shop\/"},{"@type":"ListItem","position":3,"name":"B\u1ea3n v\u00e1 n\u0103ng l\u01b0\u1ee3ng v\u00e0 t\u1eadp trung"}]},{"@type":"WebSite","@id":"https:\/\/livegood.network\/shop\/#website","url":"https:\/\/livegood.network\/shop\/","name":"LiveGooD Shop","description":"","publisher":{"@id":"https:\/\/livegood.network\/shop\/#organization"},"potentialAction":[{"@type":"SearchAction","target":{"@type":"EntryPoint","urlTemplate":"https:\/\/livegood.network\/shop\/?s={search_term_string}"},"query-input":"required name=search_term_string"}],"inLanguage":"en-US"},{"@type":"Organization","@id":"https:\/\/livegood.network\/shop\/#organization","name":"LiveGooD","url":"https:\/\/livegood.network\/shop\/","logo":{"@type":"ImageObject","inLanguage":"en-US","@id":"https:\/\/livegood.network\/shop\/#\/schema\/logo\/image\/","url":"https:\/\/livegood.network\/shop\/wp-content\/uploads\/2024\/01\/logo-livegood-shop-main.png","contentUrl":"https:\/\/livegood.network\/shop\/wp-content\/uploads\/2024\/01\/logo-livegood-shop-main.png","width":373,"height":115,"caption":"LiveGooD"},"image":{"@id":"https:\/\/livegood.network\/shop\/#\/schema\/logo\/image\/"},"sameAs":["https:\/\/www.facebook.com\/livegoodhello"]}]}},"lang":"vi","translations":{"vi":1009,"pt-br":1017,"pt-pt":1008,"en-us":257,"fr-fr":1005,"es-es":1006,"ru-ru":1011,"ko":1014},"pll_sync_post":[],"_links":{"self":[{"href":"https:\/\/livegood.network\/shop\/wp-json\/wp\/v2\/product\/1009","targetHints":{"allow":["GET"]}}],"collection":[{"href":"https:\/\/livegood.network\/shop\/wp-json\/wp\/v2\/product"}],"about":[{"href":"https:\/\/livegood.network\/shop\/wp-json\/wp\/v2\/types\/product"}],"replies":[{"embeddable":true,"href":"https:\/\/livegood.network\/shop\/wp-json\/wp\/v2\/comments?post=1009"}],"version-history":[{"count":2,"href":"https:\/\/livegood.network\/shop\/wp-json\/wp\/v2\/product\/1009\/revisions"}],"predecessor-version":[{"id":1472,"href":"https:\/\/livegood.network\/shop\/wp-json\/wp\/v2\/product\/1009\/revisions\/1472"}],"wp:featuredmedia":[{"embeddable":true,"href":"https:\/\/livegood.network\/shop\/wp-json\/wp\/v2\/media\/258"}],"wp:attachment":[{"href":"https:\/\/livegood.network\/shop\/wp-json\/wp\/v2\/media?parent=1009"}],"wp:term":[{"taxonomy":"product_brand","embeddable":true,"href":"https:\/\/livegood.network\/shop\/wp-json\/wp\/v2\/product_brand?post=1009"},{"taxonomy":"product_cat","embeddable":true,"href":"https:\/\/livegood.network\/shop\/wp-json\/wp\/v2\/product_cat?post=1009"},{"taxonomy":"product_tag","embeddable":true,"href":"https:\/\/livegood.network\/shop\/wp-json\/wp\/v2\/product_tag?post=1009"}],"curies":[{"name":"wp","href":"https:\/\/api.w.org\/{rel}","templated":true}]}}