{"id":1019,"date":"2024-01-25T17:51:34","date_gmt":"2024-01-25T17:51:34","guid":{"rendered":"https:\/\/livegood.network\/shop\/?post_type=product&#038;p=1019"},"modified":"2024-02-03T13:55:02","modified_gmt":"2024-02-03T13:55:02","slug":"essential-aminos-fr-fr","status":"publish","type":"product","link":"https:\/\/livegood.network\/shop\/fr-fr\/product\/essential-aminos-fr-fr\/","title":{"rendered":"Amin\u00e9s Essentiels"},"content":{"rendered":"<p><strong><span>Le carburant optimal pour votre corps<\/span><\/strong><\/p>\n<p><span>Lorsqu&#8217;il s&#8217;agit d&#8217;atteindre des performances optimales, rien ne surpasse l&#8217;efficacit\u00e9 des Essential Aminos de LiveGood !\u00a0Notre formule exclusive vous offre un rapport finement ajust\u00e9 de TOUS les acides amin\u00e9s essentiels, les acides amin\u00e9s \u00e0 cha\u00eene ramifi\u00e9e et les \u00e9lectrolytes pour renforcer la force et la fonction musculaires, pr\u00e9server la masse musculaire maigre, am\u00e9liorer l&#8217;endurance et la r\u00e9cup\u00e9ration, et favoriser un \u00e9tat d&#8217;\u00e9nergie et de concentration sains. !<\/span><\/p>\n<p><span>Vitaliser l\u2019\u00e9nergie \u00e0 la demande<\/span><\/p>\n<p><span>Les Essential Aminos de LiveGood sont m\u00e9ticuleusement con\u00e7us avec des ingr\u00e9dients naturels de la plus haute qualit\u00e9 disponibles partout !\u00a0Qu&#8217;il s&#8217;agisse de l&#8217;aube, d&#8217;une s\u00e9ance de pr\u00e9-gym ou de la lutte contre la fatigue de l&#8217;apr\u00e8s-midi, Essential Aminos peut \u00eatre consomm\u00e9 en toute s\u00e9curit\u00e9 \u00e0 tout moment et en tout lieu, produisant des R\u00c9SULTATS tangibles\u00a0!<\/span><\/p>\n<p><span>Sans caf\u00e9ine<\/span><\/p>\n<p><span>Sans cruaut\u00e9<\/span><\/p>\n<p><span>Sans gluten<\/span><\/p>\n<p><span>Certifi\u00e9 BPF<\/span><\/p>\n<p><span>Compatible c\u00e9to<\/span><\/p>\n<p><span>Sans OGM<\/span><\/p>\n<p><span>Sans noix<\/span><\/p>\n<p><span>Sans soja<\/span><\/p>\n<p><span>Test\u00e9 par un tiers<\/span><\/p>\n<p><span>V\u00e9g\u00e9talien<\/span><\/p>\n<p><strong><span>COMMENT UTILISER :<\/span><\/strong><br \/>\n<span>M\u00e9langez 1 cuill\u00e8re de poudre dans de l&#8217;eau jusqu&#8217;\u00e0 deux fois par jour, de pr\u00e9f\u00e9rence 30 minutes avant une s\u00e9ance d&#8217;entra\u00eenement et \u00e0 nouveau tout au long de la journ\u00e9e comme boisson rafra\u00eechissante.<\/span><\/p>\n<p><span>Gagnez des points bonus car la consommation d\u2019Essential Aminos contribue \u00e0 votre objectif quotidien en prot\u00e9ines.\u00a0Bien jou\u00e9!<\/span><\/p>\n<p><span>MIEUX prendre tous les jours.<\/span><\/p>\n<p><span>Conseil de pro\u00a0: pensez \u00e0 remplacer cette boisson par un soda ou une boisson sucr\u00e9e pour un choix plus sain.<\/span><\/p>\n","protected":false},"excerpt":{"rendered":"<p><img decoding=\"async\" class=\"emoji\" role=\"img\" draggable=\"false\" src=\"https:\/\/s.w.org\/images\/core\/emoji\/14.0.0\/svg\/1f49a.svg\" alt=\"LiveGooD Love\" \/ > Soutenir la force et la fonction musculaires<br \/>\n<img decoding=\"async\" class=\"emoji\" role=\"img\" draggable=\"false\" src=\"https:\/\/s.w.org\/images\/core\/emoji\/14.0.0\/svg\/1f49a.svg\" alt=\"LiveGooD Love\" \/ > Augmenter l&#8217;endurance et la r\u00e9cup\u00e9ration<br \/>\n<img decoding=\"async\" class=\"emoji\" role=\"img\" draggable=\"false\" src=\"https:\/\/s.w.org\/images\/core\/emoji\/14.0.0\/svg\/1f49a.svg\" alt=\"LiveGooD Love\" \/ > Promouvoir l&#8217;\u00e9nergie et la concentration<\/p>\n","protected":false},"featured_media":250,"comment_status":"open","ping_status":"closed","template":"","meta":[],"product_brand":[],"product_cat":[215],"product_tag":[],"class_list":{"0":"post-1019","1":"product","2":"type-product","3":"status-publish","4":"has-post-thumbnail","6":"product_cat-supplements-fr-fr","8":"first","9":"instock","10":"sale","11":"shipping-taxable","12":"product-type-external"},"yoast_head":"<!-- This site is optimized with the Yoast SEO Premium plugin v20.6 (Yoast SEO v21.8.1) - https:\/\/yoast.com\/wordpress\/plugins\/seo\/ -->\n<title>Amin\u00e9s Essentiels - LiveGooD Shop<\/title>\n<meta name=\"robots\" content=\"index, follow, max-snippet:-1, max-image-preview:large, max-video-preview:-1\" \/>\n<link rel=\"canonical\" href=\"https:\/\/livegood.network\/shop\/fr-fr\/product\/essential-aminos-fr-fr\/\" \/>\n<meta property=\"og:locale\" content=\"en_US\" \/>\n<meta property=\"og:type\" content=\"article\" \/>\n<meta property=\"og:title\" content=\"Amin\u00e9s Essentiels\" \/>\n<meta property=\"og:description\" content=\"Soutenir la force et la fonction musculaires  Augmenter l&#039;endurance et la r\u00e9cup\u00e9ration  Promouvoir l&#039;\u00e9nergie et la concentration\" \/>\n<meta property=\"og:url\" content=\"https:\/\/livegood.network\/shop\/fr-fr\/product\/essential-aminos-fr-fr\/\" \/>\n<meta property=\"article:publisher\" content=\"https:\/\/www.facebook.com\/livegoodhello\" \/>\n<meta property=\"article:modified_time\" content=\"2024-02-03T13:55:02+00:00\" \/>\n<meta property=\"og:image\" content=\"https:\/\/livegood.network\/shop\/wp-content\/uploads\/2024\/01\/aminos-fruitpunch-livegood.png\" \/>\n\t<meta property=\"og:image:width\" content=\"720\" \/>\n\t<meta property=\"og:image:height\" content=\"720\" \/>\n\t<meta property=\"og:image:type\" content=\"image\/png\" \/>\n<meta name=\"twitter:card\" content=\"summary_large_image\" \/>\n<meta name=\"twitter:label1\" content=\"Est. reading time\" \/>\n\t<meta name=\"twitter:data1\" content=\"2 minutes\" \/>\n<script type=\"application\/ld+json\" class=\"yoast-schema-graph\">{\"@context\":\"https:\/\/schema.org\",\"@graph\":[{\"@type\":\"WebPage\",\"@id\":\"https:\/\/livegood.network\/shop\/fr-fr\/product\/essential-aminos-fr-fr\/\",\"url\":\"https:\/\/livegood.network\/shop\/fr-fr\/product\/essential-aminos-fr-fr\/\",\"name\":\"Amin\u00e9s Essentiels - LiveGooD Shop\",\"isPartOf\":{\"@id\":\"https:\/\/livegood.network\/shop\/#website\"},\"datePublished\":\"2024-01-25T17:51:34+00:00\",\"dateModified\":\"2024-02-03T13:55:02+00:00\",\"breadcrumb\":{\"@id\":\"https:\/\/livegood.network\/shop\/fr-fr\/product\/essential-aminos-fr-fr\/#breadcrumb\"},\"inLanguage\":\"en-US\",\"potentialAction\":[{\"@type\":\"ReadAction\",\"target\":[\"https:\/\/livegood.network\/shop\/fr-fr\/product\/essential-aminos-fr-fr\/\"]}]},{\"@type\":\"BreadcrumbList\",\"@id\":\"https:\/\/livegood.network\/shop\/fr-fr\/product\/essential-aminos-fr-fr\/#breadcrumb\",\"itemListElement\":[{\"@type\":\"ListItem\",\"position\":1,\"name\":\"Home\",\"item\":\"https:\/\/livegood.network\/shop\/pt-br\/\"},{\"@type\":\"ListItem\",\"position\":2,\"name\":\"Shop\",\"item\":\"https:\/\/livegood.network\/shop\/shop\/\"},{\"@type\":\"ListItem\",\"position\":3,\"name\":\"Amin\u00e9s Essentiels\"}]},{\"@type\":\"WebSite\",\"@id\":\"https:\/\/livegood.network\/shop\/#website\",\"url\":\"https:\/\/livegood.network\/shop\/\",\"name\":\"LiveGooD Shop\",\"description\":\"\",\"publisher\":{\"@id\":\"https:\/\/livegood.network\/shop\/#organization\"},\"potentialAction\":[{\"@type\":\"SearchAction\",\"target\":{\"@type\":\"EntryPoint\",\"urlTemplate\":\"https:\/\/livegood.network\/shop\/?s={search_term_string}\"},\"query-input\":\"required name=search_term_string\"}],\"inLanguage\":\"en-US\"},{\"@type\":\"Organization\",\"@id\":\"https:\/\/livegood.network\/shop\/#organization\",\"name\":\"LiveGooD\",\"url\":\"https:\/\/livegood.network\/shop\/\",\"logo\":{\"@type\":\"ImageObject\",\"inLanguage\":\"en-US\",\"@id\":\"https:\/\/livegood.network\/shop\/#\/schema\/logo\/image\/\",\"url\":\"https:\/\/livegood.network\/shop\/wp-content\/uploads\/2024\/01\/logo-livegood-shop-main.png\",\"contentUrl\":\"https:\/\/livegood.network\/shop\/wp-content\/uploads\/2024\/01\/logo-livegood-shop-main.png\",\"width\":373,\"height\":115,\"caption\":\"LiveGooD\"},\"image\":{\"@id\":\"https:\/\/livegood.network\/shop\/#\/schema\/logo\/image\/\"},\"sameAs\":[\"https:\/\/www.facebook.com\/livegoodhello\"]}]}<\/script>\n<!-- \/ Yoast SEO Premium plugin. -->","yoast_head_json":{"title":"Amin\u00e9s Essentiels - LiveGooD Shop","robots":{"index":"index","follow":"follow","max-snippet":"max-snippet:-1","max-image-preview":"max-image-preview:large","max-video-preview":"max-video-preview:-1"},"canonical":"https:\/\/livegood.network\/shop\/fr-fr\/product\/essential-aminos-fr-fr\/","og_locale":"en_US","og_type":"article","og_title":"Amin\u00e9s Essentiels","og_description":"Soutenir la force et la fonction musculaires  Augmenter l'endurance et la r\u00e9cup\u00e9ration  Promouvoir l'\u00e9nergie et la concentration","og_url":"https:\/\/livegood.network\/shop\/fr-fr\/product\/essential-aminos-fr-fr\/","article_publisher":"https:\/\/www.facebook.com\/livegoodhello","article_modified_time":"2024-02-03T13:55:02+00:00","og_image":[{"width":720,"height":720,"url":"https:\/\/livegood.network\/shop\/wp-content\/uploads\/2024\/01\/aminos-fruitpunch-livegood.png","type":"image\/png"}],"twitter_card":"summary_large_image","twitter_misc":{"Est. reading time":"2 minutes"},"schema":{"@context":"https:\/\/schema.org","@graph":[{"@type":"WebPage","@id":"https:\/\/livegood.network\/shop\/fr-fr\/product\/essential-aminos-fr-fr\/","url":"https:\/\/livegood.network\/shop\/fr-fr\/product\/essential-aminos-fr-fr\/","name":"Amin\u00e9s Essentiels - LiveGooD Shop","isPartOf":{"@id":"https:\/\/livegood.network\/shop\/#website"},"datePublished":"2024-01-25T17:51:34+00:00","dateModified":"2024-02-03T13:55:02+00:00","breadcrumb":{"@id":"https:\/\/livegood.network\/shop\/fr-fr\/product\/essential-aminos-fr-fr\/#breadcrumb"},"inLanguage":"en-US","potentialAction":[{"@type":"ReadAction","target":["https:\/\/livegood.network\/shop\/fr-fr\/product\/essential-aminos-fr-fr\/"]}]},{"@type":"BreadcrumbList","@id":"https:\/\/livegood.network\/shop\/fr-fr\/product\/essential-aminos-fr-fr\/#breadcrumb","itemListElement":[{"@type":"ListItem","position":1,"name":"Home","item":"https:\/\/livegood.network\/shop\/pt-br\/"},{"@type":"ListItem","position":2,"name":"Shop","item":"https:\/\/livegood.network\/shop\/shop\/"},{"@type":"ListItem","position":3,"name":"Amin\u00e9s Essentiels"}]},{"@type":"WebSite","@id":"https:\/\/livegood.network\/shop\/#website","url":"https:\/\/livegood.network\/shop\/","name":"LiveGooD Shop","description":"","publisher":{"@id":"https:\/\/livegood.network\/shop\/#organization"},"potentialAction":[{"@type":"SearchAction","target":{"@type":"EntryPoint","urlTemplate":"https:\/\/livegood.network\/shop\/?s={search_term_string}"},"query-input":"required name=search_term_string"}],"inLanguage":"en-US"},{"@type":"Organization","@id":"https:\/\/livegood.network\/shop\/#organization","name":"LiveGooD","url":"https:\/\/livegood.network\/shop\/","logo":{"@type":"ImageObject","inLanguage":"en-US","@id":"https:\/\/livegood.network\/shop\/#\/schema\/logo\/image\/","url":"https:\/\/livegood.network\/shop\/wp-content\/uploads\/2024\/01\/logo-livegood-shop-main.png","contentUrl":"https:\/\/livegood.network\/shop\/wp-content\/uploads\/2024\/01\/logo-livegood-shop-main.png","width":373,"height":115,"caption":"LiveGooD"},"image":{"@id":"https:\/\/livegood.network\/shop\/#\/schema\/logo\/image\/"},"sameAs":["https:\/\/www.facebook.com\/livegoodhello"]}]}},"lang":"fr-fr","translations":{"fr-fr":1019,"pt-br":1032,"pt-pt":1021,"en-us":248,"es-es":1020,"vi":1022,"ru-ru":1023,"ko":1025},"pll_sync_post":[],"_links":{"self":[{"href":"https:\/\/livegood.network\/shop\/wp-json\/wp\/v2\/product\/1019","targetHints":{"allow":["GET"]}}],"collection":[{"href":"https:\/\/livegood.network\/shop\/wp-json\/wp\/v2\/product"}],"about":[{"href":"https:\/\/livegood.network\/shop\/wp-json\/wp\/v2\/types\/product"}],"replies":[{"embeddable":true,"href":"https:\/\/livegood.network\/shop\/wp-json\/wp\/v2\/comments?post=1019"}],"version-history":[{"count":1,"href":"https:\/\/livegood.network\/shop\/wp-json\/wp\/v2\/product\/1019\/revisions"}],"predecessor-version":[{"id":1690,"href":"https:\/\/livegood.network\/shop\/wp-json\/wp\/v2\/product\/1019\/revisions\/1690"}],"wp:featuredmedia":[{"embeddable":true,"href":"https:\/\/livegood.network\/shop\/wp-json\/wp\/v2\/media\/250"}],"wp:attachment":[{"href":"https:\/\/livegood.network\/shop\/wp-json\/wp\/v2\/media?parent=1019"}],"wp:term":[{"taxonomy":"product_brand","embeddable":true,"href":"https:\/\/livegood.network\/shop\/wp-json\/wp\/v2\/product_brand?post=1019"},{"taxonomy":"product_cat","embeddable":true,"href":"https:\/\/livegood.network\/shop\/wp-json\/wp\/v2\/product_cat?post=1019"},{"taxonomy":"product_tag","embeddable":true,"href":"https:\/\/livegood.network\/shop\/wp-json\/wp\/v2\/product_tag?post=1019"}],"curies":[{"name":"wp","href":"https:\/\/api.w.org\/{rel}","templated":true}]}}