{"id":1020,"date":"2024-01-25T17:50:23","date_gmt":"2024-01-25T17:50:23","guid":{"rendered":"https:\/\/livegood.network\/shop\/?post_type=product&#038;p=1020"},"modified":"2024-02-03T13:54:52","modified_gmt":"2024-02-03T13:54:52","slug":"essential-aminos-es-es","status":"publish","type":"product","link":"https:\/\/livegood.network\/shop\/es-es\/product\/essential-aminos-es-es\/","title":{"rendered":"Amino\u00e1cidos Esenciales"},"content":{"rendered":"<p><strong><span>El combustible \u00f3ptimo para tu cuerpo<\/span><\/strong><\/p>\n<p><span>Cuando se trata de lograr el m\u00e1ximo rendimiento, \u00a1nada supera la efectividad de los Essential Aminos de LiveGood!\u00a0Nuestra f\u00f3rmula exclusiva le proporciona una proporci\u00f3n finamente ajustada de TODOS los amino\u00e1cidos esenciales, amino\u00e1cidos de cadena ramificada y electrolitos para reforzar la fuerza y \u200b\u200bfunci\u00f3n muscular, preservar la masa muscular magra, mejorar la resistencia y la recuperaci\u00f3n, y fomentar un estado de energ\u00eda y concentraci\u00f3n saludables. !<\/span><\/p>\n<p><span>Energ\u00eda vitalizante a pedido<\/span><\/p>\n<p><span>\u00a1Los amino\u00e1cidos esenciales de LiveGood est\u00e1n meticulosamente elaborados con ingredientes naturales de la m\u00e1s alta calidad que se pueden obtener en cualquier lugar!\u00a0Ya sea al amanecer, una sesi\u00f3n previa al gimnasio o para combatir la fatiga de la tarde, Essential Aminos se puede consumir de forma segura en cualquier momento y en cualquier lugar, \u00a1lo que produce RESULTADOS tangibles!<\/span><\/p>\n<p><span>Libre de cafe\u00edna<\/span><\/p>\n<p><span>Libre de crueldad<\/span><\/p>\n<p><span>Sin gluten<\/span><\/p>\n<p><span>Certificado GMP<\/span><\/p>\n<p><span>Amigable con Keto<\/span><\/p>\n<p><span>No GMO<\/span><\/p>\n<p><span>Sin nueces<\/span><\/p>\n<p>Soy-Free<\/p>\n<p><span>Probado por terceros<\/span><\/p>\n<p><span>Vegano<\/span><\/p>\n<p><strong><span>C\u00d3MO UTILIZAR:<\/span><\/strong><br \/>\n<span>Mezcle 1 cucharada de polvo en agua hasta dos veces al d\u00eda, preferiblemente 30 minutos antes de un entrenamiento y nuevamente durante el d\u00eda como bebida refrescante.<\/span><\/p>\n<p><span>Gane puntos de bonificaci\u00f3n ya que consumir Essential Aminos contribuye a su objetivo diario de prote\u00ednas.\u00a0\u00a1Bien hecho!<\/span><\/p>\n<p><span>MEJOR tomado todos los d\u00edas.<\/span><\/p>\n<p><span>Consejo profesional: considere sustituir esta bebida por un refresco o una bebida azucarada para obtener una opci\u00f3n m\u00e1s saludable.<\/span><\/p>\n","protected":false},"excerpt":{"rendered":"<p><img decoding=\"async\" class=\"emoji\" role=\"img\" draggable=\"false\" src=\"https:\/\/s.w.org\/images\/core\/emoji\/14.0.0\/svg\/1f49a.svg\" alt=\"LiveGooD Love\" \/ > Apoyar la fuerza y funci\u00f3n muscular<br \/>\n<img decoding=\"async\" class=\"emoji\" role=\"img\" draggable=\"false\" src=\"https:\/\/s.w.org\/images\/core\/emoji\/14.0.0\/svg\/1f49a.svg\" alt=\"LiveGooD Love\" \/ > Aumentar la resistencia y la recuperaci\u00f3n<br \/>\n<img decoding=\"async\" class=\"emoji\" role=\"img\" draggable=\"false\" src=\"https:\/\/s.w.org\/images\/core\/emoji\/14.0.0\/svg\/1f49a.svg\" alt=\"LiveGooD Love\" \/ > Promover la energ\u00eda y el enfoque<\/p>\n","protected":false},"featured_media":250,"comment_status":"open","ping_status":"closed","template":"","meta":[],"product_brand":[],"product_cat":[212],"product_tag":[],"class_list":{"0":"post-1020","1":"product","2":"type-product","3":"status-publish","4":"has-post-thumbnail","6":"product_cat-supplements-es-es","8":"first","9":"instock","10":"sale","11":"shipping-taxable","12":"product-type-external"},"yoast_head":"<!-- This site is optimized with the Yoast SEO Premium plugin v20.6 (Yoast SEO v21.8.1) - https:\/\/yoast.com\/wordpress\/plugins\/seo\/ -->\n<title>Amino\u00e1cidos Esenciales - LiveGooD Shop<\/title>\n<meta name=\"robots\" content=\"index, follow, max-snippet:-1, max-image-preview:large, max-video-preview:-1\" \/>\n<link rel=\"canonical\" href=\"https:\/\/livegood.network\/shop\/es-es\/product\/essential-aminos-es-es\/\" \/>\n<meta property=\"og:locale\" content=\"en_US\" \/>\n<meta property=\"og:type\" content=\"article\" \/>\n<meta property=\"og:title\" content=\"Amino\u00e1cidos Esenciales\" \/>\n<meta property=\"og:description\" content=\"Apoyar la fuerza y funci\u00f3n muscular  Aumentar la resistencia y la recuperaci\u00f3n  Promover la energ\u00eda y el enfoque\" \/>\n<meta property=\"og:url\" content=\"https:\/\/livegood.network\/shop\/es-es\/product\/essential-aminos-es-es\/\" \/>\n<meta property=\"article:publisher\" content=\"https:\/\/www.facebook.com\/livegoodhello\" \/>\n<meta property=\"article:modified_time\" content=\"2024-02-03T13:54:52+00:00\" \/>\n<meta property=\"og:image\" content=\"https:\/\/livegood.network\/shop\/wp-content\/uploads\/2024\/01\/aminos-fruitpunch-livegood.png\" \/>\n\t<meta property=\"og:image:width\" content=\"720\" \/>\n\t<meta property=\"og:image:height\" content=\"720\" \/>\n\t<meta property=\"og:image:type\" content=\"image\/png\" \/>\n<meta name=\"twitter:card\" content=\"summary_large_image\" \/>\n<meta name=\"twitter:label1\" content=\"Est. reading time\" \/>\n\t<meta name=\"twitter:data1\" content=\"2 minutes\" \/>\n<script type=\"application\/ld+json\" class=\"yoast-schema-graph\">{\"@context\":\"https:\/\/schema.org\",\"@graph\":[{\"@type\":\"WebPage\",\"@id\":\"https:\/\/livegood.network\/shop\/es-es\/product\/essential-aminos-es-es\/\",\"url\":\"https:\/\/livegood.network\/shop\/es-es\/product\/essential-aminos-es-es\/\",\"name\":\"Amino\u00e1cidos Esenciales - LiveGooD Shop\",\"isPartOf\":{\"@id\":\"https:\/\/livegood.network\/shop\/#website\"},\"datePublished\":\"2024-01-25T17:50:23+00:00\",\"dateModified\":\"2024-02-03T13:54:52+00:00\",\"breadcrumb\":{\"@id\":\"https:\/\/livegood.network\/shop\/es-es\/product\/essential-aminos-es-es\/#breadcrumb\"},\"inLanguage\":\"en-US\",\"potentialAction\":[{\"@type\":\"ReadAction\",\"target\":[\"https:\/\/livegood.network\/shop\/es-es\/product\/essential-aminos-es-es\/\"]}]},{\"@type\":\"BreadcrumbList\",\"@id\":\"https:\/\/livegood.network\/shop\/es-es\/product\/essential-aminos-es-es\/#breadcrumb\",\"itemListElement\":[{\"@type\":\"ListItem\",\"position\":1,\"name\":\"Home\",\"item\":\"https:\/\/livegood.network\/shop\/pt-br\/\"},{\"@type\":\"ListItem\",\"position\":2,\"name\":\"Shop\",\"item\":\"https:\/\/livegood.network\/shop\/shop\/\"},{\"@type\":\"ListItem\",\"position\":3,\"name\":\"Amino\u00e1cidos Esenciales\"}]},{\"@type\":\"WebSite\",\"@id\":\"https:\/\/livegood.network\/shop\/#website\",\"url\":\"https:\/\/livegood.network\/shop\/\",\"name\":\"LiveGooD Shop\",\"description\":\"\",\"publisher\":{\"@id\":\"https:\/\/livegood.network\/shop\/#organization\"},\"potentialAction\":[{\"@type\":\"SearchAction\",\"target\":{\"@type\":\"EntryPoint\",\"urlTemplate\":\"https:\/\/livegood.network\/shop\/?s={search_term_string}\"},\"query-input\":\"required name=search_term_string\"}],\"inLanguage\":\"en-US\"},{\"@type\":\"Organization\",\"@id\":\"https:\/\/livegood.network\/shop\/#organization\",\"name\":\"LiveGooD\",\"url\":\"https:\/\/livegood.network\/shop\/\",\"logo\":{\"@type\":\"ImageObject\",\"inLanguage\":\"en-US\",\"@id\":\"https:\/\/livegood.network\/shop\/#\/schema\/logo\/image\/\",\"url\":\"https:\/\/livegood.network\/shop\/wp-content\/uploads\/2024\/01\/logo-livegood-shop-main.png\",\"contentUrl\":\"https:\/\/livegood.network\/shop\/wp-content\/uploads\/2024\/01\/logo-livegood-shop-main.png\",\"width\":373,\"height\":115,\"caption\":\"LiveGooD\"},\"image\":{\"@id\":\"https:\/\/livegood.network\/shop\/#\/schema\/logo\/image\/\"},\"sameAs\":[\"https:\/\/www.facebook.com\/livegoodhello\"]}]}<\/script>\n<!-- \/ Yoast SEO Premium plugin. -->","yoast_head_json":{"title":"Amino\u00e1cidos Esenciales - LiveGooD Shop","robots":{"index":"index","follow":"follow","max-snippet":"max-snippet:-1","max-image-preview":"max-image-preview:large","max-video-preview":"max-video-preview:-1"},"canonical":"https:\/\/livegood.network\/shop\/es-es\/product\/essential-aminos-es-es\/","og_locale":"en_US","og_type":"article","og_title":"Amino\u00e1cidos Esenciales","og_description":"Apoyar la fuerza y funci\u00f3n muscular  Aumentar la resistencia y la recuperaci\u00f3n  Promover la energ\u00eda y el enfoque","og_url":"https:\/\/livegood.network\/shop\/es-es\/product\/essential-aminos-es-es\/","article_publisher":"https:\/\/www.facebook.com\/livegoodhello","article_modified_time":"2024-02-03T13:54:52+00:00","og_image":[{"width":720,"height":720,"url":"https:\/\/livegood.network\/shop\/wp-content\/uploads\/2024\/01\/aminos-fruitpunch-livegood.png","type":"image\/png"}],"twitter_card":"summary_large_image","twitter_misc":{"Est. reading time":"2 minutes"},"schema":{"@context":"https:\/\/schema.org","@graph":[{"@type":"WebPage","@id":"https:\/\/livegood.network\/shop\/es-es\/product\/essential-aminos-es-es\/","url":"https:\/\/livegood.network\/shop\/es-es\/product\/essential-aminos-es-es\/","name":"Amino\u00e1cidos Esenciales - LiveGooD Shop","isPartOf":{"@id":"https:\/\/livegood.network\/shop\/#website"},"datePublished":"2024-01-25T17:50:23+00:00","dateModified":"2024-02-03T13:54:52+00:00","breadcrumb":{"@id":"https:\/\/livegood.network\/shop\/es-es\/product\/essential-aminos-es-es\/#breadcrumb"},"inLanguage":"en-US","potentialAction":[{"@type":"ReadAction","target":["https:\/\/livegood.network\/shop\/es-es\/product\/essential-aminos-es-es\/"]}]},{"@type":"BreadcrumbList","@id":"https:\/\/livegood.network\/shop\/es-es\/product\/essential-aminos-es-es\/#breadcrumb","itemListElement":[{"@type":"ListItem","position":1,"name":"Home","item":"https:\/\/livegood.network\/shop\/pt-br\/"},{"@type":"ListItem","position":2,"name":"Shop","item":"https:\/\/livegood.network\/shop\/shop\/"},{"@type":"ListItem","position":3,"name":"Amino\u00e1cidos Esenciales"}]},{"@type":"WebSite","@id":"https:\/\/livegood.network\/shop\/#website","url":"https:\/\/livegood.network\/shop\/","name":"LiveGooD Shop","description":"","publisher":{"@id":"https:\/\/livegood.network\/shop\/#organization"},"potentialAction":[{"@type":"SearchAction","target":{"@type":"EntryPoint","urlTemplate":"https:\/\/livegood.network\/shop\/?s={search_term_string}"},"query-input":"required name=search_term_string"}],"inLanguage":"en-US"},{"@type":"Organization","@id":"https:\/\/livegood.network\/shop\/#organization","name":"LiveGooD","url":"https:\/\/livegood.network\/shop\/","logo":{"@type":"ImageObject","inLanguage":"en-US","@id":"https:\/\/livegood.network\/shop\/#\/schema\/logo\/image\/","url":"https:\/\/livegood.network\/shop\/wp-content\/uploads\/2024\/01\/logo-livegood-shop-main.png","contentUrl":"https:\/\/livegood.network\/shop\/wp-content\/uploads\/2024\/01\/logo-livegood-shop-main.png","width":373,"height":115,"caption":"LiveGooD"},"image":{"@id":"https:\/\/livegood.network\/shop\/#\/schema\/logo\/image\/"},"sameAs":["https:\/\/www.facebook.com\/livegoodhello"]}]}},"lang":"es-es","translations":{"es-es":1020,"pt-br":1032,"pt-pt":1021,"en-us":248,"fr-fr":1019,"vi":1022,"ru-ru":1023,"ko":1025},"pll_sync_post":[],"_links":{"self":[{"href":"https:\/\/livegood.network\/shop\/wp-json\/wp\/v2\/product\/1020","targetHints":{"allow":["GET"]}}],"collection":[{"href":"https:\/\/livegood.network\/shop\/wp-json\/wp\/v2\/product"}],"about":[{"href":"https:\/\/livegood.network\/shop\/wp-json\/wp\/v2\/types\/product"}],"replies":[{"embeddable":true,"href":"https:\/\/livegood.network\/shop\/wp-json\/wp\/v2\/comments?post=1020"}],"version-history":[{"count":1,"href":"https:\/\/livegood.network\/shop\/wp-json\/wp\/v2\/product\/1020\/revisions"}],"predecessor-version":[{"id":1689,"href":"https:\/\/livegood.network\/shop\/wp-json\/wp\/v2\/product\/1020\/revisions\/1689"}],"wp:featuredmedia":[{"embeddable":true,"href":"https:\/\/livegood.network\/shop\/wp-json\/wp\/v2\/media\/250"}],"wp:attachment":[{"href":"https:\/\/livegood.network\/shop\/wp-json\/wp\/v2\/media?parent=1020"}],"wp:term":[{"taxonomy":"product_brand","embeddable":true,"href":"https:\/\/livegood.network\/shop\/wp-json\/wp\/v2\/product_brand?post=1020"},{"taxonomy":"product_cat","embeddable":true,"href":"https:\/\/livegood.network\/shop\/wp-json\/wp\/v2\/product_cat?post=1020"},{"taxonomy":"product_tag","embeddable":true,"href":"https:\/\/livegood.network\/shop\/wp-json\/wp\/v2\/product_tag?post=1020"}],"curies":[{"name":"wp","href":"https:\/\/api.w.org\/{rel}","templated":true}]}}