{"id":1021,"date":"2024-01-25T17:48:13","date_gmt":"2024-01-25T17:48:13","guid":{"rendered":"https:\/\/livegood.network\/shop\/?post_type=product&#038;p=1021"},"modified":"2024-02-03T13:55:27","modified_gmt":"2024-02-03T13:55:27","slug":"essential-aminos-pt-pt","status":"publish","type":"product","link":"https:\/\/livegood.network\/shop\/pt-pt\/product\/essential-aminos-pt-pt\/","title":{"rendered":"Amino\u00e1cidos Essenciais"},"content":{"rendered":"<p><strong><span>O combust\u00edvel ideal para o seu corpo<\/span><\/strong><\/p>\n<p><span>Quando se trata de atingir o desempenho m\u00e1ximo, nada supera a efic\u00e1cia dos Essential Aminos da LiveGood!\u00a0Nossa f\u00f3rmula exclusiva fornece uma propor\u00e7\u00e3o ajustada de TODOS os amino\u00e1cidos essenciais, amino\u00e1cidos de cadeia ramificada e eletr\u00f3litos para refor\u00e7ar a for\u00e7a e a fun\u00e7\u00e3o muscular, preservar a massa muscular magra, aumentar a resist\u00eancia e a recupera\u00e7\u00e3o e promover um estado de energia e foco saud\u00e1veis. !<\/span><\/p>\n<p><span>Vitalizando Energia sob Demanda<\/span><\/p>\n<p><span>Os Aminos Essenciais da LiveGood s\u00e3o meticulosamente elaborados com ingredientes naturais da mais alta qualidade, dispon\u00edveis em qualquer lugar!\u00a0Seja ao amanhecer, na sess\u00e3o pr\u00e9-gin\u00e1stica ou no combate ao cansa\u00e7o da tarde, os Essential Aminos podem ser consumidos com seguran\u00e7a a qualquer hora, em qualquer lugar, produzindo RESULTADOS tang\u00edveis!<\/span><\/p>\n<p><span>Livre de cafe\u00edna<\/span><\/p>\n<p><span>Crueldade livre<\/span><\/p>\n<p><span>N\u00e3o cont\u00e9m gluten<\/span><\/p>\n<p><span>Certificado GMP<\/span><\/p>\n<p><span>Amig\u00e1vel ao ceto<\/span><\/p>\n<p><span>N\u00e3o OGM<\/span><\/p>\n<p><span>Sem nozes<\/span><\/p>\n<p><span>Sem soja<\/span><\/p>\n<p><span>Testado por terceiros<\/span><\/p>\n<p><span>Vegano<\/span><\/p>\n<p><strong><span>MODO DE USAR:<\/span><\/strong><br \/>\n<span>Misture 1 colher de p\u00f3 em \u00e1gua at\u00e9 duas vezes ao dia, de prefer\u00eancia 30 minutos antes do treino e novamente ao longo do dia como uma bebida refrescante.<\/span><\/p>\n<p><span>Ganhe pontos de b\u00f4nus, pois o consumo de Essential Aminos contribui para sua meta di\u00e1ria de prote\u00edna.\u00a0Bom trabalho!<\/span><\/p>\n<p><span>MELHOR tomado todos os dias.<\/span><\/p>\n<p><span>Dica profissional: considere substituir esta bebida por um refrigerante ou bebida a\u00e7ucarada para uma escolha mais saud\u00e1vel.<\/span><\/p>\n","protected":false},"excerpt":{"rendered":"<p><img decoding=\"async\" class=\"emoji\" role=\"img\" draggable=\"false\" src=\"https:\/\/s.w.org\/images\/core\/emoji\/14.0.0\/svg\/1f49a.svg\" alt=\"LiveGooD Love\" \/ > Apoiar a for\u00e7a e fun\u00e7\u00e3o muscular<br \/>\n<img decoding=\"async\" class=\"emoji\" role=\"img\" draggable=\"false\" src=\"https:\/\/s.w.org\/images\/core\/emoji\/14.0.0\/svg\/1f49a.svg\" alt=\"LiveGooD Love\" \/ > Aumente a resist\u00eancia e a recupera\u00e7\u00e3o<br \/>\n<img decoding=\"async\" class=\"emoji\" role=\"img\" draggable=\"false\" src=\"https:\/\/s.w.org\/images\/core\/emoji\/14.0.0\/svg\/1f49a.svg\" alt=\"LiveGooD Love\" \/ > Promova Energia e Foco<\/p>\n","protected":false},"featured_media":250,"comment_status":"open","ping_status":"closed","template":"","meta":[],"product_brand":[],"product_cat":[217],"product_tag":[],"class_list":{"0":"post-1021","1":"product","2":"type-product","3":"status-publish","4":"has-post-thumbnail","6":"product_cat-supplements-pt-pt","8":"first","9":"instock","10":"sale","11":"shipping-taxable","12":"product-type-external"},"yoast_head":"<!-- This site is optimized with the Yoast SEO Premium plugin v20.6 (Yoast SEO v21.8.1) - https:\/\/yoast.com\/wordpress\/plugins\/seo\/ -->\n<title>Amino\u00e1cidos Essenciais - LiveGooD Shop<\/title>\n<meta name=\"robots\" content=\"index, follow, max-snippet:-1, max-image-preview:large, max-video-preview:-1\" \/>\n<link rel=\"canonical\" href=\"https:\/\/livegood.network\/shop\/pt-pt\/product\/essential-aminos-pt-pt\/\" \/>\n<meta property=\"og:locale\" content=\"en_US\" \/>\n<meta property=\"og:type\" content=\"article\" \/>\n<meta property=\"og:title\" content=\"Amino\u00e1cidos Essenciais\" \/>\n<meta property=\"og:description\" content=\"Apoiar a for\u00e7a e fun\u00e7\u00e3o muscular  Aumente a resist\u00eancia e a recupera\u00e7\u00e3o  Promova Energia e Foco\" \/>\n<meta property=\"og:url\" content=\"https:\/\/livegood.network\/shop\/pt-pt\/product\/essential-aminos-pt-pt\/\" \/>\n<meta property=\"article:publisher\" content=\"https:\/\/www.facebook.com\/livegoodhello\" \/>\n<meta property=\"article:modified_time\" content=\"2024-02-03T13:55:27+00:00\" \/>\n<meta property=\"og:image\" content=\"https:\/\/livegood.network\/shop\/wp-content\/uploads\/2024\/01\/aminos-fruitpunch-livegood.png\" \/>\n\t<meta property=\"og:image:width\" content=\"720\" \/>\n\t<meta property=\"og:image:height\" content=\"720\" \/>\n\t<meta property=\"og:image:type\" content=\"image\/png\" \/>\n<meta name=\"twitter:card\" content=\"summary_large_image\" \/>\n<meta name=\"twitter:label1\" content=\"Est. reading time\" \/>\n\t<meta name=\"twitter:data1\" content=\"2 minutes\" \/>\n<script type=\"application\/ld+json\" class=\"yoast-schema-graph\">{\"@context\":\"https:\/\/schema.org\",\"@graph\":[{\"@type\":\"WebPage\",\"@id\":\"https:\/\/livegood.network\/shop\/pt-pt\/product\/essential-aminos-pt-pt\/\",\"url\":\"https:\/\/livegood.network\/shop\/pt-pt\/product\/essential-aminos-pt-pt\/\",\"name\":\"Amino\u00e1cidos Essenciais - LiveGooD Shop\",\"isPartOf\":{\"@id\":\"https:\/\/livegood.network\/shop\/#website\"},\"datePublished\":\"2024-01-25T17:48:13+00:00\",\"dateModified\":\"2024-02-03T13:55:27+00:00\",\"breadcrumb\":{\"@id\":\"https:\/\/livegood.network\/shop\/pt-pt\/product\/essential-aminos-pt-pt\/#breadcrumb\"},\"inLanguage\":\"en-US\",\"potentialAction\":[{\"@type\":\"ReadAction\",\"target\":[\"https:\/\/livegood.network\/shop\/pt-pt\/product\/essential-aminos-pt-pt\/\"]}]},{\"@type\":\"BreadcrumbList\",\"@id\":\"https:\/\/livegood.network\/shop\/pt-pt\/product\/essential-aminos-pt-pt\/#breadcrumb\",\"itemListElement\":[{\"@type\":\"ListItem\",\"position\":1,\"name\":\"Home\",\"item\":\"https:\/\/livegood.network\/shop\/pt-br\/\"},{\"@type\":\"ListItem\",\"position\":2,\"name\":\"Shop\",\"item\":\"https:\/\/livegood.network\/shop\/shop\/\"},{\"@type\":\"ListItem\",\"position\":3,\"name\":\"Amino\u00e1cidos Essenciais\"}]},{\"@type\":\"WebSite\",\"@id\":\"https:\/\/livegood.network\/shop\/#website\",\"url\":\"https:\/\/livegood.network\/shop\/\",\"name\":\"LiveGooD Shop\",\"description\":\"\",\"publisher\":{\"@id\":\"https:\/\/livegood.network\/shop\/#organization\"},\"potentialAction\":[{\"@type\":\"SearchAction\",\"target\":{\"@type\":\"EntryPoint\",\"urlTemplate\":\"https:\/\/livegood.network\/shop\/?s={search_term_string}\"},\"query-input\":\"required name=search_term_string\"}],\"inLanguage\":\"en-US\"},{\"@type\":\"Organization\",\"@id\":\"https:\/\/livegood.network\/shop\/#organization\",\"name\":\"LiveGooD\",\"url\":\"https:\/\/livegood.network\/shop\/\",\"logo\":{\"@type\":\"ImageObject\",\"inLanguage\":\"en-US\",\"@id\":\"https:\/\/livegood.network\/shop\/#\/schema\/logo\/image\/\",\"url\":\"https:\/\/livegood.network\/shop\/wp-content\/uploads\/2024\/01\/logo-livegood-shop-main.png\",\"contentUrl\":\"https:\/\/livegood.network\/shop\/wp-content\/uploads\/2024\/01\/logo-livegood-shop-main.png\",\"width\":373,\"height\":115,\"caption\":\"LiveGooD\"},\"image\":{\"@id\":\"https:\/\/livegood.network\/shop\/#\/schema\/logo\/image\/\"},\"sameAs\":[\"https:\/\/www.facebook.com\/livegoodhello\"]}]}<\/script>\n<!-- \/ Yoast SEO Premium plugin. -->","yoast_head_json":{"title":"Amino\u00e1cidos Essenciais - LiveGooD Shop","robots":{"index":"index","follow":"follow","max-snippet":"max-snippet:-1","max-image-preview":"max-image-preview:large","max-video-preview":"max-video-preview:-1"},"canonical":"https:\/\/livegood.network\/shop\/pt-pt\/product\/essential-aminos-pt-pt\/","og_locale":"en_US","og_type":"article","og_title":"Amino\u00e1cidos Essenciais","og_description":"Apoiar a for\u00e7a e fun\u00e7\u00e3o muscular  Aumente a resist\u00eancia e a recupera\u00e7\u00e3o  Promova Energia e Foco","og_url":"https:\/\/livegood.network\/shop\/pt-pt\/product\/essential-aminos-pt-pt\/","article_publisher":"https:\/\/www.facebook.com\/livegoodhello","article_modified_time":"2024-02-03T13:55:27+00:00","og_image":[{"width":720,"height":720,"url":"https:\/\/livegood.network\/shop\/wp-content\/uploads\/2024\/01\/aminos-fruitpunch-livegood.png","type":"image\/png"}],"twitter_card":"summary_large_image","twitter_misc":{"Est. reading time":"2 minutes"},"schema":{"@context":"https:\/\/schema.org","@graph":[{"@type":"WebPage","@id":"https:\/\/livegood.network\/shop\/pt-pt\/product\/essential-aminos-pt-pt\/","url":"https:\/\/livegood.network\/shop\/pt-pt\/product\/essential-aminos-pt-pt\/","name":"Amino\u00e1cidos Essenciais - LiveGooD Shop","isPartOf":{"@id":"https:\/\/livegood.network\/shop\/#website"},"datePublished":"2024-01-25T17:48:13+00:00","dateModified":"2024-02-03T13:55:27+00:00","breadcrumb":{"@id":"https:\/\/livegood.network\/shop\/pt-pt\/product\/essential-aminos-pt-pt\/#breadcrumb"},"inLanguage":"en-US","potentialAction":[{"@type":"ReadAction","target":["https:\/\/livegood.network\/shop\/pt-pt\/product\/essential-aminos-pt-pt\/"]}]},{"@type":"BreadcrumbList","@id":"https:\/\/livegood.network\/shop\/pt-pt\/product\/essential-aminos-pt-pt\/#breadcrumb","itemListElement":[{"@type":"ListItem","position":1,"name":"Home","item":"https:\/\/livegood.network\/shop\/pt-br\/"},{"@type":"ListItem","position":2,"name":"Shop","item":"https:\/\/livegood.network\/shop\/shop\/"},{"@type":"ListItem","position":3,"name":"Amino\u00e1cidos Essenciais"}]},{"@type":"WebSite","@id":"https:\/\/livegood.network\/shop\/#website","url":"https:\/\/livegood.network\/shop\/","name":"LiveGooD Shop","description":"","publisher":{"@id":"https:\/\/livegood.network\/shop\/#organization"},"potentialAction":[{"@type":"SearchAction","target":{"@type":"EntryPoint","urlTemplate":"https:\/\/livegood.network\/shop\/?s={search_term_string}"},"query-input":"required name=search_term_string"}],"inLanguage":"en-US"},{"@type":"Organization","@id":"https:\/\/livegood.network\/shop\/#organization","name":"LiveGooD","url":"https:\/\/livegood.network\/shop\/","logo":{"@type":"ImageObject","inLanguage":"en-US","@id":"https:\/\/livegood.network\/shop\/#\/schema\/logo\/image\/","url":"https:\/\/livegood.network\/shop\/wp-content\/uploads\/2024\/01\/logo-livegood-shop-main.png","contentUrl":"https:\/\/livegood.network\/shop\/wp-content\/uploads\/2024\/01\/logo-livegood-shop-main.png","width":373,"height":115,"caption":"LiveGooD"},"image":{"@id":"https:\/\/livegood.network\/shop\/#\/schema\/logo\/image\/"},"sameAs":["https:\/\/www.facebook.com\/livegoodhello"]}]}},"lang":"pt-pt","translations":{"pt-pt":1021,"pt-br":1032,"en-us":248,"fr-fr":1019,"es-es":1020,"vi":1022,"ru-ru":1023,"ko":1025},"pll_sync_post":[],"_links":{"self":[{"href":"https:\/\/livegood.network\/shop\/wp-json\/wp\/v2\/product\/1021","targetHints":{"allow":["GET"]}}],"collection":[{"href":"https:\/\/livegood.network\/shop\/wp-json\/wp\/v2\/product"}],"about":[{"href":"https:\/\/livegood.network\/shop\/wp-json\/wp\/v2\/types\/product"}],"replies":[{"embeddable":true,"href":"https:\/\/livegood.network\/shop\/wp-json\/wp\/v2\/comments?post=1021"}],"version-history":[{"count":1,"href":"https:\/\/livegood.network\/shop\/wp-json\/wp\/v2\/product\/1021\/revisions"}],"predecessor-version":[{"id":1692,"href":"https:\/\/livegood.network\/shop\/wp-json\/wp\/v2\/product\/1021\/revisions\/1692"}],"wp:featuredmedia":[{"embeddable":true,"href":"https:\/\/livegood.network\/shop\/wp-json\/wp\/v2\/media\/250"}],"wp:attachment":[{"href":"https:\/\/livegood.network\/shop\/wp-json\/wp\/v2\/media?parent=1021"}],"wp:term":[{"taxonomy":"product_brand","embeddable":true,"href":"https:\/\/livegood.network\/shop\/wp-json\/wp\/v2\/product_brand?post=1021"},{"taxonomy":"product_cat","embeddable":true,"href":"https:\/\/livegood.network\/shop\/wp-json\/wp\/v2\/product_cat?post=1021"},{"taxonomy":"product_tag","embeddable":true,"href":"https:\/\/livegood.network\/shop\/wp-json\/wp\/v2\/product_tag?post=1021"}],"curies":[{"name":"wp","href":"https:\/\/api.w.org\/{rel}","templated":true}]}}