{"id":1022,"date":"2024-01-25T17:45:59","date_gmt":"2024-01-25T17:45:59","guid":{"rendered":"https:\/\/livegood.network\/shop\/?post_type=product&#038;p=1022"},"modified":"2024-02-03T13:55:37","modified_gmt":"2024-02-03T13:55:37","slug":"essential-aminos-vi","status":"publish","type":"product","link":"https:\/\/livegood.network\/shop\/vi\/product\/essential-aminos-vi\/","title":{"rendered":"Axit amin thi\u1ebft y\u1ebfu"},"content":{"rendered":"<p><strong><span>Nhi\u00ean li\u1ec7u t\u1ed1i \u01b0u cho c\u01a1 th\u1ec3 b\u1ea1n<\/span><\/strong><\/p>\n<p><span>Khi n\u00f3i \u0111\u1ebfn vi\u1ec7c \u0111\u1ea1t \u0111\u01b0\u1ee3c hi\u1ec7u su\u1ea5t cao nh\u1ea5t, kh\u00f4ng g\u00ec c\u00f3 th\u1ec3 v\u01b0\u1ee3t qua \u0111\u01b0\u1ee3c hi\u1ec7u qu\u1ea3 c\u1ee7a Essential Aminos c\u1ee7a LiveGood!\u00a0C\u00f4ng th\u1ee9c \u0111\u1ed9c quy\u1ec1n c\u1ee7a ch\u00fang t\u00f4i cung c\u1ea5p cho b\u1ea1n t\u1ef7 l\u1ec7 tinh ch\u1ec9nh c\u1ee7a T\u1ea4T C\u1ea2 c\u00e1c axit amin thi\u1ebft y\u1ebfu, axit amin chu\u1ed7i nh\u00e1nh v\u00e0 ch\u1ea5t \u0111i\u1ec7n gi\u1ea3i \u0111\u1ec3 t\u0103ng c\u01b0\u1eddng s\u1ee9c m\u1ea1nh v\u00e0 ch\u1ee9c n\u0103ng c\u01a1 b\u1eafp, duy tr\u00ec kh\u1ed1i l\u01b0\u1ee3ng c\u01a1 n\u1ea1c, t\u0103ng c\u01b0\u1eddng s\u1ee9c ch\u1ecbu \u0111\u1ef1ng v\u00e0 kh\u1ea3 n\u0103ng ph\u1ee5c h\u1ed3i, \u0111\u1ed3ng th\u1eddi th\u00fac \u0111\u1ea9y tr\u1ea1ng th\u00e1i n\u0103ng l\u01b0\u1ee3ng v\u00e0 s\u1ef1 t\u1eadp trung kh\u1ecfe m\u1ea1nh !<\/span><\/p>\n<p><span>T\u0103ng c\u01b0\u1eddng n\u0103ng l\u01b0\u1ee3ng theo y\u00eau c\u1ea7u<\/span><\/p>\n<p><span>C\u00e1c amino thi\u1ebft y\u1ebfu c\u1ee7a LiveGood \u0111\u01b0\u1ee3c ch\u1ebf t\u1ea1o t\u1ec9 m\u1ec9 v\u1edbi c\u00e1c th\u00e0nh ph\u1ea7n t\u1ef1 nhi\u00ean ch\u1ea5t l\u01b0\u1ee3ng cao nh\u1ea5t c\u00f3 th\u1ec3 mua \u0111\u01b0\u1ee3c \u1edf b\u1ea5t c\u1ee9 \u0111\u00e2u!\u00a0Cho d\u00f9 \u0111\u00f3 l\u00e0 l\u00fac b\u00ecnh minh, bu\u1ed5i t\u1eadp tr\u01b0\u1edbc khi t\u1eadp th\u1ec3 d\u1ee5c hay ch\u1ed1ng l\u1ea1i s\u1ef1 m\u1ec7t m\u1ecfi v\u00e0o bu\u1ed5i chi\u1ec1u, Essential Aminos c\u00f3 th\u1ec3 \u0111\u01b0\u1ee3c ti\u00eau th\u1ee5 m\u1ed9t c\u00e1ch an to\u00e0n m\u1ecdi l\u00fac, m\u1ecdi n\u01a1i, mang l\u1ea1i K\u1ebeT QU\u1ea2 r\u00f5 r\u00e0ng!<\/span><\/p>\n<p><span>Kh\u00f4ng ch\u1ee9a caffein<\/span><\/p>\n<p><span>T\u00e0n \u00e1c mi\u1ec5n ph\u00ed<\/span><\/p>\n<p><span>Kh\u00f4ng ch\u1ee9a gluten<\/span><\/p>\n<p><span>Ch\u1ee9ng nh\u1eadn GMP<\/span><\/p>\n<p><span>Th\u00e2n thi\u1ec7n v\u1edbi Keto<\/span><\/p>\n<p><span>Kh\u00f4ng bi\u1ebfn \u0111\u1ed5i gen<\/span><\/p>\n<p><span>Kh\u00f4ng c\u00f3 h\u1ea1t<\/span><\/p>\n<p><span>Kh\u00f4ng c\u00f3 \u0111\u1eadu n\u00e0nh<\/span><\/p>\n<p><span>\u0110\u00e3 \u0111\u01b0\u1ee3c b\u00ean th\u1ee9 ba ki\u1ec3m tra<\/span><\/p>\n<p><span>thu\u1ea7n chay<\/span><\/p>\n<p><strong><span>H\u01af\u1edaNG D\u1eaaN S\u1eec D\u1ee4NG:<\/span><\/strong><br \/>\n<span>Tr\u1ed9n 1 mu\u1ed7ng b\u1ed9t v\u1edbi n\u01b0\u1edbc t\u1ed1i \u0111a hai l\u1ea7n m\u1ed7i ng\u00e0y, t\u1ed1t nh\u1ea5t l\u00e0 30 ph\u00fat tr\u01b0\u1edbc khi t\u1eadp luy\u1ec7n v\u00e0 l\u1eb7p l\u1ea1i su\u1ed1t c\u1ea3 ng\u00e0y nh\u01b0 m\u1ed9t th\u1ee9c u\u1ed1ng gi\u1ea3i kh\u00e1t.<\/span><\/p>\n<p><span>Ki\u1ebfm \u0111i\u1ec3m th\u01b0\u1edfng khi ti\u00eau th\u1ee5 Essential Aminos g\u00f3p ph\u1ea7n v\u00e0o m\u1ee5c ti\u00eau protein h\u00e0ng ng\u00e0y c\u1ee7a b\u1ea1n.\u00a0L\u00e0m t\u1ed1t!<\/span><\/p>\n<p><span>T\u1ed0T NH\u1ea4T \u0111\u01b0\u1ee3c th\u1ef1c hi\u1ec7n m\u1ed7i ng\u00e0y.<\/span><\/p>\n<p><span>M\u1eb9o chuy\u00ean nghi\u1ec7p: h\u00e3y c\u00e2n nh\u1eafc vi\u1ec7c thay th\u1ebf \u0111\u1ed3 u\u1ed1ng n\u00e0y b\u1eb1ng soda ho\u1eb7c \u0111\u1ed3 u\u1ed1ng c\u00f3 \u0111\u01b0\u1eddng \u0111\u1ec3 c\u00f3 l\u1ef1a ch\u1ecdn l\u00e0nh m\u1ea1nh h\u01a1n.<\/span><\/p>\n","protected":false},"excerpt":{"rendered":"<p><img decoding=\"async\" class=\"emoji\" role=\"img\" draggable=\"false\" src=\"https:\/\/s.w.org\/images\/core\/emoji\/14.0.0\/svg\/1f49a.svg\" alt=\"LiveGooD Love\" \/ > H\u1ed7 tr\u1ee3 s\u1ee9c m\u1ea1nh v\u00e0 ch\u1ee9c n\u0103ng c\u01a1 b\u1eafp<br \/>\n<img decoding=\"async\" class=\"emoji\" role=\"img\" draggable=\"false\" src=\"https:\/\/s.w.org\/images\/core\/emoji\/14.0.0\/svg\/1f49a.svg\" alt=\"LiveGooD Love\" \/ > T\u0103ng c\u01b0\u1eddng s\u1ee9c ch\u1ecbu \u0111\u1ef1ng v\u00e0 ph\u1ee5c h\u1ed3i<br \/>\n<img decoding=\"async\" class=\"emoji\" role=\"img\" draggable=\"false\" src=\"https:\/\/s.w.org\/images\/core\/emoji\/14.0.0\/svg\/1f49a.svg\" alt=\"LiveGooD Love\" \/ > Th\u00fac \u0111\u1ea9y n\u0103ng l\u01b0\u1ee3ng v\u00e0 s\u1ef1 t\u1eadp trung<\/p>\n","protected":false},"featured_media":250,"comment_status":"open","ping_status":"closed","template":"","meta":[],"product_brand":[],"product_cat":[219],"product_tag":[],"class_list":{"0":"post-1022","1":"product","2":"type-product","3":"status-publish","4":"has-post-thumbnail","6":"product_cat-supplements-vi","8":"first","9":"instock","10":"sale","11":"shipping-taxable","12":"product-type-external"},"yoast_head":"<!-- This site is optimized with the Yoast SEO Premium plugin v20.6 (Yoast SEO v21.8.1) - https:\/\/yoast.com\/wordpress\/plugins\/seo\/ -->\n<title>Axit amin thi\u1ebft y\u1ebfu - LiveGooD Shop<\/title>\n<meta name=\"robots\" content=\"index, follow, max-snippet:-1, max-image-preview:large, max-video-preview:-1\" \/>\n<link rel=\"canonical\" href=\"https:\/\/livegood.network\/shop\/vi\/product\/essential-aminos-vi\/\" \/>\n<meta property=\"og:locale\" content=\"en_US\" \/>\n<meta property=\"og:type\" content=\"article\" \/>\n<meta property=\"og:title\" content=\"Axit amin thi\u1ebft y\u1ebfu\" \/>\n<meta property=\"og:description\" content=\"H\u1ed7 tr\u1ee3 s\u1ee9c m\u1ea1nh v\u00e0 ch\u1ee9c n\u0103ng c\u01a1 b\u1eafp  T\u0103ng c\u01b0\u1eddng s\u1ee9c ch\u1ecbu \u0111\u1ef1ng v\u00e0 ph\u1ee5c h\u1ed3i  Th\u00fac \u0111\u1ea9y n\u0103ng l\u01b0\u1ee3ng v\u00e0 s\u1ef1 t\u1eadp trung\" \/>\n<meta property=\"og:url\" content=\"https:\/\/livegood.network\/shop\/vi\/product\/essential-aminos-vi\/\" \/>\n<meta property=\"article:publisher\" content=\"https:\/\/www.facebook.com\/livegoodhello\" \/>\n<meta property=\"article:modified_time\" content=\"2024-02-03T13:55:37+00:00\" \/>\n<meta property=\"og:image\" content=\"https:\/\/livegood.network\/shop\/wp-content\/uploads\/2024\/01\/aminos-fruitpunch-livegood.png\" \/>\n\t<meta property=\"og:image:width\" content=\"720\" \/>\n\t<meta property=\"og:image:height\" content=\"720\" \/>\n\t<meta property=\"og:image:type\" content=\"image\/png\" \/>\n<meta name=\"twitter:card\" content=\"summary_large_image\" \/>\n<meta name=\"twitter:label1\" content=\"Est. reading time\" \/>\n\t<meta name=\"twitter:data1\" content=\"2 minutes\" \/>\n<script type=\"application\/ld+json\" class=\"yoast-schema-graph\">{\"@context\":\"https:\/\/schema.org\",\"@graph\":[{\"@type\":\"WebPage\",\"@id\":\"https:\/\/livegood.network\/shop\/vi\/product\/essential-aminos-vi\/\",\"url\":\"https:\/\/livegood.network\/shop\/vi\/product\/essential-aminos-vi\/\",\"name\":\"Axit amin thi\u1ebft y\u1ebfu - LiveGooD Shop\",\"isPartOf\":{\"@id\":\"https:\/\/livegood.network\/shop\/#website\"},\"datePublished\":\"2024-01-25T17:45:59+00:00\",\"dateModified\":\"2024-02-03T13:55:37+00:00\",\"breadcrumb\":{\"@id\":\"https:\/\/livegood.network\/shop\/vi\/product\/essential-aminos-vi\/#breadcrumb\"},\"inLanguage\":\"en-US\",\"potentialAction\":[{\"@type\":\"ReadAction\",\"target\":[\"https:\/\/livegood.network\/shop\/vi\/product\/essential-aminos-vi\/\"]}]},{\"@type\":\"BreadcrumbList\",\"@id\":\"https:\/\/livegood.network\/shop\/vi\/product\/essential-aminos-vi\/#breadcrumb\",\"itemListElement\":[{\"@type\":\"ListItem\",\"position\":1,\"name\":\"Home\",\"item\":\"https:\/\/livegood.network\/shop\/pt-br\/\"},{\"@type\":\"ListItem\",\"position\":2,\"name\":\"Shop\",\"item\":\"https:\/\/livegood.network\/shop\/shop\/\"},{\"@type\":\"ListItem\",\"position\":3,\"name\":\"Axit amin thi\u1ebft y\u1ebfu\"}]},{\"@type\":\"WebSite\",\"@id\":\"https:\/\/livegood.network\/shop\/#website\",\"url\":\"https:\/\/livegood.network\/shop\/\",\"name\":\"LiveGooD Shop\",\"description\":\"\",\"publisher\":{\"@id\":\"https:\/\/livegood.network\/shop\/#organization\"},\"potentialAction\":[{\"@type\":\"SearchAction\",\"target\":{\"@type\":\"EntryPoint\",\"urlTemplate\":\"https:\/\/livegood.network\/shop\/?s={search_term_string}\"},\"query-input\":\"required name=search_term_string\"}],\"inLanguage\":\"en-US\"},{\"@type\":\"Organization\",\"@id\":\"https:\/\/livegood.network\/shop\/#organization\",\"name\":\"LiveGooD\",\"url\":\"https:\/\/livegood.network\/shop\/\",\"logo\":{\"@type\":\"ImageObject\",\"inLanguage\":\"en-US\",\"@id\":\"https:\/\/livegood.network\/shop\/#\/schema\/logo\/image\/\",\"url\":\"https:\/\/livegood.network\/shop\/wp-content\/uploads\/2024\/01\/logo-livegood-shop-main.png\",\"contentUrl\":\"https:\/\/livegood.network\/shop\/wp-content\/uploads\/2024\/01\/logo-livegood-shop-main.png\",\"width\":373,\"height\":115,\"caption\":\"LiveGooD\"},\"image\":{\"@id\":\"https:\/\/livegood.network\/shop\/#\/schema\/logo\/image\/\"},\"sameAs\":[\"https:\/\/www.facebook.com\/livegoodhello\"]}]}<\/script>\n<!-- \/ Yoast SEO Premium plugin. -->","yoast_head_json":{"title":"Axit amin thi\u1ebft y\u1ebfu - LiveGooD Shop","robots":{"index":"index","follow":"follow","max-snippet":"max-snippet:-1","max-image-preview":"max-image-preview:large","max-video-preview":"max-video-preview:-1"},"canonical":"https:\/\/livegood.network\/shop\/vi\/product\/essential-aminos-vi\/","og_locale":"en_US","og_type":"article","og_title":"Axit amin thi\u1ebft y\u1ebfu","og_description":"H\u1ed7 tr\u1ee3 s\u1ee9c m\u1ea1nh v\u00e0 ch\u1ee9c n\u0103ng c\u01a1 b\u1eafp  T\u0103ng c\u01b0\u1eddng s\u1ee9c ch\u1ecbu \u0111\u1ef1ng v\u00e0 ph\u1ee5c h\u1ed3i  Th\u00fac \u0111\u1ea9y n\u0103ng l\u01b0\u1ee3ng v\u00e0 s\u1ef1 t\u1eadp trung","og_url":"https:\/\/livegood.network\/shop\/vi\/product\/essential-aminos-vi\/","article_publisher":"https:\/\/www.facebook.com\/livegoodhello","article_modified_time":"2024-02-03T13:55:37+00:00","og_image":[{"width":720,"height":720,"url":"https:\/\/livegood.network\/shop\/wp-content\/uploads\/2024\/01\/aminos-fruitpunch-livegood.png","type":"image\/png"}],"twitter_card":"summary_large_image","twitter_misc":{"Est. reading time":"2 minutes"},"schema":{"@context":"https:\/\/schema.org","@graph":[{"@type":"WebPage","@id":"https:\/\/livegood.network\/shop\/vi\/product\/essential-aminos-vi\/","url":"https:\/\/livegood.network\/shop\/vi\/product\/essential-aminos-vi\/","name":"Axit amin thi\u1ebft y\u1ebfu - LiveGooD Shop","isPartOf":{"@id":"https:\/\/livegood.network\/shop\/#website"},"datePublished":"2024-01-25T17:45:59+00:00","dateModified":"2024-02-03T13:55:37+00:00","breadcrumb":{"@id":"https:\/\/livegood.network\/shop\/vi\/product\/essential-aminos-vi\/#breadcrumb"},"inLanguage":"en-US","potentialAction":[{"@type":"ReadAction","target":["https:\/\/livegood.network\/shop\/vi\/product\/essential-aminos-vi\/"]}]},{"@type":"BreadcrumbList","@id":"https:\/\/livegood.network\/shop\/vi\/product\/essential-aminos-vi\/#breadcrumb","itemListElement":[{"@type":"ListItem","position":1,"name":"Home","item":"https:\/\/livegood.network\/shop\/pt-br\/"},{"@type":"ListItem","position":2,"name":"Shop","item":"https:\/\/livegood.network\/shop\/shop\/"},{"@type":"ListItem","position":3,"name":"Axit amin thi\u1ebft y\u1ebfu"}]},{"@type":"WebSite","@id":"https:\/\/livegood.network\/shop\/#website","url":"https:\/\/livegood.network\/shop\/","name":"LiveGooD Shop","description":"","publisher":{"@id":"https:\/\/livegood.network\/shop\/#organization"},"potentialAction":[{"@type":"SearchAction","target":{"@type":"EntryPoint","urlTemplate":"https:\/\/livegood.network\/shop\/?s={search_term_string}"},"query-input":"required name=search_term_string"}],"inLanguage":"en-US"},{"@type":"Organization","@id":"https:\/\/livegood.network\/shop\/#organization","name":"LiveGooD","url":"https:\/\/livegood.network\/shop\/","logo":{"@type":"ImageObject","inLanguage":"en-US","@id":"https:\/\/livegood.network\/shop\/#\/schema\/logo\/image\/","url":"https:\/\/livegood.network\/shop\/wp-content\/uploads\/2024\/01\/logo-livegood-shop-main.png","contentUrl":"https:\/\/livegood.network\/shop\/wp-content\/uploads\/2024\/01\/logo-livegood-shop-main.png","width":373,"height":115,"caption":"LiveGooD"},"image":{"@id":"https:\/\/livegood.network\/shop\/#\/schema\/logo\/image\/"},"sameAs":["https:\/\/www.facebook.com\/livegoodhello"]}]}},"lang":"vi","translations":{"vi":1022,"pt-br":1032,"pt-pt":1021,"en-us":248,"fr-fr":1019,"es-es":1020,"ru-ru":1023,"ko":1025},"pll_sync_post":[],"_links":{"self":[{"href":"https:\/\/livegood.network\/shop\/wp-json\/wp\/v2\/product\/1022","targetHints":{"allow":["GET"]}}],"collection":[{"href":"https:\/\/livegood.network\/shop\/wp-json\/wp\/v2\/product"}],"about":[{"href":"https:\/\/livegood.network\/shop\/wp-json\/wp\/v2\/types\/product"}],"replies":[{"embeddable":true,"href":"https:\/\/livegood.network\/shop\/wp-json\/wp\/v2\/comments?post=1022"}],"version-history":[{"count":1,"href":"https:\/\/livegood.network\/shop\/wp-json\/wp\/v2\/product\/1022\/revisions"}],"predecessor-version":[{"id":1693,"href":"https:\/\/livegood.network\/shop\/wp-json\/wp\/v2\/product\/1022\/revisions\/1693"}],"wp:featuredmedia":[{"embeddable":true,"href":"https:\/\/livegood.network\/shop\/wp-json\/wp\/v2\/media\/250"}],"wp:attachment":[{"href":"https:\/\/livegood.network\/shop\/wp-json\/wp\/v2\/media?parent=1022"}],"wp:term":[{"taxonomy":"product_brand","embeddable":true,"href":"https:\/\/livegood.network\/shop\/wp-json\/wp\/v2\/product_brand?post=1022"},{"taxonomy":"product_cat","embeddable":true,"href":"https:\/\/livegood.network\/shop\/wp-json\/wp\/v2\/product_cat?post=1022"},{"taxonomy":"product_tag","embeddable":true,"href":"https:\/\/livegood.network\/shop\/wp-json\/wp\/v2\/product_tag?post=1022"}],"curies":[{"name":"wp","href":"https:\/\/api.w.org\/{rel}","templated":true}]}}