{"id":1034,"date":"2024-01-25T17:57:27","date_gmt":"2024-01-25T17:57:27","guid":{"rendered":"https:\/\/livegood.network\/shop\/?post_type=product&#038;p=1034"},"modified":"2024-02-02T17:52:49","modified_gmt":"2024-02-02T17:52:49","slug":"essential-oils-fr-fr","status":"publish","type":"product","link":"https:\/\/livegood.network\/shop\/fr-fr\/product\/essential-oils-fr-fr\/","title":{"rendered":"Huiles Essentielles"},"content":{"rendered":"<p><strong>Huiles essentielles de qualit\u00e9 th\u00e9rapeutique de qualit\u00e9 sup\u00e9rieure.<\/strong><\/p>\n<p>Le domaine captivant des huiles essentielles captive l\u2019humanit\u00e9 depuis des si\u00e8cles, utilis\u00e9es par les anciens \u00c9gyptiens \u00e0 des fins m\u00e9dicinales et comme m\u00e9langes aromatiques dans les parfums et l\u2019encens.\u00a0Aujourd&#8217;hui, les huiles essentielles font r\u00e9f\u00e9rence \u00e0 l&#8217;essence concentr\u00e9e du parfum d&#8217;une plante, extraite par des m\u00e9thodes telles que la distillation ou la pression \u00e0 froid, comme on le voit avec notre huile de citron.\u00a0Ces processus concentrent les puissants compos\u00e9s cicatrisants dans une petite quantit\u00e9 d\u2019huile, leur permettant de servir d\u2019agents th\u00e9rapeutiques puissants.\u00a0Les huiles essentielles peuvent aider \u00e0 soulager le stress, \u00e0 soutenir le syst\u00e8me immunitaire, \u00e0 pr\u00e9venir les infections, \u00e0 soutenir la digestion, \u00e0 am\u00e9liorer la concentration, \u00e0 augmenter les niveaux d\u2019\u00e9nergie, \u00e0 soulager la douleur, \u00e0 am\u00e9liorer le sommeil et bien plus encore\u00a0!<\/p>\n<p>Il existe diff\u00e9rentes mani\u00e8res d\u2019int\u00e9grer les huiles essentielles \u00e0 votre routine quotidienne.\u00a0Une m\u00e9thode courante consiste \u00e0 les utiliser pour l\u2019aromath\u00e9rapie via un diffuseur.\u00a0Pour les applications topiques, il est conseill\u00e9 d&#8217;utiliser une huile de support comme l&#8217;huile de noix de coco fractionn\u00e9e ou l&#8217;huile de jojoba, g\u00e9n\u00e9ralement \u00e0 une dilution de 5 gouttes d&#8217;huile par demi-cuill\u00e8re \u00e0 caf\u00e9 d&#8217;huile de support.\u00a0Une fois dilu\u00e9, le m\u00e9lange peut \u00eatre appliqu\u00e9 sur la zone cutan\u00e9e.\u00a0Les huiles essentielles sont \u00e9galement couramment utilis\u00e9es dans les produits de nettoyage et de soins personnels de bricolage.<\/p>\n<p><strong>CITRON : Citrus Limonum<\/strong><br \/>\n<em>Nom botanique : Citrus limonum<\/em><br \/>\n<em>Pays d&#8217;origine : \u00c9tats-Unis<\/em><\/p>\n<p>L&#8217;huile essentielle de citron, extraite de l&#8217;\u00e9corce de Citrus limonum, est un d\u00e9licieux ajout aux collections d&#8217;huiles essentielles.\u00a0Avec un parfum frais et sucr\u00e9 d&#8217;agrumes, cette huile offre un ar\u00f4me revigorant qui inspire et fournit une explosion d&#8217;\u00e9nergie fra\u00eeche, \u00e9claircissant l&#8217;esprit pour une exp\u00e9rience revitalisante.<\/p>\n<p><strong>Principales caract\u00e9ristiques:<\/strong><\/p>\n<ul>\n<li><em>Parfum\u00a0: Frais, sucr\u00e9, citronn\u00e9<\/em><\/li>\n<li><em>Puret\u00e9\u00a0:\u00a0pure, concentr\u00e9e, non dilu\u00e9e<\/em><\/li>\n<li><em>Qualit\u00e9\u00a0:\u00a0qualit\u00e9 th\u00e9rapeutique<\/em><\/li>\n<li><em>M\u00e9thode d&#8217;extraction : Press\u00e9e \u00e0 froid \u00e0 partir d&#8217;\u00e9corces de citron<\/em><\/li>\n<\/ul>\n<p><strong>Avantages:<\/strong><\/p>\n<ul>\n<li>Rafra\u00eechit\u00a0: Am\u00e9liorez l&#8217;humeur avec ce parfum exaltant et rafra\u00eechissant.<\/li>\n<li>Revitalise\u00a0: D\u00e9couvrez des propri\u00e9t\u00e9s rajeunissantes qui clarifient l\u2019esprit et stimulent l\u2019\u00e9nergie.<\/li>\n<li>Assurance qualit\u00e9 : notre huile essentielle de citron est press\u00e9e \u00e0 froid, pr\u00e9servant ainsi ses bienfaits naturels.<\/li>\n<\/ul>\n<p><strong>Suggestions d&#8217;utilisation :<\/strong><\/p>\n<ul>\n<li>Diffusez 5 gouttes \u00e0 la maison ou au travail pour am\u00e9liorer votre humeur et am\u00e9liorer vos performances au travail.<\/li>\n<li>Infusez des boules de coton pour une explosion d\u2019ar\u00f4mes piquants d\u2019agrumes dans les zones malodorantes.<\/li>\n<li>D\u00e9sinfectez avec une solution de nettoyage DIY sans toxines en utilisant 40 gouttes d&#8217;huile de citron et 20 gouttes d&#8217;huile d&#8217;arbre \u00e0 th\u00e9 dans un flacon pulv\u00e9risateur de 16 onces avec de l&#8217;eau et du vinaigre.<\/li>\n<li>Ajoutez quelques gouttes au linge du gymnase pour rafra\u00eechir les odeurs difficiles \u00e0 \u00e9liminer.<\/li>\n<\/ul>\n<p><strong>LAVANDE : Lavandula angustifolia<\/strong><br \/>\n<em>Nom botanique : Lavandula angustifolia<\/em><br \/>\n<em>Pays d&#8217;origine : Bulgarie<\/em><\/p>\n<p>L&#8217;huile essentielle de lavande, d\u00e9riv\u00e9e de la plante Lavandula angustifolia, est un ajout intemporel et polyvalent aux collections d&#8217;huiles essentielles.\u00a0Connue pour ses propri\u00e9t\u00e9s calmantes et apaisantes, l&#8217;huile poss\u00e8de un ar\u00f4me floral et herbac\u00e9 qui favorise la relaxation et l&#8217;\u00e9quilibre.<\/p>\n<p><strong>Principales caract\u00e9ristiques:<\/strong><\/p>\n<ul>\n<li><em>Parfum : Floral, herbac\u00e9, apaisant<\/em><\/li>\n<li><em>Puret\u00e9\u00a0:\u00a0pure, concentr\u00e9e, non dilu\u00e9e<\/em><\/li>\n<li><em>Qualit\u00e9\u00a0:\u00a0qualit\u00e9 th\u00e9rapeutique<\/em><\/li>\n<li><em>M\u00e9thode d&#8217;extraction\u00a0: distill\u00e9e \u00e0 la vapeur \u00e0 partir de fleurs de lavande<\/em><\/li>\n<\/ul>\n<p><strong>Avantages:<\/strong><\/p>\n<ul>\n<li><em>Calmant\u00a0: cr\u00e9ez une atmosph\u00e8re tranquille qui soulage le stress et favorise la relaxation.<\/em><\/li>\n<li><em>\u00c9quilibrage : Restaurez l\u2019harmonie de votre esprit et de votre corps avec la lavande.<\/em><\/li>\n<\/ul>\n<p><strong>Suggestions d&#8217;utilisation :<\/strong><\/p>\n<ul>\n<li>Pour soulager le stress et am\u00e9liorer le sommeil, ajoutez 5 gouttes dans un diffuseur avant de vous coucher.<\/li>\n<li>Appliquer localement derri\u00e8re les oreilles, les tempes ou les plis des poignets pour soutenir le syst\u00e8me nerveux et les fonctions c\u00e9r\u00e9brales.\u00a0Vous pouvez \u00e9galement l\u2019inhaler directement \u00e0 partir du flacon.<\/li>\n<li>Utilisez-le comme parfum naturel en ajoutant 2 \u00e0 3 gouttes dans vos paumes et en appliquant sur votre peau.<\/li>\n<li>Incorporez la lavande dans des recettes de bricolage comme les sprays pour la maison, les sels de bain, les produits pour le visage et la beaut\u00e9, am\u00e9liorant ainsi divers aspects de votre vie.<\/li>\n<\/ul>\n<p>D\u00e9tendez-vous et accueillez la tranquillit\u00e9 avec l\u2019huile essentielle de lavande.\u00a0Plongez-vous dans l\u2019essence pure de la nature, favorisant un sentiment de paix et de bien-\u00eatre g\u00e9n\u00e9ral.\u00a0Am\u00e9liorez votre r\u00e9gime de soins personnels avec de l&#8217;huile essentielle de lavande de la plus haute qualit\u00e9 th\u00e9rapeutique.<\/p>\n<p><strong>ARBRE \u00c0 TH\u00c9\u00a0: Melaleuca Alternifolia<\/strong><br \/>\n<em>Nom botanique\u00a0: Melaleuca Alternifolia<\/em><br \/>\n<em>Pays d&#8217;origine\u00a0: Australie<\/em><\/p>\n<p>L&#8217;huile essentielle d&#8217;arbre \u00e0 th\u00e9, d\u00e9riv\u00e9e de la plante Melaleuca Alternifolia, est un ajout puissant et polyvalent aux collections d&#8217;huiles essentielles.\u00a0Reconnue pour ses propri\u00e9t\u00e9s purifiantes et nettoyantes, l&#8217;huile a un parfum frais et m\u00e9dicinal qui revigore et favorise un environnement propre.<\/p>\n<p><strong>Principales caract\u00e9ristiques:<\/strong><\/p>\n<ul>\n<li><em>Parfum : Frais, m\u00e9dicinal, purifiant<\/em><\/li>\n<li><em>Puret\u00e9\u00a0:\u00a0pure, concentr\u00e9e, non dilu\u00e9e<\/em><\/li>\n<li><em>Qualit\u00e9\u00a0:\u00a0qualit\u00e9 th\u00e9rapeutique<\/em><\/li>\n<li><em>M\u00e9thode d&#8217;extraction\u00a0: distill\u00e9e \u00e0 la vapeur \u00e0 partir de feuilles d&#8217;arbre \u00e0 th\u00e9<\/em><\/li>\n<\/ul>\n<p><strong>Avantages:<\/strong><\/p>\n<ul>\n<li><em>Purifiant : Nettoyez et rafra\u00eechissez votre environnement gr\u00e2ce \u00e0 la purification naturelle de l&#8217;arbre \u00e0 th\u00e9.<\/em><\/li>\n<li><em>Revigorant\u00a0: L\u2019ar\u00f4me frais et m\u00e9dicinal favorise une sensation de revigoration.<\/em><\/li>\n<li><em>D\u00e9sinfectant : Id\u00e9al comme d\u00e9sinfectant en raison de ses propri\u00e9t\u00e9s antibact\u00e9riennes, antivirales et antifongiques.<\/em><\/li>\n<\/ul>\n<p><strong>Suggestions d&#8217;utilisation :<\/strong><\/p>\n<ul>\n<li>Diffusez avec 5 gouttes pour un espace plus propre et plus rafra\u00eechi, am\u00e9liorant la qualit\u00e9 de l&#8217;air int\u00e9rieur en tuant les moisissures et les bact\u00e9ries.<\/li>\n<li>Appliquer localement apr\u00e8s dilution dans une huile de support, telle que l&#8217;huile de jojoba.<\/li>\n<li>Utiliser comme d\u00e9sinfectant et nettoyant m\u00e9nager en combinaison avec de l&#8217;huile de citron.<\/li>\n<li>Pour traiter les verrues et les infections fongiques, appliquez 2 \u00e0 5 gouttes sur la zone affect\u00e9e \u00e0 l&#8217;aide d&#8217;un coton-tige.<\/li>\n<\/ul>\n<p>L&#8217;huile essentielle d&#8217;arbre \u00e0 th\u00e9, avec sa puret\u00e9 exceptionnelle et sa qualit\u00e9 th\u00e9rapeutique, est indispensable pour ceux qui adoptent une approche naturelle pour une atmosph\u00e8re propre et revitalis\u00e9e.<\/p>\n<p><strong>MENTHE POIVR\u00c9E : Mentha Piperita<\/strong><br \/>\n<em>Nom botanique : Mentha Piperita<\/em><br \/>\n<em>Pays d&#8217;origine : \u00c9tats-Unis<\/em><\/p>\n<p>L&#8217;huile essentielle de menthe poivr\u00e9e, extraite de la plante Mentha Piperita, est un ajout rafra\u00eechissant et revigorant aux collections d&#8217;huiles essentielles.\u00a0Connue pour son ar\u00f4me frais et menthol\u00e9, cette huile procure une explosion d\u2019\u00e9nergie et de clart\u00e9, ce qui en fait un choix id\u00e9al pour diverses applications.<\/p>\n<p><strong>Principales caract\u00e9ristiques:<\/strong><\/p>\n<ul>\n<li><em>Parfum\u00a0: Frais, menthol\u00e9, revigorant<\/em><\/li>\n<li><em>Puret\u00e9\u00a0:\u00a0pure, concentr\u00e9e, non dilu\u00e9e<\/em><\/li>\n<li><em>Qualit\u00e9\u00a0:\u00a0qualit\u00e9 th\u00e9rapeutique<\/em><\/li>\n<li><em>M\u00e9thode d&#8217;extraction\u00a0: distill\u00e9e \u00e0 la vapeur \u00e0 partir de feuilles de menthe poivr\u00e9e<\/em><\/li>\n<\/ul>\n<p><strong>Avantages:<\/strong><\/p>\n<ul>\n<li><em>Revigorant\u00a0: ressentez une sensation revitalisante et rafra\u00eechissante qui stimule l\u2019\u00e9nergie.<\/em><\/li>\n<li><em>Clart\u00e9\u00a0: L\u2019ar\u00f4me frais de la menthe poivr\u00e9e favorise la clart\u00e9 mentale et la concentration.<\/em><\/li>\n<\/ul>\n<p><strong>Suggestions d&#8217;utilisation :<\/strong><\/p>\n<ul>\n<li>Diffusez avec 5 gouttes dans de l&#8217;eau pour le soin des sinus, le soulagement des allergies et une meilleure concentration.<\/li>\n<li>Frottez 1 \u00e0 2 gouttes derri\u00e8re les oreilles, les tempes et la nuque pour soulager les douleurs musculaires, les maux de t\u00eate et les naus\u00e9es.<\/li>\n<li>Ajoutez 1 goutte sur la langue pour rafra\u00eechir l&#8217;haleine.<\/li>\n<li>Ajoutez 5 \u00e0 10 gouttes dans un bain chaud pour une exp\u00e9rience apaisante et vivifiante.<\/li>\n<\/ul>\n<p>L&#8217;huile essentielle de menthe poivr\u00e9e, avec sa puret\u00e9 exceptionnelle et sa qualit\u00e9 th\u00e9rapeutique, est un choix polyvalent pour ceux qui recherchent une solution naturelle pour un rafra\u00eechissement \u00e9nerg\u00e9tique et mental.<\/p>\n<p><strong>ENCENS : Boswellia Serrata<\/strong><br \/>\n<em>Nom botanique : Boswellia Serrata<\/em><br \/>\n<em>Pays d&#8217;origine : Inde<\/em><\/p>\n<p>L&#8217;huile essentielle d&#8217;encens, issue de la r\u00e9sine de l&#8217;arbre Boswellia Serrata, est un ajout intemporel et sacr\u00e9 aux collections d&#8217;huiles essentielles.\u00a0V\u00e9n\u00e9r\u00e9e pour son ar\u00f4me riche et bois\u00e9 aux nuances d&#8217;agrumes, cette huile favorise la tranquillit\u00e9, ce qui en fait un choix appr\u00e9ci\u00e9 pour diverses pratiques holistiques.<\/p>\n<p><strong>Principales caract\u00e9ristiques:<\/strong><\/p>\n<ul>\n<li><em>Parfum : Riche, bois\u00e9, avec des nuances d&#8217;agrumes<\/em><\/li>\n<li><em>Puret\u00e9\u00a0:\u00a0pure, concentr\u00e9e, non dilu\u00e9e<\/em><\/li>\n<li><em>Qualit\u00e9\u00a0:\u00a0qualit\u00e9 th\u00e9rapeutique<\/em><\/li>\n<li><em>M\u00e9thode d&#8217;extraction\u00a0: distill\u00e9e \u00e0 la vapeur \u00e0 partir de r\u00e9sine d&#8217;encens<\/em><\/li>\n<\/ul>\n<p><strong>Avantages:<\/strong><\/p>\n<ul>\n<li><em>Tranquillit\u00e9\u00a0: Embrassez une atmosph\u00e8re sereine gr\u00e2ce aux propri\u00e9t\u00e9s apaisantes et ancr\u00e9es de l\u2019encens.<\/em><\/li>\n<li><em>M\u00e9ditation\u00a0: Id\u00e9al pour une utilisation pendant les pratiques de m\u00e9ditation et de pleine conscience.<\/em><\/li>\n<li><em>Soins de la peau : Connu pour ses propri\u00e9t\u00e9s r\u00e9g\u00e9n\u00e9ratrices de la peau, l\u2019encens est un ajout pr\u00e9cieux \u00e0 votre routine de soins de la peau.<\/em><\/li>\n<\/ul>\n<p><strong>Suggestions d&#8217;utilisation :<\/strong><\/p>\n<ul>\n<li><em>Diffusez pour vous d\u00e9tendre, soit en spray dans la chambre, soit dans un diffuseur pendant la m\u00e9ditation.<\/em><\/li>\n<li><em>Diluez 5 \u00e0 10 gouttes par cuill\u00e8re \u00e0 caf\u00e9 d&#8217;huile de support pour soulager le stress topique, en appliquant sur la peau ou derri\u00e8re les oreilles ou sous les poignets.<\/em><\/li>\n<li><em>Ajoutez quelques gouttes dans un bain relaxant pour soulager le stress.<\/em><\/li>\n<li><em>M\u00e9langez quelques gouttes dans une cuill\u00e8re \u00e0 caf\u00e9 d&#8217;huile de support pour une application directe sur les rides, les imperfections d&#8217;acn\u00e9, les taches brunes ou les zones de rel\u00e2chement cutan\u00e9.<\/em><\/li>\n<\/ul>\n<p>L&#8217;huile essentielle d&#8217;encens, r\u00e9put\u00e9e pour sa puret\u00e9 et sa qualit\u00e9 th\u00e9rapeutique, vous invite \u00e0 d\u00e9couvrir les bienfaits profonds et s\u00e9culaires de cette r\u00e9sine sacr\u00e9e.<\/p>\n<p><strong>M\u00c9LANGE IMMUNIT\u00c9<\/strong><\/p>\n<p>\u00c9labor\u00e9 avec pr\u00e9cision et soin, notre m\u00e9lange Immunit\u00e9 est une puissante fusion d\u2019huiles essentielles naturelles soigneusement s\u00e9lectionn\u00e9es pour favoriser votre bien-\u00eatre.\u00a0Cette combinaison unique revigore vos sens tout en renfor\u00e7ant votre syst\u00e8me immunitaire.<\/p>\n<p><strong>Ingr\u00e9dients cl\u00e9s:<\/strong><\/p>\n<ul>\n<li><em>Clou de girofle (Eugenia caryophyllus Flower Oil) : Ajoute un ar\u00f4me chaud et \u00e9pic\u00e9 pour enrichir le m\u00e9lange global.<\/em><\/li>\n<li><em>\u00c9corce de cannelle (huile d&#8217;\u00e9corce de Cinnamomum zeylanicum) : Infuse douceur et confort, cr\u00e9ant une atmosph\u00e8re chaleureuse.<\/em><\/li>\n<li><em>Orange sauvage (Huile d&#8217;\u00e9corce de Citrus aurantium dulcis) : Fournit un \u00e9clat de fra\u00eecheur citronn\u00e9e, stimulant et dynamisant le m\u00e9lange.<\/em><\/li>\n<li><em>Eucalyptus (Eucalyptus globulus Leaf Oil) : Offre des propri\u00e9t\u00e9s revigorantes et clarifiantes, favorisant la sant\u00e9 respiratoire.<\/em><\/li>\n<li><em>Romarin (Rosmarinus officinalis Leaf Oil) : introduit des notes herbac\u00e9es et bois\u00e9es, contribuant \u00e0 une composition \u00e9quilibr\u00e9e.<\/em><\/li>\n<\/ul>\n<p><strong>Suggestions d&#8217;utilisation :<\/strong><\/p>\n<ul>\n<li><em>Diffusez dans les espaces de vie ou de travail pour cr\u00e9er une ambiance inspirante et stimulante du syst\u00e8me immunitaire.<\/em><\/li>\n<li><em>Diluez quelques gouttes dans une huile de support pour un massage r\u00e9confortant et revitalisant.<\/em><\/li>\n<li><em>Incorporez-le dans les solutions de nettoyage DIY pour une alternative naturelle et aromatique.<\/em><\/li>\n<\/ul>\n<p>Am\u00e9liorez votre routine de bien-\u00eatre quotidienne avec notre M\u00e9lange Immunit\u00e9, une fusion harmonieuse des meilleures huiles essentielles de la nature, m\u00e9ticuleusement con\u00e7ue pour renforcer et prot\u00e9ger.<\/p>\n<hr \/>\n<p><strong>COMMENT UTILISER:<\/strong><\/p>\n<p class=\"product-description__text\"><b>Tous les conseils d\u2019utilisation des huiles essentielles\u00a0:<br \/>\n<\/b><\/p>\n<ul>\n<li><em>Aromath\u00e9rapie : Diffusez pour une ambiance apaisante et une meilleure qualit\u00e9 de sommeil.<\/em><\/li>\n<li><em>Application topique\u00a0: diluer avec une huile de support et appliquer sur les points de pulsation ou ajouter \u00e0 l&#8217;eau du bain.<\/em><\/li>\n<li><em>Soins de la peau\u00a0: int\u00e9grez-les \u00e0 votre routine de soins de la peau pour une exp\u00e9rience naturelle et apaisante.<\/em><\/li>\n<\/ul>\n<p><b><\/b><b>Prudence:<\/b><\/p>\n<ul>\n<li><em>Diluer avant d&#8217;appliquer sur la peau.<\/em><\/li>\n<li><em>\u00c9viter le contact visuel.<\/em><\/li>\n<li><em>Tenir hors de port\u00e9e des enfants.<\/em><\/li>\n<\/ul>\n<p><b>Stockage:<\/b><\/p>\n<ul>\n<li><em>Conserver dans un endroit frais et sombre.<\/em><\/li>\n<li><em>Assurez-vous que la bouteille est bien ferm\u00e9e pour pr\u00e9server la puissance de l&#8217;huile.<\/em><\/li>\n<\/ul>\n<p><b>Emballage:<\/b><\/p>\n<ul>\n<li><em>Mis en bouteille dans une bouteille en verre fonc\u00e9 pour prot\u00e9ger l&#8217;huile des rayons UV.<\/em><\/li>\n<li><em>Bouchon inviolable pour l&#8217;assurance qualit\u00e9<\/em><\/li>\n<\/ul>\n","protected":false},"excerpt":{"rendered":"<p><img decoding=\"async\" class=\"emoji\" role=\"img\" draggable=\"false\" src=\"https:\/\/s.w.org\/images\/core\/emoji\/14.0.0\/svg\/1f49a.svg\" alt=\"LiveGooD Heart\" \/>\u00a0Huiles essentielles de qualit\u00e9 th\u00e9rapeutique de qualit\u00e9 sup\u00e9rieure<br \/>\n<img decoding=\"async\" class=\"emoji\" role=\"img\" draggable=\"false\" src=\"https:\/\/s.w.org\/images\/core\/emoji\/14.0.0\/svg\/1f49a.svg\" alt=\"LiveGooD Heart\" \/> Laboratoire tiers test\u00e9 pour la puret\u00e9<br \/>\n<img decoding=\"async\" class=\"emoji\" role=\"img\" draggable=\"false\" src=\"https:\/\/s.w.org\/images\/core\/emoji\/14.0.0\/svg\/1f49a.svg\" alt=\"LiveGooD Heart\" \/> Flacons faciles \u00e0 distribuer de 15 ml<\/p>\n","protected":false},"featured_media":268,"comment_status":"open","ping_status":"closed","template":"","meta":[],"product_brand":[],"product_cat":[95,207],"product_tag":[3739,3742],"class_list":{"0":"post-1034","1":"product","2":"type-product","3":"status-publish","4":"has-post-thumbnail","6":"product_cat-essential-oils-fr-fr","7":"product_cat-product-packages-fr-fr","8":"product_tag-essential-oils-doterra-fr-fr","9":"product_tag-essential-oils-young-living-fr-fr","11":"first","12":"instock","13":"sale","14":"featured","15":"shipping-taxable","16":"product-type-external"},"yoast_head":"<!-- This site is optimized with the Yoast SEO Premium plugin v20.6 (Yoast SEO v21.8.1) - https:\/\/yoast.com\/wordpress\/plugins\/seo\/ -->\n<title>Huiles Essentielles - LiveGooD Shop<\/title>\n<meta name=\"robots\" content=\"index, follow, max-snippet:-1, max-image-preview:large, max-video-preview:-1\" \/>\n<link rel=\"canonical\" href=\"https:\/\/livegood.network\/shop\/fr-fr\/product\/essential-oils-fr-fr\/\" \/>\n<meta property=\"og:locale\" content=\"en_US\" \/>\n<meta property=\"og:type\" content=\"article\" \/>\n<meta property=\"og:title\" content=\"Huiles Essentielles\" \/>\n<meta property=\"og:description\" content=\"\u00a0Huiles essentielles de qualit\u00e9 th\u00e9rapeutique de qualit\u00e9 sup\u00e9rieure  Laboratoire tiers test\u00e9 pour la puret\u00e9  Flacons faciles \u00e0 distribuer de 15 ml\" \/>\n<meta property=\"og:url\" content=\"https:\/\/livegood.network\/shop\/fr-fr\/product\/essential-oils-fr-fr\/\" \/>\n<meta property=\"article:publisher\" content=\"https:\/\/www.facebook.com\/livegoodhello\" \/>\n<meta property=\"article:modified_time\" content=\"2024-02-02T17:52:49+00:00\" \/>\n<meta property=\"og:image\" content=\"https:\/\/livegood.network\/shop\/wp-content\/uploads\/2024\/01\/essential-oils-open-box-livegood.png\" \/>\n\t<meta property=\"og:image:width\" content=\"720\" \/>\n\t<meta property=\"og:image:height\" content=\"720\" \/>\n\t<meta property=\"og:image:type\" content=\"image\/png\" \/>\n<meta name=\"twitter:card\" content=\"summary_large_image\" \/>\n<meta name=\"twitter:label1\" content=\"Est. reading time\" \/>\n\t<meta name=\"twitter:data1\" content=\"8 minutes\" \/>\n<script type=\"application\/ld+json\" class=\"yoast-schema-graph\">{\"@context\":\"https:\/\/schema.org\",\"@graph\":[{\"@type\":\"WebPage\",\"@id\":\"https:\/\/livegood.network\/shop\/fr-fr\/product\/essential-oils-fr-fr\/\",\"url\":\"https:\/\/livegood.network\/shop\/fr-fr\/product\/essential-oils-fr-fr\/\",\"name\":\"Huiles Essentielles - LiveGooD Shop\",\"isPartOf\":{\"@id\":\"https:\/\/livegood.network\/shop\/#website\"},\"datePublished\":\"2024-01-25T17:57:27+00:00\",\"dateModified\":\"2024-02-02T17:52:49+00:00\",\"breadcrumb\":{\"@id\":\"https:\/\/livegood.network\/shop\/fr-fr\/product\/essential-oils-fr-fr\/#breadcrumb\"},\"inLanguage\":\"en-US\",\"potentialAction\":[{\"@type\":\"ReadAction\",\"target\":[\"https:\/\/livegood.network\/shop\/fr-fr\/product\/essential-oils-fr-fr\/\"]}]},{\"@type\":\"BreadcrumbList\",\"@id\":\"https:\/\/livegood.network\/shop\/fr-fr\/product\/essential-oils-fr-fr\/#breadcrumb\",\"itemListElement\":[{\"@type\":\"ListItem\",\"position\":1,\"name\":\"Home\",\"item\":\"https:\/\/livegood.network\/shop\/pt-br\/\"},{\"@type\":\"ListItem\",\"position\":2,\"name\":\"Shop\",\"item\":\"https:\/\/livegood.network\/shop\/shop\/\"},{\"@type\":\"ListItem\",\"position\":3,\"name\":\"Huiles Essentielles\"}]},{\"@type\":\"WebSite\",\"@id\":\"https:\/\/livegood.network\/shop\/#website\",\"url\":\"https:\/\/livegood.network\/shop\/\",\"name\":\"LiveGooD Shop\",\"description\":\"\",\"publisher\":{\"@id\":\"https:\/\/livegood.network\/shop\/#organization\"},\"potentialAction\":[{\"@type\":\"SearchAction\",\"target\":{\"@type\":\"EntryPoint\",\"urlTemplate\":\"https:\/\/livegood.network\/shop\/?s={search_term_string}\"},\"query-input\":\"required name=search_term_string\"}],\"inLanguage\":\"en-US\"},{\"@type\":\"Organization\",\"@id\":\"https:\/\/livegood.network\/shop\/#organization\",\"name\":\"LiveGooD\",\"url\":\"https:\/\/livegood.network\/shop\/\",\"logo\":{\"@type\":\"ImageObject\",\"inLanguage\":\"en-US\",\"@id\":\"https:\/\/livegood.network\/shop\/#\/schema\/logo\/image\/\",\"url\":\"https:\/\/livegood.network\/shop\/wp-content\/uploads\/2024\/01\/logo-livegood-shop-main.png\",\"contentUrl\":\"https:\/\/livegood.network\/shop\/wp-content\/uploads\/2024\/01\/logo-livegood-shop-main.png\",\"width\":373,\"height\":115,\"caption\":\"LiveGooD\"},\"image\":{\"@id\":\"https:\/\/livegood.network\/shop\/#\/schema\/logo\/image\/\"},\"sameAs\":[\"https:\/\/www.facebook.com\/livegoodhello\"]}]}<\/script>\n<!-- \/ Yoast SEO Premium plugin. -->","yoast_head_json":{"title":"Huiles Essentielles - LiveGooD Shop","robots":{"index":"index","follow":"follow","max-snippet":"max-snippet:-1","max-image-preview":"max-image-preview:large","max-video-preview":"max-video-preview:-1"},"canonical":"https:\/\/livegood.network\/shop\/fr-fr\/product\/essential-oils-fr-fr\/","og_locale":"en_US","og_type":"article","og_title":"Huiles Essentielles","og_description":"\u00a0Huiles essentielles de qualit\u00e9 th\u00e9rapeutique de qualit\u00e9 sup\u00e9rieure  Laboratoire tiers test\u00e9 pour la puret\u00e9  Flacons faciles \u00e0 distribuer de 15 ml","og_url":"https:\/\/livegood.network\/shop\/fr-fr\/product\/essential-oils-fr-fr\/","article_publisher":"https:\/\/www.facebook.com\/livegoodhello","article_modified_time":"2024-02-02T17:52:49+00:00","og_image":[{"width":720,"height":720,"url":"https:\/\/livegood.network\/shop\/wp-content\/uploads\/2024\/01\/essential-oils-open-box-livegood.png","type":"image\/png"}],"twitter_card":"summary_large_image","twitter_misc":{"Est. reading time":"8 minutes"},"schema":{"@context":"https:\/\/schema.org","@graph":[{"@type":"WebPage","@id":"https:\/\/livegood.network\/shop\/fr-fr\/product\/essential-oils-fr-fr\/","url":"https:\/\/livegood.network\/shop\/fr-fr\/product\/essential-oils-fr-fr\/","name":"Huiles Essentielles - LiveGooD Shop","isPartOf":{"@id":"https:\/\/livegood.network\/shop\/#website"},"datePublished":"2024-01-25T17:57:27+00:00","dateModified":"2024-02-02T17:52:49+00:00","breadcrumb":{"@id":"https:\/\/livegood.network\/shop\/fr-fr\/product\/essential-oils-fr-fr\/#breadcrumb"},"inLanguage":"en-US","potentialAction":[{"@type":"ReadAction","target":["https:\/\/livegood.network\/shop\/fr-fr\/product\/essential-oils-fr-fr\/"]}]},{"@type":"BreadcrumbList","@id":"https:\/\/livegood.network\/shop\/fr-fr\/product\/essential-oils-fr-fr\/#breadcrumb","itemListElement":[{"@type":"ListItem","position":1,"name":"Home","item":"https:\/\/livegood.network\/shop\/pt-br\/"},{"@type":"ListItem","position":2,"name":"Shop","item":"https:\/\/livegood.network\/shop\/shop\/"},{"@type":"ListItem","position":3,"name":"Huiles Essentielles"}]},{"@type":"WebSite","@id":"https:\/\/livegood.network\/shop\/#website","url":"https:\/\/livegood.network\/shop\/","name":"LiveGooD Shop","description":"","publisher":{"@id":"https:\/\/livegood.network\/shop\/#organization"},"potentialAction":[{"@type":"SearchAction","target":{"@type":"EntryPoint","urlTemplate":"https:\/\/livegood.network\/shop\/?s={search_term_string}"},"query-input":"required name=search_term_string"}],"inLanguage":"en-US"},{"@type":"Organization","@id":"https:\/\/livegood.network\/shop\/#organization","name":"LiveGooD","url":"https:\/\/livegood.network\/shop\/","logo":{"@type":"ImageObject","inLanguage":"en-US","@id":"https:\/\/livegood.network\/shop\/#\/schema\/logo\/image\/","url":"https:\/\/livegood.network\/shop\/wp-content\/uploads\/2024\/01\/logo-livegood-shop-main.png","contentUrl":"https:\/\/livegood.network\/shop\/wp-content\/uploads\/2024\/01\/logo-livegood-shop-main.png","width":373,"height":115,"caption":"LiveGooD"},"image":{"@id":"https:\/\/livegood.network\/shop\/#\/schema\/logo\/image\/"},"sameAs":["https:\/\/www.facebook.com\/livegoodhello"]}]}},"lang":"fr-fr","translations":{"fr-fr":1034,"pt-br":1046,"pt-pt":1036,"en-us":267,"es-es":1035,"vi":1037,"ru-ru":1038,"ko":1040},"pll_sync_post":[],"_links":{"self":[{"href":"https:\/\/livegood.network\/shop\/wp-json\/wp\/v2\/product\/1034","targetHints":{"allow":["GET"]}}],"collection":[{"href":"https:\/\/livegood.network\/shop\/wp-json\/wp\/v2\/product"}],"about":[{"href":"https:\/\/livegood.network\/shop\/wp-json\/wp\/v2\/types\/product"}],"replies":[{"embeddable":true,"href":"https:\/\/livegood.network\/shop\/wp-json\/wp\/v2\/comments?post=1034"}],"version-history":[{"count":2,"href":"https:\/\/livegood.network\/shop\/wp-json\/wp\/v2\/product\/1034\/revisions"}],"predecessor-version":[{"id":1604,"href":"https:\/\/livegood.network\/shop\/wp-json\/wp\/v2\/product\/1034\/revisions\/1604"}],"wp:featuredmedia":[{"embeddable":true,"href":"https:\/\/livegood.network\/shop\/wp-json\/wp\/v2\/media\/268"}],"wp:attachment":[{"href":"https:\/\/livegood.network\/shop\/wp-json\/wp\/v2\/media?parent=1034"}],"wp:term":[{"taxonomy":"product_brand","embeddable":true,"href":"https:\/\/livegood.network\/shop\/wp-json\/wp\/v2\/product_brand?post=1034"},{"taxonomy":"product_cat","embeddable":true,"href":"https:\/\/livegood.network\/shop\/wp-json\/wp\/v2\/product_cat?post=1034"},{"taxonomy":"product_tag","embeddable":true,"href":"https:\/\/livegood.network\/shop\/wp-json\/wp\/v2\/product_tag?post=1034"}],"curies":[{"name":"wp","href":"https:\/\/api.w.org\/{rel}","templated":true}]}}