{"id":1035,"date":"2024-01-25T18:02:34","date_gmt":"2024-01-25T18:02:34","guid":{"rendered":"https:\/\/livegood.network\/shop\/?post_type=product&#038;p=1035"},"modified":"2024-02-02T17:39:21","modified_gmt":"2024-02-02T17:39:21","slug":"essential-oils-es-es","status":"publish","type":"product","link":"https:\/\/livegood.network\/shop\/es-es\/product\/essential-oils-es-es\/","title":{"rendered":"Aceites Esenciales"},"content":{"rendered":"<p><strong>Aceites esenciales premium de grado terap\u00e9utico<\/strong><\/p>\n<p>El cautivador reino de los aceites esenciales ha cautivado a la humanidad durante siglos, utilizados por los antiguos egipcios con fines medicinales y como mezclas arom\u00e1ticas en perfumes e incienso.\u00a0Hoy en d\u00eda, los aceites esenciales se refieren a la esencia concentrada de la fragancia de una planta, extra\u00edda mediante m\u00e9todos como la destilaci\u00f3n o el prensado en fr\u00edo, como se ve con nuestro aceite de lim\u00f3n.\u00a0Estos procesos concentran los potentes compuestos curativos en una peque\u00f1a cantidad de aceite, lo que les permite servir como potentes agentes terap\u00e9uticos.\u00a0Los aceites esenciales pueden ayudar a aliviar el estr\u00e9s, reforzar el sistema inmunol\u00f3gico, prevenir infecciones, mejorar la digesti\u00f3n, mejorar la concentraci\u00f3n, aumentar los niveles de energ\u00eda, aliviar el dolor, mejorar el sue\u00f1o y mucho m\u00e1s.<\/p>\n<p>Hay varias formas de integrar los aceites esenciales en su rutina diaria.\u00a0Un m\u00e9todo com\u00fan es utilizarlos para aromaterapia a trav\u00e9s de un difusor.\u00a0Para aplicaciones t\u00f3picas, es recomendable utilizar un aceite portador como aceite de coco fraccionado o aceite de jojoba, generalmente en una diluci\u00f3n de 5 gotas de aceite por media cucharadita de aceite portador.\u00a0Una vez diluida, la mezcla se puede aplicar en el \u00e1rea de la piel.\u00a0Los aceites esenciales tambi\u00e9n se utilizan com\u00fanmente en productos de limpieza y cuidado personal hechos por usted mismo.<\/p>\n<p><strong>LIM\u00d3N: Citrus Limonum<\/strong><br \/>\n<em>Nombre bot\u00e1nico: Citrus limonum<\/em><br \/>\n<em>Pa\u00eds de origen: EE. UU.<\/em><\/p>\n<p>El aceite esencial de lim\u00f3n, extra\u00eddo de la c\u00e1scara de Citrus limonum, es una deliciosa adici\u00f3n a las colecciones de aceites esenciales.\u00a0Con un aroma c\u00edtrico, dulce y fresco, este aceite ofrece un aroma vigorizante que inspira y proporciona una explosi\u00f3n de energ\u00eda fresca, despejando la mente para una experiencia revitalizante.<\/p>\n<p><strong>Caracter\u00edsticas clave:<\/strong><\/p>\n<ul>\n<li><em>Aroma: Fresco, dulce, c\u00edtrico.<\/em><\/li>\n<li><em>Pureza: Pura, Concentrada, Sin Diluir<\/em><\/li>\n<li><em>Calidad: Grado Terap\u00e9utico<\/em><\/li>\n<li><em>M\u00e9todo de extracci\u00f3n: prensado en fr\u00edo de c\u00e1scaras de lim\u00f3n.<\/em><\/li>\n<\/ul>\n<p><strong>Beneficios:<\/strong><\/p>\n<ul>\n<li>Refresca: eleva el estado de \u00e1nimo con la fragancia edificante y refrescante.<\/li>\n<li>Revitaliza: Experimenta propiedades rejuvenecedoras que despejan la mente y aumentan la energ\u00eda.<\/li>\n<li>Garant\u00eda de calidad: Nuestro aceite esencial de Lim\u00f3n se prensa en fr\u00edo, preservando sus bondades naturales.<\/li>\n<\/ul>\n<p><strong>Sugerencias de uso:<\/strong><\/p>\n<ul>\n<li>Difunde 5 gotas en casa o en el trabajo para levantar el \u00e1nimo y mejorar el desempe\u00f1o laboral.<\/li>\n<li>Infunde bolas de algod\u00f3n para obtener una explosi\u00f3n de aroma c\u00edtrico picante en las zonas malolientes.<\/li>\n<li>Desinfecte con una soluci\u00f3n de limpieza casera sin toxinas usando 40 gotas de aceite de lim\u00f3n y 20 gotas de aceite de \u00e1rbol de t\u00e9 en una botella rociadora de 16 onzas con agua y vinagre.<\/li>\n<li>A\u00f1ade unas gotas a la ropa del gimnasio para refrescar los olores dif\u00edciles de eliminar.<\/li>\n<\/ul>\n<p><strong>LAVANDA: Lavandula angustifolia<\/strong><br \/>\n<em>Nombre bot\u00e1nico: Lavandula angustifolia<\/em><br \/>\n<em>Pa\u00eds de origen: Bulgaria<\/em><\/p>\n<p>El aceite esencial de lavanda, derivado de la planta Lavandula angustifolia, es una adici\u00f3n atemporal y vers\u00e1til a las colecciones de aceites esenciales.\u00a0Conocido por sus propiedades calmantes y calmantes, el aceite cuenta con un aroma floral y herb\u00e1ceo que promueve la relajaci\u00f3n y el equilibrio.<\/p>\n<p><strong>Caracter\u00edsticas clave:<\/strong><\/p>\n<ul>\n<li><em>Olor: Floral, herb\u00e1ceo, calmante.<\/em><\/li>\n<li><em>Pureza: Pura, Concentrada, Sin Diluir<\/em><\/li>\n<li><em>Calidad: Grado Terap\u00e9utico<\/em><\/li>\n<li><em>M\u00e9todo de extracci\u00f3n: destilado al vapor de flores de lavanda<\/em><\/li>\n<\/ul>\n<p><strong>Beneficios:<\/strong><\/p>\n<ul>\n<li><em>Calmante: cree una atm\u00f3sfera tranquila que alivie el estr\u00e9s y promueva la relajaci\u00f3n.<\/em><\/li>\n<li><em>Equilibrio: Restaura la armon\u00eda de tu mente y cuerpo con Lavanda.<\/em><\/li>\n<\/ul>\n<p><strong>Sugerencias de uso:<\/strong><\/p>\n<ul>\n<li>Para aliviar el estr\u00e9s y mejorar el sue\u00f1o, a\u00f1ade 5 gotas en un difusor antes de acostarte.<\/li>\n<li>Aplique t\u00f3picamente detr\u00e1s de las orejas, las sienes o los pliegues de las mu\u00f1ecas para apoyar el sistema nervioso y la funci\u00f3n cerebral.\u00a0Tambi\u00e9n puedes inhalarlo directamente de la botella.<\/li>\n<li>\u00daselo como perfume natural agregando 2-3 gotas en las palmas de las manos y aplic\u00e1ndolo sobre la piel.<\/li>\n<li>Incorpora lavanda en recetas caseras como aerosoles caseros, sales de ba\u00f1o, productos faciales y de belleza, mejorando varios aspectos de tu vida.<\/li>\n<\/ul>\n<p>Rel\u00e1jate y da la bienvenida a la tranquilidad con el aceite esencial de Lavanda.\u00a0Sum\u00e9rgete en la esencia pura de la naturaleza, fomentando una sensaci\u00f3n de paz y bienestar general.\u00a0Mejora tu r\u00e9gimen de cuidado personal con aceite esencial de Lavanda de la m\u00e1s alta calidad terap\u00e9utica.<\/p>\n<p><strong>\u00c1RBOL DEL T\u00c9: Melaleuca Alternifolia<\/strong><br \/>\n<em>Nombre bot\u00e1nico: Melaleuca Alternifolia<\/em><br \/>\n<em>Pa\u00eds de origen: Australia<\/em><\/p>\n<p>El aceite esencial de \u00e1rbol de t\u00e9, derivado de la planta Melaleuca Alternifolia, es una adici\u00f3n potente y vers\u00e1til a las colecciones de aceites esenciales.\u00a0Reconocido por sus propiedades purificadoras y limpiadoras, el aceite tiene un aroma fresco y medicinal que vigoriza y fomenta un ambiente limpio.<\/p>\n<p><strong>Caracter\u00edsticas clave:<\/strong><\/p>\n<ul>\n<li><em>Olor: Fresco, medicinal, purificante.<\/em><\/li>\n<li><em>Pureza: Pura, Concentrada, Sin Diluir<\/em><\/li>\n<li><em>Calidad: Grado Terap\u00e9utico<\/em><\/li>\n<li><em>M\u00e9todo de extracci\u00f3n: vapor destilado de hojas de \u00e1rbol de t\u00e9<\/em><\/li>\n<\/ul>\n<p><strong>Beneficios:<\/strong><\/p>\n<ul>\n<li><em>Purificante: Limpia y refresca tu entorno con la purificaci\u00f3n natural del \u00c1rbol del T\u00e9.<\/em><\/li>\n<li><em>Vigorizante: El aroma fresco y medicinal promueve una sensaci\u00f3n de vigorizaci\u00f3n.<\/em><\/li>\n<li><em>Desinfectante: Ideal como desinfectante por sus propiedades antibacterianas, antivirales y antif\u00fangicas.<\/em><\/li>\n<\/ul>\n<p><strong>Sugerencias de uso:<\/strong><\/p>\n<ul>\n<li>Difunda con 5 gotas para obtener un espacio m\u00e1s limpio y fresco, mejorando la calidad del aire interior al matar el moho y las bacterias.<\/li>\n<li>Aplicar t\u00f3picamente despu\u00e9s de diluirlo en un aceite portador, como el aceite de jojoba.<\/li>\n<li>\u00daselo como desinfectante y limpiador dom\u00e9stico en combinaci\u00f3n con aceite de Lim\u00f3n.<\/li>\n<li>Para tratar las verrugas y las infecciones por hongos, aplique de 2 a 5 gotas en el \u00e1rea afectada con un hisopo de algod\u00f3n.<\/li>\n<\/ul>\n<p>El aceite esencial de \u00e1rbol de t\u00e9, con su pureza excepcional y calidad de grado terap\u00e9utico, es indispensable para quienes adoptan un enfoque natural hacia una atm\u00f3sfera limpia y revitalizada.<\/p>\n<p><strong>MENTA: Mentha Piperita<\/strong><br \/>\n<em>Nombre bot\u00e1nico: Mentha Piperita<\/em><br \/>\n<em>Pa\u00eds de origen: EE. UU.<\/em><\/p>\n<p>El aceite esencial de menta, extra\u00eddo de la planta Mentha Piperita, es una adici\u00f3n refrescante y tonificante a las colecciones de aceites esenciales.\u00a0Conocido por su aroma fresco y mentolado, este aceite proporciona una explosi\u00f3n de energ\u00eda y claridad, lo que lo convierte en una opci\u00f3n ideal para diversas aplicaciones.<\/p>\n<p><strong>Caracter\u00edsticas clave:<\/strong><\/p>\n<ul>\n<li><em>Aroma: fresco, mentolado y vigorizante.<\/em><\/li>\n<li><em>Pureza: Pura, Concentrada, Sin Diluir<\/em><\/li>\n<li><em>Calidad: Grado Terap\u00e9utico<\/em><\/li>\n<li><em>M\u00e9todo de extracci\u00f3n: destilado al vapor de hojas de menta<\/em><\/li>\n<\/ul>\n<p><strong>Beneficios:<\/strong><\/p>\n<ul>\n<li><em>Vigorizante: Experimente una sensaci\u00f3n revitalizante y refrescante que aumenta la energ\u00eda.<\/em><\/li>\n<li><em>Claridad: el aroma fresco de la menta promueve la claridad mental y la concentraci\u00f3n.<\/em><\/li>\n<\/ul>\n<p><strong>Sugerencias de uso:<\/strong><\/p>\n<ul>\n<li>Difunda con 5 gotas en agua para el cuidado de los senos nasales, el alivio de las alergias y una mejor concentraci\u00f3n.<\/li>\n<li>Frote 1 o 2 gotas detr\u00e1s de las orejas, las sienes y la nuca para aliviar el dolor muscular, el dolor de cabeza y las n\u00e1useas.<\/li>\n<li>A\u00f1ade 1 gota en la lengua para refrescar el aliento.<\/li>\n<li>Agregue de 5 a 10 gotas a un ba\u00f1o tibio para una experiencia relajante y estimulante.<\/li>\n<\/ul>\n<p>El aceite esencial de menta, con su pureza excepcional y calidad de grado terap\u00e9utico, es una opci\u00f3n vers\u00e1til para quienes buscan una soluci\u00f3n natural para obtener energ\u00eda y refresco mental.<\/p>\n<p><strong>INCIENSO: Boswellia Serrata<\/strong><br \/>\n<em>Nombre bot\u00e1nico: Boswellia Serrata<\/em><br \/>\n<em>Pa\u00eds de origen: India<\/em><\/p>\n<p>El aceite esencial de incienso, obtenido de la resina del \u00e1rbol Boswellia Serrata, es una adici\u00f3n atemporal y sagrada a las colecciones de aceites esenciales.\u00a0Venerado por su rico aroma amaderado con matices c\u00edtricos, este aceite promueve la tranquilidad, lo que lo convierte en una opci\u00f3n apreciada para diversas pr\u00e1cticas hol\u00edsticas.<\/p>\n<p><strong>Caracter\u00edsticas clave:<\/strong><\/p>\n<ul>\n<li><em>Aroma: Rico, amaderado, con matices c\u00edtricos.<\/em><\/li>\n<li><em>Pureza: Pura, Concentrada, Sin Diluir<\/em><\/li>\n<li><em>Calidad: Grado Terap\u00e9utico<\/em><\/li>\n<li><em>M\u00e9todo de extracci\u00f3n: destilado al vapor de resina de incienso<\/em><\/li>\n<\/ul>\n<p><strong>Beneficios:<\/strong><\/p>\n<ul>\n<li><em>Tranquilidad: Abrace una atm\u00f3sfera serena con las propiedades calmantes y reconfortantes del incienso.<\/em><\/li>\n<li><em>Meditaci\u00f3n: Ideal para usar durante pr\u00e1cticas de meditaci\u00f3n y atenci\u00f3n plena.<\/em><\/li>\n<li><em>Cuidado de la piel: Conocido por sus propiedades renovadoras de la piel, el incienso es una valiosa adici\u00f3n a su rutina de cuidado de la piel.<\/em><\/li>\n<\/ul>\n<p><strong>Sugerencias de uso:<\/strong><\/p>\n<ul>\n<li><em>Difunde para relajarte, ya sea como spray para el dormitorio o en un difusor durante la meditaci\u00f3n.<\/em><\/li>\n<li><em>Diluya de 5 a 10 gotas por cucharadita de aceite portador para aliviar el estr\u00e9s t\u00f3pico, aplic\u00e1ndolas sobre la piel, detr\u00e1s de las orejas o debajo de las mu\u00f1ecas.<\/em><\/li>\n<li><em>A\u00f1ade unas gotas a un ba\u00f1o relajante para aliviar el estr\u00e9s.<\/em><\/li>\n<li><em>Mezcle unas gotas en una cucharadita de aceite portador para aplicaci\u00f3n directa sobre arrugas, imperfecciones del acn\u00e9, manchas oscuras o \u00e1reas donde la piel est\u00e1 fl\u00e1cida.<\/em><\/li>\n<\/ul>\n<p>El aceite esencial de incienso, reconocido por su pureza y calidad de grado terap\u00e9utico, lo invita a experimentar los profundos y centenarios beneficios de esta resina sagrada.<\/p>\n<p><strong>MEZCLA DE INMUNIDAD<\/strong><\/p>\n<p>Elaborada con precisi\u00f3n y cuidado, nuestra Immunity Blend es una potente fusi\u00f3n de aceites esenciales naturales cuidadosamente seleccionados para apoyar su bienestar.\u00a0Esta combinaci\u00f3n \u00fanica vigoriza tus sentidos mientras estimula tu sistema inmunol\u00f3gico.<\/p>\n<p><strong>Ingredientes principales:<\/strong><\/p>\n<ul>\n<li><em>Clavo de clavo (aceite de flor de Eugenia caryophyllus): agrega un aroma c\u00e1lido y especiado para enriquecer la mezcla general.<\/em><\/li>\n<li><em>Corteza de canela (aceite de corteza de Cinnamomum zeylanicum): infunde dulzura y confort, creando una atm\u00f3sfera acogedora.<\/em><\/li>\n<li><em>Naranja silvestre (aceite de c\u00e1scara de Citrus aurantium dulcis): proporciona una explosi\u00f3n de frescura c\u00edtrica, que eleva y energiza la mezcla.<\/em><\/li>\n<li><em>Eucalipto (aceite de hoja de Eucalyptus globulus): Ofrece propiedades vigorizantes y clarificantes, apoyando la salud respiratoria.<\/em><\/li>\n<li><em>Romero (aceite de hoja de Rosmarinus officinalis): Introduce notas herb\u00e1ceas y amaderadas, contribuyendo a una composici\u00f3n equilibrada.<\/em><\/li>\n<\/ul>\n<p><strong>Sugerencias de uso:<\/strong><\/p>\n<ul>\n<li><em>Dif\u00fandalo en la sala de estar o en los espacios de trabajo para crear un ambiente estimulante y estimulante del sistema inmunol\u00f3gico.<\/em><\/li>\n<li><em>Diluye unas gotas en un aceite portador para realizar un masaje reconfortante y revitalizante.<\/em><\/li>\n<li><em>Incorp\u00f3relo a soluciones de limpieza caseras para obtener una alternativa natural y arom\u00e1tica.<\/em><\/li>\n<\/ul>\n<p>Mejore su rutina diaria de bienestar con nuestra Immunity Blend, una fusi\u00f3n armoniosa de los mejores aceites esenciales de la naturaleza, meticulosamente elaborada para empoderar y proteger.<\/p>\n<hr \/>\n<p><strong>C\u00d3MO UTILIZAR:<\/strong><\/p>\n<p class=\"product-description__text\"><b>Todos los consejos para el uso de aceites esenciales:<br \/>\n<\/b><\/p>\n<ul>\n<li><em>Aromaterapia: Difunda para crear un ambiente calmante y mejorar la calidad del sue\u00f1o.<\/em><\/li>\n<li><em>Aplicaci\u00f3n t\u00f3pica: Diluir con un aceite portador y aplicar en los puntos de pulso o agregar al agua del ba\u00f1o.<\/em><\/li>\n<li><em>Cuidado de la piel: incorp\u00f3relo a su rutina de cuidado de la piel para obtener una experiencia natural y relajante.<\/em><\/li>\n<\/ul>\n<p><b><\/b><b>Precauci\u00f3n:<\/b><\/p>\n<ul>\n<li><em>Diluir antes de aplicar sobre la piel.<\/em><\/li>\n<li><em>Evitar contacto visual.<\/em><\/li>\n<li><em>Mantener fuera del alcance de los ni\u00f1os.<\/em><\/li>\n<\/ul>\n<p><b>Almacenamiento:<\/b><\/p>\n<ul>\n<li><em>Conservar en un lugar fresco y oscuro.<\/em><\/li>\n<li><em>Aseg\u00farese de que la botella est\u00e9 bien cerrada para preservar la potencia del aceite.<\/em><\/li>\n<\/ul>\n<p><b>Embalaje:<\/b><\/p>\n<ul>\n<li><em>Embotellado en una botella de vidrio oscuro para proteger el aceite de los rayos UV.<\/em><\/li>\n<li><em>Tapa a prueba de manipulaciones para garantizar la calidad<\/em><\/li>\n<\/ul>\n","protected":false},"excerpt":{"rendered":"<p><img decoding=\"async\" class=\"emoji\" role=\"img\" draggable=\"false\" src=\"https:\/\/s.w.org\/images\/core\/emoji\/14.0.0\/svg\/1f49a.svg\" alt=\"LiveGooD Heart\" \/>\u00a0Aceites esenciales premium de grado terap\u00e9utico<br \/>\n<img decoding=\"async\" class=\"emoji\" role=\"img\" draggable=\"false\" src=\"https:\/\/s.w.org\/images\/core\/emoji\/14.0.0\/svg\/1f49a.svg\" alt=\"LiveGooD Heart\" \/> Laboratorio de terceros probado para pureza<br \/>\n<img decoding=\"async\" class=\"emoji\" role=\"img\" draggable=\"false\" src=\"https:\/\/s.w.org\/images\/core\/emoji\/14.0.0\/svg\/1f49a.svg\" alt=\"LiveGooD Heart\" \/> Frascos de f\u00e1cil dispensaci\u00f3n de 15 ml<\/p>\n","protected":false},"featured_media":268,"comment_status":"open","ping_status":"closed","template":"","meta":[],"product_brand":[],"product_cat":[97,209],"product_tag":[3751,3754],"class_list":{"0":"post-1035","1":"product","2":"type-product","3":"status-publish","4":"has-post-thumbnail","6":"product_cat-essential-oils-es-es","7":"product_cat-product-packages-es-es","8":"product_tag-essential-oils-doterra-es-es","9":"product_tag-essential-oils-young-living-es-es","11":"first","12":"instock","13":"sale","14":"featured","15":"shipping-taxable","16":"product-type-external"},"yoast_head":"<!-- This site is optimized with the Yoast SEO Premium plugin v20.6 (Yoast SEO v21.8.1) - https:\/\/yoast.com\/wordpress\/plugins\/seo\/ -->\n<title>Aceites Esenciales - LiveGooD Shop<\/title>\n<meta name=\"robots\" content=\"index, follow, max-snippet:-1, max-image-preview:large, max-video-preview:-1\" \/>\n<link rel=\"canonical\" href=\"https:\/\/livegood.network\/shop\/es-es\/product\/essential-oils-es-es\/\" \/>\n<meta property=\"og:locale\" content=\"en_US\" \/>\n<meta property=\"og:type\" content=\"article\" \/>\n<meta property=\"og:title\" content=\"Aceites Esenciales\" \/>\n<meta property=\"og:description\" content=\"\u00a0Aceites esenciales premium de grado terap\u00e9utico  Laboratorio de terceros probado para pureza  Frascos de f\u00e1cil dispensaci\u00f3n de 15 ml\" \/>\n<meta property=\"og:url\" content=\"https:\/\/livegood.network\/shop\/es-es\/product\/essential-oils-es-es\/\" \/>\n<meta property=\"article:publisher\" content=\"https:\/\/www.facebook.com\/livegoodhello\" \/>\n<meta property=\"article:modified_time\" content=\"2024-02-02T17:39:21+00:00\" \/>\n<meta property=\"og:image\" content=\"https:\/\/livegood.network\/shop\/wp-content\/uploads\/2024\/01\/essential-oils-open-box-livegood.png\" \/>\n\t<meta property=\"og:image:width\" content=\"720\" \/>\n\t<meta property=\"og:image:height\" content=\"720\" \/>\n\t<meta property=\"og:image:type\" content=\"image\/png\" \/>\n<meta name=\"twitter:card\" content=\"summary_large_image\" \/>\n<meta name=\"twitter:label1\" content=\"Est. reading time\" \/>\n\t<meta name=\"twitter:data1\" content=\"8 minutes\" \/>\n<script type=\"application\/ld+json\" class=\"yoast-schema-graph\">{\"@context\":\"https:\/\/schema.org\",\"@graph\":[{\"@type\":\"WebPage\",\"@id\":\"https:\/\/livegood.network\/shop\/es-es\/product\/essential-oils-es-es\/\",\"url\":\"https:\/\/livegood.network\/shop\/es-es\/product\/essential-oils-es-es\/\",\"name\":\"Aceites Esenciales - LiveGooD Shop\",\"isPartOf\":{\"@id\":\"https:\/\/livegood.network\/shop\/#website\"},\"datePublished\":\"2024-01-25T18:02:34+00:00\",\"dateModified\":\"2024-02-02T17:39:21+00:00\",\"breadcrumb\":{\"@id\":\"https:\/\/livegood.network\/shop\/es-es\/product\/essential-oils-es-es\/#breadcrumb\"},\"inLanguage\":\"en-US\",\"potentialAction\":[{\"@type\":\"ReadAction\",\"target\":[\"https:\/\/livegood.network\/shop\/es-es\/product\/essential-oils-es-es\/\"]}]},{\"@type\":\"BreadcrumbList\",\"@id\":\"https:\/\/livegood.network\/shop\/es-es\/product\/essential-oils-es-es\/#breadcrumb\",\"itemListElement\":[{\"@type\":\"ListItem\",\"position\":1,\"name\":\"Home\",\"item\":\"https:\/\/livegood.network\/shop\/pt-br\/\"},{\"@type\":\"ListItem\",\"position\":2,\"name\":\"Shop\",\"item\":\"https:\/\/livegood.network\/shop\/shop\/\"},{\"@type\":\"ListItem\",\"position\":3,\"name\":\"Aceites Esenciales\"}]},{\"@type\":\"WebSite\",\"@id\":\"https:\/\/livegood.network\/shop\/#website\",\"url\":\"https:\/\/livegood.network\/shop\/\",\"name\":\"LiveGooD Shop\",\"description\":\"\",\"publisher\":{\"@id\":\"https:\/\/livegood.network\/shop\/#organization\"},\"potentialAction\":[{\"@type\":\"SearchAction\",\"target\":{\"@type\":\"EntryPoint\",\"urlTemplate\":\"https:\/\/livegood.network\/shop\/?s={search_term_string}\"},\"query-input\":\"required name=search_term_string\"}],\"inLanguage\":\"en-US\"},{\"@type\":\"Organization\",\"@id\":\"https:\/\/livegood.network\/shop\/#organization\",\"name\":\"LiveGooD\",\"url\":\"https:\/\/livegood.network\/shop\/\",\"logo\":{\"@type\":\"ImageObject\",\"inLanguage\":\"en-US\",\"@id\":\"https:\/\/livegood.network\/shop\/#\/schema\/logo\/image\/\",\"url\":\"https:\/\/livegood.network\/shop\/wp-content\/uploads\/2024\/01\/logo-livegood-shop-main.png\",\"contentUrl\":\"https:\/\/livegood.network\/shop\/wp-content\/uploads\/2024\/01\/logo-livegood-shop-main.png\",\"width\":373,\"height\":115,\"caption\":\"LiveGooD\"},\"image\":{\"@id\":\"https:\/\/livegood.network\/shop\/#\/schema\/logo\/image\/\"},\"sameAs\":[\"https:\/\/www.facebook.com\/livegoodhello\"]}]}<\/script>\n<!-- \/ Yoast SEO Premium plugin. -->","yoast_head_json":{"title":"Aceites Esenciales - LiveGooD Shop","robots":{"index":"index","follow":"follow","max-snippet":"max-snippet:-1","max-image-preview":"max-image-preview:large","max-video-preview":"max-video-preview:-1"},"canonical":"https:\/\/livegood.network\/shop\/es-es\/product\/essential-oils-es-es\/","og_locale":"en_US","og_type":"article","og_title":"Aceites Esenciales","og_description":"\u00a0Aceites esenciales premium de grado terap\u00e9utico  Laboratorio de terceros probado para pureza  Frascos de f\u00e1cil dispensaci\u00f3n de 15 ml","og_url":"https:\/\/livegood.network\/shop\/es-es\/product\/essential-oils-es-es\/","article_publisher":"https:\/\/www.facebook.com\/livegoodhello","article_modified_time":"2024-02-02T17:39:21+00:00","og_image":[{"width":720,"height":720,"url":"https:\/\/livegood.network\/shop\/wp-content\/uploads\/2024\/01\/essential-oils-open-box-livegood.png","type":"image\/png"}],"twitter_card":"summary_large_image","twitter_misc":{"Est. reading time":"8 minutes"},"schema":{"@context":"https:\/\/schema.org","@graph":[{"@type":"WebPage","@id":"https:\/\/livegood.network\/shop\/es-es\/product\/essential-oils-es-es\/","url":"https:\/\/livegood.network\/shop\/es-es\/product\/essential-oils-es-es\/","name":"Aceites Esenciales - LiveGooD Shop","isPartOf":{"@id":"https:\/\/livegood.network\/shop\/#website"},"datePublished":"2024-01-25T18:02:34+00:00","dateModified":"2024-02-02T17:39:21+00:00","breadcrumb":{"@id":"https:\/\/livegood.network\/shop\/es-es\/product\/essential-oils-es-es\/#breadcrumb"},"inLanguage":"en-US","potentialAction":[{"@type":"ReadAction","target":["https:\/\/livegood.network\/shop\/es-es\/product\/essential-oils-es-es\/"]}]},{"@type":"BreadcrumbList","@id":"https:\/\/livegood.network\/shop\/es-es\/product\/essential-oils-es-es\/#breadcrumb","itemListElement":[{"@type":"ListItem","position":1,"name":"Home","item":"https:\/\/livegood.network\/shop\/pt-br\/"},{"@type":"ListItem","position":2,"name":"Shop","item":"https:\/\/livegood.network\/shop\/shop\/"},{"@type":"ListItem","position":3,"name":"Aceites Esenciales"}]},{"@type":"WebSite","@id":"https:\/\/livegood.network\/shop\/#website","url":"https:\/\/livegood.network\/shop\/","name":"LiveGooD Shop","description":"","publisher":{"@id":"https:\/\/livegood.network\/shop\/#organization"},"potentialAction":[{"@type":"SearchAction","target":{"@type":"EntryPoint","urlTemplate":"https:\/\/livegood.network\/shop\/?s={search_term_string}"},"query-input":"required name=search_term_string"}],"inLanguage":"en-US"},{"@type":"Organization","@id":"https:\/\/livegood.network\/shop\/#organization","name":"LiveGooD","url":"https:\/\/livegood.network\/shop\/","logo":{"@type":"ImageObject","inLanguage":"en-US","@id":"https:\/\/livegood.network\/shop\/#\/schema\/logo\/image\/","url":"https:\/\/livegood.network\/shop\/wp-content\/uploads\/2024\/01\/logo-livegood-shop-main.png","contentUrl":"https:\/\/livegood.network\/shop\/wp-content\/uploads\/2024\/01\/logo-livegood-shop-main.png","width":373,"height":115,"caption":"LiveGooD"},"image":{"@id":"https:\/\/livegood.network\/shop\/#\/schema\/logo\/image\/"},"sameAs":["https:\/\/www.facebook.com\/livegoodhello"]}]}},"lang":"es-es","translations":{"es-es":1035,"pt-br":1046,"pt-pt":1036,"en-us":267,"fr-fr":1034,"vi":1037,"ru-ru":1038,"ko":1040},"pll_sync_post":[],"_links":{"self":[{"href":"https:\/\/livegood.network\/shop\/wp-json\/wp\/v2\/product\/1035","targetHints":{"allow":["GET"]}}],"collection":[{"href":"https:\/\/livegood.network\/shop\/wp-json\/wp\/v2\/product"}],"about":[{"href":"https:\/\/livegood.network\/shop\/wp-json\/wp\/v2\/types\/product"}],"replies":[{"embeddable":true,"href":"https:\/\/livegood.network\/shop\/wp-json\/wp\/v2\/comments?post=1035"}],"version-history":[{"count":1,"href":"https:\/\/livegood.network\/shop\/wp-json\/wp\/v2\/product\/1035\/revisions"}],"predecessor-version":[{"id":1602,"href":"https:\/\/livegood.network\/shop\/wp-json\/wp\/v2\/product\/1035\/revisions\/1602"}],"wp:featuredmedia":[{"embeddable":true,"href":"https:\/\/livegood.network\/shop\/wp-json\/wp\/v2\/media\/268"}],"wp:attachment":[{"href":"https:\/\/livegood.network\/shop\/wp-json\/wp\/v2\/media?parent=1035"}],"wp:term":[{"taxonomy":"product_brand","embeddable":true,"href":"https:\/\/livegood.network\/shop\/wp-json\/wp\/v2\/product_brand?post=1035"},{"taxonomy":"product_cat","embeddable":true,"href":"https:\/\/livegood.network\/shop\/wp-json\/wp\/v2\/product_cat?post=1035"},{"taxonomy":"product_tag","embeddable":true,"href":"https:\/\/livegood.network\/shop\/wp-json\/wp\/v2\/product_tag?post=1035"}],"curies":[{"name":"wp","href":"https:\/\/api.w.org\/{rel}","templated":true}]}}