{"id":1036,"date":"2024-01-25T18:04:27","date_gmt":"2024-01-25T18:04:27","guid":{"rendered":"https:\/\/livegood.network\/shop\/?post_type=product&#038;p=1036"},"modified":"2024-02-02T17:53:52","modified_gmt":"2024-02-02T17:53:52","slug":"essential-oils-pt-pt","status":"publish","type":"product","link":"https:\/\/livegood.network\/shop\/pt-pt\/product\/essential-oils-pt-pt\/","title":{"rendered":"\u00d3leos Essenciais"},"content":{"rendered":"<p><strong>\u00d3leos essenciais premium de grau terap\u00eautico<\/strong><\/p>\n<p>O cativante reino dos \u00f3leos essenciais cativou a humanidade durante s\u00e9culos, utilizados pelos antigos eg\u00edpcios para fins medicinais e como misturas arom\u00e1ticas em perfumes e incensos.\u00a0Hoje, os \u00d3leos Essenciais referem-se \u00e0 ess\u00eancia concentrada da fragr\u00e2ncia de uma planta, extra\u00edda atrav\u00e9s de m\u00e9todos como destila\u00e7\u00e3o ou prensagem a frio, como acontece com o nosso \u00f3leo de lim\u00e3o.\u00a0Esses processos concentram os potentes compostos curativos em uma pequena quantidade de \u00f3leo, permitindo-lhes servir como potentes agentes terap\u00eauticos.\u00a0Os \u00f3leos essenciais podem ajudar no al\u00edvio do estresse, suporte imunol\u00f3gico, preven\u00e7\u00e3o de infec\u00e7\u00f5es, suporte digestivo, maior concentra\u00e7\u00e3o, aumento dos n\u00edveis de energia, al\u00edvio da dor, melhora do sono e muito mais!<\/p>\n<p>Existem v\u00e1rias maneiras de integrar \u00f3leos essenciais em sua rotina di\u00e1ria.\u00a0Um m\u00e9todo comum \u00e9 us\u00e1-los para aromaterapia atrav\u00e9s de um difusor.\u00a0Para aplica\u00e7\u00f5es t\u00f3picas, \u00e9 aconselh\u00e1vel usar um \u00f3leo transportador como \u00f3leo de coco fracionado ou \u00f3leo de jojoba, normalmente numa dilui\u00e7\u00e3o de 5 gotas de \u00f3leo por meia colher de ch\u00e1 de \u00f3leo transportador.\u00a0Depois de dilu\u00edda, a mistura pode ser aplicada na \u00e1rea da pele.\u00a0Os \u00f3leos essenciais tamb\u00e9m s\u00e3o comumente usados \u200b\u200bem produtos de limpeza e cuidados pessoais DIY.<\/p>\n<p><strong>LIM\u00c3O: Citrus Limonum<\/strong><br \/>\n<em>Nome bot\u00e2nico: Citrus limonum<\/em><br \/>\n<em>Pa\u00eds de origem: EUA<\/em><\/p>\n<p>O \u00f3leo essencial de lim\u00e3o, extra\u00eddo da casca de Citrus limonum, \u00e9 uma adi\u00e7\u00e3o deliciosa \u00e0s cole\u00e7\u00f5es de \u00f3leos essenciais.\u00a0Com um aroma fresco, doce e c\u00edtrico, este \u00f3leo oferece um aroma revigorante que inspira e proporciona uma explos\u00e3o de energia fresca, limpando a mente para uma experi\u00eancia revitalizante.<\/p>\n<p><strong>Caracter\u00edsticas principais:<\/strong><\/p>\n<ul>\n<li><em>Aroma: Fresco, doce, c\u00edtrico<\/em><\/li>\n<li><em>Pureza: Puro, Concentrado, N\u00e3o Dilu\u00eddo<\/em><\/li>\n<li><em>Qualidade: Grau Terap\u00eautico<\/em><\/li>\n<li><em>M\u00e9todo de extra\u00e7\u00e3o: prensado a frio de cascas de lim\u00e3o<\/em><\/li>\n<\/ul>\n<p><strong>Benef\u00edcios:<\/strong><\/p>\n<ul>\n<li>Refresca: Eleve o humor com a fragr\u00e2ncia edificante e refrescante.<\/li>\n<li>Revitaliza: Experimente propriedades rejuvenescedoras que limpam a mente e aumentam a energia.<\/li>\n<li>Garantia de Qualidade: Nosso \u00f3leo essencial de Lim\u00e3o \u00e9 prensado a frio, preservando sua qualidade natural.<\/li>\n<\/ul>\n<p><strong>Sugest\u00f5es de uso:<\/strong><\/p>\n<ul>\n<li>Difunda 5 gotas em casa ou no trabalho para melhorar o humor e melhorar o desempenho no trabalho.<\/li>\n<li>Infundir bolas de algod\u00e3o para uma explos\u00e3o de aroma c\u00edtrico picante em \u00e1reas malcheirosas.<\/li>\n<li>Desinfete com uma solu\u00e7\u00e3o de limpeza DIY sem toxinas usando 40 gotas de \u00f3leo de lim\u00e3o e 20 gotas de \u00f3leo de tea tree em um borrifador de 16 on\u00e7as com \u00e1gua e vinagre.<\/li>\n<li>Adicione algumas gotas na roupa da academia para refrescar odores dif\u00edceis de eliminar.<\/li>\n<\/ul>\n<p><strong>LAVANDA: Lavandula angustifolia<\/strong><br \/>\n<em>Nome bot\u00e2nico: Lavandula angustifolia<\/em><br \/>\n<em>Pa\u00eds de origem: Bulg\u00e1ria<\/em><\/p>\n<p>O \u00f3leo essencial de lavanda, derivado da planta Lavandula angustifolia, \u00e9 uma adi\u00e7\u00e3o atemporal e vers\u00e1til \u00e0s cole\u00e7\u00f5es de \u00f3leos essenciais.\u00a0Conhecido pelas suas propriedades calmantes e calmantes, o \u00f3leo possui um aroma floral e herb\u00e1ceo que promove relaxamento e equil\u00edbrio.<\/p>\n<p><strong>Caracter\u00edsticas principais:<\/strong><\/p>\n<ul>\n<li><em>Aroma: Floral, herb\u00e1ceo, calmante<\/em><\/li>\n<li><em>Pureza: Puro, Concentrado, N\u00e3o Dilu\u00eddo<\/em><\/li>\n<li><em>Qualidade: Grau Terap\u00eautico<\/em><\/li>\n<li><em>M\u00e9todo de extra\u00e7\u00e3o: destila\u00e7\u00e3o a vapor de flores de lavanda<\/em><\/li>\n<\/ul>\n<p><strong>Benef\u00edcios:<\/strong><\/p>\n<ul>\n<li><em>Calmante: Crie uma atmosfera tranquila que alivia o estresse e promove relaxamento.<\/em><\/li>\n<li><em>Equil\u00edbrio: restaure a harmonia da mente e do corpo com Lavanda.<\/em><\/li>\n<\/ul>\n<p><strong>Sugest\u00f5es de uso:<\/strong><\/p>\n<ul>\n<li>Para aliviar o estresse e melhorar o sono, adicione 5 gotas a um difusor antes de dormir.<\/li>\n<li>Aplique topicamente atr\u00e1s das orelhas, t\u00eamporas ou dobras dos pulsos para apoiar o sistema nervoso e a fun\u00e7\u00e3o cerebral.\u00a0Voc\u00ea tamb\u00e9m pode inalar diretamente da garrafa.<\/li>\n<li>Use como um perfume natural adicionando 2-3 gotas nas palmas das m\u00e3os e aplicando na pele.<\/li>\n<li>Incorpore a Lavanda em receitas DIY, como sprays caseiros, sais de banho, produtos faciais e de beleza, melhorando v\u00e1rios aspectos da sua vida.<\/li>\n<\/ul>\n<p>Relaxe e receba a tranquilidade com \u00f3leo essencial de Lavanda.\u00a0Mergulhe na ess\u00eancia n\u00e3o adulterada da natureza, promovendo uma sensa\u00e7\u00e3o de paz e bem-estar geral.\u00a0Melhore o seu regime de autocuidado com \u00f3leo essencial de Lavanda da mais alta qualidade terap\u00eautica.<\/p>\n<p><strong>\u00c1RVORE DO CH\u00c1: Melaleuca Alternifolia<\/strong><br \/>\n<em>Nome bot\u00e2nico: Melaleuca Alternifolia<\/em><br \/>\n<em>Pa\u00eds de origem: Austr\u00e1lia<\/em><\/p>\n<p>O \u00f3leo essencial de Tea Tree, derivado da planta Melaleuca Alternifolia, \u00e9 uma adi\u00e7\u00e3o potente e vers\u00e1til \u00e0s cole\u00e7\u00f5es de \u00f3leos essenciais.\u00a0Reconhecido pelas suas propriedades purificantes e de limpeza, o \u00f3leo tem um aroma fresco e medicinal que revigora e promove um ambiente limpo.<\/p>\n<p><strong>Caracter\u00edsticas principais:<\/strong><\/p>\n<ul>\n<li><em>Aroma: Fresco, medicinal, purificante<\/em><\/li>\n<li><em>Pureza: Puro, Concentrado, N\u00e3o Dilu\u00eddo<\/em><\/li>\n<li><em>Qualidade: Grau Terap\u00eautico<\/em><\/li>\n<li><em>M\u00e9todo de extra\u00e7\u00e3o: vapor destilado de folhas de tea tree<\/em><\/li>\n<\/ul>\n<p><strong>Benef\u00edcios:<\/strong><\/p>\n<ul>\n<li><em>Purificante: Limpe e refresque o ambiente com a purifica\u00e7\u00e3o natural do Tea Tree.<\/em><\/li>\n<li><em>Revigorante: O aroma fresco e medicinal promove uma sensa\u00e7\u00e3o de revigoramento.<\/em><\/li>\n<li><em>Desinfec\u00e7\u00e3o: Ideal como desinfetante devido \u00e0s suas propriedades antibacterianas, antivirais e antif\u00fangicas.<\/em><\/li>\n<\/ul>\n<p><strong>Sugest\u00f5es de uso:<\/strong><\/p>\n<ul>\n<li>Difunda com 5 gotas para um espa\u00e7o mais limpo e revigorado, melhorando a qualidade do ar interno ao matar mofo e bact\u00e9rias.<\/li>\n<li>Aplicar topicamente ap\u00f3s dilui\u00e7\u00e3o em um \u00f3leo transportador, como o \u00f3leo de jojoba.<\/li>\n<li>Use como desinfetante e limpador dom\u00e9stico em combina\u00e7\u00e3o com \u00f3leo de lim\u00e3o.<\/li>\n<li>Para tratar verrugas e infec\u00e7\u00f5es f\u00fangicas, aplique de 2 a 5 gotas na \u00e1rea afetada com um cotonete.<\/li>\n<\/ul>\n<p>O \u00f3leo essencial de Tea Tree, com a sua pureza excecional e qualidade terap\u00eautica, \u00e9 indispens\u00e1vel para quem adota uma abordagem natural para uma atmosfera limpa e revitalizada.<\/p>\n<p><strong>PEPPERMINT: Mentha Piperita<\/strong><br \/>\n<em>Nome bot\u00e2nico: Mentha Piperita<\/em><br \/>\n<em>Pa\u00eds de origem: EUA<\/em><\/p>\n<p>O \u00f3leo essencial de hortel\u00e3-pimenta, extra\u00eddo da planta Mentha Piperita, \u00e9 uma adi\u00e7\u00e3o refrescante e revigorante \u00e0s cole\u00e7\u00f5es de \u00f3leos essenciais.\u00a0Conhecido pelo seu aroma fresco e mentolado, este \u00f3leo proporciona uma explos\u00e3o de energia e clareza, tornando-o a escolha ideal para diversas aplica\u00e7\u00f5es.<\/p>\n<p><strong>Caracter\u00edsticas principais:<\/strong><\/p>\n<ul>\n<li><em>Aroma: Fresco, mentolado, revigorante<\/em><\/li>\n<li><em>Pureza: Puro, Concentrado, N\u00e3o Dilu\u00eddo<\/em><\/li>\n<li><em>Qualidade: Grau Terap\u00eautico<\/em><\/li>\n<li><em>M\u00e9todo de extra\u00e7\u00e3o: destila\u00e7\u00e3o a vapor de folhas de hortel\u00e3-pimenta<\/em><\/li>\n<\/ul>\n<p><strong>Benef\u00edcios:<\/strong><\/p>\n<ul>\n<li><em>Revigorante: Experimente uma sensa\u00e7\u00e3o revitalizante e refrescante que aumenta a energia.<\/em><\/li>\n<li><em>Clareza: O aroma fresco da hortel\u00e3-pimenta promove clareza mental e foco.<\/em><\/li>\n<\/ul>\n<p><strong>Sugest\u00f5es de uso:<\/strong><\/p>\n<ul>\n<li>Difunda com 5 gotas em \u00e1gua para cuidar dos seios da face, aliviar alergias e melhorar o foco.<\/li>\n<li>Esfregue 1-2 gotas atr\u00e1s das orelhas, t\u00eamporas e nuca para aliviar dores musculares, dores de cabe\u00e7a e n\u00e1useas.<\/li>\n<li>Adicione 1 gota na l\u00edngua para refrescar o h\u00e1lito.<\/li>\n<li>Adicione 5 a 10 gotas a um banho quente para uma experi\u00eancia calmante e revigorante.<\/li>\n<\/ul>\n<p>O \u00f3leo essencial de hortel\u00e3-pimenta, com sua pureza excepcional e qualidade terap\u00eautica, \u00e9 uma escolha vers\u00e1til para quem busca uma solu\u00e7\u00e3o natural para energia e refresco mental.<\/p>\n<p><strong>FRANKINCENSE: Boswellia Serrata<\/strong><br \/>\n<em>Nome Bot\u00e2nico: Boswellia Serrata<\/em><br \/>\n<em>Pa\u00eds de Origem: \u00cdndia<\/em><\/p>\n<p>O \u00f3leo essencial de ol\u00edbano, proveniente da resina da \u00e1rvore Boswellia Serrata, \u00e9 uma adi\u00e7\u00e3o atemporal e sagrada \u00e0s cole\u00e7\u00f5es de \u00f3leos essenciais.\u00a0Reverenciado pelo seu aroma rico e amadeirado com notas c\u00edtricas, este \u00f3leo promove tranquilidade, tornando-o uma escolha apreciada para diversas pr\u00e1ticas hol\u00edsticas.<\/p>\n<p><strong>Caracter\u00edsticas principais:<\/strong><\/p>\n<ul>\n<li><em>Aroma: Rico, amadeirado, com notas c\u00edtricas<\/em><\/li>\n<li><em>Pureza: Puro, Concentrado, N\u00e3o Dilu\u00eddo<\/em><\/li>\n<li><em>Qualidade: Grau Terap\u00eautico<\/em><\/li>\n<li><em>M\u00e9todo de extra\u00e7\u00e3o: destila\u00e7\u00e3o a vapor de resina de ol\u00edbano<\/em><\/li>\n<\/ul>\n<p><strong>Benef\u00edcios:<\/strong><\/p>\n<ul>\n<li><em>Tranquilidade: Abrace uma atmosfera serena com as propriedades calmantes e de base do ol\u00edbano.<\/em><\/li>\n<li><em>Medita\u00e7\u00e3o: Ideal para uso durante pr\u00e1ticas de medita\u00e7\u00e3o e aten\u00e7\u00e3o plena.<\/em><\/li>\n<li><em>Cuidados com a pele: Conhecido por suas propriedades renovadoras da pele, o ol\u00edbano \u00e9 uma adi\u00e7\u00e3o valiosa \u00e0 sua rotina de cuidados com a pele.<\/em><\/li>\n<\/ul>\n<p><strong>Sugest\u00f5es de uso:<\/strong><\/p>\n<ul>\n<li><em>Difunda para relaxar, como spray para quarto ou em difusor durante a medita\u00e7\u00e3o.<\/em><\/li>\n<li><em>Dilua 5 a 10 gotas por colher de ch\u00e1 de \u00f3leo carreador para al\u00edvio t\u00f3pico do estresse, aplicando na pele, atr\u00e1s das orelhas ou sob os pulsos.<\/em><\/li>\n<li><em>Adicione algumas gotas a um banho relaxante para aliviar o estresse.<\/em><\/li>\n<li><em>Misture algumas gotas em uma colher de ch\u00e1 de \u00f3leo carreador para aplica\u00e7\u00e3o direta em rugas, manchas de acne, manchas escuras ou \u00e1reas onde a pele fica fl\u00e1cida.<\/em><\/li>\n<\/ul>\n<p>O \u00f3leo essencial de ol\u00edbano, conhecido pela sua pureza e qualidade terap\u00eautica, convida voc\u00ea a experimentar os benef\u00edcios profundos e seculares desta resina sagrada.<\/p>\n<p><strong>MISTURA DE IMUNIDADE<\/strong><\/p>\n<p>Elaborada com precis\u00e3o e cuidado, nossa Mistura de Imunidade \u00e9 uma fus\u00e3o potente de \u00f3leos essenciais naturais cuidadosamente selecionados para apoiar o seu bem-estar.\u00a0Esta combina\u00e7\u00e3o \u00fanica revigora os seus sentidos enquanto estimula o seu sistema imunit\u00e1rio.<\/p>\n<p><strong>Ingredientes chave:<\/strong><\/p>\n<ul>\n<li><em>Clove Bud (\u00d3leo de Flor de Eugenia caryophyllus): Adiciona um aroma quente e picante para enriquecer a mistura geral.<\/em><\/li>\n<li><em>Casca de Canela (\u00d3leo de Casca de Cinnamomum zeylanicum): Infunde do\u00e7ura e conforto, criando um ambiente aconchegante.<\/em><\/li>\n<li><em>Laranja Selvagem (\u00d3leo de Casca de Citrus aurantium dulcis): Proporciona uma explos\u00e3o de frescor c\u00edtrico, edificante e energizante \u00e0 mistura.<\/em><\/li>\n<li><em>Eucalipto (\u00d3leo de Folha de Eucalyptus globulus): Oferece propriedades revigorantes e clarificantes, apoiando a sa\u00fade respirat\u00f3ria.<\/em><\/li>\n<li><em>Alecrim (\u00d3leo de Folha de Rosmarinus officinalis): Apresenta notas herbais e amadeiradas, contribuindo para uma composi\u00e7\u00e3o equilibrada.<\/em><\/li>\n<\/ul>\n<p><strong>Sugest\u00f5es de uso:<\/strong><\/p>\n<ul>\n<li><em>Difunda em ambientes residenciais ou de trabalho para criar um ambiente edificante e estimulante do sistema imunol\u00f3gico.<\/em><\/li>\n<li><em>Dilua algumas gotas num \u00f3leo carreador para uma massagem reconfortante e revitalizante.<\/em><\/li>\n<li><em>Incorpore em solu\u00e7\u00f5es de limpeza DIY para uma alternativa natural e arom\u00e1tica.<\/em><\/li>\n<\/ul>\n<p>Eleve a sua rotina di\u00e1ria de bem-estar com a nossa Mistura de Imunidade, uma fus\u00e3o harmoniosa dos melhores \u00f3leos essenciais da natureza, meticulosamente elaborada para fortalecer e proteger.<\/p>\n<hr \/>\n<p><strong>COMO USAR:<\/strong><\/p>\n<p class=\"product-description__text\"><b>Todas as dicas de uso de \u00f3leos essenciais:<br \/>\n<\/b><\/p>\n<ul>\n<li><em>Aromaterapia: Difunda para um ambiente calmante e melhora a qualidade do sono.<\/em><\/li>\n<li><em>Aplica\u00e7\u00e3o T\u00f3pica: Diluir com um \u00f3leo transportador e aplicar nos pontos de pulsa\u00e7\u00e3o ou adicionar \u00e0 \u00e1gua do banho.<\/em><\/li>\n<li><em>Cuidados com a pele: incorpore \u00e0 sua rotina de cuidados com a pele para uma experi\u00eancia natural e calmante.<\/em><\/li>\n<\/ul>\n<p><b><\/b><b>Cuidado:<\/b><\/p>\n<ul>\n<li><em>Diluir antes de aplicar na pele.<\/em><\/li>\n<li><em>Evite contato com os olhos.<\/em><\/li>\n<li><em>Mantenha fora do alcance de crian\u00e7as.<\/em><\/li>\n<\/ul>\n<p><b>Armazenar:<\/b><\/p>\n<ul>\n<li><em>Armazenar em local fresco e escuro.<\/em><\/li>\n<li><em>Certifique-se de que o frasco esteja bem fechado para preservar a pot\u00eancia do \u00f3leo.<\/em><\/li>\n<\/ul>\n<p><b>Embalagem:<\/b><\/p>\n<ul>\n<li><em>Engarrafado em frasco de vidro escuro para proteger o \u00f3leo dos raios UV.<\/em><\/li>\n<li><em>Tampa inviol\u00e1vel para garantia de qualidade<\/em><\/li>\n<\/ul>\n","protected":false},"excerpt":{"rendered":"<p><img decoding=\"async\" class=\"emoji\" role=\"img\" draggable=\"false\" src=\"https:\/\/s.w.org\/images\/core\/emoji\/14.0.0\/svg\/1f49a.svg\" alt=\"LiveGooD Heart\" \/>\u00a0\u00d3leos essenciais premium de grau terap\u00eautico<br \/>\n<img decoding=\"async\" class=\"emoji\" role=\"img\" draggable=\"false\" src=\"https:\/\/s.w.org\/images\/core\/emoji\/14.0.0\/svg\/1f49a.svg\" alt=\"LiveGooD Heart\" \/> Laborat\u00f3rio de terceiros testado quanto \u00e0 pureza<br \/>\n<img decoding=\"async\" class=\"emoji\" role=\"img\" draggable=\"false\" src=\"https:\/\/s.w.org\/images\/core\/emoji\/14.0.0\/svg\/1f49a.svg\" alt=\"LiveGooD Heart\" \/> Frascos de f\u00e1cil distribui\u00e7\u00e3o de 15ml<\/p>\n","protected":false},"featured_media":268,"comment_status":"open","ping_status":"closed","template":"","meta":[],"product_brand":[],"product_cat":[102,203],"product_tag":[3763,3766],"class_list":{"0":"post-1036","1":"product","2":"type-product","3":"status-publish","4":"has-post-thumbnail","6":"product_cat-essential-oils-pt-pt","7":"product_cat-product-packages-pt-pt","8":"product_tag-essential-oils-doterra-pt-pt","9":"product_tag-essential-oils-young-living-pt-pt","11":"first","12":"instock","13":"sale","14":"featured","15":"shipping-taxable","16":"product-type-external"},"yoast_head":"<!-- This site is optimized with the Yoast SEO Premium plugin v20.6 (Yoast SEO v21.8.1) - https:\/\/yoast.com\/wordpress\/plugins\/seo\/ -->\n<title>\u00d3leos Essenciais - LiveGooD Shop<\/title>\n<meta name=\"robots\" content=\"index, follow, max-snippet:-1, max-image-preview:large, max-video-preview:-1\" \/>\n<link rel=\"canonical\" href=\"https:\/\/livegood.network\/shop\/pt-pt\/product\/essential-oils-pt-pt\/\" \/>\n<meta property=\"og:locale\" content=\"en_US\" \/>\n<meta property=\"og:type\" content=\"article\" \/>\n<meta property=\"og:title\" content=\"\u00d3leos Essenciais\" \/>\n<meta property=\"og:description\" content=\"\u00a0\u00d3leos essenciais premium de grau terap\u00eautico  Laborat\u00f3rio de terceiros testado quanto \u00e0 pureza  Frascos de f\u00e1cil distribui\u00e7\u00e3o de 15ml\" \/>\n<meta property=\"og:url\" content=\"https:\/\/livegood.network\/shop\/pt-pt\/product\/essential-oils-pt-pt\/\" \/>\n<meta property=\"article:publisher\" content=\"https:\/\/www.facebook.com\/livegoodhello\" \/>\n<meta property=\"article:modified_time\" content=\"2024-02-02T17:53:52+00:00\" \/>\n<meta property=\"og:image\" content=\"https:\/\/livegood.network\/shop\/wp-content\/uploads\/2024\/01\/essential-oils-open-box-livegood.png\" \/>\n\t<meta property=\"og:image:width\" content=\"720\" \/>\n\t<meta property=\"og:image:height\" content=\"720\" \/>\n\t<meta property=\"og:image:type\" content=\"image\/png\" \/>\n<meta name=\"twitter:card\" content=\"summary_large_image\" \/>\n<meta name=\"twitter:label1\" content=\"Est. reading time\" \/>\n\t<meta name=\"twitter:data1\" content=\"8 minutes\" \/>\n<script type=\"application\/ld+json\" class=\"yoast-schema-graph\">{\"@context\":\"https:\/\/schema.org\",\"@graph\":[{\"@type\":\"WebPage\",\"@id\":\"https:\/\/livegood.network\/shop\/pt-pt\/product\/essential-oils-pt-pt\/\",\"url\":\"https:\/\/livegood.network\/shop\/pt-pt\/product\/essential-oils-pt-pt\/\",\"name\":\"\u00d3leos Essenciais - LiveGooD Shop\",\"isPartOf\":{\"@id\":\"https:\/\/livegood.network\/shop\/#website\"},\"datePublished\":\"2024-01-25T18:04:27+00:00\",\"dateModified\":\"2024-02-02T17:53:52+00:00\",\"breadcrumb\":{\"@id\":\"https:\/\/livegood.network\/shop\/pt-pt\/product\/essential-oils-pt-pt\/#breadcrumb\"},\"inLanguage\":\"en-US\",\"potentialAction\":[{\"@type\":\"ReadAction\",\"target\":[\"https:\/\/livegood.network\/shop\/pt-pt\/product\/essential-oils-pt-pt\/\"]}]},{\"@type\":\"BreadcrumbList\",\"@id\":\"https:\/\/livegood.network\/shop\/pt-pt\/product\/essential-oils-pt-pt\/#breadcrumb\",\"itemListElement\":[{\"@type\":\"ListItem\",\"position\":1,\"name\":\"Home\",\"item\":\"https:\/\/livegood.network\/shop\/pt-br\/\"},{\"@type\":\"ListItem\",\"position\":2,\"name\":\"Shop\",\"item\":\"https:\/\/livegood.network\/shop\/shop\/\"},{\"@type\":\"ListItem\",\"position\":3,\"name\":\"\u00d3leos Essenciais\"}]},{\"@type\":\"WebSite\",\"@id\":\"https:\/\/livegood.network\/shop\/#website\",\"url\":\"https:\/\/livegood.network\/shop\/\",\"name\":\"LiveGooD Shop\",\"description\":\"\",\"publisher\":{\"@id\":\"https:\/\/livegood.network\/shop\/#organization\"},\"potentialAction\":[{\"@type\":\"SearchAction\",\"target\":{\"@type\":\"EntryPoint\",\"urlTemplate\":\"https:\/\/livegood.network\/shop\/?s={search_term_string}\"},\"query-input\":\"required name=search_term_string\"}],\"inLanguage\":\"en-US\"},{\"@type\":\"Organization\",\"@id\":\"https:\/\/livegood.network\/shop\/#organization\",\"name\":\"LiveGooD\",\"url\":\"https:\/\/livegood.network\/shop\/\",\"logo\":{\"@type\":\"ImageObject\",\"inLanguage\":\"en-US\",\"@id\":\"https:\/\/livegood.network\/shop\/#\/schema\/logo\/image\/\",\"url\":\"https:\/\/livegood.network\/shop\/wp-content\/uploads\/2024\/01\/logo-livegood-shop-main.png\",\"contentUrl\":\"https:\/\/livegood.network\/shop\/wp-content\/uploads\/2024\/01\/logo-livegood-shop-main.png\",\"width\":373,\"height\":115,\"caption\":\"LiveGooD\"},\"image\":{\"@id\":\"https:\/\/livegood.network\/shop\/#\/schema\/logo\/image\/\"},\"sameAs\":[\"https:\/\/www.facebook.com\/livegoodhello\"]}]}<\/script>\n<!-- \/ Yoast SEO Premium plugin. -->","yoast_head_json":{"title":"\u00d3leos Essenciais - LiveGooD Shop","robots":{"index":"index","follow":"follow","max-snippet":"max-snippet:-1","max-image-preview":"max-image-preview:large","max-video-preview":"max-video-preview:-1"},"canonical":"https:\/\/livegood.network\/shop\/pt-pt\/product\/essential-oils-pt-pt\/","og_locale":"en_US","og_type":"article","og_title":"\u00d3leos Essenciais","og_description":"\u00a0\u00d3leos essenciais premium de grau terap\u00eautico  Laborat\u00f3rio de terceiros testado quanto \u00e0 pureza  Frascos de f\u00e1cil distribui\u00e7\u00e3o de 15ml","og_url":"https:\/\/livegood.network\/shop\/pt-pt\/product\/essential-oils-pt-pt\/","article_publisher":"https:\/\/www.facebook.com\/livegoodhello","article_modified_time":"2024-02-02T17:53:52+00:00","og_image":[{"width":720,"height":720,"url":"https:\/\/livegood.network\/shop\/wp-content\/uploads\/2024\/01\/essential-oils-open-box-livegood.png","type":"image\/png"}],"twitter_card":"summary_large_image","twitter_misc":{"Est. reading time":"8 minutes"},"schema":{"@context":"https:\/\/schema.org","@graph":[{"@type":"WebPage","@id":"https:\/\/livegood.network\/shop\/pt-pt\/product\/essential-oils-pt-pt\/","url":"https:\/\/livegood.network\/shop\/pt-pt\/product\/essential-oils-pt-pt\/","name":"\u00d3leos Essenciais - LiveGooD Shop","isPartOf":{"@id":"https:\/\/livegood.network\/shop\/#website"},"datePublished":"2024-01-25T18:04:27+00:00","dateModified":"2024-02-02T17:53:52+00:00","breadcrumb":{"@id":"https:\/\/livegood.network\/shop\/pt-pt\/product\/essential-oils-pt-pt\/#breadcrumb"},"inLanguage":"en-US","potentialAction":[{"@type":"ReadAction","target":["https:\/\/livegood.network\/shop\/pt-pt\/product\/essential-oils-pt-pt\/"]}]},{"@type":"BreadcrumbList","@id":"https:\/\/livegood.network\/shop\/pt-pt\/product\/essential-oils-pt-pt\/#breadcrumb","itemListElement":[{"@type":"ListItem","position":1,"name":"Home","item":"https:\/\/livegood.network\/shop\/pt-br\/"},{"@type":"ListItem","position":2,"name":"Shop","item":"https:\/\/livegood.network\/shop\/shop\/"},{"@type":"ListItem","position":3,"name":"\u00d3leos Essenciais"}]},{"@type":"WebSite","@id":"https:\/\/livegood.network\/shop\/#website","url":"https:\/\/livegood.network\/shop\/","name":"LiveGooD Shop","description":"","publisher":{"@id":"https:\/\/livegood.network\/shop\/#organization"},"potentialAction":[{"@type":"SearchAction","target":{"@type":"EntryPoint","urlTemplate":"https:\/\/livegood.network\/shop\/?s={search_term_string}"},"query-input":"required name=search_term_string"}],"inLanguage":"en-US"},{"@type":"Organization","@id":"https:\/\/livegood.network\/shop\/#organization","name":"LiveGooD","url":"https:\/\/livegood.network\/shop\/","logo":{"@type":"ImageObject","inLanguage":"en-US","@id":"https:\/\/livegood.network\/shop\/#\/schema\/logo\/image\/","url":"https:\/\/livegood.network\/shop\/wp-content\/uploads\/2024\/01\/logo-livegood-shop-main.png","contentUrl":"https:\/\/livegood.network\/shop\/wp-content\/uploads\/2024\/01\/logo-livegood-shop-main.png","width":373,"height":115,"caption":"LiveGooD"},"image":{"@id":"https:\/\/livegood.network\/shop\/#\/schema\/logo\/image\/"},"sameAs":["https:\/\/www.facebook.com\/livegoodhello"]}]}},"lang":"pt-pt","translations":{"pt-pt":1036,"pt-br":1046,"en-us":267,"fr-fr":1034,"es-es":1035,"vi":1037,"ru-ru":1038,"ko":1040},"pll_sync_post":[],"_links":{"self":[{"href":"https:\/\/livegood.network\/shop\/wp-json\/wp\/v2\/product\/1036","targetHints":{"allow":["GET"]}}],"collection":[{"href":"https:\/\/livegood.network\/shop\/wp-json\/wp\/v2\/product"}],"about":[{"href":"https:\/\/livegood.network\/shop\/wp-json\/wp\/v2\/types\/product"}],"replies":[{"embeddable":true,"href":"https:\/\/livegood.network\/shop\/wp-json\/wp\/v2\/comments?post=1036"}],"version-history":[{"count":1,"href":"https:\/\/livegood.network\/shop\/wp-json\/wp\/v2\/product\/1036\/revisions"}],"predecessor-version":[{"id":1606,"href":"https:\/\/livegood.network\/shop\/wp-json\/wp\/v2\/product\/1036\/revisions\/1606"}],"wp:featuredmedia":[{"embeddable":true,"href":"https:\/\/livegood.network\/shop\/wp-json\/wp\/v2\/media\/268"}],"wp:attachment":[{"href":"https:\/\/livegood.network\/shop\/wp-json\/wp\/v2\/media?parent=1036"}],"wp:term":[{"taxonomy":"product_brand","embeddable":true,"href":"https:\/\/livegood.network\/shop\/wp-json\/wp\/v2\/product_brand?post=1036"},{"taxonomy":"product_cat","embeddable":true,"href":"https:\/\/livegood.network\/shop\/wp-json\/wp\/v2\/product_cat?post=1036"},{"taxonomy":"product_tag","embeddable":true,"href":"https:\/\/livegood.network\/shop\/wp-json\/wp\/v2\/product_tag?post=1036"}],"curies":[{"name":"wp","href":"https:\/\/api.w.org\/{rel}","templated":true}]}}