{"id":1049,"date":"2024-01-25T18:26:46","date_gmt":"2024-01-25T18:26:46","guid":{"rendered":"https:\/\/livegood.network\/shop\/?post_type=product&#038;p=1049"},"modified":"2024-02-02T13:20:13","modified_gmt":"2024-02-02T13:20:13","slug":"everything-pack-fr-fr","status":"publish","type":"product","link":"https:\/\/livegood.network\/shop\/fr-fr\/product\/everything-pack-fr-fr\/","title":{"rendered":"Pack Tout"},"content":{"rendered":"<p class=\"ydpcff181fMsoNormal\"><strong>Pack Tout<\/strong><\/p>\n<p class=\"ydpcff181fMsoNormal\">Une excellente occasion de vous familiariser avec la qualit\u00e9 sup\u00e9rieure et la valeur remarquable offerte par la gamme de produits LiveGood.\u00a0Profitez des 22 produits transformateurs de LiveGood avec une r\u00e9duction de plus de 50\u00a0$ sur nos prix membres d\u00e9j\u00e0 abordables\u00a0!<\/p>\n<hr \/>\n<p class=\"ydpcff181fMsoNormal\"><strong>Que contient le pack Everything\u00a0?<\/strong><\/p>\n<p class=\"ydpcff181fMsoListParagraphCxSpFirst\"><strong>\u2713<\/strong>\u00a0\u00a0\u00a0Multivitamines compl\u00e8tes bio-actives \u2013 pour hommes<\/p>\n<p class=\"ydpcff181fMsoListParagraphCxSpMiddle\"><strong>\u2713<\/strong>\u00a0\u00a0\u00a0Multivitamines compl\u00e8tes bioactives avec fer \u2013 pour femmes<\/p>\n<p class=\"ydpcff181fMsoListParagraphCxSpMiddle\"><strong>\u2713<\/strong>\u00a0\u00a0\u00a0Vitamine D3-K2 2000<\/p>\n<p class=\"ydpcff181fMsoListParagraphCxSpMiddle\"><strong>\u2713<\/strong>\u00a0\u00a0\u00a0Complexe Ultra Magn\u00e9sium<\/p>\n<p class=\"ydpcff181fMsoListParagraphCxSpMiddle\"><strong>\u2713<\/strong>\u00a0\u00a0\u00a0Prot\u00e9ine v\u00e9g\u00e9tale compl\u00e8te<\/p>\n<p class=\"ydpcff181fMsoListParagraphCxSpMiddle\"><strong>\u2713<\/strong>\u00a0\u00a0\u00a0Super l\u00e9gumes verts biologiques<\/p>\n<p class=\"ydpcff181fMsoListParagraphCxSpMiddle\"><strong>\u2713<\/strong>\u00a0\u00a0\u00a0Super Rouges Bio<\/p>\n<p class=\"ydpcff181fMsoListParagraphCxSpMiddle\"><strong>\u2713<\/strong>\u00a0\u00a0\u00a0Caf\u00e9 biologique pour la gestion du poids<\/p>\n<p class=\"ydpcff181fMsoListParagraphCxSpMiddle\"><strong>\u2713<\/strong>\u00a0\u00a0\u00a0750 mg d&#8217;huile de CBD \u2013 Ar\u00f4me naturel<\/p>\n<p class=\"ydpcff181fMsoListParagraphCxSpMiddle\"><strong>\u2713<\/strong>\u00a0\u00a0\u00a0750 mg d&#8217;huile de CBD \u2013 Saveur menthe poivr\u00e9e<\/p>\n<p class=\"ydpcff181fMsoListParagraphCxSpMiddle\"><strong>\u2713\u00a0<\/strong>\u00a0\u00a01 500 mg d&#8217;huile de CBD \u2013 Ar\u00f4me naturel<\/p>\n<p class=\"ydpcff181fMsoListParagraphCxSpMiddle\"><strong>\u2713<\/strong>\u00a0\u00a0\u00a01 500 mg d&#8217;huile de CBD \u2013 Saveur menthe poivr\u00e9e<\/p>\n<p class=\"ydpcff181fMsoListParagraphCxSpMiddle\"><strong>\u2713<\/strong>\u00a0\u00a0\u00a0Huile de CBD pour animaux de compagnie<\/p>\n<p class=\"ydpcff181fMsoListParagraphCxSpMiddle\"><strong>\u2713<\/strong>\u00a0\u00a0\u00a0Essential Aminos \u2013 Saveur de punch aux fruits<\/p>\n<p class=\"ydpcff181fMsoListParagraphCxSpMiddle\"><strong>\u2713<\/strong>\u00a0\u00a0\u00a0Essential Aminos \u2013 Saveur Live Citron<\/p>\n<p class=\"ydpcff181fMsoListParagraphCxSpMiddle\"><strong>\u2713<\/strong>\u00a0\u00a0\u00a0Facteur 4 anti-inflammatoire<\/p>\n<p class=\"ydpcff181fMsoListParagraphCxSpMiddle\"><strong>\u2713<\/strong>\u00a0\u00a0\u00a0Cr\u00e8me anti-douleur au CBD<\/p>\n<p class=\"ydpcff181fMsoListParagraphCxSpMiddle\"><strong>\u2713<\/strong>\u00a0\u00a0\u00a0Peptides de collag\u00e8ne<\/p>\n<p class=\"ydpcff181fMsoListParagraphCxSpMiddle\"><strong>\u2713<\/strong>\u00a0\u00a0\u00a0Patchs d&#8217;\u00e9nergie et de concentration<\/p>\n<p class=\"ydpcff181fMsoListParagraphCxSpMiddle\"><strong>\u2713<\/strong>\u00a0\u00a0\u00a0Patchs de sommeil<\/p>\n<p class=\"ydpcff181fMsoListParagraphCxSpMiddle\"><strong>\u2713<\/strong>\u00a0\u00a0\u00a0Instant Youth \u2013 Efface-rides instantan\u00e9<\/p>\n<p class=\"ydpcff181fMsoListParagraphCxSpLast\"><strong>\u2713<\/strong>\u00a0\u00a0\u00a0S\u00e9rum pour la peau sans \u00e2ge<\/p>\n","protected":false},"excerpt":{"rendered":"<p><img decoding=\"async\" class=\"emoji\" role=\"img\" draggable=\"false\" src=\"https:\/\/s.w.org\/images\/core\/emoji\/14.0.0\/svg\/1f49a.svg\" alt=\"????\" \/> Un de chacun de TOUS les produits LiveGood<\/p>\n","protected":false},"featured_media":290,"comment_status":"open","ping_status":"closed","template":"","meta":[],"product_brand":[],"product_cat":[112,174,150,95,207,215,238],"product_tag":[],"class_list":{"0":"post-1049","1":"product","2":"type-product","3":"status-publish","4":"has-post-thumbnail","6":"product_cat-ageless-skin-fr-fr","7":"product_cat-coffee-tea-fr-fr","8":"product_cat-cbd-fr-fr","9":"product_cat-essential-oils-fr-fr","10":"product_cat-product-packages-fr-fr","11":"product_cat-supplements-fr-fr","12":"product_cat-vitamin-fr-fr","14":"first","15":"instock","16":"sale","17":"shipping-taxable","18":"product-type-external"},"yoast_head":"<!-- This site is optimized with the Yoast SEO Premium plugin v20.6 (Yoast SEO v21.8.1) - https:\/\/yoast.com\/wordpress\/plugins\/seo\/ -->\n<title>Pack Tout - LiveGooD Shop<\/title>\n<meta name=\"robots\" content=\"index, follow, max-snippet:-1, max-image-preview:large, max-video-preview:-1\" \/>\n<link rel=\"canonical\" href=\"https:\/\/livegood.network\/shop\/fr-fr\/product\/everything-pack-fr-fr\/\" \/>\n<meta property=\"og:locale\" content=\"en_US\" \/>\n<meta property=\"og:type\" content=\"article\" \/>\n<meta property=\"og:title\" content=\"Pack Tout\" \/>\n<meta property=\"og:description\" content=\"Un de chacun de TOUS les produits LiveGood\" \/>\n<meta property=\"og:url\" content=\"https:\/\/livegood.network\/shop\/fr-fr\/product\/everything-pack-fr-fr\/\" \/>\n<meta property=\"article:publisher\" content=\"https:\/\/www.facebook.com\/livegoodhello\" \/>\n<meta property=\"article:modified_time\" content=\"2024-02-02T13:20:13+00:00\" \/>\n<meta property=\"og:image\" content=\"https:\/\/livegood.network\/shop\/wp-content\/uploads\/2024\/01\/everything-pack-with-cbd-tile-4-livegood.png\" \/>\n\t<meta property=\"og:image:width\" content=\"1000\" \/>\n\t<meta property=\"og:image:height\" content=\"600\" \/>\n\t<meta property=\"og:image:type\" content=\"image\/png\" \/>\n<meta name=\"twitter:card\" content=\"summary_large_image\" \/>\n<meta name=\"twitter:label1\" content=\"Est. reading time\" \/>\n\t<meta name=\"twitter:data1\" content=\"2 minutes\" \/>\n<script type=\"application\/ld+json\" class=\"yoast-schema-graph\">{\"@context\":\"https:\/\/schema.org\",\"@graph\":[{\"@type\":\"WebPage\",\"@id\":\"https:\/\/livegood.network\/shop\/fr-fr\/product\/everything-pack-fr-fr\/\",\"url\":\"https:\/\/livegood.network\/shop\/fr-fr\/product\/everything-pack-fr-fr\/\",\"name\":\"Pack Tout - LiveGooD Shop\",\"isPartOf\":{\"@id\":\"https:\/\/livegood.network\/shop\/#website\"},\"datePublished\":\"2024-01-25T18:26:46+00:00\",\"dateModified\":\"2024-02-02T13:20:13+00:00\",\"breadcrumb\":{\"@id\":\"https:\/\/livegood.network\/shop\/fr-fr\/product\/everything-pack-fr-fr\/#breadcrumb\"},\"inLanguage\":\"en-US\",\"potentialAction\":[{\"@type\":\"ReadAction\",\"target\":[\"https:\/\/livegood.network\/shop\/fr-fr\/product\/everything-pack-fr-fr\/\"]}]},{\"@type\":\"BreadcrumbList\",\"@id\":\"https:\/\/livegood.network\/shop\/fr-fr\/product\/everything-pack-fr-fr\/#breadcrumb\",\"itemListElement\":[{\"@type\":\"ListItem\",\"position\":1,\"name\":\"Home\",\"item\":\"https:\/\/livegood.network\/shop\/pt-br\/\"},{\"@type\":\"ListItem\",\"position\":2,\"name\":\"Shop\",\"item\":\"https:\/\/livegood.network\/shop\/shop\/\"},{\"@type\":\"ListItem\",\"position\":3,\"name\":\"Pack Tout\"}]},{\"@type\":\"WebSite\",\"@id\":\"https:\/\/livegood.network\/shop\/#website\",\"url\":\"https:\/\/livegood.network\/shop\/\",\"name\":\"LiveGooD Shop\",\"description\":\"\",\"publisher\":{\"@id\":\"https:\/\/livegood.network\/shop\/#organization\"},\"potentialAction\":[{\"@type\":\"SearchAction\",\"target\":{\"@type\":\"EntryPoint\",\"urlTemplate\":\"https:\/\/livegood.network\/shop\/?s={search_term_string}\"},\"query-input\":\"required name=search_term_string\"}],\"inLanguage\":\"en-US\"},{\"@type\":\"Organization\",\"@id\":\"https:\/\/livegood.network\/shop\/#organization\",\"name\":\"LiveGooD\",\"url\":\"https:\/\/livegood.network\/shop\/\",\"logo\":{\"@type\":\"ImageObject\",\"inLanguage\":\"en-US\",\"@id\":\"https:\/\/livegood.network\/shop\/#\/schema\/logo\/image\/\",\"url\":\"https:\/\/livegood.network\/shop\/wp-content\/uploads\/2024\/01\/logo-livegood-shop-main.png\",\"contentUrl\":\"https:\/\/livegood.network\/shop\/wp-content\/uploads\/2024\/01\/logo-livegood-shop-main.png\",\"width\":373,\"height\":115,\"caption\":\"LiveGooD\"},\"image\":{\"@id\":\"https:\/\/livegood.network\/shop\/#\/schema\/logo\/image\/\"},\"sameAs\":[\"https:\/\/www.facebook.com\/livegoodhello\"]}]}<\/script>\n<!-- \/ Yoast SEO Premium plugin. -->","yoast_head_json":{"title":"Pack Tout - LiveGooD Shop","robots":{"index":"index","follow":"follow","max-snippet":"max-snippet:-1","max-image-preview":"max-image-preview:large","max-video-preview":"max-video-preview:-1"},"canonical":"https:\/\/livegood.network\/shop\/fr-fr\/product\/everything-pack-fr-fr\/","og_locale":"en_US","og_type":"article","og_title":"Pack Tout","og_description":"Un de chacun de TOUS les produits LiveGood","og_url":"https:\/\/livegood.network\/shop\/fr-fr\/product\/everything-pack-fr-fr\/","article_publisher":"https:\/\/www.facebook.com\/livegoodhello","article_modified_time":"2024-02-02T13:20:13+00:00","og_image":[{"width":1000,"height":600,"url":"https:\/\/livegood.network\/shop\/wp-content\/uploads\/2024\/01\/everything-pack-with-cbd-tile-4-livegood.png","type":"image\/png"}],"twitter_card":"summary_large_image","twitter_misc":{"Est. reading time":"2 minutes"},"schema":{"@context":"https:\/\/schema.org","@graph":[{"@type":"WebPage","@id":"https:\/\/livegood.network\/shop\/fr-fr\/product\/everything-pack-fr-fr\/","url":"https:\/\/livegood.network\/shop\/fr-fr\/product\/everything-pack-fr-fr\/","name":"Pack Tout - LiveGooD Shop","isPartOf":{"@id":"https:\/\/livegood.network\/shop\/#website"},"datePublished":"2024-01-25T18:26:46+00:00","dateModified":"2024-02-02T13:20:13+00:00","breadcrumb":{"@id":"https:\/\/livegood.network\/shop\/fr-fr\/product\/everything-pack-fr-fr\/#breadcrumb"},"inLanguage":"en-US","potentialAction":[{"@type":"ReadAction","target":["https:\/\/livegood.network\/shop\/fr-fr\/product\/everything-pack-fr-fr\/"]}]},{"@type":"BreadcrumbList","@id":"https:\/\/livegood.network\/shop\/fr-fr\/product\/everything-pack-fr-fr\/#breadcrumb","itemListElement":[{"@type":"ListItem","position":1,"name":"Home","item":"https:\/\/livegood.network\/shop\/pt-br\/"},{"@type":"ListItem","position":2,"name":"Shop","item":"https:\/\/livegood.network\/shop\/shop\/"},{"@type":"ListItem","position":3,"name":"Pack Tout"}]},{"@type":"WebSite","@id":"https:\/\/livegood.network\/shop\/#website","url":"https:\/\/livegood.network\/shop\/","name":"LiveGooD Shop","description":"","publisher":{"@id":"https:\/\/livegood.network\/shop\/#organization"},"potentialAction":[{"@type":"SearchAction","target":{"@type":"EntryPoint","urlTemplate":"https:\/\/livegood.network\/shop\/?s={search_term_string}"},"query-input":"required name=search_term_string"}],"inLanguage":"en-US"},{"@type":"Organization","@id":"https:\/\/livegood.network\/shop\/#organization","name":"LiveGooD","url":"https:\/\/livegood.network\/shop\/","logo":{"@type":"ImageObject","inLanguage":"en-US","@id":"https:\/\/livegood.network\/shop\/#\/schema\/logo\/image\/","url":"https:\/\/livegood.network\/shop\/wp-content\/uploads\/2024\/01\/logo-livegood-shop-main.png","contentUrl":"https:\/\/livegood.network\/shop\/wp-content\/uploads\/2024\/01\/logo-livegood-shop-main.png","width":373,"height":115,"caption":"LiveGooD"},"image":{"@id":"https:\/\/livegood.network\/shop\/#\/schema\/logo\/image\/"},"sameAs":["https:\/\/www.facebook.com\/livegoodhello"]}]}},"lang":"fr-fr","translations":{"fr-fr":1049,"pt-br":1061,"pt-pt":1051,"en-us":289,"es-es":1050,"vi":1052,"ru-ru":1053,"ko":1054},"pll_sync_post":[],"_links":{"self":[{"href":"https:\/\/livegood.network\/shop\/wp-json\/wp\/v2\/product\/1049","targetHints":{"allow":["GET"]}}],"collection":[{"href":"https:\/\/livegood.network\/shop\/wp-json\/wp\/v2\/product"}],"about":[{"href":"https:\/\/livegood.network\/shop\/wp-json\/wp\/v2\/types\/product"}],"replies":[{"embeddable":true,"href":"https:\/\/livegood.network\/shop\/wp-json\/wp\/v2\/comments?post=1049"}],"version-history":[{"count":1,"href":"https:\/\/livegood.network\/shop\/wp-json\/wp\/v2\/product\/1049\/revisions"}],"predecessor-version":[{"id":1538,"href":"https:\/\/livegood.network\/shop\/wp-json\/wp\/v2\/product\/1049\/revisions\/1538"}],"wp:featuredmedia":[{"embeddable":true,"href":"https:\/\/livegood.network\/shop\/wp-json\/wp\/v2\/media\/290"}],"wp:attachment":[{"href":"https:\/\/livegood.network\/shop\/wp-json\/wp\/v2\/media?parent=1049"}],"wp:term":[{"taxonomy":"product_brand","embeddable":true,"href":"https:\/\/livegood.network\/shop\/wp-json\/wp\/v2\/product_brand?post=1049"},{"taxonomy":"product_cat","embeddable":true,"href":"https:\/\/livegood.network\/shop\/wp-json\/wp\/v2\/product_cat?post=1049"},{"taxonomy":"product_tag","embeddable":true,"href":"https:\/\/livegood.network\/shop\/wp-json\/wp\/v2\/product_tag?post=1049"}],"curies":[{"name":"wp","href":"https:\/\/api.w.org\/{rel}","templated":true}]}}