{"id":1051,"date":"2024-01-25T18:17:46","date_gmt":"2024-01-25T18:17:46","guid":{"rendered":"https:\/\/livegood.network\/shop\/?post_type=product&#038;p=1051"},"modified":"2024-02-02T13:20:30","modified_gmt":"2024-02-02T13:20:30","slug":"everything-pack-pt-pt","status":"publish","type":"product","link":"https:\/\/livegood.network\/shop\/pt-pt\/product\/everything-pack-pt-pt\/","title":{"rendered":"Pacote Tudo"},"content":{"rendered":"<p class=\"ydpcff181fMsoNormal\"><strong>Pacote Tudo<\/strong><\/p>\n<p class=\"ydpcff181fMsoNormal\">Uma excelente oportunidade para conhecer a qualidade superior e o not\u00e1vel valor oferecido pela linha de produtos LiveGood.\u00a0Aproveite todos os 22 produtos transformadores da LiveGood com um desconto de mais de US$ 50 em nossos pre\u00e7os j\u00e1 acess\u00edveis para associados!<\/p>\n<hr \/>\n<p class=\"ydpcff181fMsoNormal\"><strong>O que h\u00e1 dentro do pacote Everything?<\/strong><\/p>\n<p class=\"ydpcff181fMsoListParagraphCxSpFirst\"><strong>\u2713<\/strong>\u00a0\u00a0\u00a0Multivitam\u00ednico completo bioativo \u2013 para homens<\/p>\n<p class=\"ydpcff181fMsoListParagraphCxSpMiddle\"><strong>\u2713<\/strong>\u00a0\u00a0\u00a0Multivitam\u00ednico completo bioativo com ferro \u2013 para mulheres<\/p>\n<p class=\"ydpcff181fMsoListParagraphCxSpMiddle\"><strong>\u2713<\/strong>\u00a0\u00a0\u00a0Vitamina D3-K2 2000<\/p>\n<p class=\"ydpcff181fMsoListParagraphCxSpMiddle\"><strong>\u2713<\/strong>\u00a0\u00a0\u00a0Complexo Ultra Magn\u00e9sio<\/p>\n<p class=\"ydpcff181fMsoListParagraphCxSpMiddle\"><strong>\u2713<\/strong>\u00a0\u00a0\u00a0Prote\u00edna Vegetal Completa<\/p>\n<p class=\"ydpcff181fMsoListParagraphCxSpMiddle\"><strong>\u2713<\/strong>\u00a0\u00a0\u00a0Super Verdes Org\u00e2nicos<\/p>\n<p class=\"ydpcff181fMsoListParagraphCxSpMiddle\"><strong>\u2713<\/strong>\u00a0\u00a0\u00a0Super Tintos Org\u00e2nicos<\/p>\n<p class=\"ydpcff181fMsoListParagraphCxSpMiddle\"><strong>\u2713<\/strong>\u00a0\u00a0\u00a0Caf\u00e9 Org\u00e2nico para Controle de Peso<\/p>\n<p class=\"ydpcff181fMsoListParagraphCxSpMiddle\"><strong>\u2713<\/strong>\u00a0\u00a0\u00a0750mg de \u00d3leo CBD \u2013 Sabor Natural<\/p>\n<p class=\"ydpcff181fMsoListParagraphCxSpMiddle\"><strong>\u2713<\/strong>\u00a0\u00a0\u00a0750mg de \u00f3leo CBD \u2013 sabor hortel\u00e3-pimenta<\/p>\n<p class=\"ydpcff181fMsoListParagraphCxSpMiddle\"><strong>\u2713\u00a0<\/strong>\u00a0\u00a01.500mg de \u00d3leo CBD \u2013 Sabor Natural<\/p>\n<p class=\"ydpcff181fMsoListParagraphCxSpMiddle\"><strong>\u2713<\/strong>\u00a0\u00a0\u00a01.500 mg de \u00f3leo CBD \u2013 sabor hortel\u00e3-pimenta<\/p>\n<p class=\"ydpcff181fMsoListParagraphCxSpMiddle\"><strong>\u2713<\/strong>\u00a0\u00a0\u00a0\u00d3leo CBD para animais de estima\u00e7\u00e3o<\/p>\n<p class=\"ydpcff181fMsoListParagraphCxSpMiddle\"><strong>\u2713<\/strong>\u00a0\u00a0\u00a0Aminos Essenciais \u2013 Sabor Ponche de Frutas<\/p>\n<p class=\"ydpcff181fMsoListParagraphCxSpMiddle\"><strong>\u2713<\/strong>\u00a0\u00a0\u00a0Aminos Essenciais \u2013 Sabor Lim\u00e3o Vivo<\/p>\n<p class=\"ydpcff181fMsoListParagraphCxSpMiddle\"><strong>\u2713<\/strong>\u00a0\u00a0\u00a0Fator 4 Antiinflamat\u00f3rio<\/p>\n<p class=\"ydpcff181fMsoListParagraphCxSpMiddle\"><strong>\u2713<\/strong>\u00a0\u00a0\u00a0Creme CBD para al\u00edvio da dor<\/p>\n<p class=\"ydpcff181fMsoListParagraphCxSpMiddle\"><strong>\u2713<\/strong>\u00a0\u00a0\u00a0Pept\u00eddeos de col\u00e1geno<\/p>\n<p class=\"ydpcff181fMsoListParagraphCxSpMiddle\"><strong>\u2713<\/strong>\u00a0\u00a0\u00a0Patches de Energia e Foco<\/p>\n<p class=\"ydpcff181fMsoListParagraphCxSpMiddle\"><strong>\u2713<\/strong>\u00a0\u00a0\u00a0Patches para dormir<\/p>\n<p class=\"ydpcff181fMsoListParagraphCxSpMiddle\"><strong>\u2713<\/strong>\u00a0\u00a0\u00a0Juventude Instant\u00e2nea \u2013 Eliminador Instant\u00e2neo de Rugas<\/p>\n<p class=\"ydpcff181fMsoListParagraphCxSpLast\"><strong>\u2713<\/strong>\u00a0\u00a0\u00a0S\u00e9rum para pele sem idade<\/p>\n","protected":false},"excerpt":{"rendered":"<p><img decoding=\"async\" class=\"emoji\" role=\"img\" draggable=\"false\" src=\"https:\/\/s.w.org\/images\/core\/emoji\/14.0.0\/svg\/1f49a.svg\" alt=\"????\" \/> Um de cada um de TODOS os produtos LiveGood<\/p>\n","protected":false},"featured_media":290,"comment_status":"open","ping_status":"closed","template":"","meta":[],"product_brand":[],"product_cat":[108,172,155,102,203,217,234],"product_tag":[],"class_list":{"0":"post-1051","1":"product","2":"type-product","3":"status-publish","4":"has-post-thumbnail","6":"product_cat-ageless-skin-pt-pt","7":"product_cat-coffee-tea-pt-pt","8":"product_cat-cbd-pt-pt","9":"product_cat-essential-oils-pt-pt","10":"product_cat-product-packages-pt-pt","11":"product_cat-supplements-pt-pt","12":"product_cat-vitamin-pt-pt","14":"first","15":"instock","16":"sale","17":"shipping-taxable","18":"product-type-external"},"yoast_head":"<!-- This site is optimized with the Yoast SEO Premium plugin v20.6 (Yoast SEO v21.8.1) - https:\/\/yoast.com\/wordpress\/plugins\/seo\/ -->\n<title>Pacote Tudo - LiveGooD Shop<\/title>\n<meta name=\"robots\" content=\"index, follow, max-snippet:-1, max-image-preview:large, max-video-preview:-1\" \/>\n<link rel=\"canonical\" href=\"https:\/\/livegood.network\/shop\/pt-pt\/product\/everything-pack-pt-pt\/\" \/>\n<meta property=\"og:locale\" content=\"en_US\" \/>\n<meta property=\"og:type\" content=\"article\" \/>\n<meta property=\"og:title\" content=\"Pacote Tudo\" \/>\n<meta property=\"og:description\" content=\"Um de cada um de TODOS os produtos LiveGood\" \/>\n<meta property=\"og:url\" content=\"https:\/\/livegood.network\/shop\/pt-pt\/product\/everything-pack-pt-pt\/\" \/>\n<meta property=\"article:publisher\" content=\"https:\/\/www.facebook.com\/livegoodhello\" \/>\n<meta property=\"article:modified_time\" content=\"2024-02-02T13:20:30+00:00\" \/>\n<meta property=\"og:image\" content=\"https:\/\/livegood.network\/shop\/wp-content\/uploads\/2024\/01\/everything-pack-with-cbd-tile-4-livegood.png\" \/>\n\t<meta property=\"og:image:width\" content=\"1000\" \/>\n\t<meta property=\"og:image:height\" content=\"600\" \/>\n\t<meta property=\"og:image:type\" content=\"image\/png\" \/>\n<meta name=\"twitter:card\" content=\"summary_large_image\" \/>\n<meta name=\"twitter:label1\" content=\"Est. reading time\" \/>\n\t<meta name=\"twitter:data1\" content=\"1 minute\" \/>\n<script type=\"application\/ld+json\" class=\"yoast-schema-graph\">{\"@context\":\"https:\/\/schema.org\",\"@graph\":[{\"@type\":\"WebPage\",\"@id\":\"https:\/\/livegood.network\/shop\/pt-pt\/product\/everything-pack-pt-pt\/\",\"url\":\"https:\/\/livegood.network\/shop\/pt-pt\/product\/everything-pack-pt-pt\/\",\"name\":\"Pacote Tudo - LiveGooD Shop\",\"isPartOf\":{\"@id\":\"https:\/\/livegood.network\/shop\/#website\"},\"datePublished\":\"2024-01-25T18:17:46+00:00\",\"dateModified\":\"2024-02-02T13:20:30+00:00\",\"breadcrumb\":{\"@id\":\"https:\/\/livegood.network\/shop\/pt-pt\/product\/everything-pack-pt-pt\/#breadcrumb\"},\"inLanguage\":\"en-US\",\"potentialAction\":[{\"@type\":\"ReadAction\",\"target\":[\"https:\/\/livegood.network\/shop\/pt-pt\/product\/everything-pack-pt-pt\/\"]}]},{\"@type\":\"BreadcrumbList\",\"@id\":\"https:\/\/livegood.network\/shop\/pt-pt\/product\/everything-pack-pt-pt\/#breadcrumb\",\"itemListElement\":[{\"@type\":\"ListItem\",\"position\":1,\"name\":\"Home\",\"item\":\"https:\/\/livegood.network\/shop\/pt-br\/\"},{\"@type\":\"ListItem\",\"position\":2,\"name\":\"Shop\",\"item\":\"https:\/\/livegood.network\/shop\/shop\/\"},{\"@type\":\"ListItem\",\"position\":3,\"name\":\"Pacote Tudo\"}]},{\"@type\":\"WebSite\",\"@id\":\"https:\/\/livegood.network\/shop\/#website\",\"url\":\"https:\/\/livegood.network\/shop\/\",\"name\":\"LiveGooD Shop\",\"description\":\"\",\"publisher\":{\"@id\":\"https:\/\/livegood.network\/shop\/#organization\"},\"potentialAction\":[{\"@type\":\"SearchAction\",\"target\":{\"@type\":\"EntryPoint\",\"urlTemplate\":\"https:\/\/livegood.network\/shop\/?s={search_term_string}\"},\"query-input\":\"required name=search_term_string\"}],\"inLanguage\":\"en-US\"},{\"@type\":\"Organization\",\"@id\":\"https:\/\/livegood.network\/shop\/#organization\",\"name\":\"LiveGooD\",\"url\":\"https:\/\/livegood.network\/shop\/\",\"logo\":{\"@type\":\"ImageObject\",\"inLanguage\":\"en-US\",\"@id\":\"https:\/\/livegood.network\/shop\/#\/schema\/logo\/image\/\",\"url\":\"https:\/\/livegood.network\/shop\/wp-content\/uploads\/2024\/01\/logo-livegood-shop-main.png\",\"contentUrl\":\"https:\/\/livegood.network\/shop\/wp-content\/uploads\/2024\/01\/logo-livegood-shop-main.png\",\"width\":373,\"height\":115,\"caption\":\"LiveGooD\"},\"image\":{\"@id\":\"https:\/\/livegood.network\/shop\/#\/schema\/logo\/image\/\"},\"sameAs\":[\"https:\/\/www.facebook.com\/livegoodhello\"]}]}<\/script>\n<!-- \/ Yoast SEO Premium plugin. -->","yoast_head_json":{"title":"Pacote Tudo - LiveGooD Shop","robots":{"index":"index","follow":"follow","max-snippet":"max-snippet:-1","max-image-preview":"max-image-preview:large","max-video-preview":"max-video-preview:-1"},"canonical":"https:\/\/livegood.network\/shop\/pt-pt\/product\/everything-pack-pt-pt\/","og_locale":"en_US","og_type":"article","og_title":"Pacote Tudo","og_description":"Um de cada um de TODOS os produtos LiveGood","og_url":"https:\/\/livegood.network\/shop\/pt-pt\/product\/everything-pack-pt-pt\/","article_publisher":"https:\/\/www.facebook.com\/livegoodhello","article_modified_time":"2024-02-02T13:20:30+00:00","og_image":[{"width":1000,"height":600,"url":"https:\/\/livegood.network\/shop\/wp-content\/uploads\/2024\/01\/everything-pack-with-cbd-tile-4-livegood.png","type":"image\/png"}],"twitter_card":"summary_large_image","twitter_misc":{"Est. reading time":"1 minute"},"schema":{"@context":"https:\/\/schema.org","@graph":[{"@type":"WebPage","@id":"https:\/\/livegood.network\/shop\/pt-pt\/product\/everything-pack-pt-pt\/","url":"https:\/\/livegood.network\/shop\/pt-pt\/product\/everything-pack-pt-pt\/","name":"Pacote Tudo - LiveGooD Shop","isPartOf":{"@id":"https:\/\/livegood.network\/shop\/#website"},"datePublished":"2024-01-25T18:17:46+00:00","dateModified":"2024-02-02T13:20:30+00:00","breadcrumb":{"@id":"https:\/\/livegood.network\/shop\/pt-pt\/product\/everything-pack-pt-pt\/#breadcrumb"},"inLanguage":"en-US","potentialAction":[{"@type":"ReadAction","target":["https:\/\/livegood.network\/shop\/pt-pt\/product\/everything-pack-pt-pt\/"]}]},{"@type":"BreadcrumbList","@id":"https:\/\/livegood.network\/shop\/pt-pt\/product\/everything-pack-pt-pt\/#breadcrumb","itemListElement":[{"@type":"ListItem","position":1,"name":"Home","item":"https:\/\/livegood.network\/shop\/pt-br\/"},{"@type":"ListItem","position":2,"name":"Shop","item":"https:\/\/livegood.network\/shop\/shop\/"},{"@type":"ListItem","position":3,"name":"Pacote Tudo"}]},{"@type":"WebSite","@id":"https:\/\/livegood.network\/shop\/#website","url":"https:\/\/livegood.network\/shop\/","name":"LiveGooD Shop","description":"","publisher":{"@id":"https:\/\/livegood.network\/shop\/#organization"},"potentialAction":[{"@type":"SearchAction","target":{"@type":"EntryPoint","urlTemplate":"https:\/\/livegood.network\/shop\/?s={search_term_string}"},"query-input":"required name=search_term_string"}],"inLanguage":"en-US"},{"@type":"Organization","@id":"https:\/\/livegood.network\/shop\/#organization","name":"LiveGooD","url":"https:\/\/livegood.network\/shop\/","logo":{"@type":"ImageObject","inLanguage":"en-US","@id":"https:\/\/livegood.network\/shop\/#\/schema\/logo\/image\/","url":"https:\/\/livegood.network\/shop\/wp-content\/uploads\/2024\/01\/logo-livegood-shop-main.png","contentUrl":"https:\/\/livegood.network\/shop\/wp-content\/uploads\/2024\/01\/logo-livegood-shop-main.png","width":373,"height":115,"caption":"LiveGooD"},"image":{"@id":"https:\/\/livegood.network\/shop\/#\/schema\/logo\/image\/"},"sameAs":["https:\/\/www.facebook.com\/livegoodhello"]}]}},"lang":"pt-pt","translations":{"pt-pt":1051,"pt-br":1061,"en-us":289,"fr-fr":1049,"es-es":1050,"vi":1052,"ru-ru":1053,"ko":1054},"pll_sync_post":[],"_links":{"self":[{"href":"https:\/\/livegood.network\/shop\/wp-json\/wp\/v2\/product\/1051","targetHints":{"allow":["GET"]}}],"collection":[{"href":"https:\/\/livegood.network\/shop\/wp-json\/wp\/v2\/product"}],"about":[{"href":"https:\/\/livegood.network\/shop\/wp-json\/wp\/v2\/types\/product"}],"replies":[{"embeddable":true,"href":"https:\/\/livegood.network\/shop\/wp-json\/wp\/v2\/comments?post=1051"}],"version-history":[{"count":1,"href":"https:\/\/livegood.network\/shop\/wp-json\/wp\/v2\/product\/1051\/revisions"}],"predecessor-version":[{"id":1540,"href":"https:\/\/livegood.network\/shop\/wp-json\/wp\/v2\/product\/1051\/revisions\/1540"}],"wp:featuredmedia":[{"embeddable":true,"href":"https:\/\/livegood.network\/shop\/wp-json\/wp\/v2\/media\/290"}],"wp:attachment":[{"href":"https:\/\/livegood.network\/shop\/wp-json\/wp\/v2\/media?parent=1051"}],"wp:term":[{"taxonomy":"product_brand","embeddable":true,"href":"https:\/\/livegood.network\/shop\/wp-json\/wp\/v2\/product_brand?post=1051"},{"taxonomy":"product_cat","embeddable":true,"href":"https:\/\/livegood.network\/shop\/wp-json\/wp\/v2\/product_cat?post=1051"},{"taxonomy":"product_tag","embeddable":true,"href":"https:\/\/livegood.network\/shop\/wp-json\/wp\/v2\/product_tag?post=1051"}],"curies":[{"name":"wp","href":"https:\/\/api.w.org\/{rel}","templated":true}]}}