{"id":1052,"date":"2024-01-25T18:15:22","date_gmt":"2024-01-25T18:15:22","guid":{"rendered":"https:\/\/livegood.network\/shop\/?post_type=product&#038;p=1052"},"modified":"2024-02-02T13:20:35","modified_gmt":"2024-02-02T13:20:35","slug":"everything-pack-vi","status":"publish","type":"product","link":"https:\/\/livegood.network\/shop\/vi\/product\/everything-pack-vi\/","title":{"rendered":"G\u00f3i m\u1ecdi th\u1ee9"},"content":{"rendered":"<p class=\"ydpcff181fMsoNormal\"><strong>G\u00f3i m\u1ecdi th\u1ee9<\/strong><\/p>\n<p class=\"ydpcff181fMsoNormal\">M\u1ed9t c\u01a1 h\u1ed9i tuy\u1ec7t v\u1eddi \u0111\u1ec3 b\u1ea1n l\u00e0m quen v\u1edbi ch\u1ea5t l\u01b0\u1ee3ng v\u01b0\u1ee3t tr\u1ed9i v\u00e0 gi\u00e1 tr\u1ecb v\u01b0\u1ee3t tr\u1ed9i m\u00e0 d\u00f2ng s\u1ea3n ph\u1ea9m LiveGood mang l\u1ea1i.\u00a0T\u1eadn h\u01b0\u1edfng t\u1ea5t c\u1ea3 22 s\u1ea3n ph\u1ea9m bi\u1ebfn \u0111\u1ed5i c\u1ee7a LiveGood v\u1edbi m\u1ee9c gi\u1ea3m gi\u00e1 h\u01a1n $50 so v\u1edbi gi\u00e1 th\u00e0nh vi\u00ean v\u1ed1n \u0111\u00e3 ph\u1ea3i ch\u0103ng c\u1ee7a ch\u00fang t\u00f4i!<\/p>\n<hr \/>\n<p class=\"ydpcff181fMsoNormal\"><strong>B\u00ean trong G\u00f3i M\u1ecdi th\u1ee9 c\u00f3 g\u00ec?<\/strong><\/p>\n<p class=\"ydpcff181fMsoListParagraphCxSpFirst\"><strong>\u2713<\/strong>\u00a0\u00a0\u00a0Vitamin t\u1ed5ng h\u1ee3p Bio-Active Complete \u2013 d\u00e0nh cho nam gi\u1edbi<\/p>\n<p class=\"ydpcff181fMsoListParagraphCxSpMiddle\"><strong>\u2713<\/strong>\u00a0\u00a0\u00a0Vitamin t\u1ed5ng h\u1ee3p c\u00f3 ho\u1ea1t t\u00ednh sinh h\u1ecdc v\u00e0 s\u1eaft \u2013 d\u00e0nh cho ph\u1ee5 n\u1eef<\/p>\n<p class=\"ydpcff181fMsoListParagraphCxSpMiddle\"><strong>\u2713<\/strong>\u00a0\u00a0\u00a0Vitamin D3-K2 2000<\/p>\n<p class=\"ydpcff181fMsoListParagraphCxSpMiddle\"><strong>\u2713<\/strong>\u00a0\u00a0\u00a0Ph\u1ee9c h\u1ee3p si\u00eau magi\u00ea<\/p>\n<p class=\"ydpcff181fMsoListParagraphCxSpMiddle\"><strong>\u2713<\/strong>\u00a0\u00a0\u00a0Protein th\u1ef1c v\u1eadt ho\u00e0n ch\u1ec9nh<\/p>\n<p class=\"ydpcff181fMsoListParagraphCxSpMiddle\"><strong>\u2713<\/strong>\u00a0\u00a0\u00a0Si\u00eau xanh h\u1eefu c\u01a1<\/p>\n<p class=\"ydpcff181fMsoListParagraphCxSpMiddle\"><strong>\u2713<\/strong>\u00a0\u00a0\u00a0Si\u00eau \u0111\u1ecf h\u1eefu c\u01a1<\/p>\n<p class=\"ydpcff181fMsoListParagraphCxSpMiddle\"><strong>\u2713<\/strong>\u00a0\u00a0\u00a0C\u00e0 ph\u00ea h\u1eefu c\u01a1 gi\u00fap ki\u1ec3m so\u00e1t c\u00e2n n\u1eb7ng<\/p>\n<p class=\"ydpcff181fMsoListParagraphCxSpMiddle\"><strong>\u2713<\/strong>\u00a0\u00a0\u00a0D\u1ea7u CBD 750mg \u2013 H\u01b0\u01a1ng v\u1ecb t\u1ef1 nhi\u00ean<\/p>\n<p class=\"ydpcff181fMsoListParagraphCxSpMiddle\"><strong>\u2713<\/strong>\u00a0\u00a0\u00a0750mg D\u1ea7u CBD \u2013 H\u01b0\u01a1ng b\u1ea1c h\u00e0<\/p>\n<p class=\"ydpcff181fMsoListParagraphCxSpMiddle\"><strong>\u2713\u00a0<\/strong>\u00a0\u00a01.500mg D\u1ea7u CBD \u2013 H\u01b0\u01a1ng v\u1ecb t\u1ef1 nhi\u00ean<\/p>\n<p class=\"ydpcff181fMsoListParagraphCxSpMiddle\"><strong>\u2713<\/strong>\u00a0\u00a0\u00a01.500mg D\u1ea7u CBD \u2013 H\u01b0\u01a1ng b\u1ea1c h\u00e0<\/p>\n<p class=\"ydpcff181fMsoListParagraphCxSpMiddle\"><strong>\u2713<\/strong>\u00a0\u00a0\u00a0D\u1ea7u CBD cho th\u00fa c\u01b0ng<\/p>\n<p class=\"ydpcff181fMsoListParagraphCxSpMiddle\"><strong>\u2713<\/strong>\u00a0\u00a0\u00a0Essential Aminos \u2013 H\u01b0\u01a1ng v\u1ecb tr\u00e1i c\u00e2y<\/p>\n<p class=\"ydpcff181fMsoListParagraphCxSpMiddle\"><strong>\u2713<\/strong>\u00a0\u00a0\u00a0Axit amin thi\u1ebft y\u1ebfu \u2013 H\u01b0\u01a1ng chanh s\u1ed1ng<\/p>\n<p class=\"ydpcff181fMsoListParagraphCxSpMiddle\"><strong>\u2713<\/strong>\u00a0\u00a0\u00a0Y\u1ebfu t\u1ed1 4 ch\u1ed1ng vi\u00eam<\/p>\n<p class=\"ydpcff181fMsoListParagraphCxSpMiddle\"><strong>\u2713<\/strong>\u00a0\u00a0\u00a0Kem gi\u1ea3m \u0111au CBD<\/p>\n<p class=\"ydpcff181fMsoListParagraphCxSpMiddle\"><strong>\u2713<\/strong>\u00a0\u00a0\u00a0Collagen Peptide<\/p>\n<p class=\"ydpcff181fMsoListParagraphCxSpMiddle\"><strong>\u2713<\/strong>\u00a0\u00a0\u00a0B\u1ea3n v\u00e1 n\u0103ng l\u01b0\u1ee3ng v\u00e0 t\u1eadp trung<\/p>\n<p class=\"ydpcff181fMsoListParagraphCxSpMiddle\"><strong>\u2713<\/strong>\u00a0\u00a0\u00a0Mi\u1ebfng d\u00e1n ng\u1ee7<\/p>\n<p class=\"ydpcff181fMsoListParagraphCxSpMiddle\"><strong>\u2713<\/strong>\u00a0\u00a0\u00a0Thanh xu\u00e2n t\u1ee9c th\u00ec \u2013 X\u00f3a n\u1ebfp nh\u0103n t\u1ee9c th\u00ec<\/p>\n<p class=\"ydpcff181fMsoListParagraphCxSpLast\"><strong>\u2713<\/strong>\u00a0\u00a0\u00a0Serum d\u01b0\u1ee1ng da kh\u00f4ng tu\u1ed5i<\/p>\n","protected":false},"excerpt":{"rendered":"<p><img decoding=\"async\" class=\"emoji\" role=\"img\" draggable=\"false\" src=\"https:\/\/s.w.org\/images\/core\/emoji\/14.0.0\/svg\/1f49a.svg\" alt=\"????\" \/> M\u1ed9t trong T\u1ea4T C\u1ea2 c\u00e1c s\u1ea3n ph\u1ea9m c\u1ee7a LiveGood<\/p>\n","protected":false},"featured_media":290,"comment_status":"open","ping_status":"closed","template":"","meta":[],"product_brand":[],"product_cat":[114,157,201,219,106,167,232],"product_tag":[],"class_list":{"0":"post-1052","1":"product","2":"type-product","3":"status-publish","4":"has-post-thumbnail","6":"product_cat-ageless-skin-vi","7":"product_cat-cbd-vi","8":"product_cat-product-packages-vi","9":"product_cat-supplements-vi","10":"product_cat-essential-oils-vi","11":"product_cat-coffee-tea-vi","12":"product_cat-vitamin-vi","14":"first","15":"instock","16":"sale","17":"shipping-taxable","18":"product-type-external"},"yoast_head":"<!-- This site is optimized with the Yoast SEO Premium plugin v20.6 (Yoast SEO v21.8.1) - https:\/\/yoast.com\/wordpress\/plugins\/seo\/ -->\n<title>G\u00f3i m\u1ecdi th\u1ee9 - LiveGooD Shop<\/title>\n<meta name=\"robots\" content=\"index, follow, max-snippet:-1, max-image-preview:large, max-video-preview:-1\" \/>\n<link rel=\"canonical\" href=\"https:\/\/livegood.network\/shop\/vi\/product\/everything-pack-vi\/\" \/>\n<meta property=\"og:locale\" content=\"en_US\" \/>\n<meta property=\"og:type\" content=\"article\" \/>\n<meta property=\"og:title\" content=\"G\u00f3i m\u1ecdi th\u1ee9\" \/>\n<meta property=\"og:description\" content=\"M\u1ed9t trong T\u1ea4T C\u1ea2 c\u00e1c s\u1ea3n ph\u1ea9m c\u1ee7a LiveGood\" \/>\n<meta property=\"og:url\" content=\"https:\/\/livegood.network\/shop\/vi\/product\/everything-pack-vi\/\" \/>\n<meta property=\"article:publisher\" content=\"https:\/\/www.facebook.com\/livegoodhello\" \/>\n<meta property=\"article:modified_time\" content=\"2024-02-02T13:20:35+00:00\" \/>\n<meta property=\"og:image\" content=\"https:\/\/livegood.network\/shop\/wp-content\/uploads\/2024\/01\/everything-pack-with-cbd-tile-4-livegood.png\" \/>\n\t<meta property=\"og:image:width\" content=\"1000\" \/>\n\t<meta property=\"og:image:height\" content=\"600\" \/>\n\t<meta property=\"og:image:type\" content=\"image\/png\" \/>\n<meta name=\"twitter:card\" content=\"summary_large_image\" \/>\n<meta name=\"twitter:label1\" content=\"Est. reading time\" \/>\n\t<meta name=\"twitter:data1\" content=\"2 minutes\" \/>\n<script type=\"application\/ld+json\" class=\"yoast-schema-graph\">{\"@context\":\"https:\/\/schema.org\",\"@graph\":[{\"@type\":\"WebPage\",\"@id\":\"https:\/\/livegood.network\/shop\/vi\/product\/everything-pack-vi\/\",\"url\":\"https:\/\/livegood.network\/shop\/vi\/product\/everything-pack-vi\/\",\"name\":\"G\u00f3i m\u1ecdi th\u1ee9 - LiveGooD Shop\",\"isPartOf\":{\"@id\":\"https:\/\/livegood.network\/shop\/#website\"},\"datePublished\":\"2024-01-25T18:15:22+00:00\",\"dateModified\":\"2024-02-02T13:20:35+00:00\",\"breadcrumb\":{\"@id\":\"https:\/\/livegood.network\/shop\/vi\/product\/everything-pack-vi\/#breadcrumb\"},\"inLanguage\":\"en-US\",\"potentialAction\":[{\"@type\":\"ReadAction\",\"target\":[\"https:\/\/livegood.network\/shop\/vi\/product\/everything-pack-vi\/\"]}]},{\"@type\":\"BreadcrumbList\",\"@id\":\"https:\/\/livegood.network\/shop\/vi\/product\/everything-pack-vi\/#breadcrumb\",\"itemListElement\":[{\"@type\":\"ListItem\",\"position\":1,\"name\":\"Home\",\"item\":\"https:\/\/livegood.network\/shop\/pt-br\/\"},{\"@type\":\"ListItem\",\"position\":2,\"name\":\"Shop\",\"item\":\"https:\/\/livegood.network\/shop\/shop\/\"},{\"@type\":\"ListItem\",\"position\":3,\"name\":\"G\u00f3i m\u1ecdi th\u1ee9\"}]},{\"@type\":\"WebSite\",\"@id\":\"https:\/\/livegood.network\/shop\/#website\",\"url\":\"https:\/\/livegood.network\/shop\/\",\"name\":\"LiveGooD Shop\",\"description\":\"\",\"publisher\":{\"@id\":\"https:\/\/livegood.network\/shop\/#organization\"},\"potentialAction\":[{\"@type\":\"SearchAction\",\"target\":{\"@type\":\"EntryPoint\",\"urlTemplate\":\"https:\/\/livegood.network\/shop\/?s={search_term_string}\"},\"query-input\":\"required name=search_term_string\"}],\"inLanguage\":\"en-US\"},{\"@type\":\"Organization\",\"@id\":\"https:\/\/livegood.network\/shop\/#organization\",\"name\":\"LiveGooD\",\"url\":\"https:\/\/livegood.network\/shop\/\",\"logo\":{\"@type\":\"ImageObject\",\"inLanguage\":\"en-US\",\"@id\":\"https:\/\/livegood.network\/shop\/#\/schema\/logo\/image\/\",\"url\":\"https:\/\/livegood.network\/shop\/wp-content\/uploads\/2024\/01\/logo-livegood-shop-main.png\",\"contentUrl\":\"https:\/\/livegood.network\/shop\/wp-content\/uploads\/2024\/01\/logo-livegood-shop-main.png\",\"width\":373,\"height\":115,\"caption\":\"LiveGooD\"},\"image\":{\"@id\":\"https:\/\/livegood.network\/shop\/#\/schema\/logo\/image\/\"},\"sameAs\":[\"https:\/\/www.facebook.com\/livegoodhello\"]}]}<\/script>\n<!-- \/ Yoast SEO Premium plugin. -->","yoast_head_json":{"title":"G\u00f3i m\u1ecdi th\u1ee9 - LiveGooD Shop","robots":{"index":"index","follow":"follow","max-snippet":"max-snippet:-1","max-image-preview":"max-image-preview:large","max-video-preview":"max-video-preview:-1"},"canonical":"https:\/\/livegood.network\/shop\/vi\/product\/everything-pack-vi\/","og_locale":"en_US","og_type":"article","og_title":"G\u00f3i m\u1ecdi th\u1ee9","og_description":"M\u1ed9t trong T\u1ea4T C\u1ea2 c\u00e1c s\u1ea3n ph\u1ea9m c\u1ee7a LiveGood","og_url":"https:\/\/livegood.network\/shop\/vi\/product\/everything-pack-vi\/","article_publisher":"https:\/\/www.facebook.com\/livegoodhello","article_modified_time":"2024-02-02T13:20:35+00:00","og_image":[{"width":1000,"height":600,"url":"https:\/\/livegood.network\/shop\/wp-content\/uploads\/2024\/01\/everything-pack-with-cbd-tile-4-livegood.png","type":"image\/png"}],"twitter_card":"summary_large_image","twitter_misc":{"Est. reading time":"2 minutes"},"schema":{"@context":"https:\/\/schema.org","@graph":[{"@type":"WebPage","@id":"https:\/\/livegood.network\/shop\/vi\/product\/everything-pack-vi\/","url":"https:\/\/livegood.network\/shop\/vi\/product\/everything-pack-vi\/","name":"G\u00f3i m\u1ecdi th\u1ee9 - LiveGooD Shop","isPartOf":{"@id":"https:\/\/livegood.network\/shop\/#website"},"datePublished":"2024-01-25T18:15:22+00:00","dateModified":"2024-02-02T13:20:35+00:00","breadcrumb":{"@id":"https:\/\/livegood.network\/shop\/vi\/product\/everything-pack-vi\/#breadcrumb"},"inLanguage":"en-US","potentialAction":[{"@type":"ReadAction","target":["https:\/\/livegood.network\/shop\/vi\/product\/everything-pack-vi\/"]}]},{"@type":"BreadcrumbList","@id":"https:\/\/livegood.network\/shop\/vi\/product\/everything-pack-vi\/#breadcrumb","itemListElement":[{"@type":"ListItem","position":1,"name":"Home","item":"https:\/\/livegood.network\/shop\/pt-br\/"},{"@type":"ListItem","position":2,"name":"Shop","item":"https:\/\/livegood.network\/shop\/shop\/"},{"@type":"ListItem","position":3,"name":"G\u00f3i m\u1ecdi th\u1ee9"}]},{"@type":"WebSite","@id":"https:\/\/livegood.network\/shop\/#website","url":"https:\/\/livegood.network\/shop\/","name":"LiveGooD Shop","description":"","publisher":{"@id":"https:\/\/livegood.network\/shop\/#organization"},"potentialAction":[{"@type":"SearchAction","target":{"@type":"EntryPoint","urlTemplate":"https:\/\/livegood.network\/shop\/?s={search_term_string}"},"query-input":"required name=search_term_string"}],"inLanguage":"en-US"},{"@type":"Organization","@id":"https:\/\/livegood.network\/shop\/#organization","name":"LiveGooD","url":"https:\/\/livegood.network\/shop\/","logo":{"@type":"ImageObject","inLanguage":"en-US","@id":"https:\/\/livegood.network\/shop\/#\/schema\/logo\/image\/","url":"https:\/\/livegood.network\/shop\/wp-content\/uploads\/2024\/01\/logo-livegood-shop-main.png","contentUrl":"https:\/\/livegood.network\/shop\/wp-content\/uploads\/2024\/01\/logo-livegood-shop-main.png","width":373,"height":115,"caption":"LiveGooD"},"image":{"@id":"https:\/\/livegood.network\/shop\/#\/schema\/logo\/image\/"},"sameAs":["https:\/\/www.facebook.com\/livegoodhello"]}]}},"lang":"vi","translations":{"vi":1052,"pt-br":1061,"pt-pt":1051,"en-us":289,"fr-fr":1049,"es-es":1050,"ru-ru":1053,"ko":1054},"pll_sync_post":[],"_links":{"self":[{"href":"https:\/\/livegood.network\/shop\/wp-json\/wp\/v2\/product\/1052","targetHints":{"allow":["GET"]}}],"collection":[{"href":"https:\/\/livegood.network\/shop\/wp-json\/wp\/v2\/product"}],"about":[{"href":"https:\/\/livegood.network\/shop\/wp-json\/wp\/v2\/types\/product"}],"replies":[{"embeddable":true,"href":"https:\/\/livegood.network\/shop\/wp-json\/wp\/v2\/comments?post=1052"}],"version-history":[{"count":1,"href":"https:\/\/livegood.network\/shop\/wp-json\/wp\/v2\/product\/1052\/revisions"}],"predecessor-version":[{"id":1541,"href":"https:\/\/livegood.network\/shop\/wp-json\/wp\/v2\/product\/1052\/revisions\/1541"}],"wp:featuredmedia":[{"embeddable":true,"href":"https:\/\/livegood.network\/shop\/wp-json\/wp\/v2\/media\/290"}],"wp:attachment":[{"href":"https:\/\/livegood.network\/shop\/wp-json\/wp\/v2\/media?parent=1052"}],"wp:term":[{"taxonomy":"product_brand","embeddable":true,"href":"https:\/\/livegood.network\/shop\/wp-json\/wp\/v2\/product_brand?post=1052"},{"taxonomy":"product_cat","embeddable":true,"href":"https:\/\/livegood.network\/shop\/wp-json\/wp\/v2\/product_cat?post=1052"},{"taxonomy":"product_tag","embeddable":true,"href":"https:\/\/livegood.network\/shop\/wp-json\/wp\/v2\/product_tag?post=1052"}],"curies":[{"name":"wp","href":"https:\/\/api.w.org\/{rel}","templated":true}]}}