{"id":1063,"date":"2024-01-25T18:36:16","date_gmt":"2024-01-25T18:36:16","guid":{"rendered":"https:\/\/livegood.network\/shop\/?post_type=product&#038;p=1063"},"modified":"2024-02-02T13:18:41","modified_gmt":"2024-02-02T13:18:41","slug":"everything-pack-without-cbd-fr-fr","status":"publish","type":"product","link":"https:\/\/livegood.network\/shop\/fr-fr\/product\/everything-pack-without-cbd-fr-fr\/","title":{"rendered":"Pack Tout \u2013 Sans CBD"},"content":{"rendered":"<p class=\"ydp7f4ac68aMsoNormal\"><strong>Pack Tout \u2013 Sans CBD<\/strong><\/p>\n<div>\n<p>Nous reconnaissons que l\u2019huile de CBD est actuellement confront\u00e9e \u00e0 des restrictions dans certains pays.\u00a0Par cons\u00e9quent, nous avons organis\u00e9 un package englobant TOUS nos produits transformateurs, \u00e0 l\u2019exclusion de ceux contenant de l\u2019huile de CBD.<\/p>\n<p>Vous avez d\u00e9sormais la possibilit\u00e9 de profiter de l\u2019excellence et de l\u2019abordabilit\u00e9 des produits LiveGood \u00e0 un prix exceptionnellement bas\u00a0!<\/p>\n<\/div>\n<p class=\"ydp7f4ac68aMsoNormal\"><strong>Que contient le pack Tout sans CBD ?<\/strong><\/p>\n<p class=\"ydp7f4ac68aMsoListParagraphCxSpFirst\"><strong>\u2713<\/strong>\u00a0\u00a0\u00a0Multivitamines compl\u00e8tes bio-actives \u2013 pour hommes<\/p>\n<p class=\"ydp7f4ac68aMsoListParagraphCxSpMiddle\"><strong>\u2713<\/strong>\u00a0\u00a0\u00a0Multivitamines compl\u00e8tes bioactives avec fer \u2013 pour femmes<\/p>\n<p class=\"ydp7f4ac68aMsoListParagraphCxSpMiddle\"><strong>\u2713<\/strong>\u00a0\u00a0\u00a0Vitamine D3-K2 2000<\/p>\n<p class=\"ydp7f4ac68aMsoListParagraphCxSpMiddle\"><strong>\u2713<\/strong>\u00a0\u00a0\u00a0Complexe Ultra Magn\u00e9sium<\/p>\n<p class=\"ydp7f4ac68aMsoListParagraphCxSpMiddle\"><strong>\u2713<\/strong>\u00a0\u00a0\u00a0Prot\u00e9ine v\u00e9g\u00e9tale compl\u00e8te<\/p>\n<p class=\"ydp7f4ac68aMsoListParagraphCxSpMiddle\"><strong>\u2713<\/strong>\u00a0\u00a0\u00a0Super l\u00e9gumes verts biologiques<\/p>\n<p class=\"ydp7f4ac68aMsoListParagraphCxSpMiddle\"><strong>\u2713<\/strong>\u00a0\u00a0\u00a0Super Rouges Bio<\/p>\n<p class=\"ydp7f4ac68aMsoListParagraphCxSpMiddle\"><strong>\u2713<\/strong>\u00a0\u00a0\u00a0Caf\u00e9 biologique pour la gestion du poids<\/p>\n<p class=\"ydp7f4ac68aMsoListParagraphCxSpMiddle\"><strong>\u2713<\/strong>\u00a0\u00a0\u00a0Essential Aminos \u2013 Saveur de punch aux fruits<\/p>\n<p class=\"ydp7f4ac68aMsoListParagraphCxSpMiddle\"><strong>\u2713<\/strong>\u00a0\u00a0\u00a0Essential Aminos \u2013 Saveur Live Citron<\/p>\n<p class=\"ydp7f4ac68aMsoListParagraphCxSpMiddle\"><strong>\u2713<\/strong>\u00a0\u00a0\u00a0Facteur 4 anti-inflammatoire<\/p>\n<p class=\"ydp7f4ac68aMsoListParagraphCxSpMiddle\"><strong>\u2713<\/strong>\u00a0\u00a0\u00a0Peptides de collag\u00e8ne<\/p>\n<p class=\"ydp7f4ac68aMsoListParagraphCxSpMiddle\"><strong>\u2713<\/strong>\u00a0\u00a0\u00a0Patchs d&#8217;\u00e9nergie et de concentration<\/p>\n<p class=\"ydp7f4ac68aMsoListParagraphCxSpMiddle\"><strong>\u2713<\/strong>\u00a0\u00a0\u00a0Patchs de sommeil<\/p>\n<p class=\"ydp7f4ac68aMsoListParagraphCxSpLast\"><strong>\u2713<\/strong>\u00a0\u00a0\u00a0Instant Youth \u2013 Efface-rides instantan\u00e9<\/p>\n<p><strong>\u2713\u00a0\u00a0<\/strong>\u00a0S\u00e9rum pour la peau sans \u00e2ge<\/p>\n","protected":false},"excerpt":{"rendered":"<p><img decoding=\"async\" class=\"emoji\" role=\"img\" draggable=\"false\" src=\"https:\/\/s.w.org\/images\/core\/emoji\/14.0.0\/svg\/1f49a.svg\" alt=\"????\" \/>\u00a0Un de chacun de TOUS les produits LiveGood sans CBD<\/p>\n","protected":false},"featured_media":293,"comment_status":"open","ping_status":"closed","template":"","meta":[],"product_brand":[],"product_cat":[112,174,95,207,215,238],"product_tag":[],"class_list":{"0":"post-1063","1":"product","2":"type-product","3":"status-publish","4":"has-post-thumbnail","6":"product_cat-ageless-skin-fr-fr","7":"product_cat-coffee-tea-fr-fr","8":"product_cat-essential-oils-fr-fr","9":"product_cat-product-packages-fr-fr","10":"product_cat-supplements-fr-fr","11":"product_cat-vitamin-fr-fr","13":"first","14":"instock","15":"sale","16":"shipping-taxable","17":"product-type-external"},"yoast_head":"<!-- This site is optimized with the Yoast SEO Premium plugin v20.6 (Yoast SEO v21.8.1) - https:\/\/yoast.com\/wordpress\/plugins\/seo\/ -->\n<title>Pack Tout \u2013 Sans CBD - LiveGooD Shop<\/title>\n<meta name=\"robots\" content=\"index, follow, max-snippet:-1, max-image-preview:large, max-video-preview:-1\" \/>\n<link rel=\"canonical\" href=\"https:\/\/livegood.network\/shop\/fr-fr\/product\/everything-pack-without-cbd-fr-fr\/\" \/>\n<meta property=\"og:locale\" content=\"en_US\" \/>\n<meta property=\"og:type\" content=\"article\" \/>\n<meta property=\"og:title\" content=\"Pack Tout \u2013 Sans CBD\" \/>\n<meta property=\"og:description\" content=\"\u00a0Un de chacun de TOUS les produits LiveGood sans CBD\" \/>\n<meta property=\"og:url\" content=\"https:\/\/livegood.network\/shop\/fr-fr\/product\/everything-pack-without-cbd-fr-fr\/\" \/>\n<meta property=\"article:publisher\" content=\"https:\/\/www.facebook.com\/livegoodhello\" \/>\n<meta property=\"article:modified_time\" content=\"2024-02-02T13:18:41+00:00\" \/>\n<meta property=\"og:image\" content=\"https:\/\/livegood.network\/shop\/wp-content\/uploads\/2024\/01\/everything-pack-tile-2-no-cbd-livegood.png\" \/>\n\t<meta property=\"og:image:width\" content=\"1000\" \/>\n\t<meta property=\"og:image:height\" content=\"600\" \/>\n\t<meta property=\"og:image:type\" content=\"image\/png\" \/>\n<meta name=\"twitter:card\" content=\"summary_large_image\" \/>\n<meta name=\"twitter:label1\" content=\"Est. reading time\" \/>\n\t<meta name=\"twitter:data1\" content=\"1 minute\" \/>\n<script type=\"application\/ld+json\" class=\"yoast-schema-graph\">{\"@context\":\"https:\/\/schema.org\",\"@graph\":[{\"@type\":\"WebPage\",\"@id\":\"https:\/\/livegood.network\/shop\/fr-fr\/product\/everything-pack-without-cbd-fr-fr\/\",\"url\":\"https:\/\/livegood.network\/shop\/fr-fr\/product\/everything-pack-without-cbd-fr-fr\/\",\"name\":\"Pack Tout \u2013 Sans CBD - LiveGooD Shop\",\"isPartOf\":{\"@id\":\"https:\/\/livegood.network\/shop\/#website\"},\"datePublished\":\"2024-01-25T18:36:16+00:00\",\"dateModified\":\"2024-02-02T13:18:41+00:00\",\"breadcrumb\":{\"@id\":\"https:\/\/livegood.network\/shop\/fr-fr\/product\/everything-pack-without-cbd-fr-fr\/#breadcrumb\"},\"inLanguage\":\"en-US\",\"potentialAction\":[{\"@type\":\"ReadAction\",\"target\":[\"https:\/\/livegood.network\/shop\/fr-fr\/product\/everything-pack-without-cbd-fr-fr\/\"]}]},{\"@type\":\"BreadcrumbList\",\"@id\":\"https:\/\/livegood.network\/shop\/fr-fr\/product\/everything-pack-without-cbd-fr-fr\/#breadcrumb\",\"itemListElement\":[{\"@type\":\"ListItem\",\"position\":1,\"name\":\"Home\",\"item\":\"https:\/\/livegood.network\/shop\/pt-br\/\"},{\"@type\":\"ListItem\",\"position\":2,\"name\":\"Shop\",\"item\":\"https:\/\/livegood.network\/shop\/shop\/\"},{\"@type\":\"ListItem\",\"position\":3,\"name\":\"Pack Tout \u2013 Sans CBD\"}]},{\"@type\":\"WebSite\",\"@id\":\"https:\/\/livegood.network\/shop\/#website\",\"url\":\"https:\/\/livegood.network\/shop\/\",\"name\":\"LiveGooD Shop\",\"description\":\"\",\"publisher\":{\"@id\":\"https:\/\/livegood.network\/shop\/#organization\"},\"potentialAction\":[{\"@type\":\"SearchAction\",\"target\":{\"@type\":\"EntryPoint\",\"urlTemplate\":\"https:\/\/livegood.network\/shop\/?s={search_term_string}\"},\"query-input\":\"required name=search_term_string\"}],\"inLanguage\":\"en-US\"},{\"@type\":\"Organization\",\"@id\":\"https:\/\/livegood.network\/shop\/#organization\",\"name\":\"LiveGooD\",\"url\":\"https:\/\/livegood.network\/shop\/\",\"logo\":{\"@type\":\"ImageObject\",\"inLanguage\":\"en-US\",\"@id\":\"https:\/\/livegood.network\/shop\/#\/schema\/logo\/image\/\",\"url\":\"https:\/\/livegood.network\/shop\/wp-content\/uploads\/2024\/01\/logo-livegood-shop-main.png\",\"contentUrl\":\"https:\/\/livegood.network\/shop\/wp-content\/uploads\/2024\/01\/logo-livegood-shop-main.png\",\"width\":373,\"height\":115,\"caption\":\"LiveGooD\"},\"image\":{\"@id\":\"https:\/\/livegood.network\/shop\/#\/schema\/logo\/image\/\"},\"sameAs\":[\"https:\/\/www.facebook.com\/livegoodhello\"]}]}<\/script>\n<!-- \/ Yoast SEO Premium plugin. -->","yoast_head_json":{"title":"Pack Tout \u2013 Sans CBD - LiveGooD Shop","robots":{"index":"index","follow":"follow","max-snippet":"max-snippet:-1","max-image-preview":"max-image-preview:large","max-video-preview":"max-video-preview:-1"},"canonical":"https:\/\/livegood.network\/shop\/fr-fr\/product\/everything-pack-without-cbd-fr-fr\/","og_locale":"en_US","og_type":"article","og_title":"Pack Tout \u2013 Sans CBD","og_description":"\u00a0Un de chacun de TOUS les produits LiveGood sans CBD","og_url":"https:\/\/livegood.network\/shop\/fr-fr\/product\/everything-pack-without-cbd-fr-fr\/","article_publisher":"https:\/\/www.facebook.com\/livegoodhello","article_modified_time":"2024-02-02T13:18:41+00:00","og_image":[{"width":1000,"height":600,"url":"https:\/\/livegood.network\/shop\/wp-content\/uploads\/2024\/01\/everything-pack-tile-2-no-cbd-livegood.png","type":"image\/png"}],"twitter_card":"summary_large_image","twitter_misc":{"Est. reading time":"1 minute"},"schema":{"@context":"https:\/\/schema.org","@graph":[{"@type":"WebPage","@id":"https:\/\/livegood.network\/shop\/fr-fr\/product\/everything-pack-without-cbd-fr-fr\/","url":"https:\/\/livegood.network\/shop\/fr-fr\/product\/everything-pack-without-cbd-fr-fr\/","name":"Pack Tout \u2013 Sans CBD - LiveGooD Shop","isPartOf":{"@id":"https:\/\/livegood.network\/shop\/#website"},"datePublished":"2024-01-25T18:36:16+00:00","dateModified":"2024-02-02T13:18:41+00:00","breadcrumb":{"@id":"https:\/\/livegood.network\/shop\/fr-fr\/product\/everything-pack-without-cbd-fr-fr\/#breadcrumb"},"inLanguage":"en-US","potentialAction":[{"@type":"ReadAction","target":["https:\/\/livegood.network\/shop\/fr-fr\/product\/everything-pack-without-cbd-fr-fr\/"]}]},{"@type":"BreadcrumbList","@id":"https:\/\/livegood.network\/shop\/fr-fr\/product\/everything-pack-without-cbd-fr-fr\/#breadcrumb","itemListElement":[{"@type":"ListItem","position":1,"name":"Home","item":"https:\/\/livegood.network\/shop\/pt-br\/"},{"@type":"ListItem","position":2,"name":"Shop","item":"https:\/\/livegood.network\/shop\/shop\/"},{"@type":"ListItem","position":3,"name":"Pack Tout \u2013 Sans CBD"}]},{"@type":"WebSite","@id":"https:\/\/livegood.network\/shop\/#website","url":"https:\/\/livegood.network\/shop\/","name":"LiveGooD Shop","description":"","publisher":{"@id":"https:\/\/livegood.network\/shop\/#organization"},"potentialAction":[{"@type":"SearchAction","target":{"@type":"EntryPoint","urlTemplate":"https:\/\/livegood.network\/shop\/?s={search_term_string}"},"query-input":"required name=search_term_string"}],"inLanguage":"en-US"},{"@type":"Organization","@id":"https:\/\/livegood.network\/shop\/#organization","name":"LiveGooD","url":"https:\/\/livegood.network\/shop\/","logo":{"@type":"ImageObject","inLanguage":"en-US","@id":"https:\/\/livegood.network\/shop\/#\/schema\/logo\/image\/","url":"https:\/\/livegood.network\/shop\/wp-content\/uploads\/2024\/01\/logo-livegood-shop-main.png","contentUrl":"https:\/\/livegood.network\/shop\/wp-content\/uploads\/2024\/01\/logo-livegood-shop-main.png","width":373,"height":115,"caption":"LiveGooD"},"image":{"@id":"https:\/\/livegood.network\/shop\/#\/schema\/logo\/image\/"},"sameAs":["https:\/\/www.facebook.com\/livegoodhello"]}]}},"lang":"fr-fr","translations":{"fr-fr":1063,"pt-br":1075,"pt-pt":1065,"en-us":292,"es-es":1064,"vi":1066,"ru-ru":1067,"ko":1068},"pll_sync_post":[],"_links":{"self":[{"href":"https:\/\/livegood.network\/shop\/wp-json\/wp\/v2\/product\/1063","targetHints":{"allow":["GET"]}}],"collection":[{"href":"https:\/\/livegood.network\/shop\/wp-json\/wp\/v2\/product"}],"about":[{"href":"https:\/\/livegood.network\/shop\/wp-json\/wp\/v2\/types\/product"}],"replies":[{"embeddable":true,"href":"https:\/\/livegood.network\/shop\/wp-json\/wp\/v2\/comments?post=1063"}],"version-history":[{"count":1,"href":"https:\/\/livegood.network\/shop\/wp-json\/wp\/v2\/product\/1063\/revisions"}],"predecessor-version":[{"id":1530,"href":"https:\/\/livegood.network\/shop\/wp-json\/wp\/v2\/product\/1063\/revisions\/1530"}],"wp:featuredmedia":[{"embeddable":true,"href":"https:\/\/livegood.network\/shop\/wp-json\/wp\/v2\/media\/293"}],"wp:attachment":[{"href":"https:\/\/livegood.network\/shop\/wp-json\/wp\/v2\/media?parent=1063"}],"wp:term":[{"taxonomy":"product_brand","embeddable":true,"href":"https:\/\/livegood.network\/shop\/wp-json\/wp\/v2\/product_brand?post=1063"},{"taxonomy":"product_cat","embeddable":true,"href":"https:\/\/livegood.network\/shop\/wp-json\/wp\/v2\/product_cat?post=1063"},{"taxonomy":"product_tag","embeddable":true,"href":"https:\/\/livegood.network\/shop\/wp-json\/wp\/v2\/product_tag?post=1063"}],"curies":[{"name":"wp","href":"https:\/\/api.w.org\/{rel}","templated":true}]}}