{"id":1066,"date":"2024-01-25T18:40:56","date_gmt":"2024-01-25T18:40:56","guid":{"rendered":"https:\/\/livegood.network\/shop\/?post_type=product&#038;p=1066"},"modified":"2024-02-02T13:19:03","modified_gmt":"2024-02-02T13:19:03","slug":"everything-pack-without-cbd-vi","status":"publish","type":"product","link":"https:\/\/livegood.network\/shop\/vi\/product\/everything-pack-without-cbd-vi\/","title":{"rendered":"G\u00f3i m\u1ecdi th\u1ee9 \u2013 Kh\u00f4ng c\u00f3 CBD"},"content":{"rendered":"<p class=\"ydp7f4ac68aMsoNormal\"><strong>G\u00f3i m\u1ecdi th\u1ee9 \u2013 Kh\u00f4ng c\u00f3 CBD<\/strong><\/p>\n<div>\n<p>Ch\u00fang t\u00f4i th\u1eeba nh\u1eadn r\u1eb1ng D\u1ea7u CBD hi\u1ec7n \u0111ang ph\u1ea3i \u0111\u1ed1i m\u1eb7t v\u1edbi nh\u1eefng h\u1ea1n ch\u1ebf \u1edf m\u1ed9t s\u1ed1 qu\u1ed1c gia.\u00a0Do \u0111\u00f3, ch\u00fang t\u00f4i \u0111\u00e3 tuy\u1ec3n ch\u1ecdn m\u1ed9t g\u00f3i bao g\u1ed3m T\u1ea4T C\u1ea2 c\u00e1c s\u1ea3n ph\u1ea9m bi\u1ebfn \u0111\u1ed5i c\u1ee7a ch\u00fang t\u00f4i, ngo\u1ea1i tr\u1eeb nh\u1eefng s\u1ea3n ph\u1ea9m c\u00f3 ch\u1ee9a D\u1ea7u CBD.<\/p>\n<p>Gi\u1edd \u0111\u00e2y, b\u1ea1n c\u00f3 c\u01a1 h\u1ed9i t\u1eadn h\u01b0\u1edfng s\u1ef1 xu\u1ea5t s\u1eafc v\u00e0 gi\u00e1 c\u1ea3 ph\u1ea3i ch\u0103ng c\u1ee7a c\u00e1c s\u1ea3n ph\u1ea9m LiveGood v\u1edbi m\u1ee9c gi\u00e1 \u0111\u1eb7c bi\u1ec7t th\u1ea5p!<\/p>\n<\/div>\n<p class=\"ydp7f4ac68aMsoNormal\"><strong>B\u00ean trong G\u00f3i M\u1ecdi th\u1ee9 kh\u00f4ng c\u00f3 CBD c\u00f3 g\u00ec?<\/strong><\/p>\n<p class=\"ydp7f4ac68aMsoListParagraphCxSpFirst\"><strong>\u2713<\/strong>\u00a0\u00a0\u00a0Vitamin t\u1ed5ng h\u1ee3p Bio-Active Complete \u2013 d\u00e0nh cho nam gi\u1edbi<\/p>\n<p class=\"ydp7f4ac68aMsoListParagraphCxSpMiddle\"><strong>\u2713<\/strong>\u00a0\u00a0\u00a0Vitamin t\u1ed5ng h\u1ee3p c\u00f3 ho\u1ea1t t\u00ednh sinh h\u1ecdc v\u00e0 s\u1eaft \u2013 d\u00e0nh cho ph\u1ee5 n\u1eef<\/p>\n<p class=\"ydp7f4ac68aMsoListParagraphCxSpMiddle\"><strong>\u2713<\/strong>\u00a0\u00a0\u00a0Vitamin D3-K2 2000<\/p>\n<p class=\"ydp7f4ac68aMsoListParagraphCxSpMiddle\"><strong>\u2713<\/strong>\u00a0\u00a0\u00a0Ph\u1ee9c h\u1ee3p si\u00eau magi\u00ea<\/p>\n<p class=\"ydp7f4ac68aMsoListParagraphCxSpMiddle\"><strong>\u2713<\/strong>\u00a0\u00a0\u00a0Protein th\u1ef1c v\u1eadt ho\u00e0n ch\u1ec9nh<\/p>\n<p class=\"ydp7f4ac68aMsoListParagraphCxSpMiddle\"><strong>\u2713<\/strong>\u00a0\u00a0\u00a0Si\u00eau xanh h\u1eefu c\u01a1<\/p>\n<p class=\"ydp7f4ac68aMsoListParagraphCxSpMiddle\"><strong>\u2713<\/strong>\u00a0\u00a0\u00a0Si\u00eau \u0111\u1ecf h\u1eefu c\u01a1<\/p>\n<p class=\"ydp7f4ac68aMsoListParagraphCxSpMiddle\"><strong>\u2713<\/strong>\u00a0\u00a0\u00a0C\u00e0 ph\u00ea h\u1eefu c\u01a1 gi\u00fap ki\u1ec3m so\u00e1t c\u00e2n n\u1eb7ng<\/p>\n<p class=\"ydp7f4ac68aMsoListParagraphCxSpMiddle\"><strong>\u2713<\/strong>\u00a0\u00a0\u00a0Essential Aminos \u2013 H\u01b0\u01a1ng v\u1ecb tr\u00e1i c\u00e2y<\/p>\n<p class=\"ydp7f4ac68aMsoListParagraphCxSpMiddle\"><strong>\u2713<\/strong>\u00a0\u00a0\u00a0Axit amin thi\u1ebft y\u1ebfu \u2013 H\u01b0\u01a1ng chanh s\u1ed1ng<\/p>\n<p class=\"ydp7f4ac68aMsoListParagraphCxSpMiddle\"><strong>\u2713<\/strong>\u00a0\u00a0\u00a0Y\u1ebfu t\u1ed1 4 ch\u1ed1ng vi\u00eam<\/p>\n<p class=\"ydp7f4ac68aMsoListParagraphCxSpMiddle\"><strong>\u2713<\/strong>\u00a0\u00a0\u00a0Collagen Peptide<\/p>\n<p class=\"ydp7f4ac68aMsoListParagraphCxSpMiddle\"><strong>\u2713<\/strong>\u00a0\u00a0\u00a0B\u1ea3n v\u00e1 n\u0103ng l\u01b0\u1ee3ng v\u00e0 t\u1eadp trung<\/p>\n<p class=\"ydp7f4ac68aMsoListParagraphCxSpMiddle\"><strong>\u2713<\/strong>\u00a0\u00a0\u00a0Mi\u1ebfng d\u00e1n ng\u1ee7<\/p>\n<p class=\"ydp7f4ac68aMsoListParagraphCxSpLast\"><strong>\u2713<\/strong>\u00a0\u00a0\u00a0Thanh xu\u00e2n t\u1ee9c th\u00ec \u2013 X\u00f3a n\u1ebfp nh\u0103n t\u1ee9c th\u00ec<\/p>\n<p><strong>\u2713\u00a0\u00a0<\/strong>\u00a0Serum d\u01b0\u1ee1ng da kh\u00f4ng tu\u1ed5i<\/p>\n","protected":false},"excerpt":{"rendered":"<p><img decoding=\"async\" class=\"emoji\" role=\"img\" draggable=\"false\" src=\"https:\/\/s.w.org\/images\/core\/emoji\/14.0.0\/svg\/1f49a.svg\" alt=\"????\" \/> M\u1ed9t trong T\u1ea4T C\u1ea2 c\u00e1c S\u1ea3n ph\u1ea9m LiveGood kh\u00f4ng c\u00f3 CBD<\/p>\n","protected":false},"featured_media":293,"comment_status":"open","ping_status":"closed","template":"","meta":[],"product_brand":[],"product_cat":[114,201,219,106,167,232],"product_tag":[],"class_list":{"0":"post-1066","1":"product","2":"type-product","3":"status-publish","4":"has-post-thumbnail","6":"product_cat-ageless-skin-vi","7":"product_cat-product-packages-vi","8":"product_cat-supplements-vi","9":"product_cat-essential-oils-vi","10":"product_cat-coffee-tea-vi","11":"product_cat-vitamin-vi","13":"first","14":"instock","15":"sale","16":"shipping-taxable","17":"product-type-external"},"yoast_head":"<!-- This site is optimized with the Yoast SEO Premium plugin v20.6 (Yoast SEO v21.8.1) - https:\/\/yoast.com\/wordpress\/plugins\/seo\/ -->\n<title>G\u00f3i m\u1ecdi th\u1ee9 \u2013 Kh\u00f4ng c\u00f3 CBD - LiveGooD Shop<\/title>\n<meta name=\"robots\" content=\"index, follow, max-snippet:-1, max-image-preview:large, max-video-preview:-1\" \/>\n<link rel=\"canonical\" href=\"https:\/\/livegood.network\/shop\/vi\/product\/everything-pack-without-cbd-vi\/\" \/>\n<meta property=\"og:locale\" content=\"en_US\" \/>\n<meta property=\"og:type\" content=\"article\" \/>\n<meta property=\"og:title\" content=\"G\u00f3i m\u1ecdi th\u1ee9 \u2013 Kh\u00f4ng c\u00f3 CBD\" \/>\n<meta property=\"og:description\" content=\"M\u1ed9t trong T\u1ea4T C\u1ea2 c\u00e1c S\u1ea3n ph\u1ea9m LiveGood kh\u00f4ng c\u00f3 CBD\" \/>\n<meta property=\"og:url\" content=\"https:\/\/livegood.network\/shop\/vi\/product\/everything-pack-without-cbd-vi\/\" \/>\n<meta property=\"article:publisher\" content=\"https:\/\/www.facebook.com\/livegoodhello\" \/>\n<meta property=\"article:modified_time\" content=\"2024-02-02T13:19:03+00:00\" \/>\n<meta property=\"og:image\" content=\"https:\/\/livegood.network\/shop\/wp-content\/uploads\/2024\/01\/everything-pack-tile-2-no-cbd-livegood.png\" \/>\n\t<meta property=\"og:image:width\" content=\"1000\" \/>\n\t<meta property=\"og:image:height\" content=\"600\" \/>\n\t<meta property=\"og:image:type\" content=\"image\/png\" \/>\n<meta name=\"twitter:card\" content=\"summary_large_image\" \/>\n<meta name=\"twitter:label1\" content=\"Est. reading time\" \/>\n\t<meta name=\"twitter:data1\" content=\"2 minutes\" \/>\n<script type=\"application\/ld+json\" class=\"yoast-schema-graph\">{\"@context\":\"https:\/\/schema.org\",\"@graph\":[{\"@type\":\"WebPage\",\"@id\":\"https:\/\/livegood.network\/shop\/vi\/product\/everything-pack-without-cbd-vi\/\",\"url\":\"https:\/\/livegood.network\/shop\/vi\/product\/everything-pack-without-cbd-vi\/\",\"name\":\"G\u00f3i m\u1ecdi th\u1ee9 \u2013 Kh\u00f4ng c\u00f3 CBD - LiveGooD Shop\",\"isPartOf\":{\"@id\":\"https:\/\/livegood.network\/shop\/#website\"},\"datePublished\":\"2024-01-25T18:40:56+00:00\",\"dateModified\":\"2024-02-02T13:19:03+00:00\",\"breadcrumb\":{\"@id\":\"https:\/\/livegood.network\/shop\/vi\/product\/everything-pack-without-cbd-vi\/#breadcrumb\"},\"inLanguage\":\"en-US\",\"potentialAction\":[{\"@type\":\"ReadAction\",\"target\":[\"https:\/\/livegood.network\/shop\/vi\/product\/everything-pack-without-cbd-vi\/\"]}]},{\"@type\":\"BreadcrumbList\",\"@id\":\"https:\/\/livegood.network\/shop\/vi\/product\/everything-pack-without-cbd-vi\/#breadcrumb\",\"itemListElement\":[{\"@type\":\"ListItem\",\"position\":1,\"name\":\"Home\",\"item\":\"https:\/\/livegood.network\/shop\/pt-br\/\"},{\"@type\":\"ListItem\",\"position\":2,\"name\":\"Shop\",\"item\":\"https:\/\/livegood.network\/shop\/shop\/\"},{\"@type\":\"ListItem\",\"position\":3,\"name\":\"G\u00f3i m\u1ecdi th\u1ee9 \u2013 Kh\u00f4ng c\u00f3 CBD\"}]},{\"@type\":\"WebSite\",\"@id\":\"https:\/\/livegood.network\/shop\/#website\",\"url\":\"https:\/\/livegood.network\/shop\/\",\"name\":\"LiveGooD Shop\",\"description\":\"\",\"publisher\":{\"@id\":\"https:\/\/livegood.network\/shop\/#organization\"},\"potentialAction\":[{\"@type\":\"SearchAction\",\"target\":{\"@type\":\"EntryPoint\",\"urlTemplate\":\"https:\/\/livegood.network\/shop\/?s={search_term_string}\"},\"query-input\":\"required name=search_term_string\"}],\"inLanguage\":\"en-US\"},{\"@type\":\"Organization\",\"@id\":\"https:\/\/livegood.network\/shop\/#organization\",\"name\":\"LiveGooD\",\"url\":\"https:\/\/livegood.network\/shop\/\",\"logo\":{\"@type\":\"ImageObject\",\"inLanguage\":\"en-US\",\"@id\":\"https:\/\/livegood.network\/shop\/#\/schema\/logo\/image\/\",\"url\":\"https:\/\/livegood.network\/shop\/wp-content\/uploads\/2024\/01\/logo-livegood-shop-main.png\",\"contentUrl\":\"https:\/\/livegood.network\/shop\/wp-content\/uploads\/2024\/01\/logo-livegood-shop-main.png\",\"width\":373,\"height\":115,\"caption\":\"LiveGooD\"},\"image\":{\"@id\":\"https:\/\/livegood.network\/shop\/#\/schema\/logo\/image\/\"},\"sameAs\":[\"https:\/\/www.facebook.com\/livegoodhello\"]}]}<\/script>\n<!-- \/ Yoast SEO Premium plugin. -->","yoast_head_json":{"title":"G\u00f3i m\u1ecdi th\u1ee9 \u2013 Kh\u00f4ng c\u00f3 CBD - LiveGooD Shop","robots":{"index":"index","follow":"follow","max-snippet":"max-snippet:-1","max-image-preview":"max-image-preview:large","max-video-preview":"max-video-preview:-1"},"canonical":"https:\/\/livegood.network\/shop\/vi\/product\/everything-pack-without-cbd-vi\/","og_locale":"en_US","og_type":"article","og_title":"G\u00f3i m\u1ecdi th\u1ee9 \u2013 Kh\u00f4ng c\u00f3 CBD","og_description":"M\u1ed9t trong T\u1ea4T C\u1ea2 c\u00e1c S\u1ea3n ph\u1ea9m LiveGood kh\u00f4ng c\u00f3 CBD","og_url":"https:\/\/livegood.network\/shop\/vi\/product\/everything-pack-without-cbd-vi\/","article_publisher":"https:\/\/www.facebook.com\/livegoodhello","article_modified_time":"2024-02-02T13:19:03+00:00","og_image":[{"width":1000,"height":600,"url":"https:\/\/livegood.network\/shop\/wp-content\/uploads\/2024\/01\/everything-pack-tile-2-no-cbd-livegood.png","type":"image\/png"}],"twitter_card":"summary_large_image","twitter_misc":{"Est. reading time":"2 minutes"},"schema":{"@context":"https:\/\/schema.org","@graph":[{"@type":"WebPage","@id":"https:\/\/livegood.network\/shop\/vi\/product\/everything-pack-without-cbd-vi\/","url":"https:\/\/livegood.network\/shop\/vi\/product\/everything-pack-without-cbd-vi\/","name":"G\u00f3i m\u1ecdi th\u1ee9 \u2013 Kh\u00f4ng c\u00f3 CBD - LiveGooD Shop","isPartOf":{"@id":"https:\/\/livegood.network\/shop\/#website"},"datePublished":"2024-01-25T18:40:56+00:00","dateModified":"2024-02-02T13:19:03+00:00","breadcrumb":{"@id":"https:\/\/livegood.network\/shop\/vi\/product\/everything-pack-without-cbd-vi\/#breadcrumb"},"inLanguage":"en-US","potentialAction":[{"@type":"ReadAction","target":["https:\/\/livegood.network\/shop\/vi\/product\/everything-pack-without-cbd-vi\/"]}]},{"@type":"BreadcrumbList","@id":"https:\/\/livegood.network\/shop\/vi\/product\/everything-pack-without-cbd-vi\/#breadcrumb","itemListElement":[{"@type":"ListItem","position":1,"name":"Home","item":"https:\/\/livegood.network\/shop\/pt-br\/"},{"@type":"ListItem","position":2,"name":"Shop","item":"https:\/\/livegood.network\/shop\/shop\/"},{"@type":"ListItem","position":3,"name":"G\u00f3i m\u1ecdi th\u1ee9 \u2013 Kh\u00f4ng c\u00f3 CBD"}]},{"@type":"WebSite","@id":"https:\/\/livegood.network\/shop\/#website","url":"https:\/\/livegood.network\/shop\/","name":"LiveGooD Shop","description":"","publisher":{"@id":"https:\/\/livegood.network\/shop\/#organization"},"potentialAction":[{"@type":"SearchAction","target":{"@type":"EntryPoint","urlTemplate":"https:\/\/livegood.network\/shop\/?s={search_term_string}"},"query-input":"required name=search_term_string"}],"inLanguage":"en-US"},{"@type":"Organization","@id":"https:\/\/livegood.network\/shop\/#organization","name":"LiveGooD","url":"https:\/\/livegood.network\/shop\/","logo":{"@type":"ImageObject","inLanguage":"en-US","@id":"https:\/\/livegood.network\/shop\/#\/schema\/logo\/image\/","url":"https:\/\/livegood.network\/shop\/wp-content\/uploads\/2024\/01\/logo-livegood-shop-main.png","contentUrl":"https:\/\/livegood.network\/shop\/wp-content\/uploads\/2024\/01\/logo-livegood-shop-main.png","width":373,"height":115,"caption":"LiveGooD"},"image":{"@id":"https:\/\/livegood.network\/shop\/#\/schema\/logo\/image\/"},"sameAs":["https:\/\/www.facebook.com\/livegoodhello"]}]}},"lang":"vi","translations":{"vi":1066,"pt-br":1075,"pt-pt":1065,"en-us":292,"fr-fr":1063,"es-es":1064,"ru-ru":1067,"ko":1068},"pll_sync_post":[],"_links":{"self":[{"href":"https:\/\/livegood.network\/shop\/wp-json\/wp\/v2\/product\/1066","targetHints":{"allow":["GET"]}}],"collection":[{"href":"https:\/\/livegood.network\/shop\/wp-json\/wp\/v2\/product"}],"about":[{"href":"https:\/\/livegood.network\/shop\/wp-json\/wp\/v2\/types\/product"}],"replies":[{"embeddable":true,"href":"https:\/\/livegood.network\/shop\/wp-json\/wp\/v2\/comments?post=1066"}],"version-history":[{"count":1,"href":"https:\/\/livegood.network\/shop\/wp-json\/wp\/v2\/product\/1066\/revisions"}],"predecessor-version":[{"id":1533,"href":"https:\/\/livegood.network\/shop\/wp-json\/wp\/v2\/product\/1066\/revisions\/1533"}],"wp:featuredmedia":[{"embeddable":true,"href":"https:\/\/livegood.network\/shop\/wp-json\/wp\/v2\/media\/293"}],"wp:attachment":[{"href":"https:\/\/livegood.network\/shop\/wp-json\/wp\/v2\/media?parent=1066"}],"wp:term":[{"taxonomy":"product_brand","embeddable":true,"href":"https:\/\/livegood.network\/shop\/wp-json\/wp\/v2\/product_brand?post=1066"},{"taxonomy":"product_cat","embeddable":true,"href":"https:\/\/livegood.network\/shop\/wp-json\/wp\/v2\/product_cat?post=1066"},{"taxonomy":"product_tag","embeddable":true,"href":"https:\/\/livegood.network\/shop\/wp-json\/wp\/v2\/product_tag?post=1066"}],"curies":[{"name":"wp","href":"https:\/\/api.w.org\/{rel}","templated":true}]}}