{"id":1078,"date":"2024-01-25T18:57:07","date_gmt":"2024-01-25T18:57:07","guid":{"rendered":"https:\/\/livegood.network\/shop\/?post_type=product&#038;p=1078"},"modified":"2026-03-07T20:13:46","modified_gmt":"2026-03-07T20:13:46","slug":"factor4-advanced-inflammation-management-fr-fr","status":"publish","type":"product","link":"https:\/\/livegood.network\/shop\/fr-fr\/product\/factor4-advanced-inflammation-management-fr-fr\/","title":{"rendered":"Factor4 &#8211; Gestion Avanc\u00e9e de l\u2019inflammation"},"content":{"rendered":"<p><strong><span>Factor4 \u2013 Gestion avanc\u00e9e de l\u2019inflammation<\/span><\/strong><\/p>\n<p><em><span>Les maladies inflammatoires chroniques constituent la principale cause de maladie et de mortalit\u00e9 dans le monde\u00a0!<\/span><\/em><\/p>\n<p><span>En fait, plus de 50 % de TOUS les d\u00e9c\u00e8s peuvent \u00eatre li\u00e9s \u00e0 des maladies associ\u00e9es \u00e0 l\u2019inflammation, telles que les maladies cardiaques, les accidents vasculaires c\u00e9r\u00e9braux, le cancer, le diab\u00e8te, l\u2019arthrite, les maladies r\u00e9nales et h\u00e9patiques, et bien plus encore.<\/span><\/p>\n<p><span>Fabriqu\u00e9 avec fiert\u00e9 par l&#8217;un des plus grands immunologistes au monde, le Dr Heather Volpp, le facteur 4 de LiveGood appara\u00eet comme le premier suppl\u00e9ment de gestion de l&#8217;inflammation con\u00e7u avec quatre des ingr\u00e9dients anti-inflammatoires les plus puissants au monde : l&#8217;huile de poisson, le curcuma, la coenzyme Q10 et l&#8217;ail.\u00a0Cette formulation vise \u00e0 vous aider \u00e0 G\u00c9RER et potentiellement INVERSER l\u2019inflammation\u00a0!<\/span><\/p>\n<p><span>\u00ab De nombreux m\u00e9decins et professionnels de la sant\u00e9 prescrivent souvent des m\u00e9dicaments pour soulager les sympt\u00f4mes, mais cette approche ne s&#8217;attaque pas \u00e0 la cause profonde de ces sympt\u00f4mes.\u00a0Au lieu de favoriser la sant\u00e9 globale, les m\u00e9dicaments introduisent souvent de nouveaux probl\u00e8mes de sant\u00e9 qui n&#8217;existaient pas auparavant.\u00a0Mon objectif principal est d&#8217;aider mes patients \u00e0 gu\u00e9rir naturellement plut\u00f4t que de recourir \u00e0 des m\u00e9dicaments.\u00a0Cela commence par des suppl\u00e9ments de haute qualit\u00e9 qui traitent efficacement la cause sous-jacente de nombreux probl\u00e8mes de sant\u00e9 : l\u2019inflammation.\u00a0Le facteur 4 a \u00e9t\u00e9 d\u00e9velopp\u00e9 parce qu&#8217;il n&#8217;existait aucun produit sur le march\u00e9 contenant ce que je consid\u00e8re comme les quatre substances naturelles anti-inflammatoires les plus puissantes au monde.\u00a0Jusqu&#8217;\u00e0 pr\u00e9sent, j&#8217;ai recommand\u00e9 trois suppl\u00e9ments diff\u00e9rents \u00e0 mes patients pour obtenir ce qu&#8217;ils peuvent d\u00e9sormais obtenir avec le Facteur 4. Je suis tr\u00e8s fier de ce produit et je m&#8217;assure que tous mes patients l&#8217;int\u00e8grent dans leur routine quotidienne.\u00a0\u00bb \u2013 Dr Heather Volpp<\/span><\/p>\n<p><span>Ces d\u00e9clarations n&#8217;ont pas \u00e9t\u00e9 \u00e9valu\u00e9es par la FDA.\u00a0Ce produit n&#8217;est pas destin\u00e9 \u00e0 diagnostiquer, traiter, gu\u00e9rir ou pr\u00e9venir une maladie.<\/span><\/p>\n<p><span>Sans cruaut\u00e9 envers les animauxCertifi\u00e9 GMPSans OGMTest\u00e9 par un tiers<\/span><\/p>\n<p><strong><span>COMMENT UTILISER:<\/span><\/strong><\/p>\n<p><span>Prendre 1 g\u00e9lule par voie orale deux fois par jour avec de la nourriture et ajuster selon la tol\u00e9rance.<\/span><\/p>\n<p><span>Une dose de 2 g\u00e9lules par jour fournit environ 1,2 grammes d&#8217;EPA\/DHA, offrant des avantages dans la gestion de l&#8217;inflammation.\u00a0Une dose de 3 \u00e0 4 grammes d&#8217;EPA\/DHA, \u00e9quivalente \u00e0 6 \u00e0 8 g\u00e9lules par jour, offre des avantages en r\u00e9duisant les triglyc\u00e9rides.<\/span><\/p>\n<p><span>Comme les g\u00e9lules contiennent un m\u00e9lange d&#8217;huiles, il est essentiel de les avaler enti\u00e8res et de s&#8217;abstenir de les couper ou de les m\u00e2cher.<\/span><\/p>\n<p><span>MIEUX prendre tous les jours.<\/span><\/p>\n<p><span>Conseil de pro\u00a0: si vous rencontrez un arri\u00e8re-go\u00fbt de poisson ou des \u00e9ructations, essayez de r\u00e9frig\u00e9rer les g\u00e9lules.<\/span><\/p>\n","protected":false},"excerpt":{"rendered":"<p><img decoding=\"async\" class=\"emoji\" role=\"img\" draggable=\"false\" src=\"https:\/\/s.w.org\/images\/core\/emoji\/14.0.0\/svg\/1f49a.svg\" alt=\"LiveGooD Love\" \/ > Combat l&#8217;inflammation<br \/>\n<img decoding=\"async\" class=\"emoji\" role=\"img\" draggable=\"false\" src=\"https:\/\/s.w.org\/images\/core\/emoji\/14.0.0\/svg\/1f49a.svg\" alt=\"LiveGooD Love\" \/ > Soutient la sant\u00e9 des articulations et des organes<br \/>\n<img decoding=\"async\" class=\"emoji\" role=\"img\" draggable=\"false\" src=\"https:\/\/s.w.org\/images\/core\/emoji\/14.0.0\/svg\/1f49a.svg\" alt=\"LiveGooD Love\" \/ > Favorise la sant\u00e9 immunitaire<br \/>\n<img decoding=\"async\" class=\"emoji\" role=\"img\" draggable=\"false\" src=\"https:\/\/s.w.org\/images\/core\/emoji\/14.0.0\/svg\/1f49a.svg\" alt=\"LiveGooD Love\" \/ > Favorise une circulation saine<\/p>\n","protected":false},"featured_media":1091,"comment_status":"open","ping_status":"closed","template":"","meta":[],"product_brand":[],"product_cat":[238],"product_tag":[],"class_list":{"0":"post-1078","1":"product","2":"type-product","3":"status-publish","4":"has-post-thumbnail","6":"product_cat-vitamin-fr-fr","8":"first","9":"instock","10":"sale","11":"shipping-taxable","12":"product-type-external"},"yoast_head":"<!-- This site is optimized with the Yoast SEO Premium plugin v20.6 (Yoast SEO v21.8.1) - https:\/\/yoast.com\/wordpress\/plugins\/seo\/ -->\n<title>Factor4 - Gestion Avanc\u00e9e de l\u2019inflammation - LiveGooD Shop<\/title>\n<meta name=\"robots\" content=\"index, follow, max-snippet:-1, max-image-preview:large, max-video-preview:-1\" \/>\n<link rel=\"canonical\" href=\"https:\/\/livegood.network\/shop\/fr-fr\/product\/factor4-advanced-inflammation-management-fr-fr\/\" \/>\n<meta property=\"og:locale\" content=\"en_US\" \/>\n<meta property=\"og:type\" content=\"article\" \/>\n<meta property=\"og:title\" content=\"Factor4 - Gestion Avanc\u00e9e de l\u2019inflammation\" \/>\n<meta property=\"og:description\" content=\"Combat l&#039;inflammation  Soutient la sant\u00e9 des articulations et des organes  Favorise la sant\u00e9 immunitaire  Favorise une circulation saine\" \/>\n<meta property=\"og:url\" content=\"https:\/\/livegood.network\/shop\/fr-fr\/product\/factor4-advanced-inflammation-management-fr-fr\/\" \/>\n<meta property=\"article:publisher\" content=\"https:\/\/www.facebook.com\/livegoodhello\" \/>\n<meta property=\"article:modified_time\" content=\"2026-03-07T20:13:46+00:00\" \/>\n<meta property=\"og:image\" content=\"https:\/\/livegood.network\/shop\/wp-content\/uploads\/2024\/01\/factor-4-livegood.png\" \/>\n\t<meta property=\"og:image:width\" content=\"2000\" \/>\n\t<meta property=\"og:image:height\" content=\"2000\" \/>\n\t<meta property=\"og:image:type\" content=\"image\/png\" \/>\n<meta name=\"twitter:card\" content=\"summary_large_image\" \/>\n<meta name=\"twitter:label1\" content=\"Est. reading time\" \/>\n\t<meta name=\"twitter:data1\" content=\"3 minutes\" \/>\n<script type=\"application\/ld+json\" class=\"yoast-schema-graph\">{\"@context\":\"https:\/\/schema.org\",\"@graph\":[{\"@type\":\"WebPage\",\"@id\":\"https:\/\/livegood.network\/shop\/fr-fr\/product\/factor4-advanced-inflammation-management-fr-fr\/\",\"url\":\"https:\/\/livegood.network\/shop\/fr-fr\/product\/factor4-advanced-inflammation-management-fr-fr\/\",\"name\":\"Factor4 - Gestion Avanc\u00e9e de l\u2019inflammation - LiveGooD Shop\",\"isPartOf\":{\"@id\":\"https:\/\/livegood.network\/shop\/#website\"},\"datePublished\":\"2024-01-25T18:57:07+00:00\",\"dateModified\":\"2026-03-07T20:13:46+00:00\",\"breadcrumb\":{\"@id\":\"https:\/\/livegood.network\/shop\/fr-fr\/product\/factor4-advanced-inflammation-management-fr-fr\/#breadcrumb\"},\"inLanguage\":\"en-US\",\"potentialAction\":[{\"@type\":\"ReadAction\",\"target\":[\"https:\/\/livegood.network\/shop\/fr-fr\/product\/factor4-advanced-inflammation-management-fr-fr\/\"]}]},{\"@type\":\"BreadcrumbList\",\"@id\":\"https:\/\/livegood.network\/shop\/fr-fr\/product\/factor4-advanced-inflammation-management-fr-fr\/#breadcrumb\",\"itemListElement\":[{\"@type\":\"ListItem\",\"position\":1,\"name\":\"Home\",\"item\":\"https:\/\/livegood.network\/shop\/pt-br\/\"},{\"@type\":\"ListItem\",\"position\":2,\"name\":\"Shop\",\"item\":\"https:\/\/livegood.network\/shop\/shop\/\"},{\"@type\":\"ListItem\",\"position\":3,\"name\":\"Factor4 &#8211; Gestion Avanc\u00e9e de l\u2019inflammation\"}]},{\"@type\":\"WebSite\",\"@id\":\"https:\/\/livegood.network\/shop\/#website\",\"url\":\"https:\/\/livegood.network\/shop\/\",\"name\":\"LiveGooD Shop\",\"description\":\"\",\"publisher\":{\"@id\":\"https:\/\/livegood.network\/shop\/#organization\"},\"potentialAction\":[{\"@type\":\"SearchAction\",\"target\":{\"@type\":\"EntryPoint\",\"urlTemplate\":\"https:\/\/livegood.network\/shop\/?s={search_term_string}\"},\"query-input\":\"required name=search_term_string\"}],\"inLanguage\":\"en-US\"},{\"@type\":\"Organization\",\"@id\":\"https:\/\/livegood.network\/shop\/#organization\",\"name\":\"LiveGooD\",\"url\":\"https:\/\/livegood.network\/shop\/\",\"logo\":{\"@type\":\"ImageObject\",\"inLanguage\":\"en-US\",\"@id\":\"https:\/\/livegood.network\/shop\/#\/schema\/logo\/image\/\",\"url\":\"https:\/\/livegood.network\/shop\/wp-content\/uploads\/2024\/01\/logo-livegood-shop-main.png\",\"contentUrl\":\"https:\/\/livegood.network\/shop\/wp-content\/uploads\/2024\/01\/logo-livegood-shop-main.png\",\"width\":373,\"height\":115,\"caption\":\"LiveGooD\"},\"image\":{\"@id\":\"https:\/\/livegood.network\/shop\/#\/schema\/logo\/image\/\"},\"sameAs\":[\"https:\/\/www.facebook.com\/livegoodhello\"]}]}<\/script>\n<!-- \/ Yoast SEO Premium plugin. -->","yoast_head_json":{"title":"Factor4 - Gestion Avanc\u00e9e de l\u2019inflammation - LiveGooD Shop","robots":{"index":"index","follow":"follow","max-snippet":"max-snippet:-1","max-image-preview":"max-image-preview:large","max-video-preview":"max-video-preview:-1"},"canonical":"https:\/\/livegood.network\/shop\/fr-fr\/product\/factor4-advanced-inflammation-management-fr-fr\/","og_locale":"en_US","og_type":"article","og_title":"Factor4 - Gestion Avanc\u00e9e de l\u2019inflammation","og_description":"Combat l'inflammation  Soutient la sant\u00e9 des articulations et des organes  Favorise la sant\u00e9 immunitaire  Favorise une circulation saine","og_url":"https:\/\/livegood.network\/shop\/fr-fr\/product\/factor4-advanced-inflammation-management-fr-fr\/","article_publisher":"https:\/\/www.facebook.com\/livegoodhello","article_modified_time":"2026-03-07T20:13:46+00:00","og_image":[{"width":2000,"height":2000,"url":"https:\/\/livegood.network\/shop\/wp-content\/uploads\/2024\/01\/factor-4-livegood.png","type":"image\/png"}],"twitter_card":"summary_large_image","twitter_misc":{"Est. reading time":"3 minutes"},"schema":{"@context":"https:\/\/schema.org","@graph":[{"@type":"WebPage","@id":"https:\/\/livegood.network\/shop\/fr-fr\/product\/factor4-advanced-inflammation-management-fr-fr\/","url":"https:\/\/livegood.network\/shop\/fr-fr\/product\/factor4-advanced-inflammation-management-fr-fr\/","name":"Factor4 - Gestion Avanc\u00e9e de l\u2019inflammation - LiveGooD Shop","isPartOf":{"@id":"https:\/\/livegood.network\/shop\/#website"},"datePublished":"2024-01-25T18:57:07+00:00","dateModified":"2026-03-07T20:13:46+00:00","breadcrumb":{"@id":"https:\/\/livegood.network\/shop\/fr-fr\/product\/factor4-advanced-inflammation-management-fr-fr\/#breadcrumb"},"inLanguage":"en-US","potentialAction":[{"@type":"ReadAction","target":["https:\/\/livegood.network\/shop\/fr-fr\/product\/factor4-advanced-inflammation-management-fr-fr\/"]}]},{"@type":"BreadcrumbList","@id":"https:\/\/livegood.network\/shop\/fr-fr\/product\/factor4-advanced-inflammation-management-fr-fr\/#breadcrumb","itemListElement":[{"@type":"ListItem","position":1,"name":"Home","item":"https:\/\/livegood.network\/shop\/pt-br\/"},{"@type":"ListItem","position":2,"name":"Shop","item":"https:\/\/livegood.network\/shop\/shop\/"},{"@type":"ListItem","position":3,"name":"Factor4 &#8211; Gestion Avanc\u00e9e de l\u2019inflammation"}]},{"@type":"WebSite","@id":"https:\/\/livegood.network\/shop\/#website","url":"https:\/\/livegood.network\/shop\/","name":"LiveGooD Shop","description":"","publisher":{"@id":"https:\/\/livegood.network\/shop\/#organization"},"potentialAction":[{"@type":"SearchAction","target":{"@type":"EntryPoint","urlTemplate":"https:\/\/livegood.network\/shop\/?s={search_term_string}"},"query-input":"required name=search_term_string"}],"inLanguage":"en-US"},{"@type":"Organization","@id":"https:\/\/livegood.network\/shop\/#organization","name":"LiveGooD","url":"https:\/\/livegood.network\/shop\/","logo":{"@type":"ImageObject","inLanguage":"en-US","@id":"https:\/\/livegood.network\/shop\/#\/schema\/logo\/image\/","url":"https:\/\/livegood.network\/shop\/wp-content\/uploads\/2024\/01\/logo-livegood-shop-main.png","contentUrl":"https:\/\/livegood.network\/shop\/wp-content\/uploads\/2024\/01\/logo-livegood-shop-main.png","width":373,"height":115,"caption":"LiveGooD"},"image":{"@id":"https:\/\/livegood.network\/shop\/#\/schema\/logo\/image\/"},"sameAs":["https:\/\/www.facebook.com\/livegoodhello"]}]}},"lang":"fr-fr","translations":{"fr-fr":1078,"ru-ru":1082,"ko":1083,"en-us":251,"es-es":1079,"pt-pt":1080,"vi":1081,"pt-br":1093},"pll_sync_post":[],"_links":{"self":[{"href":"https:\/\/livegood.network\/shop\/wp-json\/wp\/v2\/product\/1078","targetHints":{"allow":["GET"]}}],"collection":[{"href":"https:\/\/livegood.network\/shop\/wp-json\/wp\/v2\/product"}],"about":[{"href":"https:\/\/livegood.network\/shop\/wp-json\/wp\/v2\/types\/product"}],"replies":[{"embeddable":true,"href":"https:\/\/livegood.network\/shop\/wp-json\/wp\/v2\/comments?post=1078"}],"version-history":[{"count":1,"href":"https:\/\/livegood.network\/shop\/wp-json\/wp\/v2\/product\/1078\/revisions"}],"predecessor-version":[{"id":1700,"href":"https:\/\/livegood.network\/shop\/wp-json\/wp\/v2\/product\/1078\/revisions\/1700"}],"wp:featuredmedia":[{"embeddable":true,"href":"https:\/\/livegood.network\/shop\/wp-json\/wp\/v2\/media\/1091"}],"wp:attachment":[{"href":"https:\/\/livegood.network\/shop\/wp-json\/wp\/v2\/media?parent=1078"}],"wp:term":[{"taxonomy":"product_brand","embeddable":true,"href":"https:\/\/livegood.network\/shop\/wp-json\/wp\/v2\/product_brand?post=1078"},{"taxonomy":"product_cat","embeddable":true,"href":"https:\/\/livegood.network\/shop\/wp-json\/wp\/v2\/product_cat?post=1078"},{"taxonomy":"product_tag","embeddable":true,"href":"https:\/\/livegood.network\/shop\/wp-json\/wp\/v2\/product_tag?post=1078"}],"curies":[{"name":"wp","href":"https:\/\/api.w.org\/{rel}","templated":true}]}}