{"id":1079,"date":"2024-01-25T18:55:54","date_gmt":"2024-01-25T18:55:54","guid":{"rendered":"https:\/\/livegood.network\/shop\/?post_type=product&#038;p=1079"},"modified":"2026-03-07T20:13:46","modified_gmt":"2026-03-07T20:13:46","slug":"factor4-advanced-inflammation-management-es-es","status":"publish","type":"product","link":"https:\/\/livegood.network\/shop\/es-es\/product\/factor4-advanced-inflammation-management-es-es\/","title":{"rendered":"Factor4 &#8211; Manejo avanzado de la inflamaci\u00f3n"},"content":{"rendered":"<p><strong><span>Factor4 \u2013 Manejo avanzado de la inflamaci\u00f3n<\/span><\/strong><\/p>\n<p><em><span>\u00a1Las enfermedades inflamatorias cr\u00f3nicas son la principal causa de enfermedad y mortalidad a nivel mundial!<\/span><\/em><\/p>\n<p><span>De hecho, m\u00e1s del 50% de TODAS las muertes pueden estar relacionadas con enfermedades asociadas con la inflamaci\u00f3n, como enfermedades card\u00edacas, accidentes cerebrovasculares, c\u00e1ncer, diabetes, artritis, enfermedades renales y hep\u00e1ticas, y m\u00e1s.<\/span><\/p>\n<p><span>Elaborado con orgullo por uno de los inmun\u00f3logos m\u00e1s importantes del mundo, la Dra. Heather Volpp, Factor 4 de LiveGood surge como el suplemento inaugural para el control de la inflamaci\u00f3n dise\u00f1ado con cuatro de los ingredientes antiinflamatorios m\u00e1s potentes del mundo: aceite de pescado, c\u00farcuma, coenzima Q10 y ajo.\u00a0\u00a1Esta formulaci\u00f3n tiene como objetivo ayudarlo a MANEJAR y potencialmente REVERTIR la inflamaci\u00f3n!<\/span><\/p>\n<p><span>\u00abMuchos m\u00e9dicos y profesionales de la salud suelen recetar medicamentos para aliviar los s\u00edntomas, pero este enfoque no aborda la causa ra\u00edz de esos s\u00edntomas.\u00a0En lugar de fomentar la salud general, los medicamentos con frecuencia introducen nuevos desaf\u00edos de salud que antes no exist\u00edan.\u00a0Mi objetivo principal es ayudar a mis pacientes a lograr una curaci\u00f3n natural en lugar de depender de medicamentos.\u00a0Esto comienza con suplementos de alta calidad que controlan eficazmente la causa subyacente de muchos problemas de salud: la inflamaci\u00f3n.\u00a0El Factor 4 se desarroll\u00f3 porque no hab\u00eda un producto en el mercado que incluyera lo que considero las cuatro sustancias naturales antiinflamatorias m\u00e1s poderosas del mundo.\u00a0Hasta ahora, he estado recomendando tres suplementos diferentes a mis pacientes para lograr lo que ahora pueden obtener con Factor 4. Estoy muy orgulloso de este producto y me aseguro de que todos mis pacientes lo incorporen a su rutina diaria.\u00bb\u00a0\u2013 Dra. Heather Volpp<\/span><\/p>\n<p><span>Estas declaraciones no han sido evaluadas por la FDA.\u00a0Este producto no est\u00e1 destinado a diagnosticar, tratar, curar o prevenir ninguna enfermedad.<\/span><\/p>\n<p><span>Libre de crueldadCertificaci\u00f3n GMPSin OGMProbado por terceros<\/span><\/p>\n<p><strong><span>C\u00d3MO UTILIZAR:<\/span><\/strong><\/p>\n<p><span>Tome 1 c\u00e1psula blanda por v\u00eda oral dos veces al d\u00eda con alimentos y ajuste seg\u00fan la tolerancia.<\/span><\/p>\n<p><span>Una dosis de 2 c\u00e1psulas blandas al d\u00eda proporciona aproximadamente 1,2 gramos de EPA\/DHA, lo que ofrece beneficios en el control de la inflamaci\u00f3n.\u00a0Una dosis de 3 a 4 gramos de EPA\/DHA, equivalente a 6 a 8 c\u00e1psulas blandas por d\u00eda, proporciona beneficios para reducir los triglic\u00e9ridos.<\/span><\/p>\n<p><span>Como las c\u00e1psulas blandas contienen una mezcla de aceites, es fundamental tragarlas enteras y abstenerse de cortarlas o masticarlas.<\/span><\/p>\n<p><span>MEJOR tomado todos los d\u00edas.<\/span><\/p>\n<p><span>Consejo profesional: si siente un regusto a pescado o eructos, intente refrigerar las c\u00e1psulas blandas.<\/span><\/p>\n","protected":false},"excerpt":{"rendered":"<p><img decoding=\"async\" class=\"emoji\" role=\"img\" draggable=\"false\" src=\"https:\/\/s.w.org\/images\/core\/emoji\/14.0.0\/svg\/1f49a.svg\" alt=\"LiveGooD Love\" \/ > Combate la Inflamaci\u00f3n<br \/>\n<img decoding=\"async\" class=\"emoji\" role=\"img\" draggable=\"false\" src=\"https:\/\/s.w.org\/images\/core\/emoji\/14.0.0\/svg\/1f49a.svg\" alt=\"LiveGooD Love\" \/ > Apoya la salud de las articulaciones y los \u00f3rganos<br \/>\n<img decoding=\"async\" class=\"emoji\" role=\"img\" draggable=\"false\" src=\"https:\/\/s.w.org\/images\/core\/emoji\/14.0.0\/svg\/1f49a.svg\" alt=\"LiveGooD Love\" \/ > Promueve la salud inmune<br \/>\n<img decoding=\"async\" class=\"emoji\" role=\"img\" draggable=\"false\" src=\"https:\/\/s.w.org\/images\/core\/emoji\/14.0.0\/svg\/1f49a.svg\" alt=\"LiveGooD Love\" \/ > Promueve una circulaci\u00f3n saludable<\/p>\n","protected":false},"featured_media":1091,"comment_status":"open","ping_status":"closed","template":"","meta":[],"product_brand":[],"product_cat":[240],"product_tag":[],"class_list":{"0":"post-1079","1":"product","2":"type-product","3":"status-publish","4":"has-post-thumbnail","6":"product_cat-vitamin-es-es","8":"first","9":"instock","10":"sale","11":"shipping-taxable","12":"product-type-external"},"yoast_head":"<!-- This site is optimized with the Yoast SEO Premium plugin v20.6 (Yoast SEO v21.8.1) - https:\/\/yoast.com\/wordpress\/plugins\/seo\/ -->\n<title>Factor4 - Manejo avanzado de la inflamaci\u00f3n - LiveGooD Shop<\/title>\n<meta name=\"robots\" content=\"index, follow, max-snippet:-1, max-image-preview:large, max-video-preview:-1\" \/>\n<link rel=\"canonical\" href=\"https:\/\/livegood.network\/shop\/es-es\/product\/factor4-advanced-inflammation-management-es-es\/\" \/>\n<meta property=\"og:locale\" content=\"en_US\" \/>\n<meta property=\"og:type\" content=\"article\" \/>\n<meta property=\"og:title\" content=\"Factor4 - Manejo avanzado de la inflamaci\u00f3n\" \/>\n<meta property=\"og:description\" content=\"Combate la Inflamaci\u00f3n  Apoya la salud de las articulaciones y los \u00f3rganos  Promueve la salud inmune  Promueve una circulaci\u00f3n saludable\" \/>\n<meta property=\"og:url\" content=\"https:\/\/livegood.network\/shop\/es-es\/product\/factor4-advanced-inflammation-management-es-es\/\" \/>\n<meta property=\"article:publisher\" content=\"https:\/\/www.facebook.com\/livegoodhello\" \/>\n<meta property=\"article:modified_time\" content=\"2026-03-07T20:13:46+00:00\" \/>\n<meta property=\"og:image\" content=\"https:\/\/livegood.network\/shop\/wp-content\/uploads\/2024\/01\/factor-4-livegood.png\" \/>\n\t<meta property=\"og:image:width\" content=\"2000\" \/>\n\t<meta property=\"og:image:height\" content=\"2000\" \/>\n\t<meta property=\"og:image:type\" content=\"image\/png\" \/>\n<meta name=\"twitter:card\" content=\"summary_large_image\" \/>\n<meta name=\"twitter:label1\" content=\"Est. reading time\" \/>\n\t<meta name=\"twitter:data1\" content=\"2 minutes\" \/>\n<script type=\"application\/ld+json\" class=\"yoast-schema-graph\">{\"@context\":\"https:\/\/schema.org\",\"@graph\":[{\"@type\":\"WebPage\",\"@id\":\"https:\/\/livegood.network\/shop\/es-es\/product\/factor4-advanced-inflammation-management-es-es\/\",\"url\":\"https:\/\/livegood.network\/shop\/es-es\/product\/factor4-advanced-inflammation-management-es-es\/\",\"name\":\"Factor4 - Manejo avanzado de la inflamaci\u00f3n - LiveGooD Shop\",\"isPartOf\":{\"@id\":\"https:\/\/livegood.network\/shop\/#website\"},\"datePublished\":\"2024-01-25T18:55:54+00:00\",\"dateModified\":\"2026-03-07T20:13:46+00:00\",\"breadcrumb\":{\"@id\":\"https:\/\/livegood.network\/shop\/es-es\/product\/factor4-advanced-inflammation-management-es-es\/#breadcrumb\"},\"inLanguage\":\"en-US\",\"potentialAction\":[{\"@type\":\"ReadAction\",\"target\":[\"https:\/\/livegood.network\/shop\/es-es\/product\/factor4-advanced-inflammation-management-es-es\/\"]}]},{\"@type\":\"BreadcrumbList\",\"@id\":\"https:\/\/livegood.network\/shop\/es-es\/product\/factor4-advanced-inflammation-management-es-es\/#breadcrumb\",\"itemListElement\":[{\"@type\":\"ListItem\",\"position\":1,\"name\":\"Home\",\"item\":\"https:\/\/livegood.network\/shop\/pt-br\/\"},{\"@type\":\"ListItem\",\"position\":2,\"name\":\"Shop\",\"item\":\"https:\/\/livegood.network\/shop\/shop\/\"},{\"@type\":\"ListItem\",\"position\":3,\"name\":\"Factor4 &#8211; Manejo avanzado de la inflamaci\u00f3n\"}]},{\"@type\":\"WebSite\",\"@id\":\"https:\/\/livegood.network\/shop\/#website\",\"url\":\"https:\/\/livegood.network\/shop\/\",\"name\":\"LiveGooD Shop\",\"description\":\"\",\"publisher\":{\"@id\":\"https:\/\/livegood.network\/shop\/#organization\"},\"potentialAction\":[{\"@type\":\"SearchAction\",\"target\":{\"@type\":\"EntryPoint\",\"urlTemplate\":\"https:\/\/livegood.network\/shop\/?s={search_term_string}\"},\"query-input\":\"required name=search_term_string\"}],\"inLanguage\":\"en-US\"},{\"@type\":\"Organization\",\"@id\":\"https:\/\/livegood.network\/shop\/#organization\",\"name\":\"LiveGooD\",\"url\":\"https:\/\/livegood.network\/shop\/\",\"logo\":{\"@type\":\"ImageObject\",\"inLanguage\":\"en-US\",\"@id\":\"https:\/\/livegood.network\/shop\/#\/schema\/logo\/image\/\",\"url\":\"https:\/\/livegood.network\/shop\/wp-content\/uploads\/2024\/01\/logo-livegood-shop-main.png\",\"contentUrl\":\"https:\/\/livegood.network\/shop\/wp-content\/uploads\/2024\/01\/logo-livegood-shop-main.png\",\"width\":373,\"height\":115,\"caption\":\"LiveGooD\"},\"image\":{\"@id\":\"https:\/\/livegood.network\/shop\/#\/schema\/logo\/image\/\"},\"sameAs\":[\"https:\/\/www.facebook.com\/livegoodhello\"]}]}<\/script>\n<!-- \/ Yoast SEO Premium plugin. -->","yoast_head_json":{"title":"Factor4 - Manejo avanzado de la inflamaci\u00f3n - LiveGooD Shop","robots":{"index":"index","follow":"follow","max-snippet":"max-snippet:-1","max-image-preview":"max-image-preview:large","max-video-preview":"max-video-preview:-1"},"canonical":"https:\/\/livegood.network\/shop\/es-es\/product\/factor4-advanced-inflammation-management-es-es\/","og_locale":"en_US","og_type":"article","og_title":"Factor4 - Manejo avanzado de la inflamaci\u00f3n","og_description":"Combate la Inflamaci\u00f3n  Apoya la salud de las articulaciones y los \u00f3rganos  Promueve la salud inmune  Promueve una circulaci\u00f3n saludable","og_url":"https:\/\/livegood.network\/shop\/es-es\/product\/factor4-advanced-inflammation-management-es-es\/","article_publisher":"https:\/\/www.facebook.com\/livegoodhello","article_modified_time":"2026-03-07T20:13:46+00:00","og_image":[{"width":2000,"height":2000,"url":"https:\/\/livegood.network\/shop\/wp-content\/uploads\/2024\/01\/factor-4-livegood.png","type":"image\/png"}],"twitter_card":"summary_large_image","twitter_misc":{"Est. reading time":"2 minutes"},"schema":{"@context":"https:\/\/schema.org","@graph":[{"@type":"WebPage","@id":"https:\/\/livegood.network\/shop\/es-es\/product\/factor4-advanced-inflammation-management-es-es\/","url":"https:\/\/livegood.network\/shop\/es-es\/product\/factor4-advanced-inflammation-management-es-es\/","name":"Factor4 - Manejo avanzado de la inflamaci\u00f3n - LiveGooD Shop","isPartOf":{"@id":"https:\/\/livegood.network\/shop\/#website"},"datePublished":"2024-01-25T18:55:54+00:00","dateModified":"2026-03-07T20:13:46+00:00","breadcrumb":{"@id":"https:\/\/livegood.network\/shop\/es-es\/product\/factor4-advanced-inflammation-management-es-es\/#breadcrumb"},"inLanguage":"en-US","potentialAction":[{"@type":"ReadAction","target":["https:\/\/livegood.network\/shop\/es-es\/product\/factor4-advanced-inflammation-management-es-es\/"]}]},{"@type":"BreadcrumbList","@id":"https:\/\/livegood.network\/shop\/es-es\/product\/factor4-advanced-inflammation-management-es-es\/#breadcrumb","itemListElement":[{"@type":"ListItem","position":1,"name":"Home","item":"https:\/\/livegood.network\/shop\/pt-br\/"},{"@type":"ListItem","position":2,"name":"Shop","item":"https:\/\/livegood.network\/shop\/shop\/"},{"@type":"ListItem","position":3,"name":"Factor4 &#8211; Manejo avanzado de la inflamaci\u00f3n"}]},{"@type":"WebSite","@id":"https:\/\/livegood.network\/shop\/#website","url":"https:\/\/livegood.network\/shop\/","name":"LiveGooD Shop","description":"","publisher":{"@id":"https:\/\/livegood.network\/shop\/#organization"},"potentialAction":[{"@type":"SearchAction","target":{"@type":"EntryPoint","urlTemplate":"https:\/\/livegood.network\/shop\/?s={search_term_string}"},"query-input":"required name=search_term_string"}],"inLanguage":"en-US"},{"@type":"Organization","@id":"https:\/\/livegood.network\/shop\/#organization","name":"LiveGooD","url":"https:\/\/livegood.network\/shop\/","logo":{"@type":"ImageObject","inLanguage":"en-US","@id":"https:\/\/livegood.network\/shop\/#\/schema\/logo\/image\/","url":"https:\/\/livegood.network\/shop\/wp-content\/uploads\/2024\/01\/logo-livegood-shop-main.png","contentUrl":"https:\/\/livegood.network\/shop\/wp-content\/uploads\/2024\/01\/logo-livegood-shop-main.png","width":373,"height":115,"caption":"LiveGooD"},"image":{"@id":"https:\/\/livegood.network\/shop\/#\/schema\/logo\/image\/"},"sameAs":["https:\/\/www.facebook.com\/livegoodhello"]}]}},"lang":"es-es","translations":{"es-es":1079,"ru-ru":1082,"ko":1083,"en-us":251,"fr-fr":1078,"pt-pt":1080,"vi":1081,"pt-br":1093},"pll_sync_post":[],"_links":{"self":[{"href":"https:\/\/livegood.network\/shop\/wp-json\/wp\/v2\/product\/1079","targetHints":{"allow":["GET"]}}],"collection":[{"href":"https:\/\/livegood.network\/shop\/wp-json\/wp\/v2\/product"}],"about":[{"href":"https:\/\/livegood.network\/shop\/wp-json\/wp\/v2\/types\/product"}],"replies":[{"embeddable":true,"href":"https:\/\/livegood.network\/shop\/wp-json\/wp\/v2\/comments?post=1079"}],"version-history":[{"count":1,"href":"https:\/\/livegood.network\/shop\/wp-json\/wp\/v2\/product\/1079\/revisions"}],"predecessor-version":[{"id":1699,"href":"https:\/\/livegood.network\/shop\/wp-json\/wp\/v2\/product\/1079\/revisions\/1699"}],"wp:featuredmedia":[{"embeddable":true,"href":"https:\/\/livegood.network\/shop\/wp-json\/wp\/v2\/media\/1091"}],"wp:attachment":[{"href":"https:\/\/livegood.network\/shop\/wp-json\/wp\/v2\/media?parent=1079"}],"wp:term":[{"taxonomy":"product_brand","embeddable":true,"href":"https:\/\/livegood.network\/shop\/wp-json\/wp\/v2\/product_brand?post=1079"},{"taxonomy":"product_cat","embeddable":true,"href":"https:\/\/livegood.network\/shop\/wp-json\/wp\/v2\/product_cat?post=1079"},{"taxonomy":"product_tag","embeddable":true,"href":"https:\/\/livegood.network\/shop\/wp-json\/wp\/v2\/product_tag?post=1079"}],"curies":[{"name":"wp","href":"https:\/\/api.w.org\/{rel}","templated":true}]}}