{"id":1080,"date":"2024-01-25T18:53:44","date_gmt":"2024-01-25T18:53:44","guid":{"rendered":"https:\/\/livegood.network\/shop\/?post_type=product&#038;p=1080"},"modified":"2026-03-07T20:13:46","modified_gmt":"2026-03-07T20:13:46","slug":"factor4-advanced-inflammation-management-pt-pt","status":"publish","type":"product","link":"https:\/\/livegood.network\/shop\/pt-pt\/product\/factor4-advanced-inflammation-management-pt-pt\/","title":{"rendered":"Factor4 &#8211; Gest\u00e3o Avan\u00e7ada da Inflama\u00e7\u00e3o"},"content":{"rendered":"<p><strong><span>Factor4 \u2013 Gest\u00e3o Avan\u00e7ada da Inflama\u00e7\u00e3o<\/span><\/strong><\/p>\n<p><em><span>As Doen\u00e7as Inflamat\u00f3rias Cr\u00f4nicas s\u00e3o a principal causa de doen\u00e7as e mortalidade em todo o mundo!<\/span><\/em><\/p>\n<p><span>Na verdade, mais de 50% de TODAS as mortes podem estar ligadas a doen\u00e7as associadas \u00e0 inflama\u00e7\u00e3o, tais como doen\u00e7as card\u00edacas, acidente vascular cerebral, cancro, diabetes, artrite, doen\u00e7as renais e hep\u00e1ticas, e muito mais.<\/span><\/p>\n<p><span>Elaborado com orgulho por uma das principais imunologistas do mundo, Dra. Heather Volpp, o Fator 4 da LiveGood surge como o suplemento inaugural de gerenciamento de inflama\u00e7\u00e3o desenvolvido com quatro dos ingredientes antiinflamat\u00f3rios mais potentes do mundo: \u00f3leo de peixe, c\u00farcuma, coenzima Q10 e alho.\u00a0Esta formula\u00e7\u00e3o tem como objetivo ajud\u00e1-lo a GERENCIAR e potencialmente REVERTER a inflama\u00e7\u00e3o!<\/span><\/p>\n<p><span>\u201cMuitos m\u00e9dicos e profissionais de sa\u00fade prescrevem frequentemente medicamentos para aliviar os sintomas, mas esta abordagem n\u00e3o aborda a causa raiz desses sintomas.\u00a0Em vez de promover a sa\u00fade geral, os medicamentos introduzem frequentemente novos desafios de sa\u00fade que n\u00e3o existiam antes.\u00a0Meu objetivo principal \u00e9 ajudar meus pacientes na cura natural, em vez de depender de medicamentos.\u00a0Isto come\u00e7a com suplementos de alta qualidade que controlam eficazmente a causa subjacente de muitos problemas de sa\u00fade \u2013 a inflama\u00e7\u00e3o.\u00a0O Fator 4 foi desenvolvido porque n\u00e3o havia no mercado um produto que apresentasse o que considero as quatro subst\u00e2ncias naturais antiinflamat\u00f3rias mais poderosas do planeta.\u00a0At\u00e9 agora, tenho recomendado tr\u00eas suplementos diferentes aos meus pacientes para alcan\u00e7ar o que agora podem obter com o Fator 4. Tenho muito orgulho deste produto e garanto que todos os meus pacientes o incorporam na sua rotina di\u00e1ria.\u201d\u00a0\u2013 Dra.<\/span><\/p>\n<p><span>Estas declara\u00e7\u00f5es n\u00e3o foram avaliadas pelo FDA.\u00a0Este produto n\u00e3o se destina a diagnosticar, tratar, curar ou prevenir qualquer doen\u00e7a.<\/span><\/p>\n<p><span>Cruelty-FreeCertificado GMPN\u00e3o-GMTestado por terceiros<\/span><\/p>\n<p><strong><span>COMO USAR:<\/span><\/strong><\/p>\n<p><span>Tome 1 c\u00e1psula softgel por via oral duas vezes ao dia com alimentos e ajuste conforme tolerado.<\/span><\/p>\n<p><span>Uma dosagem de 2 c\u00e1psulas softgel por dia fornece aproximadamente 1,2 gramas de EPA\/DHA, oferecendo benef\u00edcios no controle da inflama\u00e7\u00e3o.\u00a0Uma dosagem de 3-4 gramas de EPA\/DHA, equivalente a 6-8 c\u00e1psulas moles por dia, proporciona benef\u00edcios na redu\u00e7\u00e3o dos triglicer\u00eddeos.<\/span><\/p>\n<p><span>Como as c\u00e1psulas moles cont\u00eam uma mistura de \u00f3leos, \u00e9 essencial engoli-las inteiras e evitar cortar ou mastigar.<\/span><\/p>\n<p><span>MELHOR tomado todos os dias.<\/span><\/p>\n<p><span>Dica profissional: se voc\u00ea sentir gosto de peixe ou arroto, tente refrigerar as c\u00e1psulas moles.<\/span><\/p>\n","protected":false},"excerpt":{"rendered":"<p><img decoding=\"async\" class=\"emoji\" role=\"img\" draggable=\"false\" src=\"https:\/\/s.w.org\/images\/core\/emoji\/14.0.0\/svg\/1f49a.svg\" alt=\"LiveGooD Love\" \/ > Combate a inflama\u00e7\u00e3o<br \/>\n<img decoding=\"async\" class=\"emoji\" role=\"img\" draggable=\"false\" src=\"https:\/\/s.w.org\/images\/core\/emoji\/14.0.0\/svg\/1f49a.svg\" alt=\"LiveGooD Love\" \/ > Apoia a sa\u00fade das articula\u00e7\u00f5es e dos \u00f3rg\u00e3os<br \/>\n<img decoding=\"async\" class=\"emoji\" role=\"img\" draggable=\"false\" src=\"https:\/\/s.w.org\/images\/core\/emoji\/14.0.0\/svg\/1f49a.svg\" alt=\"LiveGooD Love\" \/ > Promove a sa\u00fade imunol\u00f3gica<br \/>\n<img decoding=\"async\" class=\"emoji\" role=\"img\" draggable=\"false\" src=\"https:\/\/s.w.org\/images\/core\/emoji\/14.0.0\/svg\/1f49a.svg\" alt=\"LiveGooD Love\" \/ > Promove uma circula\u00e7\u00e3o saud\u00e1vel<\/p>\n","protected":false},"featured_media":1091,"comment_status":"open","ping_status":"closed","template":"","meta":[],"product_brand":[],"product_cat":[234],"product_tag":[],"class_list":{"0":"post-1080","1":"product","2":"type-product","3":"status-publish","4":"has-post-thumbnail","6":"product_cat-vitamin-pt-pt","8":"first","9":"instock","10":"sale","11":"shipping-taxable","12":"product-type-external"},"yoast_head":"<!-- This site is optimized with the Yoast SEO Premium plugin v20.6 (Yoast SEO v21.8.1) - https:\/\/yoast.com\/wordpress\/plugins\/seo\/ -->\n<title>Factor4 - Gest\u00e3o Avan\u00e7ada da Inflama\u00e7\u00e3o - LiveGooD Shop<\/title>\n<meta name=\"robots\" content=\"index, follow, max-snippet:-1, max-image-preview:large, max-video-preview:-1\" \/>\n<link rel=\"canonical\" href=\"https:\/\/livegood.network\/shop\/pt-pt\/product\/factor4-advanced-inflammation-management-pt-pt\/\" \/>\n<meta property=\"og:locale\" content=\"en_US\" \/>\n<meta property=\"og:type\" content=\"article\" \/>\n<meta property=\"og:title\" content=\"Factor4 - Gest\u00e3o Avan\u00e7ada da Inflama\u00e7\u00e3o\" \/>\n<meta property=\"og:description\" content=\"Combate a inflama\u00e7\u00e3o  Apoia a sa\u00fade das articula\u00e7\u00f5es e dos \u00f3rg\u00e3os  Promove a sa\u00fade imunol\u00f3gica  Promove uma circula\u00e7\u00e3o saud\u00e1vel\" \/>\n<meta property=\"og:url\" content=\"https:\/\/livegood.network\/shop\/pt-pt\/product\/factor4-advanced-inflammation-management-pt-pt\/\" \/>\n<meta property=\"article:publisher\" content=\"https:\/\/www.facebook.com\/livegoodhello\" \/>\n<meta property=\"article:modified_time\" content=\"2026-03-07T20:13:46+00:00\" \/>\n<meta property=\"og:image\" content=\"https:\/\/livegood.network\/shop\/wp-content\/uploads\/2024\/01\/factor-4-livegood.png\" \/>\n\t<meta property=\"og:image:width\" content=\"2000\" \/>\n\t<meta property=\"og:image:height\" content=\"2000\" \/>\n\t<meta property=\"og:image:type\" content=\"image\/png\" \/>\n<meta name=\"twitter:card\" content=\"summary_large_image\" \/>\n<meta name=\"twitter:label1\" content=\"Est. reading time\" \/>\n\t<meta name=\"twitter:data1\" content=\"2 minutes\" \/>\n<script type=\"application\/ld+json\" class=\"yoast-schema-graph\">{\"@context\":\"https:\/\/schema.org\",\"@graph\":[{\"@type\":\"WebPage\",\"@id\":\"https:\/\/livegood.network\/shop\/pt-pt\/product\/factor4-advanced-inflammation-management-pt-pt\/\",\"url\":\"https:\/\/livegood.network\/shop\/pt-pt\/product\/factor4-advanced-inflammation-management-pt-pt\/\",\"name\":\"Factor4 - Gest\u00e3o Avan\u00e7ada da Inflama\u00e7\u00e3o - LiveGooD Shop\",\"isPartOf\":{\"@id\":\"https:\/\/livegood.network\/shop\/#website\"},\"datePublished\":\"2024-01-25T18:53:44+00:00\",\"dateModified\":\"2026-03-07T20:13:46+00:00\",\"breadcrumb\":{\"@id\":\"https:\/\/livegood.network\/shop\/pt-pt\/product\/factor4-advanced-inflammation-management-pt-pt\/#breadcrumb\"},\"inLanguage\":\"en-US\",\"potentialAction\":[{\"@type\":\"ReadAction\",\"target\":[\"https:\/\/livegood.network\/shop\/pt-pt\/product\/factor4-advanced-inflammation-management-pt-pt\/\"]}]},{\"@type\":\"BreadcrumbList\",\"@id\":\"https:\/\/livegood.network\/shop\/pt-pt\/product\/factor4-advanced-inflammation-management-pt-pt\/#breadcrumb\",\"itemListElement\":[{\"@type\":\"ListItem\",\"position\":1,\"name\":\"Home\",\"item\":\"https:\/\/livegood.network\/shop\/pt-br\/\"},{\"@type\":\"ListItem\",\"position\":2,\"name\":\"Shop\",\"item\":\"https:\/\/livegood.network\/shop\/shop\/\"},{\"@type\":\"ListItem\",\"position\":3,\"name\":\"Factor4 &#8211; Gest\u00e3o Avan\u00e7ada da Inflama\u00e7\u00e3o\"}]},{\"@type\":\"WebSite\",\"@id\":\"https:\/\/livegood.network\/shop\/#website\",\"url\":\"https:\/\/livegood.network\/shop\/\",\"name\":\"LiveGooD Shop\",\"description\":\"\",\"publisher\":{\"@id\":\"https:\/\/livegood.network\/shop\/#organization\"},\"potentialAction\":[{\"@type\":\"SearchAction\",\"target\":{\"@type\":\"EntryPoint\",\"urlTemplate\":\"https:\/\/livegood.network\/shop\/?s={search_term_string}\"},\"query-input\":\"required name=search_term_string\"}],\"inLanguage\":\"en-US\"},{\"@type\":\"Organization\",\"@id\":\"https:\/\/livegood.network\/shop\/#organization\",\"name\":\"LiveGooD\",\"url\":\"https:\/\/livegood.network\/shop\/\",\"logo\":{\"@type\":\"ImageObject\",\"inLanguage\":\"en-US\",\"@id\":\"https:\/\/livegood.network\/shop\/#\/schema\/logo\/image\/\",\"url\":\"https:\/\/livegood.network\/shop\/wp-content\/uploads\/2024\/01\/logo-livegood-shop-main.png\",\"contentUrl\":\"https:\/\/livegood.network\/shop\/wp-content\/uploads\/2024\/01\/logo-livegood-shop-main.png\",\"width\":373,\"height\":115,\"caption\":\"LiveGooD\"},\"image\":{\"@id\":\"https:\/\/livegood.network\/shop\/#\/schema\/logo\/image\/\"},\"sameAs\":[\"https:\/\/www.facebook.com\/livegoodhello\"]}]}<\/script>\n<!-- \/ Yoast SEO Premium plugin. -->","yoast_head_json":{"title":"Factor4 - Gest\u00e3o Avan\u00e7ada da Inflama\u00e7\u00e3o - LiveGooD Shop","robots":{"index":"index","follow":"follow","max-snippet":"max-snippet:-1","max-image-preview":"max-image-preview:large","max-video-preview":"max-video-preview:-1"},"canonical":"https:\/\/livegood.network\/shop\/pt-pt\/product\/factor4-advanced-inflammation-management-pt-pt\/","og_locale":"en_US","og_type":"article","og_title":"Factor4 - Gest\u00e3o Avan\u00e7ada da Inflama\u00e7\u00e3o","og_description":"Combate a inflama\u00e7\u00e3o  Apoia a sa\u00fade das articula\u00e7\u00f5es e dos \u00f3rg\u00e3os  Promove a sa\u00fade imunol\u00f3gica  Promove uma circula\u00e7\u00e3o saud\u00e1vel","og_url":"https:\/\/livegood.network\/shop\/pt-pt\/product\/factor4-advanced-inflammation-management-pt-pt\/","article_publisher":"https:\/\/www.facebook.com\/livegoodhello","article_modified_time":"2026-03-07T20:13:46+00:00","og_image":[{"width":2000,"height":2000,"url":"https:\/\/livegood.network\/shop\/wp-content\/uploads\/2024\/01\/factor-4-livegood.png","type":"image\/png"}],"twitter_card":"summary_large_image","twitter_misc":{"Est. reading time":"2 minutes"},"schema":{"@context":"https:\/\/schema.org","@graph":[{"@type":"WebPage","@id":"https:\/\/livegood.network\/shop\/pt-pt\/product\/factor4-advanced-inflammation-management-pt-pt\/","url":"https:\/\/livegood.network\/shop\/pt-pt\/product\/factor4-advanced-inflammation-management-pt-pt\/","name":"Factor4 - Gest\u00e3o Avan\u00e7ada da Inflama\u00e7\u00e3o - LiveGooD Shop","isPartOf":{"@id":"https:\/\/livegood.network\/shop\/#website"},"datePublished":"2024-01-25T18:53:44+00:00","dateModified":"2026-03-07T20:13:46+00:00","breadcrumb":{"@id":"https:\/\/livegood.network\/shop\/pt-pt\/product\/factor4-advanced-inflammation-management-pt-pt\/#breadcrumb"},"inLanguage":"en-US","potentialAction":[{"@type":"ReadAction","target":["https:\/\/livegood.network\/shop\/pt-pt\/product\/factor4-advanced-inflammation-management-pt-pt\/"]}]},{"@type":"BreadcrumbList","@id":"https:\/\/livegood.network\/shop\/pt-pt\/product\/factor4-advanced-inflammation-management-pt-pt\/#breadcrumb","itemListElement":[{"@type":"ListItem","position":1,"name":"Home","item":"https:\/\/livegood.network\/shop\/pt-br\/"},{"@type":"ListItem","position":2,"name":"Shop","item":"https:\/\/livegood.network\/shop\/shop\/"},{"@type":"ListItem","position":3,"name":"Factor4 &#8211; Gest\u00e3o Avan\u00e7ada da Inflama\u00e7\u00e3o"}]},{"@type":"WebSite","@id":"https:\/\/livegood.network\/shop\/#website","url":"https:\/\/livegood.network\/shop\/","name":"LiveGooD Shop","description":"","publisher":{"@id":"https:\/\/livegood.network\/shop\/#organization"},"potentialAction":[{"@type":"SearchAction","target":{"@type":"EntryPoint","urlTemplate":"https:\/\/livegood.network\/shop\/?s={search_term_string}"},"query-input":"required name=search_term_string"}],"inLanguage":"en-US"},{"@type":"Organization","@id":"https:\/\/livegood.network\/shop\/#organization","name":"LiveGooD","url":"https:\/\/livegood.network\/shop\/","logo":{"@type":"ImageObject","inLanguage":"en-US","@id":"https:\/\/livegood.network\/shop\/#\/schema\/logo\/image\/","url":"https:\/\/livegood.network\/shop\/wp-content\/uploads\/2024\/01\/logo-livegood-shop-main.png","contentUrl":"https:\/\/livegood.network\/shop\/wp-content\/uploads\/2024\/01\/logo-livegood-shop-main.png","width":373,"height":115,"caption":"LiveGooD"},"image":{"@id":"https:\/\/livegood.network\/shop\/#\/schema\/logo\/image\/"},"sameAs":["https:\/\/www.facebook.com\/livegoodhello"]}]}},"lang":"pt-pt","translations":{"pt-pt":1080,"ru-ru":1082,"ko":1083,"en-us":251,"fr-fr":1078,"es-es":1079,"vi":1081,"pt-br":1093},"pll_sync_post":[],"_links":{"self":[{"href":"https:\/\/livegood.network\/shop\/wp-json\/wp\/v2\/product\/1080","targetHints":{"allow":["GET"]}}],"collection":[{"href":"https:\/\/livegood.network\/shop\/wp-json\/wp\/v2\/product"}],"about":[{"href":"https:\/\/livegood.network\/shop\/wp-json\/wp\/v2\/types\/product"}],"replies":[{"embeddable":true,"href":"https:\/\/livegood.network\/shop\/wp-json\/wp\/v2\/comments?post=1080"}],"version-history":[{"count":1,"href":"https:\/\/livegood.network\/shop\/wp-json\/wp\/v2\/product\/1080\/revisions"}],"predecessor-version":[{"id":1702,"href":"https:\/\/livegood.network\/shop\/wp-json\/wp\/v2\/product\/1080\/revisions\/1702"}],"wp:featuredmedia":[{"embeddable":true,"href":"https:\/\/livegood.network\/shop\/wp-json\/wp\/v2\/media\/1091"}],"wp:attachment":[{"href":"https:\/\/livegood.network\/shop\/wp-json\/wp\/v2\/media?parent=1080"}],"wp:term":[{"taxonomy":"product_brand","embeddable":true,"href":"https:\/\/livegood.network\/shop\/wp-json\/wp\/v2\/product_brand?post=1080"},{"taxonomy":"product_cat","embeddable":true,"href":"https:\/\/livegood.network\/shop\/wp-json\/wp\/v2\/product_cat?post=1080"},{"taxonomy":"product_tag","embeddable":true,"href":"https:\/\/livegood.network\/shop\/wp-json\/wp\/v2\/product_tag?post=1080"}],"curies":[{"name":"wp","href":"https:\/\/api.w.org\/{rel}","templated":true}]}}