{"id":1081,"date":"2024-01-25T18:52:20","date_gmt":"2024-01-25T18:52:20","guid":{"rendered":"https:\/\/livegood.network\/shop\/?post_type=product&#038;p=1081"},"modified":"2026-03-07T20:13:46","modified_gmt":"2026-03-07T20:13:46","slug":"factor4-quan-ly-tinh-trang-viem-nang-cao","status":"publish","type":"product","link":"https:\/\/livegood.network\/shop\/vi\/product\/factor4-quan-ly-tinh-trang-viem-nang-cao\/","title":{"rendered":"Factor4 &#8211; Qu\u1ea3n l\u00fd t\u00ecnh tr\u1ea1ng vi\u00eam n\u00e2ng cao"},"content":{"rendered":"<p><strong><span>Y\u1ebfu t\u1ed14 \u2013 Qu\u1ea3n l\u00fd t\u00ecnh tr\u1ea1ng vi\u00eam n\u00e2ng cao<\/span><\/strong><\/p>\n<p><em><span>B\u1ec7nh vi\u00eam m\u00e3n t\u00ednh \u0111\u01b0\u1ee3c coi l\u00e0 nguy\u00ean nh\u00e2n ch\u00ednh g\u00e2y b\u1ec7nh t\u1eadt v\u00e0 t\u1eed vong tr\u00ean to\u00e0n c\u1ea7u!<\/span><\/em><\/p>\n<p><span>Tr\u00ean th\u1ef1c t\u1ebf, h\u01a1n 50% T\u1ea4T C\u1ea2 c\u00e1c tr\u01b0\u1eddng h\u1ee3p t\u1eed vong c\u00f3 th\u1ec3 li\u00ean quan \u0111\u1ebfn c\u00e1c b\u1ec7nh li\u00ean quan \u0111\u1ebfn vi\u00eam, ch\u1eb3ng h\u1ea1n nh\u01b0 b\u1ec7nh tim, \u0111\u1ed9t qu\u1ef5, ung th\u01b0, ti\u1ec3u \u0111\u01b0\u1eddng, vi\u00eam kh\u1edbp, b\u1ec7nh th\u1eadn v\u00e0 gan, v.v.<\/span><\/p>\n<p><span>\u0110\u01b0\u1ee3c ch\u1ebf t\u1ea1o v\u1edbi ni\u1ec1m t\u1ef1 h\u00e0o c\u1ee7a m\u1ed9t trong nh\u1eefng nh\u00e0 mi\u1ec5n d\u1ecbch h\u1ecdc h\u00e0ng \u0111\u1ea7u th\u1ebf gi\u1edbi, Ti\u1ebfn s\u0129 Heather Volpp, Y\u1ebfu t\u1ed1 4 c\u1ee7a LiveGood n\u1ed5i l\u00ean nh\u01b0 m\u1ed9t ch\u1ea5t b\u1ed5 sung Qu\u1ea3n l\u00fd Vi\u00eam \u0111\u1ea7u ti\u00ean \u0111\u01b0\u1ee3c thi\u1ebft k\u1ebf v\u1edbi b\u1ed1n th\u00e0nh ph\u1ea7n ch\u1ed1ng vi\u00eam m\u1ea1nh nh\u1ea5t th\u1ebf gi\u1edbi: D\u1ea7u c\u00e1, Ngh\u1ec7, Coenzym Q10 v\u00e0 T\u1ecfi.\u00a0C\u00f4ng th\u1ee9c n\u00e0y nh\u1eb1m m\u1ee5c \u0111\u00edch gi\u00fap b\u1ea1n QU\u1ea2N L\u00dd v\u00e0 c\u00f3 kh\u1ea3 n\u0103ng \u0110\u1ea2O NG\u01af\u1ee2C t\u00ecnh tr\u1ea1ng vi\u00eam!<\/span><\/p>\n<p><span>\u201cNhi\u1ec1u b\u00e1c s\u0129 v\u00e0 chuy\u00ean gia ch\u0103m s\u00f3c s\u1ee9c kh\u1ecfe th\u01b0\u1eddng k\u00ea \u0111\u01a1n thu\u1ed1c \u0111\u1ec3 gi\u1ea3m b\u1edbt c\u00e1c tri\u1ec7u ch\u1ee9ng, nh\u01b0ng ph\u01b0\u01a1ng ph\u00e1p n\u00e0y kh\u00f4ng gi\u1ea3i quy\u1ebft \u0111\u01b0\u1ee3c nguy\u00ean nh\u00e2n g\u1ed1c r\u1ec5 c\u1ee7a nh\u1eefng tri\u1ec7u ch\u1ee9ng \u0111\u00f3.\u00a0Thay v\u00ec b\u1ed3i d\u01b0\u1ee1ng s\u1ee9c kh\u1ecfe t\u1ed5ng th\u1ec3, thu\u1ed1c th\u01b0\u1eddng g\u00e2y ra nh\u1eefng th\u00e1ch th\u1ee9c s\u1ee9c kh\u1ecfe m\u1edbi m\u00e0 tr\u01b0\u1edbc \u0111\u00e2y ch\u01b0a t\u1eebng t\u1ed3n t\u1ea1i.\u00a0M\u1ee5c ti\u00eau ch\u00ednh c\u1ee7a t\u00f4i l\u00e0 h\u1ed7 tr\u1ee3 b\u1ec7nh nh\u00e2n ch\u1eefa b\u1ec7nh m\u1ed9t c\u00e1ch t\u1ef1 nhi\u00ean thay v\u00ec d\u1ef1a v\u00e0o thu\u1ed1c.\u00a0\u0110i\u1ec1u n\u00e0y b\u1eaft \u0111\u1ea7u v\u1edbi c\u00e1c ch\u1ea5t b\u1ed5 sung ch\u1ea5t l\u01b0\u1ee3ng cao gi\u00fap qu\u1ea3n l\u00fd hi\u1ec7u qu\u1ea3 nguy\u00ean nh\u00e2n c\u01a1 b\u1ea3n c\u1ee7a nhi\u1ec1u v\u1ea5n \u0111\u1ec1 s\u1ee9c kh\u1ecfe \u2013 ch\u1ee9ng vi\u00eam.\u00a0Y\u1ebfu t\u1ed1 4 \u0111\u01b0\u1ee3c ph\u00e1t tri\u1ec3n v\u00ec tr\u00ean th\u1ecb tr\u01b0\u1eddng kh\u00f4ng c\u00f3 s\u1ea3n ph\u1ea9m n\u00e0o ch\u1ee9a b\u1ed1n ch\u1ea5t t\u1ef1 nhi\u00ean ch\u1ed1ng vi\u00eam m\u1ea1nh nh\u1ea5t tr\u00ean tr\u00e1i \u0111\u1ea5t.\u00a0Cho \u0111\u1ebfn nay, t\u00f4i \u0111\u00e3 gi\u1edbi thi\u1ec7u ba lo\u1ea1i th\u1ef1c ph\u1ea9m b\u1ed5 sung kh\u00e1c nhau cho b\u1ec7nh nh\u00e2n c\u1ee7a m\u00ecnh \u0111\u1ec3 \u0111\u1ea1t \u0111\u01b0\u1ee3c nh\u1eefng g\u00ec h\u1ecd c\u00f3 th\u1ec3 \u0111\u1ea1t \u0111\u01b0\u1ee3c v\u1edbi Y\u1ebfu t\u1ed1 4. T\u00f4i r\u1ea5t t\u1ef1 h\u00e0o v\u1ec1 s\u1ea3n ph\u1ea9m n\u00e0y v\u00e0 \u0111\u1ea3m b\u1ea3o r\u1eb1ng t\u1ea5t c\u1ea3 b\u1ec7nh nh\u00e2n c\u1ee7a t\u00f4i \u0111\u1ec1u k\u1ebft h\u1ee3p n\u00f3 v\u00e0o th\u00f3i quen h\u00e0ng ng\u00e0y c\u1ee7a h\u1ecd.\u201d\u00a0\u2013 Ti\u1ebfn s\u0129 Heather Volpp<\/span><\/p>\n<p><span>Nh\u1eefng tuy\u00ean b\u1ed1 n\u00e0y ch\u01b0a \u0111\u01b0\u1ee3c FDA \u0111\u00e1nh gi\u00e1.\u00a0S\u1ea3n ph\u1ea9m n\u00e0y kh\u00f4ng nh\u1eb1m m\u1ee5c \u0111\u00edch ch\u1ea9n \u0111o\u00e1n, \u0111i\u1ec1u tr\u1ecb, ch\u1eefa b\u1ec7nh ho\u1eb7c ng\u0103n ng\u1eeba b\u1ea5t k\u1ef3 b\u1ec7nh n\u00e0o.<\/span><\/p>\n<p><span>Kh\u00f4ng \u0111\u1ed9c h\u1ea1i-\u0110\u01b0\u1ee3c ch\u1ee9ng nh\u1eadnGMPKh\u00f4ng ph\u1ea3i c\u1ee7a b\u00ean th\u1ee9 ba \u0111\u00e3 \u0111\u01b0\u1ee3c th\u1eed nghi\u1ec7m<\/span><\/p>\n<p><strong><span>C\u00c1CH S\u1eec D\u1ee4NG:<\/span><\/strong><\/p>\n<p><span>U\u1ed1ng 1 vi\u00ean nang m\u1ec1m hai l\u1ea7n m\u1ed7i ng\u00e0y c\u00f9ng v\u1edbi th\u1ee9c \u0103n v\u00e0 \u0111i\u1ec1u ch\u1ec9nh theo m\u1ee9c \u0111\u1ed9 dung n\u1ea1p.<\/span><\/p>\n<p><span>Li\u1ec1u 2 vi\u00ean nang m\u1ec1m m\u1ed7i ng\u00e0y cung c\u1ea5p kho\u1ea3ng 1,2 gam EPA\/DHA, mang l\u1ea1i l\u1ee3i \u00edch trong vi\u1ec7c ki\u1ec3m so\u00e1t t\u00ecnh tr\u1ea1ng vi\u00eam.\u00a0Li\u1ec1u l\u01b0\u1ee3ng 3-4 gram EPA\/DHA, t\u01b0\u01a1ng \u0111\u01b0\u01a1ng v\u1edbi 6-8 vi\u00ean nang m\u1ec1m m\u1ed7i ng\u00e0y, mang l\u1ea1i l\u1ee3i \u00edch trong vi\u1ec7c gi\u1ea3m ch\u1ea5t b\u00e9o trung t\u00ednh.<\/span><\/p>\n<p><span>V\u00ec vi\u00ean nang m\u1ec1m c\u00f3 ch\u1ee9a h\u1ed7n h\u1ee3p d\u1ea7u n\u00ean c\u1ea7n ph\u1ea3i nu\u1ed1t c\u1ea3 vi\u00ean v\u00e0 kh\u00f4ng \u0111\u01b0\u1ee3c c\u1eaft ho\u1eb7c nhai.<\/span><\/p>\n<p><span>T\u1ed0T NH\u1ea4T \u0111\u01b0\u1ee3c th\u1ef1c hi\u1ec7n m\u1ed7i ng\u00e0y.<\/span><\/p>\n<p><span>M\u1eb9o chuy\u00ean nghi\u1ec7p: N\u1ebfu b\u1ea1n g\u1eb7p ph\u1ea3i d\u01b0 v\u1ecb tanh ho\u1eb7c \u1ee3 h\u01a1i, h\u00e3y th\u1eed \u0111\u1ec3 vi\u00ean nang m\u1ec1m v\u00e0o t\u1ee7 l\u1ea1nh.<\/span><\/p>\n","protected":false},"excerpt":{"rendered":"<p><img decoding=\"async\" class=\"emoji\" role=\"img\" draggable=\"false\" src=\"https:\/\/s.w.org\/images\/core\/emoji\/14.0.0\/svg\/1f49a.svg\" alt=\"LiveGooD Love\" \/ > Ch\u1ed1ng vi\u00eam<br \/>\n<img decoding=\"async\" class=\"emoji\" role=\"img\" draggable=\"false\" src=\"https:\/\/s.w.org\/images\/core\/emoji\/14.0.0\/svg\/1f49a.svg\" alt=\"LiveGooD Love\" \/ > H\u1ed7 tr\u1ee3 s\u1ee9c kh\u1ecfe kh\u1edbp v\u00e0 c\u01a1 quan<br \/>\n<img decoding=\"async\" class=\"emoji\" role=\"img\" draggable=\"false\" src=\"https:\/\/s.w.org\/images\/core\/emoji\/14.0.0\/svg\/1f49a.svg\" alt=\"LiveGooD Love\" \/ > T\u0103ng c\u01b0\u1eddng s\u1ee9c kh\u1ecfe mi\u1ec5n d\u1ecbch<br \/>\n<img decoding=\"async\" class=\"emoji\" role=\"img\" draggable=\"false\" src=\"https:\/\/s.w.org\/images\/core\/emoji\/14.0.0\/svg\/1f49a.svg\" alt=\"LiveGooD Love\" \/ > Th\u00fac \u0111\u1ea9y tu\u1ea7n ho\u00e0n kh\u1ecfe m\u1ea1nh<\/p>\n","protected":false},"featured_media":1091,"comment_status":"open","ping_status":"closed","template":"","meta":[],"product_brand":[],"product_cat":[232],"product_tag":[],"class_list":{"0":"post-1081","1":"product","2":"type-product","3":"status-publish","4":"has-post-thumbnail","6":"product_cat-vitamin-vi","8":"first","9":"instock","10":"sale","11":"shipping-taxable","12":"product-type-external"},"yoast_head":"<!-- This site is optimized with the Yoast SEO Premium plugin v20.6 (Yoast SEO v21.8.1) - https:\/\/yoast.com\/wordpress\/plugins\/seo\/ -->\n<title>Factor4 - Qu\u1ea3n l\u00fd t\u00ecnh tr\u1ea1ng vi\u00eam n\u00e2ng cao - LiveGooD Shop<\/title>\n<meta name=\"robots\" content=\"index, follow, max-snippet:-1, max-image-preview:large, max-video-preview:-1\" \/>\n<link rel=\"canonical\" href=\"https:\/\/livegood.network\/shop\/vi\/product\/factor4-quan-ly-tinh-trang-viem-nang-cao\/\" \/>\n<meta property=\"og:locale\" content=\"en_US\" \/>\n<meta property=\"og:type\" content=\"article\" \/>\n<meta property=\"og:title\" content=\"Factor4 - Qu\u1ea3n l\u00fd t\u00ecnh tr\u1ea1ng vi\u00eam n\u00e2ng cao\" \/>\n<meta property=\"og:description\" content=\"Ch\u1ed1ng vi\u00eam  H\u1ed7 tr\u1ee3 s\u1ee9c kh\u1ecfe kh\u1edbp v\u00e0 c\u01a1 quan  T\u0103ng c\u01b0\u1eddng s\u1ee9c kh\u1ecfe mi\u1ec5n d\u1ecbch  Th\u00fac \u0111\u1ea9y tu\u1ea7n ho\u00e0n kh\u1ecfe m\u1ea1nh\" \/>\n<meta property=\"og:url\" content=\"https:\/\/livegood.network\/shop\/vi\/product\/factor4-quan-ly-tinh-trang-viem-nang-cao\/\" \/>\n<meta property=\"article:publisher\" content=\"https:\/\/www.facebook.com\/livegoodhello\" \/>\n<meta property=\"article:modified_time\" content=\"2026-03-07T20:13:46+00:00\" \/>\n<meta property=\"og:image\" content=\"https:\/\/livegood.network\/shop\/wp-content\/uploads\/2024\/01\/factor-4-livegood.png\" \/>\n\t<meta property=\"og:image:width\" content=\"2000\" \/>\n\t<meta property=\"og:image:height\" content=\"2000\" \/>\n\t<meta property=\"og:image:type\" content=\"image\/png\" \/>\n<meta name=\"twitter:card\" content=\"summary_large_image\" \/>\n<meta name=\"twitter:label1\" content=\"Est. reading time\" \/>\n\t<meta name=\"twitter:data1\" content=\"3 minutes\" \/>\n<script type=\"application\/ld+json\" class=\"yoast-schema-graph\">{\"@context\":\"https:\/\/schema.org\",\"@graph\":[{\"@type\":\"WebPage\",\"@id\":\"https:\/\/livegood.network\/shop\/vi\/product\/factor4-quan-ly-tinh-trang-viem-nang-cao\/\",\"url\":\"https:\/\/livegood.network\/shop\/vi\/product\/factor4-quan-ly-tinh-trang-viem-nang-cao\/\",\"name\":\"Factor4 - Qu\u1ea3n l\u00fd t\u00ecnh tr\u1ea1ng vi\u00eam n\u00e2ng cao - LiveGooD Shop\",\"isPartOf\":{\"@id\":\"https:\/\/livegood.network\/shop\/#website\"},\"datePublished\":\"2024-01-25T18:52:20+00:00\",\"dateModified\":\"2026-03-07T20:13:46+00:00\",\"breadcrumb\":{\"@id\":\"https:\/\/livegood.network\/shop\/vi\/product\/factor4-quan-ly-tinh-trang-viem-nang-cao\/#breadcrumb\"},\"inLanguage\":\"en-US\",\"potentialAction\":[{\"@type\":\"ReadAction\",\"target\":[\"https:\/\/livegood.network\/shop\/vi\/product\/factor4-quan-ly-tinh-trang-viem-nang-cao\/\"]}]},{\"@type\":\"BreadcrumbList\",\"@id\":\"https:\/\/livegood.network\/shop\/vi\/product\/factor4-quan-ly-tinh-trang-viem-nang-cao\/#breadcrumb\",\"itemListElement\":[{\"@type\":\"ListItem\",\"position\":1,\"name\":\"Home\",\"item\":\"https:\/\/livegood.network\/shop\/pt-br\/\"},{\"@type\":\"ListItem\",\"position\":2,\"name\":\"Shop\",\"item\":\"https:\/\/livegood.network\/shop\/shop\/\"},{\"@type\":\"ListItem\",\"position\":3,\"name\":\"Factor4 &#8211; Qu\u1ea3n l\u00fd t\u00ecnh tr\u1ea1ng vi\u00eam n\u00e2ng cao\"}]},{\"@type\":\"WebSite\",\"@id\":\"https:\/\/livegood.network\/shop\/#website\",\"url\":\"https:\/\/livegood.network\/shop\/\",\"name\":\"LiveGooD Shop\",\"description\":\"\",\"publisher\":{\"@id\":\"https:\/\/livegood.network\/shop\/#organization\"},\"potentialAction\":[{\"@type\":\"SearchAction\",\"target\":{\"@type\":\"EntryPoint\",\"urlTemplate\":\"https:\/\/livegood.network\/shop\/?s={search_term_string}\"},\"query-input\":\"required name=search_term_string\"}],\"inLanguage\":\"en-US\"},{\"@type\":\"Organization\",\"@id\":\"https:\/\/livegood.network\/shop\/#organization\",\"name\":\"LiveGooD\",\"url\":\"https:\/\/livegood.network\/shop\/\",\"logo\":{\"@type\":\"ImageObject\",\"inLanguage\":\"en-US\",\"@id\":\"https:\/\/livegood.network\/shop\/#\/schema\/logo\/image\/\",\"url\":\"https:\/\/livegood.network\/shop\/wp-content\/uploads\/2024\/01\/logo-livegood-shop-main.png\",\"contentUrl\":\"https:\/\/livegood.network\/shop\/wp-content\/uploads\/2024\/01\/logo-livegood-shop-main.png\",\"width\":373,\"height\":115,\"caption\":\"LiveGooD\"},\"image\":{\"@id\":\"https:\/\/livegood.network\/shop\/#\/schema\/logo\/image\/\"},\"sameAs\":[\"https:\/\/www.facebook.com\/livegoodhello\"]}]}<\/script>\n<!-- \/ Yoast SEO Premium plugin. -->","yoast_head_json":{"title":"Factor4 - Qu\u1ea3n l\u00fd t\u00ecnh tr\u1ea1ng vi\u00eam n\u00e2ng cao - LiveGooD Shop","robots":{"index":"index","follow":"follow","max-snippet":"max-snippet:-1","max-image-preview":"max-image-preview:large","max-video-preview":"max-video-preview:-1"},"canonical":"https:\/\/livegood.network\/shop\/vi\/product\/factor4-quan-ly-tinh-trang-viem-nang-cao\/","og_locale":"en_US","og_type":"article","og_title":"Factor4 - Qu\u1ea3n l\u00fd t\u00ecnh tr\u1ea1ng vi\u00eam n\u00e2ng cao","og_description":"Ch\u1ed1ng vi\u00eam  H\u1ed7 tr\u1ee3 s\u1ee9c kh\u1ecfe kh\u1edbp v\u00e0 c\u01a1 quan  T\u0103ng c\u01b0\u1eddng s\u1ee9c kh\u1ecfe mi\u1ec5n d\u1ecbch  Th\u00fac \u0111\u1ea9y tu\u1ea7n ho\u00e0n kh\u1ecfe m\u1ea1nh","og_url":"https:\/\/livegood.network\/shop\/vi\/product\/factor4-quan-ly-tinh-trang-viem-nang-cao\/","article_publisher":"https:\/\/www.facebook.com\/livegoodhello","article_modified_time":"2026-03-07T20:13:46+00:00","og_image":[{"width":2000,"height":2000,"url":"https:\/\/livegood.network\/shop\/wp-content\/uploads\/2024\/01\/factor-4-livegood.png","type":"image\/png"}],"twitter_card":"summary_large_image","twitter_misc":{"Est. reading time":"3 minutes"},"schema":{"@context":"https:\/\/schema.org","@graph":[{"@type":"WebPage","@id":"https:\/\/livegood.network\/shop\/vi\/product\/factor4-quan-ly-tinh-trang-viem-nang-cao\/","url":"https:\/\/livegood.network\/shop\/vi\/product\/factor4-quan-ly-tinh-trang-viem-nang-cao\/","name":"Factor4 - Qu\u1ea3n l\u00fd t\u00ecnh tr\u1ea1ng vi\u00eam n\u00e2ng cao - LiveGooD Shop","isPartOf":{"@id":"https:\/\/livegood.network\/shop\/#website"},"datePublished":"2024-01-25T18:52:20+00:00","dateModified":"2026-03-07T20:13:46+00:00","breadcrumb":{"@id":"https:\/\/livegood.network\/shop\/vi\/product\/factor4-quan-ly-tinh-trang-viem-nang-cao\/#breadcrumb"},"inLanguage":"en-US","potentialAction":[{"@type":"ReadAction","target":["https:\/\/livegood.network\/shop\/vi\/product\/factor4-quan-ly-tinh-trang-viem-nang-cao\/"]}]},{"@type":"BreadcrumbList","@id":"https:\/\/livegood.network\/shop\/vi\/product\/factor4-quan-ly-tinh-trang-viem-nang-cao\/#breadcrumb","itemListElement":[{"@type":"ListItem","position":1,"name":"Home","item":"https:\/\/livegood.network\/shop\/pt-br\/"},{"@type":"ListItem","position":2,"name":"Shop","item":"https:\/\/livegood.network\/shop\/shop\/"},{"@type":"ListItem","position":3,"name":"Factor4 &#8211; Qu\u1ea3n l\u00fd t\u00ecnh tr\u1ea1ng vi\u00eam n\u00e2ng cao"}]},{"@type":"WebSite","@id":"https:\/\/livegood.network\/shop\/#website","url":"https:\/\/livegood.network\/shop\/","name":"LiveGooD Shop","description":"","publisher":{"@id":"https:\/\/livegood.network\/shop\/#organization"},"potentialAction":[{"@type":"SearchAction","target":{"@type":"EntryPoint","urlTemplate":"https:\/\/livegood.network\/shop\/?s={search_term_string}"},"query-input":"required name=search_term_string"}],"inLanguage":"en-US"},{"@type":"Organization","@id":"https:\/\/livegood.network\/shop\/#organization","name":"LiveGooD","url":"https:\/\/livegood.network\/shop\/","logo":{"@type":"ImageObject","inLanguage":"en-US","@id":"https:\/\/livegood.network\/shop\/#\/schema\/logo\/image\/","url":"https:\/\/livegood.network\/shop\/wp-content\/uploads\/2024\/01\/logo-livegood-shop-main.png","contentUrl":"https:\/\/livegood.network\/shop\/wp-content\/uploads\/2024\/01\/logo-livegood-shop-main.png","width":373,"height":115,"caption":"LiveGooD"},"image":{"@id":"https:\/\/livegood.network\/shop\/#\/schema\/logo\/image\/"},"sameAs":["https:\/\/www.facebook.com\/livegoodhello"]}]}},"lang":"vi","translations":{"vi":1081,"ru-ru":1082,"ko":1083,"en-us":251,"fr-fr":1078,"es-es":1079,"pt-pt":1080,"pt-br":1093},"pll_sync_post":[],"_links":{"self":[{"href":"https:\/\/livegood.network\/shop\/wp-json\/wp\/v2\/product\/1081","targetHints":{"allow":["GET"]}}],"collection":[{"href":"https:\/\/livegood.network\/shop\/wp-json\/wp\/v2\/product"}],"about":[{"href":"https:\/\/livegood.network\/shop\/wp-json\/wp\/v2\/types\/product"}],"replies":[{"embeddable":true,"href":"https:\/\/livegood.network\/shop\/wp-json\/wp\/v2\/comments?post=1081"}],"version-history":[{"count":1,"href":"https:\/\/livegood.network\/shop\/wp-json\/wp\/v2\/product\/1081\/revisions"}],"predecessor-version":[{"id":1703,"href":"https:\/\/livegood.network\/shop\/wp-json\/wp\/v2\/product\/1081\/revisions\/1703"}],"wp:featuredmedia":[{"embeddable":true,"href":"https:\/\/livegood.network\/shop\/wp-json\/wp\/v2\/media\/1091"}],"wp:attachment":[{"href":"https:\/\/livegood.network\/shop\/wp-json\/wp\/v2\/media?parent=1081"}],"wp:term":[{"taxonomy":"product_brand","embeddable":true,"href":"https:\/\/livegood.network\/shop\/wp-json\/wp\/v2\/product_brand?post=1081"},{"taxonomy":"product_cat","embeddable":true,"href":"https:\/\/livegood.network\/shop\/wp-json\/wp\/v2\/product_cat?post=1081"},{"taxonomy":"product_tag","embeddable":true,"href":"https:\/\/livegood.network\/shop\/wp-json\/wp\/v2\/product_tag?post=1081"}],"curies":[{"name":"wp","href":"https:\/\/api.w.org\/{rel}","templated":true}]}}