{"id":1096,"date":"2024-01-25T19:13:17","date_gmt":"2024-01-25T19:13:17","guid":{"rendered":"https:\/\/livegood.network\/shop\/?post_type=product&#038;p=1096"},"modified":"2024-02-02T13:12:44","modified_gmt":"2024-02-02T13:12:44","slug":"international-wellness-pack-es-es","status":"publish","type":"product","link":"https:\/\/livegood.network\/shop\/es-es\/product\/international-wellness-pack-es-es\/","title":{"rendered":"Paquete Bienestar Internacional"},"content":{"rendered":"<p><strong><span>Paquete Bienestar Internacional<\/span><\/strong><\/p>\n<p><span>Reciba un paquete de 6 de los productos m\u00e1s populares de LiveGood en un paquete completo, todo a un precio asequible con env\u00edo gratuito.<\/span><\/p>\n<p><span>En este pack se incluye una unidad de cada uno de los siguientes productos:<\/span><\/p>\n<p><span>\u2713 Multivitamina completa bioactiva: adecuada tanto para hombres como para mujeres<\/span><\/p>\n<p><span>\u2713 Vitamina D3-K2 2000<\/span><\/p>\n<p><span>\u2713 Complejo Ultra Magnesio<\/span><\/p>\n<p><span>\u2713 S\u00faper verdes org\u00e1nicos<\/span><\/p>\n<p><span>\u2713 S\u00faper Rojos Org\u00e1nicos<\/span><\/p>\n<p><span>\u2713 Factor 4 Antiinflamatorio<\/span><\/p>\n<p><span style=\"color: #008000;\"><strong>\u2713 ENV\u00cdO GRATIS<\/strong><\/span><\/p>\n<p><span>Tenga en cuenta: tiene la opci\u00f3n de solicitar el paquete de bienestar internacional por separado o junto con otros productos.\u00a0Si se pide solo, el env\u00edo del International Wellness Pack es gratuito.\u00a0Si se combina con otros productos, se aplicar\u00e1n cargos de env\u00edo est\u00e1ndar a los art\u00edculos adicionales.\u00a0Para los clientes ubicados fuera de los Estados Unidos, el International Wellness Pack se enviar\u00e1 desde nuestro almac\u00e9n internacional en Alemania, mientras que cualquier otro producto se enviar\u00e1 desde nuestra sede en Florida, EE. UU.<\/span><\/p>\n<hr \/>\n<p><strong><span>C\u00d3MO UTILIZAR:<\/span><\/strong><\/p>\n<p><strong><span>Multivitam\u00ednico completo bioactivo para HOMBRES y MUJERES<\/span><\/strong><\/p>\n<p><span>Tome 2 c\u00e1psulas por v\u00eda oral una vez al d\u00eda con las comidas.<\/span><\/p>\n<p><span>Es mejor tomarlo CON ALIMENTOS para una absorci\u00f3n \u00f3ptima, especialmente porque contiene vitaminas liposolubles A, E, licopeno y zeaxantina.\u00a0Las otras vitaminas liposolubles esenciales, D y K, se encuentran en nuestro LiveGood D3\/K2.<\/span><\/p>\n<p><span>Es mejor tomarlo por la ma\u00f1ana debido a la presencia de metilcobalamina (B-12 activo), que puede proporcionar un impulso de energ\u00eda y evitar posibles impactos negativos en el sue\u00f1o.<\/span><\/p>\n<p><span>Es mejor tomarlo TODOS LOS D\u00cdAS, ya que lleva tiempo establecer un equilibrio de estas importantes vitaminas y minerales en el cuerpo.<\/span><\/p>\n<p><strong><span>D3-K2 2000<\/span><\/strong><\/p>\n<p><span>Tome 1-2 c\u00e1psulas por v\u00eda oral al d\u00eda con las comidas.<\/span><\/p>\n<p><span>Es mejor tomarlo CON COMIDA por la MA\u00d1ANA.\u00a0Tanto la vitamina D como la K son liposolubles y se absorben mejor con los alimentos.\u00a0Se recomienda su ingesta matutina ya que impacta positivamente en el ciclo sue\u00f1o-vigilia y en la producci\u00f3n de melatonina, aline\u00e1ndose con nuestros h\u00e1bitos ancestrales de despertarse.<\/span><\/p>\n<p><span>Es mejor tomarlo todos los d\u00edas para mantener niveles sangu\u00edneos constantes.<\/span><\/p>\n<p><span>Consejo profesional: considere pedirle a su m\u00e9dico que agregue una prueba de nivel de vitamina D a su pr\u00f3ximo an\u00e1lisis de sangre.<\/span><\/p>\n<p><strong><span>Complejo de ultramagnesio<\/span><\/strong><\/p>\n<p><span>Tomar 2 c\u00e1psulas por v\u00eda oral al d\u00eda con o sin alimentos.<\/span><\/p>\n<p><span>Es mejor tomarlo separado de otros medicamentos y vitaminas por al menos 2 horas.\u00a0Dividir la dosis es una rutina preferida, con 1 c\u00e1psula por la tarde para abordar el estr\u00e9s del final del d\u00eda y la otra antes de acostarse para favorecer el ciclo del sue\u00f1o.\u00a0Alternativamente, ambas c\u00e1psulas se pueden tomar 30 minutos antes de acostarse.\u00a0Si se produce malestar estomacal, tomar con la comida en el almuerzo o la cena.<\/span><\/p>\n<p><span>Es mejor tomarlo TODOS LOS D\u00cdAS.<\/span><\/p>\n<p><strong><span>S\u00faper verdes org\u00e1nicos<\/span><\/strong><\/p>\n<p><span>Mezcle 1 cucharada en agua o un batido AL MENOS una vez al d\u00eda.<\/span><\/p>\n<p><span>Conseguir tus verduras diarias es crucial;\u00a0mezcle Organic Super Greens en su batido de prote\u00ednas o disfr\u00fatelo con agua con hielo.\u00a0Considere sustituirlo por bebidas menos saludables como refrescos o jugos.<\/span><\/p>\n<p><span>Consejo profesional: revuelva el contenido mientras lo consume, ya que puede asentarse si se deja.<\/span><\/p>\n<p><strong><span>S\u00faper Rojos Org\u00e1nicos<\/span><\/strong><\/p>\n<p><span>Mezcle 1 cucharada en agua o un batido AL MENOS una vez al d\u00eda.<\/span><\/p>\n<p><span>Disfrute de hasta 2 porciones de polvo rojo al d\u00eda por sus numerosos beneficios.\u00a0Los Super Reds org\u00e1nicos, que aumentan el \u00f3xido n\u00edtrico para aumentar la circulaci\u00f3n sangu\u00ednea, son un excelente estimulante antes del entrenamiento o por la tarde.\u00a0M\u00e9zclalo con el sabor LiveGood Essential Aminos Fruit Punch para obtener el m\u00e1ximo efecto o disfr\u00fatalo con agua con hielo como una alternativa m\u00e1s saludable al jugo o los refrescos.<\/span><\/p>\n<p><strong><span>Factor 4 Antiinflamatorio<\/span><\/strong><\/p>\n<p><span>Tome 1 c\u00e1psula blanda por v\u00eda oral dos veces al d\u00eda con las comidas, aumentando seg\u00fan la tolerancia.\u00a0La dosis recomendada de 2 c\u00e1psulas blandas al d\u00eda ofrece beneficios para controlar la inflamaci\u00f3n.\u00a0Una dosis m\u00e1s alta de 3 a 4 gramos de EPA\/DHA, equivalente a 6 a 8 c\u00e1psulas blandas por d\u00eda, proporciona beneficios adicionales para reducir los triglic\u00e9ridos.<\/span><\/p>\n<p><span>Las c\u00e1psulas blandas contienen una mezcla de aceites, as\u00ed que tr\u00e1guelas enteras y no las corte ni las mastique.\u00a0Es mejor tomarlo TODOS LOS D\u00cdAS.<\/span><\/p>\n<p><span>Consejo profesional: refrigere las c\u00e1psulas blandas si experimenta un regusto a pescado o eructos.<\/span><\/p>\n","protected":false},"excerpt":{"rendered":"<p><img decoding=\"async\" class=\"emoji\" role=\"img\" draggable=\"false\" src=\"https:\/\/s.w.org\/images\/core\/emoji\/14.0.0\/svg\/1f49a.svg\" alt=\"LiveGooD Heart\" \/> Multivitam\u00ednico Completo Bio-Activo Para Hombres o Mujeres<br \/>\n<img decoding=\"async\" class=\"emoji\" role=\"img\" draggable=\"false\" src=\"https:\/\/s.w.org\/images\/core\/emoji\/14.0.0\/svg\/1f49a.svg\" alt=\"LiveGooD Heart\" \/> D3-K2<br \/>\n<img decoding=\"async\" class=\"emoji\" role=\"img\" draggable=\"false\" src=\"https:\/\/s.w.org\/images\/core\/emoji\/14.0.0\/svg\/1f49a.svg\" alt=\"LiveGooD Heart\" \/> Complejo Ultra Magnesio<br \/>\n<img decoding=\"async\" class=\"emoji\" role=\"img\" draggable=\"false\" src=\"https:\/\/s.w.org\/images\/core\/emoji\/14.0.0\/svg\/1f49a.svg\" alt=\"LiveGooD Heart\" \/> S\u00faper Verdes Org\u00e1nicos<br \/>\n<img decoding=\"async\" class=\"emoji\" role=\"img\" draggable=\"false\" src=\"https:\/\/s.w.org\/images\/core\/emoji\/14.0.0\/svg\/1f49a.svg\" alt=\"LiveGooD Heart\" \/> S\u00faper Tintos Org\u00e1nicos<br \/>\n<img decoding=\"async\" class=\"emoji\" role=\"img\" draggable=\"false\" src=\"https:\/\/s.w.org\/images\/core\/emoji\/14.0.0\/svg\/1f49a.svg\" alt=\"LiveGooD Heart\" \/> Factor 4 Antiinflamatorio<br \/>\n<span style=\"color: #339966;\"><strong><img decoding=\"async\" class=\"emoji\" role=\"img\" draggable=\"false\" src=\"https:\/\/s.w.org\/images\/core\/emoji\/14.0.0\/svg\/1f49a.svg\" alt=\"LiveGooD Heart\" \/> Env\u00edo gratuito<\/strong><\/span><\/p>\n","protected":false},"featured_media":295,"comment_status":"open","ping_status":"closed","template":"","meta":[],"product_brand":[],"product_cat":[209,212,240],"product_tag":[],"class_list":{"0":"post-1096","1":"product","2":"type-product","3":"status-publish","4":"has-post-thumbnail","6":"product_cat-product-packages-es-es","7":"product_cat-supplements-es-es","8":"product_cat-vitamin-es-es","10":"first","11":"instock","12":"sale","13":"shipping-taxable","14":"product-type-external"},"yoast_head":"<!-- This site is optimized with the Yoast SEO Premium plugin v20.6 (Yoast SEO v21.8.1) - https:\/\/yoast.com\/wordpress\/plugins\/seo\/ -->\n<title>Paquete Bienestar Internacional - LiveGooD Shop<\/title>\n<meta name=\"robots\" content=\"index, follow, max-snippet:-1, max-image-preview:large, max-video-preview:-1\" \/>\n<link rel=\"canonical\" href=\"https:\/\/livegood.network\/shop\/es-es\/product\/international-wellness-pack-es-es\/\" \/>\n<meta property=\"og:locale\" content=\"en_US\" \/>\n<meta property=\"og:type\" content=\"article\" \/>\n<meta property=\"og:title\" content=\"Paquete Bienestar Internacional\" \/>\n<meta property=\"og:description\" content=\"Multivitam\u00ednico Completo Bio-Activo Para Hombres o Mujeres  D3-K2  Complejo Ultra Magnesio  S\u00faper Verdes Org\u00e1nicos  S\u00faper Tintos Org\u00e1nicos  Factor 4 Antiinflamatorio  Env\u00edo gratuito\" \/>\n<meta property=\"og:url\" content=\"https:\/\/livegood.network\/shop\/es-es\/product\/international-wellness-pack-es-es\/\" \/>\n<meta property=\"article:publisher\" content=\"https:\/\/www.facebook.com\/livegoodhello\" \/>\n<meta property=\"article:modified_time\" content=\"2024-02-02T13:12:44+00:00\" \/>\n<meta property=\"og:image\" content=\"https:\/\/livegood.network\/shop\/wp-content\/uploads\/2024\/01\/international-wellness-pack-tile-livegood.png\" \/>\n\t<meta property=\"og:image:width\" content=\"1000\" \/>\n\t<meta property=\"og:image:height\" content=\"600\" \/>\n\t<meta property=\"og:image:type\" content=\"image\/png\" \/>\n<meta name=\"twitter:card\" content=\"summary_large_image\" \/>\n<meta name=\"twitter:label1\" content=\"Est. reading time\" \/>\n\t<meta name=\"twitter:data1\" content=\"4 minutes\" \/>\n<script type=\"application\/ld+json\" class=\"yoast-schema-graph\">{\"@context\":\"https:\/\/schema.org\",\"@graph\":[{\"@type\":\"WebPage\",\"@id\":\"https:\/\/livegood.network\/shop\/es-es\/product\/international-wellness-pack-es-es\/\",\"url\":\"https:\/\/livegood.network\/shop\/es-es\/product\/international-wellness-pack-es-es\/\",\"name\":\"Paquete Bienestar Internacional - LiveGooD Shop\",\"isPartOf\":{\"@id\":\"https:\/\/livegood.network\/shop\/#website\"},\"datePublished\":\"2024-01-25T19:13:17+00:00\",\"dateModified\":\"2024-02-02T13:12:44+00:00\",\"breadcrumb\":{\"@id\":\"https:\/\/livegood.network\/shop\/es-es\/product\/international-wellness-pack-es-es\/#breadcrumb\"},\"inLanguage\":\"en-US\",\"potentialAction\":[{\"@type\":\"ReadAction\",\"target\":[\"https:\/\/livegood.network\/shop\/es-es\/product\/international-wellness-pack-es-es\/\"]}]},{\"@type\":\"BreadcrumbList\",\"@id\":\"https:\/\/livegood.network\/shop\/es-es\/product\/international-wellness-pack-es-es\/#breadcrumb\",\"itemListElement\":[{\"@type\":\"ListItem\",\"position\":1,\"name\":\"Home\",\"item\":\"https:\/\/livegood.network\/shop\/pt-br\/\"},{\"@type\":\"ListItem\",\"position\":2,\"name\":\"Shop\",\"item\":\"https:\/\/livegood.network\/shop\/shop\/\"},{\"@type\":\"ListItem\",\"position\":3,\"name\":\"Paquete Bienestar Internacional\"}]},{\"@type\":\"WebSite\",\"@id\":\"https:\/\/livegood.network\/shop\/#website\",\"url\":\"https:\/\/livegood.network\/shop\/\",\"name\":\"LiveGooD Shop\",\"description\":\"\",\"publisher\":{\"@id\":\"https:\/\/livegood.network\/shop\/#organization\"},\"potentialAction\":[{\"@type\":\"SearchAction\",\"target\":{\"@type\":\"EntryPoint\",\"urlTemplate\":\"https:\/\/livegood.network\/shop\/?s={search_term_string}\"},\"query-input\":\"required name=search_term_string\"}],\"inLanguage\":\"en-US\"},{\"@type\":\"Organization\",\"@id\":\"https:\/\/livegood.network\/shop\/#organization\",\"name\":\"LiveGooD\",\"url\":\"https:\/\/livegood.network\/shop\/\",\"logo\":{\"@type\":\"ImageObject\",\"inLanguage\":\"en-US\",\"@id\":\"https:\/\/livegood.network\/shop\/#\/schema\/logo\/image\/\",\"url\":\"https:\/\/livegood.network\/shop\/wp-content\/uploads\/2024\/01\/logo-livegood-shop-main.png\",\"contentUrl\":\"https:\/\/livegood.network\/shop\/wp-content\/uploads\/2024\/01\/logo-livegood-shop-main.png\",\"width\":373,\"height\":115,\"caption\":\"LiveGooD\"},\"image\":{\"@id\":\"https:\/\/livegood.network\/shop\/#\/schema\/logo\/image\/\"},\"sameAs\":[\"https:\/\/www.facebook.com\/livegoodhello\"]}]}<\/script>\n<!-- \/ Yoast SEO Premium plugin. -->","yoast_head_json":{"title":"Paquete Bienestar Internacional - LiveGooD Shop","robots":{"index":"index","follow":"follow","max-snippet":"max-snippet:-1","max-image-preview":"max-image-preview:large","max-video-preview":"max-video-preview:-1"},"canonical":"https:\/\/livegood.network\/shop\/es-es\/product\/international-wellness-pack-es-es\/","og_locale":"en_US","og_type":"article","og_title":"Paquete Bienestar Internacional","og_description":"Multivitam\u00ednico Completo Bio-Activo Para Hombres o Mujeres  D3-K2  Complejo Ultra Magnesio  S\u00faper Verdes Org\u00e1nicos  S\u00faper Tintos Org\u00e1nicos  Factor 4 Antiinflamatorio  Env\u00edo gratuito","og_url":"https:\/\/livegood.network\/shop\/es-es\/product\/international-wellness-pack-es-es\/","article_publisher":"https:\/\/www.facebook.com\/livegoodhello","article_modified_time":"2024-02-02T13:12:44+00:00","og_image":[{"width":1000,"height":600,"url":"https:\/\/livegood.network\/shop\/wp-content\/uploads\/2024\/01\/international-wellness-pack-tile-livegood.png","type":"image\/png"}],"twitter_card":"summary_large_image","twitter_misc":{"Est. reading time":"4 minutes"},"schema":{"@context":"https:\/\/schema.org","@graph":[{"@type":"WebPage","@id":"https:\/\/livegood.network\/shop\/es-es\/product\/international-wellness-pack-es-es\/","url":"https:\/\/livegood.network\/shop\/es-es\/product\/international-wellness-pack-es-es\/","name":"Paquete Bienestar Internacional - LiveGooD Shop","isPartOf":{"@id":"https:\/\/livegood.network\/shop\/#website"},"datePublished":"2024-01-25T19:13:17+00:00","dateModified":"2024-02-02T13:12:44+00:00","breadcrumb":{"@id":"https:\/\/livegood.network\/shop\/es-es\/product\/international-wellness-pack-es-es\/#breadcrumb"},"inLanguage":"en-US","potentialAction":[{"@type":"ReadAction","target":["https:\/\/livegood.network\/shop\/es-es\/product\/international-wellness-pack-es-es\/"]}]},{"@type":"BreadcrumbList","@id":"https:\/\/livegood.network\/shop\/es-es\/product\/international-wellness-pack-es-es\/#breadcrumb","itemListElement":[{"@type":"ListItem","position":1,"name":"Home","item":"https:\/\/livegood.network\/shop\/pt-br\/"},{"@type":"ListItem","position":2,"name":"Shop","item":"https:\/\/livegood.network\/shop\/shop\/"},{"@type":"ListItem","position":3,"name":"Paquete Bienestar Internacional"}]},{"@type":"WebSite","@id":"https:\/\/livegood.network\/shop\/#website","url":"https:\/\/livegood.network\/shop\/","name":"LiveGooD Shop","description":"","publisher":{"@id":"https:\/\/livegood.network\/shop\/#organization"},"potentialAction":[{"@type":"SearchAction","target":{"@type":"EntryPoint","urlTemplate":"https:\/\/livegood.network\/shop\/?s={search_term_string}"},"query-input":"required name=search_term_string"}],"inLanguage":"en-US"},{"@type":"Organization","@id":"https:\/\/livegood.network\/shop\/#organization","name":"LiveGooD","url":"https:\/\/livegood.network\/shop\/","logo":{"@type":"ImageObject","inLanguage":"en-US","@id":"https:\/\/livegood.network\/shop\/#\/schema\/logo\/image\/","url":"https:\/\/livegood.network\/shop\/wp-content\/uploads\/2024\/01\/logo-livegood-shop-main.png","contentUrl":"https:\/\/livegood.network\/shop\/wp-content\/uploads\/2024\/01\/logo-livegood-shop-main.png","width":373,"height":115,"caption":"LiveGooD"},"image":{"@id":"https:\/\/livegood.network\/shop\/#\/schema\/logo\/image\/"},"sameAs":["https:\/\/www.facebook.com\/livegoodhello"]}]}},"lang":"es-es","translations":{"es-es":1096,"pt-br":1107,"pt-pt":1097,"en-us":294,"fr-fr":1095,"vi":1098,"ru-ru":1099,"ko":1100},"pll_sync_post":[],"_links":{"self":[{"href":"https:\/\/livegood.network\/shop\/wp-json\/wp\/v2\/product\/1096","targetHints":{"allow":["GET"]}}],"collection":[{"href":"https:\/\/livegood.network\/shop\/wp-json\/wp\/v2\/product"}],"about":[{"href":"https:\/\/livegood.network\/shop\/wp-json\/wp\/v2\/types\/product"}],"replies":[{"embeddable":true,"href":"https:\/\/livegood.network\/shop\/wp-json\/wp\/v2\/comments?post=1096"}],"version-history":[{"count":1,"href":"https:\/\/livegood.network\/shop\/wp-json\/wp\/v2\/product\/1096\/revisions"}],"predecessor-version":[{"id":1519,"href":"https:\/\/livegood.network\/shop\/wp-json\/wp\/v2\/product\/1096\/revisions\/1519"}],"wp:featuredmedia":[{"embeddable":true,"href":"https:\/\/livegood.network\/shop\/wp-json\/wp\/v2\/media\/295"}],"wp:attachment":[{"href":"https:\/\/livegood.network\/shop\/wp-json\/wp\/v2\/media?parent=1096"}],"wp:term":[{"taxonomy":"product_brand","embeddable":true,"href":"https:\/\/livegood.network\/shop\/wp-json\/wp\/v2\/product_brand?post=1096"},{"taxonomy":"product_cat","embeddable":true,"href":"https:\/\/livegood.network\/shop\/wp-json\/wp\/v2\/product_cat?post=1096"},{"taxonomy":"product_tag","embeddable":true,"href":"https:\/\/livegood.network\/shop\/wp-json\/wp\/v2\/product_tag?post=1096"}],"curies":[{"name":"wp","href":"https:\/\/api.w.org\/{rel}","templated":true}]}}