{"id":1098,"date":"2024-01-25T19:37:15","date_gmt":"2024-01-25T19:37:15","guid":{"rendered":"https:\/\/livegood.network\/shop\/?post_type=product&#038;p=1098"},"modified":"2024-02-02T13:15:48","modified_gmt":"2024-02-02T13:15:48","slug":"international-wellness-pack-vi","status":"publish","type":"product","link":"https:\/\/livegood.network\/shop\/vi\/product\/international-wellness-pack-vi\/","title":{"rendered":"G\u00f3i ch\u0103m s\u00f3c s\u1ee9c kh\u1ecfe qu\u1ed1c t\u1ebf"},"content":{"rendered":"<p><strong>G\u00f3i ch\u0103m s\u00f3c s\u1ee9c kh\u1ecfe qu\u1ed1c t\u1ebf<\/strong><\/p>\n<p>Nh\u1eadn g\u00f3i g\u1ed3m 6 s\u1ea3n ph\u1ea9m ph\u1ed5 bi\u1ebfn nh\u1ea5t c\u1ee7a LiveGood trong m\u1ed9t g\u00f3i to\u00e0n di\u1ec7n, t\u1ea5t c\u1ea3 \u0111\u1ec1u c\u00f3 m\u1ee9c gi\u00e1 ph\u1ea3i ch\u0103ng v\u00e0 mi\u1ec5n ph\u00ed v\u1eadn chuy\u1ec3n.<\/p>\n<p>Bao g\u1ed3m trong g\u00f3i n\u00e0y l\u00e0 m\u1ed9t \u0111\u01a1n v\u1ecb c\u1ee7a m\u1ed7i s\u1ea3n ph\u1ea9m sau:<\/p>\n<p>\u2713 Bio-Active Complete Multi Vitamin \u2013 th\u00edch h\u1ee3p cho c\u1ea3 Nam v\u00e0 N\u1eef<\/p>\n<p>\u2713 Vitamin D3-K2 2000<\/p>\n<p>\u2713 Ph\u1ee9c h\u1ee3p si\u00eau magi\u00ea<\/p>\n<p>\u2713 Si\u00eau xanh h\u1eefu c\u01a1<\/p>\n<p>\u2713 Si\u00eau \u0111\u1ecf h\u1eefu c\u01a1<\/p>\n<p>\u2713 Factor 4 ch\u1ed1ng vi\u00eam<\/p>\n<p><span style=\"color: #339966;\"><strong>\u2713 MI\u1ec4N PH\u00cd V\u1eacN CHUY\u1ec2N<\/strong><\/span><\/p>\n<p>Xin l\u01b0u \u00fd: B\u1ea1n c\u00f3 th\u1ec3 l\u1ef1a ch\u1ecdn \u0111\u1eb7t mua G\u00f3i ch\u0103m s\u00f3c s\u1ee9c kh\u1ecfe qu\u1ed1c t\u1ebf ri\u00eang bi\u1ec7t ho\u1eb7c c\u00f9ng v\u1edbi c\u00e1c s\u1ea3n ph\u1ea9m kh\u00e1c.\u00a0N\u1ebfu \u0111\u1eb7t h\u00e0ng ri\u00eang, G\u00f3i Ch\u0103m s\u00f3c S\u1ee9c kh\u1ecfe Qu\u1ed1c t\u1ebf s\u1ebd \u0111\u01b0\u1ee3c mi\u1ec5n ph\u00ed v\u1eadn chuy\u1ec3n.\u00a0N\u1ebfu k\u1ebft h\u1ee3p v\u1edbi c\u00e1c s\u1ea3n ph\u1ea9m kh\u00e1c, ph\u00ed v\u1eadn chuy\u1ec3n ti\u00eau chu\u1ea9n s\u1ebd \u0111\u01b0\u1ee3c \u00e1p d\u1ee5ng cho c\u00e1c m\u1eb7t h\u00e0ng b\u1ed5 sung.\u00a0\u0110\u1ed1i v\u1edbi nh\u1eefng kh\u00e1ch h\u00e0ng \u1edf b\u00ean ngo\u00e0i Hoa K\u1ef3, G\u00f3i Ch\u0103m s\u00f3c S\u1ee9c kh\u1ecfe Qu\u1ed1c t\u1ebf s\u1ebd \u0111\u01b0\u1ee3c v\u1eadn chuy\u1ec3n t\u1eeb kho qu\u1ed1c t\u1ebf c\u1ee7a ch\u00fang t\u00f4i \u1edf \u0110\u1ee9c, trong khi m\u1ecdi s\u1ea3n ph\u1ea9m kh\u00e1c s\u1ebd \u0111\u01b0\u1ee3c v\u1eadn chuy\u1ec3n t\u1eeb tr\u1ee5 s\u1edf ch\u00ednh c\u1ee7a ch\u00fang t\u00f4i \u1edf Florida, Hoa K\u1ef3.<\/p>\n<hr \/>\n<p><strong>C\u00c1CH S\u1eec D\u1ee4NG:<\/strong><\/p>\n<p><strong>Bio-Active Complete Multi Vitamin d\u00e0nh cho NAM v\u00e0 N\u1eee<\/strong><\/p>\n<p>U\u1ed1ng 2 vi\u00ean m\u1ed7i ng\u00e0y m\u1ed9t l\u1ea7n v\u1edbi th\u1ee9c \u0103n.<\/p>\n<p>T\u1ed1t nh\u1ea5t n\u00ean d\u00f9ng V\u1edaI TH\u1ef0C PH\u1ea8M \u0111\u1ec3 h\u1ea5p th\u1ee5 t\u1ed1i \u01b0u, \u0111\u1eb7c bi\u1ec7t v\u00ec n\u00f3 c\u00f3 ch\u1ee9a c\u00e1c vitamin tan trong ch\u1ea5t b\u00e9o A, E, lycopene v\u00e0 zeaxanthin.\u00a0C\u00e1c vitamin tan trong ch\u1ea5t b\u00e9o thi\u1ebft y\u1ebfu kh\u00e1c, D v\u00e0 K, \u0111\u01b0\u1ee3c t\u00ecm th\u1ea5y trong LiveGood D3\/K2 c\u1ee7a ch\u00fang t\u00f4i.<\/p>\n<p>T\u1ed1t nh\u1ea5t n\u00ean u\u1ed1ng v\u00e0o bu\u1ed5i s\u00e1ng do c\u00f3 Methylcobalamin (ho\u1ea1t ch\u1ea5t B-12), c\u00f3 th\u1ec3 t\u0103ng c\u01b0\u1eddng n\u0103ng l\u01b0\u1ee3ng, tr\u00e1nh nh\u1eefng t\u00e1c \u0111\u1ed9ng ti\u00eau c\u1ef1c ti\u1ec1m \u1ea9n \u0111\u1ebfn gi\u1ea5c ng\u1ee7.<\/p>\n<p>T\u1ed1t nh\u1ea5t n\u00ean d\u00f9ng M\u1ed6I NG\u00c0Y, v\u00ec c\u1ea7n c\u00f3 th\u1eddi gian \u0111\u1ec3 thi\u1ebft l\u1eadp s\u1ef1 c\u00e2n b\u1eb1ng c\u1ee7a c\u00e1c vitamin v\u00e0 kho\u00e1ng ch\u1ea5t quan tr\u1ecdng n\u00e0y trong c\u01a1 th\u1ec3.<\/p>\n<p><strong>D3-K2 2000<\/strong><\/p>\n<p>U\u1ed1ng 1-2 vi\u00ean m\u1ed7i ng\u00e0y c\u00f9ng v\u1edbi th\u1ee9c \u0103n.<\/p>\n<p>T\u1ed1t nh\u1ea5t n\u00ean d\u00f9ng V\u1edaI TH\u1ee8C \u0102N v\u00e0o S\u00c1NG.\u00a0C\u1ea3 vitamin D v\u00e0 K \u0111\u1ec1u tan trong ch\u1ea5t b\u00e9o, h\u1ea5p th\u1ee5 t\u1ed1t h\u01a1n qua th\u1ee9c \u0103n.\u00a0N\u00ean \u0103n v\u00e0o bu\u1ed5i s\u00e1ng v\u00ec n\u00f3 t\u00e1c \u0111\u1ed9ng t\u00edch c\u1ef1c \u0111\u1ebfn chu k\u1ef3 \u0111\u00e1nh th\u1ee9c gi\u1ea5c ng\u1ee7 v\u00e0 s\u1ea3n xu\u1ea5t melatonin, ph\u00f9 h\u1ee3p v\u1edbi th\u00f3i quen th\u1ee9c d\u1eady c\u1ee7a t\u1ed5 ti\u00ean ch\u00fang ta.<\/p>\n<p>T\u1ed1t nh\u1ea5t n\u00ean d\u00f9ng h\u00e0ng ng\u00e0y \u0111\u1ec3 duy tr\u00ec n\u1ed3ng \u0111\u1ed9 trong m\u00e1u \u1ed5n \u0111\u1ecbnh.<\/p>\n<p>M\u1eb9o chuy\u00ean nghi\u1ec7p: H\u00e3y c\u00e2n nh\u1eafc y\u00eau c\u1ea7u b\u00e1c s\u0129 th\u00eam x\u00e9t nghi\u1ec7m m\u1ee9c Vitamin D v\u00e0o x\u00e9t nghi\u1ec7m m\u00e1u ti\u1ebfp theo c\u1ee7a b\u1ea1n.<\/p>\n<p><strong>Ph\u1ee9c h\u1ee3p si\u00eau magi\u00ea<\/strong><\/p>\n<p>U\u1ed1ng 2 vi\u00ean m\u1ed7i ng\u00e0y c\u00f3 ho\u1eb7c kh\u00f4ng c\u00f3 th\u1ee9c \u0103n.<\/p>\n<p>T\u1ed1t nh\u1ea5t n\u00ean u\u1ed1ng c\u00e1ch xa c\u00e1c lo\u1ea1i thu\u1ed1c v\u00e0 vitamin kh\u00e1c \u00edt nh\u1ea5t 2 gi\u1edd.\u00a0Chia li\u1ec1u l\u00e0 m\u1ed9t th\u00f3i quen \u0111\u01b0\u1ee3c \u01b0a chu\u1ed9ng, v\u1edbi 1 vi\u00ean v\u00e0o bu\u1ed5i chi\u1ec1u \u0111\u1ec3 gi\u1ea3i quy\u1ebft c\u0103ng th\u1eb3ng v\u00e0o cu\u1ed1i ng\u00e0y v\u00e0 vi\u00ean c\u00f2n l\u1ea1i tr\u01b0\u1edbc khi \u0111i ng\u1ee7 \u0111\u1ec3 h\u1ed7 tr\u1ee3 chu k\u1ef3 gi\u1ea5c ng\u1ee7.\u00a0Ngo\u00e0i ra, c\u1ea3 hai vi\u00ean nang c\u00f3 th\u1ec3 \u0111\u01b0\u1ee3c u\u1ed1ng 30 ph\u00fat tr\u01b0\u1edbc khi \u0111i ng\u1ee7.\u00a0N\u1ebfu \u0111au d\u1ea1 d\u00e0y x\u1ea3y ra, h\u00e3y d\u00f9ng c\u00f9ng v\u1edbi th\u1ee9c \u0103n v\u00e0o b\u1eefa tr\u01b0a ho\u1eb7c b\u1eefa t\u1ed1i.<\/p>\n<p>T\u1ed1t nh\u1ea5t n\u00ean d\u00f9ng M\u1ed6I NG\u00c0Y.<\/p>\n<p><strong>Si\u00eau xanh h\u1eefu c\u01a1<\/strong><\/p>\n<p>Tr\u1ed9n 1 mu\u1ed7ng v\u00e0o n\u01b0\u1edbc ho\u1eb7c sinh t\u1ed1 \u00cdT NH\u1ea4T m\u1ed9t l\u1ea7n m\u1ed7i ng\u00e0y.<\/p>\n<p>Nh\u1eadn \u0111\u01b0\u1ee3c rau xanh h\u00e0ng ng\u00e0y c\u1ee7a b\u1ea1n l\u00e0 r\u1ea5t quan tr\u1ecdng;\u00a0tr\u1ed9n Super Greens h\u1eefu c\u01a1 v\u00e0o sinh t\u1ed1 protein c\u1ee7a b\u1ea1n ho\u1eb7c th\u01b0\u1edfng th\u1ee9c v\u1edbi n\u01b0\u1edbc \u0111\u00e1.\u00a0H\u00e3y c\u00e2n nh\u1eafc thay th\u1ebf n\u00f3 b\u1eb1ng nh\u1eefng \u0111\u1ed3 u\u1ed1ng k\u00e9m l\u00e0nh m\u1ea1nh h\u01a1n nh\u01b0 soda ho\u1eb7c n\u01b0\u1edbc tr\u00e1i c\u00e2y.<\/p>\n<p>M\u1eb9o chuy\u00ean nghi\u1ec7p: Khu\u1ea5y n\u1ed9i dung trong khi ti\u00eau th\u1ee5 v\u00ec ch\u00fang c\u00f3 th\u1ec3 l\u1eafng xu\u1ed1ng n\u1ebfu c\u00f2n s\u00f3t l\u1ea1i.<\/p>\n<p><strong>Si\u00eau \u0111\u1ecf h\u1eefu c\u01a1<\/strong><\/p>\n<p>Tr\u1ed9n 1 mu\u1ed7ng v\u00e0o n\u01b0\u1edbc ho\u1eb7c sinh t\u1ed1 \u00cdT NH\u1ea4T m\u1ed9t l\u1ea7n m\u1ed7i ng\u00e0y.<\/p>\n<p>H\u00e3y th\u01b0\u1edfng th\u1ee9c t\u1ed1i \u0111a 2 ph\u1ea7n b\u1ed9t m\u00e0u \u0111\u1ecf m\u1ed7i ng\u00e0y v\u00ec nhi\u1ec1u l\u1ee3i \u00edch c\u1ee7a n\u00f3.\u00a0Super Reds h\u1eefu c\u01a1, t\u0103ng c\u01b0\u1eddng Nitric Oxide \u0111\u1ec3 t\u0103ng c\u01b0\u1eddng l\u01b0u th\u00f4ng m\u00e1u, t\u1ea1o n\u00ean m\u1ed9t s\u1ef1 kh\u1edfi \u0111\u1ea7u tuy\u1ec7t v\u1eddi tr\u01b0\u1edbc khi t\u1eadp luy\u1ec7n ho\u1eb7c bu\u1ed5i chi\u1ec1u.\u00a0Tr\u1ed9n v\u1edbi h\u01b0\u01a1ng v\u1ecb LiveGood Essential Aminos Fruit Punch \u0111\u1ec3 c\u00f3 m\u1ed9t s\u1ee9c b\u01a1m t\u1ed1i \u01b0u ho\u1eb7c th\u01b0\u1edfng th\u1ee9c n\u00f3 v\u1edbi n\u01b0\u1edbc \u0111\u00e1 nh\u01b0 m\u1ed9t s\u1ef1 thay th\u1ebf l\u00e0nh m\u1ea1nh h\u01a1n cho n\u01b0\u1edbc tr\u00e1i c\u00e2y ho\u1eb7c soda.<\/p>\n<p><strong>Y\u1ebfu t\u1ed1 4 ch\u1ed1ng vi\u00eam<\/strong><\/p>\n<p>U\u1ed1ng 1 vi\u00ean nang m\u1ec1m hai l\u1ea7n m\u1ed7i ng\u00e0y v\u1edbi th\u1ee9c \u0103n, t\u0103ng d\u1ea7n theo kh\u1ea3 n\u0103ng dung n\u1ea1p.\u00a0Li\u1ec1u khuy\u1ebfn c\u00e1o l\u00e0 2 vi\u00ean nang m\u1ec1m m\u1ed7i ng\u00e0y mang l\u1ea1i l\u1ee3i \u00edch trong vi\u1ec7c ki\u1ec3m so\u00e1t t\u00ecnh tr\u1ea1ng vi\u00eam.\u00a0Li\u1ec1u cao h\u01a1n 3-4 gram EPA\/DHA, t\u01b0\u01a1ng \u0111\u01b0\u01a1ng v\u1edbi 6-8 vi\u00ean nang m\u1ec1m m\u1ed7i ng\u00e0y, mang l\u1ea1i l\u1ee3i \u00edch b\u1ed5 sung trong vi\u1ec7c gi\u1ea3m ch\u1ea5t b\u00e9o trung t\u00ednh.<\/p>\n<p>Vi\u00ean nang m\u1ec1m ch\u1ee9a h\u1ed7n h\u1ee3p d\u1ea7u n\u00ean h\u00e3y nu\u1ed1t c\u1ea3 vi\u00ean v\u00e0 kh\u00f4ng c\u1eaft ho\u1eb7c nhai.\u00a0T\u1ed1t nh\u1ea5t n\u00ean d\u00f9ng M\u1ed6I NG\u00c0Y.<\/p>\n<p>M\u1eb9o chuy\u00ean nghi\u1ec7p: B\u1ea3o qu\u1ea3n vi\u00ean nang m\u1ec1m trong t\u1ee7 l\u1ea1nh n\u1ebfu b\u1ea1n c\u1ea3m th\u1ea5y d\u01b0 v\u1ecb tanh ho\u1eb7c \u1ee3 h\u01a1i.<\/p>\n","protected":false},"excerpt":{"rendered":"<p><img decoding=\"async\" class=\"emoji\" role=\"img\" draggable=\"false\" src=\"https:\/\/s.w.org\/images\/core\/emoji\/14.0.0\/svg\/1f49a.svg\" alt=\"LiveGooD Heart\" \/> Vitamin t\u1ed5ng h\u1ee3p Bio-Active d\u00e0nh cho nam v\u00e0 n\u1eef<br \/>\n<img decoding=\"async\" class=\"emoji\" role=\"img\" draggable=\"false\" src=\"https:\/\/s.w.org\/images\/core\/emoji\/14.0.0\/svg\/1f49a.svg\" alt=\"LiveGooD Heart\" \/> D3-K2<br \/>\n<img decoding=\"async\" class=\"emoji\" role=\"img\" draggable=\"false\" src=\"https:\/\/s.w.org\/images\/core\/emoji\/14.0.0\/svg\/1f49a.svg\" alt=\"LiveGooD Heart\" \/> Ph\u1ee9c h\u1ee3p si\u00eau magi\u00ea<br \/>\n<img decoding=\"async\" class=\"emoji\" role=\"img\" draggable=\"false\" src=\"https:\/\/s.w.org\/images\/core\/emoji\/14.0.0\/svg\/1f49a.svg\" alt=\"LiveGooD Heart\" \/> Si\u00eau xanh h\u1eefu c\u01a1<br \/>\n<img decoding=\"async\" class=\"emoji\" role=\"img\" draggable=\"false\" src=\"https:\/\/s.w.org\/images\/core\/emoji\/14.0.0\/svg\/1f49a.svg\" alt=\"LiveGooD Heart\" \/> Si\u00eau \u0111\u1ecf h\u1eefu c\u01a1<br \/>\n<img decoding=\"async\" class=\"emoji\" role=\"img\" draggable=\"false\" src=\"https:\/\/s.w.org\/images\/core\/emoji\/14.0.0\/svg\/1f49a.svg\" alt=\"LiveGooD Heart\" \/> Y\u1ebfu t\u1ed1 4 ch\u1ed1ng vi\u00eam<br \/>\n<span style=\"color: #339966;\"><strong><img decoding=\"async\" class=\"emoji\" role=\"img\" draggable=\"false\" src=\"https:\/\/s.w.org\/images\/core\/emoji\/14.0.0\/svg\/1f49a.svg\" alt=\"LiveGooD Heart\" \/> Giao h\u00e0ng mi\u1ec5n ph\u00ed<\/strong><\/span><\/p>\n","protected":false},"featured_media":295,"comment_status":"open","ping_status":"closed","template":"","meta":[],"product_brand":[],"product_cat":[201,219,232],"product_tag":[],"class_list":{"0":"post-1098","1":"product","2":"type-product","3":"status-publish","4":"has-post-thumbnail","6":"product_cat-product-packages-vi","7":"product_cat-supplements-vi","8":"product_cat-vitamin-vi","10":"first","11":"instock","12":"sale","13":"shipping-taxable","14":"product-type-external"},"yoast_head":"<!-- This site is optimized with the Yoast SEO Premium plugin v20.6 (Yoast SEO v21.8.1) - https:\/\/yoast.com\/wordpress\/plugins\/seo\/ -->\n<title>G\u00f3i ch\u0103m s\u00f3c s\u1ee9c kh\u1ecfe qu\u1ed1c t\u1ebf - LiveGooD Shop<\/title>\n<meta name=\"robots\" content=\"index, follow, max-snippet:-1, max-image-preview:large, max-video-preview:-1\" \/>\n<link rel=\"canonical\" href=\"https:\/\/livegood.network\/shop\/vi\/product\/international-wellness-pack-vi\/\" \/>\n<meta property=\"og:locale\" content=\"en_US\" \/>\n<meta property=\"og:type\" content=\"article\" \/>\n<meta property=\"og:title\" content=\"G\u00f3i ch\u0103m s\u00f3c s\u1ee9c kh\u1ecfe qu\u1ed1c t\u1ebf\" \/>\n<meta property=\"og:description\" content=\"Vitamin t\u1ed5ng h\u1ee3p Bio-Active d\u00e0nh cho nam v\u00e0 n\u1eef  D3-K2  Ph\u1ee9c h\u1ee3p si\u00eau magi\u00ea  Si\u00eau xanh h\u1eefu c\u01a1  Si\u00eau \u0111\u1ecf h\u1eefu c\u01a1  Y\u1ebfu t\u1ed1 4 ch\u1ed1ng vi\u00eam  Giao h\u00e0ng mi\u1ec5n ph\u00ed\" \/>\n<meta property=\"og:url\" content=\"https:\/\/livegood.network\/shop\/vi\/product\/international-wellness-pack-vi\/\" \/>\n<meta property=\"article:publisher\" content=\"https:\/\/www.facebook.com\/livegoodhello\" \/>\n<meta property=\"article:modified_time\" content=\"2024-02-02T13:15:48+00:00\" \/>\n<meta property=\"og:image\" content=\"https:\/\/livegood.network\/shop\/wp-content\/uploads\/2024\/01\/international-wellness-pack-tile-livegood.png\" \/>\n\t<meta property=\"og:image:width\" content=\"1000\" \/>\n\t<meta property=\"og:image:height\" content=\"600\" \/>\n\t<meta property=\"og:image:type\" content=\"image\/png\" \/>\n<meta name=\"twitter:card\" content=\"summary_large_image\" \/>\n<meta name=\"twitter:label1\" content=\"Est. reading time\" \/>\n\t<meta name=\"twitter:data1\" content=\"4 minutes\" \/>\n<script type=\"application\/ld+json\" class=\"yoast-schema-graph\">{\"@context\":\"https:\/\/schema.org\",\"@graph\":[{\"@type\":\"WebPage\",\"@id\":\"https:\/\/livegood.network\/shop\/vi\/product\/international-wellness-pack-vi\/\",\"url\":\"https:\/\/livegood.network\/shop\/vi\/product\/international-wellness-pack-vi\/\",\"name\":\"G\u00f3i ch\u0103m s\u00f3c s\u1ee9c kh\u1ecfe qu\u1ed1c t\u1ebf - LiveGooD Shop\",\"isPartOf\":{\"@id\":\"https:\/\/livegood.network\/shop\/#website\"},\"datePublished\":\"2024-01-25T19:37:15+00:00\",\"dateModified\":\"2024-02-02T13:15:48+00:00\",\"breadcrumb\":{\"@id\":\"https:\/\/livegood.network\/shop\/vi\/product\/international-wellness-pack-vi\/#breadcrumb\"},\"inLanguage\":\"en-US\",\"potentialAction\":[{\"@type\":\"ReadAction\",\"target\":[\"https:\/\/livegood.network\/shop\/vi\/product\/international-wellness-pack-vi\/\"]}]},{\"@type\":\"BreadcrumbList\",\"@id\":\"https:\/\/livegood.network\/shop\/vi\/product\/international-wellness-pack-vi\/#breadcrumb\",\"itemListElement\":[{\"@type\":\"ListItem\",\"position\":1,\"name\":\"Home\",\"item\":\"https:\/\/livegood.network\/shop\/pt-br\/\"},{\"@type\":\"ListItem\",\"position\":2,\"name\":\"Shop\",\"item\":\"https:\/\/livegood.network\/shop\/shop\/\"},{\"@type\":\"ListItem\",\"position\":3,\"name\":\"G\u00f3i ch\u0103m s\u00f3c s\u1ee9c kh\u1ecfe qu\u1ed1c t\u1ebf\"}]},{\"@type\":\"WebSite\",\"@id\":\"https:\/\/livegood.network\/shop\/#website\",\"url\":\"https:\/\/livegood.network\/shop\/\",\"name\":\"LiveGooD Shop\",\"description\":\"\",\"publisher\":{\"@id\":\"https:\/\/livegood.network\/shop\/#organization\"},\"potentialAction\":[{\"@type\":\"SearchAction\",\"target\":{\"@type\":\"EntryPoint\",\"urlTemplate\":\"https:\/\/livegood.network\/shop\/?s={search_term_string}\"},\"query-input\":\"required name=search_term_string\"}],\"inLanguage\":\"en-US\"},{\"@type\":\"Organization\",\"@id\":\"https:\/\/livegood.network\/shop\/#organization\",\"name\":\"LiveGooD\",\"url\":\"https:\/\/livegood.network\/shop\/\",\"logo\":{\"@type\":\"ImageObject\",\"inLanguage\":\"en-US\",\"@id\":\"https:\/\/livegood.network\/shop\/#\/schema\/logo\/image\/\",\"url\":\"https:\/\/livegood.network\/shop\/wp-content\/uploads\/2024\/01\/logo-livegood-shop-main.png\",\"contentUrl\":\"https:\/\/livegood.network\/shop\/wp-content\/uploads\/2024\/01\/logo-livegood-shop-main.png\",\"width\":373,\"height\":115,\"caption\":\"LiveGooD\"},\"image\":{\"@id\":\"https:\/\/livegood.network\/shop\/#\/schema\/logo\/image\/\"},\"sameAs\":[\"https:\/\/www.facebook.com\/livegoodhello\"]}]}<\/script>\n<!-- \/ Yoast SEO Premium plugin. -->","yoast_head_json":{"title":"G\u00f3i ch\u0103m s\u00f3c s\u1ee9c kh\u1ecfe qu\u1ed1c t\u1ebf - LiveGooD Shop","robots":{"index":"index","follow":"follow","max-snippet":"max-snippet:-1","max-image-preview":"max-image-preview:large","max-video-preview":"max-video-preview:-1"},"canonical":"https:\/\/livegood.network\/shop\/vi\/product\/international-wellness-pack-vi\/","og_locale":"en_US","og_type":"article","og_title":"G\u00f3i ch\u0103m s\u00f3c s\u1ee9c kh\u1ecfe qu\u1ed1c t\u1ebf","og_description":"Vitamin t\u1ed5ng h\u1ee3p Bio-Active d\u00e0nh cho nam v\u00e0 n\u1eef  D3-K2  Ph\u1ee9c h\u1ee3p si\u00eau magi\u00ea  Si\u00eau xanh h\u1eefu c\u01a1  Si\u00eau \u0111\u1ecf h\u1eefu c\u01a1  Y\u1ebfu t\u1ed1 4 ch\u1ed1ng vi\u00eam  Giao h\u00e0ng mi\u1ec5n ph\u00ed","og_url":"https:\/\/livegood.network\/shop\/vi\/product\/international-wellness-pack-vi\/","article_publisher":"https:\/\/www.facebook.com\/livegoodhello","article_modified_time":"2024-02-02T13:15:48+00:00","og_image":[{"width":1000,"height":600,"url":"https:\/\/livegood.network\/shop\/wp-content\/uploads\/2024\/01\/international-wellness-pack-tile-livegood.png","type":"image\/png"}],"twitter_card":"summary_large_image","twitter_misc":{"Est. reading time":"4 minutes"},"schema":{"@context":"https:\/\/schema.org","@graph":[{"@type":"WebPage","@id":"https:\/\/livegood.network\/shop\/vi\/product\/international-wellness-pack-vi\/","url":"https:\/\/livegood.network\/shop\/vi\/product\/international-wellness-pack-vi\/","name":"G\u00f3i ch\u0103m s\u00f3c s\u1ee9c kh\u1ecfe qu\u1ed1c t\u1ebf - LiveGooD Shop","isPartOf":{"@id":"https:\/\/livegood.network\/shop\/#website"},"datePublished":"2024-01-25T19:37:15+00:00","dateModified":"2024-02-02T13:15:48+00:00","breadcrumb":{"@id":"https:\/\/livegood.network\/shop\/vi\/product\/international-wellness-pack-vi\/#breadcrumb"},"inLanguage":"en-US","potentialAction":[{"@type":"ReadAction","target":["https:\/\/livegood.network\/shop\/vi\/product\/international-wellness-pack-vi\/"]}]},{"@type":"BreadcrumbList","@id":"https:\/\/livegood.network\/shop\/vi\/product\/international-wellness-pack-vi\/#breadcrumb","itemListElement":[{"@type":"ListItem","position":1,"name":"Home","item":"https:\/\/livegood.network\/shop\/pt-br\/"},{"@type":"ListItem","position":2,"name":"Shop","item":"https:\/\/livegood.network\/shop\/shop\/"},{"@type":"ListItem","position":3,"name":"G\u00f3i ch\u0103m s\u00f3c s\u1ee9c kh\u1ecfe qu\u1ed1c t\u1ebf"}]},{"@type":"WebSite","@id":"https:\/\/livegood.network\/shop\/#website","url":"https:\/\/livegood.network\/shop\/","name":"LiveGooD Shop","description":"","publisher":{"@id":"https:\/\/livegood.network\/shop\/#organization"},"potentialAction":[{"@type":"SearchAction","target":{"@type":"EntryPoint","urlTemplate":"https:\/\/livegood.network\/shop\/?s={search_term_string}"},"query-input":"required name=search_term_string"}],"inLanguage":"en-US"},{"@type":"Organization","@id":"https:\/\/livegood.network\/shop\/#organization","name":"LiveGooD","url":"https:\/\/livegood.network\/shop\/","logo":{"@type":"ImageObject","inLanguage":"en-US","@id":"https:\/\/livegood.network\/shop\/#\/schema\/logo\/image\/","url":"https:\/\/livegood.network\/shop\/wp-content\/uploads\/2024\/01\/logo-livegood-shop-main.png","contentUrl":"https:\/\/livegood.network\/shop\/wp-content\/uploads\/2024\/01\/logo-livegood-shop-main.png","width":373,"height":115,"caption":"LiveGooD"},"image":{"@id":"https:\/\/livegood.network\/shop\/#\/schema\/logo\/image\/"},"sameAs":["https:\/\/www.facebook.com\/livegoodhello"]}]}},"lang":"vi","translations":{"vi":1098,"pt-br":1107,"pt-pt":1097,"en-us":294,"fr-fr":1095,"es-es":1096,"ru-ru":1099,"ko":1100},"pll_sync_post":[],"_links":{"self":[{"href":"https:\/\/livegood.network\/shop\/wp-json\/wp\/v2\/product\/1098","targetHints":{"allow":["GET"]}}],"collection":[{"href":"https:\/\/livegood.network\/shop\/wp-json\/wp\/v2\/product"}],"about":[{"href":"https:\/\/livegood.network\/shop\/wp-json\/wp\/v2\/types\/product"}],"replies":[{"embeddable":true,"href":"https:\/\/livegood.network\/shop\/wp-json\/wp\/v2\/comments?post=1098"}],"version-history":[{"count":1,"href":"https:\/\/livegood.network\/shop\/wp-json\/wp\/v2\/product\/1098\/revisions"}],"predecessor-version":[{"id":1524,"href":"https:\/\/livegood.network\/shop\/wp-json\/wp\/v2\/product\/1098\/revisions\/1524"}],"wp:featuredmedia":[{"embeddable":true,"href":"https:\/\/livegood.network\/shop\/wp-json\/wp\/v2\/media\/295"}],"wp:attachment":[{"href":"https:\/\/livegood.network\/shop\/wp-json\/wp\/v2\/media?parent=1098"}],"wp:term":[{"taxonomy":"product_brand","embeddable":true,"href":"https:\/\/livegood.network\/shop\/wp-json\/wp\/v2\/product_brand?post=1098"},{"taxonomy":"product_cat","embeddable":true,"href":"https:\/\/livegood.network\/shop\/wp-json\/wp\/v2\/product_cat?post=1098"},{"taxonomy":"product_tag","embeddable":true,"href":"https:\/\/livegood.network\/shop\/wp-json\/wp\/v2\/product_tag?post=1098"}],"curies":[{"name":"wp","href":"https:\/\/api.w.org\/{rel}","templated":true}]}}