{"id":1107,"date":"2024-01-25T19:33:23","date_gmt":"2024-01-25T19:33:23","guid":{"rendered":"https:\/\/livegood.network\/shop\/?post_type=product&#038;p=1107"},"modified":"2024-02-02T13:14:25","modified_gmt":"2024-02-02T13:14:25","slug":"international-wellness-pack-pt-br","status":"publish","type":"product","link":"https:\/\/livegood.network\/shop\/pt-br\/product\/international-wellness-pack-pt-br\/","title":{"rendered":"Pacote Internacional de Bem-Estar"},"content":{"rendered":"<p><strong>Pacote Internacional de Bem-Estar<\/strong><\/p>\n<p>Receba um pacote de 6 dos produtos mais populares da LiveGood em um pacote abrangente, tudo a um pre\u00e7o acess\u00edvel com frete gr\u00e1tis.<\/p>\n<p>Inclu\u00eddo neste pacote est\u00e1 uma unidade de cada um dos seguintes produtos:<\/p>\n<p>\u2713 Multivitam\u00ednico Completo Bioativo \u2013 adequado para homens e mulheres<\/p>\n<p>\u2713 Vitamina D3-K2 2000<\/p>\n<p>\u2713 Complexo Ultra Magn\u00e9sio<\/p>\n<p>\u2713 Organic Super Greens<\/p>\n<p>\u2713 Organic Super Reds<\/p>\n<p>\u2713 Fator 4 Antiinflamat\u00f3rio<\/p>\n<p><span style=\"color: #008000;\"><strong>\u2713 FRETE GR\u00c1TIS<\/strong><\/span><\/p>\n<p>Observa\u00e7\u00e3o: voc\u00ea tem a op\u00e7\u00e3o de solicitar o Pacote Internacional de Bem-Estar separadamente ou junto com outros produtos.\u00a0Se encomendado sozinho, o envio do Pacote Internacional de Bem-Estar \u00e9 gratuito.\u00a0Se combinado com outros produtos, ser\u00e3o aplicadas taxas de envio padr\u00e3o aos itens adicionais.\u00a0Para clientes localizados fora dos Estados Unidos, o Pacote Internacional de Bem-Estar ser\u00e1 enviado do nosso armaz\u00e9m internacional na Alemanha, enquanto quaisquer outros produtos ser\u00e3o enviados da nossa sede na Fl\u00f3rida, EUA.<\/p>\n<hr \/>\n<p><strong>COMO USAR:<\/strong><\/p>\n<p><strong>Multivitam\u00ednico completo bioativo para homens e mulheres<\/strong><\/p>\n<p>Tome 2 c\u00e1psulas por via oral uma vez ao dia com alimentos.<\/p>\n<p>Melhor tomado COM ALIMENTOS para uma absor\u00e7\u00e3o ideal, especialmente porque cont\u00e9m vitaminas lipossol\u00faveis A, E, licopeno e zeaxantina.\u00a0As outras vitaminas lipossol\u00faveis essenciais, D e K, s\u00e3o encontradas em nosso LiveGood D3\/K2.<\/p>\n<p>Melhor tomar pela manh\u00e3 devido \u00e0 presen\u00e7a de Metilcobalamina (ativo B-12), que pode proporcionar um aumento de energia, evitando potenciais impactos negativos no sono.<\/p>\n<p>\u00c9 melhor tom\u00e1-lo TODOS OS DIAS, pois leva tempo para estabelecer o equil\u00edbrio dessas importantes vitaminas e minerais no corpo.<\/p>\n<p><strong>D3-K2 2000<\/strong><\/p>\n<p>Tome 1-2 c\u00e1psulas por via oral diariamente com alimentos.<\/p>\n<p>Melhor tomado COM ALIMENTOS pela MANH\u00c3.\u00a0Ambas as vitaminas D e K s\u00e3o sol\u00faveis em gordura, sendo melhor absorvidas com os alimentos.\u00a0A ingest\u00e3o matinal \u00e9 recomendada porque impacta positivamente o ciclo sono-vig\u00edlia e a produ\u00e7\u00e3o de melatonina, alinhando-se aos nossos h\u00e1bitos ancestrais de despertar.<\/p>\n<p>Melhor tomado todos os dias para manter n\u00edveis sangu\u00edneos consistentes.<\/p>\n<p>Dica profissional: considere solicitar ao seu m\u00e9dico que adicione um teste de n\u00edvel de vitamina D ao seu pr\u00f3ximo exame de sangue.<\/p>\n<p><strong>Complexo Ultra-Magn\u00e9sio<\/strong><\/p>\n<p>Tome 2 c\u00e1psulas por via oral diariamente com ou sem alimentos.<\/p>\n<p>Melhor tomado separado de outros medicamentos e vitaminas por pelo menos 2 horas.\u00a0Dividir a dose \u00e9 uma rotina preferida, com 1 c\u00e1psula \u00e0 tarde para lidar com o estresse do final do dia e outra antes de dormir para apoiar o ciclo do sono.\u00a0Alternativamente, ambas as c\u00e1psulas podem ser tomadas 30 minutos antes de dormir.\u00a0Se ocorrer dor de est\u00f4mago, tome com alimentos no almo\u00e7o ou jantar.<\/p>\n<p>Melhor tomado TODOS OS DIAS.<\/p>\n<p><strong>Super Verdes Org\u00e2nicos<\/strong><\/p>\n<p>Misture 1 medida em \u00e1gua ou em um smoothie PELO MENOS uma vez por dia.<\/p>\n<p>Conseguir as verduras di\u00e1rias \u00e9 crucial;\u00a0misture Organic Super Greens em seu smoothie de prote\u00edna ou saboreie-o com \u00e1gua com gelo.\u00a0Considere substitu\u00ed-lo por bebidas menos saud\u00e1veis, como refrigerantes ou sucos.<\/p>\n<p>Dica profissional: mexa o conte\u00fado enquanto consome, pois ele pode assentar se for deixado.<\/p>\n<p><strong>Super Tintos Org\u00e2nicos<\/strong><\/p>\n<p>Misture 1 medida em \u00e1gua ou em um smoothie PELO MENOS uma vez por dia.<\/p>\n<p>Desfrute de at\u00e9 2 por\u00e7\u00f5es de p\u00f3 vermelho por dia pelos seus in\u00fameros benef\u00edcios.\u00a0Os Super Reds Org\u00e2nicos, que aumentam o \u00f3xido n\u00edtrico para aumentar a circula\u00e7\u00e3o sangu\u00ednea, s\u00e3o um excelente pr\u00e9-treino ou estimulante da tarde.\u00a0Misture com o sabor LiveGood Essential Aminos Fruit Punch para obter uma bomba definitiva ou desfrute-o com \u00e1gua com gelo como uma alternativa mais saud\u00e1vel ao suco ou refrigerante.<\/p>\n<p><strong>Fator 4 Antiinflamat\u00f3rio<\/strong><\/p>\n<p>Tome 1 c\u00e1psula softgel por via oral duas vezes ao dia com alimentos, aumentando conforme tolerado.\u00a0A dose recomendada de 2 c\u00e1psulas por dia oferece benef\u00edcios no controle da inflama\u00e7\u00e3o.\u00a0Uma dose mais elevada de 3-4 gramas de EPA\/DHA, equivalente a 6-8 c\u00e1psulas moles por dia, proporciona benef\u00edcios adicionais na redu\u00e7\u00e3o dos triglic\u00e9ridos.<\/p>\n<p>As c\u00e1psulas moles cont\u00eam uma mistura de \u00f3leo, portanto engula inteiras e n\u00e3o corte ou mastigue.\u00a0Melhor tomado TODOS OS DIAS.<\/p>\n<p>Dica profissional: leve \u00e0 geladeira as c\u00e1psulas se sentir gosto de peixe ou arrotos.<\/p>\n","protected":false},"excerpt":{"rendered":"<p><img decoding=\"async\" class=\"emoji\" role=\"img\" draggable=\"false\" src=\"https:\/\/s.w.org\/images\/core\/emoji\/14.0.0\/svg\/1f49a.svg\" alt=\"LiveGooD Heart\" \/> Multivitam\u00ednico completo bioativo para homens ou mulheres<br \/>\n<img decoding=\"async\" class=\"emoji\" role=\"img\" draggable=\"false\" src=\"https:\/\/s.w.org\/images\/core\/emoji\/14.0.0\/svg\/1f49a.svg\" alt=\"LiveGooD Heart\" \/> D3-K2<br \/>\n<img decoding=\"async\" class=\"emoji\" role=\"img\" draggable=\"false\" src=\"https:\/\/s.w.org\/images\/core\/emoji\/14.0.0\/svg\/1f49a.svg\" alt=\"LiveGooD Heart\" \/> Complexo Ultra Magn\u00e9sio<br \/>\n<img decoding=\"async\" class=\"emoji\" role=\"img\" draggable=\"false\" src=\"https:\/\/s.w.org\/images\/core\/emoji\/14.0.0\/svg\/1f49a.svg\" alt=\"LiveGooD Heart\" \/> Super Verdes Org\u00e2nicos<br \/>\n<img decoding=\"async\" class=\"emoji\" role=\"img\" draggable=\"false\" src=\"https:\/\/s.w.org\/images\/core\/emoji\/14.0.0\/svg\/1f49a.svg\" alt=\"LiveGooD Heart\" \/> Super Tintos Org\u00e2nicos<br \/>\n<img decoding=\"async\" class=\"emoji\" role=\"img\" draggable=\"false\" src=\"https:\/\/s.w.org\/images\/core\/emoji\/14.0.0\/svg\/1f49a.svg\" alt=\"LiveGooD Heart\" \/> Fator 4 Antiinflamat\u00f3rio<br \/>\n<span style=\"color: #339966;\"><strong><img decoding=\"async\" class=\"emoji\" role=\"img\" draggable=\"false\" src=\"https:\/\/s.w.org\/images\/core\/emoji\/14.0.0\/svg\/1f49a.svg\" alt=\"LiveGooD Heart\" \/> Frete gr\u00e1tis<\/strong><\/span><\/p>\n","protected":false},"featured_media":295,"comment_status":"open","ping_status":"closed","template":"","meta":[],"product_brand":[],"product_cat":[205,221,236],"product_tag":[],"class_list":{"0":"post-1107","1":"product","2":"type-product","3":"status-publish","4":"has-post-thumbnail","6":"product_cat-product-packages-pt-br","7":"product_cat-supplements-pt-br","8":"product_cat-vitamin-pt-br","10":"first","11":"instock","12":"sale","13":"shipping-taxable","14":"product-type-external"},"yoast_head":"<!-- This site is optimized with the Yoast SEO Premium plugin v20.6 (Yoast SEO v21.8.1) - https:\/\/yoast.com\/wordpress\/plugins\/seo\/ -->\n<title>Pacote Internacional de Bem-Estar - LiveGooD Shop<\/title>\n<meta name=\"robots\" content=\"index, follow, max-snippet:-1, max-image-preview:large, max-video-preview:-1\" \/>\n<link rel=\"canonical\" href=\"https:\/\/livegood.network\/shop\/pt-br\/product\/international-wellness-pack-pt-br\/\" \/>\n<meta property=\"og:locale\" content=\"en_US\" \/>\n<meta property=\"og:type\" content=\"article\" \/>\n<meta property=\"og:title\" content=\"Pacote Internacional de Bem-Estar\" \/>\n<meta property=\"og:description\" content=\"Multivitam\u00ednico completo bioativo para homens ou mulheres  D3-K2  Complexo Ultra Magn\u00e9sio  Super Verdes Org\u00e2nicos  Super Tintos Org\u00e2nicos  Fator 4 Antiinflamat\u00f3rio  Frete gr\u00e1tis\" \/>\n<meta property=\"og:url\" content=\"https:\/\/livegood.network\/shop\/pt-br\/product\/international-wellness-pack-pt-br\/\" \/>\n<meta property=\"article:publisher\" content=\"https:\/\/www.facebook.com\/livegoodhello\" \/>\n<meta property=\"article:modified_time\" content=\"2024-02-02T13:14:25+00:00\" \/>\n<meta property=\"og:image\" content=\"https:\/\/livegood.network\/shop\/wp-content\/uploads\/2024\/01\/international-wellness-pack-tile-livegood.png\" \/>\n\t<meta property=\"og:image:width\" content=\"1000\" \/>\n\t<meta property=\"og:image:height\" content=\"600\" \/>\n\t<meta property=\"og:image:type\" content=\"image\/png\" \/>\n<meta name=\"twitter:card\" content=\"summary_large_image\" \/>\n<meta name=\"twitter:label1\" content=\"Est. reading time\" \/>\n\t<meta name=\"twitter:data1\" content=\"4 minutes\" \/>\n<script type=\"application\/ld+json\" class=\"yoast-schema-graph\">{\"@context\":\"https:\/\/schema.org\",\"@graph\":[{\"@type\":\"WebPage\",\"@id\":\"https:\/\/livegood.network\/shop\/pt-br\/product\/international-wellness-pack-pt-br\/\",\"url\":\"https:\/\/livegood.network\/shop\/pt-br\/product\/international-wellness-pack-pt-br\/\",\"name\":\"Pacote Internacional de Bem-Estar - LiveGooD Shop\",\"isPartOf\":{\"@id\":\"https:\/\/livegood.network\/shop\/#website\"},\"datePublished\":\"2024-01-25T19:33:23+00:00\",\"dateModified\":\"2024-02-02T13:14:25+00:00\",\"breadcrumb\":{\"@id\":\"https:\/\/livegood.network\/shop\/pt-br\/product\/international-wellness-pack-pt-br\/#breadcrumb\"},\"inLanguage\":\"en-US\",\"potentialAction\":[{\"@type\":\"ReadAction\",\"target\":[\"https:\/\/livegood.network\/shop\/pt-br\/product\/international-wellness-pack-pt-br\/\"]}]},{\"@type\":\"BreadcrumbList\",\"@id\":\"https:\/\/livegood.network\/shop\/pt-br\/product\/international-wellness-pack-pt-br\/#breadcrumb\",\"itemListElement\":[{\"@type\":\"ListItem\",\"position\":1,\"name\":\"Home\",\"item\":\"https:\/\/livegood.network\/shop\/pt-br\/\"},{\"@type\":\"ListItem\",\"position\":2,\"name\":\"Shop\",\"item\":\"https:\/\/livegood.network\/shop\/shop\/\"},{\"@type\":\"ListItem\",\"position\":3,\"name\":\"Pacote Internacional de Bem-Estar\"}]},{\"@type\":\"WebSite\",\"@id\":\"https:\/\/livegood.network\/shop\/#website\",\"url\":\"https:\/\/livegood.network\/shop\/\",\"name\":\"LiveGooD Shop\",\"description\":\"\",\"publisher\":{\"@id\":\"https:\/\/livegood.network\/shop\/#organization\"},\"potentialAction\":[{\"@type\":\"SearchAction\",\"target\":{\"@type\":\"EntryPoint\",\"urlTemplate\":\"https:\/\/livegood.network\/shop\/?s={search_term_string}\"},\"query-input\":\"required name=search_term_string\"}],\"inLanguage\":\"en-US\"},{\"@type\":\"Organization\",\"@id\":\"https:\/\/livegood.network\/shop\/#organization\",\"name\":\"LiveGooD\",\"url\":\"https:\/\/livegood.network\/shop\/\",\"logo\":{\"@type\":\"ImageObject\",\"inLanguage\":\"en-US\",\"@id\":\"https:\/\/livegood.network\/shop\/#\/schema\/logo\/image\/\",\"url\":\"https:\/\/livegood.network\/shop\/wp-content\/uploads\/2024\/01\/logo-livegood-shop-main.png\",\"contentUrl\":\"https:\/\/livegood.network\/shop\/wp-content\/uploads\/2024\/01\/logo-livegood-shop-main.png\",\"width\":373,\"height\":115,\"caption\":\"LiveGooD\"},\"image\":{\"@id\":\"https:\/\/livegood.network\/shop\/#\/schema\/logo\/image\/\"},\"sameAs\":[\"https:\/\/www.facebook.com\/livegoodhello\"]}]}<\/script>\n<!-- \/ Yoast SEO Premium plugin. -->","yoast_head_json":{"title":"Pacote Internacional de Bem-Estar - LiveGooD Shop","robots":{"index":"index","follow":"follow","max-snippet":"max-snippet:-1","max-image-preview":"max-image-preview:large","max-video-preview":"max-video-preview:-1"},"canonical":"https:\/\/livegood.network\/shop\/pt-br\/product\/international-wellness-pack-pt-br\/","og_locale":"en_US","og_type":"article","og_title":"Pacote Internacional de Bem-Estar","og_description":"Multivitam\u00ednico completo bioativo para homens ou mulheres  D3-K2  Complexo Ultra Magn\u00e9sio  Super Verdes Org\u00e2nicos  Super Tintos Org\u00e2nicos  Fator 4 Antiinflamat\u00f3rio  Frete gr\u00e1tis","og_url":"https:\/\/livegood.network\/shop\/pt-br\/product\/international-wellness-pack-pt-br\/","article_publisher":"https:\/\/www.facebook.com\/livegoodhello","article_modified_time":"2024-02-02T13:14:25+00:00","og_image":[{"width":1000,"height":600,"url":"https:\/\/livegood.network\/shop\/wp-content\/uploads\/2024\/01\/international-wellness-pack-tile-livegood.png","type":"image\/png"}],"twitter_card":"summary_large_image","twitter_misc":{"Est. reading time":"4 minutes"},"schema":{"@context":"https:\/\/schema.org","@graph":[{"@type":"WebPage","@id":"https:\/\/livegood.network\/shop\/pt-br\/product\/international-wellness-pack-pt-br\/","url":"https:\/\/livegood.network\/shop\/pt-br\/product\/international-wellness-pack-pt-br\/","name":"Pacote Internacional de Bem-Estar - LiveGooD Shop","isPartOf":{"@id":"https:\/\/livegood.network\/shop\/#website"},"datePublished":"2024-01-25T19:33:23+00:00","dateModified":"2024-02-02T13:14:25+00:00","breadcrumb":{"@id":"https:\/\/livegood.network\/shop\/pt-br\/product\/international-wellness-pack-pt-br\/#breadcrumb"},"inLanguage":"en-US","potentialAction":[{"@type":"ReadAction","target":["https:\/\/livegood.network\/shop\/pt-br\/product\/international-wellness-pack-pt-br\/"]}]},{"@type":"BreadcrumbList","@id":"https:\/\/livegood.network\/shop\/pt-br\/product\/international-wellness-pack-pt-br\/#breadcrumb","itemListElement":[{"@type":"ListItem","position":1,"name":"Home","item":"https:\/\/livegood.network\/shop\/pt-br\/"},{"@type":"ListItem","position":2,"name":"Shop","item":"https:\/\/livegood.network\/shop\/shop\/"},{"@type":"ListItem","position":3,"name":"Pacote Internacional de Bem-Estar"}]},{"@type":"WebSite","@id":"https:\/\/livegood.network\/shop\/#website","url":"https:\/\/livegood.network\/shop\/","name":"LiveGooD Shop","description":"","publisher":{"@id":"https:\/\/livegood.network\/shop\/#organization"},"potentialAction":[{"@type":"SearchAction","target":{"@type":"EntryPoint","urlTemplate":"https:\/\/livegood.network\/shop\/?s={search_term_string}"},"query-input":"required name=search_term_string"}],"inLanguage":"en-US"},{"@type":"Organization","@id":"https:\/\/livegood.network\/shop\/#organization","name":"LiveGooD","url":"https:\/\/livegood.network\/shop\/","logo":{"@type":"ImageObject","inLanguage":"en-US","@id":"https:\/\/livegood.network\/shop\/#\/schema\/logo\/image\/","url":"https:\/\/livegood.network\/shop\/wp-content\/uploads\/2024\/01\/logo-livegood-shop-main.png","contentUrl":"https:\/\/livegood.network\/shop\/wp-content\/uploads\/2024\/01\/logo-livegood-shop-main.png","width":373,"height":115,"caption":"LiveGooD"},"image":{"@id":"https:\/\/livegood.network\/shop\/#\/schema\/logo\/image\/"},"sameAs":["https:\/\/www.facebook.com\/livegoodhello"]}]}},"lang":"pt-br","translations":{"pt-br":1107,"pt-pt":1097,"en-us":294,"fr-fr":1095,"es-es":1096,"vi":1098,"ru-ru":1099,"ko":1100},"pll_sync_post":[],"_links":{"self":[{"href":"https:\/\/livegood.network\/shop\/wp-json\/wp\/v2\/product\/1107","targetHints":{"allow":["GET"]}}],"collection":[{"href":"https:\/\/livegood.network\/shop\/wp-json\/wp\/v2\/product"}],"about":[{"href":"https:\/\/livegood.network\/shop\/wp-json\/wp\/v2\/types\/product"}],"replies":[{"embeddable":true,"href":"https:\/\/livegood.network\/shop\/wp-json\/wp\/v2\/comments?post=1107"}],"version-history":[{"count":2,"href":"https:\/\/livegood.network\/shop\/wp-json\/wp\/v2\/product\/1107\/revisions"}],"predecessor-version":[{"id":1522,"href":"https:\/\/livegood.network\/shop\/wp-json\/wp\/v2\/product\/1107\/revisions\/1522"}],"wp:featuredmedia":[{"embeddable":true,"href":"https:\/\/livegood.network\/shop\/wp-json\/wp\/v2\/media\/295"}],"wp:attachment":[{"href":"https:\/\/livegood.network\/shop\/wp-json\/wp\/v2\/media?parent=1107"}],"wp:term":[{"taxonomy":"product_brand","embeddable":true,"href":"https:\/\/livegood.network\/shop\/wp-json\/wp\/v2\/product_brand?post=1107"},{"taxonomy":"product_cat","embeddable":true,"href":"https:\/\/livegood.network\/shop\/wp-json\/wp\/v2\/product_cat?post=1107"},{"taxonomy":"product_tag","embeddable":true,"href":"https:\/\/livegood.network\/shop\/wp-json\/wp\/v2\/product_tag?post=1107"}],"curies":[{"name":"wp","href":"https:\/\/api.w.org\/{rel}","templated":true}]}}