{"id":1112,"date":"2024-01-25T19:48:45","date_gmt":"2024-01-25T19:48:45","guid":{"rendered":"https:\/\/livegood.network\/shop\/?post_type=product&#038;p=1112"},"modified":"2024-02-02T12:52:14","modified_gmt":"2024-02-02T12:52:14","slug":"livegood-hats-vi","status":"publish","type":"product","link":"https:\/\/livegood.network\/shop\/vi\/product\/livegood-hats-vi\/","title":{"rendered":"LiveGood M\u0169"},"content":{"rendered":"<p><strong>M\u0169 t\u1ed5 ch\u1ee9c LiveGood \u2013 Th\u1ec3 hi\u1ec7n s\u1ef1 c\u1ed1ng hi\u1ebfn c\u1ee7a b\u1ea1n v\u1edbi phong c\u00e1ch!<\/strong><\/p>\n<p>Xin ch\u00e0o kh\u00e1ch h\u00e0ng!<\/p>\n<p><em>Ch\u00fang t\u00f4i r\u1ea5t vui m\u1eebng \u0111\u01b0\u1ee3c gi\u1edbi thi\u1ec7u s\u1ea3n ph\u1ea9m b\u1ed5 sung m\u1edbi nh\u1ea5t cho d\u00f2ng s\u1ea3n ph\u1ea9m LiveGood \u2013 Institutional Caps!\u00a0\u0110\u01b0\u1ee3c thi\u1ebft k\u1ebf d\u00e0nh cho nh\u1eefng t\u00edn \u0111\u1ed3 th\u1ef1c s\u1ef1 c\u1ee7a th\u01b0\u01a1ng hi\u1ec7u, nh\u1eefng chi\u1ebfc m\u0169 n\u00e0y kh\u00f4ng ch\u1ec9 l\u00e0 m\u1ed9t ph\u1ee5 ki\u1ec7n \u0111\u01a1n gi\u1ea3n.\u00a0Ch\u00fang l\u00e0 l\u1eddi tuy\u00ean b\u1ed1 v\u1ec1 s\u1ef1 t\u1eadn t\u00e2m v\u00e0 ng\u01b0\u1ee1ng m\u1ed9 c\u1ee7a b\u1ea1n \u0111\u1ed1i v\u1edbi tri\u1ebft l\u00fd LiveGood.<\/em><\/p>\n<p><strong>T\u1ea1i sao ch\u1ecdn M\u0169 th\u1ec3 ch\u1ebf LiveGood?<\/strong><\/p>\n<ol>\n<li><strong>S\u1ef1 c\u1ed1ng hi\u1ebfn to\u00e0n di\u1ec7n:<\/strong>\u00a0\u00a0T\u1eebng \u0111\u01b0\u1eddng kh\u00e2u, t\u1eebng chi ti\u1ebft c\u1ee7a m\u0169 \u0111\u1ec1u \u0111\u01b0\u1ee3c t\u1ea1o ra v\u1edbi m\u1ee5c \u0111\u00edch ph\u1ea3n \u00e1nh s\u1ef1 t\u1eadn t\u00e2m \u0111\u1ed1i v\u1edbi ch\u1ea5t l\u01b0\u1ee3ng cu\u1ed9c s\u1ed1ng v\u00e0 h\u1ea1nh ph\u00fac, nh\u1eefng tr\u1ee5 c\u1ed9t thi\u1ebft y\u1ebfu c\u1ee7a th\u01b0\u01a1ng hi\u1ec7u.<\/li>\n<li><strong>Phong c\u00e1ch v\u00f4 song:<\/strong>\u00a0\u00a0V\u1edbi thi\u1ebft k\u1ebf hi\u1ec7n \u0111\u1ea1i v\u00e0 logo LiveGood th\u00eau ch\u1ea5t l\u01b0\u1ee3ng cao, chi\u1ebfc m\u0169 l\u01b0\u1ee1i trai l\u00e0 s\u1ef1 th\u1ec3 hi\u1ec7n \u0111\u1ea7y phong c\u00e1ch v\u1ec1 cam k\u1ebft c\u1ee7a b\u1ea1n \u0111\u1ed1i v\u1edbi m\u1ed9t l\u1ed1i s\u1ed1ng l\u00e0nh m\u1ea1nh.<\/li>\n<li><strong>S\u1ef1 tho\u1ea3i m\u00e1i v\u00f4 song:<\/strong>\u00a0\u00a0\u0110\u01b0\u1ee3c l\u00e0m b\u1eb1ng v\u1eadt li\u1ec7u cao c\u1ea5p, m\u0169 mang l\u1ea1i c\u1ea3m gi\u00e1c tho\u1ea3i m\u00e1i v\u00e0 tho\u00e1ng kh\u00ed, ho\u00e0n h\u1ea3o cho th\u1eddi gian gi\u1ea3i tr\u00ed, th\u1ec3 thao ho\u1eb7c th\u1eadm ch\u00ed trong th\u00f3i quen h\u00e0ng ng\u00e0y c\u1ee7a b\u1ea1n.<\/li>\n<\/ol>\n<p><strong>Chi\u1ebfc m\u0169 c\u1ee7a b\u1ea1n n\u00f3i g\u00ec v\u1ec1 b\u1ea1n?<\/strong><\/p>\n<p>Khi ch\u1ecdn M\u0169 th\u1ec3 ch\u1ebf LiveGood, b\u1ea1n kh\u00f4ng ch\u1ec9 mua m\u1ed9t ph\u1ee5 ki\u1ec7n.\u00a0B\u1ea1n \u0111ang \u0111\u01b0a ra m\u1ed9t tuy\u00ean b\u1ed1 t\u00e1o b\u1ea1o \u2013 tuy\u00ean b\u1ed1 r\u1eb1ng vi\u1ec7c theo \u0111u\u1ed5i m\u1ed9t cu\u1ed9c s\u1ed1ng kh\u1ecfe m\u1ea1nh, tr\u1ecdn v\u1eb9n l\u00e0 \u0111i\u1ec1u m\u00e0 b\u1ea1n v\u00f4 c\u00f9ng coi tr\u1ecdng.<\/p>\n<blockquote>\n<h5>Khi \u0111\u1ed9i M\u0169 th\u1ec3 ch\u1ebf LiveGood, b\u1ea1n kh\u00f4ng ch\u1ec9 \u0111eo m\u1ed9t ph\u1ee5 ki\u1ec7n m\u00e0 c\u00f2n l\u00e0 m\u1ed9t ph\u1ea7n c\u1ee7a c\u1ed9ng \u0111\u1ed3ng kh\u00f4ng ng\u1eebng t\u00ecm ki\u1ebfm h\u1ea1nh ph\u00fac.\u00a0H\u00e3y l\u00e0 m\u1ed9t ph\u1ea7n c\u1ee7a cu\u1ed9c h\u00e0nh tr\u00ecnh n\u00e0y v\u1edbi ch\u00fang t\u00f4i!<\/h5>\n<\/blockquote>\n<p><em><strong>H\u00e3y tham gia c\u00f9ng ch\u00fang t\u00f4i, s\u1ed1ng t\u1ed1t, s\u1ed1ng LiveGood!<\/strong><\/em><\/p>\n","protected":false},"excerpt":{"rendered":"<p><img decoding=\"async\" class=\"emoji\" role=\"img\" draggable=\"false\" src=\"https:\/\/s.w.org\/images\/core\/emoji\/14.0.0\/svg\/1f49a.svg\" alt=\"????\" \/> M\u1eabu m\u00e3 \u0111a d\u1ea1ng<br \/>\n<img decoding=\"async\" class=\"emoji\" role=\"img\" draggable=\"false\" src=\"https:\/\/s.w.org\/images\/core\/emoji\/14.0.0\/svg\/1f49a.svg\" alt=\"????\" \/> H\u00e3y th\u1ec3 hi\u1ec7n t\u00ecnh y\u00eau v\u1edbi LiveGooD!<\/p>\n","protected":false},"featured_media":304,"comment_status":"open","ping_status":"closed","template":"","meta":[],"product_brand":[],"product_cat":[142],"product_tag":[],"class_list":{"0":"post-1112","1":"product","2":"type-product","3":"status-publish","4":"has-post-thumbnail","6":"product_cat-accessories-vi","8":"first","9":"instock","10":"shipping-taxable","11":"product-type-external"},"yoast_head":"<!-- This site is optimized with the Yoast SEO Premium plugin v20.6 (Yoast SEO v21.8.1) - https:\/\/yoast.com\/wordpress\/plugins\/seo\/ -->\n<title>LiveGood M\u0169 - LiveGooD Shop<\/title>\n<meta name=\"robots\" content=\"index, follow, max-snippet:-1, max-image-preview:large, max-video-preview:-1\" \/>\n<link rel=\"canonical\" href=\"https:\/\/livegood.network\/shop\/vi\/product\/livegood-hats-vi\/\" \/>\n<meta property=\"og:locale\" content=\"en_US\" \/>\n<meta property=\"og:type\" content=\"article\" \/>\n<meta property=\"og:title\" content=\"LiveGood M\u0169\" \/>\n<meta property=\"og:description\" content=\"M\u1eabu m\u00e3 \u0111a d\u1ea1ng  H\u00e3y th\u1ec3 hi\u1ec7n t\u00ecnh y\u00eau v\u1edbi LiveGooD!\" \/>\n<meta property=\"og:url\" content=\"https:\/\/livegood.network\/shop\/vi\/product\/livegood-hats-vi\/\" \/>\n<meta property=\"article:publisher\" content=\"https:\/\/www.facebook.com\/livegoodhello\" \/>\n<meta property=\"article:modified_time\" content=\"2024-02-02T12:52:14+00:00\" \/>\n<meta property=\"og:image\" content=\"https:\/\/livegood.network\/shop\/wp-content\/uploads\/2024\/01\/hats-caps-livegood.png\" \/>\n\t<meta property=\"og:image:width\" content=\"850\" \/>\n\t<meta property=\"og:image:height\" content=\"850\" \/>\n\t<meta property=\"og:image:type\" content=\"image\/png\" \/>\n<meta name=\"twitter:card\" content=\"summary_large_image\" \/>\n<meta name=\"twitter:label1\" content=\"Est. reading time\" \/>\n\t<meta name=\"twitter:data1\" content=\"2 minutes\" \/>\n<script type=\"application\/ld+json\" class=\"yoast-schema-graph\">{\"@context\":\"https:\/\/schema.org\",\"@graph\":[{\"@type\":\"WebPage\",\"@id\":\"https:\/\/livegood.network\/shop\/vi\/product\/livegood-hats-vi\/\",\"url\":\"https:\/\/livegood.network\/shop\/vi\/product\/livegood-hats-vi\/\",\"name\":\"LiveGood M\u0169 - LiveGooD Shop\",\"isPartOf\":{\"@id\":\"https:\/\/livegood.network\/shop\/#website\"},\"datePublished\":\"2024-01-25T19:48:45+00:00\",\"dateModified\":\"2024-02-02T12:52:14+00:00\",\"breadcrumb\":{\"@id\":\"https:\/\/livegood.network\/shop\/vi\/product\/livegood-hats-vi\/#breadcrumb\"},\"inLanguage\":\"en-US\",\"potentialAction\":[{\"@type\":\"ReadAction\",\"target\":[\"https:\/\/livegood.network\/shop\/vi\/product\/livegood-hats-vi\/\"]}]},{\"@type\":\"BreadcrumbList\",\"@id\":\"https:\/\/livegood.network\/shop\/vi\/product\/livegood-hats-vi\/#breadcrumb\",\"itemListElement\":[{\"@type\":\"ListItem\",\"position\":1,\"name\":\"Home\",\"item\":\"https:\/\/livegood.network\/shop\/pt-br\/\"},{\"@type\":\"ListItem\",\"position\":2,\"name\":\"Shop\",\"item\":\"https:\/\/livegood.network\/shop\/shop\/\"},{\"@type\":\"ListItem\",\"position\":3,\"name\":\"LiveGood M\u0169\"}]},{\"@type\":\"WebSite\",\"@id\":\"https:\/\/livegood.network\/shop\/#website\",\"url\":\"https:\/\/livegood.network\/shop\/\",\"name\":\"LiveGooD Shop\",\"description\":\"\",\"publisher\":{\"@id\":\"https:\/\/livegood.network\/shop\/#organization\"},\"potentialAction\":[{\"@type\":\"SearchAction\",\"target\":{\"@type\":\"EntryPoint\",\"urlTemplate\":\"https:\/\/livegood.network\/shop\/?s={search_term_string}\"},\"query-input\":\"required name=search_term_string\"}],\"inLanguage\":\"en-US\"},{\"@type\":\"Organization\",\"@id\":\"https:\/\/livegood.network\/shop\/#organization\",\"name\":\"LiveGooD\",\"url\":\"https:\/\/livegood.network\/shop\/\",\"logo\":{\"@type\":\"ImageObject\",\"inLanguage\":\"en-US\",\"@id\":\"https:\/\/livegood.network\/shop\/#\/schema\/logo\/image\/\",\"url\":\"https:\/\/livegood.network\/shop\/wp-content\/uploads\/2024\/01\/logo-livegood-shop-main.png\",\"contentUrl\":\"https:\/\/livegood.network\/shop\/wp-content\/uploads\/2024\/01\/logo-livegood-shop-main.png\",\"width\":373,\"height\":115,\"caption\":\"LiveGooD\"},\"image\":{\"@id\":\"https:\/\/livegood.network\/shop\/#\/schema\/logo\/image\/\"},\"sameAs\":[\"https:\/\/www.facebook.com\/livegoodhello\"]}]}<\/script>\n<!-- \/ Yoast SEO Premium plugin. -->","yoast_head_json":{"title":"LiveGood M\u0169 - LiveGooD Shop","robots":{"index":"index","follow":"follow","max-snippet":"max-snippet:-1","max-image-preview":"max-image-preview:large","max-video-preview":"max-video-preview:-1"},"canonical":"https:\/\/livegood.network\/shop\/vi\/product\/livegood-hats-vi\/","og_locale":"en_US","og_type":"article","og_title":"LiveGood M\u0169","og_description":"M\u1eabu m\u00e3 \u0111a d\u1ea1ng  H\u00e3y th\u1ec3 hi\u1ec7n t\u00ecnh y\u00eau v\u1edbi LiveGooD!","og_url":"https:\/\/livegood.network\/shop\/vi\/product\/livegood-hats-vi\/","article_publisher":"https:\/\/www.facebook.com\/livegoodhello","article_modified_time":"2024-02-02T12:52:14+00:00","og_image":[{"width":850,"height":850,"url":"https:\/\/livegood.network\/shop\/wp-content\/uploads\/2024\/01\/hats-caps-livegood.png","type":"image\/png"}],"twitter_card":"summary_large_image","twitter_misc":{"Est. reading time":"2 minutes"},"schema":{"@context":"https:\/\/schema.org","@graph":[{"@type":"WebPage","@id":"https:\/\/livegood.network\/shop\/vi\/product\/livegood-hats-vi\/","url":"https:\/\/livegood.network\/shop\/vi\/product\/livegood-hats-vi\/","name":"LiveGood M\u0169 - LiveGooD Shop","isPartOf":{"@id":"https:\/\/livegood.network\/shop\/#website"},"datePublished":"2024-01-25T19:48:45+00:00","dateModified":"2024-02-02T12:52:14+00:00","breadcrumb":{"@id":"https:\/\/livegood.network\/shop\/vi\/product\/livegood-hats-vi\/#breadcrumb"},"inLanguage":"en-US","potentialAction":[{"@type":"ReadAction","target":["https:\/\/livegood.network\/shop\/vi\/product\/livegood-hats-vi\/"]}]},{"@type":"BreadcrumbList","@id":"https:\/\/livegood.network\/shop\/vi\/product\/livegood-hats-vi\/#breadcrumb","itemListElement":[{"@type":"ListItem","position":1,"name":"Home","item":"https:\/\/livegood.network\/shop\/pt-br\/"},{"@type":"ListItem","position":2,"name":"Shop","item":"https:\/\/livegood.network\/shop\/shop\/"},{"@type":"ListItem","position":3,"name":"LiveGood M\u0169"}]},{"@type":"WebSite","@id":"https:\/\/livegood.network\/shop\/#website","url":"https:\/\/livegood.network\/shop\/","name":"LiveGooD Shop","description":"","publisher":{"@id":"https:\/\/livegood.network\/shop\/#organization"},"potentialAction":[{"@type":"SearchAction","target":{"@type":"EntryPoint","urlTemplate":"https:\/\/livegood.network\/shop\/?s={search_term_string}"},"query-input":"required name=search_term_string"}],"inLanguage":"en-US"},{"@type":"Organization","@id":"https:\/\/livegood.network\/shop\/#organization","name":"LiveGooD","url":"https:\/\/livegood.network\/shop\/","logo":{"@type":"ImageObject","inLanguage":"en-US","@id":"https:\/\/livegood.network\/shop\/#\/schema\/logo\/image\/","url":"https:\/\/livegood.network\/shop\/wp-content\/uploads\/2024\/01\/logo-livegood-shop-main.png","contentUrl":"https:\/\/livegood.network\/shop\/wp-content\/uploads\/2024\/01\/logo-livegood-shop-main.png","width":373,"height":115,"caption":"LiveGooD"},"image":{"@id":"https:\/\/livegood.network\/shop\/#\/schema\/logo\/image\/"},"sameAs":["https:\/\/www.facebook.com\/livegoodhello"]}]}},"lang":"vi","translations":{"vi":1112,"pt-br":1121,"pt-pt":1111,"en-us":303,"fr-fr":1109,"es-es":1110,"ru-ru":1113,"ko":1114},"pll_sync_post":[],"_links":{"self":[{"href":"https:\/\/livegood.network\/shop\/wp-json\/wp\/v2\/product\/1112","targetHints":{"allow":["GET"]}}],"collection":[{"href":"https:\/\/livegood.network\/shop\/wp-json\/wp\/v2\/product"}],"about":[{"href":"https:\/\/livegood.network\/shop\/wp-json\/wp\/v2\/types\/product"}],"replies":[{"embeddable":true,"href":"https:\/\/livegood.network\/shop\/wp-json\/wp\/v2\/comments?post=1112"}],"version-history":[{"count":1,"href":"https:\/\/livegood.network\/shop\/wp-json\/wp\/v2\/product\/1112\/revisions"}],"predecessor-version":[{"id":1490,"href":"https:\/\/livegood.network\/shop\/wp-json\/wp\/v2\/product\/1112\/revisions\/1490"}],"wp:featuredmedia":[{"embeddable":true,"href":"https:\/\/livegood.network\/shop\/wp-json\/wp\/v2\/media\/304"}],"wp:attachment":[{"href":"https:\/\/livegood.network\/shop\/wp-json\/wp\/v2\/media?parent=1112"}],"wp:term":[{"taxonomy":"product_brand","embeddable":true,"href":"https:\/\/livegood.network\/shop\/wp-json\/wp\/v2\/product_brand?post=1112"},{"taxonomy":"product_cat","embeddable":true,"href":"https:\/\/livegood.network\/shop\/wp-json\/wp\/v2\/product_cat?post=1112"},{"taxonomy":"product_tag","embeddable":true,"href":"https:\/\/livegood.network\/shop\/wp-json\/wp\/v2\/product_tag?post=1112"}],"curies":[{"name":"wp","href":"https:\/\/api.w.org\/{rel}","templated":true}]}}