{"id":1144,"date":"2024-01-25T21:22:52","date_gmt":"2024-01-25T21:22:52","guid":{"rendered":"https:\/\/livegood.network\/shop\/?post_type=product&#038;p=1144"},"modified":"2025-06-11T11:18:44","modified_gmt":"2025-06-11T11:18:44","slug":"sleep-patches-fr-fr","status":"publish","type":"product","link":"https:\/\/livegood.network\/shop\/fr-fr\/product\/sleep-patches-fr-fr\/","title":{"rendered":"Patchs de Sommeil"},"content":{"rendered":"<p><strong>Patchs de sommeil<\/strong><\/p>\n<p>LiveGood pr\u00e9sente ses patchs pour un sommeil sain, compos\u00e9s d&#8217;un m\u00e9lange distinctif d&#8217;ingr\u00e9dients naturels hautement absorbables.\u00a0Ces patchs sont con\u00e7us pour offrir une solution rapide et durable, favorisant un sommeil profond, r\u00e9parateur et de haute qualit\u00e9 en infusant directement des composants essentiels \u00e0 travers la peau et dans la circulation sanguine.<\/p>\n<p>Les instructions d&#8217;utilisation sont simples : d\u00e9collez le patch du support et appliquez-le directement sur une zone de peau peu poilue, comme l&#8217;int\u00e9rieur du poignet, de la hanche, de l&#8217;\u00e9paule ou de la cheville.\u00a0Avant l&#8217;application, assurez-vous que la peau est propre et s\u00e8che, car la pr\u00e9sence d&#8217;huiles, de cr\u00e8mes ou de lotions peut compromettre l&#8217;adh\u00e9rence et l&#8217;efficacit\u00e9 du patch.<\/p>\n<p>Les effets de LiveGood Sleep Patch deviennent g\u00e9n\u00e9ralement visibles dans les 30 minutes environ suivant l&#8217;application.\u00a0Apr\u00e8s 8 heures, retirez et jetez le patch, en \u00e9vitant de r\u00e9utiliser un patch d\u00e9j\u00e0 utilis\u00e9.\u00a0D\u00e9couvrez les avantages transformateurs des patchs LiveGood Healthy Sleep pour une solution rapide et durable pour obtenir une nuit de sommeil profonde et r\u00e9paratrice.<\/p>\n","protected":false},"excerpt":{"rendered":"<p><img decoding=\"async\" class=\"emoji\" role=\"img\" draggable=\"false\" src=\"https:\/\/s.w.org\/images\/core\/emoji\/14.0.0\/svg\/1f49a.svg\" alt=\"LiveGooD Love\" \/> Favorise un sommeil profond et r\u00e9parateur<br \/>\n<img decoding=\"async\" class=\"emoji\" role=\"img\" draggable=\"false\" src=\"https:\/\/s.w.org\/images\/core\/emoji\/14.0.0\/svg\/1f49a.svg\" alt=\"LiveGooD Love\" \/> Am\u00e9liorer la qualit\u00e9 du sommeil<br \/>\n<img decoding=\"async\" class=\"emoji\" role=\"img\" draggable=\"false\" src=\"https:\/\/s.w.org\/images\/core\/emoji\/14.0.0\/svg\/1f49a.svg\" alt=\"LiveGooD Love\" \/> R\u00e9veillez-vous rafra\u00eechi<br \/>\n<img decoding=\"async\" class=\"emoji\" role=\"img\" draggable=\"false\" src=\"https:\/\/s.w.org\/images\/core\/emoji\/14.0.0\/svg\/1f49a.svg\" alt=\"LiveGooD Love\" \/> Ingr\u00e9dients naturels<\/p>\n","protected":false},"featured_media":288,"comment_status":"open","ping_status":"closed","template":"","meta":[],"product_brand":[],"product_cat":[238],"product_tag":[3917],"class_list":{"0":"post-1144","1":"product","2":"type-product","3":"status-publish","4":"has-post-thumbnail","6":"product_cat-vitamin-fr-fr","7":"product_tag-sleep-fr-fr","9":"first","10":"instock","11":"sale","12":"shipping-taxable","13":"product-type-external"},"yoast_head":"<!-- This site is optimized with the Yoast SEO Premium plugin v20.6 (Yoast SEO v21.8.1) - https:\/\/yoast.com\/wordpress\/plugins\/seo\/ -->\n<title>Patchs de Sommeil - LiveGooD Shop<\/title>\n<meta name=\"robots\" content=\"index, follow, max-snippet:-1, max-image-preview:large, max-video-preview:-1\" \/>\n<link rel=\"canonical\" href=\"https:\/\/livegood.network\/shop\/fr-fr\/product\/sleep-patches-fr-fr\/\" \/>\n<meta property=\"og:locale\" content=\"en_US\" \/>\n<meta property=\"og:type\" content=\"article\" \/>\n<meta property=\"og:title\" content=\"Patchs de Sommeil\" \/>\n<meta property=\"og:description\" content=\"Favorise un sommeil profond et r\u00e9parateur  Am\u00e9liorer la qualit\u00e9 du sommeil  R\u00e9veillez-vous rafra\u00eechi  Ingr\u00e9dients naturels\" \/>\n<meta property=\"og:url\" content=\"https:\/\/livegood.network\/shop\/fr-fr\/product\/sleep-patches-fr-fr\/\" \/>\n<meta property=\"article:publisher\" content=\"https:\/\/www.facebook.com\/livegoodhello\" \/>\n<meta property=\"article:modified_time\" content=\"2025-06-11T11:18:44+00:00\" \/>\n<meta property=\"og:image\" content=\"https:\/\/livegood.network\/shop\/wp-content\/uploads\/2024\/01\/sleep-patches-front-livegood.png\" \/>\n\t<meta property=\"og:image:width\" content=\"1000\" \/>\n\t<meta property=\"og:image:height\" content=\"1000\" \/>\n\t<meta property=\"og:image:type\" content=\"image\/png\" \/>\n<meta name=\"twitter:card\" content=\"summary_large_image\" \/>\n<meta name=\"twitter:label1\" content=\"Est. reading time\" \/>\n\t<meta name=\"twitter:data1\" content=\"1 minute\" \/>\n<script type=\"application\/ld+json\" class=\"yoast-schema-graph\">{\"@context\":\"https:\/\/schema.org\",\"@graph\":[{\"@type\":\"WebPage\",\"@id\":\"https:\/\/livegood.network\/shop\/fr-fr\/product\/sleep-patches-fr-fr\/\",\"url\":\"https:\/\/livegood.network\/shop\/fr-fr\/product\/sleep-patches-fr-fr\/\",\"name\":\"Patchs de Sommeil - LiveGooD Shop\",\"isPartOf\":{\"@id\":\"https:\/\/livegood.network\/shop\/#website\"},\"datePublished\":\"2024-01-25T21:22:52+00:00\",\"dateModified\":\"2025-06-11T11:18:44+00:00\",\"breadcrumb\":{\"@id\":\"https:\/\/livegood.network\/shop\/fr-fr\/product\/sleep-patches-fr-fr\/#breadcrumb\"},\"inLanguage\":\"en-US\",\"potentialAction\":[{\"@type\":\"ReadAction\",\"target\":[\"https:\/\/livegood.network\/shop\/fr-fr\/product\/sleep-patches-fr-fr\/\"]}]},{\"@type\":\"BreadcrumbList\",\"@id\":\"https:\/\/livegood.network\/shop\/fr-fr\/product\/sleep-patches-fr-fr\/#breadcrumb\",\"itemListElement\":[{\"@type\":\"ListItem\",\"position\":1,\"name\":\"Home\",\"item\":\"https:\/\/livegood.network\/shop\/pt-br\/\"},{\"@type\":\"ListItem\",\"position\":2,\"name\":\"Shop\",\"item\":\"https:\/\/livegood.network\/shop\/shop\/\"},{\"@type\":\"ListItem\",\"position\":3,\"name\":\"Patchs de Sommeil\"}]},{\"@type\":\"WebSite\",\"@id\":\"https:\/\/livegood.network\/shop\/#website\",\"url\":\"https:\/\/livegood.network\/shop\/\",\"name\":\"LiveGooD Shop\",\"description\":\"\",\"publisher\":{\"@id\":\"https:\/\/livegood.network\/shop\/#organization\"},\"potentialAction\":[{\"@type\":\"SearchAction\",\"target\":{\"@type\":\"EntryPoint\",\"urlTemplate\":\"https:\/\/livegood.network\/shop\/?s={search_term_string}\"},\"query-input\":\"required name=search_term_string\"}],\"inLanguage\":\"en-US\"},{\"@type\":\"Organization\",\"@id\":\"https:\/\/livegood.network\/shop\/#organization\",\"name\":\"LiveGooD\",\"url\":\"https:\/\/livegood.network\/shop\/\",\"logo\":{\"@type\":\"ImageObject\",\"inLanguage\":\"en-US\",\"@id\":\"https:\/\/livegood.network\/shop\/#\/schema\/logo\/image\/\",\"url\":\"https:\/\/livegood.network\/shop\/wp-content\/uploads\/2024\/01\/logo-livegood-shop-main.png\",\"contentUrl\":\"https:\/\/livegood.network\/shop\/wp-content\/uploads\/2024\/01\/logo-livegood-shop-main.png\",\"width\":373,\"height\":115,\"caption\":\"LiveGooD\"},\"image\":{\"@id\":\"https:\/\/livegood.network\/shop\/#\/schema\/logo\/image\/\"},\"sameAs\":[\"https:\/\/www.facebook.com\/livegoodhello\"]}]}<\/script>\n<!-- \/ Yoast SEO Premium plugin. -->","yoast_head_json":{"title":"Patchs de Sommeil - LiveGooD Shop","robots":{"index":"index","follow":"follow","max-snippet":"max-snippet:-1","max-image-preview":"max-image-preview:large","max-video-preview":"max-video-preview:-1"},"canonical":"https:\/\/livegood.network\/shop\/fr-fr\/product\/sleep-patches-fr-fr\/","og_locale":"en_US","og_type":"article","og_title":"Patchs de Sommeil","og_description":"Favorise un sommeil profond et r\u00e9parateur  Am\u00e9liorer la qualit\u00e9 du sommeil  R\u00e9veillez-vous rafra\u00eechi  Ingr\u00e9dients naturels","og_url":"https:\/\/livegood.network\/shop\/fr-fr\/product\/sleep-patches-fr-fr\/","article_publisher":"https:\/\/www.facebook.com\/livegoodhello","article_modified_time":"2025-06-11T11:18:44+00:00","og_image":[{"width":1000,"height":1000,"url":"https:\/\/livegood.network\/shop\/wp-content\/uploads\/2024\/01\/sleep-patches-front-livegood.png","type":"image\/png"}],"twitter_card":"summary_large_image","twitter_misc":{"Est. reading time":"1 minute"},"schema":{"@context":"https:\/\/schema.org","@graph":[{"@type":"WebPage","@id":"https:\/\/livegood.network\/shop\/fr-fr\/product\/sleep-patches-fr-fr\/","url":"https:\/\/livegood.network\/shop\/fr-fr\/product\/sleep-patches-fr-fr\/","name":"Patchs de Sommeil - LiveGooD Shop","isPartOf":{"@id":"https:\/\/livegood.network\/shop\/#website"},"datePublished":"2024-01-25T21:22:52+00:00","dateModified":"2025-06-11T11:18:44+00:00","breadcrumb":{"@id":"https:\/\/livegood.network\/shop\/fr-fr\/product\/sleep-patches-fr-fr\/#breadcrumb"},"inLanguage":"en-US","potentialAction":[{"@type":"ReadAction","target":["https:\/\/livegood.network\/shop\/fr-fr\/product\/sleep-patches-fr-fr\/"]}]},{"@type":"BreadcrumbList","@id":"https:\/\/livegood.network\/shop\/fr-fr\/product\/sleep-patches-fr-fr\/#breadcrumb","itemListElement":[{"@type":"ListItem","position":1,"name":"Home","item":"https:\/\/livegood.network\/shop\/pt-br\/"},{"@type":"ListItem","position":2,"name":"Shop","item":"https:\/\/livegood.network\/shop\/shop\/"},{"@type":"ListItem","position":3,"name":"Patchs de Sommeil"}]},{"@type":"WebSite","@id":"https:\/\/livegood.network\/shop\/#website","url":"https:\/\/livegood.network\/shop\/","name":"LiveGooD Shop","description":"","publisher":{"@id":"https:\/\/livegood.network\/shop\/#organization"},"potentialAction":[{"@type":"SearchAction","target":{"@type":"EntryPoint","urlTemplate":"https:\/\/livegood.network\/shop\/?s={search_term_string}"},"query-input":"required name=search_term_string"}],"inLanguage":"en-US"},{"@type":"Organization","@id":"https:\/\/livegood.network\/shop\/#organization","name":"LiveGooD","url":"https:\/\/livegood.network\/shop\/","logo":{"@type":"ImageObject","inLanguage":"en-US","@id":"https:\/\/livegood.network\/shop\/#\/schema\/logo\/image\/","url":"https:\/\/livegood.network\/shop\/wp-content\/uploads\/2024\/01\/logo-livegood-shop-main.png","contentUrl":"https:\/\/livegood.network\/shop\/wp-content\/uploads\/2024\/01\/logo-livegood-shop-main.png","width":373,"height":115,"caption":"LiveGooD"},"image":{"@id":"https:\/\/livegood.network\/shop\/#\/schema\/logo\/image\/"},"sameAs":["https:\/\/www.facebook.com\/livegoodhello"]}]}},"lang":"fr-fr","translations":{"fr-fr":1144,"en-us":287,"es-es":1147,"pt-pt":1149,"pt-br":1151,"ko":1155,"ru-ru":1154,"vi":1153},"pll_sync_post":[],"_links":{"self":[{"href":"https:\/\/livegood.network\/shop\/wp-json\/wp\/v2\/product\/1144","targetHints":{"allow":["GET"]}}],"collection":[{"href":"https:\/\/livegood.network\/shop\/wp-json\/wp\/v2\/product"}],"about":[{"href":"https:\/\/livegood.network\/shop\/wp-json\/wp\/v2\/types\/product"}],"replies":[{"embeddable":true,"href":"https:\/\/livegood.network\/shop\/wp-json\/wp\/v2\/comments?post=1144"}],"version-history":[{"count":2,"href":"https:\/\/livegood.network\/shop\/wp-json\/wp\/v2\/product\/1144\/revisions"}],"predecessor-version":[{"id":1461,"href":"https:\/\/livegood.network\/shop\/wp-json\/wp\/v2\/product\/1144\/revisions\/1461"}],"wp:featuredmedia":[{"embeddable":true,"href":"https:\/\/livegood.network\/shop\/wp-json\/wp\/v2\/media\/288"}],"wp:attachment":[{"href":"https:\/\/livegood.network\/shop\/wp-json\/wp\/v2\/media?parent=1144"}],"wp:term":[{"taxonomy":"product_brand","embeddable":true,"href":"https:\/\/livegood.network\/shop\/wp-json\/wp\/v2\/product_brand?post=1144"},{"taxonomy":"product_cat","embeddable":true,"href":"https:\/\/livegood.network\/shop\/wp-json\/wp\/v2\/product_cat?post=1144"},{"taxonomy":"product_tag","embeddable":true,"href":"https:\/\/livegood.network\/shop\/wp-json\/wp\/v2\/product_tag?post=1144"}],"curies":[{"name":"wp","href":"https:\/\/api.w.org\/{rel}","templated":true}]}}