{"id":1153,"date":"2024-01-25T21:35:36","date_gmt":"2024-01-25T21:35:36","guid":{"rendered":"https:\/\/livegood.network\/shop\/?post_type=product&#038;p=1153"},"modified":"2025-06-11T11:18:44","modified_gmt":"2025-06-11T11:18:44","slug":"sleep-patches-vi","status":"publish","type":"product","link":"https:\/\/livegood.network\/shop\/vi\/product\/sleep-patches-vi\/","title":{"rendered":"Mi\u1ebfng d\u00e1n ng\u1ee7"},"content":{"rendered":"<p><strong>Mi\u1ebfng d\u00e1n ng\u1ee7<\/strong><\/p>\n<p>LiveGood gi\u1edbi thi\u1ec7u mi\u1ebfng d\u00e1n h\u1ed7 tr\u1ee3 gi\u1ea5c ng\u1ee7 t\u1ed1t cho s\u1ee9c kh\u1ecfe, c\u00f3 s\u1ef1 pha tr\u1ed9n \u0111\u1eb7c bi\u1ec7t c\u1ee7a c\u00e1c th\u00e0nh ph\u1ea7n t\u1ef1 nhi\u00ean c\u00f3 kh\u1ea3 n\u0103ng h\u1ea5p th\u1ee5 cao.\u00a0Nh\u1eefng mi\u1ebfng d\u00e1n n\u00e0y \u0111\u01b0\u1ee3c thi\u1ebft k\u1ebf \u0111\u1ec3 cung c\u1ea5p gi\u1ea3i ph\u00e1p nhanh ch\u00f3ng, l\u00e2u d\u00e0i, th\u00fac \u0111\u1ea9y gi\u1ea5c ng\u1ee7 s\u00e2u, y\u00ean t\u0129nh, ch\u1ea5t l\u01b0\u1ee3ng cao b\u1eb1ng c\u00e1ch truy\u1ec1n tr\u1ef1c ti\u1ebfp c\u00e1c th\u00e0nh ph\u1ea7n thi\u1ebft y\u1ebfu qua da v\u00e0 v\u00e0o m\u00e1u.<\/p>\n<p>H\u01b0\u1edbng d\u1eabn s\u1eed d\u1ee5ng r\u1ea5t \u0111\u01a1n gi\u1ea3n: g\u1ee1 mi\u1ebfng d\u00e1n ra kh\u1ecfi m\u1eb7t sau v\u00e0 d\u00e1n tr\u1ef1c ti\u1ebfp l\u00ean v\u00f9ng da c\u00f3 \u00edt l\u00f4ng, ch\u1eb3ng h\u1ea1n nh\u01b0 b\u00ean trong c\u1ed5 tay, h\u00f4ng, vai ho\u1eb7c m\u1eaft c\u00e1 ch\u00e2n.\u00a0Tr\u01b0\u1edbc khi d\u00e1n, h\u00e3y \u0111\u1ea3m b\u1ea3o da s\u1ea1ch v\u00e0 kh\u00f4, v\u00ec s\u1ef1 hi\u1ec7n di\u1ec7n c\u1ee7a d\u1ea7u, kem ho\u1eb7c n\u01b0\u1edbc th\u01a1m c\u00f3 th\u1ec3 l\u00e0m gi\u1ea3m \u0111\u1ed9 b\u00e1m d\u00ednh v\u00e0 hi\u1ec7u qu\u1ea3 c\u1ee7a ch\u1ea5t k\u1ebft d\u00ednh.<\/p>\n<p>T\u00e1c d\u1ee5ng c\u1ee7a LiveGood Sleep Patch th\u01b0\u1eddng tr\u1edf n\u00ean r\u00f5 r\u1ec7t sau kho\u1ea3ng 30 ph\u00fat sau khi s\u1eed d\u1ee5ng.\u00a0Sau 8 gi\u1edd, g\u1ee1 b\u1ecf l\u1edbp keo d\u00ednh, tr\u00e1nh s\u1eed d\u1ee5ng l\u1ea1i l\u1edbp keo \u0111\u00e3 s\u1eed d\u1ee5ng.\u00a0Tr\u1ea3i nghi\u1ec7m nh\u1eefng l\u1ee3i \u00edch mang t\u00ednh bi\u1ebfn \u0111\u1ed5i c\u1ee7a Mi\u1ebfng d\u00e1n gi\u1ea5c ng\u1ee7 l\u00e0nh m\u1ea1nh LiveGood \u0111\u1ec3 c\u00f3 gi\u1ea3i ph\u00e1p nhanh ch\u00f3ng, b\u1ec1n v\u1eefng nh\u1eb1m \u0111\u1ea1t \u0111\u01b0\u1ee3c gi\u1ea5c ng\u1ee7 s\u00e2u, tr\u1ebb h\u00f3a ban \u0111\u00eam.<\/p>\n","protected":false},"excerpt":{"rendered":"<p><img decoding=\"async\" class=\"emoji\" role=\"img\" draggable=\"false\" src=\"https:\/\/s.w.org\/images\/core\/emoji\/14.0.0\/svg\/1f49a.svg\" alt=\"LiveGooD Love\" \/> H\u1ed7 tr\u1ee3 gi\u1ea5c ng\u1ee7 s\u00e2u<br \/>\n<img decoding=\"async\" class=\"emoji\" role=\"img\" draggable=\"false\" src=\"https:\/\/s.w.org\/images\/core\/emoji\/14.0.0\/svg\/1f49a.svg\" alt=\"LiveGooD Love\" \/> C\u1ea3i thi\u1ec7n ch\u1ea5t l\u01b0\u1ee3ng gi\u1ea5c ng\u1ee7<br \/>\n<img decoding=\"async\" class=\"emoji\" role=\"img\" draggable=\"false\" src=\"https:\/\/s.w.org\/images\/core\/emoji\/14.0.0\/svg\/1f49a.svg\" alt=\"LiveGooD Love\" \/> Th\u1ee9c d\u1eady s\u1ea3ng kho\u00e1i<br \/>\n<img decoding=\"async\" class=\"emoji\" role=\"img\" draggable=\"false\" src=\"https:\/\/s.w.org\/images\/core\/emoji\/14.0.0\/svg\/1f49a.svg\" alt=\"LiveGooD Love\" \/> Th\u00e0nh ph\u1ea7n t\u1ef1 nhi\u00ean<\/p>\n","protected":false},"featured_media":288,"comment_status":"open","ping_status":"closed","template":"","meta":[],"product_brand":[],"product_cat":[232],"product_tag":[3926],"class_list":{"0":"post-1153","1":"product","2":"type-product","3":"status-publish","4":"has-post-thumbnail","6":"product_cat-vitamin-vi","7":"product_tag-sleep-vi","9":"first","10":"instock","11":"sale","12":"shipping-taxable","13":"product-type-external"},"yoast_head":"<!-- This site is optimized with the Yoast SEO Premium plugin v20.6 (Yoast SEO v21.8.1) - https:\/\/yoast.com\/wordpress\/plugins\/seo\/ -->\n<title>Mi\u1ebfng d\u00e1n ng\u1ee7 - LiveGooD Shop<\/title>\n<meta name=\"robots\" content=\"index, follow, max-snippet:-1, max-image-preview:large, max-video-preview:-1\" \/>\n<link rel=\"canonical\" href=\"https:\/\/livegood.network\/shop\/vi\/product\/sleep-patches-vi\/\" \/>\n<meta property=\"og:locale\" content=\"en_US\" \/>\n<meta property=\"og:type\" content=\"article\" \/>\n<meta property=\"og:title\" content=\"Mi\u1ebfng d\u00e1n ng\u1ee7\" \/>\n<meta property=\"og:description\" content=\"H\u1ed7 tr\u1ee3 gi\u1ea5c ng\u1ee7 s\u00e2u  C\u1ea3i thi\u1ec7n ch\u1ea5t l\u01b0\u1ee3ng gi\u1ea5c ng\u1ee7  Th\u1ee9c d\u1eady s\u1ea3ng kho\u00e1i  Th\u00e0nh ph\u1ea7n t\u1ef1 nhi\u00ean\" \/>\n<meta property=\"og:url\" content=\"https:\/\/livegood.network\/shop\/vi\/product\/sleep-patches-vi\/\" \/>\n<meta property=\"article:publisher\" content=\"https:\/\/www.facebook.com\/livegoodhello\" \/>\n<meta property=\"article:modified_time\" content=\"2025-06-11T11:18:44+00:00\" \/>\n<meta property=\"og:image\" content=\"https:\/\/livegood.network\/shop\/wp-content\/uploads\/2024\/01\/sleep-patches-front-livegood.png\" \/>\n\t<meta property=\"og:image:width\" content=\"1000\" \/>\n\t<meta property=\"og:image:height\" content=\"1000\" \/>\n\t<meta property=\"og:image:type\" content=\"image\/png\" \/>\n<meta name=\"twitter:card\" content=\"summary_large_image\" \/>\n<meta name=\"twitter:label1\" content=\"Est. reading time\" \/>\n\t<meta name=\"twitter:data1\" content=\"2 minutes\" \/>\n<script type=\"application\/ld+json\" class=\"yoast-schema-graph\">{\"@context\":\"https:\/\/schema.org\",\"@graph\":[{\"@type\":\"WebPage\",\"@id\":\"https:\/\/livegood.network\/shop\/vi\/product\/sleep-patches-vi\/\",\"url\":\"https:\/\/livegood.network\/shop\/vi\/product\/sleep-patches-vi\/\",\"name\":\"Mi\u1ebfng d\u00e1n ng\u1ee7 - LiveGooD Shop\",\"isPartOf\":{\"@id\":\"https:\/\/livegood.network\/shop\/#website\"},\"datePublished\":\"2024-01-25T21:35:36+00:00\",\"dateModified\":\"2025-06-11T11:18:44+00:00\",\"breadcrumb\":{\"@id\":\"https:\/\/livegood.network\/shop\/vi\/product\/sleep-patches-vi\/#breadcrumb\"},\"inLanguage\":\"en-US\",\"potentialAction\":[{\"@type\":\"ReadAction\",\"target\":[\"https:\/\/livegood.network\/shop\/vi\/product\/sleep-patches-vi\/\"]}]},{\"@type\":\"BreadcrumbList\",\"@id\":\"https:\/\/livegood.network\/shop\/vi\/product\/sleep-patches-vi\/#breadcrumb\",\"itemListElement\":[{\"@type\":\"ListItem\",\"position\":1,\"name\":\"Home\",\"item\":\"https:\/\/livegood.network\/shop\/pt-br\/\"},{\"@type\":\"ListItem\",\"position\":2,\"name\":\"Shop\",\"item\":\"https:\/\/livegood.network\/shop\/shop\/\"},{\"@type\":\"ListItem\",\"position\":3,\"name\":\"Mi\u1ebfng d\u00e1n ng\u1ee7\"}]},{\"@type\":\"WebSite\",\"@id\":\"https:\/\/livegood.network\/shop\/#website\",\"url\":\"https:\/\/livegood.network\/shop\/\",\"name\":\"LiveGooD Shop\",\"description\":\"\",\"publisher\":{\"@id\":\"https:\/\/livegood.network\/shop\/#organization\"},\"potentialAction\":[{\"@type\":\"SearchAction\",\"target\":{\"@type\":\"EntryPoint\",\"urlTemplate\":\"https:\/\/livegood.network\/shop\/?s={search_term_string}\"},\"query-input\":\"required name=search_term_string\"}],\"inLanguage\":\"en-US\"},{\"@type\":\"Organization\",\"@id\":\"https:\/\/livegood.network\/shop\/#organization\",\"name\":\"LiveGooD\",\"url\":\"https:\/\/livegood.network\/shop\/\",\"logo\":{\"@type\":\"ImageObject\",\"inLanguage\":\"en-US\",\"@id\":\"https:\/\/livegood.network\/shop\/#\/schema\/logo\/image\/\",\"url\":\"https:\/\/livegood.network\/shop\/wp-content\/uploads\/2024\/01\/logo-livegood-shop-main.png\",\"contentUrl\":\"https:\/\/livegood.network\/shop\/wp-content\/uploads\/2024\/01\/logo-livegood-shop-main.png\",\"width\":373,\"height\":115,\"caption\":\"LiveGooD\"},\"image\":{\"@id\":\"https:\/\/livegood.network\/shop\/#\/schema\/logo\/image\/\"},\"sameAs\":[\"https:\/\/www.facebook.com\/livegoodhello\"]}]}<\/script>\n<!-- \/ Yoast SEO Premium plugin. -->","yoast_head_json":{"title":"Mi\u1ebfng d\u00e1n ng\u1ee7 - LiveGooD Shop","robots":{"index":"index","follow":"follow","max-snippet":"max-snippet:-1","max-image-preview":"max-image-preview:large","max-video-preview":"max-video-preview:-1"},"canonical":"https:\/\/livegood.network\/shop\/vi\/product\/sleep-patches-vi\/","og_locale":"en_US","og_type":"article","og_title":"Mi\u1ebfng d\u00e1n ng\u1ee7","og_description":"H\u1ed7 tr\u1ee3 gi\u1ea5c ng\u1ee7 s\u00e2u  C\u1ea3i thi\u1ec7n ch\u1ea5t l\u01b0\u1ee3ng gi\u1ea5c ng\u1ee7  Th\u1ee9c d\u1eady s\u1ea3ng kho\u00e1i  Th\u00e0nh ph\u1ea7n t\u1ef1 nhi\u00ean","og_url":"https:\/\/livegood.network\/shop\/vi\/product\/sleep-patches-vi\/","article_publisher":"https:\/\/www.facebook.com\/livegoodhello","article_modified_time":"2025-06-11T11:18:44+00:00","og_image":[{"width":1000,"height":1000,"url":"https:\/\/livegood.network\/shop\/wp-content\/uploads\/2024\/01\/sleep-patches-front-livegood.png","type":"image\/png"}],"twitter_card":"summary_large_image","twitter_misc":{"Est. reading time":"2 minutes"},"schema":{"@context":"https:\/\/schema.org","@graph":[{"@type":"WebPage","@id":"https:\/\/livegood.network\/shop\/vi\/product\/sleep-patches-vi\/","url":"https:\/\/livegood.network\/shop\/vi\/product\/sleep-patches-vi\/","name":"Mi\u1ebfng d\u00e1n ng\u1ee7 - LiveGooD Shop","isPartOf":{"@id":"https:\/\/livegood.network\/shop\/#website"},"datePublished":"2024-01-25T21:35:36+00:00","dateModified":"2025-06-11T11:18:44+00:00","breadcrumb":{"@id":"https:\/\/livegood.network\/shop\/vi\/product\/sleep-patches-vi\/#breadcrumb"},"inLanguage":"en-US","potentialAction":[{"@type":"ReadAction","target":["https:\/\/livegood.network\/shop\/vi\/product\/sleep-patches-vi\/"]}]},{"@type":"BreadcrumbList","@id":"https:\/\/livegood.network\/shop\/vi\/product\/sleep-patches-vi\/#breadcrumb","itemListElement":[{"@type":"ListItem","position":1,"name":"Home","item":"https:\/\/livegood.network\/shop\/pt-br\/"},{"@type":"ListItem","position":2,"name":"Shop","item":"https:\/\/livegood.network\/shop\/shop\/"},{"@type":"ListItem","position":3,"name":"Mi\u1ebfng d\u00e1n ng\u1ee7"}]},{"@type":"WebSite","@id":"https:\/\/livegood.network\/shop\/#website","url":"https:\/\/livegood.network\/shop\/","name":"LiveGooD Shop","description":"","publisher":{"@id":"https:\/\/livegood.network\/shop\/#organization"},"potentialAction":[{"@type":"SearchAction","target":{"@type":"EntryPoint","urlTemplate":"https:\/\/livegood.network\/shop\/?s={search_term_string}"},"query-input":"required name=search_term_string"}],"inLanguage":"en-US"},{"@type":"Organization","@id":"https:\/\/livegood.network\/shop\/#organization","name":"LiveGooD","url":"https:\/\/livegood.network\/shop\/","logo":{"@type":"ImageObject","inLanguage":"en-US","@id":"https:\/\/livegood.network\/shop\/#\/schema\/logo\/image\/","url":"https:\/\/livegood.network\/shop\/wp-content\/uploads\/2024\/01\/logo-livegood-shop-main.png","contentUrl":"https:\/\/livegood.network\/shop\/wp-content\/uploads\/2024\/01\/logo-livegood-shop-main.png","width":373,"height":115,"caption":"LiveGooD"},"image":{"@id":"https:\/\/livegood.network\/shop\/#\/schema\/logo\/image\/"},"sameAs":["https:\/\/www.facebook.com\/livegoodhello"]}]}},"lang":"vi","translations":{"vi":1153,"en-us":287,"fr-fr":1144,"es-es":1147,"pt-pt":1149,"pt-br":1151,"ko":1155,"ru-ru":1154},"pll_sync_post":[],"_links":{"self":[{"href":"https:\/\/livegood.network\/shop\/wp-json\/wp\/v2\/product\/1153","targetHints":{"allow":["GET"]}}],"collection":[{"href":"https:\/\/livegood.network\/shop\/wp-json\/wp\/v2\/product"}],"about":[{"href":"https:\/\/livegood.network\/shop\/wp-json\/wp\/v2\/types\/product"}],"replies":[{"embeddable":true,"href":"https:\/\/livegood.network\/shop\/wp-json\/wp\/v2\/comments?post=1153"}],"version-history":[{"count":1,"href":"https:\/\/livegood.network\/shop\/wp-json\/wp\/v2\/product\/1153\/revisions"}],"predecessor-version":[{"id":1469,"href":"https:\/\/livegood.network\/shop\/wp-json\/wp\/v2\/product\/1153\/revisions\/1469"}],"wp:featuredmedia":[{"embeddable":true,"href":"https:\/\/livegood.network\/shop\/wp-json\/wp\/v2\/media\/288"}],"wp:attachment":[{"href":"https:\/\/livegood.network\/shop\/wp-json\/wp\/v2\/media?parent=1153"}],"wp:term":[{"taxonomy":"product_brand","embeddable":true,"href":"https:\/\/livegood.network\/shop\/wp-json\/wp\/v2\/product_brand?post=1153"},{"taxonomy":"product_cat","embeddable":true,"href":"https:\/\/livegood.network\/shop\/wp-json\/wp\/v2\/product_cat?post=1153"},{"taxonomy":"product_tag","embeddable":true,"href":"https:\/\/livegood.network\/shop\/wp-json\/wp\/v2\/product_tag?post=1153"}],"curies":[{"name":"wp","href":"https:\/\/api.w.org\/{rel}","templated":true}]}}