{"id":1159,"date":"2024-01-25T21:42:10","date_gmt":"2024-01-25T21:42:10","guid":{"rendered":"https:\/\/livegood.network\/shop\/?post_type=product&#038;p=1159"},"modified":"2024-02-02T16:27:17","modified_gmt":"2024-02-02T16:27:17","slug":"skin-care-pack-fr-fr","status":"publish","type":"product","link":"https:\/\/livegood.network\/shop\/fr-fr\/product\/skin-care-pack-fr-fr\/","title":{"rendered":"Pack de soins de la peau"},"content":{"rendered":"<p><strong>Offre group\u00e9e de soins de la peau<\/strong><\/p>\n<p><em>LiveGood pr\u00e9sente le Skin Care Bundle, vous offrant une valeur exceptionnelle sur ce que nous pensons \u00eatre les deux meilleurs produits de soins de la peau au monde\u00a0:<\/em><\/p>\n<ol>\n<li><strong>Ageless\u00a0:<\/strong>\u00a0exploitant des extraits de 12 des fruits et l\u00e9gumes les plus riches en nutriments au monde, soigneusement s\u00e9lectionn\u00e9s dans des endroits vierges du monde entier, Ageless propose une formule enti\u00e8rement naturelle semblable \u00e0 un superaliment nourrissant la peau.\u00a0Id\u00e9al pour favoriser une peau saine \u00e0 tout moment. Une peau saine est compos\u00e9e \u00e0 75 % de collag\u00e8ne, offrant l&#8217;apparence jeune et radieuse d&#8217;une peau lisse et rebondie.\u00a0Malheureusement, \u00e0 mesure que nous vieillissons, la production de collag\u00e8ne diminue, entra\u00eenant une diminution des niveaux de collag\u00e8ne et l\u2019apparition de rides, signalant une peau vieillissante.\u00a0Ageless se distingue comme le PREMIER et le SEUL produit con\u00e7u pour stimuler la r\u00e9g\u00e9n\u00e9ration naturelle du collag\u00e8ne de votre corps.\u00a0De plus, il contient des extraits de 12 fruits et l\u00e9gumes de renomm\u00e9e mondiale, offrant des r\u00e9sultats de rajeunissement de la peau sup\u00e9rieurs \u00e0 ceux de tout autre produit du march\u00e9.<\/li>\n<li><strong>Instant Youth :<\/strong>\u00a0Avec une dur\u00e9e d&#8217;environ 4 \u00e0 6 heures, Instant Youth est polyvalent et peut \u00eatre appliqu\u00e9 \u00e0 tout moment. Faites l&#8217;exp\u00e9rience d&#8217;une transformation visible en 90 secondes ! Con\u00e7u scientifiquement pour att\u00e9nuer rapidement et efficacement les signes visibles du vieillissement, Ageless Instant Wrinkle Reduction rapidement. diminue l&#8217;apparence des rides, des poches sous les yeux et des ridules, offrant des r\u00e9sultats remarquables en moins de deux minutes\u00a0! Appliquez simplement Instant Youth sur les zones de peau souhait\u00e9es o\u00f9 vous souhaitez r\u00e9duire l&#8217;apparence des rides et des ridules, laissez-le s\u00e9cher et observez presque r\u00e9sultats instantan\u00e9s\u00a0!<\/li>\n<\/ol>\n<hr \/>\n<p><strong>Que contient le pack de soins de la peau\u00a0?<\/strong><\/p>\n<hr \/>\n<p><a href=\"https:\/\/livegood.network\/shop\/fr-fr\/product\/ageless-skin-serum-fr-fr\/\"><img decoding=\"async\" class=\"alignnone wp-image-185\" src=\"https:\/\/livegood.network\/shop\/wp-content\/uploads\/2024\/01\/ageless-anti-aging-serum-sbc-livegood.png\" alt=\"Livegood sans \u00e2ge\" width=\"83\" height=\"83\" \/><\/a><\/p>\n<p><a href=\"https:\/\/livegood.network\/shop\/fr-fr\/product\/ageless-skin-serum-fr-fr\/\"><strong>Sans \u00e2ge<\/strong><\/a><\/p>\n<p>La base d\u2019une peau \u00e9clatante est sa composition \u00e0 75 % de collag\u00e8ne.\u00a0Des niveaux optimaux de collag\u00e8ne contribuent \u00e0 l\u2019apparence jeune et rebondie de la peau.<\/p>\n<hr \/>\n<p><a href=\"https:\/\/livegood.network\/shop\/fr-fr\/product\/instant-youth-fr-fr\/\"><img decoding=\"async\" class=\"alignnone wp-image-185\" src=\"https:\/\/livegood.network\/shop\/wp-content\/uploads\/2024\/01\/sbc-instant-youth-livegood.png\" alt=\"Livegood jeunesse instantan\u00e9\" width=\"83\" height=\"83\" \/><\/a><\/p>\n<p><a href=\"https:\/\/livegood.network\/shop\/fr-fr\/product\/instant-youth-fr-fr\/\"><strong>Jeunesse instantan\u00e9e \u2013 La jeunesse instantan\u00e9e dure environ 4 \u00e0 6 heures et peut \u00eatre utilis\u00e9e \u00e0 tout moment.<\/strong><\/a><\/p>\n<p>Con\u00e7u scientifiquement pour une r\u00e9duction rapide et efficace des indicateurs visibles du vieillissement, Ageless Instant Wrinkle Reduction agit rapidement pour att\u00e9nuer l&#8217;apparence des rides, des poches sous les yeux et des ridules, offrant des r\u00e9sultats remarquables en moins de deux minutes !<\/p>\n","protected":false},"excerpt":{"rendered":"<p><img decoding=\"async\" class=\"emoji\" role=\"img\" draggable=\"false\" src=\"https:\/\/s.w.org\/images\/core\/emoji\/14.0.0\/svg\/1f49a.svg\" alt=\"LiveGooD Heart\" \/> S\u00e9rum pour la peau sans \u00e2ge<br \/>\n<img decoding=\"async\" class=\"emoji\" role=\"img\" draggable=\"false\" src=\"https:\/\/s.w.org\/images\/core\/emoji\/14.0.0\/svg\/1f49a.svg\" alt=\"LiveGooD Heart\" \/> Jeunesse instantan\u00e9e<\/p>\n","protected":false},"featured_media":281,"comment_status":"open","ping_status":"closed","template":"","meta":[],"product_brand":[],"product_cat":[112,207],"product_tag":[],"class_list":{"0":"post-1159","1":"product","2":"type-product","3":"status-publish","4":"has-post-thumbnail","6":"product_cat-ageless-skin-fr-fr","7":"product_cat-product-packages-fr-fr","9":"first","10":"instock","11":"sale","12":"shipping-taxable","13":"product-type-external"},"yoast_head":"<!-- This site is optimized with the Yoast SEO Premium plugin v20.6 (Yoast SEO v21.8.1) - https:\/\/yoast.com\/wordpress\/plugins\/seo\/ -->\n<title>Pack de soins de la peau - LiveGooD Shop<\/title>\n<meta name=\"robots\" content=\"index, follow, max-snippet:-1, max-image-preview:large, max-video-preview:-1\" \/>\n<link rel=\"canonical\" href=\"https:\/\/livegood.network\/shop\/fr-fr\/product\/skin-care-pack-fr-fr\/\" \/>\n<meta property=\"og:locale\" content=\"en_US\" \/>\n<meta property=\"og:type\" content=\"article\" \/>\n<meta property=\"og:title\" content=\"Pack de soins de la peau\" \/>\n<meta property=\"og:description\" content=\"S\u00e9rum pour la peau sans \u00e2ge  Jeunesse instantan\u00e9e\" \/>\n<meta property=\"og:url\" content=\"https:\/\/livegood.network\/shop\/fr-fr\/product\/skin-care-pack-fr-fr\/\" \/>\n<meta property=\"article:publisher\" content=\"https:\/\/www.facebook.com\/livegoodhello\" \/>\n<meta property=\"article:modified_time\" content=\"2024-02-02T16:27:17+00:00\" \/>\n<meta property=\"og:image\" content=\"https:\/\/livegood.network\/shop\/wp-content\/uploads\/2024\/01\/skin-care-pack-Tile-livegood.png\" \/>\n\t<meta property=\"og:image:width\" content=\"1000\" \/>\n\t<meta property=\"og:image:height\" content=\"600\" \/>\n\t<meta property=\"og:image:type\" content=\"image\/png\" \/>\n<meta name=\"twitter:card\" content=\"summary_large_image\" \/>\n<meta name=\"twitter:label1\" content=\"Est. reading time\" \/>\n\t<meta name=\"twitter:data1\" content=\"3 minutes\" \/>\n<script type=\"application\/ld+json\" class=\"yoast-schema-graph\">{\"@context\":\"https:\/\/schema.org\",\"@graph\":[{\"@type\":\"WebPage\",\"@id\":\"https:\/\/livegood.network\/shop\/fr-fr\/product\/skin-care-pack-fr-fr\/\",\"url\":\"https:\/\/livegood.network\/shop\/fr-fr\/product\/skin-care-pack-fr-fr\/\",\"name\":\"Pack de soins de la peau - LiveGooD Shop\",\"isPartOf\":{\"@id\":\"https:\/\/livegood.network\/shop\/#website\"},\"datePublished\":\"2024-01-25T21:42:10+00:00\",\"dateModified\":\"2024-02-02T16:27:17+00:00\",\"breadcrumb\":{\"@id\":\"https:\/\/livegood.network\/shop\/fr-fr\/product\/skin-care-pack-fr-fr\/#breadcrumb\"},\"inLanguage\":\"en-US\",\"potentialAction\":[{\"@type\":\"ReadAction\",\"target\":[\"https:\/\/livegood.network\/shop\/fr-fr\/product\/skin-care-pack-fr-fr\/\"]}]},{\"@type\":\"BreadcrumbList\",\"@id\":\"https:\/\/livegood.network\/shop\/fr-fr\/product\/skin-care-pack-fr-fr\/#breadcrumb\",\"itemListElement\":[{\"@type\":\"ListItem\",\"position\":1,\"name\":\"Home\",\"item\":\"https:\/\/livegood.network\/shop\/pt-br\/\"},{\"@type\":\"ListItem\",\"position\":2,\"name\":\"Shop\",\"item\":\"https:\/\/livegood.network\/shop\/shop\/\"},{\"@type\":\"ListItem\",\"position\":3,\"name\":\"Pack de soins de la peau\"}]},{\"@type\":\"WebSite\",\"@id\":\"https:\/\/livegood.network\/shop\/#website\",\"url\":\"https:\/\/livegood.network\/shop\/\",\"name\":\"LiveGooD Shop\",\"description\":\"\",\"publisher\":{\"@id\":\"https:\/\/livegood.network\/shop\/#organization\"},\"potentialAction\":[{\"@type\":\"SearchAction\",\"target\":{\"@type\":\"EntryPoint\",\"urlTemplate\":\"https:\/\/livegood.network\/shop\/?s={search_term_string}\"},\"query-input\":\"required name=search_term_string\"}],\"inLanguage\":\"en-US\"},{\"@type\":\"Organization\",\"@id\":\"https:\/\/livegood.network\/shop\/#organization\",\"name\":\"LiveGooD\",\"url\":\"https:\/\/livegood.network\/shop\/\",\"logo\":{\"@type\":\"ImageObject\",\"inLanguage\":\"en-US\",\"@id\":\"https:\/\/livegood.network\/shop\/#\/schema\/logo\/image\/\",\"url\":\"https:\/\/livegood.network\/shop\/wp-content\/uploads\/2024\/01\/logo-livegood-shop-main.png\",\"contentUrl\":\"https:\/\/livegood.network\/shop\/wp-content\/uploads\/2024\/01\/logo-livegood-shop-main.png\",\"width\":373,\"height\":115,\"caption\":\"LiveGooD\"},\"image\":{\"@id\":\"https:\/\/livegood.network\/shop\/#\/schema\/logo\/image\/\"},\"sameAs\":[\"https:\/\/www.facebook.com\/livegoodhello\"]}]}<\/script>\n<!-- \/ Yoast SEO Premium plugin. -->","yoast_head_json":{"title":"Pack de soins de la peau - LiveGooD Shop","robots":{"index":"index","follow":"follow","max-snippet":"max-snippet:-1","max-image-preview":"max-image-preview:large","max-video-preview":"max-video-preview:-1"},"canonical":"https:\/\/livegood.network\/shop\/fr-fr\/product\/skin-care-pack-fr-fr\/","og_locale":"en_US","og_type":"article","og_title":"Pack de soins de la peau","og_description":"S\u00e9rum pour la peau sans \u00e2ge  Jeunesse instantan\u00e9e","og_url":"https:\/\/livegood.network\/shop\/fr-fr\/product\/skin-care-pack-fr-fr\/","article_publisher":"https:\/\/www.facebook.com\/livegoodhello","article_modified_time":"2024-02-02T16:27:17+00:00","og_image":[{"width":1000,"height":600,"url":"https:\/\/livegood.network\/shop\/wp-content\/uploads\/2024\/01\/skin-care-pack-Tile-livegood.png","type":"image\/png"}],"twitter_card":"summary_large_image","twitter_misc":{"Est. reading time":"3 minutes"},"schema":{"@context":"https:\/\/schema.org","@graph":[{"@type":"WebPage","@id":"https:\/\/livegood.network\/shop\/fr-fr\/product\/skin-care-pack-fr-fr\/","url":"https:\/\/livegood.network\/shop\/fr-fr\/product\/skin-care-pack-fr-fr\/","name":"Pack de soins de la peau - LiveGooD Shop","isPartOf":{"@id":"https:\/\/livegood.network\/shop\/#website"},"datePublished":"2024-01-25T21:42:10+00:00","dateModified":"2024-02-02T16:27:17+00:00","breadcrumb":{"@id":"https:\/\/livegood.network\/shop\/fr-fr\/product\/skin-care-pack-fr-fr\/#breadcrumb"},"inLanguage":"en-US","potentialAction":[{"@type":"ReadAction","target":["https:\/\/livegood.network\/shop\/fr-fr\/product\/skin-care-pack-fr-fr\/"]}]},{"@type":"BreadcrumbList","@id":"https:\/\/livegood.network\/shop\/fr-fr\/product\/skin-care-pack-fr-fr\/#breadcrumb","itemListElement":[{"@type":"ListItem","position":1,"name":"Home","item":"https:\/\/livegood.network\/shop\/pt-br\/"},{"@type":"ListItem","position":2,"name":"Shop","item":"https:\/\/livegood.network\/shop\/shop\/"},{"@type":"ListItem","position":3,"name":"Pack de soins de la peau"}]},{"@type":"WebSite","@id":"https:\/\/livegood.network\/shop\/#website","url":"https:\/\/livegood.network\/shop\/","name":"LiveGooD Shop","description":"","publisher":{"@id":"https:\/\/livegood.network\/shop\/#organization"},"potentialAction":[{"@type":"SearchAction","target":{"@type":"EntryPoint","urlTemplate":"https:\/\/livegood.network\/shop\/?s={search_term_string}"},"query-input":"required name=search_term_string"}],"inLanguage":"en-US"},{"@type":"Organization","@id":"https:\/\/livegood.network\/shop\/#organization","name":"LiveGooD","url":"https:\/\/livegood.network\/shop\/","logo":{"@type":"ImageObject","inLanguage":"en-US","@id":"https:\/\/livegood.network\/shop\/#\/schema\/logo\/image\/","url":"https:\/\/livegood.network\/shop\/wp-content\/uploads\/2024\/01\/logo-livegood-shop-main.png","contentUrl":"https:\/\/livegood.network\/shop\/wp-content\/uploads\/2024\/01\/logo-livegood-shop-main.png","width":373,"height":115,"caption":"LiveGooD"},"image":{"@id":"https:\/\/livegood.network\/shop\/#\/schema\/logo\/image\/"},"sameAs":["https:\/\/www.facebook.com\/livegoodhello"]}]}},"lang":"fr-fr","translations":{"fr-fr":1159,"en-us":280,"es-es":1160,"pt-pt":1161,"vi":1163,"ru-ru":1164,"pt-br":1173,"ko":1165},"pll_sync_post":[],"_links":{"self":[{"href":"https:\/\/livegood.network\/shop\/wp-json\/wp\/v2\/product\/1159","targetHints":{"allow":["GET"]}}],"collection":[{"href":"https:\/\/livegood.network\/shop\/wp-json\/wp\/v2\/product"}],"about":[{"href":"https:\/\/livegood.network\/shop\/wp-json\/wp\/v2\/types\/product"}],"replies":[{"embeddable":true,"href":"https:\/\/livegood.network\/shop\/wp-json\/wp\/v2\/comments?post=1159"}],"version-history":[{"count":3,"href":"https:\/\/livegood.network\/shop\/wp-json\/wp\/v2\/product\/1159\/revisions"}],"predecessor-version":[{"id":1563,"href":"https:\/\/livegood.network\/shop\/wp-json\/wp\/v2\/product\/1159\/revisions\/1563"}],"wp:featuredmedia":[{"embeddable":true,"href":"https:\/\/livegood.network\/shop\/wp-json\/wp\/v2\/media\/281"}],"wp:attachment":[{"href":"https:\/\/livegood.network\/shop\/wp-json\/wp\/v2\/media?parent=1159"}],"wp:term":[{"taxonomy":"product_brand","embeddable":true,"href":"https:\/\/livegood.network\/shop\/wp-json\/wp\/v2\/product_brand?post=1159"},{"taxonomy":"product_cat","embeddable":true,"href":"https:\/\/livegood.network\/shop\/wp-json\/wp\/v2\/product_cat?post=1159"},{"taxonomy":"product_tag","embeddable":true,"href":"https:\/\/livegood.network\/shop\/wp-json\/wp\/v2\/product_tag?post=1159"}],"curies":[{"name":"wp","href":"https:\/\/api.w.org\/{rel}","templated":true}]}}