{"id":1160,"date":"2024-01-25T21:52:39","date_gmt":"2024-01-25T21:52:39","guid":{"rendered":"https:\/\/livegood.network\/shop\/?post_type=product&#038;p=1160"},"modified":"2024-02-02T16:27:24","modified_gmt":"2024-02-02T16:27:24","slug":"skin-care-pack-es-es","status":"publish","type":"product","link":"https:\/\/livegood.network\/shop\/es-es\/product\/skin-care-pack-es-es\/","title":{"rendered":"Paquete de Cuidado de la Piel"},"content":{"rendered":"<p><strong>Paquete de cuidado de la piel<\/strong><\/p>\n<p><em>LiveGood presenta el Skin Care Bundle, que le ofrece un valor excepcional en lo que creemos que son los dos mejores productos para el cuidado de la piel a nivel mundial:<\/em><\/p>\n<ol>\n<li><strong>Ageless:<\/strong>\u00a0Aprovechando extractos de 12 de las frutas y verduras m\u00e1s ricas en nutrientes del mundo, meticulosamente obtenidos de lugares v\u00edrgenes de todo el mundo, Ageless cuenta con una f\u00f3rmula totalmente natural similar a un superalimento que nutre la piel.\u00a0Ideal para promover una piel sana en cualquier momento. La piel sana se compone de un 75 % de col\u00e1geno, lo que proporciona la apariencia juvenil y radiante de una piel suave y tersa.\u00a0Desafortunadamente, a medida que envejecemos, la producci\u00f3n de col\u00e1geno disminuye, lo que provoca una disminuci\u00f3n de los niveles de col\u00e1geno y la aparici\u00f3n de arrugas, lo que indica una piel envejecida.\u00a0Ageless se destaca como el PRIMER y \u00daNICO producto dise\u00f1ado para estimular la regeneraci\u00f3n natural de col\u00e1geno de tu cuerpo.\u00a0Adem\u00e1s, incorpora extractos de 12 frutas y verduras de renombre mundial, lo que brinda resultados de rejuvenecimiento de la piel superiores en comparaci\u00f3n con cualquier otro producto del mercado.<\/li>\n<li><strong>Juventud Instant\u00e1nea:<\/strong>\u00a0Con una duraci\u00f3n de aproximadamente 4 a 6 horas, Juventud Instant\u00e1nea es vers\u00e1til y se puede aplicar en cualquier momento. \u00a1Experimente una transformaci\u00f3n visible en 90 segundos! Cient\u00edficamente elaborado para aliviar de manera r\u00e1pida y eficiente los signos visibles del envejecimiento, Ageless Instant Wrinkle Reducer r\u00e1pidamente \u00a1Disminuye la apariencia de arrugas, bolsas debajo de los ojos y l\u00edneas finas, brindando resultados notables en menos de dos minutos! Simplemente aplique Instant Youth en las \u00e1reas de la piel deseadas donde desea reducir la apariencia de l\u00edneas y arrugas, d\u00e9jelo secar y observe casi resultados instant\u00e1neos!<\/li>\n<\/ol>\n<hr \/>\n<p><strong>\u00bfQu\u00e9 hay dentro del paquete Skin Care Pack?<\/strong><\/p>\n<hr \/>\n<p><a href=\"https:\/\/livegood.network\/shop\/es-es\/product\/ageless-skin-serum-es-es\/\"><img decoding=\"async\" class=\"alignnone wp-image-185\" src=\"https:\/\/livegood.network\/shop\/wp-content\/uploads\/2024\/01\/ageless-anti-aging-serum-sbc-livegood.png\" alt=\"Bien vivo sin edad\" width=\"83\" height=\"83\" \/><\/a><\/p>\n<p><a href=\"https:\/\/livegood.network\/shop\/es-es\/product\/ageless-skin-serum-es-es\/\"><strong>Ageless<\/strong><\/a><\/p>\n<p>La base de una piel vibrante es su composici\u00f3n de 75% de col\u00e1geno.\u00a0Los niveles \u00f3ptimos de col\u00e1geno contribuyen a la apariencia joven y tersa de la piel.<\/p>\n<hr \/>\n<p><a href=\"https:\/\/livegood.network\/shop\/es-es\/product\/instant-youth-es-es\/\"><img decoding=\"async\" class=\"alignnone wp-image-185\" src=\"https:\/\/livegood.network\/shop\/wp-content\/uploads\/2024\/01\/sbc-instant-youth-livegood.png\" alt=\"Vida juvenil instant\u00e1nea\" width=\"83\" height=\"83\" \/><\/a><\/p>\n<p><a href=\"https:\/\/livegood.network\/shop\/es-es\/product\/instant-youth-es-es\/\"><strong>Juventud instant\u00e1nea: la juventud instant\u00e1nea dura entre 4 y 6 horas y se puede utilizar en cualquier momento.<\/strong><\/a><\/p>\n<p>Dise\u00f1ado cient\u00edficamente para una reducci\u00f3n r\u00e1pida y eficiente de los indicadores visibles del envejecimiento, Ageless Instant Wrinkle Reducer act\u00faa r\u00e1pidamente para disminuir la apariencia de las arrugas, las bolsas debajo de los ojos y las l\u00edneas finas, \u00a1brindando resultados notables en menos de dos minutos!<\/p>\n","protected":false},"excerpt":{"rendered":"<p><img decoding=\"async\" class=\"emoji\" role=\"img\" draggable=\"false\" src=\"https:\/\/s.w.org\/images\/core\/emoji\/14.0.0\/svg\/1f49a.svg\" alt=\"LiveGooD Heart\" \/> Suero para la piel eterna<br \/>\n<img decoding=\"async\" class=\"emoji\" role=\"img\" draggable=\"false\" src=\"https:\/\/s.w.org\/images\/core\/emoji\/14.0.0\/svg\/1f49a.svg\" alt=\"LiveGooD Heart\" \/> Juventud instant\u00e1nea<\/p>\n","protected":false},"featured_media":281,"comment_status":"open","ping_status":"closed","template":"","meta":[],"product_brand":[],"product_cat":[110,209],"product_tag":[],"class_list":{"0":"post-1160","1":"product","2":"type-product","3":"status-publish","4":"has-post-thumbnail","6":"product_cat-ageless-skin-es-es","7":"product_cat-product-packages-es-es","9":"first","10":"instock","11":"sale","12":"shipping-taxable","13":"product-type-external"},"yoast_head":"<!-- This site is optimized with the Yoast SEO Premium plugin v20.6 (Yoast SEO v21.8.1) - https:\/\/yoast.com\/wordpress\/plugins\/seo\/ -->\n<title>Paquete de Cuidado de la Piel - LiveGooD Shop<\/title>\n<meta name=\"robots\" content=\"index, follow, max-snippet:-1, max-image-preview:large, max-video-preview:-1\" \/>\n<link rel=\"canonical\" href=\"https:\/\/livegood.network\/shop\/es-es\/product\/skin-care-pack-es-es\/\" \/>\n<meta property=\"og:locale\" content=\"en_US\" \/>\n<meta property=\"og:type\" content=\"article\" \/>\n<meta property=\"og:title\" content=\"Paquete de Cuidado de la Piel\" \/>\n<meta property=\"og:description\" content=\"Suero para la piel eterna  Juventud instant\u00e1nea\" \/>\n<meta property=\"og:url\" content=\"https:\/\/livegood.network\/shop\/es-es\/product\/skin-care-pack-es-es\/\" \/>\n<meta property=\"article:publisher\" content=\"https:\/\/www.facebook.com\/livegoodhello\" \/>\n<meta property=\"article:modified_time\" content=\"2024-02-02T16:27:24+00:00\" \/>\n<meta property=\"og:image\" content=\"https:\/\/livegood.network\/shop\/wp-content\/uploads\/2024\/01\/skin-care-pack-Tile-livegood.png\" \/>\n\t<meta property=\"og:image:width\" content=\"1000\" \/>\n\t<meta property=\"og:image:height\" content=\"600\" \/>\n\t<meta property=\"og:image:type\" content=\"image\/png\" \/>\n<meta name=\"twitter:card\" content=\"summary_large_image\" \/>\n<meta name=\"twitter:label1\" content=\"Est. reading time\" \/>\n\t<meta name=\"twitter:data1\" content=\"3 minutes\" \/>\n<script type=\"application\/ld+json\" class=\"yoast-schema-graph\">{\"@context\":\"https:\/\/schema.org\",\"@graph\":[{\"@type\":\"WebPage\",\"@id\":\"https:\/\/livegood.network\/shop\/es-es\/product\/skin-care-pack-es-es\/\",\"url\":\"https:\/\/livegood.network\/shop\/es-es\/product\/skin-care-pack-es-es\/\",\"name\":\"Paquete de Cuidado de la Piel - LiveGooD Shop\",\"isPartOf\":{\"@id\":\"https:\/\/livegood.network\/shop\/#website\"},\"datePublished\":\"2024-01-25T21:52:39+00:00\",\"dateModified\":\"2024-02-02T16:27:24+00:00\",\"breadcrumb\":{\"@id\":\"https:\/\/livegood.network\/shop\/es-es\/product\/skin-care-pack-es-es\/#breadcrumb\"},\"inLanguage\":\"en-US\",\"potentialAction\":[{\"@type\":\"ReadAction\",\"target\":[\"https:\/\/livegood.network\/shop\/es-es\/product\/skin-care-pack-es-es\/\"]}]},{\"@type\":\"BreadcrumbList\",\"@id\":\"https:\/\/livegood.network\/shop\/es-es\/product\/skin-care-pack-es-es\/#breadcrumb\",\"itemListElement\":[{\"@type\":\"ListItem\",\"position\":1,\"name\":\"Home\",\"item\":\"https:\/\/livegood.network\/shop\/pt-br\/\"},{\"@type\":\"ListItem\",\"position\":2,\"name\":\"Shop\",\"item\":\"https:\/\/livegood.network\/shop\/shop\/\"},{\"@type\":\"ListItem\",\"position\":3,\"name\":\"Paquete de Cuidado de la Piel\"}]},{\"@type\":\"WebSite\",\"@id\":\"https:\/\/livegood.network\/shop\/#website\",\"url\":\"https:\/\/livegood.network\/shop\/\",\"name\":\"LiveGooD Shop\",\"description\":\"\",\"publisher\":{\"@id\":\"https:\/\/livegood.network\/shop\/#organization\"},\"potentialAction\":[{\"@type\":\"SearchAction\",\"target\":{\"@type\":\"EntryPoint\",\"urlTemplate\":\"https:\/\/livegood.network\/shop\/?s={search_term_string}\"},\"query-input\":\"required name=search_term_string\"}],\"inLanguage\":\"en-US\"},{\"@type\":\"Organization\",\"@id\":\"https:\/\/livegood.network\/shop\/#organization\",\"name\":\"LiveGooD\",\"url\":\"https:\/\/livegood.network\/shop\/\",\"logo\":{\"@type\":\"ImageObject\",\"inLanguage\":\"en-US\",\"@id\":\"https:\/\/livegood.network\/shop\/#\/schema\/logo\/image\/\",\"url\":\"https:\/\/livegood.network\/shop\/wp-content\/uploads\/2024\/01\/logo-livegood-shop-main.png\",\"contentUrl\":\"https:\/\/livegood.network\/shop\/wp-content\/uploads\/2024\/01\/logo-livegood-shop-main.png\",\"width\":373,\"height\":115,\"caption\":\"LiveGooD\"},\"image\":{\"@id\":\"https:\/\/livegood.network\/shop\/#\/schema\/logo\/image\/\"},\"sameAs\":[\"https:\/\/www.facebook.com\/livegoodhello\"]}]}<\/script>\n<!-- \/ Yoast SEO Premium plugin. -->","yoast_head_json":{"title":"Paquete de Cuidado de la Piel - LiveGooD Shop","robots":{"index":"index","follow":"follow","max-snippet":"max-snippet:-1","max-image-preview":"max-image-preview:large","max-video-preview":"max-video-preview:-1"},"canonical":"https:\/\/livegood.network\/shop\/es-es\/product\/skin-care-pack-es-es\/","og_locale":"en_US","og_type":"article","og_title":"Paquete de Cuidado de la Piel","og_description":"Suero para la piel eterna  Juventud instant\u00e1nea","og_url":"https:\/\/livegood.network\/shop\/es-es\/product\/skin-care-pack-es-es\/","article_publisher":"https:\/\/www.facebook.com\/livegoodhello","article_modified_time":"2024-02-02T16:27:24+00:00","og_image":[{"width":1000,"height":600,"url":"https:\/\/livegood.network\/shop\/wp-content\/uploads\/2024\/01\/skin-care-pack-Tile-livegood.png","type":"image\/png"}],"twitter_card":"summary_large_image","twitter_misc":{"Est. reading time":"3 minutes"},"schema":{"@context":"https:\/\/schema.org","@graph":[{"@type":"WebPage","@id":"https:\/\/livegood.network\/shop\/es-es\/product\/skin-care-pack-es-es\/","url":"https:\/\/livegood.network\/shop\/es-es\/product\/skin-care-pack-es-es\/","name":"Paquete de Cuidado de la Piel - LiveGooD Shop","isPartOf":{"@id":"https:\/\/livegood.network\/shop\/#website"},"datePublished":"2024-01-25T21:52:39+00:00","dateModified":"2024-02-02T16:27:24+00:00","breadcrumb":{"@id":"https:\/\/livegood.network\/shop\/es-es\/product\/skin-care-pack-es-es\/#breadcrumb"},"inLanguage":"en-US","potentialAction":[{"@type":"ReadAction","target":["https:\/\/livegood.network\/shop\/es-es\/product\/skin-care-pack-es-es\/"]}]},{"@type":"BreadcrumbList","@id":"https:\/\/livegood.network\/shop\/es-es\/product\/skin-care-pack-es-es\/#breadcrumb","itemListElement":[{"@type":"ListItem","position":1,"name":"Home","item":"https:\/\/livegood.network\/shop\/pt-br\/"},{"@type":"ListItem","position":2,"name":"Shop","item":"https:\/\/livegood.network\/shop\/shop\/"},{"@type":"ListItem","position":3,"name":"Paquete de Cuidado de la Piel"}]},{"@type":"WebSite","@id":"https:\/\/livegood.network\/shop\/#website","url":"https:\/\/livegood.network\/shop\/","name":"LiveGooD Shop","description":"","publisher":{"@id":"https:\/\/livegood.network\/shop\/#organization"},"potentialAction":[{"@type":"SearchAction","target":{"@type":"EntryPoint","urlTemplate":"https:\/\/livegood.network\/shop\/?s={search_term_string}"},"query-input":"required name=search_term_string"}],"inLanguage":"en-US"},{"@type":"Organization","@id":"https:\/\/livegood.network\/shop\/#organization","name":"LiveGooD","url":"https:\/\/livegood.network\/shop\/","logo":{"@type":"ImageObject","inLanguage":"en-US","@id":"https:\/\/livegood.network\/shop\/#\/schema\/logo\/image\/","url":"https:\/\/livegood.network\/shop\/wp-content\/uploads\/2024\/01\/logo-livegood-shop-main.png","contentUrl":"https:\/\/livegood.network\/shop\/wp-content\/uploads\/2024\/01\/logo-livegood-shop-main.png","width":373,"height":115,"caption":"LiveGooD"},"image":{"@id":"https:\/\/livegood.network\/shop\/#\/schema\/logo\/image\/"},"sameAs":["https:\/\/www.facebook.com\/livegoodhello"]}]}},"lang":"es-es","translations":{"es-es":1160,"en-us":280,"fr-fr":1159,"pt-pt":1161,"vi":1163,"ru-ru":1164,"pt-br":1173,"ko":1165},"pll_sync_post":[],"_links":{"self":[{"href":"https:\/\/livegood.network\/shop\/wp-json\/wp\/v2\/product\/1160","targetHints":{"allow":["GET"]}}],"collection":[{"href":"https:\/\/livegood.network\/shop\/wp-json\/wp\/v2\/product"}],"about":[{"href":"https:\/\/livegood.network\/shop\/wp-json\/wp\/v2\/types\/product"}],"replies":[{"embeddable":true,"href":"https:\/\/livegood.network\/shop\/wp-json\/wp\/v2\/comments?post=1160"}],"version-history":[{"count":3,"href":"https:\/\/livegood.network\/shop\/wp-json\/wp\/v2\/product\/1160\/revisions"}],"predecessor-version":[{"id":1564,"href":"https:\/\/livegood.network\/shop\/wp-json\/wp\/v2\/product\/1160\/revisions\/1564"}],"wp:featuredmedia":[{"embeddable":true,"href":"https:\/\/livegood.network\/shop\/wp-json\/wp\/v2\/media\/281"}],"wp:attachment":[{"href":"https:\/\/livegood.network\/shop\/wp-json\/wp\/v2\/media?parent=1160"}],"wp:term":[{"taxonomy":"product_brand","embeddable":true,"href":"https:\/\/livegood.network\/shop\/wp-json\/wp\/v2\/product_brand?post=1160"},{"taxonomy":"product_cat","embeddable":true,"href":"https:\/\/livegood.network\/shop\/wp-json\/wp\/v2\/product_cat?post=1160"},{"taxonomy":"product_tag","embeddable":true,"href":"https:\/\/livegood.network\/shop\/wp-json\/wp\/v2\/product_tag?post=1160"}],"curies":[{"name":"wp","href":"https:\/\/api.w.org\/{rel}","templated":true}]}}