{"id":1163,"date":"2024-01-25T22:01:34","date_gmt":"2024-01-25T22:01:34","guid":{"rendered":"https:\/\/livegood.network\/shop\/?post_type=product&#038;p=1163"},"modified":"2024-01-25T22:01:35","modified_gmt":"2024-01-25T22:01:35","slug":"skin-care-pack-vi","status":"publish","type":"product","link":"https:\/\/livegood.network\/shop\/vi\/product\/skin-care-pack-vi\/","title":{"rendered":"G\u00f3i ch\u0103m s\u00f3c da"},"content":{"rendered":"<p><strong><span>G\u00f3i ch\u0103m s\u00f3c da<\/span><\/strong><\/p>\n<p><em><span>LiveGood gi\u1edbi thi\u1ec7u G\u00f3i ch\u0103m s\u00f3c da, mang \u0111\u1ebfn cho b\u1ea1n gi\u00e1 tr\u1ecb \u0111\u1eb7c bi\u1ec7t m\u00e0 ch\u00fang t\u00f4i tin l\u00e0 hai s\u1ea3n ph\u1ea9m ch\u0103m s\u00f3c da t\u1ed1t nh\u1ea5t tr\u00ean to\u00e0n c\u1ea7u:<\/span><\/em><\/p>\n<ol>\n<li><strong><span>Ageless:<\/span><\/strong><span>\u00a0Khai th\u00e1c chi\u1ebft xu\u1ea5t t\u1eeb \u200b\u200b12 lo\u1ea1i tr\u00e1i c\u00e2y v\u00e0 rau qu\u1ea3 gi\u00e0u dinh d\u01b0\u1ee1ng nh\u1ea5t th\u1ebf gi\u1edbi, c\u00f3 ngu\u1ed3n g\u1ed1c t\u1ec9 m\u1ec9 t\u1eeb nh\u1eefng \u0111\u1ecba \u0111i\u1ec3m nguy\u00ean s\u01a1 tr\u00ean to\u00e0n th\u1ebf gi\u1edbi, Ageless t\u1ef1 h\u00e0o c\u00f3 c\u00f4ng th\u1ee9c ho\u00e0n to\u00e0n t\u1ef1 nhi\u00ean gi\u1ed1ng nh\u01b0 m\u1ed9t si\u00eau th\u1ef1c ph\u1ea9m nu\u00f4i d\u01b0\u1ee1ng da.\u00a0L\u00fd t\u01b0\u1edfng \u0111\u1ec3 th\u00fac \u0111\u1ea9y l\u00e0n da kh\u1ecfe m\u1ea1nh b\u1ea5t c\u1ee9 l\u00fac n\u00e0o. L\u00e0n da kh\u1ecfe m\u1ea1nh bao g\u1ed3m 75% collagen, mang l\u1ea1i v\u1ebb tr\u1ebb trung, r\u1ea1ng r\u1ee1 cho l\u00e0n da m\u1ecbn m\u00e0ng v\u00e0 \u0111\u1ea7y \u0111\u1eb7n.\u00a0Th\u1eadt kh\u00f4ng may, khi ch\u00fang ta gi\u00e0 \u0111i, vi\u1ec7c s\u1ea3n xu\u1ea5t collagen gi\u1ea3m d\u1ea7n, d\u1eabn \u0111\u1ebfn l\u01b0\u1ee3ng collagen gi\u1ea3m v\u00e0 xu\u1ea5t hi\u1ec7n c\u00e1c n\u1ebfp nh\u0103n, b\u00e1o hi\u1ec7u l\u00e0n da b\u1ecb l\u00e3o h\u00f3a.\u00a0Ageless n\u1ed5i b\u1eadt l\u00e0 s\u1ea3n ph\u1ea9m \u0110\u1ea6U TI\u00caN v\u00e0 DUY NH\u1ea4T \u0111\u01b0\u1ee3c thi\u1ebft k\u1ebf \u0111\u1ec3 k\u00edch th\u00edch qu\u00e1 tr\u00ecnh t\u00e1i t\u1ea1o collagen t\u1ef1 nhi\u00ean c\u1ee7a c\u01a1 th\u1ec3 b\u1ea1n.\u00a0H\u01a1n n\u1eefa, n\u00f3 k\u1ebft h\u1ee3p chi\u1ebft xu\u1ea5t t\u1eeb \u200b\u200b12 lo\u1ea1i tr\u00e1i c\u00e2y v\u00e0 rau qu\u1ea3 n\u1ed5i ti\u1ebfng to\u00e0n c\u1ea7u, mang l\u1ea1i k\u1ebft qu\u1ea3 tr\u1ebb h\u00f3a da v\u01b0\u1ee3t tr\u1ed9i so v\u1edbi b\u1ea5t k\u1ef3 s\u1ea3n ph\u1ea9m n\u00e0o kh\u00e1c tr\u00ean th\u1ecb tr\u01b0\u1eddng.<\/span><\/li>\n<li><strong><span>Thanh xu\u00e2n t\u1ee9c th\u00ec:<\/span><\/strong><span>\u00a0V\u1edbi th\u1eddi l\u01b0\u1ee3ng kho\u1ea3ng 4 \u0111\u1ebfn 6 gi\u1edd, Instant Youth r\u1ea5t linh ho\u1ea1t v\u00e0 c\u00f3 th\u1ec3 \u00e1p d\u1ee5ng b\u1ea5t c\u1ee9 l\u00fac n\u00e0o. Tr\u1ea3i nghi\u1ec7m s\u1ef1 chuy\u1ec3n \u0111\u1ed5i r\u00f5 r\u1ec7t trong 90 gi\u00e2y! \u0110\u01b0\u1ee3c ch\u1ebf t\u1ea1o m\u1ed9t c\u00e1ch khoa h\u1ecdc \u0111\u1ec3 l\u00e0m gi\u1ea3m nhanh ch\u00f3ng v\u00e0 hi\u1ec7u qu\u1ea3 c\u00e1c d\u1ea5u hi\u1ec7u l\u00e3o h\u00f3a r\u00f5 r\u1ec7t, Ageless Instant Wrinkle Gi\u1ea3m k\u1ecbp th\u1eddi l\u00e0m gi\u1ea3m s\u1ef1 xu\u1ea5t hi\u1ec7n c\u1ee7a n\u1ebfp nh\u0103n, b\u1ecdng m\u1eaft v\u00e0 n\u1ebfp nh\u0103n, mang l\u1ea1i k\u1ebft qu\u1ea3 r\u00f5 r\u1ec7t trong v\u00f2ng ch\u01b0a \u0111\u1ea7y hai ph\u00fat! Ch\u1ec9 c\u1ea7n thoa Instant Youth l\u00ean nh\u1eefng v\u00f9ng da mong mu\u1ed1n m\u00e0 b\u1ea1n mu\u1ed1n gi\u1ea3m s\u1ef1 xu\u1ea5t hi\u1ec7n c\u1ee7a \u0111\u01b0\u1eddng nh\u0103n v\u00e0 n\u1ebfp nh\u0103n, \u0111\u1ec3 kh\u00f4 v\u00e0 ch\u1ee9ng ki\u1ebfn \u200b\u200bg\u1ea7n nh\u01b0 k\u1ebft qu\u1ea3 ngay l\u1eadp t\u1ee9c!<\/span><\/li>\n<\/ol>\n<hr \/>\n<p><strong><span>B\u00ean trong G\u00f3i Ch\u0103m s\u00f3c Da c\u00f3 g\u00ec?<\/span><\/strong><\/p>\n<hr \/>\n<p><a href=\"https:\/\/livegood.network\/shop\/vi\/product\/ageless-skin-serum-vi\/\"><img decoding=\"async\" class=\"alignnone wp-image-185\" src=\"https:\/\/livegood.network\/shop\/wp-content\/uploads\/2024\/01\/ageless-anti-aging-serum-sbc-livegood.png\" alt=\"S\u1ed1ng kh\u00f4ng tu\u1ed5i\" width=\"83\" height=\"83\" \/><\/a><\/p>\n<p><a href=\"https:\/\/livegood.network\/shop\/vi\/product\/ageless-skin-serum-vi\/\"><strong><span>Ageless &#8211; Kh\u00f4ng tu\u1ed5i t\u00e1c<\/span><\/strong><\/a><\/p>\n<p><span>N\u1ec1n t\u1ea3ng c\u1ee7a l\u00e0n da s\u1ed1ng \u0111\u1ed9ng l\u00e0 th\u00e0nh ph\u1ea7n c\u1ee7a 75% collagen.\u00a0M\u1ee9c \u0111\u1ed9 collagen t\u1ed1i \u01b0u g\u00f3p ph\u1ea7n mang l\u1ea1i v\u1ebb ngo\u00e0i tr\u1ebb trung, \u0111\u1ea7y \u0111\u1eb7n cho l\u00e0n da.<\/span><\/p>\n<hr \/>\n<p><a href=\"https:\/\/livegood.network\/shop\/vi\/product\/instant-youth-vi\/\"><img decoding=\"async\" class=\"alignnone wp-image-185\" src=\"https:\/\/livegood.network\/shop\/wp-content\/uploads\/2024\/01\/sbc-instant-youth-livegood.png\" alt=\"Tu\u1ed5i tr\u1ebb t\u1ee9c th\u00ec Livegood\" width=\"83\" height=\"83\" \/><\/a><\/p>\n<p><a href=\"https:\/\/livegood.network\/shop\/vi\/product\/instant-youth-vi\/\"><strong><span>Instant Youth &#8211; Tu\u1ed5i tr\u1ebb t\u1ee9c th\u00ec \u2013 Tu\u1ed5i tr\u1ebb t\u1ee9c th\u00ec k\u00e9o d\u00e0i kho\u1ea3ng 4 \u0111\u1ebfn 6 gi\u1edd v\u00e0 c\u00f3 th\u1ec3 s\u1eed d\u1ee5ng b\u1ea5t c\u1ee9 l\u00fac n\u00e0o.<\/span><\/strong><\/a><\/p>\n<p><span>\u0110\u01b0\u1ee3c ch\u1ebf t\u1ea1o m\u1ed9t c\u00e1ch khoa h\u1ecdc \u0111\u1ec3 gi\u1ea3m nhanh ch\u00f3ng v\u00e0 hi\u1ec7u qu\u1ea3 c\u00e1c d\u1ea5u hi\u1ec7u l\u00e3o h\u00f3a c\u00f3 th\u1ec3 nh\u00ecn th\u1ea5y, Ageless Instant Wrinkle Remover ho\u1ea1t \u0111\u1ed9ng nhanh ch\u00f3ng \u0111\u1ec3 l\u00e0m gi\u1ea3m c\u00e1c n\u1ebfp nh\u0103n, t\u00fai d\u01b0\u1edbi m\u1eaft v\u00e0 \u0111\u01b0\u1eddng nh\u0103n, mang l\u1ea1i k\u1ebft qu\u1ea3 \u0111\u00e1ng ch\u00fa \u00fd trong v\u00f2ng ch\u01b0a \u0111\u1ea7y hai ph\u00fat!<\/span><\/p>\n","protected":false},"excerpt":{"rendered":"<p>???? Ageless Skin Serum<br \/>\n???? Instant Youth<\/p>\n","protected":false},"featured_media":281,"comment_status":"open","ping_status":"closed","template":"","meta":[],"product_brand":[],"product_cat":[114,201],"product_tag":[],"class_list":{"0":"post-1163","1":"product","2":"type-product","3":"status-publish","4":"has-post-thumbnail","6":"product_cat-ageless-skin-vi","7":"product_cat-product-packages-vi","9":"first","10":"instock","11":"sale","12":"shipping-taxable","13":"product-type-external"},"yoast_head":"<!-- This site is optimized with the Yoast SEO Premium plugin v20.6 (Yoast SEO v21.8.1) - https:\/\/yoast.com\/wordpress\/plugins\/seo\/ -->\n<title>G\u00f3i ch\u0103m s\u00f3c da - LiveGooD Shop<\/title>\n<meta name=\"robots\" content=\"index, follow, max-snippet:-1, max-image-preview:large, max-video-preview:-1\" \/>\n<link rel=\"canonical\" href=\"https:\/\/livegood.network\/shop\/vi\/product\/skin-care-pack-vi\/\" \/>\n<meta property=\"og:locale\" content=\"en_US\" \/>\n<meta property=\"og:type\" content=\"article\" \/>\n<meta property=\"og:title\" content=\"G\u00f3i ch\u0103m s\u00f3c da\" \/>\n<meta property=\"og:description\" content=\"???? Ageless Skin Serum ???? Instant Youth\" \/>\n<meta property=\"og:url\" content=\"https:\/\/livegood.network\/shop\/vi\/product\/skin-care-pack-vi\/\" \/>\n<meta property=\"article:publisher\" content=\"https:\/\/www.facebook.com\/livegoodhello\" \/>\n<meta property=\"article:modified_time\" content=\"2024-01-25T22:01:35+00:00\" \/>\n<meta property=\"og:image\" content=\"https:\/\/livegood.network\/shop\/wp-content\/uploads\/2024\/01\/skin-care-pack-Tile-livegood.png\" \/>\n\t<meta property=\"og:image:width\" content=\"1000\" \/>\n\t<meta property=\"og:image:height\" content=\"600\" \/>\n\t<meta property=\"og:image:type\" content=\"image\/png\" \/>\n<meta name=\"twitter:card\" content=\"summary_large_image\" \/>\n<meta name=\"twitter:label1\" content=\"Est. reading time\" \/>\n\t<meta name=\"twitter:data1\" content=\"3 minutes\" \/>\n<script type=\"application\/ld+json\" class=\"yoast-schema-graph\">{\"@context\":\"https:\/\/schema.org\",\"@graph\":[{\"@type\":\"WebPage\",\"@id\":\"https:\/\/livegood.network\/shop\/vi\/product\/skin-care-pack-vi\/\",\"url\":\"https:\/\/livegood.network\/shop\/vi\/product\/skin-care-pack-vi\/\",\"name\":\"G\u00f3i ch\u0103m s\u00f3c da - LiveGooD Shop\",\"isPartOf\":{\"@id\":\"https:\/\/livegood.network\/shop\/#website\"},\"datePublished\":\"2024-01-25T22:01:34+00:00\",\"dateModified\":\"2024-01-25T22:01:35+00:00\",\"breadcrumb\":{\"@id\":\"https:\/\/livegood.network\/shop\/vi\/product\/skin-care-pack-vi\/#breadcrumb\"},\"inLanguage\":\"en-US\",\"potentialAction\":[{\"@type\":\"ReadAction\",\"target\":[\"https:\/\/livegood.network\/shop\/vi\/product\/skin-care-pack-vi\/\"]}]},{\"@type\":\"BreadcrumbList\",\"@id\":\"https:\/\/livegood.network\/shop\/vi\/product\/skin-care-pack-vi\/#breadcrumb\",\"itemListElement\":[{\"@type\":\"ListItem\",\"position\":1,\"name\":\"Home\",\"item\":\"https:\/\/livegood.network\/shop\/pt-br\/\"},{\"@type\":\"ListItem\",\"position\":2,\"name\":\"Shop\",\"item\":\"https:\/\/livegood.network\/shop\/shop\/\"},{\"@type\":\"ListItem\",\"position\":3,\"name\":\"G\u00f3i ch\u0103m s\u00f3c da\"}]},{\"@type\":\"WebSite\",\"@id\":\"https:\/\/livegood.network\/shop\/#website\",\"url\":\"https:\/\/livegood.network\/shop\/\",\"name\":\"LiveGooD Shop\",\"description\":\"\",\"publisher\":{\"@id\":\"https:\/\/livegood.network\/shop\/#organization\"},\"potentialAction\":[{\"@type\":\"SearchAction\",\"target\":{\"@type\":\"EntryPoint\",\"urlTemplate\":\"https:\/\/livegood.network\/shop\/?s={search_term_string}\"},\"query-input\":\"required name=search_term_string\"}],\"inLanguage\":\"en-US\"},{\"@type\":\"Organization\",\"@id\":\"https:\/\/livegood.network\/shop\/#organization\",\"name\":\"LiveGooD\",\"url\":\"https:\/\/livegood.network\/shop\/\",\"logo\":{\"@type\":\"ImageObject\",\"inLanguage\":\"en-US\",\"@id\":\"https:\/\/livegood.network\/shop\/#\/schema\/logo\/image\/\",\"url\":\"https:\/\/livegood.network\/shop\/wp-content\/uploads\/2024\/01\/logo-livegood-shop-main.png\",\"contentUrl\":\"https:\/\/livegood.network\/shop\/wp-content\/uploads\/2024\/01\/logo-livegood-shop-main.png\",\"width\":373,\"height\":115,\"caption\":\"LiveGooD\"},\"image\":{\"@id\":\"https:\/\/livegood.network\/shop\/#\/schema\/logo\/image\/\"},\"sameAs\":[\"https:\/\/www.facebook.com\/livegoodhello\"]}]}<\/script>\n<!-- \/ Yoast SEO Premium plugin. -->","yoast_head_json":{"title":"G\u00f3i ch\u0103m s\u00f3c da - LiveGooD Shop","robots":{"index":"index","follow":"follow","max-snippet":"max-snippet:-1","max-image-preview":"max-image-preview:large","max-video-preview":"max-video-preview:-1"},"canonical":"https:\/\/livegood.network\/shop\/vi\/product\/skin-care-pack-vi\/","og_locale":"en_US","og_type":"article","og_title":"G\u00f3i ch\u0103m s\u00f3c da","og_description":"???? Ageless Skin Serum ???? Instant Youth","og_url":"https:\/\/livegood.network\/shop\/vi\/product\/skin-care-pack-vi\/","article_publisher":"https:\/\/www.facebook.com\/livegoodhello","article_modified_time":"2024-01-25T22:01:35+00:00","og_image":[{"width":1000,"height":600,"url":"https:\/\/livegood.network\/shop\/wp-content\/uploads\/2024\/01\/skin-care-pack-Tile-livegood.png","type":"image\/png"}],"twitter_card":"summary_large_image","twitter_misc":{"Est. reading time":"3 minutes"},"schema":{"@context":"https:\/\/schema.org","@graph":[{"@type":"WebPage","@id":"https:\/\/livegood.network\/shop\/vi\/product\/skin-care-pack-vi\/","url":"https:\/\/livegood.network\/shop\/vi\/product\/skin-care-pack-vi\/","name":"G\u00f3i ch\u0103m s\u00f3c da - LiveGooD Shop","isPartOf":{"@id":"https:\/\/livegood.network\/shop\/#website"},"datePublished":"2024-01-25T22:01:34+00:00","dateModified":"2024-01-25T22:01:35+00:00","breadcrumb":{"@id":"https:\/\/livegood.network\/shop\/vi\/product\/skin-care-pack-vi\/#breadcrumb"},"inLanguage":"en-US","potentialAction":[{"@type":"ReadAction","target":["https:\/\/livegood.network\/shop\/vi\/product\/skin-care-pack-vi\/"]}]},{"@type":"BreadcrumbList","@id":"https:\/\/livegood.network\/shop\/vi\/product\/skin-care-pack-vi\/#breadcrumb","itemListElement":[{"@type":"ListItem","position":1,"name":"Home","item":"https:\/\/livegood.network\/shop\/pt-br\/"},{"@type":"ListItem","position":2,"name":"Shop","item":"https:\/\/livegood.network\/shop\/shop\/"},{"@type":"ListItem","position":3,"name":"G\u00f3i ch\u0103m s\u00f3c da"}]},{"@type":"WebSite","@id":"https:\/\/livegood.network\/shop\/#website","url":"https:\/\/livegood.network\/shop\/","name":"LiveGooD Shop","description":"","publisher":{"@id":"https:\/\/livegood.network\/shop\/#organization"},"potentialAction":[{"@type":"SearchAction","target":{"@type":"EntryPoint","urlTemplate":"https:\/\/livegood.network\/shop\/?s={search_term_string}"},"query-input":"required name=search_term_string"}],"inLanguage":"en-US"},{"@type":"Organization","@id":"https:\/\/livegood.network\/shop\/#organization","name":"LiveGooD","url":"https:\/\/livegood.network\/shop\/","logo":{"@type":"ImageObject","inLanguage":"en-US","@id":"https:\/\/livegood.network\/shop\/#\/schema\/logo\/image\/","url":"https:\/\/livegood.network\/shop\/wp-content\/uploads\/2024\/01\/logo-livegood-shop-main.png","contentUrl":"https:\/\/livegood.network\/shop\/wp-content\/uploads\/2024\/01\/logo-livegood-shop-main.png","width":373,"height":115,"caption":"LiveGooD"},"image":{"@id":"https:\/\/livegood.network\/shop\/#\/schema\/logo\/image\/"},"sameAs":["https:\/\/www.facebook.com\/livegoodhello"]}]}},"lang":"vi","translations":{"vi":1163,"en-us":280,"fr-fr":1159,"es-es":1160,"pt-pt":1161,"ru-ru":1164,"pt-br":1173,"ko":1165},"pll_sync_post":[],"_links":{"self":[{"href":"https:\/\/livegood.network\/shop\/wp-json\/wp\/v2\/product\/1163","targetHints":{"allow":["GET"]}}],"collection":[{"href":"https:\/\/livegood.network\/shop\/wp-json\/wp\/v2\/product"}],"about":[{"href":"https:\/\/livegood.network\/shop\/wp-json\/wp\/v2\/types\/product"}],"replies":[{"embeddable":true,"href":"https:\/\/livegood.network\/shop\/wp-json\/wp\/v2\/comments?post=1163"}],"version-history":[{"count":0,"href":"https:\/\/livegood.network\/shop\/wp-json\/wp\/v2\/product\/1163\/revisions"}],"wp:featuredmedia":[{"embeddable":true,"href":"https:\/\/livegood.network\/shop\/wp-json\/wp\/v2\/media\/281"}],"wp:attachment":[{"href":"https:\/\/livegood.network\/shop\/wp-json\/wp\/v2\/media?parent=1163"}],"wp:term":[{"taxonomy":"product_brand","embeddable":true,"href":"https:\/\/livegood.network\/shop\/wp-json\/wp\/v2\/product_brand?post=1163"},{"taxonomy":"product_cat","embeddable":true,"href":"https:\/\/livegood.network\/shop\/wp-json\/wp\/v2\/product_cat?post=1163"},{"taxonomy":"product_tag","embeddable":true,"href":"https:\/\/livegood.network\/shop\/wp-json\/wp\/v2\/product_tag?post=1163"}],"curies":[{"name":"wp","href":"https:\/\/api.w.org\/{rel}","templated":true}]}}