{"id":1176,"date":"2024-01-27T13:29:41","date_gmt":"2024-01-27T13:29:41","guid":{"rendered":"https:\/\/livegood.network\/shop\/?post_type=product&#038;p=1176"},"modified":"2024-02-02T16:33:22","modified_gmt":"2024-02-02T16:33:22","slug":"ultimate-wellness-pack-es-es","status":"publish","type":"product","link":"https:\/\/livegood.network\/shop\/es-es\/product\/ultimate-wellness-pack-es-es\/","title":{"rendered":"Ultimate Paquete de Bienestar"},"content":{"rendered":"<p><span style=\"color: #ff6600;\">Puedes\u00a0<strong>agregar Caf\u00e9<\/strong>\u00a0por solo\u00a0<strong>$15<\/strong><\/span><\/p>\n<hr \/>\n<p>La nutrici\u00f3n y la suplementaci\u00f3n desempe\u00f1an un papel fundamental en la salud y el bienestar general.\u00a0En ausencia de una suplementaci\u00f3n adecuada, mejorar el rendimiento cognitivo, abordar el envejecimiento celular, promover una piel sana, garantizar un mejor sue\u00f1o y una mejor visi\u00f3n y controlar la inflamaci\u00f3n excesiva se vuelven m\u00e1s dif\u00edciles.\u00a0Si bien el envejecimiento es un proceso inevitable, se puede lograr una longevidad saludable mediante un estilo de vida integral y una variedad de ingredientes dirigidos al estr\u00e9s oxidativo, la inflamaci\u00f3n, la funci\u00f3n cognitiva y los problemas musculares y esquel\u00e9ticos, entre otros, que pueden contribuir a las enfermedades cr\u00f3nicas.<\/p>\n<p>El LiveGood Ultimate Wellness Pack incluye una amplia selecci\u00f3n de ingredientes dise\u00f1ados para ayudarle a alcanzar todos sus objetivos de bienestar.<\/p>\n<p>C\u00f3mo optimizar los productos LiveGood:<\/p>\n<ol>\n<li><strong>Antiinflamatorio LiveGood Factor 4:<\/strong>\u00a0tomar 2 c\u00e1psulas blandas al d\u00eda equivale aproximadamente a 1,2 gramos de EPA\/DHA, lo que ofrece beneficios en el control de la inflamaci\u00f3n.\u00a0Para obtener beneficios adicionales, una dosis de 3 a 4 gramos de EPA\/DHA (6 a 8 c\u00e1psulas blandas por d\u00eda) puede ayudar a reducir los triglic\u00e9ridos.<\/li>\n<li><strong>LiveGood Essential Aminos:<\/strong>\u00a0Mezcle 1 cucharada de polvo en agua hasta dos veces al d\u00eda, preferiblemente 30 minutos antes de un entrenamiento y nuevamente durante el d\u00eda como una opci\u00f3n refrescante.\u00a0Consejo profesional: considere reemplazar un refresco o una bebida azucarada con esta bebida.<\/li>\n<li><strong>Multivitam\u00ednico LiveGood BioActive Complete:<\/strong>\u00a0Tomar 2 c\u00e1psulas con la comida, preferiblemente durante el desayuno o el almuerzo, ya que contienen vitamina B que pueden aumentar la energ\u00eda.<\/li>\n<li><strong>LiveGood Vitamina D3\/K2:<\/strong>\u00a0Tome 1-2 c\u00e1psulas con la primera comida del d\u00eda para una m\u00e1xima eficacia.<\/li>\n<li><strong>LiveGood Ultra Magnesium Complex:<\/strong>\u00a0Tomar 2 c\u00e1psulas por la tarde o antes de acostarse.\u00a0Consejo profesional: divida la dosis, tomando 1 c\u00e1psula por la tarde para ayudar a controlar el estr\u00e9s diario y la otra c\u00e1psula antes de acostarse para ayudar a conciliar el sue\u00f1o.<\/li>\n<li><strong>LiveGood Super Greens:<\/strong>\u00a0Consuma 1 cucharada de polvo con agua o su batido preferido al menos una vez al d\u00eda.\u00a0Considere una porci\u00f3n adicional para reemplazar una bebida menos deseable.<\/li>\n<li><strong>LiveGood Super Reds:<\/strong>\u00a0incorpora este polvo rojo que mejora el rendimiento en tu rutina previa al entrenamiento y como refuerzo de energ\u00eda a media tarde.\u00a0Mezcla 1 cucharada con agua o intenta combinarlo con nuestros Aminos Esenciales con sabor a ponche de frutas.<\/li>\n<li><strong>Caf\u00e9 org\u00e1nico LiveGood:<\/strong>\u00a0mezcle 1 cucharada de polvo en agua fr\u00eda o caliente al despertar para obtener un impulso r\u00e1pido de energ\u00eda, concentraci\u00f3n y motivaci\u00f3n.<\/li>\n<\/ol>\n<hr \/>\n<p><strong>\u00bfQu\u00e9 hay dentro del Ultimate Wellness Pack?<\/strong><\/p>\n<hr \/>\n<p><a href=\"https:\/\/livegood.network\/shop\/es-es\/product\/organic-super-greens-es-es\/\"><img decoding=\"async\" class=\"alignnone wp-image-185\" src=\"https:\/\/livegood.network\/shop\/wp-content\/uploads\/2024\/01\/super-greens-dietary-supplement-livegood.png\" alt=\"S\u00faper verdes Livegood\" width=\"83\" height=\"83\" \/><\/a><\/p>\n<p><a href=\"https:\/\/livegood.network\/shop\/es-es\/product\/organic-super-greens-es-es\/\"><strong>S\u00faper verdes<\/strong><\/a><\/p>\n<p>El consumo de frutas y verduras org\u00e1nicas, reci\u00e9n cosechadas y limpias mantiene la presi\u00f3n arterial normal, garantiza el funcionamiento adecuado de nuestro intestino y proporciona a nuestro cerebro nutrientes esenciales para tareas cruciales.<\/p>\n<hr \/>\n<p><a href=\"https:\/\/livegood.network\/shop\/es-es\/product\/organic-super-reds-es-es\/\"><img decoding=\"async\" class=\"alignnone wp-image-185\" src=\"https:\/\/livegood.network\/shop\/wp-content\/uploads\/2024\/01\/super-reds-dietary-supplement-livegood.png\" alt=\"S\u00faper Rojos Livegood\" width=\"83\" height=\"83\" \/><\/a><\/p>\n<p><a href=\"https:\/\/livegood.network\/shop\/es-es\/product\/organic-super-reds-es-es\/\"><strong>S\u00faper rojos<\/strong><\/a><\/p>\n<p>En el \u00e1mbito del envejecimiento saludable, \u00a1nada supera la importancia de un coraz\u00f3n sano!\u00a0La forma m\u00e1s eficaz de mantener la salud del coraz\u00f3n es mediante una dieta rica en frutas y verduras rojas.<\/p>\n<hr \/>\n<p><a href=\"https:\/\/livegood.network\/shop\/es-es\/product\/factor4-advanced-inflammation-management-es-es\/\"><img decoding=\"async\" class=\" wp-image-185\" src=\"https:\/\/livegood.network\/shop\/wp-content\/uploads\/2024\/01\/factor-4-livegood.png\" alt=\"Livegood Antiinflamatorio Factor 4\" width=\"83\" height=\"83\" \/><\/a><\/p>\n<p><a href=\"https:\/\/livegood.network\/shop\/es-es\/product\/factor4-advanced-inflammation-management-es-es\/\"><strong>Factor 4 Antiinflamatorio<\/strong><\/a><\/p>\n<p>Elaborado con orgullo por una de las principales inmun\u00f3logas del mundo, la Dra. Heather Volpp, Factor 4 de LiveGood surge como el suplemento inaugural para el control de la inflamaci\u00f3n dise\u00f1ado con cuatro de los ingredientes antiinflamatorios m\u00e1s potentes del mundo.<\/p>\n<hr \/>\n<p><a href=\"https:\/\/livegood.network\/shop\/es-es\/product\/essential-aminos-es-es\/\"><img loading=\"lazy\" decoding=\"async\" class=\" wp-image-185\" src=\"https:\/\/livegood.network\/shop\/wp-content\/uploads\/2024\/01\/aminos-fruitpunch-livegood.png\" alt=\"Amino\u00e1cidos Esenciales Completos Livegood\" width=\"83\" height=\"83\" \/><\/a><\/p>\n<p><a href=\"https:\/\/livegood.network\/shop\/es-es\/product\/essential-aminos-es-es\/\"><strong>Amino\u00e1cidos esenciales<\/strong><\/a><\/p>\n<p>\u00a1La f\u00f3rmula exclusiva le proporciona una proporci\u00f3n finamente ajustada de TODOS los amino\u00e1cidos esenciales, amino\u00e1cidos de cadena ramificada Y electrolitos para reforzar la fuerza y \u200b\u200bfunci\u00f3n muscular, preservar la masa muscular magra, mejorar la resistencia y la recuperaci\u00f3n, y fomentar un estado de energ\u00eda y concentraci\u00f3n saludables!<\/p>\n<hr \/>\n<p><a href=\"https:\/\/livegood.network\/shop\/es-es\/product\/bio-active-complete-multi-vitamin-for-men-es-es\/\"><img loading=\"lazy\" decoding=\"async\" class=\" wp-image-185\" src=\"https:\/\/livegood.network\/shop\/wp-content\/uploads\/2024\/01\/multi-vitamin-men-shop-livegood.png\" sizes=\"(max-width: 83px) 100vw, 83px\" srcset=\"https:\/\/livegood.network\/shop\/wp-content\/uploads\/2024\/01\/multi-vitamin-men-shop-livegood.png 720w, https:\/\/livegood.network\/shop\/wp-content\/uploads\/2024\/01\/multi-vitamin-men-shop-livegood-300x300.png 300w, https:\/\/livegood.network\/shop\/wp-content\/uploads\/2024\/01\/multi-vitamin-men-shop-livegood-150x150.png 150w, https:\/\/livegood.network\/shop\/wp-content\/uploads\/2024\/01\/multi-vitamin-men-shop-livegood-350x350.png 350w, https:\/\/livegood.network\/shop\/wp-content\/uploads\/2024\/01\/multi-vitamin-men-shop-livegood-600x600.png 600w, https:\/\/livegood.network\/shop\/wp-content\/uploads\/2024\/01\/multi-vitamin-men-shop-livegood-100x100.png 100w\" alt=\"tienda multivitam\u00ednica para hombres livegood\" width=\"83\" height=\"83\" \/><\/a><\/p>\n<p><a href=\"https:\/\/livegood.network\/shop\/es-es\/product\/bio-active-complete-multi-vitamin-for-men-es-es\/\"><strong>Multivitam\u00ednico Bioactivo Completo para Hombre o Mujer<\/strong><\/a><\/p>\n<p>La mayor\u00eda de los hombres no obtienen las vitaminas y minerales adecuados a trav\u00e9s de su dieta diaria.\u00a0Estas deficiencias de vitaminas pueden provocar diversos problemas de salud, como un sistema inmunol\u00f3gico comprometido, ca\u00edda del cabello, problemas de la piel, disminuci\u00f3n de la visi\u00f3n, disminuci\u00f3n de la densidad \u00f3sea e incluso aumento de peso, junto con afecciones de salud m\u00e1s graves.<\/p>\n<hr \/>\n<p><a href=\"https:\/\/livegood.network\/shop\/es-es\/product\/d3-k2-2000-vitamin-es-es\/\"><img loading=\"lazy\" decoding=\"async\" class=\" wp-image-185\" src=\"https:\/\/livegood.network\/shop\/wp-content\/uploads\/2024\/01\/d3-k2-vitamin-d-and-k-livegood.png\" alt=\"D3-K2\" width=\"83\" height=\"83\" \/><\/a><\/p>\n<p><a href=\"https:\/\/livegood.network\/shop\/es-es\/product\/d3-k2-2000-vitamin-es-es\/\"><strong>Vitamina D3 y K2<\/strong><\/a><\/p>\n<p>\u00bfSab\u00edas que la vitamina D juega un papel crucial en el apoyo a un sistema inmunol\u00f3gico saludable?<br \/>\n\u00bfSab\u00eda usted que m\u00e1s personas sufren de una deficiencia de vitamina D que cualquier otra vitamina a nivel mundial?<\/p>\n<hr \/>\n<p><a href=\"https:\/\/livegood.network\/shop\/es-es\/product\/ultra-magnesium-complex-es-es\/\"><img loading=\"lazy\" decoding=\"async\" class=\" wp-image-185\" src=\"https:\/\/livegood.network\/shop\/wp-content\/uploads\/2024\/01\/ultra-magnesium-complex-livegood.png\" alt=\"Complejo Ultra Magnesio\" width=\"83\" height=\"83\" \/><\/a><\/p>\n<p><a href=\"https:\/\/livegood.network\/shop\/es-es\/product\/ultra-magnesium-complex-es-es\/\"><strong>Complejo Ultra Magnesio<\/strong><\/a><\/p>\n<p>\u00a1El magnesio desempe\u00f1a un papel en m\u00e1s de 300 reacciones bioqu\u00edmicas dentro de nuestro cuerpo cada d\u00eda!\u00a0A pesar de mantener una dieta sana y equilibrada, la mayor\u00eda de las personas no adquieren suficiente magnesio.<\/p>\n","protected":false},"excerpt":{"rendered":"<p><span style=\"color: #ff0000;\">Puedes <strong>agregar caf\u00e9<\/strong> por solo <strong>$15<\/strong><\/span><\/p>\n<p><img decoding=\"async\" class=\"emoji\" role=\"img\" draggable=\"false\" src=\"https:\/\/s.w.org\/images\/core\/emoji\/14.0.0\/svg\/1f49a.svg\" alt=\"LiveGooD Heart\" \/> Multivitam\u00ednico Completo Bio-Activo Para Hombres o Mujeres<br \/>\n<img decoding=\"async\" class=\"emoji\" role=\"img\" draggable=\"false\" src=\"https:\/\/s.w.org\/images\/core\/emoji\/14.0.0\/svg\/1f49a.svg\" alt=\"LiveGooD Heart\" \/> Essential Aminos Ponche de Frutas\/Lima Lim\u00f3n<br \/>\n<img decoding=\"async\" class=\"emoji\" role=\"img\" draggable=\"false\" src=\"https:\/\/s.w.org\/images\/core\/emoji\/14.0.0\/svg\/1f49a.svg\" alt=\"LiveGooD Heart\" \/> S\u00faper Verdes<br \/>\n<img decoding=\"async\" class=\"emoji\" role=\"img\" draggable=\"false\" src=\"https:\/\/s.w.org\/images\/core\/emoji\/14.0.0\/svg\/1f49a.svg\" alt=\"LiveGooD Heart\" \/> S\u00faper Rojos<br \/>\n<img decoding=\"async\" class=\"emoji\" role=\"img\" draggable=\"false\" src=\"https:\/\/s.w.org\/images\/core\/emoji\/14.0.0\/svg\/1f49a.svg\" alt=\"LiveGooD Heart\" \/> Factor 4 Antiinflamatorio<br \/>\n<img decoding=\"async\" class=\"emoji\" role=\"img\" draggable=\"false\" src=\"https:\/\/s.w.org\/images\/core\/emoji\/14.0.0\/svg\/1f49a.svg\" alt=\"LiveGooD Heart\" \/> Complejo Ultra Magnesio<br \/>\n<img decoding=\"async\" class=\"emoji\" role=\"img\" draggable=\"false\" src=\"https:\/\/s.w.org\/images\/core\/emoji\/14.0.0\/svg\/1f49a.svg\" alt=\"LiveGooD Heart\" \/> D3-K2 2000<\/p>\n","protected":false},"featured_media":278,"comment_status":"open","ping_status":"closed","template":"","meta":[],"product_brand":[],"product_cat":[209,212,240],"product_tag":[],"class_list":{"0":"post-1176","1":"product","2":"type-product","3":"status-publish","4":"has-post-thumbnail","6":"product_cat-product-packages-es-es","7":"product_cat-supplements-es-es","8":"product_cat-vitamin-es-es","10":"first","11":"instock","12":"sale","13":"shipping-taxable","14":"product-type-external"},"yoast_head":"<!-- This site is optimized with the Yoast SEO Premium plugin v20.6 (Yoast SEO v21.8.1) - https:\/\/yoast.com\/wordpress\/plugins\/seo\/ -->\n<title>Ultimate Paquete de Bienestar - LiveGooD Shop<\/title>\n<meta name=\"robots\" content=\"index, follow, max-snippet:-1, max-image-preview:large, max-video-preview:-1\" \/>\n<link rel=\"canonical\" href=\"https:\/\/livegood.network\/shop\/es-es\/product\/ultimate-wellness-pack-es-es\/\" \/>\n<meta property=\"og:locale\" content=\"en_US\" \/>\n<meta property=\"og:type\" content=\"article\" \/>\n<meta property=\"og:title\" content=\"Ultimate Paquete de Bienestar\" \/>\n<meta property=\"og:description\" content=\"Puedes agregar caf\u00e9 por solo $15   Multivitam\u00ednico Completo Bio-Activo Para Hombres o Mujeres  Essential Aminos Ponche de Frutas\/Lima Lim\u00f3n  S\u00faper Verdes  S\u00faper Rojos  Factor 4 Antiinflamatorio  Complejo Ultra Magnesio  D3-K2 2000\" \/>\n<meta property=\"og:url\" content=\"https:\/\/livegood.network\/shop\/es-es\/product\/ultimate-wellness-pack-es-es\/\" \/>\n<meta property=\"article:publisher\" content=\"https:\/\/www.facebook.com\/livegoodhello\" \/>\n<meta property=\"article:modified_time\" content=\"2024-02-02T16:33:22+00:00\" \/>\n<meta property=\"og:image\" content=\"https:\/\/livegood.network\/shop\/wp-content\/uploads\/2024\/01\/ultimate-wellness-pack-factor-4-pack-tile-livegood.png\" \/>\n\t<meta property=\"og:image:width\" content=\"1000\" \/>\n\t<meta property=\"og:image:height\" content=\"600\" \/>\n\t<meta property=\"og:image:type\" content=\"image\/png\" \/>\n<meta name=\"twitter:card\" content=\"summary_large_image\" \/>\n<meta name=\"twitter:label1\" content=\"Est. reading time\" \/>\n\t<meta name=\"twitter:data1\" content=\"5 minutes\" \/>\n<script type=\"application\/ld+json\" class=\"yoast-schema-graph\">{\"@context\":\"https:\/\/schema.org\",\"@graph\":[{\"@type\":\"WebPage\",\"@id\":\"https:\/\/livegood.network\/shop\/es-es\/product\/ultimate-wellness-pack-es-es\/\",\"url\":\"https:\/\/livegood.network\/shop\/es-es\/product\/ultimate-wellness-pack-es-es\/\",\"name\":\"Ultimate Paquete de Bienestar - LiveGooD Shop\",\"isPartOf\":{\"@id\":\"https:\/\/livegood.network\/shop\/#website\"},\"datePublished\":\"2024-01-27T13:29:41+00:00\",\"dateModified\":\"2024-02-02T16:33:22+00:00\",\"breadcrumb\":{\"@id\":\"https:\/\/livegood.network\/shop\/es-es\/product\/ultimate-wellness-pack-es-es\/#breadcrumb\"},\"inLanguage\":\"en-US\",\"potentialAction\":[{\"@type\":\"ReadAction\",\"target\":[\"https:\/\/livegood.network\/shop\/es-es\/product\/ultimate-wellness-pack-es-es\/\"]}]},{\"@type\":\"BreadcrumbList\",\"@id\":\"https:\/\/livegood.network\/shop\/es-es\/product\/ultimate-wellness-pack-es-es\/#breadcrumb\",\"itemListElement\":[{\"@type\":\"ListItem\",\"position\":1,\"name\":\"Home\",\"item\":\"https:\/\/livegood.network\/shop\/pt-br\/\"},{\"@type\":\"ListItem\",\"position\":2,\"name\":\"Shop\",\"item\":\"https:\/\/livegood.network\/shop\/shop\/\"},{\"@type\":\"ListItem\",\"position\":3,\"name\":\"Ultimate Paquete de Bienestar\"}]},{\"@type\":\"WebSite\",\"@id\":\"https:\/\/livegood.network\/shop\/#website\",\"url\":\"https:\/\/livegood.network\/shop\/\",\"name\":\"LiveGooD Shop\",\"description\":\"\",\"publisher\":{\"@id\":\"https:\/\/livegood.network\/shop\/#organization\"},\"potentialAction\":[{\"@type\":\"SearchAction\",\"target\":{\"@type\":\"EntryPoint\",\"urlTemplate\":\"https:\/\/livegood.network\/shop\/?s={search_term_string}\"},\"query-input\":\"required name=search_term_string\"}],\"inLanguage\":\"en-US\"},{\"@type\":\"Organization\",\"@id\":\"https:\/\/livegood.network\/shop\/#organization\",\"name\":\"LiveGooD\",\"url\":\"https:\/\/livegood.network\/shop\/\",\"logo\":{\"@type\":\"ImageObject\",\"inLanguage\":\"en-US\",\"@id\":\"https:\/\/livegood.network\/shop\/#\/schema\/logo\/image\/\",\"url\":\"https:\/\/livegood.network\/shop\/wp-content\/uploads\/2024\/01\/logo-livegood-shop-main.png\",\"contentUrl\":\"https:\/\/livegood.network\/shop\/wp-content\/uploads\/2024\/01\/logo-livegood-shop-main.png\",\"width\":373,\"height\":115,\"caption\":\"LiveGooD\"},\"image\":{\"@id\":\"https:\/\/livegood.network\/shop\/#\/schema\/logo\/image\/\"},\"sameAs\":[\"https:\/\/www.facebook.com\/livegoodhello\"]}]}<\/script>\n<!-- \/ Yoast SEO Premium plugin. -->","yoast_head_json":{"title":"Ultimate Paquete de Bienestar - LiveGooD Shop","robots":{"index":"index","follow":"follow","max-snippet":"max-snippet:-1","max-image-preview":"max-image-preview:large","max-video-preview":"max-video-preview:-1"},"canonical":"https:\/\/livegood.network\/shop\/es-es\/product\/ultimate-wellness-pack-es-es\/","og_locale":"en_US","og_type":"article","og_title":"Ultimate Paquete de Bienestar","og_description":"Puedes agregar caf\u00e9 por solo $15   Multivitam\u00ednico Completo Bio-Activo Para Hombres o Mujeres  Essential Aminos Ponche de Frutas\/Lima Lim\u00f3n  S\u00faper Verdes  S\u00faper Rojos  Factor 4 Antiinflamatorio  Complejo Ultra Magnesio  D3-K2 2000","og_url":"https:\/\/livegood.network\/shop\/es-es\/product\/ultimate-wellness-pack-es-es\/","article_publisher":"https:\/\/www.facebook.com\/livegoodhello","article_modified_time":"2024-02-02T16:33:22+00:00","og_image":[{"width":1000,"height":600,"url":"https:\/\/livegood.network\/shop\/wp-content\/uploads\/2024\/01\/ultimate-wellness-pack-factor-4-pack-tile-livegood.png","type":"image\/png"}],"twitter_card":"summary_large_image","twitter_misc":{"Est. reading time":"5 minutes"},"schema":{"@context":"https:\/\/schema.org","@graph":[{"@type":"WebPage","@id":"https:\/\/livegood.network\/shop\/es-es\/product\/ultimate-wellness-pack-es-es\/","url":"https:\/\/livegood.network\/shop\/es-es\/product\/ultimate-wellness-pack-es-es\/","name":"Ultimate Paquete de Bienestar - LiveGooD Shop","isPartOf":{"@id":"https:\/\/livegood.network\/shop\/#website"},"datePublished":"2024-01-27T13:29:41+00:00","dateModified":"2024-02-02T16:33:22+00:00","breadcrumb":{"@id":"https:\/\/livegood.network\/shop\/es-es\/product\/ultimate-wellness-pack-es-es\/#breadcrumb"},"inLanguage":"en-US","potentialAction":[{"@type":"ReadAction","target":["https:\/\/livegood.network\/shop\/es-es\/product\/ultimate-wellness-pack-es-es\/"]}]},{"@type":"BreadcrumbList","@id":"https:\/\/livegood.network\/shop\/es-es\/product\/ultimate-wellness-pack-es-es\/#breadcrumb","itemListElement":[{"@type":"ListItem","position":1,"name":"Home","item":"https:\/\/livegood.network\/shop\/pt-br\/"},{"@type":"ListItem","position":2,"name":"Shop","item":"https:\/\/livegood.network\/shop\/shop\/"},{"@type":"ListItem","position":3,"name":"Ultimate Paquete de Bienestar"}]},{"@type":"WebSite","@id":"https:\/\/livegood.network\/shop\/#website","url":"https:\/\/livegood.network\/shop\/","name":"LiveGooD Shop","description":"","publisher":{"@id":"https:\/\/livegood.network\/shop\/#organization"},"potentialAction":[{"@type":"SearchAction","target":{"@type":"EntryPoint","urlTemplate":"https:\/\/livegood.network\/shop\/?s={search_term_string}"},"query-input":"required name=search_term_string"}],"inLanguage":"en-US"},{"@type":"Organization","@id":"https:\/\/livegood.network\/shop\/#organization","name":"LiveGooD","url":"https:\/\/livegood.network\/shop\/","logo":{"@type":"ImageObject","inLanguage":"en-US","@id":"https:\/\/livegood.network\/shop\/#\/schema\/logo\/image\/","url":"https:\/\/livegood.network\/shop\/wp-content\/uploads\/2024\/01\/logo-livegood-shop-main.png","contentUrl":"https:\/\/livegood.network\/shop\/wp-content\/uploads\/2024\/01\/logo-livegood-shop-main.png","width":373,"height":115,"caption":"LiveGooD"},"image":{"@id":"https:\/\/livegood.network\/shop\/#\/schema\/logo\/image\/"},"sameAs":["https:\/\/www.facebook.com\/livegoodhello"]}]}},"lang":"es-es","translations":{"es-es":1176,"ru-ru":1179,"ko":1180,"vi":1178,"en-us":277,"fr-fr":1175,"pt-pt":1177,"pt-br":1190},"pll_sync_post":[],"_links":{"self":[{"href":"https:\/\/livegood.network\/shop\/wp-json\/wp\/v2\/product\/1176","targetHints":{"allow":["GET"]}}],"collection":[{"href":"https:\/\/livegood.network\/shop\/wp-json\/wp\/v2\/product"}],"about":[{"href":"https:\/\/livegood.network\/shop\/wp-json\/wp\/v2\/types\/product"}],"replies":[{"embeddable":true,"href":"https:\/\/livegood.network\/shop\/wp-json\/wp\/v2\/comments?post=1176"}],"version-history":[{"count":4,"href":"https:\/\/livegood.network\/shop\/wp-json\/wp\/v2\/product\/1176\/revisions"}],"predecessor-version":[{"id":1568,"href":"https:\/\/livegood.network\/shop\/wp-json\/wp\/v2\/product\/1176\/revisions\/1568"}],"wp:featuredmedia":[{"embeddable":true,"href":"https:\/\/livegood.network\/shop\/wp-json\/wp\/v2\/media\/278"}],"wp:attachment":[{"href":"https:\/\/livegood.network\/shop\/wp-json\/wp\/v2\/media?parent=1176"}],"wp:term":[{"taxonomy":"product_brand","embeddable":true,"href":"https:\/\/livegood.network\/shop\/wp-json\/wp\/v2\/product_brand?post=1176"},{"taxonomy":"product_cat","embeddable":true,"href":"https:\/\/livegood.network\/shop\/wp-json\/wp\/v2\/product_cat?post=1176"},{"taxonomy":"product_tag","embeddable":true,"href":"https:\/\/livegood.network\/shop\/wp-json\/wp\/v2\/product_tag?post=1176"}],"curies":[{"name":"wp","href":"https:\/\/api.w.org\/{rel}","templated":true}]}}