{"id":1178,"date":"2024-01-27T13:00:07","date_gmt":"2024-01-27T13:00:07","guid":{"rendered":"https:\/\/livegood.network\/shop\/?post_type=product&#038;p=1178"},"modified":"2024-02-02T16:41:42","modified_gmt":"2024-02-02T16:41:42","slug":"ultimate-wellness-pack-vi","status":"publish","type":"product","link":"https:\/\/livegood.network\/shop\/vi\/product\/ultimate-wellness-pack-vi\/","title":{"rendered":"G\u00f3i ch\u0103m s\u00f3c s\u1ee9c kh\u1ecfe t\u1ed1i \u01b0u"},"content":{"rendered":"<p><span style=\"color: #ff6600;\"><strong>B\u1ea1n c\u00f3 th\u1ec3\u00a0th\u00eam C\u00e0 ph\u00ea\u00a0ch\u1ec9 v\u1edbi\u00a0$15<\/strong><\/span><\/p>\n<hr \/>\n<p>Dinh d\u01b0\u1ee1ng v\u00e0 b\u1ed5 sung \u0111\u00f3ng m\u1ed9t vai tr\u00f2 quan tr\u1ecdng \u0111\u1ed1i v\u1edbi s\u1ee9c kh\u1ecfe t\u1ed5ng th\u1ec3 v\u00e0 h\u1ea1nh ph\u00fac.\u00a0Trong tr\u01b0\u1eddng h\u1ee3p kh\u00f4ng b\u1ed5 sung th\u00edch h\u1ee3p, vi\u1ec7c n\u00e2ng cao hi\u1ec7u su\u1ea5t nh\u1eadn th\u1ee9c, gi\u1ea3i quy\u1ebft l\u00e3o h\u00f3a t\u1ebf b\u00e0o, th\u00fac \u0111\u1ea9y l\u00e0n da kh\u1ecfe m\u1ea1nh, \u0111\u1ea3m b\u1ea3o gi\u1ea5c ng\u1ee7 v\u00e0 th\u1ecb l\u1ef1c t\u1ed1t h\u01a1n c\u0169ng nh\u01b0 vi\u1ec7c ki\u1ec3m so\u00e1t t\u00ecnh tr\u1ea1ng vi\u00eam qu\u00e1 m\u1ee9c tr\u1edf n\u00ean kh\u00f3 kh\u0103n h\u01a1n.\u00a0M\u1eb7c d\u00f9 l\u00e3o h\u00f3a l\u00e0 m\u1ed9t qu\u00e1 tr\u00ecnh kh\u00f4ng th\u1ec3 tr\u00e1nh kh\u1ecfi, nh\u01b0ng b\u1ea1n c\u00f3 th\u1ec3 \u0111\u1ea1t \u0111\u01b0\u1ee3c vi\u1ec7c n\u00e2ng cao tu\u1ed5i th\u1ecd kh\u1ecfe m\u1ea1nh th\u00f4ng qua l\u1ed1i s\u1ed1ng to\u00e0n di\u1ec7n v\u00e0 m\u1ed9t lo\u1ea1t c\u00e1c th\u00e0nh ph\u1ea7n nh\u1eafm \u0111\u1ebfn stress oxy h\u00f3a, vi\u00eam nhi\u1ec5m, ch\u1ee9c n\u0103ng nh\u1eadn th\u1ee9c v\u00e0 c\u00e1c v\u1ea5n \u0111\u1ec1 v\u1ec1 c\u01a1\/x\u01b0\u01a1ng, c\u00f9ng nh\u1eefng v\u1ea5n \u0111\u1ec1 kh\u00e1c, c\u00f3 th\u1ec3 g\u00f3p ph\u1ea7n g\u00e2y ra c\u00e1c b\u1ec7nh m\u00e3n t\u00ednh.<\/p>\n<p>G\u00f3i ch\u0103m s\u00f3c s\u1ee9c kh\u1ecfe t\u1ed1i \u01b0u LiveGood bao g\u1ed3m tuy\u1ec3n ch\u1ecdn to\u00e0n di\u1ec7n c\u00e1c th\u00e0nh ph\u1ea7n \u0111\u01b0\u1ee3c thi\u1ebft k\u1ebf \u0111\u1ec3 h\u1ed7 tr\u1ee3 b\u1ea1n \u0111\u1ea1t \u0111\u01b0\u1ee3c t\u1ea5t c\u1ea3 c\u00e1c m\u1ee5c ti\u00eau ch\u0103m s\u00f3c s\u1ee9c kh\u1ecfe c\u1ee7a m\u00ecnh.<\/p>\n<p>C\u00e1ch t\u1ed1i \u01b0u h\u00f3a s\u1ea3n ph\u1ea9m LiveGood:<\/p>\n<ol>\n<li><strong>LiveGood Factor 4 Ch\u1ed1ng vi\u00eam:<\/strong>\u00a0U\u1ed1ng 2 vi\u00ean nang m\u1ec1m m\u1ed7i ng\u00e0y t\u01b0\u01a1ng \u0111\u01b0\u01a1ng v\u1edbi kho\u1ea3ng 1,2 gam EPA\/DHA, mang l\u1ea1i l\u1ee3i \u00edch trong vi\u1ec7c ki\u1ec3m so\u00e1t t\u00ecnh tr\u1ea1ng vi\u00eam.\u00a0\u0110\u1ec3 c\u00f3 th\u00eam l\u1ee3i \u00edch, li\u1ec1u 3-4 gram EPA\/DHA (6-8 vi\u00ean nang m\u1ec1m m\u1ed7i ng\u00e0y) c\u00f3 th\u1ec3 h\u1ed7 tr\u1ee3 gi\u1ea3m ch\u1ea5t b\u00e9o trung t\u00ednh.<\/li>\n<li><strong>LiveGood Essential Aminos:<\/strong>\u00a0Tr\u1ed9n 1 mu\u1ed7ng b\u1ed9t v\u1edbi n\u01b0\u1edbc t\u1ed1i \u0111a hai l\u1ea7n m\u1ed7i ng\u00e0y, t\u1ed1t nh\u1ea5t l\u00e0 30 ph\u00fat tr\u01b0\u1edbc khi t\u1eadp luy\u1ec7n v\u00e0 m\u1ed9t l\u1ea7n n\u1eefa trong ng\u00e0y nh\u01b0 m\u1ed9t l\u1ef1a ch\u1ecdn s\u1ea3ng kho\u00e1i.\u00a0M\u1eb9o chuy\u00ean nghi\u1ec7p: H\u00e3y c\u00e2n nh\u1eafc vi\u1ec7c thay th\u1ebf soda ho\u1eb7c \u0111\u1ed3 u\u1ed1ng c\u00f3 \u0111\u01b0\u1eddng b\u1eb1ng \u0111\u1ed3 u\u1ed1ng n\u00e0y.<\/li>\n<li><strong>LiveGood BioActive Complete Multi-vitamin:<\/strong>\u00a0U\u1ed1ng 2 vi\u00ean trong b\u1eefa \u0103n, t\u1ed1t nh\u1ea5t l\u00e0 trong b\u1eefa s\u00e1ng ho\u1eb7c b\u1eefa tr\u01b0a, v\u00ec ch\u00fang c\u00f3 ch\u1ee9a vitamin B c\u00f3 th\u1ec3 t\u0103ng c\u01b0\u1eddng n\u0103ng l\u01b0\u1ee3ng.<\/li>\n<li><strong>LiveGood Vitamin D3\/K2:<\/strong>\u00a0U\u1ed1ng 1-2 vi\u00ean v\u00e0o b\u1eefa \u0103n \u0111\u1ea7u ti\u00ean trong ng\u00e0y \u0111\u1ec3 \u0111\u1ea1t hi\u1ec7u qu\u1ea3 t\u1ed1i \u0111a.<\/li>\n<li><strong>Ph\u1ee9c h\u1ee3p Magi\u00ea LiveGood Ultra:<\/strong>\u00a0U\u1ed1ng 2 vi\u00ean v\u00e0o bu\u1ed5i chi\u1ec1u ho\u1eb7c tr\u01b0\u1edbc khi \u0111i ng\u1ee7.\u00a0M\u1eb9o chuy\u00ean nghi\u1ec7p: Chia nh\u1ecf li\u1ec1u l\u01b0\u1ee3ng, u\u1ed1ng 1 vi\u00ean v\u00e0o bu\u1ed5i chi\u1ec1u \u0111\u1ec3 gi\u00fap ki\u1ec3m so\u00e1t c\u0103ng th\u1eb3ng h\u00e0ng ng\u00e0y v\u00e0 vi\u00ean c\u00f2n l\u1ea1i tr\u01b0\u1edbc khi \u0111i ng\u1ee7 \u0111\u1ec3 h\u1ed7 tr\u1ee3 gi\u1ea5c ng\u1ee7.<\/li>\n<li><strong>LiveGood Super Greens:<\/strong>\u00a0Ti\u00eau th\u1ee5 1 mu\u1ed7ng b\u1ed9t v\u1edbi n\u01b0\u1edbc ho\u1eb7c sinh t\u1ed1 \u01b0a th\u00edch c\u1ee7a b\u1ea1n \u00edt nh\u1ea5t m\u1ed9t l\u1ea7n m\u1ed7i ng\u00e0y.\u00a0H\u00e3y c\u00e2n nh\u1eafc d\u00f9ng th\u00eam m\u1ed9t kh\u1ea9u ph\u1ea7n \u0111\u1ec3 thay th\u1ebf m\u1ed9t lo\u1ea1i \u0111\u1ed3 u\u1ed1ng \u00edt \u0111\u01b0\u1ee3c \u01b0a chu\u1ed9ng h\u01a1n.<\/li>\n<li><strong>LiveGood Super Reds:<\/strong>\u00a0K\u1ebft h\u1ee3p lo\u1ea1i b\u1ed9t m\u00e0u \u0111\u1ecf t\u0103ng c\u01b0\u1eddng hi\u1ec7u su\u1ea5t n\u00e0y v\u00e0o th\u00f3i quen tr\u01b0\u1edbc khi t\u1eadp luy\u1ec7n c\u1ee7a b\u1ea1n v\u00e0 nh\u01b0 m\u1ed9t ngu\u1ed3n t\u0103ng n\u0103ng l\u01b0\u1ee3ng v\u00e0o gi\u1eefa bu\u1ed5i chi\u1ec1u.\u00a0Tr\u1ed9n 1 mu\u1ed7ng v\u1edbi n\u01b0\u1edbc ho\u1eb7c th\u1eed k\u1ebft h\u1ee3p n\u00f3 v\u1edbi Essential Aminos c\u00f3 h\u01b0\u01a1ng v\u1ecb tr\u00e1i c\u00e2y c\u1ee7a ch\u00fang t\u00f4i.<\/li>\n<li><strong>C\u00e0 ph\u00ea h\u1eefu c\u01a1 LiveGood:<\/strong>\u00a0Tr\u1ed9n 1 mu\u1ed7ng b\u1ed9t v\u00e0o n\u01b0\u1edbc n\u00f3ng ho\u1eb7c l\u1ea1nh khi th\u1ee9c d\u1eady \u0111\u1ec3 t\u0103ng c\u01b0\u1eddng n\u0103ng l\u01b0\u1ee3ng, s\u1ef1 t\u1eadp trung v\u00e0 \u0111\u1ed9ng l\u1ef1c nhanh ch\u00f3ng.<\/li>\n<\/ol>\n<hr \/>\n<p><strong>B\u00ean trong G\u00f3i Ch\u0103m S\u00f3c S\u1ee9c Kh\u1ecfe T\u1ed1i Th\u01b0\u1ee3ng c\u00f3 g\u00ec?<\/strong><\/p>\n<hr \/>\n<p><a href=\"https:\/\/livegood.network\/shop\/vi\/product\/organic-super-greens-vi\/\"><img decoding=\"async\" class=\"alignnone wp-image-185\" src=\"https:\/\/livegood.network\/shop\/wp-content\/uploads\/2024\/01\/super-greens-dietary-supplement-livegood.png\" alt=\"Super Greens Livegood\" width=\"83\" height=\"83\" \/><\/a><\/p>\n<p><a href=\"https:\/\/livegood.network\/shop\/vi\/product\/organic-super-greens-vi\/\"><strong>si\u00eau xanh<\/strong><\/a><\/p>\n<p>Ti\u00eau th\u1ee5 tr\u00e1i c\u00e2y v\u00e0 rau h\u1eefu c\u01a1, m\u1edbi thu ho\u1ea1ch v\u00e0 s\u1ea1ch s\u1ebd duy tr\u00ec huy\u1ebft \u00e1p b\u00ecnh th\u01b0\u1eddng, \u0111\u1ea3m b\u1ea3o ho\u1ea1t \u0111\u1ed9ng b\u00ecnh th\u01b0\u1eddng c\u1ee7a \u0111\u01b0\u1eddng ru\u1ed9t v\u00e0 cung c\u1ea5p cho n\u00e3o nh\u1eefng ch\u1ea5t dinh d\u01b0\u1ee1ng c\u1ea7n thi\u1ebft cho c\u00e1c nhi\u1ec7m v\u1ee5 quan tr\u1ecdng.<\/p>\n<hr \/>\n<p><a href=\"https:\/\/livegood.network\/shop\/vi\/product\/organic-super-reds-vi\/\"><img decoding=\"async\" class=\"alignnone wp-image-185\" src=\"https:\/\/livegood.network\/shop\/wp-content\/uploads\/2024\/01\/super-reds-dietary-supplement-livegood.png\" alt=\"Super Reds Livegood\" width=\"83\" height=\"83\" \/><\/a><\/p>\n<p><a href=\"https:\/\/livegood.network\/shop\/vi\/product\/organic-super-reds-vi\/\"><strong>Si\u00eau \u0111\u1ecf<\/strong><\/a><\/p>\n<p>Trong l\u0129nh v\u1ef1c l\u00e3o h\u00f3a kh\u1ecfe m\u1ea1nh, kh\u00f4ng c\u00f3 g\u00ec v\u01b0\u1ee3t qua \u0111\u01b0\u1ee3c t\u1ea7m quan tr\u1ecdng c\u1ee7a m\u1ed9t tr\u00e1i tim kh\u1ecfe m\u1ea1nh!\u00a0C\u00e1ch hi\u1ec7u qu\u1ea3 nh\u1ea5t \u0111\u1ec3 duy tr\u00ec s\u1ee9c kh\u1ecfe tim m\u1ea1ch l\u00e0 th\u00f4ng qua ch\u1ebf \u0111\u1ed9 \u0103n nhi\u1ec1u tr\u00e1i c\u00e2y v\u00e0 rau qu\u1ea3 m\u00e0u \u0111\u1ecf.<\/p>\n<hr \/>\n<p><a href=\"https:\/\/livegood.network\/shop\/vi\/product\/factor4-quan-ly-tinh-trang-viem-nang-cao\/\"><img decoding=\"async\" class=\" wp-image-185\" src=\"https:\/\/livegood.network\/shop\/wp-content\/uploads\/2024\/01\/factor-4-livegood.png\" alt=\"Y\u1ebfu t\u1ed1 4 Ch\u1ed1ng vi\u00eam Livegood\" width=\"83\" height=\"83\" \/><\/a><\/p>\n<p><a href=\"https:\/\/livegood.network\/shop\/vi\/product\/factor4-quan-ly-tinh-trang-viem-nang-cao\/\"><strong>Y\u1ebfu t\u1ed1 4 ch\u1ed1ng vi\u00eam<\/strong><\/a><\/p>\n<p>\u0110\u01b0\u1ee3c ch\u1ebf t\u1ea1o v\u1edbi ni\u1ec1m t\u1ef1 h\u00e0o c\u1ee7a m\u1ed9t trong nh\u1eefng nh\u00e0 mi\u1ec5n d\u1ecbch h\u1ecdc h\u00e0ng \u0111\u1ea7u th\u1ebf gi\u1edbi, Ti\u1ebfn s\u0129 Heather Volpp, Y\u1ebfu t\u1ed1 4 c\u1ee7a LiveGood n\u1ed5i l\u00ean nh\u01b0 m\u1ed9t ch\u1ea5t b\u1ed5 sung Qu\u1ea3n l\u00fd Vi\u00eam \u0111\u1ea7u ti\u00ean \u0111\u01b0\u1ee3c thi\u1ebft k\u1ebf v\u1edbi b\u1ed1n th\u00e0nh ph\u1ea7n ch\u1ed1ng vi\u00eam m\u1ea1nh nh\u1ea5t th\u1ebf gi\u1edbi.<\/p>\n<hr \/>\n<p><a href=\"https:\/\/livegood.network\/shop\/vi\/product\/essential-aminos-vi\/\"><img loading=\"lazy\" decoding=\"async\" class=\" wp-image-185\" src=\"https:\/\/livegood.network\/shop\/wp-content\/uploads\/2024\/01\/aminos-fruitpunch-livegood.png\" alt=\"Ho\u00e0n th\u00e0nh c\u00e1c aminos thi\u1ebft y\u1ebfu Livegood\" width=\"83\" height=\"83\" \/><\/a><\/p>\n<p><a href=\"https:\/\/livegood.network\/shop\/vi\/product\/essential-aminos-vi\/\"><strong>Axit amin thi\u1ebft y\u1ebfu<\/strong><\/a><\/p>\n<p>C\u00f4ng th\u1ee9c \u0111\u1ed9c quy\u1ec1n cung c\u1ea5p cho b\u1ea1n t\u1ef7 l\u1ec7 tinh ch\u1ec9nh c\u1ee7a T\u1ea4T C\u1ea2 c\u00e1c axit amin thi\u1ebft y\u1ebfu, axit amin chu\u1ed7i nh\u00e1nh v\u00e0 ch\u1ea5t \u0111i\u1ec7n gi\u1ea3i \u0111\u1ec3 t\u0103ng c\u01b0\u1eddng s\u1ee9c m\u1ea1nh v\u00e0 ch\u1ee9c n\u0103ng c\u01a1 b\u1eafp, duy tr\u00ec kh\u1ed1i l\u01b0\u1ee3ng c\u01a1 n\u1ea1c, t\u0103ng c\u01b0\u1eddng s\u1ee9c ch\u1ecbu \u0111\u1ef1ng v\u00e0 kh\u1ea3 n\u0103ng ph\u1ee5c h\u1ed3i, \u0111\u1ed3ng th\u1eddi nu\u00f4i d\u01b0\u1ee1ng tr\u1ea1ng th\u00e1i n\u0103ng l\u01b0\u1ee3ng v\u00e0 s\u1ef1 t\u1eadp trung l\u00e0nh m\u1ea1nh!<\/p>\n<hr \/>\n<p><a href=\"https:\/\/livegood.network\/shop\/vi\/product\/bio-active-complete-multi-vitamin-for-men-vi\/\"><img loading=\"lazy\" decoding=\"async\" class=\" wp-image-185\" src=\"https:\/\/livegood.network\/shop\/wp-content\/uploads\/2024\/01\/multi-vitamin-men-shop-livegood.png\" sizes=\"(max-width: 83px) 100vw, 83px\" srcset=\"https:\/\/livegood.network\/shop\/wp-content\/uploads\/2024\/01\/multi-vitamin-men-shop-livegood.png 720w, https:\/\/livegood.network\/shop\/wp-content\/uploads\/2024\/01\/multi-vitamin-men-shop-livegood-300x300.png 300w, https:\/\/livegood.network\/shop\/wp-content\/uploads\/2024\/01\/multi-vitamin-men-shop-livegood-150x150.png 150w, https:\/\/livegood.network\/shop\/wp-content\/uploads\/2024\/01\/multi-vitamin-men-shop-livegood-350x350.png 350w, https:\/\/livegood.network\/shop\/wp-content\/uploads\/2024\/01\/multi-vitamin-men-shop-livegood-600x600.png 600w, https:\/\/livegood.network\/shop\/wp-content\/uploads\/2024\/01\/multi-vitamin-men-shop-livegood-100x100.png 100w\" alt=\"c\u1eeda h\u00e0ng vitamin nam livegood\" width=\"83\" height=\"83\" \/><\/a><\/p>\n<p><a href=\"https:\/\/livegood.network\/shop\/vi\/product\/bio-active-complete-multi-vitamin-for-men-vi\/\"><strong>Vitamin t\u1ed5ng h\u1ee3p ho\u1ea1t t\u00ednh sinh h\u1ecdc ho\u00e0n ch\u1ec9nh cho nam ho\u1eb7c n\u1eef<\/strong><\/a><\/p>\n<p>Ph\u1ea7n l\u1edbn nam gi\u1edbi kh\u00f4ng nh\u1eadn \u0111\u1ee7 vitamin v\u00e0 kho\u00e1ng ch\u1ea5t th\u00f4ng qua ch\u1ebf \u0111\u1ed9 \u0103n u\u1ed1ng h\u00e0ng ng\u00e0y.\u00a0S\u1ef1 thi\u1ebfu h\u1ee5t vitamin nh\u01b0 v\u1eady c\u00f3 th\u1ec3 d\u1eabn \u0111\u1ebfn nhi\u1ec1u v\u1ea5n \u0111\u1ec1 s\u1ee9c kh\u1ecfe kh\u00e1c nhau, ch\u1eb3ng h\u1ea1n nh\u01b0 h\u1ec7 th\u1ed1ng mi\u1ec5n d\u1ecbch b\u1ecb t\u1ed5n h\u1ea1i, r\u1ee5ng t\u00f3c, c\u00e1c v\u1ea5n \u0111\u1ec1 v\u1ec1 da, gi\u1ea3m th\u1ecb l\u1ef1c, gi\u1ea3m m\u1eadt \u0111\u1ed9 x\u01b0\u01a1ng v\u00e0 th\u1eadm ch\u00ed t\u0103ng c\u00e2n, c\u00f9ng v\u1edbi t\u00ecnh tr\u1ea1ng s\u1ee9c kh\u1ecfe nghi\u00eam tr\u1ecdng h\u01a1n.<\/p>\n<hr \/>\n<p><a href=\"https:\/\/livegood.network\/shop\/wp-content\/uploads\/2024\/01\/d3-k2-vitamin-d-and-k-livegood.png\"><img loading=\"lazy\" decoding=\"async\" class=\" wp-image-185\" src=\"https:\/\/livegood.network\/shop\/wp-content\/uploads\/2024\/01\/d3-k2-vitamin-d-and-k-livegood.png\" alt=\"D3-K2\" width=\"83\" height=\"83\" \/><\/a><\/p>\n<p><a href=\"https:\/\/livegood.network\/shop\/wp-content\/uploads\/2024\/01\/d3-k2-vitamin-d-and-k-livegood.png\"><strong>Vitamin D3 v\u00e0 K2<\/strong><\/a><\/p>\n<p>B\u1ea1n c\u00f3 nh\u1eadn ra r\u1eb1ng Vitamin D \u0111\u00f3ng vai tr\u00f2 quan tr\u1ecdng trong vi\u1ec7c h\u1ed7 tr\u1ee3 h\u1ec7 th\u1ed1ng mi\u1ec5n d\u1ecbch kh\u1ecfe m\u1ea1nh?<br \/>\nB\u1ea1n c\u00f3 bi\u1ebft r\u1eb1ng nhi\u1ec1u ng\u01b0\u1eddi b\u1ecb thi\u1ebfu h\u1ee5t Vitamin D h\u01a1n b\u1ea5t k\u1ef3 lo\u1ea1i vitamin n\u00e0o kh\u00e1c tr\u00ean to\u00e0n c\u1ea7u kh\u00f4ng?<\/p>\n<hr \/>\n<p><a href=\"https:\/\/livegood.network\/shop\/vi\/product\/ultra-magnesium-complex-vi\/\"><img loading=\"lazy\" decoding=\"async\" class=\" wp-image-185\" src=\"https:\/\/livegood.network\/shop\/wp-content\/uploads\/2024\/01\/ultra-magnesium-complex-livegood.png\" alt=\"Ph\u1ee9c h\u1ee3p si\u00eau magi\u00ea\" width=\"83\" height=\"83\" \/><\/a><\/p>\n<p><a href=\"https:\/\/livegood.network\/shop\/vi\/product\/ultra-magnesium-complex-vi\/\"><strong>Ph\u1ee9c h\u1ee3p si\u00eau magi\u00ea<\/strong><\/a><\/p>\n<p>Magi\u00ea \u0111\u00f3ng vai tr\u00f2 trong h\u01a1n 300 ph\u1ea3n \u1ee9ng sinh h\u00f3a trong c\u01a1 th\u1ec3 ch\u00fang ta m\u1ed7i ng\u00e0y!\u00a0M\u1eb7c d\u00f9 duy tr\u00ec ch\u1ebf \u0111\u1ed9 \u0103n u\u1ed1ng c\u00e2n b\u1eb1ng, l\u00e0nh m\u1ea1nh nh\u01b0ng h\u1ea7u h\u1ebft m\u1ecdi ng\u01b0\u1eddi \u0111\u1ec1u kh\u00f4ng nh\u1eadn \u0111\u1ee7 Magi\u00ea.<\/p>\n","protected":false},"excerpt":{"rendered":"<p><span style=\"color: #ff0000;\">B\u1ea1n c\u00f3 th\u1ec3 <strong>th\u00eam C\u00e0 ph\u00ea<\/strong> ch\u1ec9 v\u1edbi <strong>$15<\/strong><\/span><\/p>\n<p><img decoding=\"async\" class=\"emoji\" role=\"img\" draggable=\"false\" src=\"https:\/\/s.w.org\/images\/core\/emoji\/14.0.0\/svg\/1f49a.svg\" alt=\"LiveGooD Heart\" \/> Vitamin t\u1ed5ng h\u1ee3p Bio-Active d\u00e0nh cho nam v\u00e0 n\u1eef<br \/>\n<img decoding=\"async\" class=\"emoji\" role=\"img\" draggable=\"false\" src=\"https:\/\/s.w.org\/images\/core\/emoji\/14.0.0\/svg\/1f49a.svg\" alt=\"LiveGooD Heart\" \/> N\u01b0\u1edbc \u00e9p tr\u00e1i c\u00e2y\/chanh chanh thi\u1ebft y\u1ebfu<br \/>\n<img decoding=\"async\" class=\"emoji\" role=\"img\" draggable=\"false\" src=\"https:\/\/s.w.org\/images\/core\/emoji\/14.0.0\/svg\/1f49a.svg\" alt=\"LiveGooD Heart\" \/> Si\u00eau xanh<br \/>\n<img decoding=\"async\" class=\"emoji\" role=\"img\" draggable=\"false\" src=\"https:\/\/s.w.org\/images\/core\/emoji\/14.0.0\/svg\/1f49a.svg\" alt=\"LiveGooD Heart\" \/> Si\u00eau \u0111\u1ecf<br \/>\n<img decoding=\"async\" class=\"emoji\" role=\"img\" draggable=\"false\" src=\"https:\/\/s.w.org\/images\/core\/emoji\/14.0.0\/svg\/1f49a.svg\" alt=\"LiveGooD Heart\" \/> Y\u1ebfu t\u1ed1 4 ch\u1ed1ng vi\u00eam<br \/>\n<img decoding=\"async\" class=\"emoji\" role=\"img\" draggable=\"false\" src=\"https:\/\/s.w.org\/images\/core\/emoji\/14.0.0\/svg\/1f49a.svg\" alt=\"LiveGooD Heart\" \/> Ph\u1ee9c h\u1ee3p si\u00eau magi\u00ea<br \/>\n<img decoding=\"async\" class=\"emoji\" role=\"img\" draggable=\"false\" src=\"https:\/\/s.w.org\/images\/core\/emoji\/14.0.0\/svg\/1f49a.svg\" alt=\"LiveGooD Heart\" \/> D3-K2 2000<\/p>\n","protected":false},"featured_media":278,"comment_status":"open","ping_status":"closed","template":"","meta":[],"product_brand":[],"product_cat":[201,219,232],"product_tag":[],"class_list":{"0":"post-1178","1":"product","2":"type-product","3":"status-publish","4":"has-post-thumbnail","6":"product_cat-product-packages-vi","7":"product_cat-supplements-vi","8":"product_cat-vitamin-vi","10":"first","11":"instock","12":"sale","13":"shipping-taxable","14":"product-type-external"},"yoast_head":"<!-- This site is optimized with the Yoast SEO Premium plugin v20.6 (Yoast SEO v21.8.1) - https:\/\/yoast.com\/wordpress\/plugins\/seo\/ -->\n<title>G\u00f3i ch\u0103m s\u00f3c s\u1ee9c kh\u1ecfe t\u1ed1i \u01b0u - LiveGooD Shop<\/title>\n<meta name=\"robots\" content=\"index, follow, max-snippet:-1, max-image-preview:large, max-video-preview:-1\" \/>\n<link rel=\"canonical\" href=\"https:\/\/livegood.network\/shop\/vi\/product\/ultimate-wellness-pack-vi\/\" \/>\n<meta property=\"og:locale\" content=\"en_US\" \/>\n<meta property=\"og:type\" content=\"article\" \/>\n<meta property=\"og:title\" content=\"G\u00f3i ch\u0103m s\u00f3c s\u1ee9c kh\u1ecfe t\u1ed1i \u01b0u\" \/>\n<meta property=\"og:description\" content=\"B\u1ea1n c\u00f3 th\u1ec3 th\u00eam C\u00e0 ph\u00ea ch\u1ec9 v\u1edbi $15   Vitamin t\u1ed5ng h\u1ee3p Bio-Active d\u00e0nh cho nam v\u00e0 n\u1eef  N\u01b0\u1edbc \u00e9p tr\u00e1i c\u00e2y\/chanh chanh thi\u1ebft y\u1ebfu  Si\u00eau xanh  Si\u00eau \u0111\u1ecf  Y\u1ebfu t\u1ed1 4 ch\u1ed1ng vi\u00eam  Ph\u1ee9c h\u1ee3p si\u00eau magi\u00ea  D3-K2 2000\" \/>\n<meta property=\"og:url\" content=\"https:\/\/livegood.network\/shop\/vi\/product\/ultimate-wellness-pack-vi\/\" \/>\n<meta property=\"article:publisher\" content=\"https:\/\/www.facebook.com\/livegoodhello\" \/>\n<meta property=\"article:modified_time\" content=\"2024-02-02T16:41:42+00:00\" \/>\n<meta property=\"og:image\" content=\"https:\/\/livegood.network\/shop\/wp-content\/uploads\/2024\/01\/ultimate-wellness-pack-factor-4-pack-tile-livegood.png\" \/>\n\t<meta property=\"og:image:width\" content=\"1000\" \/>\n\t<meta property=\"og:image:height\" content=\"600\" \/>\n\t<meta property=\"og:image:type\" content=\"image\/png\" \/>\n<meta name=\"twitter:card\" content=\"summary_large_image\" \/>\n<meta name=\"twitter:label1\" content=\"Est. reading time\" \/>\n\t<meta name=\"twitter:data1\" content=\"6 minutes\" \/>\n<script type=\"application\/ld+json\" class=\"yoast-schema-graph\">{\"@context\":\"https:\/\/schema.org\",\"@graph\":[{\"@type\":\"WebPage\",\"@id\":\"https:\/\/livegood.network\/shop\/vi\/product\/ultimate-wellness-pack-vi\/\",\"url\":\"https:\/\/livegood.network\/shop\/vi\/product\/ultimate-wellness-pack-vi\/\",\"name\":\"G\u00f3i ch\u0103m s\u00f3c s\u1ee9c kh\u1ecfe t\u1ed1i \u01b0u - LiveGooD Shop\",\"isPartOf\":{\"@id\":\"https:\/\/livegood.network\/shop\/#website\"},\"datePublished\":\"2024-01-27T13:00:07+00:00\",\"dateModified\":\"2024-02-02T16:41:42+00:00\",\"breadcrumb\":{\"@id\":\"https:\/\/livegood.network\/shop\/vi\/product\/ultimate-wellness-pack-vi\/#breadcrumb\"},\"inLanguage\":\"en-US\",\"potentialAction\":[{\"@type\":\"ReadAction\",\"target\":[\"https:\/\/livegood.network\/shop\/vi\/product\/ultimate-wellness-pack-vi\/\"]}]},{\"@type\":\"BreadcrumbList\",\"@id\":\"https:\/\/livegood.network\/shop\/vi\/product\/ultimate-wellness-pack-vi\/#breadcrumb\",\"itemListElement\":[{\"@type\":\"ListItem\",\"position\":1,\"name\":\"Home\",\"item\":\"https:\/\/livegood.network\/shop\/pt-br\/\"},{\"@type\":\"ListItem\",\"position\":2,\"name\":\"Shop\",\"item\":\"https:\/\/livegood.network\/shop\/shop\/\"},{\"@type\":\"ListItem\",\"position\":3,\"name\":\"G\u00f3i ch\u0103m s\u00f3c s\u1ee9c kh\u1ecfe t\u1ed1i \u01b0u\"}]},{\"@type\":\"WebSite\",\"@id\":\"https:\/\/livegood.network\/shop\/#website\",\"url\":\"https:\/\/livegood.network\/shop\/\",\"name\":\"LiveGooD Shop\",\"description\":\"\",\"publisher\":{\"@id\":\"https:\/\/livegood.network\/shop\/#organization\"},\"potentialAction\":[{\"@type\":\"SearchAction\",\"target\":{\"@type\":\"EntryPoint\",\"urlTemplate\":\"https:\/\/livegood.network\/shop\/?s={search_term_string}\"},\"query-input\":\"required name=search_term_string\"}],\"inLanguage\":\"en-US\"},{\"@type\":\"Organization\",\"@id\":\"https:\/\/livegood.network\/shop\/#organization\",\"name\":\"LiveGooD\",\"url\":\"https:\/\/livegood.network\/shop\/\",\"logo\":{\"@type\":\"ImageObject\",\"inLanguage\":\"en-US\",\"@id\":\"https:\/\/livegood.network\/shop\/#\/schema\/logo\/image\/\",\"url\":\"https:\/\/livegood.network\/shop\/wp-content\/uploads\/2024\/01\/logo-livegood-shop-main.png\",\"contentUrl\":\"https:\/\/livegood.network\/shop\/wp-content\/uploads\/2024\/01\/logo-livegood-shop-main.png\",\"width\":373,\"height\":115,\"caption\":\"LiveGooD\"},\"image\":{\"@id\":\"https:\/\/livegood.network\/shop\/#\/schema\/logo\/image\/\"},\"sameAs\":[\"https:\/\/www.facebook.com\/livegoodhello\"]}]}<\/script>\n<!-- \/ Yoast SEO Premium plugin. -->","yoast_head_json":{"title":"G\u00f3i ch\u0103m s\u00f3c s\u1ee9c kh\u1ecfe t\u1ed1i \u01b0u - LiveGooD Shop","robots":{"index":"index","follow":"follow","max-snippet":"max-snippet:-1","max-image-preview":"max-image-preview:large","max-video-preview":"max-video-preview:-1"},"canonical":"https:\/\/livegood.network\/shop\/vi\/product\/ultimate-wellness-pack-vi\/","og_locale":"en_US","og_type":"article","og_title":"G\u00f3i ch\u0103m s\u00f3c s\u1ee9c kh\u1ecfe t\u1ed1i \u01b0u","og_description":"B\u1ea1n c\u00f3 th\u1ec3 th\u00eam C\u00e0 ph\u00ea ch\u1ec9 v\u1edbi $15   Vitamin t\u1ed5ng h\u1ee3p Bio-Active d\u00e0nh cho nam v\u00e0 n\u1eef  N\u01b0\u1edbc \u00e9p tr\u00e1i c\u00e2y\/chanh chanh thi\u1ebft y\u1ebfu  Si\u00eau xanh  Si\u00eau \u0111\u1ecf  Y\u1ebfu t\u1ed1 4 ch\u1ed1ng vi\u00eam  Ph\u1ee9c h\u1ee3p si\u00eau magi\u00ea  D3-K2 2000","og_url":"https:\/\/livegood.network\/shop\/vi\/product\/ultimate-wellness-pack-vi\/","article_publisher":"https:\/\/www.facebook.com\/livegoodhello","article_modified_time":"2024-02-02T16:41:42+00:00","og_image":[{"width":1000,"height":600,"url":"https:\/\/livegood.network\/shop\/wp-content\/uploads\/2024\/01\/ultimate-wellness-pack-factor-4-pack-tile-livegood.png","type":"image\/png"}],"twitter_card":"summary_large_image","twitter_misc":{"Est. reading time":"6 minutes"},"schema":{"@context":"https:\/\/schema.org","@graph":[{"@type":"WebPage","@id":"https:\/\/livegood.network\/shop\/vi\/product\/ultimate-wellness-pack-vi\/","url":"https:\/\/livegood.network\/shop\/vi\/product\/ultimate-wellness-pack-vi\/","name":"G\u00f3i ch\u0103m s\u00f3c s\u1ee9c kh\u1ecfe t\u1ed1i \u01b0u - LiveGooD Shop","isPartOf":{"@id":"https:\/\/livegood.network\/shop\/#website"},"datePublished":"2024-01-27T13:00:07+00:00","dateModified":"2024-02-02T16:41:42+00:00","breadcrumb":{"@id":"https:\/\/livegood.network\/shop\/vi\/product\/ultimate-wellness-pack-vi\/#breadcrumb"},"inLanguage":"en-US","potentialAction":[{"@type":"ReadAction","target":["https:\/\/livegood.network\/shop\/vi\/product\/ultimate-wellness-pack-vi\/"]}]},{"@type":"BreadcrumbList","@id":"https:\/\/livegood.network\/shop\/vi\/product\/ultimate-wellness-pack-vi\/#breadcrumb","itemListElement":[{"@type":"ListItem","position":1,"name":"Home","item":"https:\/\/livegood.network\/shop\/pt-br\/"},{"@type":"ListItem","position":2,"name":"Shop","item":"https:\/\/livegood.network\/shop\/shop\/"},{"@type":"ListItem","position":3,"name":"G\u00f3i ch\u0103m s\u00f3c s\u1ee9c kh\u1ecfe t\u1ed1i \u01b0u"}]},{"@type":"WebSite","@id":"https:\/\/livegood.network\/shop\/#website","url":"https:\/\/livegood.network\/shop\/","name":"LiveGooD Shop","description":"","publisher":{"@id":"https:\/\/livegood.network\/shop\/#organization"},"potentialAction":[{"@type":"SearchAction","target":{"@type":"EntryPoint","urlTemplate":"https:\/\/livegood.network\/shop\/?s={search_term_string}"},"query-input":"required name=search_term_string"}],"inLanguage":"en-US"},{"@type":"Organization","@id":"https:\/\/livegood.network\/shop\/#organization","name":"LiveGooD","url":"https:\/\/livegood.network\/shop\/","logo":{"@type":"ImageObject","inLanguage":"en-US","@id":"https:\/\/livegood.network\/shop\/#\/schema\/logo\/image\/","url":"https:\/\/livegood.network\/shop\/wp-content\/uploads\/2024\/01\/logo-livegood-shop-main.png","contentUrl":"https:\/\/livegood.network\/shop\/wp-content\/uploads\/2024\/01\/logo-livegood-shop-main.png","width":373,"height":115,"caption":"LiveGooD"},"image":{"@id":"https:\/\/livegood.network\/shop\/#\/schema\/logo\/image\/"},"sameAs":["https:\/\/www.facebook.com\/livegoodhello"]}]}},"lang":"vi","translations":{"vi":1178,"ru-ru":1179,"ko":1180,"en-us":277,"fr-fr":1175,"es-es":1176,"pt-pt":1177,"pt-br":1190},"pll_sync_post":[],"_links":{"self":[{"href":"https:\/\/livegood.network\/shop\/wp-json\/wp\/v2\/product\/1178","targetHints":{"allow":["GET"]}}],"collection":[{"href":"https:\/\/livegood.network\/shop\/wp-json\/wp\/v2\/product"}],"about":[{"href":"https:\/\/livegood.network\/shop\/wp-json\/wp\/v2\/types\/product"}],"replies":[{"embeddable":true,"href":"https:\/\/livegood.network\/shop\/wp-json\/wp\/v2\/comments?post=1178"}],"version-history":[{"count":1,"href":"https:\/\/livegood.network\/shop\/wp-json\/wp\/v2\/product\/1178\/revisions"}],"predecessor-version":[{"id":1575,"href":"https:\/\/livegood.network\/shop\/wp-json\/wp\/v2\/product\/1178\/revisions\/1575"}],"wp:featuredmedia":[{"embeddable":true,"href":"https:\/\/livegood.network\/shop\/wp-json\/wp\/v2\/media\/278"}],"wp:attachment":[{"href":"https:\/\/livegood.network\/shop\/wp-json\/wp\/v2\/media?parent=1178"}],"wp:term":[{"taxonomy":"product_brand","embeddable":true,"href":"https:\/\/livegood.network\/shop\/wp-json\/wp\/v2\/product_brand?post=1178"},{"taxonomy":"product_cat","embeddable":true,"href":"https:\/\/livegood.network\/shop\/wp-json\/wp\/v2\/product_cat?post=1178"},{"taxonomy":"product_tag","embeddable":true,"href":"https:\/\/livegood.network\/shop\/wp-json\/wp\/v2\/product_tag?post=1178"}],"curies":[{"name":"wp","href":"https:\/\/api.w.org\/{rel}","templated":true}]}}