{"id":1190,"date":"2024-01-27T13:06:49","date_gmt":"2024-01-27T13:06:49","guid":{"rendered":"https:\/\/livegood.network\/shop\/?post_type=product&#038;p=1190"},"modified":"2024-02-02T16:39:46","modified_gmt":"2024-02-02T16:39:46","slug":"ultimate-wellness-pack-pt-br","status":"publish","type":"product","link":"https:\/\/livegood.network\/shop\/pt-br\/product\/ultimate-wellness-pack-pt-br\/","title":{"rendered":"Ultimate Pacote de bem-estar"},"content":{"rendered":"<p><span style=\"color: #ff0000;\">Voc\u00ea pode\u00a0<strong>adicionar caf\u00e9<\/strong>\u00a0por apenas\u00a0<strong>$ 15<\/strong><\/span><\/p>\n<hr \/>\n<p>A nutri\u00e7\u00e3o e a suplementa\u00e7\u00e3o desempenham um papel fundamental na sa\u00fade e no bem-estar geral.\u00a0Na aus\u00eancia de suplementa\u00e7\u00e3o adequada, melhorar o desempenho cognitivo, combater o envelhecimento celular, promover uma pele saud\u00e1vel, garantir um melhor sono e vis\u00e3o e gerir a inflama\u00e7\u00e3o excessiva tornam-se mais desafiadores.\u00a0Embora o envelhecimento seja um processo inevit\u00e1vel, \u00e9 poss\u00edvel aumentar a longevidade saud\u00e1vel atrav\u00e9s de um estilo de vida equilibrado e de uma gama de ingredientes que visam o stress oxidativo, a inflama\u00e7\u00e3o, a fun\u00e7\u00e3o cognitiva e as preocupa\u00e7\u00f5es musculares\/esquel\u00e9ticas, entre outras, que podem contribuir para doen\u00e7as cr\u00f3nicas.<\/p>\n<p>O LiveGood Ultimate Wellness Pack abrange uma sele\u00e7\u00e3o abrangente de ingredientes projetados para ajud\u00e1-lo a alcan\u00e7ar todos os seus objetivos de bem-estar.<\/p>\n<p>Como otimizar produtos LiveGood:<\/p>\n<ol>\n<li><strong>Antiinflamat\u00f3rio LiveGood Factor 4:<\/strong>\u00a0Tomar 2 c\u00e1psulas por dia equivale a aproximadamente 1,2 gramas de EPA\/DHA, oferecendo benef\u00edcios no controle da inflama\u00e7\u00e3o.\u00a0Para benef\u00edcios adicionais, uma dose de 3-4 gramas de EPA\/DHA (6-8 c\u00e1psulas por dia) pode ajudar na redu\u00e7\u00e3o dos triglicer\u00eddeos.<\/li>\n<li><strong>LiveGood Essential Aminos:<\/strong>\u00a0Misture 1 colher de p\u00f3 em \u00e1gua at\u00e9 duas vezes por dia, de prefer\u00eancia 30 minutos antes do treino e novamente durante o dia como uma op\u00e7\u00e3o refrescante.\u00a0Dica profissional: considere substituir um refrigerante ou bebida a\u00e7ucarada por esta bebida.<\/li>\n<li><strong>Multivitam\u00ednico Completo LiveGood BioActive:<\/strong>\u00a0Tome 2 c\u00e1psulas com alimentos, de prefer\u00eancia durante o caf\u00e9 da manh\u00e3 ou almo\u00e7o, pois cont\u00eam vitaminas B que podem aumentar a energia.<\/li>\n<li><strong>LiveGood Vitamin D3\/K2:<\/strong>\u00a0Tome 1-2 c\u00e1psulas com a primeira refei\u00e7\u00e3o do dia para m\u00e1xima efic\u00e1cia.<\/li>\n<li><strong>Complexo LiveGood Ultra Magn\u00e9sio:<\/strong>\u00a0Tomar 2 c\u00e1psulas \u00e0 tarde ou antes de dormir.\u00a0Dica Profissional: Divida a dosagem, tomando 1 c\u00e1psula \u00e0 tarde para ajudar a controlar o estresse di\u00e1rio e a outra c\u00e1psula antes de dormir para ajudar no sono.<\/li>\n<li><strong>LiveGood Super Greens:<\/strong>\u00a0Consuma 1 colher de p\u00f3 com \u00e1gua ou seu smoothie preferido pelo menos uma vez ao dia.\u00a0Considere uma por\u00e7\u00e3o adicional para substituir uma bebida menos desej\u00e1vel.<\/li>\n<li><strong>LiveGood Super Reds:<\/strong>\u00a0Incorpore este p\u00f3 vermelho para aumentar o desempenho em sua rotina pr\u00e9-treino e como um refor\u00e7o de energia no meio da tarde.\u00a0Misture 1 medida com \u00e1gua ou experimente combin\u00e1-la com nosso Essential Aminos com sabor de ponche de frutas.<\/li>\n<li><strong>Caf\u00e9 Org\u00e2nico LiveGood:<\/strong>\u00a0Misture 1 colher de p\u00f3 em \u00e1gua quente ou fria ao acordar para um r\u00e1pido aumento de energia, foco e motiva\u00e7\u00e3o.<\/li>\n<\/ol>\n<hr \/>\n<p><strong>O que h\u00e1 dentro do Ultimate Wellness Pack?<\/strong><\/p>\n<hr \/>\n<p><a href=\"https:\/\/livegood.network\/shop\/pt-br\/product\/organic-super-greens-pt-br\/\"><img decoding=\"async\" class=\"alignnone wp-image-185\" src=\"https:\/\/livegood.network\/shop\/wp-content\/uploads\/2024\/01\/super-greens-dietary-supplement-livegood.png\" alt=\"Super Verdes Livegood\" width=\"83\" height=\"83\" \/><\/a><\/p>\n<p><a href=\"https:\/\/livegood.network\/shop\/pt-br\/product\/organic-super-greens-pt-br\/\"><strong>Super Greens<\/strong><\/a><\/p>\n<p>Consumir frutas e vegetais org\u00e2nicos, rec\u00e9m-colhidos e limpos mant\u00e9m a press\u00e3o arterial normal, garante o bom funcionamento do nosso intestino e fornece ao nosso c\u00e9rebro nutrientes essenciais para tarefas cruciais.<\/p>\n<hr \/>\n<p><a href=\"https:\/\/livegood.network\/shop\/pt-br\/product\/organic-super-reds-pt-br\/\"><img decoding=\"async\" class=\"alignnone wp-image-185\" src=\"https:\/\/livegood.network\/shop\/wp-content\/uploads\/2024\/01\/super-reds-dietary-supplement-livegood.png\" alt=\"Super Reds Livegood\" width=\"83\" height=\"83\" \/><\/a><\/p>\n<p><a href=\"https:\/\/livegood.network\/shop\/pt-br\/product\/organic-super-reds-pt-br\/\"><strong>Super Reds<\/strong><\/a><\/p>\n<p>No dom\u00ednio do envelhecimento saud\u00e1vel, nada supera a import\u00e2ncia de um cora\u00e7\u00e3o saud\u00e1vel!\u00a0A forma mais eficaz de manter a sa\u00fade do cora\u00e7\u00e3o \u00e9 atrav\u00e9s de uma dieta rica em frutas e vegetais vermelhos.<\/p>\n<hr \/>\n<p><a href=\"https:\/\/livegood.network\/shop\/pt-br\/product\/factor4-advanced-inflammation-management-pt-br\/\"><img decoding=\"async\" class=\" wp-image-185\" src=\"https:\/\/livegood.network\/shop\/wp-content\/uploads\/2024\/01\/factor-4-livegood.png\" alt=\"Fator 4 Antiinflamat\u00f3rio Livegood\" width=\"83\" height=\"83\" \/><\/a><\/p>\n<p><a href=\"https:\/\/livegood.network\/shop\/pt-br\/product\/factor4-advanced-inflammation-management-pt-br\/\"><strong>Fator 4 Antiinflamat\u00f3rio<\/strong><\/a><\/p>\n<p>Elaborado com orgulho por uma das principais imunologistas do mundo, Dra. Heather Volpp, o Fator 4 da LiveGood surge como o suplemento inaugural para controle de inflama\u00e7\u00e3o desenvolvido com quatro dos ingredientes antiinflamat\u00f3rios mais potentes do mundo.<\/p>\n<hr \/>\n<p><a href=\"https:\/\/livegood.network\/shop\/pt-br\/product\/essential-aminos-pt-br\/\"><img loading=\"lazy\" decoding=\"async\" class=\" wp-image-185\" src=\"https:\/\/livegood.network\/shop\/wp-content\/uploads\/2024\/01\/aminos-fruitpunch-livegood.png\" alt=\"Aminos Essenciais Completos Livegood\" width=\"83\" height=\"83\" \/><\/a><\/p>\n<p><a href=\"https:\/\/livegood.network\/shop\/pt-br\/product\/essential-aminos-pt-br\/\"><strong>Aminos Essential<\/strong><\/a><\/p>\n<p>A f\u00f3rmula exclusiva fornece uma propor\u00e7\u00e3o ajustada de TODOS os amino\u00e1cidos essenciais, amino\u00e1cidos de cadeia ramificada e eletr\u00f3litos para refor\u00e7ar a for\u00e7a e a fun\u00e7\u00e3o muscular, preservar a massa muscular magra, aumentar a resist\u00eancia e a recupera\u00e7\u00e3o e promover um estado de energia e foco saud\u00e1veis!<\/p>\n<hr \/>\n<p><a href=\"https:\/\/livegood.network\/shop\/pt-br\/product\/bio-active-complete-multi-vitamin-for-men-pt-br\/\"><img loading=\"lazy\" decoding=\"async\" class=\" wp-image-185\" src=\"https:\/\/livegood.network\/shop\/wp-content\/uploads\/2024\/01\/multi-vitamin-men-shop-livegood.png\" sizes=\"(max-width: 83px) 100vw, 83px\" srcset=\"https:\/\/livegood.network\/shop\/wp-content\/uploads\/2024\/01\/multi-vitamin-men-shop-livegood.png 720w, https:\/\/livegood.network\/shop\/wp-content\/uploads\/2024\/01\/multi-vitamin-men-shop-livegood-300x300.png 300w, https:\/\/livegood.network\/shop\/wp-content\/uploads\/2024\/01\/multi-vitamin-men-shop-livegood-150x150.png 150w, https:\/\/livegood.network\/shop\/wp-content\/uploads\/2024\/01\/multi-vitamin-men-shop-livegood-350x350.png 350w, https:\/\/livegood.network\/shop\/wp-content\/uploads\/2024\/01\/multi-vitamin-men-shop-livegood-600x600.png 600w, https:\/\/livegood.network\/shop\/wp-content\/uploads\/2024\/01\/multi-vitamin-men-shop-livegood-100x100.png 100w\" alt=\"homens multivitam\u00ednicos compram livegood\" width=\"83\" height=\"83\" \/><\/a><\/p>\n<p><a href=\"https:\/\/livegood.network\/shop\/pt-br\/product\/bio-active-complete-multi-vitamin-for-men-pt-br\/\"><strong>Multivitam\u00ednico Bioativo Completo para Homem ou Mulher<\/strong><\/a><\/p>\n<p>A maioria dos homens n\u00e3o consegue obter vitaminas e minerais adequados atrav\u00e9s da dieta di\u00e1ria.\u00a0Essas defici\u00eancias vitam\u00ednicas podem levar a v\u00e1rios problemas de sa\u00fade, como comprometimento do sistema imunol\u00f3gico, perda de cabelo, problemas de pele, diminui\u00e7\u00e3o da vis\u00e3o, diminui\u00e7\u00e3o da densidade \u00f3ssea e at\u00e9 ganho de peso, al\u00e9m de problemas de sa\u00fade mais graves.<\/p>\n<hr \/>\n<p><a href=\"https:\/\/livegood.network\/shop\/pt-br\/product\/d3-k2-2000-vitamin-pt-br\/\"><img loading=\"lazy\" decoding=\"async\" class=\" wp-image-185\" src=\"https:\/\/livegood.network\/shop\/wp-content\/uploads\/2024\/01\/d3-k2-vitamin-d-and-k-livegood.png\" alt=\"D3-K2\" width=\"83\" height=\"83\" \/><\/a><\/p>\n<p><a href=\"https:\/\/livegood.network\/shop\/pt-br\/product\/d3-k2-2000-vitamin-pt-br\/\"><strong>Vitamina D3 e K2<\/strong><\/a><\/p>\n<p>Voc\u00ea percebeu que a vitamina D desempenha um papel crucial no apoio a um sistema imunol\u00f3gico saud\u00e1vel?<br \/>\nVoc\u00ea sabia que mais pessoas sofrem de defici\u00eancia de vitamina D do que qualquer outra vitamina no mundo?<\/p>\n<hr \/>\n<p><a href=\"https:\/\/livegood.network\/shop\/pt-br\/product\/ultra-magnesium-complex-pt-br\/\"><img loading=\"lazy\" decoding=\"async\" class=\" wp-image-185\" src=\"https:\/\/livegood.network\/shop\/wp-content\/uploads\/2024\/01\/ultra-magnesium-complex-livegood.png\" alt=\"Complexo Ultra Magn\u00e9sio\" width=\"83\" height=\"83\" \/><\/a><\/p>\n<p><a href=\"https:\/\/livegood.network\/shop\/pt-br\/product\/ultra-magnesium-complex-pt-br\/\"><strong>Complexo Ultra Magn\u00e9sio<\/strong><\/a><\/p>\n<p>O magn\u00e9sio desempenha um papel em mais de 300 rea\u00e7\u00f5es bioqu\u00edmicas em nosso corpo todos os dias!\u00a0Apesar de manter uma dieta saud\u00e1vel e equilibrada, a maioria dos indiv\u00edduos n\u00e3o adquire Magn\u00e9sio suficiente.<\/p>\n","protected":false},"excerpt":{"rendered":"<p><span style=\"color: #ff0000;\">Voc\u00ea pode <strong>adicionar caf\u00e9<\/strong> por apenas <strong>$15<\/strong><\/span><\/p>\n<p><img decoding=\"async\" class=\"emoji\" role=\"img\" draggable=\"false\" src=\"https:\/\/s.w.org\/images\/core\/emoji\/14.0.0\/svg\/1f49a.svg\" alt=\"LiveGooD Heart\" \/> Multivitam\u00ednico completo bioativo para homens ou mulheres<br \/>\n<img decoding=\"async\" class=\"emoji\" role=\"img\" draggable=\"false\" src=\"https:\/\/s.w.org\/images\/core\/emoji\/14.0.0\/svg\/1f49a.svg\" alt=\"LiveGooD Heart\" \/> Ponche de Frutas Aminos Essenciais\/Lim\u00e3o Lim\u00e3o<br \/>\n<img decoding=\"async\" class=\"emoji\" role=\"img\" draggable=\"false\" src=\"https:\/\/s.w.org\/images\/core\/emoji\/14.0.0\/svg\/1f49a.svg\" alt=\"LiveGooD Heart\" \/> Super Greens<br \/>\n<img decoding=\"async\" class=\"emoji\" role=\"img\" draggable=\"false\" src=\"https:\/\/s.w.org\/images\/core\/emoji\/14.0.0\/svg\/1f49a.svg\" alt=\"LiveGooD Heart\" \/> Super Reds<br \/>\n<img decoding=\"async\" class=\"emoji\" role=\"img\" draggable=\"false\" src=\"https:\/\/s.w.org\/images\/core\/emoji\/14.0.0\/svg\/1f49a.svg\" alt=\"LiveGooD Heart\" \/> Factor 4 Antiinflamat\u00f3rio<br \/>\n<img decoding=\"async\" class=\"emoji\" role=\"img\" draggable=\"false\" src=\"https:\/\/s.w.org\/images\/core\/emoji\/14.0.0\/svg\/1f49a.svg\" alt=\"LiveGooD Heart\" \/> Complexo Ultra Magn\u00e9sio<br \/>\n<img decoding=\"async\" class=\"emoji\" role=\"img\" draggable=\"false\" src=\"https:\/\/s.w.org\/images\/core\/emoji\/14.0.0\/svg\/1f49a.svg\" alt=\"LiveGooD Heart\" \/> D3-K2 2000<\/p>\n","protected":false},"featured_media":278,"comment_status":"open","ping_status":"closed","template":"","meta":[],"product_brand":[],"product_cat":[205,221,236],"product_tag":[],"class_list":{"0":"post-1190","1":"product","2":"type-product","3":"status-publish","4":"has-post-thumbnail","6":"product_cat-product-packages-pt-br","7":"product_cat-supplements-pt-br","8":"product_cat-vitamin-pt-br","10":"first","11":"instock","12":"sale","13":"shipping-taxable","14":"product-type-external"},"yoast_head":"<!-- This site is optimized with the Yoast SEO Premium plugin v20.6 (Yoast SEO v21.8.1) - https:\/\/yoast.com\/wordpress\/plugins\/seo\/ -->\n<title>Ultimate Pacote de bem-estar - LiveGooD Shop<\/title>\n<meta name=\"robots\" content=\"index, follow, max-snippet:-1, max-image-preview:large, max-video-preview:-1\" \/>\n<link rel=\"canonical\" href=\"https:\/\/livegood.network\/shop\/pt-br\/product\/ultimate-wellness-pack-pt-br\/\" \/>\n<meta property=\"og:locale\" content=\"en_US\" \/>\n<meta property=\"og:type\" content=\"article\" \/>\n<meta property=\"og:title\" content=\"Ultimate Pacote de bem-estar\" \/>\n<meta property=\"og:description\" content=\"Voc\u00ea pode adicionar caf\u00e9 por apenas $15   Multivitam\u00ednico completo bioativo para homens ou mulheres  Ponche de Frutas Aminos Essenciais\/Lim\u00e3o Lim\u00e3o  Super Greens  Super Reds  Factor 4 Antiinflamat\u00f3rio  Complexo Ultra Magn\u00e9sio  D3-K2 2000\" \/>\n<meta property=\"og:url\" content=\"https:\/\/livegood.network\/shop\/pt-br\/product\/ultimate-wellness-pack-pt-br\/\" \/>\n<meta property=\"article:publisher\" content=\"https:\/\/www.facebook.com\/livegoodhello\" \/>\n<meta property=\"article:modified_time\" content=\"2024-02-02T16:39:46+00:00\" \/>\n<meta property=\"og:image\" content=\"https:\/\/livegood.network\/shop\/wp-content\/uploads\/2024\/01\/ultimate-wellness-pack-factor-4-pack-tile-livegood.png\" \/>\n\t<meta property=\"og:image:width\" content=\"1000\" \/>\n\t<meta property=\"og:image:height\" content=\"600\" \/>\n\t<meta property=\"og:image:type\" content=\"image\/png\" \/>\n<meta name=\"twitter:card\" content=\"summary_large_image\" \/>\n<meta name=\"twitter:label1\" content=\"Est. reading time\" \/>\n\t<meta name=\"twitter:data1\" content=\"5 minutes\" \/>\n<script type=\"application\/ld+json\" class=\"yoast-schema-graph\">{\"@context\":\"https:\/\/schema.org\",\"@graph\":[{\"@type\":\"WebPage\",\"@id\":\"https:\/\/livegood.network\/shop\/pt-br\/product\/ultimate-wellness-pack-pt-br\/\",\"url\":\"https:\/\/livegood.network\/shop\/pt-br\/product\/ultimate-wellness-pack-pt-br\/\",\"name\":\"Ultimate Pacote de bem-estar - LiveGooD Shop\",\"isPartOf\":{\"@id\":\"https:\/\/livegood.network\/shop\/#website\"},\"datePublished\":\"2024-01-27T13:06:49+00:00\",\"dateModified\":\"2024-02-02T16:39:46+00:00\",\"breadcrumb\":{\"@id\":\"https:\/\/livegood.network\/shop\/pt-br\/product\/ultimate-wellness-pack-pt-br\/#breadcrumb\"},\"inLanguage\":\"en-US\",\"potentialAction\":[{\"@type\":\"ReadAction\",\"target\":[\"https:\/\/livegood.network\/shop\/pt-br\/product\/ultimate-wellness-pack-pt-br\/\"]}]},{\"@type\":\"BreadcrumbList\",\"@id\":\"https:\/\/livegood.network\/shop\/pt-br\/product\/ultimate-wellness-pack-pt-br\/#breadcrumb\",\"itemListElement\":[{\"@type\":\"ListItem\",\"position\":1,\"name\":\"Home\",\"item\":\"https:\/\/livegood.network\/shop\/pt-br\/\"},{\"@type\":\"ListItem\",\"position\":2,\"name\":\"Shop\",\"item\":\"https:\/\/livegood.network\/shop\/shop\/\"},{\"@type\":\"ListItem\",\"position\":3,\"name\":\"Ultimate Pacote de bem-estar\"}]},{\"@type\":\"WebSite\",\"@id\":\"https:\/\/livegood.network\/shop\/#website\",\"url\":\"https:\/\/livegood.network\/shop\/\",\"name\":\"LiveGooD Shop\",\"description\":\"\",\"publisher\":{\"@id\":\"https:\/\/livegood.network\/shop\/#organization\"},\"potentialAction\":[{\"@type\":\"SearchAction\",\"target\":{\"@type\":\"EntryPoint\",\"urlTemplate\":\"https:\/\/livegood.network\/shop\/?s={search_term_string}\"},\"query-input\":\"required name=search_term_string\"}],\"inLanguage\":\"en-US\"},{\"@type\":\"Organization\",\"@id\":\"https:\/\/livegood.network\/shop\/#organization\",\"name\":\"LiveGooD\",\"url\":\"https:\/\/livegood.network\/shop\/\",\"logo\":{\"@type\":\"ImageObject\",\"inLanguage\":\"en-US\",\"@id\":\"https:\/\/livegood.network\/shop\/#\/schema\/logo\/image\/\",\"url\":\"https:\/\/livegood.network\/shop\/wp-content\/uploads\/2024\/01\/logo-livegood-shop-main.png\",\"contentUrl\":\"https:\/\/livegood.network\/shop\/wp-content\/uploads\/2024\/01\/logo-livegood-shop-main.png\",\"width\":373,\"height\":115,\"caption\":\"LiveGooD\"},\"image\":{\"@id\":\"https:\/\/livegood.network\/shop\/#\/schema\/logo\/image\/\"},\"sameAs\":[\"https:\/\/www.facebook.com\/livegoodhello\"]}]}<\/script>\n<!-- \/ Yoast SEO Premium plugin. -->","yoast_head_json":{"title":"Ultimate Pacote de bem-estar - LiveGooD Shop","robots":{"index":"index","follow":"follow","max-snippet":"max-snippet:-1","max-image-preview":"max-image-preview:large","max-video-preview":"max-video-preview:-1"},"canonical":"https:\/\/livegood.network\/shop\/pt-br\/product\/ultimate-wellness-pack-pt-br\/","og_locale":"en_US","og_type":"article","og_title":"Ultimate Pacote de bem-estar","og_description":"Voc\u00ea pode adicionar caf\u00e9 por apenas $15   Multivitam\u00ednico completo bioativo para homens ou mulheres  Ponche de Frutas Aminos Essenciais\/Lim\u00e3o Lim\u00e3o  Super Greens  Super Reds  Factor 4 Antiinflamat\u00f3rio  Complexo Ultra Magn\u00e9sio  D3-K2 2000","og_url":"https:\/\/livegood.network\/shop\/pt-br\/product\/ultimate-wellness-pack-pt-br\/","article_publisher":"https:\/\/www.facebook.com\/livegoodhello","article_modified_time":"2024-02-02T16:39:46+00:00","og_image":[{"width":1000,"height":600,"url":"https:\/\/livegood.network\/shop\/wp-content\/uploads\/2024\/01\/ultimate-wellness-pack-factor-4-pack-tile-livegood.png","type":"image\/png"}],"twitter_card":"summary_large_image","twitter_misc":{"Est. reading time":"5 minutes"},"schema":{"@context":"https:\/\/schema.org","@graph":[{"@type":"WebPage","@id":"https:\/\/livegood.network\/shop\/pt-br\/product\/ultimate-wellness-pack-pt-br\/","url":"https:\/\/livegood.network\/shop\/pt-br\/product\/ultimate-wellness-pack-pt-br\/","name":"Ultimate Pacote de bem-estar - LiveGooD Shop","isPartOf":{"@id":"https:\/\/livegood.network\/shop\/#website"},"datePublished":"2024-01-27T13:06:49+00:00","dateModified":"2024-02-02T16:39:46+00:00","breadcrumb":{"@id":"https:\/\/livegood.network\/shop\/pt-br\/product\/ultimate-wellness-pack-pt-br\/#breadcrumb"},"inLanguage":"en-US","potentialAction":[{"@type":"ReadAction","target":["https:\/\/livegood.network\/shop\/pt-br\/product\/ultimate-wellness-pack-pt-br\/"]}]},{"@type":"BreadcrumbList","@id":"https:\/\/livegood.network\/shop\/pt-br\/product\/ultimate-wellness-pack-pt-br\/#breadcrumb","itemListElement":[{"@type":"ListItem","position":1,"name":"Home","item":"https:\/\/livegood.network\/shop\/pt-br\/"},{"@type":"ListItem","position":2,"name":"Shop","item":"https:\/\/livegood.network\/shop\/shop\/"},{"@type":"ListItem","position":3,"name":"Ultimate Pacote de bem-estar"}]},{"@type":"WebSite","@id":"https:\/\/livegood.network\/shop\/#website","url":"https:\/\/livegood.network\/shop\/","name":"LiveGooD Shop","description":"","publisher":{"@id":"https:\/\/livegood.network\/shop\/#organization"},"potentialAction":[{"@type":"SearchAction","target":{"@type":"EntryPoint","urlTemplate":"https:\/\/livegood.network\/shop\/?s={search_term_string}"},"query-input":"required name=search_term_string"}],"inLanguage":"en-US"},{"@type":"Organization","@id":"https:\/\/livegood.network\/shop\/#organization","name":"LiveGooD","url":"https:\/\/livegood.network\/shop\/","logo":{"@type":"ImageObject","inLanguage":"en-US","@id":"https:\/\/livegood.network\/shop\/#\/schema\/logo\/image\/","url":"https:\/\/livegood.network\/shop\/wp-content\/uploads\/2024\/01\/logo-livegood-shop-main.png","contentUrl":"https:\/\/livegood.network\/shop\/wp-content\/uploads\/2024\/01\/logo-livegood-shop-main.png","width":373,"height":115,"caption":"LiveGooD"},"image":{"@id":"https:\/\/livegood.network\/shop\/#\/schema\/logo\/image\/"},"sameAs":["https:\/\/www.facebook.com\/livegoodhello"]}]}},"lang":"pt-br","translations":{"pt-br":1190,"ru-ru":1179,"ko":1180,"vi":1178,"en-us":277,"fr-fr":1175,"es-es":1176,"pt-pt":1177},"pll_sync_post":[],"_links":{"self":[{"href":"https:\/\/livegood.network\/shop\/wp-json\/wp\/v2\/product\/1190","targetHints":{"allow":["GET"]}}],"collection":[{"href":"https:\/\/livegood.network\/shop\/wp-json\/wp\/v2\/product"}],"about":[{"href":"https:\/\/livegood.network\/shop\/wp-json\/wp\/v2\/types\/product"}],"replies":[{"embeddable":true,"href":"https:\/\/livegood.network\/shop\/wp-json\/wp\/v2\/comments?post=1190"}],"version-history":[{"count":2,"href":"https:\/\/livegood.network\/shop\/wp-json\/wp\/v2\/product\/1190\/revisions"}],"predecessor-version":[{"id":1573,"href":"https:\/\/livegood.network\/shop\/wp-json\/wp\/v2\/product\/1190\/revisions\/1573"}],"wp:featuredmedia":[{"embeddable":true,"href":"https:\/\/livegood.network\/shop\/wp-json\/wp\/v2\/media\/278"}],"wp:attachment":[{"href":"https:\/\/livegood.network\/shop\/wp-json\/wp\/v2\/media?parent=1190"}],"wp:term":[{"taxonomy":"product_brand","embeddable":true,"href":"https:\/\/livegood.network\/shop\/wp-json\/wp\/v2\/product_brand?post=1190"},{"taxonomy":"product_cat","embeddable":true,"href":"https:\/\/livegood.network\/shop\/wp-json\/wp\/v2\/product_cat?post=1190"},{"taxonomy":"product_tag","embeddable":true,"href":"https:\/\/livegood.network\/shop\/wp-json\/wp\/v2\/product_tag?post=1190"}],"curies":[{"name":"wp","href":"https:\/\/api.w.org\/{rel}","templated":true}]}}