{"id":1193,"date":"2024-01-29T12:15:45","date_gmt":"2024-01-29T12:15:45","guid":{"rendered":"https:\/\/livegood.network\/shop\/?post_type=product&#038;p=1193"},"modified":"2024-07-28T17:45:57","modified_gmt":"2024-07-28T17:45:57","slug":"lean-body-pack-es-es","status":"publish","type":"product","link":"https:\/\/livegood.network\/shop\/es-es\/product\/lean-body-pack-es-es\/","title":{"rendered":"Cuerpo Delgado Pack"},"content":{"rendered":"<p>Hablar de longevidad y mejorar la salud implica inevitablemente abordar el aspecto crucial de gestionar una masa muscular magra saludable.\u00a0Numerosos estudios enfatizan que tener un exceso de grasa, particularmente cuando se concentra alrededor de nuestros \u00f3rganos, eleva el riesgo de enfermedades cr\u00f3nicas, morbilidad y mortalidad.\u00a0Si bien esto puede parecer alarmante, implementar un plan bien pensado con expectativas realistas nos permite aumentar gradualmente la masa muscular magra y reducir el exceso de grasa, lo que resulta en mejoras significativas en nuestra salud con el tiempo.<\/p>\n<p>Un componente fundamental de este enfoque es la adopci\u00f3n de un plan de nutrici\u00f3n saludable que incluya suplementos nutricionales esenciales.\u00a0Seleccionar los suplementos adecuados hace que el cuerpo reconozca un suministro constante y nutritivo de vitaminas, minerales y antioxidantes, lo que contribuye inmediatamente a la salud general.<\/p>\n<p>El LiveGood Lean Body Pack est\u00e1 dise\u00f1ado para centrarse en mantener y desarrollar m\u00fasculo magro, esencial para un cuerpo sano, al mismo tiempo que ayuda a reducir el exceso de grasa corporal.\u00a0Presenta una estrategia de sentido com\u00fan para abordar las deficiencias de nutrientes y promover el crecimiento de masa muscular magra.<\/p>\n<p>Este paquete incorpora nuestro LiveGood Ultra Magnesium Complex, vitamina D3K2 y Bio-Active Complete Multi-Vitamina como elementos esenciales diarios para cubrir todas las vitaminas y minerales esenciales.\u00a0Adem\u00e1s, se incluyen nuestra prote\u00edna completa de origen vegetal y amino\u00e1cidos esenciales para favorecer el desarrollo y el mantenimiento de los m\u00fasculos y, al mismo tiempo, mejorar la energ\u00eda y la resistencia.\u00a0El Caf\u00e9 Org\u00e1nico para Peso Saludable complementa el paquete brindando ayuda con la energ\u00eda, la concentraci\u00f3n y el control de los antojos.<\/p>\n<p>Para maximizar sus resultados:<\/p>\n<ol>\n<li><strong>C\u00e1psula de vitamina D3K2:<\/strong>\u00a0Tomar 1 c\u00e1psula con la primera comida del d\u00eda.<\/li>\n<li><strong>Caf\u00e9 org\u00e1nico:<\/strong>\u00a0mezcle 1 cucharada de polvo en agua fr\u00eda o caliente al despertar para obtener un r\u00e1pido impulso de energ\u00eda, mejorar la concentraci\u00f3n y la motivaci\u00f3n.<\/li>\n<li><strong>Prote\u00edna:<\/strong>\u00a0Media ma\u00f1ana: mezcle 1 cucharada de prote\u00edna vegetal en polvo en un batido o con agua como alimentador muscular a media ma\u00f1ana, especialmente beneficioso despu\u00e9s de un entrenamiento matutino.<\/li>\n<li><strong>LiveGood Essential Aminos:<\/strong>\u00a0Se puede tomar en cualquier momento;\u00a0\u00daselo al menos una vez al d\u00eda para ayudar a mantener la masa muscular magra, aumentar la concentraci\u00f3n, la energ\u00eda y respaldar su ciclo de sue\u00f1o.\u00a0Considere tomarlos antes de hacer ejercicio o como refrigerio por la tarde.\u00a0Consejo profesional: reemplace los refrescos o las bebidas azucaradas con LiveGood Essential Aminos.<\/li>\n<li><strong>Multivitam\u00ednico BioActive Complete:<\/strong>\u00a0Tomar 2 c\u00e1psulas con el almuerzo, preferiblemente con al menos una hora de diferencia entre la vitamina D3K2.\u00a0La ingesta diurna es ideal, ya que las vitaminas B pueden contribuir a aumentar la energ\u00eda.<\/li>\n<li><strong>Complejo Ultra Magnesio:<\/strong>\u00a0Tomar 2 c\u00e1psulas por la tarde o antes de acostarse.\u00a0Consejo profesional: divida la dosis, tomando 1 c\u00e1psula por la tarde para ayudar a controlar el estr\u00e9s diario y la otra c\u00e1psula antes de acostarse para ayudar a conciliar el sue\u00f1o.<\/li>\n<\/ol>\n<p>Si bien los suplementos LiveGood desempe\u00f1an un papel crucial en la mejora de la salud general, el rendimiento y la masa muscular magra, es esencial considerar otros factores para maximizar la salud.\u00a0Limitar la ingesta de az\u00facar y alimentos procesados, realizar al menos 30 minutos de ejercicio diario, garantizar un sue\u00f1o de calidad y priorizar las comidas naturales, org\u00e1nicas y saludables son igualmente importantes.\u00a0Para cualquier consejo o consulta, no dude en comunicarse con nuestra Directora de Educaci\u00f3n de Producto, Lisa Goodkin, en\u00a0<a target=\"_new\" rel=\"noopener\">lisa@livegood.com<\/a>\u00a0en cualquier momento.<\/p>\n<hr \/>\n<p><strong>\u00bfQu\u00e9 hay dentro del Lean Body Pack?<\/strong><\/p>\n<hr \/>\n<p><a href=\"https:\/\/livegood.network\/shop\/es-es\/product\/complete-plant-based-protein-es-es\/\"><img decoding=\"async\" class=\" wp-image-185\" src=\"https:\/\/livegood.network\/shop\/wp-content\/uploads\/2024\/01\/complete-plant-based-protein-livegood.png\" alt=\"Prote\u00edna completa de origen vegetal Livegood\" width=\"83\" height=\"83\" \/><\/a><\/p>\n<p><a href=\"https:\/\/livegood.network\/shop\/es-es\/product\/complete-plant-based-protein-es-es\/\"><strong>Prote\u00edna completa de origen vegetal<\/strong><\/a><\/p>\n<p>La prote\u00edna completa de origen vegetal de LiveGood est\u00e1 dise\u00f1ada para ser el suplemento de prote\u00edna PREMIER disponible, brindando el valor nutricional M\u00c1S ALTO con los MEJORES ingredientes que se encuentran en la Tierra.<\/p>\n<hr \/>\n<p><a href=\"https:\/\/livegood.network\/shop\/es-es\/product\/essential-aminos-es-es\/\"><img decoding=\"async\" class=\" wp-image-185\" src=\"https:\/\/livegood.network\/shop\/wp-content\/uploads\/2024\/01\/aminos-fruitpunch-livegood.png\" alt=\"Amino\u00e1cidos Esenciales Completos Livegood\" width=\"83\" height=\"83\" \/><\/a><\/p>\n<p><a href=\"https:\/\/livegood.network\/shop\/es-es\/product\/essential-aminos-es-es\/\"><strong>Amino\u00e1cidos esenciales<\/strong><\/a><\/p>\n<p>\u00a1La f\u00f3rmula exclusiva le proporciona una proporci\u00f3n finamente ajustada de TODOS los amino\u00e1cidos esenciales, amino\u00e1cidos de cadena ramificada Y electrolitos para reforzar la fuerza y \u200b\u200bfunci\u00f3n muscular, preservar la masa muscular magra, mejorar la resistencia y la recuperaci\u00f3n, y fomentar un estado de energ\u00eda y concentraci\u00f3n saludables!<\/p>\n<hr \/>\n<p><a href=\"https:\/\/livegood.network\/shop\/es-es\/product\/bio-active-complete-multi-vitamin-for-men-es-es\/\"><img decoding=\"async\" class=\" wp-image-185\" src=\"https:\/\/livegood.network\/shop\/wp-content\/uploads\/2024\/01\/multi-vitamin-men-shop-livegood.png\" sizes=\"(max-width: 83px) 100vw, 83px\" srcset=\"https:\/\/livegood.network\/shop\/wp-content\/uploads\/2024\/01\/multi-vitamin-men-shop-livegood.png 720w, https:\/\/livegood.network\/shop\/wp-content\/uploads\/2024\/01\/multi-vitamin-men-shop-livegood-300x300.png 300w, https:\/\/livegood.network\/shop\/wp-content\/uploads\/2024\/01\/multi-vitamin-men-shop-livegood-150x150.png 150w, https:\/\/livegood.network\/shop\/wp-content\/uploads\/2024\/01\/multi-vitamin-men-shop-livegood-350x350.png 350w, https:\/\/livegood.network\/shop\/wp-content\/uploads\/2024\/01\/multi-vitamin-men-shop-livegood-600x600.png 600w, https:\/\/livegood.network\/shop\/wp-content\/uploads\/2024\/01\/multi-vitamin-men-shop-livegood-100x100.png 100w\" alt=\"tienda multivitam\u00ednica para hombres livegood\" width=\"83\" height=\"83\" \/><\/a><\/p>\n<p><a href=\"https:\/\/livegood.network\/shop\/es-es\/product\/bio-active-complete-multi-vitamin-for-men-es-es\/\"><strong>Multivitam\u00ednico Bioactivo Completo para Hombre o Mujer<\/strong><\/a><\/p>\n<p>La mayor\u00eda de los hombres no obtienen las vitaminas y minerales adecuados a trav\u00e9s de su dieta diaria.\u00a0Estas deficiencias de vitaminas pueden provocar diversos problemas de salud, como un sistema inmunol\u00f3gico comprometido, ca\u00edda del cabello, problemas de la piel, disminuci\u00f3n de la visi\u00f3n, disminuci\u00f3n de la densidad \u00f3sea e incluso aumento de peso, junto con afecciones de salud m\u00e1s graves.<\/p>\n<hr \/>\n<p><a href=\"https:\/\/livegood.network\/shop\/es-es\/product\/d3-k2-2000-vitamin-es-es\/\"><img loading=\"lazy\" decoding=\"async\" class=\" wp-image-185\" src=\"https:\/\/livegood.network\/shop\/wp-content\/uploads\/2024\/01\/d3-k2-vitamin-d-and-k-livegood.png\" alt=\"D3-K2\" width=\"83\" height=\"83\" \/><\/a><\/p>\n<p><a href=\"https:\/\/livegood.network\/shop\/es-es\/product\/d3-k2-2000-vitamin-es-es\/\"><strong>Vitamina D3 y K2<\/strong><\/a><\/p>\n<p>\u00bfSab\u00edas que la vitamina D juega un papel crucial en el apoyo a un sistema inmunol\u00f3gico saludable?<br \/>\n\u00bfSab\u00eda usted que m\u00e1s personas sufren de una deficiencia de vitamina D que cualquier otra vitamina a nivel mundial?<\/p>\n<hr \/>\n<p><a href=\"https:\/\/livegood.network\/shop\/es-es\/product\/ultra-magnesium-complex-es-es\/\"><img loading=\"lazy\" decoding=\"async\" class=\" wp-image-185\" src=\"https:\/\/livegood.network\/shop\/wp-content\/uploads\/2024\/01\/ultra-magnesium-complex-livegood.png\" alt=\"Complejo Ultra Magnesio\" width=\"83\" height=\"83\" \/><\/a><\/p>\n<p><a href=\"https:\/\/livegood.network\/shop\/es-es\/product\/ultra-magnesium-complex-es-es\/\"><strong>Complejo Ultra Magnesio<\/strong><\/a><\/p>\n<p>\u00a1El magnesio desempe\u00f1a un papel en m\u00e1s de 300 reacciones bioqu\u00edmicas dentro de nuestro cuerpo cada d\u00eda!\u00a0A pesar de mantener una dieta sana y equilibrada, la mayor\u00eda de las personas no adquieren suficiente magnesio.<\/p>\n","protected":false},"excerpt":{"rendered":"<p><img decoding=\"async\" class=\"emoji\" role=\"img\" draggable=\"false\" src=\"https:\/\/s.w.org\/images\/core\/emoji\/14.0.0\/svg\/1f49a.svg\" alt=\"LiveGooD Heart\" \/> 2 Prote\u00ednas Vegetales Completas<br \/>\n<img decoding=\"async\" class=\"emoji\" role=\"img\" draggable=\"false\" src=\"https:\/\/s.w.org\/images\/core\/emoji\/14.0.0\/svg\/1f49a.svg\" alt=\"LiveGooD Heart\" \/> Multivitam\u00ednico Completo Bio-Activo Para Hombres o Mujeres<br \/>\n<img decoding=\"async\" class=\"emoji\" role=\"img\" draggable=\"false\" src=\"https:\/\/s.w.org\/images\/core\/emoji\/14.0.0\/svg\/1f49a.svg\" alt=\"LiveGooD Heart\" \/> Essential Aminos Ponche de Frutas\/Lima Lim\u00f3n<br \/>\n<img decoding=\"async\" class=\"emoji\" role=\"img\" draggable=\"false\" src=\"https:\/\/s.w.org\/images\/core\/emoji\/14.0.0\/svg\/1f49a.svg\" alt=\"LiveGooD Heart\" \/> Complejo Ultra Magnesio<br \/>\n<img decoding=\"async\" class=\"emoji\" role=\"img\" draggable=\"false\" src=\"https:\/\/s.w.org\/images\/core\/emoji\/14.0.0\/svg\/1f49a.svg\" alt=\"LiveGooD Heart\" \/> D3-K2 2000<\/p>\n","protected":false},"featured_media":275,"comment_status":"open","ping_status":"closed","template":"","meta":[],"product_brand":[],"product_cat":[209,212,240],"product_tag":[],"class_list":{"0":"post-1193","1":"product","2":"type-product","3":"status-publish","4":"has-post-thumbnail","6":"product_cat-product-packages-es-es","7":"product_cat-supplements-es-es","8":"product_cat-vitamin-es-es","10":"first","11":"instock","12":"sale","13":"shipping-taxable","14":"product-type-external"},"yoast_head":"<!-- This site is optimized with the Yoast SEO Premium plugin v20.6 (Yoast SEO v21.8.1) - https:\/\/yoast.com\/wordpress\/plugins\/seo\/ -->\n<title>Cuerpo Delgado Pack - LiveGooD Shop<\/title>\n<meta name=\"robots\" content=\"index, follow, max-snippet:-1, max-image-preview:large, max-video-preview:-1\" \/>\n<link rel=\"canonical\" href=\"https:\/\/livegood.network\/shop\/es-es\/product\/lean-body-pack-es-es\/\" \/>\n<meta property=\"og:locale\" content=\"en_US\" \/>\n<meta property=\"og:type\" content=\"article\" \/>\n<meta property=\"og:title\" content=\"Cuerpo Delgado Pack\" \/>\n<meta property=\"og:description\" content=\"2 Prote\u00ednas Vegetales Completas  Multivitam\u00ednico Completo Bio-Activo Para Hombres o Mujeres  Essential Aminos Ponche de Frutas\/Lima Lim\u00f3n  Complejo Ultra Magnesio  D3-K2 2000\" \/>\n<meta property=\"og:url\" content=\"https:\/\/livegood.network\/shop\/es-es\/product\/lean-body-pack-es-es\/\" \/>\n<meta property=\"article:publisher\" content=\"https:\/\/www.facebook.com\/livegoodhello\" \/>\n<meta property=\"article:modified_time\" content=\"2024-07-28T17:45:57+00:00\" \/>\n<meta property=\"og:image\" content=\"https:\/\/livegood.network\/shop\/wp-content\/uploads\/2024\/01\/lean-body-pack-tile-livegood.png\" \/>\n\t<meta property=\"og:image:width\" content=\"1000\" \/>\n\t<meta property=\"og:image:height\" content=\"600\" \/>\n\t<meta property=\"og:image:type\" content=\"image\/png\" \/>\n<meta name=\"twitter:card\" content=\"summary_large_image\" \/>\n<meta name=\"twitter:label1\" content=\"Est. reading time\" \/>\n\t<meta name=\"twitter:data1\" content=\"5 minutes\" \/>\n<script type=\"application\/ld+json\" class=\"yoast-schema-graph\">{\"@context\":\"https:\/\/schema.org\",\"@graph\":[{\"@type\":\"WebPage\",\"@id\":\"https:\/\/livegood.network\/shop\/es-es\/product\/lean-body-pack-es-es\/\",\"url\":\"https:\/\/livegood.network\/shop\/es-es\/product\/lean-body-pack-es-es\/\",\"name\":\"Cuerpo Delgado Pack - LiveGooD Shop\",\"isPartOf\":{\"@id\":\"https:\/\/livegood.network\/shop\/#website\"},\"datePublished\":\"2024-01-29T12:15:45+00:00\",\"dateModified\":\"2024-07-28T17:45:57+00:00\",\"breadcrumb\":{\"@id\":\"https:\/\/livegood.network\/shop\/es-es\/product\/lean-body-pack-es-es\/#breadcrumb\"},\"inLanguage\":\"en-US\",\"potentialAction\":[{\"@type\":\"ReadAction\",\"target\":[\"https:\/\/livegood.network\/shop\/es-es\/product\/lean-body-pack-es-es\/\"]}]},{\"@type\":\"BreadcrumbList\",\"@id\":\"https:\/\/livegood.network\/shop\/es-es\/product\/lean-body-pack-es-es\/#breadcrumb\",\"itemListElement\":[{\"@type\":\"ListItem\",\"position\":1,\"name\":\"Home\",\"item\":\"https:\/\/livegood.network\/shop\/pt-br\/\"},{\"@type\":\"ListItem\",\"position\":2,\"name\":\"Shop\",\"item\":\"https:\/\/livegood.network\/shop\/shop\/\"},{\"@type\":\"ListItem\",\"position\":3,\"name\":\"Cuerpo Delgado Pack\"}]},{\"@type\":\"WebSite\",\"@id\":\"https:\/\/livegood.network\/shop\/#website\",\"url\":\"https:\/\/livegood.network\/shop\/\",\"name\":\"LiveGooD Shop\",\"description\":\"\",\"publisher\":{\"@id\":\"https:\/\/livegood.network\/shop\/#organization\"},\"potentialAction\":[{\"@type\":\"SearchAction\",\"target\":{\"@type\":\"EntryPoint\",\"urlTemplate\":\"https:\/\/livegood.network\/shop\/?s={search_term_string}\"},\"query-input\":\"required name=search_term_string\"}],\"inLanguage\":\"en-US\"},{\"@type\":\"Organization\",\"@id\":\"https:\/\/livegood.network\/shop\/#organization\",\"name\":\"LiveGooD\",\"url\":\"https:\/\/livegood.network\/shop\/\",\"logo\":{\"@type\":\"ImageObject\",\"inLanguage\":\"en-US\",\"@id\":\"https:\/\/livegood.network\/shop\/#\/schema\/logo\/image\/\",\"url\":\"https:\/\/livegood.network\/shop\/wp-content\/uploads\/2024\/01\/logo-livegood-shop-main.png\",\"contentUrl\":\"https:\/\/livegood.network\/shop\/wp-content\/uploads\/2024\/01\/logo-livegood-shop-main.png\",\"width\":373,\"height\":115,\"caption\":\"LiveGooD\"},\"image\":{\"@id\":\"https:\/\/livegood.network\/shop\/#\/schema\/logo\/image\/\"},\"sameAs\":[\"https:\/\/www.facebook.com\/livegoodhello\"]}]}<\/script>\n<!-- \/ Yoast SEO Premium plugin. -->","yoast_head_json":{"title":"Cuerpo Delgado Pack - LiveGooD Shop","robots":{"index":"index","follow":"follow","max-snippet":"max-snippet:-1","max-image-preview":"max-image-preview:large","max-video-preview":"max-video-preview:-1"},"canonical":"https:\/\/livegood.network\/shop\/es-es\/product\/lean-body-pack-es-es\/","og_locale":"en_US","og_type":"article","og_title":"Cuerpo Delgado Pack","og_description":"2 Prote\u00ednas Vegetales Completas  Multivitam\u00ednico Completo Bio-Activo Para Hombres o Mujeres  Essential Aminos Ponche de Frutas\/Lima Lim\u00f3n  Complejo Ultra Magnesio  D3-K2 2000","og_url":"https:\/\/livegood.network\/shop\/es-es\/product\/lean-body-pack-es-es\/","article_publisher":"https:\/\/www.facebook.com\/livegoodhello","article_modified_time":"2024-07-28T17:45:57+00:00","og_image":[{"width":1000,"height":600,"url":"https:\/\/livegood.network\/shop\/wp-content\/uploads\/2024\/01\/lean-body-pack-tile-livegood.png","type":"image\/png"}],"twitter_card":"summary_large_image","twitter_misc":{"Est. reading time":"5 minutes"},"schema":{"@context":"https:\/\/schema.org","@graph":[{"@type":"WebPage","@id":"https:\/\/livegood.network\/shop\/es-es\/product\/lean-body-pack-es-es\/","url":"https:\/\/livegood.network\/shop\/es-es\/product\/lean-body-pack-es-es\/","name":"Cuerpo Delgado Pack - LiveGooD Shop","isPartOf":{"@id":"https:\/\/livegood.network\/shop\/#website"},"datePublished":"2024-01-29T12:15:45+00:00","dateModified":"2024-07-28T17:45:57+00:00","breadcrumb":{"@id":"https:\/\/livegood.network\/shop\/es-es\/product\/lean-body-pack-es-es\/#breadcrumb"},"inLanguage":"en-US","potentialAction":[{"@type":"ReadAction","target":["https:\/\/livegood.network\/shop\/es-es\/product\/lean-body-pack-es-es\/"]}]},{"@type":"BreadcrumbList","@id":"https:\/\/livegood.network\/shop\/es-es\/product\/lean-body-pack-es-es\/#breadcrumb","itemListElement":[{"@type":"ListItem","position":1,"name":"Home","item":"https:\/\/livegood.network\/shop\/pt-br\/"},{"@type":"ListItem","position":2,"name":"Shop","item":"https:\/\/livegood.network\/shop\/shop\/"},{"@type":"ListItem","position":3,"name":"Cuerpo Delgado Pack"}]},{"@type":"WebSite","@id":"https:\/\/livegood.network\/shop\/#website","url":"https:\/\/livegood.network\/shop\/","name":"LiveGooD Shop","description":"","publisher":{"@id":"https:\/\/livegood.network\/shop\/#organization"},"potentialAction":[{"@type":"SearchAction","target":{"@type":"EntryPoint","urlTemplate":"https:\/\/livegood.network\/shop\/?s={search_term_string}"},"query-input":"required name=search_term_string"}],"inLanguage":"en-US"},{"@type":"Organization","@id":"https:\/\/livegood.network\/shop\/#organization","name":"LiveGooD","url":"https:\/\/livegood.network\/shop\/","logo":{"@type":"ImageObject","inLanguage":"en-US","@id":"https:\/\/livegood.network\/shop\/#\/schema\/logo\/image\/","url":"https:\/\/livegood.network\/shop\/wp-content\/uploads\/2024\/01\/logo-livegood-shop-main.png","contentUrl":"https:\/\/livegood.network\/shop\/wp-content\/uploads\/2024\/01\/logo-livegood-shop-main.png","width":373,"height":115,"caption":"LiveGooD"},"image":{"@id":"https:\/\/livegood.network\/shop\/#\/schema\/logo\/image\/"},"sameAs":["https:\/\/www.facebook.com\/livegoodhello"]}]}},"lang":"es-es","translations":{"es-es":1193,"pt-br":1204,"pt-pt":1194,"en-us":274,"fr-fr":1192,"vi":1195,"ru-ru":1196,"ko":1197},"pll_sync_post":[],"_links":{"self":[{"href":"https:\/\/livegood.network\/shop\/wp-json\/wp\/v2\/product\/1193","targetHints":{"allow":["GET"]}}],"collection":[{"href":"https:\/\/livegood.network\/shop\/wp-json\/wp\/v2\/product"}],"about":[{"href":"https:\/\/livegood.network\/shop\/wp-json\/wp\/v2\/types\/product"}],"replies":[{"embeddable":true,"href":"https:\/\/livegood.network\/shop\/wp-json\/wp\/v2\/comments?post=1193"}],"version-history":[{"count":3,"href":"https:\/\/livegood.network\/shop\/wp-json\/wp\/v2\/product\/1193\/revisions"}],"predecessor-version":[{"id":1578,"href":"https:\/\/livegood.network\/shop\/wp-json\/wp\/v2\/product\/1193\/revisions\/1578"}],"wp:featuredmedia":[{"embeddable":true,"href":"https:\/\/livegood.network\/shop\/wp-json\/wp\/v2\/media\/275"}],"wp:attachment":[{"href":"https:\/\/livegood.network\/shop\/wp-json\/wp\/v2\/media?parent=1193"}],"wp:term":[{"taxonomy":"product_brand","embeddable":true,"href":"https:\/\/livegood.network\/shop\/wp-json\/wp\/v2\/product_brand?post=1193"},{"taxonomy":"product_cat","embeddable":true,"href":"https:\/\/livegood.network\/shop\/wp-json\/wp\/v2\/product_cat?post=1193"},{"taxonomy":"product_tag","embeddable":true,"href":"https:\/\/livegood.network\/shop\/wp-json\/wp\/v2\/product_tag?post=1193"}],"curies":[{"name":"wp","href":"https:\/\/api.w.org\/{rel}","templated":true}]}}