{"id":1195,"date":"2024-01-29T12:08:34","date_gmt":"2024-01-29T12:08:34","guid":{"rendered":"https:\/\/livegood.network\/shop\/?post_type=product&#038;p=1195"},"modified":"2024-07-28T17:45:57","modified_gmt":"2024-07-28T17:45:57","slug":"lean-body-pack-vi","status":"publish","type":"product","link":"https:\/\/livegood.network\/shop\/vi\/product\/lean-body-pack-vi\/","title":{"rendered":"G\u00f3i c\u01a1 th\u1ec3 n\u1ea1c"},"content":{"rendered":"<p>Th\u1ea3o lu\u1eadn v\u1ec1 tu\u1ed5i th\u1ecd v\u00e0 n\u00e2ng cao s\u1ee9c kh\u1ecfe c\u1ee7a b\u1ea1n ch\u1eafc ch\u1eafn li\u00ean quan \u0111\u1ebfn vi\u1ec7c gi\u1ea3i quy\u1ebft kh\u00eda c\u1ea1nh quan tr\u1ecdng c\u1ee7a vi\u1ec7c qu\u1ea3n l\u00fd c\u01a1 b\u1eafp s\u0103n ch\u1eafc kh\u1ecfe m\u1ea1nh.\u00a0Nhi\u1ec1u nghi\u00ean c\u1ee9u nh\u1ea5n m\u1ea1nh r\u1eb1ng vi\u1ec7c mang theo ch\u1ea5t b\u00e9o d\u01b0 th\u1eeba, \u0111\u1eb7c bi\u1ec7t khi t\u1eadp trung quanh c\u00e1c c\u01a1 quan c\u1ee7a ch\u00fang ta, s\u1ebd l\u00e0m t\u0103ng nguy c\u01a1 m\u1eafc c\u00e1c b\u1ec7nh m\u00e3n t\u00ednh, b\u1ec7nh t\u1eadt v\u00e0 t\u1eed vong.\u00a0M\u1eb7c d\u00f9 \u0111i\u1ec1u n\u00e0y nghe c\u00f3 v\u1ebb \u0111\u00e1ng b\u00e1o \u0111\u1ed9ng, nh\u01b0ng vi\u1ec7c th\u1ef1c hi\u1ec7n m\u1ed9t k\u1ebf ho\u1ea1ch \u0111\u01b0\u1ee3c c\u00e2n nh\u1eafc k\u1ef9 l\u01b0\u1ee1ng v\u1edbi nh\u1eefng k\u1ef3 v\u1ecdng th\u1ef1c t\u1ebf cho ph\u00e9p ch\u00fang ta t\u0103ng d\u1ea7n c\u01a1 n\u1ea1c v\u00e0 gi\u1ea3m m\u1ee1 th\u1eeba, t\u1eeb \u0111\u00f3 mang l\u1ea1i nh\u1eefng c\u1ea3i thi\u1ec7n \u0111\u00e1ng k\u1ec3 cho s\u1ee9c kh\u1ecfe c\u1ee7a ch\u00fang ta theo th\u1eddi gian.<\/p>\n<p>M\u1ed9t ph\u1ea7n c\u01a1 b\u1ea3n c\u1ee7a ph\u01b0\u01a1ng ph\u00e1p n\u00e0y l\u00e0 \u00e1p d\u1ee5ng m\u1ed9t k\u1ebf ho\u1ea1ch dinh d\u01b0\u1ee1ng l\u00e0nh m\u1ea1nh bao g\u1ed3m c\u00e1c ch\u1ea5t b\u1ed5 sung dinh d\u01b0\u1ee1ng thi\u1ebft y\u1ebfu.\u00a0Vi\u1ec7c l\u1ef1a ch\u1ecdn c\u00e1c ch\u1ea5t b\u1ed5 sung ph\u00f9 h\u1ee3p s\u1ebd nh\u1eafc nh\u1edf c\u01a1 th\u1ec3 nh\u1eadn ra ngu\u1ed3n cung c\u1ea5p vitamin, kho\u00e1ng ch\u1ea5t v\u00e0 ch\u1ea5t ch\u1ed1ng oxy h\u00f3a ph\u00f9 h\u1ee3p v\u00e0 b\u1ed5 d\u01b0\u1ee1ng, g\u00f3p ph\u1ea7n ngay l\u1eadp t\u1ee9c v\u00e0o s\u1ee9c kh\u1ecfe t\u1ed5ng th\u1ec3.<\/p>\n<p>LiveGood Lean Body Pack \u0111\u01b0\u1ee3c thi\u1ebft k\u1ebf \u0111\u1ec3 t\u1eadp trung v\u00e0o vi\u1ec7c duy tr\u00ec v\u00e0 x\u00e2y d\u1ef1ng c\u01a1 b\u1eafp s\u0103n ch\u1eafc, c\u1ea7n thi\u1ebft cho m\u1ed9t c\u01a1 th\u1ec3 kh\u1ecfe m\u1ea1nh, \u0111\u1ed3ng th\u1eddi h\u1ed7 tr\u1ee3 gi\u1ea3m m\u1ee1 th\u1eeba trong c\u01a1 th\u1ec3.\u00a0N\u00f3 tr\u00ecnh b\u00e0y m\u1ed9t chi\u1ebfn l\u01b0\u1ee3c h\u1ee3p l\u00fd \u0111\u1ec3 gi\u1ea3i quy\u1ebft s\u1ef1 thi\u1ebfu h\u1ee5t ch\u1ea5t dinh d\u01b0\u1ee1ng v\u00e0 th\u00fac \u0111\u1ea9y s\u1ef1 ph\u00e1t tri\u1ec3n c\u1ee7a kh\u1ed1i l\u01b0\u1ee3ng c\u01a1 n\u1ea1c.<\/p>\n<p>G\u00f3i n\u00e0y k\u1ebft h\u1ee3p Ph\u1ee9c h\u1ee3p Magi\u00ea LiveGood Ultra, Vitamin D3K2 v\u00e0 Vitamin t\u1ed5ng h\u1ee3p Bio-Active l\u00e0 nh\u1eefng th\u1ee9 c\u1ea7n thi\u1ebft h\u00e0ng ng\u00e0y \u0111\u1ec3 cung c\u1ea5p t\u1ea5t c\u1ea3 c\u00e1c vitamin v\u00e0 kho\u00e1ng ch\u1ea5t thi\u1ebft y\u1ebfu.\u00a0Ngo\u00e0i ra, Protein ho\u00e0n ch\u1ec9nh t\u1eeb th\u1ef1c v\u1eadt v\u00e0 Aminos thi\u1ebft y\u1ebfu c\u1ee7a ch\u00fang t\u00f4i \u0111\u01b0\u1ee3c \u0111\u01b0a v\u00e0o \u0111\u1ec3 h\u1ed7 tr\u1ee3 x\u00e2y d\u1ef1ng v\u00e0 duy tr\u00ec c\u01a1 b\u1eafp \u0111\u1ed3ng th\u1eddi t\u0103ng c\u01b0\u1eddng n\u0103ng l\u01b0\u1ee3ng v\u00e0 s\u1ee9c ch\u1ecbu \u0111\u1ef1ng.\u00a0C\u00e0 ph\u00ea c\u00f3 tr\u1ecdng l\u01b0\u1ee3ng t\u1ed1t cho s\u1ee9c kh\u1ecfe h\u1eefu c\u01a1 b\u1ed5 sung cho g\u00f3i b\u1eb1ng c\u00e1ch cung c\u1ea5p h\u1ed7 tr\u1ee3 v\u1ec1 n\u0103ng l\u01b0\u1ee3ng, s\u1ef1 t\u1eadp trung v\u00e0 ki\u1ec3m so\u00e1t c\u1ea3m gi\u00e1c th\u00e8m \u0103n.<\/p>\n<p>\u0110\u1ec3 t\u1ed1i \u0111a h\u00f3a k\u1ebft qu\u1ea3 c\u1ee7a b\u1ea1n:<\/p>\n<ol>\n<li><strong>Vi\u00ean nang Vitamin D3K2:<\/strong>\u00a0U\u1ed1ng 1 vi\u00ean trong b\u1eefa \u0103n \u0111\u1ea7u ti\u00ean trong ng\u00e0y.<\/li>\n<li><strong>C\u00e0 ph\u00ea h\u1eefu c\u01a1:<\/strong>\u00a0Tr\u1ed9n 1 mu\u1ed7ng b\u1ed9t v\u00e0o n\u01b0\u1edbc n\u00f3ng ho\u1eb7c l\u1ea1nh khi th\u1ee9c d\u1eady \u0111\u1ec3 t\u0103ng n\u0103ng l\u01b0\u1ee3ng nhanh ch\u00f3ng, t\u0103ng c\u01b0\u1eddng s\u1ef1 t\u1eadp trung v\u00e0 \u0111\u1ed9ng l\u1ef1c.<\/li>\n<li><strong>Ch\u1ea5t \u0111\u1ea1m:<\/strong>\u00a0Gi\u1eefa bu\u1ed5i s\u00e1ng &#8211; Tr\u1ed9n 1 mu\u1ed7ng B\u1ed9t Protein th\u1ef1c v\u1eadt v\u00e0o sinh t\u1ed1 ho\u1eb7c v\u1edbi n\u01b0\u1edbc \u0111\u1ec3 cung c\u1ea5p n\u0103ng l\u01b0\u1ee3ng cho c\u01a1 b\u1eafp v\u00e0o gi\u1eefa bu\u1ed5i s\u00e1ng, \u0111\u1eb7c bi\u1ec7t c\u00f3 l\u1ee3i sau khi t\u1eadp luy\u1ec7n bu\u1ed5i s\u00e1ng.<\/li>\n<li><strong>LiveGood Essential Aminos:<\/strong>\u00a0C\u00f3 th\u1ec3 u\u1ed1ng b\u1ea5t c\u1ee9 l\u00fac n\u00e0o;\u00a0s\u1eed d\u1ee5ng \u00edt nh\u1ea5t m\u1ed9t l\u1ea7n m\u1ed7i ng\u00e0y \u0111\u1ec3 h\u1ed7 tr\u1ee3 duy tr\u00ec kh\u1ed1i l\u01b0\u1ee3ng c\u01a1 n\u1ea1c, t\u0103ng c\u01b0\u1eddng s\u1ef1 t\u1eadp trung, n\u0103ng l\u01b0\u1ee3ng v\u00e0 h\u1ed7 tr\u1ee3 chu k\u1ef3 gi\u1ea5c ng\u1ee7 c\u1ee7a b\u1ea1n.\u00a0H\u00e3y c\u00e2n nh\u1eafc d\u00f9ng ch\u00fang tr\u01b0\u1edbc khi t\u1eadp luy\u1ec7n ho\u1eb7c nh\u01b0 m\u1ed9t m\u00f3n gi\u1ea3i kh\u00e1t bu\u1ed5i chi\u1ec1u.\u00a0M\u1eb9o chuy\u00ean nghi\u1ec7p: Thay th\u1ebf soda ho\u1eb7c \u0111\u1ed3 u\u1ed1ng c\u00f3 \u0111\u01b0\u1eddng b\u1eb1ng LiveGood Essential Aminos.<\/li>\n<li><strong>BioActive Complete Multi-Vitamin:<\/strong>\u00a0U\u1ed1ng 2 vi\u00ean v\u00e0o b\u1eefa tr\u01b0a, t\u1ed1t nh\u1ea5t l\u00e0 c\u00e1ch Vitamin D3K2 \u00edt nh\u1ea5t m\u1ed9t gi\u1edd.\u00a0L\u01b0\u1ee3ng ti\u00eau th\u1ee5 ban ng\u00e0y l\u00e0 l\u00fd t\u01b0\u1edfng v\u00ec vitamin B c\u00f3 th\u1ec3 g\u00f3p ph\u1ea7n t\u0103ng c\u01b0\u1eddng n\u0103ng l\u01b0\u1ee3ng.<\/li>\n<li><strong>Ph\u1ee9c h\u1ee3p si\u00eau Magi\u00ea:<\/strong>\u00a0U\u1ed1ng 2 vi\u00ean v\u00e0o bu\u1ed5i chi\u1ec1u ho\u1eb7c tr\u01b0\u1edbc khi \u0111i ng\u1ee7.\u00a0M\u1eb9o chuy\u00ean nghi\u1ec7p: Chia li\u1ec1u, u\u1ed1ng 1 vi\u00ean v\u00e0o bu\u1ed5i chi\u1ec1u \u0111\u1ec3 gi\u00fap ki\u1ec3m so\u00e1t c\u0103ng th\u1eb3ng h\u00e0ng ng\u00e0y v\u00e0 vi\u00ean c\u00f2n l\u1ea1i tr\u01b0\u1edbc khi \u0111i ng\u1ee7 \u0111\u1ec3 h\u1ed7 tr\u1ee3 gi\u1ea5c ng\u1ee7.<\/li>\n<\/ol>\n<p>M\u1eb7c d\u00f9 ch\u1ea5t b\u1ed5 sung LiveGood \u0111\u00f3ng vai tr\u00f2 quan tr\u1ecdng trong vi\u1ec7c c\u1ea3i thi\u1ec7n s\u1ee9c kh\u1ecfe t\u1ed5ng th\u1ec3, hi\u1ec7u su\u1ea5t v\u00e0 kh\u1ed1i l\u01b0\u1ee3ng c\u01a1 n\u1ea1c, nh\u01b0ng \u0111i\u1ec1u c\u1ea7n thi\u1ebft l\u00e0 ph\u1ea3i xem x\u00e9t c\u00e1c y\u1ebfu t\u1ed1 kh\u00e1c \u0111\u1ec3 t\u1ed1i \u0111a h\u00f3a s\u1ee9c kh\u1ecfe.\u00a0H\u1ea1n ch\u1ebf \u0103n \u0111\u01b0\u1eddng v\u00e0 th\u1ef1c ph\u1ea9m ch\u1ebf bi\u1ebfn s\u1eb5n, t\u1eadp th\u1ec3 d\u1ee5c \u00edt nh\u1ea5t 30 ph\u00fat m\u1ed7i ng\u00e0y, \u0111\u1ea3m b\u1ea3o gi\u1ea5c ng\u1ee7 ch\u1ea5t l\u01b0\u1ee3ng v\u00e0 \u01b0u ti\u00ean c\u00e1c b\u1eefa \u0103n t\u1ef1 nhi\u00ean, h\u1eefu c\u01a1 v\u00e0 l\u00e0nh m\u1ea1nh c\u0169ng quan tr\u1ecdng kh\u00f4ng k\u00e9m.\u00a0N\u1ebfu c\u00f3 b\u1ea5t k\u1ef3 l\u1eddi khuy\u00ean ho\u1eb7c th\u1eafc m\u1eafc n\u00e0o, vui l\u00f2ng li\u00ean h\u1ec7 v\u1edbi Gi\u00e1m \u0111\u1ed1c Gi\u00e1o d\u1ee5c S\u1ea3n ph\u1ea9m c\u1ee7a ch\u00fang t\u00f4i, Lisa Goodkin, theo \u0111\u1ecba ch\u1ec9\u00a0<a target=\"_new\" rel=\"noopener\">lisa@livegood.com<\/a>\u00a0b\u1ea5t c\u1ee9 l\u00fac n\u00e0o!<\/p>\n<hr \/>\n<p><strong>B\u00ean trong Lean Body Pack c\u00f3 g\u00ec?<\/strong><\/p>\n<hr \/>\n<p><a href=\"https:\/\/livegood.network\/shop\/vi\/product\/complete-plant-based-protein-vi\/\"><img decoding=\"async\" class=\" wp-image-185\" src=\"https:\/\/livegood.network\/shop\/wp-content\/uploads\/2024\/01\/complete-plant-based-protein-livegood.png\" alt=\"S\u1ea3n ph\u1ea9m s\u1ed1ng ho\u00e0n ch\u1ec9nh t\u1eeb protein th\u1ef1c v\u1eadt\" width=\"83\" height=\"83\" \/><\/a><\/p>\n<p><a href=\"https:\/\/livegood.network\/shop\/vi\/product\/complete-plant-based-protein-vi\/\"><strong>Protein th\u1ef1c v\u1eadt ho\u00e0n ch\u1ec9nh<\/strong><\/a><\/p>\n<p>Protein ho\u00e0n ch\u1ec9nh t\u1eeb th\u1ef1c v\u1eadt c\u1ee7a LiveGood \u0111\u01b0\u1ee3c ch\u1ebf t\u1ea1o \u0111\u1ec3 tr\u1edf th\u00e0nh Ch\u1ea5t b\u1ed5 sung Protein PREMIER hi\u1ec7n c\u00f3, mang l\u1ea1i gi\u00e1 tr\u1ecb dinh d\u01b0\u1ee1ng CAO NH\u1ea4T v\u1edbi c\u00e1c th\u00e0nh ph\u1ea7n T\u1ed0T NH\u1ea4T \u0111\u01b0\u1ee3c t\u00ecm th\u1ea5y tr\u00ean Tr\u00e1i \u0111\u1ea5t!<\/p>\n<hr \/>\n<p><a href=\"https:\/\/livegood.network\/shop\/vi\/product\/essential-aminos-vi\/\"><img decoding=\"async\" class=\" wp-image-185\" src=\"https:\/\/livegood.network\/shop\/wp-content\/uploads\/2024\/01\/aminos-fruitpunch-livegood.png\" alt=\"Ho\u00e0n th\u00e0nh c\u00e1c aminos thi\u1ebft y\u1ebfu Livegood\" width=\"83\" height=\"83\" \/><\/a><\/p>\n<p><a href=\"https:\/\/livegood.network\/shop\/vi\/product\/essential-aminos-vi\/\"><strong>Axit amin thi\u1ebft y\u1ebfu<\/strong><\/a><\/p>\n<p>C\u00f4ng th\u1ee9c \u0111\u1ed9c quy\u1ec1n cung c\u1ea5p cho b\u1ea1n t\u1ef7 l\u1ec7 tinh ch\u1ec9nh c\u1ee7a T\u1ea4T C\u1ea2 c\u00e1c axit amin thi\u1ebft y\u1ebfu, axit amin chu\u1ed7i nh\u00e1nh v\u00e0 ch\u1ea5t \u0111i\u1ec7n gi\u1ea3i \u0111\u1ec3 t\u0103ng c\u01b0\u1eddng s\u1ee9c m\u1ea1nh v\u00e0 ch\u1ee9c n\u0103ng c\u01a1 b\u1eafp, duy tr\u00ec kh\u1ed1i l\u01b0\u1ee3ng c\u01a1 n\u1ea1c, t\u0103ng c\u01b0\u1eddng s\u1ee9c ch\u1ecbu \u0111\u1ef1ng v\u00e0 kh\u1ea3 n\u0103ng ph\u1ee5c h\u1ed3i, \u0111\u1ed3ng th\u1eddi nu\u00f4i d\u01b0\u1ee1ng tr\u1ea1ng th\u00e1i n\u0103ng l\u01b0\u1ee3ng v\u00e0 s\u1ef1 t\u1eadp trung l\u00e0nh m\u1ea1nh!<\/p>\n<hr \/>\n<p><a href=\"https:\/\/livegood.network\/shop\/vi\/product\/bio-active-complete-multi-vitamin-for-men-vi\/\"><img decoding=\"async\" class=\" wp-image-185\" src=\"https:\/\/livegood.network\/shop\/wp-content\/uploads\/2024\/01\/multi-vitamin-men-shop-livegood.png\" sizes=\"(max-width: 83px) 100vw, 83px\" srcset=\"https:\/\/livegood.network\/shop\/wp-content\/uploads\/2024\/01\/multi-vitamin-men-shop-livegood.png 720w, https:\/\/livegood.network\/shop\/wp-content\/uploads\/2024\/01\/multi-vitamin-men-shop-livegood-300x300.png 300w, https:\/\/livegood.network\/shop\/wp-content\/uploads\/2024\/01\/multi-vitamin-men-shop-livegood-150x150.png 150w, https:\/\/livegood.network\/shop\/wp-content\/uploads\/2024\/01\/multi-vitamin-men-shop-livegood-350x350.png 350w, https:\/\/livegood.network\/shop\/wp-content\/uploads\/2024\/01\/multi-vitamin-men-shop-livegood-600x600.png 600w, https:\/\/livegood.network\/shop\/wp-content\/uploads\/2024\/01\/multi-vitamin-men-shop-livegood-100x100.png 100w\" alt=\"c\u1eeda h\u00e0ng vitamin nam livegood\" width=\"83\" height=\"83\" \/><\/a><\/p>\n<p><a href=\"https:\/\/livegood.network\/shop\/vi\/product\/bio-active-complete-multi-vitamin-for-men-vi\/\"><strong>Vitamin t\u1ed5ng h\u1ee3p ho\u1ea1t t\u00ednh sinh h\u1ecdc ho\u00e0n ch\u1ec9nh cho nam ho\u1eb7c n\u1eef<\/strong><\/a><\/p>\n<p>Ph\u1ea7n l\u1edbn nam gi\u1edbi kh\u00f4ng nh\u1eadn \u0111\u1ee7 vitamin v\u00e0 kho\u00e1ng ch\u1ea5t th\u00f4ng qua ch\u1ebf \u0111\u1ed9 \u0103n u\u1ed1ng h\u00e0ng ng\u00e0y.\u00a0S\u1ef1 thi\u1ebfu h\u1ee5t vitamin nh\u01b0 v\u1eady c\u00f3 th\u1ec3 d\u1eabn \u0111\u1ebfn nhi\u1ec1u v\u1ea5n \u0111\u1ec1 s\u1ee9c kh\u1ecfe kh\u00e1c nhau, ch\u1eb3ng h\u1ea1n nh\u01b0 h\u1ec7 th\u1ed1ng mi\u1ec5n d\u1ecbch b\u1ecb t\u1ed5n h\u1ea1i, r\u1ee5ng t\u00f3c, c\u00e1c v\u1ea5n \u0111\u1ec1 v\u1ec1 da, gi\u1ea3m th\u1ecb l\u1ef1c, gi\u1ea3m m\u1eadt \u0111\u1ed9 x\u01b0\u01a1ng v\u00e0 th\u1eadm ch\u00ed t\u0103ng c\u00e2n, c\u00f9ng v\u1edbi t\u00ecnh tr\u1ea1ng s\u1ee9c kh\u1ecfe nghi\u00eam tr\u1ecdng h\u01a1n.<\/p>\n<hr \/>\n<p><a href=\"https:\/\/livegood.network\/shop\/vi\/product\/d3-k2-2000-vitamin-vi\/\"><img loading=\"lazy\" decoding=\"async\" class=\" wp-image-185\" src=\"https:\/\/livegood.network\/shop\/wp-content\/uploads\/2024\/01\/d3-k2-vitamin-d-and-k-livegood.png\" alt=\"D3-K2\" width=\"83\" height=\"83\" \/><\/a><\/p>\n<p><a href=\"https:\/\/livegood.network\/shop\/vi\/product\/d3-k2-2000-vitamin-vi\/\"><strong>Vitamin D3 v\u00e0 K2<\/strong><\/a><\/p>\n<p>B\u1ea1n c\u00f3 nh\u1eadn ra r\u1eb1ng Vitamin D \u0111\u00f3ng vai tr\u00f2 quan tr\u1ecdng trong vi\u1ec7c h\u1ed7 tr\u1ee3 h\u1ec7 th\u1ed1ng mi\u1ec5n d\u1ecbch kh\u1ecfe m\u1ea1nh?<br \/>\nB\u1ea1n c\u00f3 bi\u1ebft r\u1eb1ng nhi\u1ec1u ng\u01b0\u1eddi b\u1ecb thi\u1ebfu h\u1ee5t Vitamin D h\u01a1n b\u1ea5t k\u1ef3 lo\u1ea1i vitamin n\u00e0o kh\u00e1c tr\u00ean to\u00e0n c\u1ea7u kh\u00f4ng?<\/p>\n<hr \/>\n<p><a href=\"https:\/\/livegood.network\/shop\/vi\/product\/ultra-magnesium-complex-vi\/\"><img loading=\"lazy\" decoding=\"async\" class=\" wp-image-185\" src=\"https:\/\/livegood.network\/shop\/wp-content\/uploads\/2024\/01\/ultra-magnesium-complex-livegood.png\" alt=\"Ph\u1ee9c h\u1ee3p si\u00eau magi\u00ea\" width=\"83\" height=\"83\" \/><\/a><\/p>\n<p><a href=\"https:\/\/livegood.network\/shop\/vi\/product\/ultra-magnesium-complex-vi\/\"><strong>Ph\u1ee9c h\u1ee3p si\u00eau magi\u00ea<\/strong><\/a><\/p>\n<p>Magi\u00ea \u0111\u00f3ng vai tr\u00f2 trong h\u01a1n 300 ph\u1ea3n \u1ee9ng sinh h\u00f3a trong c\u01a1 th\u1ec3 ch\u00fang ta m\u1ed7i ng\u00e0y!\u00a0M\u1eb7c d\u00f9 duy tr\u00ec ch\u1ebf \u0111\u1ed9 \u0103n u\u1ed1ng c\u00e2n b\u1eb1ng, l\u00e0nh m\u1ea1nh nh\u01b0ng h\u1ea7u h\u1ebft m\u1ecdi ng\u01b0\u1eddi \u0111\u1ec1u kh\u00f4ng nh\u1eadn \u0111\u1ee7 Magi\u00ea.<\/p>\n","protected":false},"excerpt":{"rendered":"<p><img decoding=\"async\" class=\"emoji\" role=\"img\" draggable=\"false\" src=\"https:\/\/s.w.org\/images\/core\/emoji\/14.0.0\/svg\/1f49a.svg\" alt=\"LiveGooD Heart\" \/> 2 Protein th\u1ef1c v\u1eadt ho\u00e0n ch\u1ec9nh<br \/>\n<img decoding=\"async\" class=\"emoji\" role=\"img\" draggable=\"false\" src=\"https:\/\/s.w.org\/images\/core\/emoji\/14.0.0\/svg\/1f49a.svg\" alt=\"LiveGooD Heart\" \/> Vitamin t\u1ed5ng h\u1ee3p Bio-Active d\u00e0nh cho nam v\u00e0 n\u1eef<br \/>\n<img decoding=\"async\" class=\"emoji\" role=\"img\" draggable=\"false\" src=\"https:\/\/s.w.org\/images\/core\/emoji\/14.0.0\/svg\/1f49a.svg\" alt=\"LiveGooD Heart\" \/> N\u01b0\u1edbc \u00e9p tr\u00e1i c\u00e2y\/chanh chanh thi\u1ebft y\u1ebfu<br \/>\n<img decoding=\"async\" class=\"emoji\" role=\"img\" draggable=\"false\" src=\"https:\/\/s.w.org\/images\/core\/emoji\/14.0.0\/svg\/1f49a.svg\" alt=\"LiveGooD Heart\" \/> Ph\u1ee9c h\u1ee3p si\u00eau magi\u00ea<br \/>\n<img decoding=\"async\" class=\"emoji\" role=\"img\" draggable=\"false\" src=\"https:\/\/s.w.org\/images\/core\/emoji\/14.0.0\/svg\/1f49a.svg\" alt=\"LiveGooD Heart\" \/> D3-K2 2000<\/p>\n","protected":false},"featured_media":275,"comment_status":"open","ping_status":"closed","template":"","meta":[],"product_brand":[],"product_cat":[201,219,232],"product_tag":[],"class_list":{"0":"post-1195","1":"product","2":"type-product","3":"status-publish","4":"has-post-thumbnail","6":"product_cat-product-packages-vi","7":"product_cat-supplements-vi","8":"product_cat-vitamin-vi","10":"first","11":"instock","12":"sale","13":"shipping-taxable","14":"product-type-external"},"yoast_head":"<!-- This site is optimized with the Yoast SEO Premium plugin v20.6 (Yoast SEO v21.8.1) - https:\/\/yoast.com\/wordpress\/plugins\/seo\/ -->\n<title>G\u00f3i c\u01a1 th\u1ec3 n\u1ea1c - LiveGooD Shop<\/title>\n<meta name=\"robots\" content=\"index, follow, max-snippet:-1, max-image-preview:large, max-video-preview:-1\" \/>\n<link rel=\"canonical\" href=\"https:\/\/livegood.network\/shop\/vi\/product\/lean-body-pack-vi\/\" \/>\n<meta property=\"og:locale\" content=\"en_US\" \/>\n<meta property=\"og:type\" content=\"article\" \/>\n<meta property=\"og:title\" content=\"G\u00f3i c\u01a1 th\u1ec3 n\u1ea1c\" \/>\n<meta property=\"og:description\" content=\"2 Protein th\u1ef1c v\u1eadt ho\u00e0n ch\u1ec9nh  Vitamin t\u1ed5ng h\u1ee3p Bio-Active d\u00e0nh cho nam v\u00e0 n\u1eef  N\u01b0\u1edbc \u00e9p tr\u00e1i c\u00e2y\/chanh chanh thi\u1ebft y\u1ebfu  Ph\u1ee9c h\u1ee3p si\u00eau magi\u00ea  D3-K2 2000\" \/>\n<meta property=\"og:url\" content=\"https:\/\/livegood.network\/shop\/vi\/product\/lean-body-pack-vi\/\" \/>\n<meta property=\"article:publisher\" content=\"https:\/\/www.facebook.com\/livegoodhello\" \/>\n<meta property=\"article:modified_time\" content=\"2024-07-28T17:45:57+00:00\" \/>\n<meta property=\"og:image\" content=\"https:\/\/livegood.network\/shop\/wp-content\/uploads\/2024\/01\/lean-body-pack-tile-livegood.png\" \/>\n\t<meta property=\"og:image:width\" content=\"1000\" \/>\n\t<meta property=\"og:image:height\" content=\"600\" \/>\n\t<meta property=\"og:image:type\" content=\"image\/png\" \/>\n<meta name=\"twitter:card\" content=\"summary_large_image\" \/>\n<meta name=\"twitter:label1\" content=\"Est. reading time\" \/>\n\t<meta name=\"twitter:data1\" content=\"6 minutes\" \/>\n<script type=\"application\/ld+json\" class=\"yoast-schema-graph\">{\"@context\":\"https:\/\/schema.org\",\"@graph\":[{\"@type\":\"WebPage\",\"@id\":\"https:\/\/livegood.network\/shop\/vi\/product\/lean-body-pack-vi\/\",\"url\":\"https:\/\/livegood.network\/shop\/vi\/product\/lean-body-pack-vi\/\",\"name\":\"G\u00f3i c\u01a1 th\u1ec3 n\u1ea1c - LiveGooD Shop\",\"isPartOf\":{\"@id\":\"https:\/\/livegood.network\/shop\/#website\"},\"datePublished\":\"2024-01-29T12:08:34+00:00\",\"dateModified\":\"2024-07-28T17:45:57+00:00\",\"breadcrumb\":{\"@id\":\"https:\/\/livegood.network\/shop\/vi\/product\/lean-body-pack-vi\/#breadcrumb\"},\"inLanguage\":\"en-US\",\"potentialAction\":[{\"@type\":\"ReadAction\",\"target\":[\"https:\/\/livegood.network\/shop\/vi\/product\/lean-body-pack-vi\/\"]}]},{\"@type\":\"BreadcrumbList\",\"@id\":\"https:\/\/livegood.network\/shop\/vi\/product\/lean-body-pack-vi\/#breadcrumb\",\"itemListElement\":[{\"@type\":\"ListItem\",\"position\":1,\"name\":\"Home\",\"item\":\"https:\/\/livegood.network\/shop\/pt-br\/\"},{\"@type\":\"ListItem\",\"position\":2,\"name\":\"Shop\",\"item\":\"https:\/\/livegood.network\/shop\/shop\/\"},{\"@type\":\"ListItem\",\"position\":3,\"name\":\"G\u00f3i c\u01a1 th\u1ec3 n\u1ea1c\"}]},{\"@type\":\"WebSite\",\"@id\":\"https:\/\/livegood.network\/shop\/#website\",\"url\":\"https:\/\/livegood.network\/shop\/\",\"name\":\"LiveGooD Shop\",\"description\":\"\",\"publisher\":{\"@id\":\"https:\/\/livegood.network\/shop\/#organization\"},\"potentialAction\":[{\"@type\":\"SearchAction\",\"target\":{\"@type\":\"EntryPoint\",\"urlTemplate\":\"https:\/\/livegood.network\/shop\/?s={search_term_string}\"},\"query-input\":\"required name=search_term_string\"}],\"inLanguage\":\"en-US\"},{\"@type\":\"Organization\",\"@id\":\"https:\/\/livegood.network\/shop\/#organization\",\"name\":\"LiveGooD\",\"url\":\"https:\/\/livegood.network\/shop\/\",\"logo\":{\"@type\":\"ImageObject\",\"inLanguage\":\"en-US\",\"@id\":\"https:\/\/livegood.network\/shop\/#\/schema\/logo\/image\/\",\"url\":\"https:\/\/livegood.network\/shop\/wp-content\/uploads\/2024\/01\/logo-livegood-shop-main.png\",\"contentUrl\":\"https:\/\/livegood.network\/shop\/wp-content\/uploads\/2024\/01\/logo-livegood-shop-main.png\",\"width\":373,\"height\":115,\"caption\":\"LiveGooD\"},\"image\":{\"@id\":\"https:\/\/livegood.network\/shop\/#\/schema\/logo\/image\/\"},\"sameAs\":[\"https:\/\/www.facebook.com\/livegoodhello\"]}]}<\/script>\n<!-- \/ Yoast SEO Premium plugin. -->","yoast_head_json":{"title":"G\u00f3i c\u01a1 th\u1ec3 n\u1ea1c - LiveGooD Shop","robots":{"index":"index","follow":"follow","max-snippet":"max-snippet:-1","max-image-preview":"max-image-preview:large","max-video-preview":"max-video-preview:-1"},"canonical":"https:\/\/livegood.network\/shop\/vi\/product\/lean-body-pack-vi\/","og_locale":"en_US","og_type":"article","og_title":"G\u00f3i c\u01a1 th\u1ec3 n\u1ea1c","og_description":"2 Protein th\u1ef1c v\u1eadt ho\u00e0n ch\u1ec9nh  Vitamin t\u1ed5ng h\u1ee3p Bio-Active d\u00e0nh cho nam v\u00e0 n\u1eef  N\u01b0\u1edbc \u00e9p tr\u00e1i c\u00e2y\/chanh chanh thi\u1ebft y\u1ebfu  Ph\u1ee9c h\u1ee3p si\u00eau magi\u00ea  D3-K2 2000","og_url":"https:\/\/livegood.network\/shop\/vi\/product\/lean-body-pack-vi\/","article_publisher":"https:\/\/www.facebook.com\/livegoodhello","article_modified_time":"2024-07-28T17:45:57+00:00","og_image":[{"width":1000,"height":600,"url":"https:\/\/livegood.network\/shop\/wp-content\/uploads\/2024\/01\/lean-body-pack-tile-livegood.png","type":"image\/png"}],"twitter_card":"summary_large_image","twitter_misc":{"Est. reading time":"6 minutes"},"schema":{"@context":"https:\/\/schema.org","@graph":[{"@type":"WebPage","@id":"https:\/\/livegood.network\/shop\/vi\/product\/lean-body-pack-vi\/","url":"https:\/\/livegood.network\/shop\/vi\/product\/lean-body-pack-vi\/","name":"G\u00f3i c\u01a1 th\u1ec3 n\u1ea1c - LiveGooD Shop","isPartOf":{"@id":"https:\/\/livegood.network\/shop\/#website"},"datePublished":"2024-01-29T12:08:34+00:00","dateModified":"2024-07-28T17:45:57+00:00","breadcrumb":{"@id":"https:\/\/livegood.network\/shop\/vi\/product\/lean-body-pack-vi\/#breadcrumb"},"inLanguage":"en-US","potentialAction":[{"@type":"ReadAction","target":["https:\/\/livegood.network\/shop\/vi\/product\/lean-body-pack-vi\/"]}]},{"@type":"BreadcrumbList","@id":"https:\/\/livegood.network\/shop\/vi\/product\/lean-body-pack-vi\/#breadcrumb","itemListElement":[{"@type":"ListItem","position":1,"name":"Home","item":"https:\/\/livegood.network\/shop\/pt-br\/"},{"@type":"ListItem","position":2,"name":"Shop","item":"https:\/\/livegood.network\/shop\/shop\/"},{"@type":"ListItem","position":3,"name":"G\u00f3i c\u01a1 th\u1ec3 n\u1ea1c"}]},{"@type":"WebSite","@id":"https:\/\/livegood.network\/shop\/#website","url":"https:\/\/livegood.network\/shop\/","name":"LiveGooD Shop","description":"","publisher":{"@id":"https:\/\/livegood.network\/shop\/#organization"},"potentialAction":[{"@type":"SearchAction","target":{"@type":"EntryPoint","urlTemplate":"https:\/\/livegood.network\/shop\/?s={search_term_string}"},"query-input":"required name=search_term_string"}],"inLanguage":"en-US"},{"@type":"Organization","@id":"https:\/\/livegood.network\/shop\/#organization","name":"LiveGooD","url":"https:\/\/livegood.network\/shop\/","logo":{"@type":"ImageObject","inLanguage":"en-US","@id":"https:\/\/livegood.network\/shop\/#\/schema\/logo\/image\/","url":"https:\/\/livegood.network\/shop\/wp-content\/uploads\/2024\/01\/logo-livegood-shop-main.png","contentUrl":"https:\/\/livegood.network\/shop\/wp-content\/uploads\/2024\/01\/logo-livegood-shop-main.png","width":373,"height":115,"caption":"LiveGooD"},"image":{"@id":"https:\/\/livegood.network\/shop\/#\/schema\/logo\/image\/"},"sameAs":["https:\/\/www.facebook.com\/livegoodhello"]}]}},"lang":"vi","translations":{"vi":1195,"pt-br":1204,"pt-pt":1194,"en-us":274,"fr-fr":1192,"es-es":1193,"ru-ru":1196,"ko":1197},"pll_sync_post":[],"_links":{"self":[{"href":"https:\/\/livegood.network\/shop\/wp-json\/wp\/v2\/product\/1195","targetHints":{"allow":["GET"]}}],"collection":[{"href":"https:\/\/livegood.network\/shop\/wp-json\/wp\/v2\/product"}],"about":[{"href":"https:\/\/livegood.network\/shop\/wp-json\/wp\/v2\/types\/product"}],"replies":[{"embeddable":true,"href":"https:\/\/livegood.network\/shop\/wp-json\/wp\/v2\/comments?post=1195"}],"version-history":[{"count":2,"href":"https:\/\/livegood.network\/shop\/wp-json\/wp\/v2\/product\/1195\/revisions"}],"predecessor-version":[{"id":1584,"href":"https:\/\/livegood.network\/shop\/wp-json\/wp\/v2\/product\/1195\/revisions\/1584"}],"wp:featuredmedia":[{"embeddable":true,"href":"https:\/\/livegood.network\/shop\/wp-json\/wp\/v2\/media\/275"}],"wp:attachment":[{"href":"https:\/\/livegood.network\/shop\/wp-json\/wp\/v2\/media?parent=1195"}],"wp:term":[{"taxonomy":"product_brand","embeddable":true,"href":"https:\/\/livegood.network\/shop\/wp-json\/wp\/v2\/product_brand?post=1195"},{"taxonomy":"product_cat","embeddable":true,"href":"https:\/\/livegood.network\/shop\/wp-json\/wp\/v2\/product_cat?post=1195"},{"taxonomy":"product_tag","embeddable":true,"href":"https:\/\/livegood.network\/shop\/wp-json\/wp\/v2\/product_tag?post=1195"}],"curies":[{"name":"wp","href":"https:\/\/api.w.org\/{rel}","templated":true}]}}