{"id":1204,"date":"2024-01-29T12:12:54","date_gmt":"2024-01-29T12:12:54","guid":{"rendered":"https:\/\/livegood.network\/shop\/?post_type=product&#038;p=1204"},"modified":"2024-07-28T17:45:57","modified_gmt":"2024-07-28T17:45:57","slug":"lean-body-pack-pt-br","status":"publish","type":"product","link":"https:\/\/livegood.network\/shop\/pt-br\/product\/lean-body-pack-pt-br\/","title":{"rendered":"Corpo Magro Pack"},"content":{"rendered":"<p>Discutir a longevidade e melhorar a sa\u00fade envolve inevitavelmente abordar o aspecto crucial do gerenciamento de massa muscular magra saud\u00e1vel.\u00a0Numerosos estudos enfatizam que transportar excesso de gordura, especialmente quando concentrado em torno dos nossos \u00f3rg\u00e3os, aumenta o risco de doen\u00e7as cr\u00f3nicas, morbilidade e mortalidade.\u00a0Embora isto possa parecer alarmante, implementar um plano bem pensado com expectativas realistas permite-nos aumentar gradativamente a massa muscular magra e reduzir o excesso de gordura, resultando em melhorias significativas para a nossa sa\u00fade ao longo do tempo.<\/p>\n<p>Um componente fundamental desta abordagem \u00e9 a ado\u00e7\u00e3o de um plano nutricional saud\u00e1vel que inclua suplementos nutricionais essenciais.\u00a0A sele\u00e7\u00e3o dos suplementos certos faz com que o corpo reconhe\u00e7a um fornecimento consistente e nutritivo de vitaminas, minerais e antioxidantes, contribuindo imediatamente para a sa\u00fade geral.<\/p>\n<p>O LiveGood Lean Body Pack foi desenvolvido para focar na manuten\u00e7\u00e3o e constru\u00e7\u00e3o de massa muscular magra, essencial para um corpo saud\u00e1vel, ao mesmo tempo que auxilia na redu\u00e7\u00e3o do excesso de gordura corporal.\u00a0Apresenta uma estrat\u00e9gia de bom senso para resolver as defici\u00eancias nutricionais e promover o crescimento da massa muscular magra.<\/p>\n<p>Este pacote incorpora nosso complexo LiveGood Ultra Magnesium, vitamina D3K2 e multivitamina completa bioativa como itens essenciais di\u00e1rios para cobrir todas as vitaminas e minerais essenciais.\u00a0Al\u00e9m disso, nossa prote\u00edna completa \u00e0 base de plantas e amino\u00e1cidos essenciais est\u00e3o inclu\u00eddos para apoiar a constru\u00e7\u00e3o e manuten\u00e7\u00e3o muscular, ao mesmo tempo que aumenta a energia e a resist\u00eancia.\u00a0O Caf\u00e9 Org\u00e2nico de Peso Saud\u00e1vel complementa o pacote, fornecendo assist\u00eancia com energia, concentra\u00e7\u00e3o e controle dos desejos.<\/p>\n<p>Para maximizar seus resultados:<\/p>\n<ol>\n<li><strong>C\u00e1psula de vitamina D3K2:<\/strong>\u00a0Tome 1 c\u00e1psula na primeira refei\u00e7\u00e3o do dia.<\/li>\n<li><strong>Caf\u00e9 Org\u00e2nico:<\/strong>\u00a0Misture 1 colher de p\u00f3 em \u00e1gua quente ou fria ao acordar para obter um r\u00e1pido aumento de energia, maior concentra\u00e7\u00e3o e motiva\u00e7\u00e3o.<\/li>\n<li><strong>Prote\u00edna:<\/strong>\u00a0Meio da manh\u00e3 \u2013 Misture 1 colher de prote\u00edna em p\u00f3 \u00e0 base de plantas em um smoothie ou com \u00e1gua como alimento muscular no meio da manh\u00e3, especialmente ben\u00e9fico ap\u00f3s um treino matinal.<\/li>\n<li><strong>LiveGood Essential Aminos:<\/strong>\u00a0Pode ser tomado a qualquer hora;\u00a0use pelo menos uma vez por dia para ajudar a manter a massa muscular magra, aumentar o foco, a energia e apoiar o ciclo do sono.\u00a0Considere tom\u00e1-los antes do treino ou como refresco \u00e0 tarde.\u00a0Dica profissional: substitua refrigerantes ou bebidas a\u00e7ucaradas por LiveGood Essential Aminos.<\/li>\n<li><strong>Multivitam\u00ednico Completo BioActive:<\/strong>\u00a0Tomar 2 c\u00e1psulas ao almo\u00e7o, de prefer\u00eancia com pelo menos uma hora de intervalo da Vitamina D3K2.\u00a0A ingest\u00e3o diurna \u00e9 ideal, pois as vitaminas B podem contribuir para o aumento da energia.<\/li>\n<li><strong>Complexo Ultra Magn\u00e9sio:<\/strong>\u00a0Tomar 2 c\u00e1psulas \u00e0 tarde ou antes de dormir.\u00a0Dica profissional: divida a dose, tomando 1 c\u00e1psula \u00e0 tarde para ajudar a controlar o estresse di\u00e1rio e a outra c\u00e1psula antes de dormir para ajudar no sono.<\/li>\n<\/ol>\n<p>Embora os suplementos LiveGood desempenhem um papel crucial na melhoria da sa\u00fade geral, do desempenho e da massa muscular magra, \u00e9 essencial considerar outros fatores para maximizar a sa\u00fade.\u00a0Limitar a ingest\u00e3o de a\u00e7\u00facar e alimentos processados, praticar pelo menos 30 minutos de exerc\u00edcios di\u00e1rios, garantir um sono de qualidade e priorizar refei\u00e7\u00f5es naturais, org\u00e2nicas e saud\u00e1veis \u200b\u200bs\u00e3o igualmente importantes.\u00a0Para qualquer conselho ou d\u00favida, sinta-se \u00e0 vontade para entrar em contato com nossa Diretora de Educa\u00e7\u00e3o de Produto, Lisa Goodkin, em\u00a0<a target=\"_new\" rel=\"noopener\">lisa@livegood.com<\/a>\u00a0a qualquer momento!<\/p>\n<hr \/>\n<p><strong>O que h\u00e1 dentro do Lean Body Pack?<\/strong><\/p>\n<hr \/>\n<p><a href=\"https:\/\/livegood.network\/shop\/pt-br\/product\/complete-plant-based-protein-pt-br\/\"><img decoding=\"async\" class=\" wp-image-185\" src=\"https:\/\/livegood.network\/shop\/wp-content\/uploads\/2024\/01\/complete-plant-based-protein-livegood.png\" alt=\"Prote\u00edna completa \u00e0 base de plantas Livegood\" width=\"83\" height=\"83\" \/><\/a><\/p>\n<p><a href=\"https:\/\/livegood.network\/shop\/pt-br\/product\/complete-plant-based-protein-pt-br\/\"><strong>Prote\u00edna Vegetal Completa<\/strong><\/a><\/p>\n<p>A Prote\u00edna Completa \u00e0 Base de Plantas da LiveGood \u00e9 elaborada para se destacar como o PREMIER suplemento de prote\u00edna dispon\u00edvel, oferecendo o MAIS ALTO valor nutricional com os MELHORES ingredientes encontrados na Terra!<\/p>\n<hr \/>\n<p><a href=\"https:\/\/livegood.network\/shop\/pt-br\/product\/essential-aminos-pt-br\/\"><img decoding=\"async\" class=\" wp-image-185\" src=\"https:\/\/livegood.network\/shop\/wp-content\/uploads\/2024\/01\/aminos-fruitpunch-livegood.png\" alt=\"Aminos Essenciais Completos Livegood\" width=\"83\" height=\"83\" \/><\/a><\/p>\n<p><a href=\"https:\/\/livegood.network\/shop\/pt-br\/product\/essential-aminos-pt-br\/\"><strong>Aminos Essenciais<\/strong><\/a><\/p>\n<p>A f\u00f3rmula exclusiva fornece uma propor\u00e7\u00e3o ajustada de TODOS os amino\u00e1cidos essenciais, amino\u00e1cidos de cadeia ramificada e eletr\u00f3litos para refor\u00e7ar a for\u00e7a e a fun\u00e7\u00e3o muscular, preservar a massa muscular magra, aumentar a resist\u00eancia e a recupera\u00e7\u00e3o e promover um estado de energia e foco saud\u00e1veis!<\/p>\n<hr \/>\n<p><a href=\"https:\/\/livegood.network\/shop\/pt-br\/product\/bio-active-complete-multi-vitamin-for-men-pt-br\/\"><img decoding=\"async\" class=\" wp-image-185\" src=\"https:\/\/livegood.network\/shop\/wp-content\/uploads\/2024\/01\/multi-vitamin-men-shop-livegood.png\" sizes=\"(max-width: 83px) 100vw, 83px\" srcset=\"https:\/\/livegood.network\/shop\/wp-content\/uploads\/2024\/01\/multi-vitamin-men-shop-livegood.png 720w, https:\/\/livegood.network\/shop\/wp-content\/uploads\/2024\/01\/multi-vitamin-men-shop-livegood-300x300.png 300w, https:\/\/livegood.network\/shop\/wp-content\/uploads\/2024\/01\/multi-vitamin-men-shop-livegood-150x150.png 150w, https:\/\/livegood.network\/shop\/wp-content\/uploads\/2024\/01\/multi-vitamin-men-shop-livegood-350x350.png 350w, https:\/\/livegood.network\/shop\/wp-content\/uploads\/2024\/01\/multi-vitamin-men-shop-livegood-600x600.png 600w, https:\/\/livegood.network\/shop\/wp-content\/uploads\/2024\/01\/multi-vitamin-men-shop-livegood-100x100.png 100w\" alt=\"homens multivitam\u00ednicos compram livegood\" width=\"83\" height=\"83\" \/><\/a><\/p>\n<p><a href=\"https:\/\/livegood.network\/shop\/pt-br\/product\/bio-active-complete-multi-vitamin-for-men-pt-br\/\"><strong>Multivitam\u00ednico Bioativo Completo para Homem ou Mulher<\/strong><\/a><\/p>\n<p>A maioria dos homens n\u00e3o consegue obter vitaminas e minerais adequados atrav\u00e9s da dieta di\u00e1ria.\u00a0Essas defici\u00eancias vitam\u00ednicas podem levar a v\u00e1rios problemas de sa\u00fade, como comprometimento do sistema imunol\u00f3gico, perda de cabelo, problemas de pele, diminui\u00e7\u00e3o da vis\u00e3o, diminui\u00e7\u00e3o da densidade \u00f3ssea e at\u00e9 ganho de peso, al\u00e9m de problemas de sa\u00fade mais graves.<\/p>\n<hr \/>\n<p><a href=\"https:\/\/livegood.network\/shop\/pt-br\/product\/d3-k2-2000-vitamin-pt-br\/\"><img loading=\"lazy\" decoding=\"async\" class=\" wp-image-185\" src=\"https:\/\/livegood.network\/shop\/wp-content\/uploads\/2024\/01\/d3-k2-vitamin-d-and-k-livegood.png\" alt=\"D3-K2\" width=\"83\" height=\"83\" \/><\/a><\/p>\n<p><a href=\"https:\/\/livegood.network\/shop\/pt-br\/product\/d3-k2-2000-vitamin-pt-br\/\"><strong>Vitamina D3 e K2<\/strong><\/a><\/p>\n<p>Voc\u00ea percebeu que a vitamina D desempenha um papel crucial no apoio a um sistema imunol\u00f3gico saud\u00e1vel?<br \/>\nVoc\u00ea sabia que mais pessoas sofrem de defici\u00eancia de vitamina D do que qualquer outra vitamina no mundo?<\/p>\n<hr \/>\n<p><a href=\"https:\/\/livegood.network\/shop\/pt-br\/product\/ultra-magnesium-complex-pt-br\/\"><img loading=\"lazy\" decoding=\"async\" class=\" wp-image-185\" src=\"https:\/\/livegood.network\/shop\/wp-content\/uploads\/2024\/01\/ultra-magnesium-complex-livegood.png\" alt=\"Complexo Ultra Magn\u00e9sio\" width=\"83\" height=\"83\" \/><\/a><\/p>\n<p><a href=\"https:\/\/livegood.network\/shop\/pt-br\/product\/ultra-magnesium-complex-pt-br\/\"><strong>Complexo Ultra Magn\u00e9sio<\/strong><\/a><\/p>\n<p>O magn\u00e9sio desempenha um papel em mais de 300 rea\u00e7\u00f5es bioqu\u00edmicas em nosso corpo todos os dias!\u00a0Apesar de manter uma dieta saud\u00e1vel e equilibrada, a maioria dos indiv\u00edduos n\u00e3o adquire Magn\u00e9sio suficiente.<\/p>\n","protected":false},"excerpt":{"rendered":"<p><img decoding=\"async\" class=\"emoji\" role=\"img\" draggable=\"false\" src=\"https:\/\/s.w.org\/images\/core\/emoji\/14.0.0\/svg\/1f49a.svg\" alt=\"LiveGooD Heart\" \/> 2 Prote\u00ednas Vegetais Completas<br \/>\n<img decoding=\"async\" class=\"emoji\" role=\"img\" draggable=\"false\" src=\"https:\/\/s.w.org\/images\/core\/emoji\/14.0.0\/svg\/1f49a.svg\" alt=\"LiveGooD Heart\" \/> Multivitam\u00ednico completo bioativo para homens ou mulheres<br \/>\n<img decoding=\"async\" class=\"emoji\" role=\"img\" draggable=\"false\" src=\"https:\/\/s.w.org\/images\/core\/emoji\/14.0.0\/svg\/1f49a.svg\" alt=\"LiveGooD Heart\" \/> Ponche de Frutas Aminos Essenciais\/Lim\u00e3o Lim\u00e3o<br \/>\n<img decoding=\"async\" class=\"emoji\" role=\"img\" draggable=\"false\" src=\"https:\/\/s.w.org\/images\/core\/emoji\/14.0.0\/svg\/1f49a.svg\" alt=\"LiveGooD Heart\" \/> Complexo Ultra Magn\u00e9sio<br \/>\n<img decoding=\"async\" class=\"emoji\" role=\"img\" draggable=\"false\" src=\"https:\/\/s.w.org\/images\/core\/emoji\/14.0.0\/svg\/1f49a.svg\" alt=\"LiveGooD Heart\" \/> D3-K2 2000<\/p>\n","protected":false},"featured_media":275,"comment_status":"open","ping_status":"closed","template":"","meta":[],"product_brand":[],"product_cat":[205,221,236],"product_tag":[],"class_list":{"0":"post-1204","1":"product","2":"type-product","3":"status-publish","4":"has-post-thumbnail","6":"product_cat-product-packages-pt-br","7":"product_cat-supplements-pt-br","8":"product_cat-vitamin-pt-br","10":"first","11":"instock","12":"sale","13":"shipping-taxable","14":"product-type-external"},"yoast_head":"<!-- This site is optimized with the Yoast SEO Premium plugin v20.6 (Yoast SEO v21.8.1) - https:\/\/yoast.com\/wordpress\/plugins\/seo\/ -->\n<title>Corpo Magro Pack - LiveGooD Shop<\/title>\n<meta name=\"robots\" content=\"index, follow, max-snippet:-1, max-image-preview:large, max-video-preview:-1\" \/>\n<link rel=\"canonical\" href=\"https:\/\/livegood.network\/shop\/pt-br\/product\/lean-body-pack-pt-br\/\" \/>\n<meta property=\"og:locale\" content=\"en_US\" \/>\n<meta property=\"og:type\" content=\"article\" \/>\n<meta property=\"og:title\" content=\"Corpo Magro Pack\" \/>\n<meta property=\"og:description\" content=\"2 Prote\u00ednas Vegetais Completas  Multivitam\u00ednico completo bioativo para homens ou mulheres  Ponche de Frutas Aminos Essenciais\/Lim\u00e3o Lim\u00e3o  Complexo Ultra Magn\u00e9sio  D3-K2 2000\" \/>\n<meta property=\"og:url\" content=\"https:\/\/livegood.network\/shop\/pt-br\/product\/lean-body-pack-pt-br\/\" \/>\n<meta property=\"article:publisher\" content=\"https:\/\/www.facebook.com\/livegoodhello\" \/>\n<meta property=\"article:modified_time\" content=\"2024-07-28T17:45:57+00:00\" \/>\n<meta property=\"og:image\" content=\"https:\/\/livegood.network\/shop\/wp-content\/uploads\/2024\/01\/lean-body-pack-tile-livegood.png\" \/>\n\t<meta property=\"og:image:width\" content=\"1000\" \/>\n\t<meta property=\"og:image:height\" content=\"600\" \/>\n\t<meta property=\"og:image:type\" content=\"image\/png\" \/>\n<meta name=\"twitter:card\" content=\"summary_large_image\" \/>\n<meta name=\"twitter:label1\" content=\"Est. reading time\" \/>\n\t<meta name=\"twitter:data1\" content=\"5 minutes\" \/>\n<script type=\"application\/ld+json\" class=\"yoast-schema-graph\">{\"@context\":\"https:\/\/schema.org\",\"@graph\":[{\"@type\":\"WebPage\",\"@id\":\"https:\/\/livegood.network\/shop\/pt-br\/product\/lean-body-pack-pt-br\/\",\"url\":\"https:\/\/livegood.network\/shop\/pt-br\/product\/lean-body-pack-pt-br\/\",\"name\":\"Corpo Magro Pack - LiveGooD Shop\",\"isPartOf\":{\"@id\":\"https:\/\/livegood.network\/shop\/#website\"},\"datePublished\":\"2024-01-29T12:12:54+00:00\",\"dateModified\":\"2024-07-28T17:45:57+00:00\",\"breadcrumb\":{\"@id\":\"https:\/\/livegood.network\/shop\/pt-br\/product\/lean-body-pack-pt-br\/#breadcrumb\"},\"inLanguage\":\"en-US\",\"potentialAction\":[{\"@type\":\"ReadAction\",\"target\":[\"https:\/\/livegood.network\/shop\/pt-br\/product\/lean-body-pack-pt-br\/\"]}]},{\"@type\":\"BreadcrumbList\",\"@id\":\"https:\/\/livegood.network\/shop\/pt-br\/product\/lean-body-pack-pt-br\/#breadcrumb\",\"itemListElement\":[{\"@type\":\"ListItem\",\"position\":1,\"name\":\"Home\",\"item\":\"https:\/\/livegood.network\/shop\/pt-br\/\"},{\"@type\":\"ListItem\",\"position\":2,\"name\":\"Shop\",\"item\":\"https:\/\/livegood.network\/shop\/shop\/\"},{\"@type\":\"ListItem\",\"position\":3,\"name\":\"Corpo Magro Pack\"}]},{\"@type\":\"WebSite\",\"@id\":\"https:\/\/livegood.network\/shop\/#website\",\"url\":\"https:\/\/livegood.network\/shop\/\",\"name\":\"LiveGooD Shop\",\"description\":\"\",\"publisher\":{\"@id\":\"https:\/\/livegood.network\/shop\/#organization\"},\"potentialAction\":[{\"@type\":\"SearchAction\",\"target\":{\"@type\":\"EntryPoint\",\"urlTemplate\":\"https:\/\/livegood.network\/shop\/?s={search_term_string}\"},\"query-input\":\"required name=search_term_string\"}],\"inLanguage\":\"en-US\"},{\"@type\":\"Organization\",\"@id\":\"https:\/\/livegood.network\/shop\/#organization\",\"name\":\"LiveGooD\",\"url\":\"https:\/\/livegood.network\/shop\/\",\"logo\":{\"@type\":\"ImageObject\",\"inLanguage\":\"en-US\",\"@id\":\"https:\/\/livegood.network\/shop\/#\/schema\/logo\/image\/\",\"url\":\"https:\/\/livegood.network\/shop\/wp-content\/uploads\/2024\/01\/logo-livegood-shop-main.png\",\"contentUrl\":\"https:\/\/livegood.network\/shop\/wp-content\/uploads\/2024\/01\/logo-livegood-shop-main.png\",\"width\":373,\"height\":115,\"caption\":\"LiveGooD\"},\"image\":{\"@id\":\"https:\/\/livegood.network\/shop\/#\/schema\/logo\/image\/\"},\"sameAs\":[\"https:\/\/www.facebook.com\/livegoodhello\"]}]}<\/script>\n<!-- \/ Yoast SEO Premium plugin. -->","yoast_head_json":{"title":"Corpo Magro Pack - LiveGooD Shop","robots":{"index":"index","follow":"follow","max-snippet":"max-snippet:-1","max-image-preview":"max-image-preview:large","max-video-preview":"max-video-preview:-1"},"canonical":"https:\/\/livegood.network\/shop\/pt-br\/product\/lean-body-pack-pt-br\/","og_locale":"en_US","og_type":"article","og_title":"Corpo Magro Pack","og_description":"2 Prote\u00ednas Vegetais Completas  Multivitam\u00ednico completo bioativo para homens ou mulheres  Ponche de Frutas Aminos Essenciais\/Lim\u00e3o Lim\u00e3o  Complexo Ultra Magn\u00e9sio  D3-K2 2000","og_url":"https:\/\/livegood.network\/shop\/pt-br\/product\/lean-body-pack-pt-br\/","article_publisher":"https:\/\/www.facebook.com\/livegoodhello","article_modified_time":"2024-07-28T17:45:57+00:00","og_image":[{"width":1000,"height":600,"url":"https:\/\/livegood.network\/shop\/wp-content\/uploads\/2024\/01\/lean-body-pack-tile-livegood.png","type":"image\/png"}],"twitter_card":"summary_large_image","twitter_misc":{"Est. reading time":"5 minutes"},"schema":{"@context":"https:\/\/schema.org","@graph":[{"@type":"WebPage","@id":"https:\/\/livegood.network\/shop\/pt-br\/product\/lean-body-pack-pt-br\/","url":"https:\/\/livegood.network\/shop\/pt-br\/product\/lean-body-pack-pt-br\/","name":"Corpo Magro Pack - LiveGooD Shop","isPartOf":{"@id":"https:\/\/livegood.network\/shop\/#website"},"datePublished":"2024-01-29T12:12:54+00:00","dateModified":"2024-07-28T17:45:57+00:00","breadcrumb":{"@id":"https:\/\/livegood.network\/shop\/pt-br\/product\/lean-body-pack-pt-br\/#breadcrumb"},"inLanguage":"en-US","potentialAction":[{"@type":"ReadAction","target":["https:\/\/livegood.network\/shop\/pt-br\/product\/lean-body-pack-pt-br\/"]}]},{"@type":"BreadcrumbList","@id":"https:\/\/livegood.network\/shop\/pt-br\/product\/lean-body-pack-pt-br\/#breadcrumb","itemListElement":[{"@type":"ListItem","position":1,"name":"Home","item":"https:\/\/livegood.network\/shop\/pt-br\/"},{"@type":"ListItem","position":2,"name":"Shop","item":"https:\/\/livegood.network\/shop\/shop\/"},{"@type":"ListItem","position":3,"name":"Corpo Magro Pack"}]},{"@type":"WebSite","@id":"https:\/\/livegood.network\/shop\/#website","url":"https:\/\/livegood.network\/shop\/","name":"LiveGooD Shop","description":"","publisher":{"@id":"https:\/\/livegood.network\/shop\/#organization"},"potentialAction":[{"@type":"SearchAction","target":{"@type":"EntryPoint","urlTemplate":"https:\/\/livegood.network\/shop\/?s={search_term_string}"},"query-input":"required name=search_term_string"}],"inLanguage":"en-US"},{"@type":"Organization","@id":"https:\/\/livegood.network\/shop\/#organization","name":"LiveGooD","url":"https:\/\/livegood.network\/shop\/","logo":{"@type":"ImageObject","inLanguage":"en-US","@id":"https:\/\/livegood.network\/shop\/#\/schema\/logo\/image\/","url":"https:\/\/livegood.network\/shop\/wp-content\/uploads\/2024\/01\/logo-livegood-shop-main.png","contentUrl":"https:\/\/livegood.network\/shop\/wp-content\/uploads\/2024\/01\/logo-livegood-shop-main.png","width":373,"height":115,"caption":"LiveGooD"},"image":{"@id":"https:\/\/livegood.network\/shop\/#\/schema\/logo\/image\/"},"sameAs":["https:\/\/www.facebook.com\/livegoodhello"]}]}},"lang":"pt-br","translations":{"pt-br":1204,"pt-pt":1194,"en-us":274,"fr-fr":1192,"es-es":1193,"vi":1195,"ru-ru":1196,"ko":1197},"pll_sync_post":[],"_links":{"self":[{"href":"https:\/\/livegood.network\/shop\/wp-json\/wp\/v2\/product\/1204","targetHints":{"allow":["GET"]}}],"collection":[{"href":"https:\/\/livegood.network\/shop\/wp-json\/wp\/v2\/product"}],"about":[{"href":"https:\/\/livegood.network\/shop\/wp-json\/wp\/v2\/types\/product"}],"replies":[{"embeddable":true,"href":"https:\/\/livegood.network\/shop\/wp-json\/wp\/v2\/comments?post=1204"}],"version-history":[{"count":3,"href":"https:\/\/livegood.network\/shop\/wp-json\/wp\/v2\/product\/1204\/revisions"}],"predecessor-version":[{"id":1583,"href":"https:\/\/livegood.network\/shop\/wp-json\/wp\/v2\/product\/1204\/revisions\/1583"}],"wp:featuredmedia":[{"embeddable":true,"href":"https:\/\/livegood.network\/shop\/wp-json\/wp\/v2\/media\/275"}],"wp:attachment":[{"href":"https:\/\/livegood.network\/shop\/wp-json\/wp\/v2\/media?parent=1204"}],"wp:term":[{"taxonomy":"product_brand","embeddable":true,"href":"https:\/\/livegood.network\/shop\/wp-json\/wp\/v2\/product_brand?post=1204"},{"taxonomy":"product_cat","embeddable":true,"href":"https:\/\/livegood.network\/shop\/wp-json\/wp\/v2\/product_cat?post=1204"},{"taxonomy":"product_tag","embeddable":true,"href":"https:\/\/livegood.network\/shop\/wp-json\/wp\/v2\/product_tag?post=1204"}],"curies":[{"name":"wp","href":"https:\/\/api.w.org\/{rel}","templated":true}]}}