{"id":622,"date":"2024-01-23T18:36:42","date_gmt":"2024-01-23T18:36:42","guid":{"rendered":"https:\/\/livegood.network\/shop\/?post_type=product&#038;p=622"},"modified":"2025-06-11T05:26:09","modified_gmt":"2025-06-11T05:26:09","slug":"livegood-tank-tops-es-es","status":"publish","type":"product","link":"https:\/\/livegood.network\/shop\/es-es\/product\/livegood-tank-tops-es-es\/","title":{"rendered":"LiveGood Camisetas sin mangas"},"content":{"rendered":"<p><strong>Presentaci\u00f3n exclusiva: Camisetas sin mangas institucionales LiveGood: \u00a1adopte el bienestar en cada hilo!<\/strong><\/p>\n<p>Hola cliente,<\/p>\n<p>Sum\u00e9rgete en el mundo del fitness y el bienestar con las camisetas sin mangas institucionales de LiveGood: una combinaci\u00f3n de estilo y devoci\u00f3n.\u00a0Nuestras camisetas sin mangas son m\u00e1s que ropa;\u00a0son una declaraci\u00f3n vibrante de su dedicaci\u00f3n y admiraci\u00f3n por el estilo de vida LiveGood.<\/p>\n<p><strong>\u00bfPor qu\u00e9 elegir la camiseta sin mangas institucional LiveGood?<\/strong><\/p>\n<ol>\n<li><strong>Comodidad activa:<\/strong>\u00a0confeccionadas con precisi\u00f3n, nuestras camisetas sin mangas brindan una comodidad inigualable durante sus actividades m\u00e1s din\u00e1micas.\u00a0No es s\u00f3lo una elecci\u00f3n de vestimenta;\u00a0es un compa\u00f1ero en su viaje de bienestar.<\/li>\n<li><strong>Dise\u00f1o transpirable:<\/strong>\u00a0dise\u00f1adas con tejidos transpirables, nuestras camisetas sin mangas te mantienen fresco y elegante, lo que las hace perfectas para hacer ejercicio, hacer yoga o simplemente abrazar el estilo de vida activo.<\/li>\n<li><strong>Gr\u00e1ficos empoderadores:<\/strong>\u00a0adornada con gr\u00e1ficos empoderadores de LiveGood, cada camiseta sin mangas es un lienzo de inspiraci\u00f3n que refleja su compromiso con una vida llena de positividad y vitalidad.<\/li>\n<\/ol>\n<p><strong>\u00bfQu\u00e9 simboliza tu camiseta sin mangas?<\/strong><\/p>\n<p>Elegir la camiseta sin mangas institucional LiveGood es m\u00e1s que una declaraci\u00f3n de moda;\u00a0es una proclamaci\u00f3n de su lealtad a un estilo de vida que prioriza la salud, la atenci\u00f3n plena y la alegr\u00eda.<\/p>\n<blockquote>\n<h5>La camiseta sin mangas LiveGood Institutional es m\u00e1s que ropa deportiva;\u00a0es un emblema de su conexi\u00f3n con una comunidad dedicada a la b\u00fasqueda de un estilo de vida pr\u00f3spero y equilibrado.<\/h5>\n<\/blockquote>\n<p><em>\u00a1\u00danase a nosotros para abrazar el bienestar, viva LiveGood!<\/em><\/p>\n<p>Atentamente,<\/p>\n","protected":false},"excerpt":{"rendered":"<p><img decoding=\"async\" class=\"emoji\" role=\"img\" draggable=\"false\" src=\"https:\/\/s.w.org\/images\/core\/emoji\/14.0.0\/svg\/1f49a.svg\" alt=\"????\" \/>Varios modelos<br \/>\n<img decoding=\"async\" class=\"emoji\" role=\"img\" draggable=\"false\" src=\"https:\/\/s.w.org\/images\/core\/emoji\/14.0.0\/svg\/1f49a.svg\" alt=\"????\" \/>\u00a1Muestre amor por LiveGooD!<\/p>\n<h6>Tallas disponibles:<\/h6>\n<ul>\n<li>\n<h6><label for=\"54\">S<\/label><\/h6>\n<\/li>\n<li>\n<h6><label for=\"55\">METRO<\/label><\/h6>\n<\/li>\n<li>\n<h6><label for=\"56\">l<\/label><\/h6>\n<\/li>\n<li>\n<h6><label for=\"57\">SG<\/label><\/h6>\n<\/li>\n<li>\n<h6><label for=\"58\">XL<\/label><\/h6>\n<\/li>\n<\/ul>\n","protected":false},"featured_media":318,"comment_status":"open","ping_status":"closed","template":"","meta":[],"product_brand":[],"product_cat":[146,127],"product_tag":[],"class_list":{"0":"post-622","1":"product","2":"type-product","3":"status-publish","4":"has-post-thumbnail","6":"product_cat-accessories-es-es","7":"product_cat-women-es-es","9":"first","10":"instock","11":"shipping-taxable","12":"product-type-external"},"yoast_head":"<!-- This site is optimized with the Yoast SEO Premium plugin v20.6 (Yoast SEO v21.8.1) - https:\/\/yoast.com\/wordpress\/plugins\/seo\/ -->\n<title>LiveGood Camisetas sin mangas - LiveGooD Shop<\/title>\n<meta name=\"robots\" content=\"index, follow, max-snippet:-1, max-image-preview:large, max-video-preview:-1\" \/>\n<link rel=\"canonical\" href=\"https:\/\/livegood.network\/shop\/es-es\/product\/livegood-tank-tops-es-es\/\" \/>\n<meta property=\"og:locale\" content=\"en_US\" \/>\n<meta property=\"og:type\" content=\"article\" \/>\n<meta property=\"og:title\" content=\"LiveGood Camisetas sin mangas\" \/>\n<meta property=\"og:description\" content=\"Varios modelos \u00a1Muestre amor por LiveGooD! Tallas disponibles:    S    METRO    l    SG    XL\" \/>\n<meta property=\"og:url\" content=\"https:\/\/livegood.network\/shop\/es-es\/product\/livegood-tank-tops-es-es\/\" \/>\n<meta property=\"article:publisher\" content=\"https:\/\/www.facebook.com\/livegoodhello\" \/>\n<meta property=\"article:modified_time\" content=\"2025-06-11T05:26:09+00:00\" \/>\n<meta property=\"og:image\" content=\"https:\/\/livegood.network\/shop\/wp-content\/uploads\/2024\/01\/tank-tops-straight-woman-livegood.png\" \/>\n\t<meta property=\"og:image:width\" content=\"550\" \/>\n\t<meta property=\"og:image:height\" content=\"550\" \/>\n\t<meta property=\"og:image:type\" content=\"image\/png\" \/>\n<meta name=\"twitter:card\" content=\"summary_large_image\" \/>\n<meta name=\"twitter:label1\" content=\"Est. reading time\" \/>\n\t<meta name=\"twitter:data1\" content=\"2 minutes\" \/>\n<script type=\"application\/ld+json\" class=\"yoast-schema-graph\">{\"@context\":\"https:\/\/schema.org\",\"@graph\":[{\"@type\":\"WebPage\",\"@id\":\"https:\/\/livegood.network\/shop\/es-es\/product\/livegood-tank-tops-es-es\/\",\"url\":\"https:\/\/livegood.network\/shop\/es-es\/product\/livegood-tank-tops-es-es\/\",\"name\":\"LiveGood Camisetas sin mangas - LiveGooD Shop\",\"isPartOf\":{\"@id\":\"https:\/\/livegood.network\/shop\/#website\"},\"datePublished\":\"2024-01-23T18:36:42+00:00\",\"dateModified\":\"2025-06-11T05:26:09+00:00\",\"breadcrumb\":{\"@id\":\"https:\/\/livegood.network\/shop\/es-es\/product\/livegood-tank-tops-es-es\/#breadcrumb\"},\"inLanguage\":\"en-US\",\"potentialAction\":[{\"@type\":\"ReadAction\",\"target\":[\"https:\/\/livegood.network\/shop\/es-es\/product\/livegood-tank-tops-es-es\/\"]}]},{\"@type\":\"BreadcrumbList\",\"@id\":\"https:\/\/livegood.network\/shop\/es-es\/product\/livegood-tank-tops-es-es\/#breadcrumb\",\"itemListElement\":[{\"@type\":\"ListItem\",\"position\":1,\"name\":\"Home\",\"item\":\"https:\/\/livegood.network\/shop\/pt-br\/\"},{\"@type\":\"ListItem\",\"position\":2,\"name\":\"Shop\",\"item\":\"https:\/\/livegood.network\/shop\/shop\/\"},{\"@type\":\"ListItem\",\"position\":3,\"name\":\"LiveGood Camisetas sin mangas\"}]},{\"@type\":\"WebSite\",\"@id\":\"https:\/\/livegood.network\/shop\/#website\",\"url\":\"https:\/\/livegood.network\/shop\/\",\"name\":\"LiveGooD Shop\",\"description\":\"\",\"publisher\":{\"@id\":\"https:\/\/livegood.network\/shop\/#organization\"},\"potentialAction\":[{\"@type\":\"SearchAction\",\"target\":{\"@type\":\"EntryPoint\",\"urlTemplate\":\"https:\/\/livegood.network\/shop\/?s={search_term_string}\"},\"query-input\":\"required name=search_term_string\"}],\"inLanguage\":\"en-US\"},{\"@type\":\"Organization\",\"@id\":\"https:\/\/livegood.network\/shop\/#organization\",\"name\":\"LiveGooD\",\"url\":\"https:\/\/livegood.network\/shop\/\",\"logo\":{\"@type\":\"ImageObject\",\"inLanguage\":\"en-US\",\"@id\":\"https:\/\/livegood.network\/shop\/#\/schema\/logo\/image\/\",\"url\":\"https:\/\/livegood.network\/shop\/wp-content\/uploads\/2024\/01\/logo-livegood-shop-main.png\",\"contentUrl\":\"https:\/\/livegood.network\/shop\/wp-content\/uploads\/2024\/01\/logo-livegood-shop-main.png\",\"width\":373,\"height\":115,\"caption\":\"LiveGooD\"},\"image\":{\"@id\":\"https:\/\/livegood.network\/shop\/#\/schema\/logo\/image\/\"},\"sameAs\":[\"https:\/\/www.facebook.com\/livegoodhello\"]}]}<\/script>\n<!-- \/ Yoast SEO Premium plugin. -->","yoast_head_json":{"title":"LiveGood Camisetas sin mangas - LiveGooD Shop","robots":{"index":"index","follow":"follow","max-snippet":"max-snippet:-1","max-image-preview":"max-image-preview:large","max-video-preview":"max-video-preview:-1"},"canonical":"https:\/\/livegood.network\/shop\/es-es\/product\/livegood-tank-tops-es-es\/","og_locale":"en_US","og_type":"article","og_title":"LiveGood Camisetas sin mangas","og_description":"Varios modelos \u00a1Muestre amor por LiveGooD! Tallas disponibles:    S    METRO    l    SG    XL","og_url":"https:\/\/livegood.network\/shop\/es-es\/product\/livegood-tank-tops-es-es\/","article_publisher":"https:\/\/www.facebook.com\/livegoodhello","article_modified_time":"2025-06-11T05:26:09+00:00","og_image":[{"width":550,"height":550,"url":"https:\/\/livegood.network\/shop\/wp-content\/uploads\/2024\/01\/tank-tops-straight-woman-livegood.png","type":"image\/png"}],"twitter_card":"summary_large_image","twitter_misc":{"Est. reading time":"2 minutes"},"schema":{"@context":"https:\/\/schema.org","@graph":[{"@type":"WebPage","@id":"https:\/\/livegood.network\/shop\/es-es\/product\/livegood-tank-tops-es-es\/","url":"https:\/\/livegood.network\/shop\/es-es\/product\/livegood-tank-tops-es-es\/","name":"LiveGood Camisetas sin mangas - LiveGooD Shop","isPartOf":{"@id":"https:\/\/livegood.network\/shop\/#website"},"datePublished":"2024-01-23T18:36:42+00:00","dateModified":"2025-06-11T05:26:09+00:00","breadcrumb":{"@id":"https:\/\/livegood.network\/shop\/es-es\/product\/livegood-tank-tops-es-es\/#breadcrumb"},"inLanguage":"en-US","potentialAction":[{"@type":"ReadAction","target":["https:\/\/livegood.network\/shop\/es-es\/product\/livegood-tank-tops-es-es\/"]}]},{"@type":"BreadcrumbList","@id":"https:\/\/livegood.network\/shop\/es-es\/product\/livegood-tank-tops-es-es\/#breadcrumb","itemListElement":[{"@type":"ListItem","position":1,"name":"Home","item":"https:\/\/livegood.network\/shop\/pt-br\/"},{"@type":"ListItem","position":2,"name":"Shop","item":"https:\/\/livegood.network\/shop\/shop\/"},{"@type":"ListItem","position":3,"name":"LiveGood Camisetas sin mangas"}]},{"@type":"WebSite","@id":"https:\/\/livegood.network\/shop\/#website","url":"https:\/\/livegood.network\/shop\/","name":"LiveGooD Shop","description":"","publisher":{"@id":"https:\/\/livegood.network\/shop\/#organization"},"potentialAction":[{"@type":"SearchAction","target":{"@type":"EntryPoint","urlTemplate":"https:\/\/livegood.network\/shop\/?s={search_term_string}"},"query-input":"required name=search_term_string"}],"inLanguage":"en-US"},{"@type":"Organization","@id":"https:\/\/livegood.network\/shop\/#organization","name":"LiveGooD","url":"https:\/\/livegood.network\/shop\/","logo":{"@type":"ImageObject","inLanguage":"en-US","@id":"https:\/\/livegood.network\/shop\/#\/schema\/logo\/image\/","url":"https:\/\/livegood.network\/shop\/wp-content\/uploads\/2024\/01\/logo-livegood-shop-main.png","contentUrl":"https:\/\/livegood.network\/shop\/wp-content\/uploads\/2024\/01\/logo-livegood-shop-main.png","width":373,"height":115,"caption":"LiveGooD"},"image":{"@id":"https:\/\/livegood.network\/shop\/#\/schema\/logo\/image\/"},"sameAs":["https:\/\/www.facebook.com\/livegoodhello"]}]}},"lang":"es-es","translations":{"es-es":622,"en-us":313,"pt-br":615,"pt-pt":618,"fr-fr":620,"vi":625,"ru-ru":628,"ko":630},"pll_sync_post":[],"_links":{"self":[{"href":"https:\/\/livegood.network\/shop\/wp-json\/wp\/v2\/product\/622","targetHints":{"allow":["GET"]}}],"collection":[{"href":"https:\/\/livegood.network\/shop\/wp-json\/wp\/v2\/product"}],"about":[{"href":"https:\/\/livegood.network\/shop\/wp-json\/wp\/v2\/types\/product"}],"replies":[{"embeddable":true,"href":"https:\/\/livegood.network\/shop\/wp-json\/wp\/v2\/comments?post=622"}],"version-history":[{"count":1,"href":"https:\/\/livegood.network\/shop\/wp-json\/wp\/v2\/product\/622\/revisions"}],"predecessor-version":[{"id":624,"href":"https:\/\/livegood.network\/shop\/wp-json\/wp\/v2\/product\/622\/revisions\/624"}],"wp:featuredmedia":[{"embeddable":true,"href":"https:\/\/livegood.network\/shop\/wp-json\/wp\/v2\/media\/318"}],"wp:attachment":[{"href":"https:\/\/livegood.network\/shop\/wp-json\/wp\/v2\/media?parent=622"}],"wp:term":[{"taxonomy":"product_brand","embeddable":true,"href":"https:\/\/livegood.network\/shop\/wp-json\/wp\/v2\/product_brand?post=622"},{"taxonomy":"product_cat","embeddable":true,"href":"https:\/\/livegood.network\/shop\/wp-json\/wp\/v2\/product_cat?post=622"},{"taxonomy":"product_tag","embeddable":true,"href":"https:\/\/livegood.network\/shop\/wp-json\/wp\/v2\/product_tag?post=622"}],"curies":[{"name":"wp","href":"https:\/\/api.w.org\/{rel}","templated":true}]}}