{"id":625,"date":"2024-01-23T18:39:44","date_gmt":"2024-01-23T18:39:44","guid":{"rendered":"https:\/\/livegood.network\/shop\/?post_type=product&#038;p=625"},"modified":"2025-06-11T05:26:09","modified_gmt":"2025-06-11T05:26:09","slug":"livegood-tank-tops-vi","status":"publish","type":"product","link":"https:\/\/livegood.network\/shop\/vi\/product\/livegood-tank-tops-vi\/","title":{"rendered":"LiveGood \u00c1o ba l\u1ed7"},"content":{"rendered":"<p><strong>B\u00e0i thuy\u1ebft tr\u00ecnh \u0111\u1ed9c quy\u1ec1n: \u00c1o ba l\u1ed7 th\u1ec3 ch\u1ebf LiveGood \u2013 N\u00e2ng cao s\u1ee9c kh\u1ecfe trong m\u1ecdi ch\u1ee7 \u0111\u1ec1!<\/strong><\/p>\n<p>Xin ch\u00e0o kh\u00e1ch h\u00e0ng,<\/p>\n<p>H\u00f2a m\u00ecnh v\u00e0o th\u1ebf gi\u1edbi th\u1ec3 d\u1ee5c v\u00e0 s\u1ee9c kh\u1ecfe v\u1edbi \u00c1o ba l\u1ed7 th\u1ec3 ch\u1ebf c\u1ee7a LiveGood &#8211; s\u1ef1 pha tr\u1ed9n gi\u1eefa phong c\u00e1ch v\u00e0 s\u1ef1 t\u1eadn t\u00e2m.\u00a0\u00c1o ba l\u1ed7 c\u1ee7a ch\u00fang t\u00f4i kh\u00f4ng ch\u1ec9 l\u00e0 qu\u1ea7n \u00e1o;\u00a0ch\u00fang l\u00e0 l\u1eddi tuy\u00ean b\u1ed1 s\u1ed1ng \u0111\u1ed9ng v\u1ec1 s\u1ef1 c\u1ed1ng hi\u1ebfn v\u00e0 s\u1ef1 ng\u01b0\u1ee1ng m\u1ed9 c\u1ee7a b\u1ea1n \u0111\u1ed1i v\u1edbi l\u1ed1i s\u1ed1ng LiveGood.<\/p>\n<p><strong>T\u1ea1i sao n\u00ean ch\u1ecdn \u00e1o ba l\u1ed7 t\u1ed5 ch\u1ee9c LiveGood?<\/strong><\/p>\n<ol>\n<li><strong>Ti\u1ec7n nghi khi ho\u1ea1t \u0111\u1ed9ng:<\/strong>\u00a0\u0110\u01b0\u1ee3c ch\u1ebf t\u1ea1o v\u1edbi \u0111\u1ed9 ch\u00ednh x\u00e1c cao, \u00c1o ba l\u1ed7 c\u1ee7a ch\u00fang t\u00f4i mang \u0111\u1ebfn s\u1ef1 tho\u1ea3i m\u00e1i v\u00f4 song trong c\u00e1c ho\u1ea1t \u0111\u1ed9ng n\u0103ng \u0111\u1ed9ng nh\u1ea5t c\u1ee7a b\u1ea1n.\u00a0\u0110\u00f3 kh\u00f4ng ch\u1ec9 l\u00e0 s\u1ef1 l\u1ef1a ch\u1ecdn trang ph\u1ee5c;\u00a0\u0111\u00f3 l\u00e0 ng\u01b0\u1eddi b\u1ea1n \u0111\u1ed3ng h\u00e0nh trong h\u00e0nh tr\u00ecnh ch\u0103m s\u00f3c s\u1ee9c kh\u1ecfe c\u1ee7a b\u1ea1n.<\/li>\n<li><strong>Thi\u1ebft k\u1ebf tho\u00e1ng kh\u00ed:<\/strong>\u00a0\u0110\u01b0\u1ee3c thi\u1ebft k\u1ebf b\u1eb1ng v\u1ea3i tho\u00e1ng kh\u00ed, \u00e1o ba l\u1ed7 c\u1ee7a ch\u00fang t\u00f4i gi\u00fap b\u1ea1n m\u00e1t m\u1ebb v\u00e0 s\u00e0nh \u0111i\u1ec7u, khi\u1ebfn ch\u00fang tr\u1edf n\u00ean ho\u00e0n h\u1ea3o khi t\u1eadp luy\u1ec7n, t\u1eadp yoga ho\u1eb7c \u0111\u01a1n gi\u1ea3n l\u00e0 theo \u0111u\u1ed5i l\u1ed1i s\u1ed1ng n\u0103ng \u0111\u1ed9ng.<\/li>\n<li><strong>\u0110\u1ed3 h\u1ecda n\u00e2ng cao s\u1ee9c m\u1ea1nh:<\/strong>\u00a0\u0110\u01b0\u1ee3c t\u00f4 \u0111i\u1ec3m b\u1eb1ng \u0111\u1ed3 h\u1ecda LiveGood \u0111\u1ea7y s\u1ee9c m\u1ea1nh, m\u1ed7i Tank Top l\u00e0 m\u1ed9t b\u1ee9c tranh \u0111\u1ea7y c\u1ea3m h\u1ee9ng, ph\u1ea3n \u00e1nh cam k\u1ebft c\u1ee7a b\u1ea1n \u0111\u1ed1i v\u1edbi m\u1ed9t cu\u1ed9c s\u1ed1ng tr\u00e0n \u0111\u1ea7y s\u1ef1 t\u00edch c\u1ef1c v\u00e0 s\u1ee9c s\u1ed1ng.<\/li>\n<\/ol>\n<p><strong>\u00c1o ba l\u1ed7 c\u1ee7a b\u1ea1n t\u01b0\u1ee3ng tr\u01b0ng cho \u0111i\u1ec1u g\u00ec?<\/strong><\/p>\n<p>Vi\u1ec7c l\u1ef1a ch\u1ecdn \u00e1o ba l\u1ed7 LiveGood Institutional kh\u00f4ng ch\u1ec9 l\u00e0 m\u1ed9t phong c\u00e1ch th\u1eddi trang;\u00a0\u0111\u00f3 l\u00e0 l\u1eddi tuy\u00ean b\u1ed1 v\u1ec1 l\u00f2ng trung th\u00e0nh c\u1ee7a b\u1ea1n v\u1edbi l\u1ed1i s\u1ed1ng \u01b0u ti\u00ean s\u1ee9c kh\u1ecfe, ch\u00e1nh ni\u1ec7m v\u00e0 ni\u1ec1m vui.<\/p>\n<blockquote>\n<h5>LiveGood Institutional Tank Top kh\u00f4ng ch\u1ec9 l\u00e0 trang ph\u1ee5c th\u1ec3 thao;\u00a0\u0111\u00f3 l\u00e0 bi\u1ec3u t\u01b0\u1ee3ng cho s\u1ef1 k\u1ebft n\u1ed1i c\u1ee7a b\u1ea1n v\u1edbi m\u1ed9t c\u1ed9ng \u0111\u1ed3ng lu\u00f4n theo \u0111u\u1ed5i l\u1ed1i s\u1ed1ng c\u00e2n b\u1eb1ng v\u00e0 th\u1ecbnh v\u01b0\u1ee3ng.<\/h5>\n<\/blockquote>\n<p><em>H\u00e3y c\u00f9ng ch\u00fang t\u00f4i n\u00e2ng niu h\u1ea1nh ph\u00fac, s\u1ed1ng LiveGood!<\/em><\/p>\n<p>Tr\u00e2n tr\u1ecdng,<\/p>\n","protected":false},"excerpt":{"rendered":"<p><img decoding=\"async\" class=\"emoji\" role=\"img\" draggable=\"false\" src=\"https:\/\/s.w.org\/images\/core\/emoji\/14.0.0\/svg\/1f49a.svg\" alt=\"????\" \/>Nhi\u1ec1u m\u1eabu m\u00e3 kh\u00e1c nhau<br \/>\n<img decoding=\"async\" class=\"emoji\" role=\"img\" draggable=\"false\" src=\"https:\/\/s.w.org\/images\/core\/emoji\/14.0.0\/svg\/1f49a.svg\" alt=\"????\" \/>Th\u1ec3 hi\u1ec7n t\u00ecnh y\u00eau v\u1edbi LiveGooD!<\/p>\n<h6>K\u00edch th\u01b0\u1edbc c\u00f3 s\u1eb5n:<\/h6>\n<ul>\n<li>\n<h6><label for=\"54\">S<\/label><\/h6>\n<\/li>\n<li>\n<h6><label for=\"55\">M<\/label><\/h6>\n<\/li>\n<li>\n<h6><label for=\"56\">L<\/label><\/h6>\n<\/li>\n<li>\n<h6><label for=\"57\">XL<\/label><\/h6>\n<\/li>\n<li>\n<h6><label for=\"58\">XXL<\/label><\/h6>\n<\/li>\n<\/ul>\n","protected":false},"featured_media":318,"comment_status":"open","ping_status":"closed","template":"","meta":[],"product_brand":[],"product_cat":[121,142],"product_tag":[],"class_list":{"0":"post-625","1":"product","2":"type-product","3":"status-publish","4":"has-post-thumbnail","6":"product_cat-women-vi","7":"product_cat-accessories-vi","9":"first","10":"instock","11":"shipping-taxable","12":"product-type-external"},"yoast_head":"<!-- This site is optimized with the Yoast SEO Premium plugin v20.6 (Yoast SEO v21.8.1) - https:\/\/yoast.com\/wordpress\/plugins\/seo\/ -->\n<title>LiveGood \u00c1o ba l\u1ed7 - LiveGooD Shop<\/title>\n<meta name=\"robots\" content=\"index, follow, max-snippet:-1, max-image-preview:large, max-video-preview:-1\" \/>\n<link rel=\"canonical\" href=\"https:\/\/livegood.network\/shop\/vi\/product\/livegood-tank-tops-vi\/\" \/>\n<meta property=\"og:locale\" content=\"en_US\" \/>\n<meta property=\"og:type\" content=\"article\" \/>\n<meta property=\"og:title\" content=\"LiveGood \u00c1o ba l\u1ed7\" \/>\n<meta property=\"og:description\" content=\"Nhi\u1ec1u m\u1eabu m\u00e3 kh\u00e1c nhau Th\u1ec3 hi\u1ec7n t\u00ecnh y\u00eau v\u1edbi LiveGooD! K\u00edch th\u01b0\u1edbc c\u00f3 s\u1eb5n:    S    M    L    XL    XXL\" \/>\n<meta property=\"og:url\" content=\"https:\/\/livegood.network\/shop\/vi\/product\/livegood-tank-tops-vi\/\" \/>\n<meta property=\"article:publisher\" content=\"https:\/\/www.facebook.com\/livegoodhello\" \/>\n<meta property=\"article:modified_time\" content=\"2025-06-11T05:26:09+00:00\" \/>\n<meta property=\"og:image\" content=\"https:\/\/livegood.network\/shop\/wp-content\/uploads\/2024\/01\/tank-tops-straight-woman-livegood.png\" \/>\n\t<meta property=\"og:image:width\" content=\"550\" \/>\n\t<meta property=\"og:image:height\" content=\"550\" \/>\n\t<meta property=\"og:image:type\" content=\"image\/png\" \/>\n<meta name=\"twitter:card\" content=\"summary_large_image\" \/>\n<meta name=\"twitter:label1\" content=\"Est. reading time\" \/>\n\t<meta name=\"twitter:data1\" content=\"2 minutes\" \/>\n<script type=\"application\/ld+json\" class=\"yoast-schema-graph\">{\"@context\":\"https:\/\/schema.org\",\"@graph\":[{\"@type\":\"WebPage\",\"@id\":\"https:\/\/livegood.network\/shop\/vi\/product\/livegood-tank-tops-vi\/\",\"url\":\"https:\/\/livegood.network\/shop\/vi\/product\/livegood-tank-tops-vi\/\",\"name\":\"LiveGood \u00c1o ba l\u1ed7 - LiveGooD Shop\",\"isPartOf\":{\"@id\":\"https:\/\/livegood.network\/shop\/#website\"},\"datePublished\":\"2024-01-23T18:39:44+00:00\",\"dateModified\":\"2025-06-11T05:26:09+00:00\",\"breadcrumb\":{\"@id\":\"https:\/\/livegood.network\/shop\/vi\/product\/livegood-tank-tops-vi\/#breadcrumb\"},\"inLanguage\":\"en-US\",\"potentialAction\":[{\"@type\":\"ReadAction\",\"target\":[\"https:\/\/livegood.network\/shop\/vi\/product\/livegood-tank-tops-vi\/\"]}]},{\"@type\":\"BreadcrumbList\",\"@id\":\"https:\/\/livegood.network\/shop\/vi\/product\/livegood-tank-tops-vi\/#breadcrumb\",\"itemListElement\":[{\"@type\":\"ListItem\",\"position\":1,\"name\":\"Home\",\"item\":\"https:\/\/livegood.network\/shop\/pt-br\/\"},{\"@type\":\"ListItem\",\"position\":2,\"name\":\"Shop\",\"item\":\"https:\/\/livegood.network\/shop\/shop\/\"},{\"@type\":\"ListItem\",\"position\":3,\"name\":\"LiveGood \u00c1o ba l\u1ed7\"}]},{\"@type\":\"WebSite\",\"@id\":\"https:\/\/livegood.network\/shop\/#website\",\"url\":\"https:\/\/livegood.network\/shop\/\",\"name\":\"LiveGooD Shop\",\"description\":\"\",\"publisher\":{\"@id\":\"https:\/\/livegood.network\/shop\/#organization\"},\"potentialAction\":[{\"@type\":\"SearchAction\",\"target\":{\"@type\":\"EntryPoint\",\"urlTemplate\":\"https:\/\/livegood.network\/shop\/?s={search_term_string}\"},\"query-input\":\"required name=search_term_string\"}],\"inLanguage\":\"en-US\"},{\"@type\":\"Organization\",\"@id\":\"https:\/\/livegood.network\/shop\/#organization\",\"name\":\"LiveGooD\",\"url\":\"https:\/\/livegood.network\/shop\/\",\"logo\":{\"@type\":\"ImageObject\",\"inLanguage\":\"en-US\",\"@id\":\"https:\/\/livegood.network\/shop\/#\/schema\/logo\/image\/\",\"url\":\"https:\/\/livegood.network\/shop\/wp-content\/uploads\/2024\/01\/logo-livegood-shop-main.png\",\"contentUrl\":\"https:\/\/livegood.network\/shop\/wp-content\/uploads\/2024\/01\/logo-livegood-shop-main.png\",\"width\":373,\"height\":115,\"caption\":\"LiveGooD\"},\"image\":{\"@id\":\"https:\/\/livegood.network\/shop\/#\/schema\/logo\/image\/\"},\"sameAs\":[\"https:\/\/www.facebook.com\/livegoodhello\"]}]}<\/script>\n<!-- \/ Yoast SEO Premium plugin. -->","yoast_head_json":{"title":"LiveGood \u00c1o ba l\u1ed7 - LiveGooD Shop","robots":{"index":"index","follow":"follow","max-snippet":"max-snippet:-1","max-image-preview":"max-image-preview:large","max-video-preview":"max-video-preview:-1"},"canonical":"https:\/\/livegood.network\/shop\/vi\/product\/livegood-tank-tops-vi\/","og_locale":"en_US","og_type":"article","og_title":"LiveGood \u00c1o ba l\u1ed7","og_description":"Nhi\u1ec1u m\u1eabu m\u00e3 kh\u00e1c nhau Th\u1ec3 hi\u1ec7n t\u00ecnh y\u00eau v\u1edbi LiveGooD! K\u00edch th\u01b0\u1edbc c\u00f3 s\u1eb5n:    S    M    L    XL    XXL","og_url":"https:\/\/livegood.network\/shop\/vi\/product\/livegood-tank-tops-vi\/","article_publisher":"https:\/\/www.facebook.com\/livegoodhello","article_modified_time":"2025-06-11T05:26:09+00:00","og_image":[{"width":550,"height":550,"url":"https:\/\/livegood.network\/shop\/wp-content\/uploads\/2024\/01\/tank-tops-straight-woman-livegood.png","type":"image\/png"}],"twitter_card":"summary_large_image","twitter_misc":{"Est. reading time":"2 minutes"},"schema":{"@context":"https:\/\/schema.org","@graph":[{"@type":"WebPage","@id":"https:\/\/livegood.network\/shop\/vi\/product\/livegood-tank-tops-vi\/","url":"https:\/\/livegood.network\/shop\/vi\/product\/livegood-tank-tops-vi\/","name":"LiveGood \u00c1o ba l\u1ed7 - LiveGooD Shop","isPartOf":{"@id":"https:\/\/livegood.network\/shop\/#website"},"datePublished":"2024-01-23T18:39:44+00:00","dateModified":"2025-06-11T05:26:09+00:00","breadcrumb":{"@id":"https:\/\/livegood.network\/shop\/vi\/product\/livegood-tank-tops-vi\/#breadcrumb"},"inLanguage":"en-US","potentialAction":[{"@type":"ReadAction","target":["https:\/\/livegood.network\/shop\/vi\/product\/livegood-tank-tops-vi\/"]}]},{"@type":"BreadcrumbList","@id":"https:\/\/livegood.network\/shop\/vi\/product\/livegood-tank-tops-vi\/#breadcrumb","itemListElement":[{"@type":"ListItem","position":1,"name":"Home","item":"https:\/\/livegood.network\/shop\/pt-br\/"},{"@type":"ListItem","position":2,"name":"Shop","item":"https:\/\/livegood.network\/shop\/shop\/"},{"@type":"ListItem","position":3,"name":"LiveGood \u00c1o ba l\u1ed7"}]},{"@type":"WebSite","@id":"https:\/\/livegood.network\/shop\/#website","url":"https:\/\/livegood.network\/shop\/","name":"LiveGooD Shop","description":"","publisher":{"@id":"https:\/\/livegood.network\/shop\/#organization"},"potentialAction":[{"@type":"SearchAction","target":{"@type":"EntryPoint","urlTemplate":"https:\/\/livegood.network\/shop\/?s={search_term_string}"},"query-input":"required name=search_term_string"}],"inLanguage":"en-US"},{"@type":"Organization","@id":"https:\/\/livegood.network\/shop\/#organization","name":"LiveGooD","url":"https:\/\/livegood.network\/shop\/","logo":{"@type":"ImageObject","inLanguage":"en-US","@id":"https:\/\/livegood.network\/shop\/#\/schema\/logo\/image\/","url":"https:\/\/livegood.network\/shop\/wp-content\/uploads\/2024\/01\/logo-livegood-shop-main.png","contentUrl":"https:\/\/livegood.network\/shop\/wp-content\/uploads\/2024\/01\/logo-livegood-shop-main.png","width":373,"height":115,"caption":"LiveGooD"},"image":{"@id":"https:\/\/livegood.network\/shop\/#\/schema\/logo\/image\/"},"sameAs":["https:\/\/www.facebook.com\/livegoodhello"]}]}},"lang":"vi","translations":{"vi":625,"en-us":313,"pt-br":615,"pt-pt":618,"fr-fr":620,"es-es":622,"ru-ru":628,"ko":630},"pll_sync_post":[],"_links":{"self":[{"href":"https:\/\/livegood.network\/shop\/wp-json\/wp\/v2\/product\/625","targetHints":{"allow":["GET"]}}],"collection":[{"href":"https:\/\/livegood.network\/shop\/wp-json\/wp\/v2\/product"}],"about":[{"href":"https:\/\/livegood.network\/shop\/wp-json\/wp\/v2\/types\/product"}],"replies":[{"embeddable":true,"href":"https:\/\/livegood.network\/shop\/wp-json\/wp\/v2\/comments?post=625"}],"version-history":[{"count":1,"href":"https:\/\/livegood.network\/shop\/wp-json\/wp\/v2\/product\/625\/revisions"}],"predecessor-version":[{"id":627,"href":"https:\/\/livegood.network\/shop\/wp-json\/wp\/v2\/product\/625\/revisions\/627"}],"wp:featuredmedia":[{"embeddable":true,"href":"https:\/\/livegood.network\/shop\/wp-json\/wp\/v2\/media\/318"}],"wp:attachment":[{"href":"https:\/\/livegood.network\/shop\/wp-json\/wp\/v2\/media?parent=625"}],"wp:term":[{"taxonomy":"product_brand","embeddable":true,"href":"https:\/\/livegood.network\/shop\/wp-json\/wp\/v2\/product_brand?post=625"},{"taxonomy":"product_cat","embeddable":true,"href":"https:\/\/livegood.network\/shop\/wp-json\/wp\/v2\/product_cat?post=625"},{"taxonomy":"product_tag","embeddable":true,"href":"https:\/\/livegood.network\/shop\/wp-json\/wp\/v2\/product_tag?post=625"}],"curies":[{"name":"wp","href":"https:\/\/api.w.org\/{rel}","templated":true}]}}