{"id":632,"date":"2024-01-23T19:18:20","date_gmt":"2024-01-23T19:18:20","guid":{"rendered":"https:\/\/livegood.network\/shop\/?post_type=product&#038;p=632"},"modified":"2025-04-12T20:43:29","modified_gmt":"2025-04-12T20:43:29","slug":"ageless-skin-serum-fr-fr","status":"publish","type":"product","link":"https:\/\/livegood.network\/shop\/fr-fr\/product\/ageless-skin-serum-fr-fr\/","title":{"rendered":"Ageless S\u00e9rum Peau"},"content":{"rendered":"<p><strong><span>S\u00e9rum pour la peau sans \u00e2ge<\/span><\/strong><\/p>\n<p><em><span>L&#8217;approche scientifique pour obtenir une belle peau<\/span><\/em><\/p>\n<p><span>La base d\u2019une peau \u00e9clatante est sa composition \u00e0 75 % de collag\u00e8ne.\u00a0Des niveaux optimaux de collag\u00e8ne contribuent \u00e0 l\u2019apparence jeune et rebondie de la peau.\u00a0Cependant, avec l\u2019\u00e2ge, la production de collag\u00e8ne diminue naturellement.\u00a0Cette diminution de la synth\u00e8se du collag\u00e8ne entra\u00eene l\u2019\u00e9puisement des niveaux de collag\u00e8ne sain et l\u2019apparition de rides ind\u00e9sirables, donnant \u00e0 la peau un aspect vieilli.<\/span><\/p>\n<p><span>Ageless se distingue comme le PREMIER et le SEUL produit de son genre con\u00e7u non seulement pour stimuler la r\u00e9g\u00e9n\u00e9ration inn\u00e9e du collag\u00e8ne du corps, mais \u00e9galement pour incorporer des extraits de 12 des fruits et l\u00e9gumes les plus riches en nutriments au monde.\u00a0Cette formulation unique garantit des r\u00e9sultats de rajeunissement de la peau sup\u00e9rieurs, surpassant tout autre produit actuellement disponible sur le march\u00e9\u00a0!<\/span><\/p>\n<p><span>Teneur en antioxydants in\u00e9gal\u00e9e par rapport aux autres produits de soins de la peau\u00a0!<\/span><\/p>\n<p><span>Exploitant des extraits de 12 des fruits et l\u00e9gumes les plus riches en nutriments au monde, soigneusement s\u00e9lectionn\u00e9s \u00e0 partir des origines les plus pures dans des endroits vierges du monde, la formule enti\u00e8rement naturelle d&#8217;Ageless peut \u00eatre compar\u00e9e \u00e0 un superaliment riche en nutriments pour votre peau !<\/span><\/p>\n<p><span>Plus d&#8217;un million de bouteilles vendues<\/span><\/p>\n<p><span>Au cours de la derni\u00e8re d\u00e9cennie, Ageless s\u2019est r\u00e9guli\u00e8rement class\u00e9 parmi les produits de soins de la peau haut de gamme les plus vendus du secteur.\u00a0D\u00e9sormais, avec le mod\u00e8le LiveGood, vous avez la possibilit\u00e9 d&#8217;acqu\u00e9rir exactement ce produit, auparavant au prix de 59,95 $ par bouteille, pour seulement une fraction de ce co\u00fbt.<\/span><\/p>\n","protected":false},"excerpt":{"rendered":"<p><img decoding=\"async\" class=\"emoji\" role=\"img\" draggable=\"false\" src=\"https:\/\/s.w.org\/images\/core\/emoji\/14.0.0\/svg\/1f49a.svg\" alt=\"LiveGooD Love\" \/> Superaliment riche en nutriments pour votre peau<br \/>\n<img decoding=\"async\" class=\"emoji\" role=\"img\" draggable=\"false\" src=\"https:\/\/s.w.org\/images\/core\/emoji\/14.0.0\/svg\/1f49a.svg\" alt=\"LiveGooD Love\" \/> Rempli d&#8217;antioxydants naturels<br \/>\n<img decoding=\"async\" class=\"emoji\" role=\"img\" draggable=\"false\" src=\"https:\/\/s.w.org\/images\/core\/emoji\/14.0.0\/svg\/1f49a.svg\" alt=\"LiveGooD Love\" \/> Favoriser la r\u00e9g\u00e9n\u00e9ration naturelle du collag\u00e8ne<\/p>\n","protected":false},"featured_media":235,"comment_status":"open","ping_status":"closed","template":"","meta":[],"product_brand":[],"product_cat":[112,125],"product_tag":[],"class_list":{"0":"post-632","1":"product","2":"type-product","3":"status-publish","4":"has-post-thumbnail","6":"product_cat-ageless-skin-fr-fr","7":"product_cat-women-fr-fr","9":"first","10":"instock","11":"sale","12":"shipping-taxable","13":"product-type-external"},"yoast_head":"<!-- This site is optimized with the Yoast SEO Premium plugin v20.6 (Yoast SEO v21.8.1) - https:\/\/yoast.com\/wordpress\/plugins\/seo\/ -->\n<title>Ageless S\u00e9rum Peau - LiveGooD Shop<\/title>\n<meta name=\"robots\" content=\"index, follow, max-snippet:-1, max-image-preview:large, max-video-preview:-1\" \/>\n<link rel=\"canonical\" href=\"https:\/\/livegood.network\/shop\/fr-fr\/product\/ageless-skin-serum-fr-fr\/\" \/>\n<meta property=\"og:locale\" content=\"en_US\" \/>\n<meta property=\"og:type\" content=\"article\" \/>\n<meta property=\"og:title\" content=\"Ageless S\u00e9rum Peau\" \/>\n<meta property=\"og:description\" content=\"Superaliment riche en nutriments pour votre peau  Rempli d&#039;antioxydants naturels  Favoriser la r\u00e9g\u00e9n\u00e9ration naturelle du collag\u00e8ne\" \/>\n<meta property=\"og:url\" content=\"https:\/\/livegood.network\/shop\/fr-fr\/product\/ageless-skin-serum-fr-fr\/\" \/>\n<meta property=\"article:publisher\" content=\"https:\/\/www.facebook.com\/livegoodhello\" \/>\n<meta property=\"article:modified_time\" content=\"2025-04-12T20:43:29+00:00\" \/>\n<meta property=\"og:image\" content=\"https:\/\/livegood.network\/shop\/wp-content\/uploads\/2024\/01\/ageless-anti-aging-serum-sbc-livegood.png\" \/>\n\t<meta property=\"og:image:width\" content=\"720\" \/>\n\t<meta property=\"og:image:height\" content=\"720\" \/>\n\t<meta property=\"og:image:type\" content=\"image\/png\" \/>\n<meta name=\"twitter:card\" content=\"summary_large_image\" \/>\n<meta name=\"twitter:label1\" content=\"Est. reading time\" \/>\n\t<meta name=\"twitter:data1\" content=\"2 minutes\" \/>\n<script type=\"application\/ld+json\" class=\"yoast-schema-graph\">{\"@context\":\"https:\/\/schema.org\",\"@graph\":[{\"@type\":\"WebPage\",\"@id\":\"https:\/\/livegood.network\/shop\/fr-fr\/product\/ageless-skin-serum-fr-fr\/\",\"url\":\"https:\/\/livegood.network\/shop\/fr-fr\/product\/ageless-skin-serum-fr-fr\/\",\"name\":\"Ageless S\u00e9rum Peau - LiveGooD Shop\",\"isPartOf\":{\"@id\":\"https:\/\/livegood.network\/shop\/#website\"},\"datePublished\":\"2024-01-23T19:18:20+00:00\",\"dateModified\":\"2025-04-12T20:43:29+00:00\",\"breadcrumb\":{\"@id\":\"https:\/\/livegood.network\/shop\/fr-fr\/product\/ageless-skin-serum-fr-fr\/#breadcrumb\"},\"inLanguage\":\"en-US\",\"potentialAction\":[{\"@type\":\"ReadAction\",\"target\":[\"https:\/\/livegood.network\/shop\/fr-fr\/product\/ageless-skin-serum-fr-fr\/\"]}]},{\"@type\":\"BreadcrumbList\",\"@id\":\"https:\/\/livegood.network\/shop\/fr-fr\/product\/ageless-skin-serum-fr-fr\/#breadcrumb\",\"itemListElement\":[{\"@type\":\"ListItem\",\"position\":1,\"name\":\"Home\",\"item\":\"https:\/\/livegood.network\/shop\/pt-br\/\"},{\"@type\":\"ListItem\",\"position\":2,\"name\":\"Shop\",\"item\":\"https:\/\/livegood.network\/shop\/shop\/\"},{\"@type\":\"ListItem\",\"position\":3,\"name\":\"Ageless S\u00e9rum Peau\"}]},{\"@type\":\"WebSite\",\"@id\":\"https:\/\/livegood.network\/shop\/#website\",\"url\":\"https:\/\/livegood.network\/shop\/\",\"name\":\"LiveGooD Shop\",\"description\":\"\",\"publisher\":{\"@id\":\"https:\/\/livegood.network\/shop\/#organization\"},\"potentialAction\":[{\"@type\":\"SearchAction\",\"target\":{\"@type\":\"EntryPoint\",\"urlTemplate\":\"https:\/\/livegood.network\/shop\/?s={search_term_string}\"},\"query-input\":\"required name=search_term_string\"}],\"inLanguage\":\"en-US\"},{\"@type\":\"Organization\",\"@id\":\"https:\/\/livegood.network\/shop\/#organization\",\"name\":\"LiveGooD\",\"url\":\"https:\/\/livegood.network\/shop\/\",\"logo\":{\"@type\":\"ImageObject\",\"inLanguage\":\"en-US\",\"@id\":\"https:\/\/livegood.network\/shop\/#\/schema\/logo\/image\/\",\"url\":\"https:\/\/livegood.network\/shop\/wp-content\/uploads\/2024\/01\/logo-livegood-shop-main.png\",\"contentUrl\":\"https:\/\/livegood.network\/shop\/wp-content\/uploads\/2024\/01\/logo-livegood-shop-main.png\",\"width\":373,\"height\":115,\"caption\":\"LiveGooD\"},\"image\":{\"@id\":\"https:\/\/livegood.network\/shop\/#\/schema\/logo\/image\/\"},\"sameAs\":[\"https:\/\/www.facebook.com\/livegoodhello\"]}]}<\/script>\n<!-- \/ Yoast SEO Premium plugin. -->","yoast_head_json":{"title":"Ageless S\u00e9rum Peau - LiveGooD Shop","robots":{"index":"index","follow":"follow","max-snippet":"max-snippet:-1","max-image-preview":"max-image-preview:large","max-video-preview":"max-video-preview:-1"},"canonical":"https:\/\/livegood.network\/shop\/fr-fr\/product\/ageless-skin-serum-fr-fr\/","og_locale":"en_US","og_type":"article","og_title":"Ageless S\u00e9rum Peau","og_description":"Superaliment riche en nutriments pour votre peau  Rempli d'antioxydants naturels  Favoriser la r\u00e9g\u00e9n\u00e9ration naturelle du collag\u00e8ne","og_url":"https:\/\/livegood.network\/shop\/fr-fr\/product\/ageless-skin-serum-fr-fr\/","article_publisher":"https:\/\/www.facebook.com\/livegoodhello","article_modified_time":"2025-04-12T20:43:29+00:00","og_image":[{"width":720,"height":720,"url":"https:\/\/livegood.network\/shop\/wp-content\/uploads\/2024\/01\/ageless-anti-aging-serum-sbc-livegood.png","type":"image\/png"}],"twitter_card":"summary_large_image","twitter_misc":{"Est. reading time":"2 minutes"},"schema":{"@context":"https:\/\/schema.org","@graph":[{"@type":"WebPage","@id":"https:\/\/livegood.network\/shop\/fr-fr\/product\/ageless-skin-serum-fr-fr\/","url":"https:\/\/livegood.network\/shop\/fr-fr\/product\/ageless-skin-serum-fr-fr\/","name":"Ageless S\u00e9rum Peau - LiveGooD Shop","isPartOf":{"@id":"https:\/\/livegood.network\/shop\/#website"},"datePublished":"2024-01-23T19:18:20+00:00","dateModified":"2025-04-12T20:43:29+00:00","breadcrumb":{"@id":"https:\/\/livegood.network\/shop\/fr-fr\/product\/ageless-skin-serum-fr-fr\/#breadcrumb"},"inLanguage":"en-US","potentialAction":[{"@type":"ReadAction","target":["https:\/\/livegood.network\/shop\/fr-fr\/product\/ageless-skin-serum-fr-fr\/"]}]},{"@type":"BreadcrumbList","@id":"https:\/\/livegood.network\/shop\/fr-fr\/product\/ageless-skin-serum-fr-fr\/#breadcrumb","itemListElement":[{"@type":"ListItem","position":1,"name":"Home","item":"https:\/\/livegood.network\/shop\/pt-br\/"},{"@type":"ListItem","position":2,"name":"Shop","item":"https:\/\/livegood.network\/shop\/shop\/"},{"@type":"ListItem","position":3,"name":"Ageless S\u00e9rum Peau"}]},{"@type":"WebSite","@id":"https:\/\/livegood.network\/shop\/#website","url":"https:\/\/livegood.network\/shop\/","name":"LiveGooD Shop","description":"","publisher":{"@id":"https:\/\/livegood.network\/shop\/#organization"},"potentialAction":[{"@type":"SearchAction","target":{"@type":"EntryPoint","urlTemplate":"https:\/\/livegood.network\/shop\/?s={search_term_string}"},"query-input":"required name=search_term_string"}],"inLanguage":"en-US"},{"@type":"Organization","@id":"https:\/\/livegood.network\/shop\/#organization","name":"LiveGooD","url":"https:\/\/livegood.network\/shop\/","logo":{"@type":"ImageObject","inLanguage":"en-US","@id":"https:\/\/livegood.network\/shop\/#\/schema\/logo\/image\/","url":"https:\/\/livegood.network\/shop\/wp-content\/uploads\/2024\/01\/logo-livegood-shop-main.png","contentUrl":"https:\/\/livegood.network\/shop\/wp-content\/uploads\/2024\/01\/logo-livegood-shop-main.png","width":373,"height":115,"caption":"LiveGooD"},"image":{"@id":"https:\/\/livegood.network\/shop\/#\/schema\/logo\/image\/"},"sameAs":["https:\/\/www.facebook.com\/livegoodhello"]}]}},"lang":"fr-fr","translations":{"fr-fr":632,"en-us":244,"es-es":634,"pt-pt":636,"pt-br":639,"vi":641,"ru-ru":642,"ko":643},"pll_sync_post":[],"_links":{"self":[{"href":"https:\/\/livegood.network\/shop\/wp-json\/wp\/v2\/product\/632","targetHints":{"allow":["GET"]}}],"collection":[{"href":"https:\/\/livegood.network\/shop\/wp-json\/wp\/v2\/product"}],"about":[{"href":"https:\/\/livegood.network\/shop\/wp-json\/wp\/v2\/types\/product"}],"replies":[{"embeddable":true,"href":"https:\/\/livegood.network\/shop\/wp-json\/wp\/v2\/comments?post=632"}],"version-history":[{"count":2,"href":"https:\/\/livegood.network\/shop\/wp-json\/wp\/v2\/product\/632\/revisions"}],"predecessor-version":[{"id":1671,"href":"https:\/\/livegood.network\/shop\/wp-json\/wp\/v2\/product\/632\/revisions\/1671"}],"wp:featuredmedia":[{"embeddable":true,"href":"https:\/\/livegood.network\/shop\/wp-json\/wp\/v2\/media\/235"}],"wp:attachment":[{"href":"https:\/\/livegood.network\/shop\/wp-json\/wp\/v2\/media?parent=632"}],"wp:term":[{"taxonomy":"product_brand","embeddable":true,"href":"https:\/\/livegood.network\/shop\/wp-json\/wp\/v2\/product_brand?post=632"},{"taxonomy":"product_cat","embeddable":true,"href":"https:\/\/livegood.network\/shop\/wp-json\/wp\/v2\/product_cat?post=632"},{"taxonomy":"product_tag","embeddable":true,"href":"https:\/\/livegood.network\/shop\/wp-json\/wp\/v2\/product_tag?post=632"}],"curies":[{"name":"wp","href":"https:\/\/api.w.org\/{rel}","templated":true}]}}