{"id":634,"date":"2024-01-23T19:24:20","date_gmt":"2024-01-23T19:24:20","guid":{"rendered":"https:\/\/livegood.network\/shop\/?post_type=product&#038;p=634"},"modified":"2025-04-12T20:43:29","modified_gmt":"2025-04-12T20:43:29","slug":"ageless-skin-serum-es-es","status":"publish","type":"product","link":"https:\/\/livegood.network\/shop\/es-es\/product\/ageless-skin-serum-es-es\/","title":{"rendered":"Ageless Suero para la piel"},"content":{"rendered":"<p><strong><span>Suero para la piel eterna<\/span><\/strong><\/p>\n<p><em><span>El enfoque cient\u00edfico para lograr una piel hermosa<\/span><\/em><\/p>\n<p><span>La base de una piel vibrante es su composici\u00f3n de 75% de col\u00e1geno.\u00a0Los niveles \u00f3ptimos de col\u00e1geno contribuyen a la apariencia joven y tersa de la piel.\u00a0Sin embargo, a medida que envejecemos, la producci\u00f3n de col\u00e1geno disminuye naturalmente.\u00a0Esta disminuci\u00f3n en la s\u00edntesis de col\u00e1geno resulta en el agotamiento de los niveles saludables de col\u00e1geno y la aparici\u00f3n de arrugas indeseables, dando a la piel una apariencia envejecida.<\/span><\/p>\n<p><span>Ageless se destaca como el PRIMER y \u00daNICO producto de su tipo dise\u00f1ado no s\u00f3lo para estimular la regeneraci\u00f3n innata de col\u00e1geno del cuerpo sino tambi\u00e9n para incorporar extractos de 12 de las frutas y verduras m\u00e1s ricas en nutrientes del mundo.\u00a0\u00a1Esta f\u00f3rmula \u00fanica garantiza resultados superiores de rejuvenecimiento de la piel, superando a cualquier otro producto actualmente disponible en el mercado!<\/span><\/p>\n<p><span>\u00a1Contenido de antioxidantes incomparable en comparaci\u00f3n con otros productos para el cuidado de la piel!<\/span><\/p>\n<p><span>Aprovechando extractos de 12 de las frutas y verduras m\u00e1s ricas en nutrientes del mundo, cuidadosamente obtenidos de los or\u00edgenes m\u00e1s puros en lugares pr\u00edstinos del mundo, la f\u00f3rmula completamente natural de Ageless puede compararse con un superalimento repleto de nutrientes para tu piel.<\/span><\/p>\n<p><span>Superando el mill\u00f3n de botellas vendidas<\/span><\/p>\n<p><span>Durante la \u00faltima d\u00e9cada, Ageless se ha clasificado constantemente entre los productos premium para el cuidado de la piel m\u00e1s vendidos en la industria.\u00a0Ahora, con el modelo LiveGood, tiene la oportunidad de adquirir exactamente este producto, que anteriormente ten\u00eda un precio de $59,95 por botella, por solo una fracci\u00f3n de ese costo.<\/span><\/p>\n","protected":false},"excerpt":{"rendered":"<p><img decoding=\"async\" class=\"emoji\" role=\"img\" draggable=\"false\" src=\"https:\/\/s.w.org\/images\/core\/emoji\/14.0.0\/svg\/1f49a.svg\" alt=\"LiveGooD Love\" \/> Superalimento rico en nutrientes para tu piel<br \/>\n<img decoding=\"async\" class=\"emoji\" role=\"img\" draggable=\"false\" src=\"https:\/\/s.w.org\/images\/core\/emoji\/14.0.0\/svg\/1f49a.svg\" alt=\"LiveGooD Love\" \/> Lleno de antioxidantes naturales<br \/>\n<img decoding=\"async\" class=\"emoji\" role=\"img\" draggable=\"false\" src=\"https:\/\/s.w.org\/images\/core\/emoji\/14.0.0\/svg\/1f49a.svg\" alt=\"LiveGooD Love\" \/> Promover la regeneraci\u00f3n natural del col\u00e1geno<\/p>\n","protected":false},"featured_media":235,"comment_status":"open","ping_status":"closed","template":"","meta":[],"product_brand":[],"product_cat":[110,127],"product_tag":[],"class_list":{"0":"post-634","1":"product","2":"type-product","3":"status-publish","4":"has-post-thumbnail","6":"product_cat-ageless-skin-es-es","7":"product_cat-women-es-es","9":"first","10":"instock","11":"sale","12":"shipping-taxable","13":"product-type-external"},"yoast_head":"<!-- This site is optimized with the Yoast SEO Premium plugin v20.6 (Yoast SEO v21.8.1) - https:\/\/yoast.com\/wordpress\/plugins\/seo\/ -->\n<title>Ageless Suero para la piel - LiveGooD Shop<\/title>\n<meta name=\"robots\" content=\"index, follow, max-snippet:-1, max-image-preview:large, max-video-preview:-1\" \/>\n<link rel=\"canonical\" href=\"https:\/\/livegood.network\/shop\/es-es\/product\/ageless-skin-serum-es-es\/\" \/>\n<meta property=\"og:locale\" content=\"en_US\" \/>\n<meta property=\"og:type\" content=\"article\" \/>\n<meta property=\"og:title\" content=\"Ageless Suero para la piel\" \/>\n<meta property=\"og:description\" content=\"Superalimento rico en nutrientes para tu piel  Lleno de antioxidantes naturales  Promover la regeneraci\u00f3n natural del col\u00e1geno\" \/>\n<meta property=\"og:url\" content=\"https:\/\/livegood.network\/shop\/es-es\/product\/ageless-skin-serum-es-es\/\" \/>\n<meta property=\"article:publisher\" content=\"https:\/\/www.facebook.com\/livegoodhello\" \/>\n<meta property=\"article:modified_time\" content=\"2025-04-12T20:43:29+00:00\" \/>\n<meta property=\"og:image\" content=\"https:\/\/livegood.network\/shop\/wp-content\/uploads\/2024\/01\/ageless-anti-aging-serum-sbc-livegood.png\" \/>\n\t<meta property=\"og:image:width\" content=\"720\" \/>\n\t<meta property=\"og:image:height\" content=\"720\" \/>\n\t<meta property=\"og:image:type\" content=\"image\/png\" \/>\n<meta name=\"twitter:card\" content=\"summary_large_image\" \/>\n<meta name=\"twitter:label1\" content=\"Est. reading time\" \/>\n\t<meta name=\"twitter:data1\" content=\"2 minutes\" \/>\n<script type=\"application\/ld+json\" class=\"yoast-schema-graph\">{\"@context\":\"https:\/\/schema.org\",\"@graph\":[{\"@type\":\"WebPage\",\"@id\":\"https:\/\/livegood.network\/shop\/es-es\/product\/ageless-skin-serum-es-es\/\",\"url\":\"https:\/\/livegood.network\/shop\/es-es\/product\/ageless-skin-serum-es-es\/\",\"name\":\"Ageless Suero para la piel - LiveGooD Shop\",\"isPartOf\":{\"@id\":\"https:\/\/livegood.network\/shop\/#website\"},\"datePublished\":\"2024-01-23T19:24:20+00:00\",\"dateModified\":\"2025-04-12T20:43:29+00:00\",\"breadcrumb\":{\"@id\":\"https:\/\/livegood.network\/shop\/es-es\/product\/ageless-skin-serum-es-es\/#breadcrumb\"},\"inLanguage\":\"en-US\",\"potentialAction\":[{\"@type\":\"ReadAction\",\"target\":[\"https:\/\/livegood.network\/shop\/es-es\/product\/ageless-skin-serum-es-es\/\"]}]},{\"@type\":\"BreadcrumbList\",\"@id\":\"https:\/\/livegood.network\/shop\/es-es\/product\/ageless-skin-serum-es-es\/#breadcrumb\",\"itemListElement\":[{\"@type\":\"ListItem\",\"position\":1,\"name\":\"Home\",\"item\":\"https:\/\/livegood.network\/shop\/pt-br\/\"},{\"@type\":\"ListItem\",\"position\":2,\"name\":\"Shop\",\"item\":\"https:\/\/livegood.network\/shop\/shop\/\"},{\"@type\":\"ListItem\",\"position\":3,\"name\":\"Ageless Suero para la piel\"}]},{\"@type\":\"WebSite\",\"@id\":\"https:\/\/livegood.network\/shop\/#website\",\"url\":\"https:\/\/livegood.network\/shop\/\",\"name\":\"LiveGooD Shop\",\"description\":\"\",\"publisher\":{\"@id\":\"https:\/\/livegood.network\/shop\/#organization\"},\"potentialAction\":[{\"@type\":\"SearchAction\",\"target\":{\"@type\":\"EntryPoint\",\"urlTemplate\":\"https:\/\/livegood.network\/shop\/?s={search_term_string}\"},\"query-input\":\"required name=search_term_string\"}],\"inLanguage\":\"en-US\"},{\"@type\":\"Organization\",\"@id\":\"https:\/\/livegood.network\/shop\/#organization\",\"name\":\"LiveGooD\",\"url\":\"https:\/\/livegood.network\/shop\/\",\"logo\":{\"@type\":\"ImageObject\",\"inLanguage\":\"en-US\",\"@id\":\"https:\/\/livegood.network\/shop\/#\/schema\/logo\/image\/\",\"url\":\"https:\/\/livegood.network\/shop\/wp-content\/uploads\/2024\/01\/logo-livegood-shop-main.png\",\"contentUrl\":\"https:\/\/livegood.network\/shop\/wp-content\/uploads\/2024\/01\/logo-livegood-shop-main.png\",\"width\":373,\"height\":115,\"caption\":\"LiveGooD\"},\"image\":{\"@id\":\"https:\/\/livegood.network\/shop\/#\/schema\/logo\/image\/\"},\"sameAs\":[\"https:\/\/www.facebook.com\/livegoodhello\"]}]}<\/script>\n<!-- \/ Yoast SEO Premium plugin. -->","yoast_head_json":{"title":"Ageless Suero para la piel - LiveGooD Shop","robots":{"index":"index","follow":"follow","max-snippet":"max-snippet:-1","max-image-preview":"max-image-preview:large","max-video-preview":"max-video-preview:-1"},"canonical":"https:\/\/livegood.network\/shop\/es-es\/product\/ageless-skin-serum-es-es\/","og_locale":"en_US","og_type":"article","og_title":"Ageless Suero para la piel","og_description":"Superalimento rico en nutrientes para tu piel  Lleno de antioxidantes naturales  Promover la regeneraci\u00f3n natural del col\u00e1geno","og_url":"https:\/\/livegood.network\/shop\/es-es\/product\/ageless-skin-serum-es-es\/","article_publisher":"https:\/\/www.facebook.com\/livegoodhello","article_modified_time":"2025-04-12T20:43:29+00:00","og_image":[{"width":720,"height":720,"url":"https:\/\/livegood.network\/shop\/wp-content\/uploads\/2024\/01\/ageless-anti-aging-serum-sbc-livegood.png","type":"image\/png"}],"twitter_card":"summary_large_image","twitter_misc":{"Est. reading time":"2 minutes"},"schema":{"@context":"https:\/\/schema.org","@graph":[{"@type":"WebPage","@id":"https:\/\/livegood.network\/shop\/es-es\/product\/ageless-skin-serum-es-es\/","url":"https:\/\/livegood.network\/shop\/es-es\/product\/ageless-skin-serum-es-es\/","name":"Ageless Suero para la piel - LiveGooD Shop","isPartOf":{"@id":"https:\/\/livegood.network\/shop\/#website"},"datePublished":"2024-01-23T19:24:20+00:00","dateModified":"2025-04-12T20:43:29+00:00","breadcrumb":{"@id":"https:\/\/livegood.network\/shop\/es-es\/product\/ageless-skin-serum-es-es\/#breadcrumb"},"inLanguage":"en-US","potentialAction":[{"@type":"ReadAction","target":["https:\/\/livegood.network\/shop\/es-es\/product\/ageless-skin-serum-es-es\/"]}]},{"@type":"BreadcrumbList","@id":"https:\/\/livegood.network\/shop\/es-es\/product\/ageless-skin-serum-es-es\/#breadcrumb","itemListElement":[{"@type":"ListItem","position":1,"name":"Home","item":"https:\/\/livegood.network\/shop\/pt-br\/"},{"@type":"ListItem","position":2,"name":"Shop","item":"https:\/\/livegood.network\/shop\/shop\/"},{"@type":"ListItem","position":3,"name":"Ageless Suero para la piel"}]},{"@type":"WebSite","@id":"https:\/\/livegood.network\/shop\/#website","url":"https:\/\/livegood.network\/shop\/","name":"LiveGooD Shop","description":"","publisher":{"@id":"https:\/\/livegood.network\/shop\/#organization"},"potentialAction":[{"@type":"SearchAction","target":{"@type":"EntryPoint","urlTemplate":"https:\/\/livegood.network\/shop\/?s={search_term_string}"},"query-input":"required name=search_term_string"}],"inLanguage":"en-US"},{"@type":"Organization","@id":"https:\/\/livegood.network\/shop\/#organization","name":"LiveGooD","url":"https:\/\/livegood.network\/shop\/","logo":{"@type":"ImageObject","inLanguage":"en-US","@id":"https:\/\/livegood.network\/shop\/#\/schema\/logo\/image\/","url":"https:\/\/livegood.network\/shop\/wp-content\/uploads\/2024\/01\/logo-livegood-shop-main.png","contentUrl":"https:\/\/livegood.network\/shop\/wp-content\/uploads\/2024\/01\/logo-livegood-shop-main.png","width":373,"height":115,"caption":"LiveGooD"},"image":{"@id":"https:\/\/livegood.network\/shop\/#\/schema\/logo\/image\/"},"sameAs":["https:\/\/www.facebook.com\/livegoodhello"]}]}},"lang":"es-es","translations":{"es-es":634,"en-us":244,"fr-fr":632,"pt-pt":636,"pt-br":639,"vi":641,"ru-ru":642,"ko":643},"pll_sync_post":[],"_links":{"self":[{"href":"https:\/\/livegood.network\/shop\/wp-json\/wp\/v2\/product\/634","targetHints":{"allow":["GET"]}}],"collection":[{"href":"https:\/\/livegood.network\/shop\/wp-json\/wp\/v2\/product"}],"about":[{"href":"https:\/\/livegood.network\/shop\/wp-json\/wp\/v2\/types\/product"}],"replies":[{"embeddable":true,"href":"https:\/\/livegood.network\/shop\/wp-json\/wp\/v2\/comments?post=634"}],"version-history":[{"count":1,"href":"https:\/\/livegood.network\/shop\/wp-json\/wp\/v2\/product\/634\/revisions"}],"predecessor-version":[{"id":1668,"href":"https:\/\/livegood.network\/shop\/wp-json\/wp\/v2\/product\/634\/revisions\/1668"}],"wp:featuredmedia":[{"embeddable":true,"href":"https:\/\/livegood.network\/shop\/wp-json\/wp\/v2\/media\/235"}],"wp:attachment":[{"href":"https:\/\/livegood.network\/shop\/wp-json\/wp\/v2\/media?parent=634"}],"wp:term":[{"taxonomy":"product_brand","embeddable":true,"href":"https:\/\/livegood.network\/shop\/wp-json\/wp\/v2\/product_brand?post=634"},{"taxonomy":"product_cat","embeddable":true,"href":"https:\/\/livegood.network\/shop\/wp-json\/wp\/v2\/product_cat?post=634"},{"taxonomy":"product_tag","embeddable":true,"href":"https:\/\/livegood.network\/shop\/wp-json\/wp\/v2\/product_tag?post=634"}],"curies":[{"name":"wp","href":"https:\/\/api.w.org\/{rel}","templated":true}]}}