{"id":639,"date":"2024-01-23T19:33:09","date_gmt":"2024-01-23T19:33:09","guid":{"rendered":"https:\/\/livegood.network\/shop\/?post_type=product&#038;p=639"},"modified":"2025-04-12T20:43:29","modified_gmt":"2025-04-12T20:43:29","slug":"ageless-skin-serum-pt-br","status":"publish","type":"product","link":"https:\/\/livegood.network\/shop\/pt-br\/product\/ageless-skin-serum-pt-br\/","title":{"rendered":"Ageless S\u00e9rum para pele"},"content":{"rendered":"<p><strong>S\u00e9rum para pele sem idade<\/strong><\/p>\n<p><em>A abordagem cient\u00edfica para conseguir uma pele bonita<\/em><\/p>\n<p>A base de uma pele vibrante \u00e9 a sua composi\u00e7\u00e3o de 75% de col\u00e1geno.\u00a0N\u00edveis ideais de col\u00e1geno contribuem para a apar\u00eancia jovem e preenchida da pele.\u00a0No entanto, \u00e0 medida que envelhecemos, a produ\u00e7\u00e3o de col\u00e1geno diminui naturalmente.\u00a0Esta diminui\u00e7\u00e3o na s\u00edntese de col\u00e1geno resulta no esgotamento dos n\u00edveis saud\u00e1veis \u200b\u200bde col\u00e1geno e no surgimento de rugas indesej\u00e1veis, conferindo \u00e0 pele uma apar\u00eancia envelhecida.<\/p>\n<p>Ageless se destaca como o PRIMEIRO e \u00daNICO produto desse tipo projetado n\u00e3o apenas para estimular a regenera\u00e7\u00e3o inata do col\u00e1geno do corpo, mas tamb\u00e9m para incorporar extratos de 12 das frutas e vegetais mais ricos em nutrientes do mundo.\u00a0Esta formula\u00e7\u00e3o \u00fanica garante resultados superiores de rejuvenescimento da pele, superando qualquer outro produto atualmente dispon\u00edvel no mercado!<\/p>\n<p>Conte\u00fado antioxidante incompar\u00e1vel em compara\u00e7\u00e3o com outros produtos para cuidados com a pele!<\/p>\n<p>Aproveitando extratos de 12 das frutas e vegetais mais ricos em nutrientes do mundo, cuidadosamente obtidos das origens mais puras em locais imaculados do mundo, a f\u00f3rmula totalmente natural de Ageless pode ser comparada a um superalimento repleto de nutrientes para a sua pele!<\/p>\n<p><em><strong>Excedendo 1 milh\u00e3o de garrafas vendidas<\/strong><\/em><\/p>\n<p>Ao longo da \u00faltima d\u00e9cada, Ageless tem sido consistentemente classificado entre os produtos premium de cuidados da pele mais vendidos na ind\u00fastria.\u00a0Agora, com o modelo LiveGood, voc\u00ea tem a oportunidade de adquirir exatamente esse produto, que antes custava US$ 59,95 a garrafa, por apenas uma fra\u00e7\u00e3o desse custo.<\/p>\n","protected":false},"excerpt":{"rendered":"<p><img decoding=\"async\" class=\"emoji\" role=\"img\" draggable=\"false\" src=\"https:\/\/s.w.org\/images\/core\/emoji\/14.0.0\/svg\/1f49a.svg\" alt=\"LiveGooD Love\" \/> Superalimento rico em nutrientes para a sua pele<br \/>\n<img decoding=\"async\" class=\"emoji\" role=\"img\" draggable=\"false\" src=\"https:\/\/s.w.org\/images\/core\/emoji\/14.0.0\/svg\/1f49a.svg\" alt=\"LiveGooD Love\" \/> Embalado com antioxidantes naturais<br \/>\n<img decoding=\"async\" class=\"emoji\" role=\"img\" draggable=\"false\" src=\"https:\/\/s.w.org\/images\/core\/emoji\/14.0.0\/svg\/1f49a.svg\" alt=\"LiveGooD Love\" \/> Promover a regenera\u00e7\u00e3o natural do col\u00e1geno<\/p>\n","protected":false},"featured_media":235,"comment_status":"open","ping_status":"closed","template":"","meta":[],"product_brand":[],"product_cat":[92,129],"product_tag":[],"class_list":{"0":"post-639","1":"product","2":"type-product","3":"status-publish","4":"has-post-thumbnail","6":"product_cat-ageless-skin-pt-br","7":"product_cat-women-pt-br","9":"first","10":"instock","11":"sale","12":"shipping-taxable","13":"product-type-external"},"yoast_head":"<!-- This site is optimized with the Yoast SEO Premium plugin v20.6 (Yoast SEO v21.8.1) - https:\/\/yoast.com\/wordpress\/plugins\/seo\/ -->\n<title>Ageless S\u00e9rum para pele - LiveGooD Shop<\/title>\n<meta name=\"robots\" content=\"index, follow, max-snippet:-1, max-image-preview:large, max-video-preview:-1\" \/>\n<link rel=\"canonical\" href=\"https:\/\/livegood.network\/shop\/pt-br\/product\/ageless-skin-serum-pt-br\/\" \/>\n<meta property=\"og:locale\" content=\"en_US\" \/>\n<meta property=\"og:type\" content=\"article\" \/>\n<meta property=\"og:title\" content=\"Ageless S\u00e9rum para pele\" \/>\n<meta property=\"og:description\" content=\"Superalimento rico em nutrientes para a sua pele  Embalado com antioxidantes naturais  Promover a regenera\u00e7\u00e3o natural do col\u00e1geno\" \/>\n<meta property=\"og:url\" content=\"https:\/\/livegood.network\/shop\/pt-br\/product\/ageless-skin-serum-pt-br\/\" \/>\n<meta property=\"article:publisher\" content=\"https:\/\/www.facebook.com\/livegoodhello\" \/>\n<meta property=\"article:modified_time\" content=\"2025-04-12T20:43:29+00:00\" \/>\n<meta property=\"og:image\" content=\"https:\/\/livegood.network\/shop\/wp-content\/uploads\/2024\/01\/ageless-anti-aging-serum-sbc-livegood.png\" \/>\n\t<meta property=\"og:image:width\" content=\"720\" \/>\n\t<meta property=\"og:image:height\" content=\"720\" \/>\n\t<meta property=\"og:image:type\" content=\"image\/png\" \/>\n<meta name=\"twitter:card\" content=\"summary_large_image\" \/>\n<meta name=\"twitter:label1\" content=\"Est. reading time\" \/>\n\t<meta name=\"twitter:data1\" content=\"2 minutes\" \/>\n<script type=\"application\/ld+json\" class=\"yoast-schema-graph\">{\"@context\":\"https:\/\/schema.org\",\"@graph\":[{\"@type\":\"WebPage\",\"@id\":\"https:\/\/livegood.network\/shop\/pt-br\/product\/ageless-skin-serum-pt-br\/\",\"url\":\"https:\/\/livegood.network\/shop\/pt-br\/product\/ageless-skin-serum-pt-br\/\",\"name\":\"Ageless S\u00e9rum para pele - LiveGooD Shop\",\"isPartOf\":{\"@id\":\"https:\/\/livegood.network\/shop\/#website\"},\"datePublished\":\"2024-01-23T19:33:09+00:00\",\"dateModified\":\"2025-04-12T20:43:29+00:00\",\"breadcrumb\":{\"@id\":\"https:\/\/livegood.network\/shop\/pt-br\/product\/ageless-skin-serum-pt-br\/#breadcrumb\"},\"inLanguage\":\"en-US\",\"potentialAction\":[{\"@type\":\"ReadAction\",\"target\":[\"https:\/\/livegood.network\/shop\/pt-br\/product\/ageless-skin-serum-pt-br\/\"]}]},{\"@type\":\"BreadcrumbList\",\"@id\":\"https:\/\/livegood.network\/shop\/pt-br\/product\/ageless-skin-serum-pt-br\/#breadcrumb\",\"itemListElement\":[{\"@type\":\"ListItem\",\"position\":1,\"name\":\"Home\",\"item\":\"https:\/\/livegood.network\/shop\/pt-br\/\"},{\"@type\":\"ListItem\",\"position\":2,\"name\":\"Shop\",\"item\":\"https:\/\/livegood.network\/shop\/shop\/\"},{\"@type\":\"ListItem\",\"position\":3,\"name\":\"Ageless S\u00e9rum para pele\"}]},{\"@type\":\"WebSite\",\"@id\":\"https:\/\/livegood.network\/shop\/#website\",\"url\":\"https:\/\/livegood.network\/shop\/\",\"name\":\"LiveGooD Shop\",\"description\":\"\",\"publisher\":{\"@id\":\"https:\/\/livegood.network\/shop\/#organization\"},\"potentialAction\":[{\"@type\":\"SearchAction\",\"target\":{\"@type\":\"EntryPoint\",\"urlTemplate\":\"https:\/\/livegood.network\/shop\/?s={search_term_string}\"},\"query-input\":\"required name=search_term_string\"}],\"inLanguage\":\"en-US\"},{\"@type\":\"Organization\",\"@id\":\"https:\/\/livegood.network\/shop\/#organization\",\"name\":\"LiveGooD\",\"url\":\"https:\/\/livegood.network\/shop\/\",\"logo\":{\"@type\":\"ImageObject\",\"inLanguage\":\"en-US\",\"@id\":\"https:\/\/livegood.network\/shop\/#\/schema\/logo\/image\/\",\"url\":\"https:\/\/livegood.network\/shop\/wp-content\/uploads\/2024\/01\/logo-livegood-shop-main.png\",\"contentUrl\":\"https:\/\/livegood.network\/shop\/wp-content\/uploads\/2024\/01\/logo-livegood-shop-main.png\",\"width\":373,\"height\":115,\"caption\":\"LiveGooD\"},\"image\":{\"@id\":\"https:\/\/livegood.network\/shop\/#\/schema\/logo\/image\/\"},\"sameAs\":[\"https:\/\/www.facebook.com\/livegoodhello\"]}]}<\/script>\n<!-- \/ Yoast SEO Premium plugin. -->","yoast_head_json":{"title":"Ageless S\u00e9rum para pele - LiveGooD Shop","robots":{"index":"index","follow":"follow","max-snippet":"max-snippet:-1","max-image-preview":"max-image-preview:large","max-video-preview":"max-video-preview:-1"},"canonical":"https:\/\/livegood.network\/shop\/pt-br\/product\/ageless-skin-serum-pt-br\/","og_locale":"en_US","og_type":"article","og_title":"Ageless S\u00e9rum para pele","og_description":"Superalimento rico em nutrientes para a sua pele  Embalado com antioxidantes naturais  Promover a regenera\u00e7\u00e3o natural do col\u00e1geno","og_url":"https:\/\/livegood.network\/shop\/pt-br\/product\/ageless-skin-serum-pt-br\/","article_publisher":"https:\/\/www.facebook.com\/livegoodhello","article_modified_time":"2025-04-12T20:43:29+00:00","og_image":[{"width":720,"height":720,"url":"https:\/\/livegood.network\/shop\/wp-content\/uploads\/2024\/01\/ageless-anti-aging-serum-sbc-livegood.png","type":"image\/png"}],"twitter_card":"summary_large_image","twitter_misc":{"Est. reading time":"2 minutes"},"schema":{"@context":"https:\/\/schema.org","@graph":[{"@type":"WebPage","@id":"https:\/\/livegood.network\/shop\/pt-br\/product\/ageless-skin-serum-pt-br\/","url":"https:\/\/livegood.network\/shop\/pt-br\/product\/ageless-skin-serum-pt-br\/","name":"Ageless S\u00e9rum para pele - LiveGooD Shop","isPartOf":{"@id":"https:\/\/livegood.network\/shop\/#website"},"datePublished":"2024-01-23T19:33:09+00:00","dateModified":"2025-04-12T20:43:29+00:00","breadcrumb":{"@id":"https:\/\/livegood.network\/shop\/pt-br\/product\/ageless-skin-serum-pt-br\/#breadcrumb"},"inLanguage":"en-US","potentialAction":[{"@type":"ReadAction","target":["https:\/\/livegood.network\/shop\/pt-br\/product\/ageless-skin-serum-pt-br\/"]}]},{"@type":"BreadcrumbList","@id":"https:\/\/livegood.network\/shop\/pt-br\/product\/ageless-skin-serum-pt-br\/#breadcrumb","itemListElement":[{"@type":"ListItem","position":1,"name":"Home","item":"https:\/\/livegood.network\/shop\/pt-br\/"},{"@type":"ListItem","position":2,"name":"Shop","item":"https:\/\/livegood.network\/shop\/shop\/"},{"@type":"ListItem","position":3,"name":"Ageless S\u00e9rum para pele"}]},{"@type":"WebSite","@id":"https:\/\/livegood.network\/shop\/#website","url":"https:\/\/livegood.network\/shop\/","name":"LiveGooD Shop","description":"","publisher":{"@id":"https:\/\/livegood.network\/shop\/#organization"},"potentialAction":[{"@type":"SearchAction","target":{"@type":"EntryPoint","urlTemplate":"https:\/\/livegood.network\/shop\/?s={search_term_string}"},"query-input":"required name=search_term_string"}],"inLanguage":"en-US"},{"@type":"Organization","@id":"https:\/\/livegood.network\/shop\/#organization","name":"LiveGooD","url":"https:\/\/livegood.network\/shop\/","logo":{"@type":"ImageObject","inLanguage":"en-US","@id":"https:\/\/livegood.network\/shop\/#\/schema\/logo\/image\/","url":"https:\/\/livegood.network\/shop\/wp-content\/uploads\/2024\/01\/logo-livegood-shop-main.png","contentUrl":"https:\/\/livegood.network\/shop\/wp-content\/uploads\/2024\/01\/logo-livegood-shop-main.png","width":373,"height":115,"caption":"LiveGooD"},"image":{"@id":"https:\/\/livegood.network\/shop\/#\/schema\/logo\/image\/"},"sameAs":["https:\/\/www.facebook.com\/livegoodhello"]}]}},"lang":"pt-br","translations":{"pt-br":639,"en-us":244,"fr-fr":632,"es-es":634,"pt-pt":636,"vi":641,"ru-ru":642,"ko":643},"pll_sync_post":[],"_links":{"self":[{"href":"https:\/\/livegood.network\/shop\/wp-json\/wp\/v2\/product\/639","targetHints":{"allow":["GET"]}}],"collection":[{"href":"https:\/\/livegood.network\/shop\/wp-json\/wp\/v2\/product"}],"about":[{"href":"https:\/\/livegood.network\/shop\/wp-json\/wp\/v2\/types\/product"}],"replies":[{"embeddable":true,"href":"https:\/\/livegood.network\/shop\/wp-json\/wp\/v2\/comments?post=639"}],"version-history":[{"count":2,"href":"https:\/\/livegood.network\/shop\/wp-json\/wp\/v2\/product\/639\/revisions"}],"predecessor-version":[{"id":1670,"href":"https:\/\/livegood.network\/shop\/wp-json\/wp\/v2\/product\/639\/revisions\/1670"}],"wp:featuredmedia":[{"embeddable":true,"href":"https:\/\/livegood.network\/shop\/wp-json\/wp\/v2\/media\/235"}],"wp:attachment":[{"href":"https:\/\/livegood.network\/shop\/wp-json\/wp\/v2\/media?parent=639"}],"wp:term":[{"taxonomy":"product_brand","embeddable":true,"href":"https:\/\/livegood.network\/shop\/wp-json\/wp\/v2\/product_brand?post=639"},{"taxonomy":"product_cat","embeddable":true,"href":"https:\/\/livegood.network\/shop\/wp-json\/wp\/v2\/product_cat?post=639"},{"taxonomy":"product_tag","embeddable":true,"href":"https:\/\/livegood.network\/shop\/wp-json\/wp\/v2\/product_tag?post=639"}],"curies":[{"name":"wp","href":"https:\/\/api.w.org\/{rel}","templated":true}]}}