{"id":641,"date":"2024-01-23T20:30:14","date_gmt":"2024-01-23T20:30:14","guid":{"rendered":"https:\/\/livegood.network\/shop\/?post_type=product&#038;p=641"},"modified":"2025-04-12T20:43:29","modified_gmt":"2025-04-12T20:43:29","slug":"ageless-skin-serum-vi","status":"publish","type":"product","link":"https:\/\/livegood.network\/shop\/vi\/product\/ageless-skin-serum-vi\/","title":{"rendered":"Ageless Huy\u1ebft thanh da"},"content":{"rendered":"<p><strong>Serum d\u01b0\u1ee1ng da kh\u00f4ng tu\u1ed5i<\/strong><\/p>\n<p><em>Ph\u01b0\u01a1ng ph\u00e1p khoa h\u1ecdc \u0111\u1ec3 c\u00f3 \u0111\u01b0\u1ee3c l\u00e0n da \u0111\u1eb9p<\/em><\/p>\n<p>N\u1ec1n t\u1ea3ng c\u1ee7a l\u00e0n da s\u1ed1ng \u0111\u1ed9ng l\u00e0 th\u00e0nh ph\u1ea7n c\u1ee7a 75% collagen.\u00a0M\u1ee9c \u0111\u1ed9 collagen t\u1ed1i \u01b0u g\u00f3p ph\u1ea7n mang l\u1ea1i v\u1ebb ngo\u00e0i tr\u1ebb trung, \u0111\u1ea7y \u0111\u1eb7n cho l\u00e0n da.\u00a0Tuy nhi\u00ean, khi ch\u00fang ta gi\u00e0 \u0111i, vi\u1ec7c s\u1ea3n xu\u1ea5t collagen s\u1ebd gi\u1ea3m \u0111i m\u1ed9t c\u00e1ch t\u1ef1 nhi\u00ean.\u00a0S\u1ef1 gi\u1ea3m t\u1ed5ng h\u1ee3p collagen n\u00e0y d\u1eabn \u0111\u1ebfn s\u1ef1 suy gi\u1ea3m l\u01b0\u1ee3ng collagen kh\u1ecfe m\u1ea1nh v\u00e0 xu\u1ea5t hi\u1ec7n c\u00e1c n\u1ebfp nh\u0103n kh\u00f4ng mong mu\u1ed1n, khi\u1ebfn l\u00e0n da tr\u00f4ng gi\u00e0 \u0111i.<\/p>\n<p>Ageless n\u1ed5i b\u1eadt l\u00e0 s\u1ea3n ph\u1ea9m \u0110\u1ea6U TI\u00caN v\u00e0 DUY NH\u1ea4T thu\u1ed9c lo\u1ea1i n\u00e0y \u0111\u01b0\u1ee3c thi\u1ebft k\u1ebf kh\u00f4ng ch\u1ec9 \u0111\u1ec3 k\u00edch th\u00edch t\u00e1i t\u1ea1o collagen b\u1ea9m sinh c\u1ee7a c\u01a1 th\u1ec3 m\u00e0 c\u00f2n k\u1ebft h\u1ee3p chi\u1ebft xu\u1ea5t t\u1eeb \u200b\u200b12 lo\u1ea1i tr\u00e1i c\u00e2y v\u00e0 rau qu\u1ea3 gi\u00e0u dinh d\u01b0\u1ee1ng nh\u1ea5t th\u1ebf gi\u1edbi.\u00a0C\u00f4ng th\u1ee9c \u0111\u1ed9c \u0111\u00e1o n\u00e0y \u0111\u1ea3m b\u1ea3o mang l\u1ea1i k\u1ebft qu\u1ea3 tr\u1ebb h\u00f3a da v\u01b0\u1ee3t tr\u1ed9i, v\u01b0\u1ee3t tr\u1ed9i h\u01a1n b\u1ea5t k\u1ef3 s\u1ea3n ph\u1ea9m n\u00e0o kh\u00e1c hi\u1ec7n c\u00f3 tr\u00ean th\u1ecb tr\u01b0\u1eddng!<\/p>\n<p>H\u00e0m l\u01b0\u1ee3ng ch\u1ea5t ch\u1ed1ng oxy h\u00f3a ch\u01b0a t\u1eebng c\u00f3 so v\u1edbi c\u00e1c s\u1ea3n ph\u1ea9m ch\u0103m s\u00f3c da kh\u00e1c!<\/p>\n<p>Khai th\u00e1c chi\u1ebft xu\u1ea5t t\u1eeb \u200b\u200b12 lo\u1ea1i tr\u00e1i c\u00e2y v\u00e0 rau qu\u1ea3 gi\u00e0u dinh d\u01b0\u1ee1ng nh\u1ea5t th\u1ebf gi\u1edbi, c\u00f3 ngu\u1ed3n g\u1ed1c tinh khi\u1ebft nh\u1ea5t \u1edf nh\u1eefng \u0111\u1ecba \u0111i\u1ec3m nguy\u00ean s\u01a1 tr\u00ean to\u00e0n c\u1ea7u, c\u00f4ng th\u1ee9c ho\u00e0n to\u00e0n t\u1ef1 nhi\u00ean c\u1ee7a Ageless c\u00f3 th\u1ec3 \u0111\u01b0\u1ee3c v\u00ed nh\u01b0 m\u1ed9t si\u00eau th\u1ef1c ph\u1ea9m ch\u1ee9a \u0111\u1ea7y ch\u1ea5t dinh d\u01b0\u1ee1ng cho l\u00e0n da c\u1ee7a b\u1ea1n!<\/p>\n<p><strong>V\u01b0\u1ee3t m\u1ed1c 1 tri\u1ec7u chai \u0111\u01b0\u1ee3c b\u00e1n<\/strong><\/p>\n<p>Trong th\u1eadp k\u1ef7 qua, Ageless li\u00ean t\u1ee5c \u0111\u01b0\u1ee3c x\u1ebfp h\u1ea1ng trong s\u1ed1 c\u00e1c s\u1ea3n ph\u1ea9m ch\u0103m s\u00f3c da cao c\u1ea5p b\u00e1n ch\u1ea1y nh\u1ea5t trong ng\u00e0nh.\u00a0Gi\u1edd \u0111\u00e2y, v\u1edbi m\u00f4 h\u00ecnh LiveGood, b\u1ea1n c\u00f3 c\u01a1 h\u1ed9i mua \u0111\u01b0\u1ee3c s\u1ea3n ph\u1ea9m ch\u00ednh x\u00e1c n\u00e0y, tr\u01b0\u1edbc \u0111\u00e2y c\u00f3 gi\u00e1 59,95 USD m\u1ed7i chai, ch\u1ec9 b\u1eb1ng m\u1ed9t ph\u1ea7n nh\u1ecf chi ph\u00ed \u0111\u00f3.<\/p>\n","protected":false},"excerpt":{"rendered":"<p><img decoding=\"async\" class=\"emoji\" role=\"img\" draggable=\"false\" src=\"https:\/\/s.w.org\/images\/core\/emoji\/14.0.0\/svg\/1f49a.svg\" alt=\"LiveGooD Love\" \/> Si\u00eau th\u1ef1c ph\u1ea9m gi\u00e0u dinh d\u01b0\u1ee1ng cho l\u00e0n da c\u1ee7a b\u1ea1n<br \/>\n<img decoding=\"async\" class=\"emoji\" role=\"img\" draggable=\"false\" src=\"https:\/\/s.w.org\/images\/core\/emoji\/14.0.0\/svg\/1f49a.svg\" alt=\"LiveGooD Love\" \/> Ch\u1ee9a nhi\u1ec1u ch\u1ea5t ch\u1ed1ng oxy h\u00f3a t\u1ef1 nhi\u00ean<br \/>\n<img decoding=\"async\" class=\"emoji\" role=\"img\" draggable=\"false\" src=\"https:\/\/s.w.org\/images\/core\/emoji\/14.0.0\/svg\/1f49a.svg\" alt=\"LiveGooD Love\" \/> Th\u00fac \u0111\u1ea9y qu\u00e1 tr\u00ecnh t\u00e1i t\u1ea1o t\u1ef1 nhi\u00ean c\u1ee7a Collagen<\/p>\n","protected":false},"featured_media":235,"comment_status":"open","ping_status":"closed","template":"","meta":[],"product_brand":[],"product_cat":[114,121],"product_tag":[],"class_list":{"0":"post-641","1":"product","2":"type-product","3":"status-publish","4":"has-post-thumbnail","6":"product_cat-ageless-skin-vi","7":"product_cat-women-vi","9":"first","10":"instock","11":"sale","12":"shipping-taxable","13":"product-type-external"},"yoast_head":"<!-- This site is optimized with the Yoast SEO Premium plugin v20.6 (Yoast SEO v21.8.1) - https:\/\/yoast.com\/wordpress\/plugins\/seo\/ -->\n<title>Ageless Huy\u1ebft thanh da - LiveGooD Shop<\/title>\n<meta name=\"robots\" content=\"index, follow, max-snippet:-1, max-image-preview:large, max-video-preview:-1\" \/>\n<link rel=\"canonical\" href=\"https:\/\/livegood.network\/shop\/vi\/product\/ageless-skin-serum-vi\/\" \/>\n<meta property=\"og:locale\" content=\"en_US\" \/>\n<meta property=\"og:type\" content=\"article\" \/>\n<meta property=\"og:title\" content=\"Ageless Huy\u1ebft thanh da\" \/>\n<meta property=\"og:description\" content=\"Si\u00eau th\u1ef1c ph\u1ea9m gi\u00e0u dinh d\u01b0\u1ee1ng cho l\u00e0n da c\u1ee7a b\u1ea1n  Ch\u1ee9a nhi\u1ec1u ch\u1ea5t ch\u1ed1ng oxy h\u00f3a t\u1ef1 nhi\u00ean  Th\u00fac \u0111\u1ea9y qu\u00e1 tr\u00ecnh t\u00e1i t\u1ea1o t\u1ef1 nhi\u00ean c\u1ee7a Collagen\" \/>\n<meta property=\"og:url\" content=\"https:\/\/livegood.network\/shop\/vi\/product\/ageless-skin-serum-vi\/\" \/>\n<meta property=\"article:publisher\" content=\"https:\/\/www.facebook.com\/livegoodhello\" \/>\n<meta property=\"article:modified_time\" content=\"2025-04-12T20:43:29+00:00\" \/>\n<meta property=\"og:image\" content=\"https:\/\/livegood.network\/shop\/wp-content\/uploads\/2024\/01\/ageless-anti-aging-serum-sbc-livegood.png\" \/>\n\t<meta property=\"og:image:width\" content=\"720\" \/>\n\t<meta property=\"og:image:height\" content=\"720\" \/>\n\t<meta property=\"og:image:type\" content=\"image\/png\" \/>\n<meta name=\"twitter:card\" content=\"summary_large_image\" \/>\n<meta name=\"twitter:label1\" content=\"Est. reading time\" \/>\n\t<meta name=\"twitter:data1\" content=\"2 minutes\" \/>\n<script type=\"application\/ld+json\" class=\"yoast-schema-graph\">{\"@context\":\"https:\/\/schema.org\",\"@graph\":[{\"@type\":\"WebPage\",\"@id\":\"https:\/\/livegood.network\/shop\/vi\/product\/ageless-skin-serum-vi\/\",\"url\":\"https:\/\/livegood.network\/shop\/vi\/product\/ageless-skin-serum-vi\/\",\"name\":\"Ageless Huy\u1ebft thanh da - LiveGooD Shop\",\"isPartOf\":{\"@id\":\"https:\/\/livegood.network\/shop\/#website\"},\"datePublished\":\"2024-01-23T20:30:14+00:00\",\"dateModified\":\"2025-04-12T20:43:29+00:00\",\"breadcrumb\":{\"@id\":\"https:\/\/livegood.network\/shop\/vi\/product\/ageless-skin-serum-vi\/#breadcrumb\"},\"inLanguage\":\"en-US\",\"potentialAction\":[{\"@type\":\"ReadAction\",\"target\":[\"https:\/\/livegood.network\/shop\/vi\/product\/ageless-skin-serum-vi\/\"]}]},{\"@type\":\"BreadcrumbList\",\"@id\":\"https:\/\/livegood.network\/shop\/vi\/product\/ageless-skin-serum-vi\/#breadcrumb\",\"itemListElement\":[{\"@type\":\"ListItem\",\"position\":1,\"name\":\"Home\",\"item\":\"https:\/\/livegood.network\/shop\/pt-br\/\"},{\"@type\":\"ListItem\",\"position\":2,\"name\":\"Shop\",\"item\":\"https:\/\/livegood.network\/shop\/shop\/\"},{\"@type\":\"ListItem\",\"position\":3,\"name\":\"Ageless Huy\u1ebft thanh da\"}]},{\"@type\":\"WebSite\",\"@id\":\"https:\/\/livegood.network\/shop\/#website\",\"url\":\"https:\/\/livegood.network\/shop\/\",\"name\":\"LiveGooD Shop\",\"description\":\"\",\"publisher\":{\"@id\":\"https:\/\/livegood.network\/shop\/#organization\"},\"potentialAction\":[{\"@type\":\"SearchAction\",\"target\":{\"@type\":\"EntryPoint\",\"urlTemplate\":\"https:\/\/livegood.network\/shop\/?s={search_term_string}\"},\"query-input\":\"required name=search_term_string\"}],\"inLanguage\":\"en-US\"},{\"@type\":\"Organization\",\"@id\":\"https:\/\/livegood.network\/shop\/#organization\",\"name\":\"LiveGooD\",\"url\":\"https:\/\/livegood.network\/shop\/\",\"logo\":{\"@type\":\"ImageObject\",\"inLanguage\":\"en-US\",\"@id\":\"https:\/\/livegood.network\/shop\/#\/schema\/logo\/image\/\",\"url\":\"https:\/\/livegood.network\/shop\/wp-content\/uploads\/2024\/01\/logo-livegood-shop-main.png\",\"contentUrl\":\"https:\/\/livegood.network\/shop\/wp-content\/uploads\/2024\/01\/logo-livegood-shop-main.png\",\"width\":373,\"height\":115,\"caption\":\"LiveGooD\"},\"image\":{\"@id\":\"https:\/\/livegood.network\/shop\/#\/schema\/logo\/image\/\"},\"sameAs\":[\"https:\/\/www.facebook.com\/livegoodhello\"]}]}<\/script>\n<!-- \/ Yoast SEO Premium plugin. -->","yoast_head_json":{"title":"Ageless Huy\u1ebft thanh da - LiveGooD Shop","robots":{"index":"index","follow":"follow","max-snippet":"max-snippet:-1","max-image-preview":"max-image-preview:large","max-video-preview":"max-video-preview:-1"},"canonical":"https:\/\/livegood.network\/shop\/vi\/product\/ageless-skin-serum-vi\/","og_locale":"en_US","og_type":"article","og_title":"Ageless Huy\u1ebft thanh da","og_description":"Si\u00eau th\u1ef1c ph\u1ea9m gi\u00e0u dinh d\u01b0\u1ee1ng cho l\u00e0n da c\u1ee7a b\u1ea1n  Ch\u1ee9a nhi\u1ec1u ch\u1ea5t ch\u1ed1ng oxy h\u00f3a t\u1ef1 nhi\u00ean  Th\u00fac \u0111\u1ea9y qu\u00e1 tr\u00ecnh t\u00e1i t\u1ea1o t\u1ef1 nhi\u00ean c\u1ee7a Collagen","og_url":"https:\/\/livegood.network\/shop\/vi\/product\/ageless-skin-serum-vi\/","article_publisher":"https:\/\/www.facebook.com\/livegoodhello","article_modified_time":"2025-04-12T20:43:29+00:00","og_image":[{"width":720,"height":720,"url":"https:\/\/livegood.network\/shop\/wp-content\/uploads\/2024\/01\/ageless-anti-aging-serum-sbc-livegood.png","type":"image\/png"}],"twitter_card":"summary_large_image","twitter_misc":{"Est. reading time":"2 minutes"},"schema":{"@context":"https:\/\/schema.org","@graph":[{"@type":"WebPage","@id":"https:\/\/livegood.network\/shop\/vi\/product\/ageless-skin-serum-vi\/","url":"https:\/\/livegood.network\/shop\/vi\/product\/ageless-skin-serum-vi\/","name":"Ageless Huy\u1ebft thanh da - LiveGooD Shop","isPartOf":{"@id":"https:\/\/livegood.network\/shop\/#website"},"datePublished":"2024-01-23T20:30:14+00:00","dateModified":"2025-04-12T20:43:29+00:00","breadcrumb":{"@id":"https:\/\/livegood.network\/shop\/vi\/product\/ageless-skin-serum-vi\/#breadcrumb"},"inLanguage":"en-US","potentialAction":[{"@type":"ReadAction","target":["https:\/\/livegood.network\/shop\/vi\/product\/ageless-skin-serum-vi\/"]}]},{"@type":"BreadcrumbList","@id":"https:\/\/livegood.network\/shop\/vi\/product\/ageless-skin-serum-vi\/#breadcrumb","itemListElement":[{"@type":"ListItem","position":1,"name":"Home","item":"https:\/\/livegood.network\/shop\/pt-br\/"},{"@type":"ListItem","position":2,"name":"Shop","item":"https:\/\/livegood.network\/shop\/shop\/"},{"@type":"ListItem","position":3,"name":"Ageless Huy\u1ebft thanh da"}]},{"@type":"WebSite","@id":"https:\/\/livegood.network\/shop\/#website","url":"https:\/\/livegood.network\/shop\/","name":"LiveGooD Shop","description":"","publisher":{"@id":"https:\/\/livegood.network\/shop\/#organization"},"potentialAction":[{"@type":"SearchAction","target":{"@type":"EntryPoint","urlTemplate":"https:\/\/livegood.network\/shop\/?s={search_term_string}"},"query-input":"required name=search_term_string"}],"inLanguage":"en-US"},{"@type":"Organization","@id":"https:\/\/livegood.network\/shop\/#organization","name":"LiveGooD","url":"https:\/\/livegood.network\/shop\/","logo":{"@type":"ImageObject","inLanguage":"en-US","@id":"https:\/\/livegood.network\/shop\/#\/schema\/logo\/image\/","url":"https:\/\/livegood.network\/shop\/wp-content\/uploads\/2024\/01\/logo-livegood-shop-main.png","contentUrl":"https:\/\/livegood.network\/shop\/wp-content\/uploads\/2024\/01\/logo-livegood-shop-main.png","width":373,"height":115,"caption":"LiveGooD"},"image":{"@id":"https:\/\/livegood.network\/shop\/#\/schema\/logo\/image\/"},"sameAs":["https:\/\/www.facebook.com\/livegoodhello"]}]}},"lang":"vi","translations":{"vi":641,"en-us":244,"fr-fr":632,"es-es":634,"pt-pt":636,"pt-br":639,"ru-ru":642,"ko":643},"pll_sync_post":[],"_links":{"self":[{"href":"https:\/\/livegood.network\/shop\/wp-json\/wp\/v2\/product\/641","targetHints":{"allow":["GET"]}}],"collection":[{"href":"https:\/\/livegood.network\/shop\/wp-json\/wp\/v2\/product"}],"about":[{"href":"https:\/\/livegood.network\/shop\/wp-json\/wp\/v2\/types\/product"}],"replies":[{"embeddable":true,"href":"https:\/\/livegood.network\/shop\/wp-json\/wp\/v2\/comments?post=641"}],"version-history":[{"count":1,"href":"https:\/\/livegood.network\/shop\/wp-json\/wp\/v2\/product\/641\/revisions"}],"predecessor-version":[{"id":1673,"href":"https:\/\/livegood.network\/shop\/wp-json\/wp\/v2\/product\/641\/revisions\/1673"}],"wp:featuredmedia":[{"embeddable":true,"href":"https:\/\/livegood.network\/shop\/wp-json\/wp\/v2\/media\/235"}],"wp:attachment":[{"href":"https:\/\/livegood.network\/shop\/wp-json\/wp\/v2\/media?parent=641"}],"wp:term":[{"taxonomy":"product_brand","embeddable":true,"href":"https:\/\/livegood.network\/shop\/wp-json\/wp\/v2\/product_brand?post=641"},{"taxonomy":"product_cat","embeddable":true,"href":"https:\/\/livegood.network\/shop\/wp-json\/wp\/v2\/product_cat?post=641"},{"taxonomy":"product_tag","embeddable":true,"href":"https:\/\/livegood.network\/shop\/wp-json\/wp\/v2\/product_tag?post=641"}],"curies":[{"name":"wp","href":"https:\/\/api.w.org\/{rel}","templated":true}]}}