{"id":647,"date":"2024-01-23T20:40:47","date_gmt":"2024-01-23T20:40:47","guid":{"rendered":"https:\/\/livegood.network\/shop\/?post_type=product&#038;p=647"},"modified":"2024-02-01T20:35:59","modified_gmt":"2024-02-01T20:35:59","slug":"am-pm-patch-pack-fr-fr","status":"publish","type":"product","link":"https:\/\/livegood.network\/shop\/fr-fr\/product\/am-pm-patch-pack-fr-fr\/","title":{"rendered":"AM\/PM Pack de Correctifs"},"content":{"rendered":"<p><strong>Pack de correctifs AM\/PM<\/strong><\/p>\n<p>LiveGood pr\u00e9sente son Patch Duo, m\u00e9ticuleusement con\u00e7u pour fournir une puissante combinaison d&#8217;ingr\u00e9dients naturels hautement absorbables directement \u00e0 travers la peau et dans la circulation sanguine.\u00a0Cette approche innovante procure un coup de pouce soutenu et rajeunissant, garantissant des effets durables pendant des heures.<\/p>\n<p>Nos patchs sont enrichis d&#8217;un m\u00e9lange dynamique de vitamines, de min\u00e9raux et d&#8217;extraits botaniques, agissant en harmonie pour revigorer le corps.\u00a0La formule compl\u00e8te contribue \u00e0 des niveaux d&#8217;\u00e9nergie sains, favorise une humeur positive, am\u00e9liore la concentration et soutient la performance globale.\u00a0De plus, les patchs aident \u00e0 lutter contre la fatigue, vous permettant de conqu\u00e9rir la journ\u00e9e avec vitalit\u00e9.<\/p>\n<p>L&#8217;application est simple : d\u00e9collez le patch du support et collez-le directement sur une zone de peau peu poilue, comme l&#8217;int\u00e9rieur du poignet, de la hanche, de l&#8217;\u00e9paule ou de la cheville.\u00a0Il est essentiel de nettoyer et de s\u00e9cher la peau au pr\u00e9alable, car la pr\u00e9sence d&#8217;huiles, de cr\u00e8mes ou de lotions peut compromettre l&#8217;adh\u00e9sivit\u00e9 et les performances.<\/p>\n<p>Les effets des patchs LiveGood se manifestent g\u00e9n\u00e9ralement dans les 30 minutes environ suivant l&#8217;application.\u00a0Apr\u00e8s 8 heures, retirez et jetez le patch, en \u00e9vitant de r\u00e9utiliser un patch d\u00e9j\u00e0 utilis\u00e9.<\/p>\n<p>Le Patch \u00c9nergie et Concentration peut \u00eatre appliqu\u00e9 \u00e0 tout moment de la matin\u00e9e ou tout au long de la journ\u00e9e, apportant un coup de fouet revitalisant.\u00a0En revanche, le Sleep Patch s\u2019applique id\u00e9alement 30 minutes avant le coucher, facilitant ainsi un sommeil r\u00e9parateur.\u00a0D\u00e9couvrez les avantages synergiques de notre AM\/PM Patch Duo pour une approche compl\u00e8te pour dynamiser votre journ\u00e9e et favoriser un sommeil r\u00e9parateur la nuit.<\/p>\n<hr \/>\n<p><strong>Que contient le pack de correctifs AM\/PM\u00a0?<\/strong><\/p>\n<hr \/>\n<p><a href=\"https:\/\/livegood.network\/shop\/fr-fr\/product\/sleep-patches-fr-fr\/\"><img decoding=\"async\" class=\"alignnone wp-image-185\" src=\"https:\/\/livegood.network\/shop\/wp-content\/uploads\/2024\/01\/sleep-patches-front-livegood.png\" alt=\"Patchs de sommeil Livegood\" width=\"83\" height=\"83\" \/><\/a><\/p>\n<p><a href=\"https:\/\/livegood.network\/shop\/fr-fr\/product\/sleep-patches-fr-fr\/\"><strong>Patchs de sommeil<\/strong><\/a><\/p>\n<p>LiveGood pr\u00e9sente ses patchs pour un sommeil sain, compos\u00e9s d&#8217;un m\u00e9lange distinctif d&#8217;ingr\u00e9dients naturels hautement absorbables.\u00a0Ces patchs sont con\u00e7us pour offrir une solution rapide et durable, favorisant un sommeil profond, r\u00e9parateur et de haute qualit\u00e9 en infusant directement des composants essentiels \u00e0 travers la peau et dans la circulation sanguine.<\/p>\n<hr \/>\n<p><a href=\"https:\/\/livegood.network\/shop\/fr-fr\/product\/energy-and-focus-patches-fr-fr\/\"><img decoding=\"async\" class=\"alignnone wp-image-185\" src=\"https:\/\/livegood.network\/shop\/wp-content\/uploads\/2024\/01\/energy-and-focus-patches-front-livegood.png\" alt=\"Patchs d'\u00e9nergie et de concentration Livegood\" width=\"83\" height=\"83\" \/><\/a><\/p>\n<p><a href=\"https:\/\/livegood.network\/shop\/fr-fr\/product\/energy-and-focus-patches-fr-fr\/\"><strong>Patchs d&#8217;\u00e9nergie et de concentration<\/strong><\/a><\/p>\n<p>Les patchs Energy et Focus de LiveGood offrent une combinaison distinctive d&#8217;ingr\u00e9dients naturels, sains et facilement absorbables, d\u00e9livr\u00e9s directement \u00e0 travers la peau et dans la circulation sanguine.\u00a0Il en r\u00e9sulte une explosion d\u2019\u00e9nergie soutenue et revitalisante qui dure des heures.<\/p>\n<hr \/>\n<p>&nbsp;<\/p>\n","protected":false},"excerpt":{"rendered":"<p><img decoding=\"async\" class=\"emoji\" role=\"img\" draggable=\"false\" src=\"https:\/\/s.w.org\/images\/core\/emoji\/14.0.0\/svg\/1f49a.svg\" alt=\"????\" \/> Pack de Patchs Energie et Concentration<br \/>\n<img decoding=\"async\" class=\"emoji\" role=\"img\" draggable=\"false\" src=\"https:\/\/s.w.org\/images\/core\/emoji\/14.0.0\/svg\/1f49a.svg\" alt=\"????\" \/> Pack de Patchs Sommeil<\/p>\n","protected":false},"featured_media":286,"comment_status":"open","ping_status":"closed","template":"","meta":[],"product_brand":[],"product_cat":[207,238],"product_tag":[],"class_list":{"0":"post-647","1":"product","2":"type-product","3":"status-publish","4":"has-post-thumbnail","6":"product_cat-product-packages-fr-fr","7":"product_cat-vitamin-fr-fr","9":"first","10":"instock","11":"sale","12":"shipping-taxable","13":"product-type-external"},"yoast_head":"<!-- This site is optimized with the Yoast SEO Premium plugin v20.6 (Yoast SEO v21.8.1) - https:\/\/yoast.com\/wordpress\/plugins\/seo\/ -->\n<title>AM\/PM Pack de Correctifs - LiveGooD Shop<\/title>\n<meta name=\"robots\" content=\"index, follow, max-snippet:-1, max-image-preview:large, max-video-preview:-1\" \/>\n<link rel=\"canonical\" href=\"https:\/\/livegood.network\/shop\/fr-fr\/product\/am-pm-patch-pack-fr-fr\/\" \/>\n<meta property=\"og:locale\" content=\"en_US\" \/>\n<meta property=\"og:type\" content=\"article\" \/>\n<meta property=\"og:title\" content=\"AM\/PM Pack de Correctifs\" \/>\n<meta property=\"og:description\" content=\"Pack de Patchs Energie et Concentration  Pack de Patchs Sommeil\" \/>\n<meta property=\"og:url\" content=\"https:\/\/livegood.network\/shop\/fr-fr\/product\/am-pm-patch-pack-fr-fr\/\" \/>\n<meta property=\"article:publisher\" content=\"https:\/\/www.facebook.com\/livegoodhello\" \/>\n<meta property=\"article:modified_time\" content=\"2024-02-01T20:35:59+00:00\" \/>\n<meta property=\"og:image\" content=\"https:\/\/livegood.network\/shop\/wp-content\/uploads\/2024\/01\/patches-pack-tile-livegood.png\" \/>\n\t<meta property=\"og:image:width\" content=\"1600\" \/>\n\t<meta property=\"og:image:height\" content=\"1000\" \/>\n\t<meta property=\"og:image:type\" content=\"image\/png\" \/>\n<meta name=\"twitter:card\" content=\"summary_large_image\" \/>\n<meta name=\"twitter:label1\" content=\"Est. reading time\" \/>\n\t<meta name=\"twitter:data1\" content=\"3 minutes\" \/>\n<script type=\"application\/ld+json\" class=\"yoast-schema-graph\">{\"@context\":\"https:\/\/schema.org\",\"@graph\":[{\"@type\":\"WebPage\",\"@id\":\"https:\/\/livegood.network\/shop\/fr-fr\/product\/am-pm-patch-pack-fr-fr\/\",\"url\":\"https:\/\/livegood.network\/shop\/fr-fr\/product\/am-pm-patch-pack-fr-fr\/\",\"name\":\"AM\/PM Pack de Correctifs - LiveGooD Shop\",\"isPartOf\":{\"@id\":\"https:\/\/livegood.network\/shop\/#website\"},\"datePublished\":\"2024-01-23T20:40:47+00:00\",\"dateModified\":\"2024-02-01T20:35:59+00:00\",\"breadcrumb\":{\"@id\":\"https:\/\/livegood.network\/shop\/fr-fr\/product\/am-pm-patch-pack-fr-fr\/#breadcrumb\"},\"inLanguage\":\"en-US\",\"potentialAction\":[{\"@type\":\"ReadAction\",\"target\":[\"https:\/\/livegood.network\/shop\/fr-fr\/product\/am-pm-patch-pack-fr-fr\/\"]}]},{\"@type\":\"BreadcrumbList\",\"@id\":\"https:\/\/livegood.network\/shop\/fr-fr\/product\/am-pm-patch-pack-fr-fr\/#breadcrumb\",\"itemListElement\":[{\"@type\":\"ListItem\",\"position\":1,\"name\":\"Home\",\"item\":\"https:\/\/livegood.network\/shop\/pt-br\/\"},{\"@type\":\"ListItem\",\"position\":2,\"name\":\"Shop\",\"item\":\"https:\/\/livegood.network\/shop\/shop\/\"},{\"@type\":\"ListItem\",\"position\":3,\"name\":\"AM\/PM Pack de Correctifs\"}]},{\"@type\":\"WebSite\",\"@id\":\"https:\/\/livegood.network\/shop\/#website\",\"url\":\"https:\/\/livegood.network\/shop\/\",\"name\":\"LiveGooD Shop\",\"description\":\"\",\"publisher\":{\"@id\":\"https:\/\/livegood.network\/shop\/#organization\"},\"potentialAction\":[{\"@type\":\"SearchAction\",\"target\":{\"@type\":\"EntryPoint\",\"urlTemplate\":\"https:\/\/livegood.network\/shop\/?s={search_term_string}\"},\"query-input\":\"required name=search_term_string\"}],\"inLanguage\":\"en-US\"},{\"@type\":\"Organization\",\"@id\":\"https:\/\/livegood.network\/shop\/#organization\",\"name\":\"LiveGooD\",\"url\":\"https:\/\/livegood.network\/shop\/\",\"logo\":{\"@type\":\"ImageObject\",\"inLanguage\":\"en-US\",\"@id\":\"https:\/\/livegood.network\/shop\/#\/schema\/logo\/image\/\",\"url\":\"https:\/\/livegood.network\/shop\/wp-content\/uploads\/2024\/01\/logo-livegood-shop-main.png\",\"contentUrl\":\"https:\/\/livegood.network\/shop\/wp-content\/uploads\/2024\/01\/logo-livegood-shop-main.png\",\"width\":373,\"height\":115,\"caption\":\"LiveGooD\"},\"image\":{\"@id\":\"https:\/\/livegood.network\/shop\/#\/schema\/logo\/image\/\"},\"sameAs\":[\"https:\/\/www.facebook.com\/livegoodhello\"]}]}<\/script>\n<!-- \/ Yoast SEO Premium plugin. -->","yoast_head_json":{"title":"AM\/PM Pack de Correctifs - LiveGooD Shop","robots":{"index":"index","follow":"follow","max-snippet":"max-snippet:-1","max-image-preview":"max-image-preview:large","max-video-preview":"max-video-preview:-1"},"canonical":"https:\/\/livegood.network\/shop\/fr-fr\/product\/am-pm-patch-pack-fr-fr\/","og_locale":"en_US","og_type":"article","og_title":"AM\/PM Pack de Correctifs","og_description":"Pack de Patchs Energie et Concentration  Pack de Patchs Sommeil","og_url":"https:\/\/livegood.network\/shop\/fr-fr\/product\/am-pm-patch-pack-fr-fr\/","article_publisher":"https:\/\/www.facebook.com\/livegoodhello","article_modified_time":"2024-02-01T20:35:59+00:00","og_image":[{"width":1600,"height":1000,"url":"https:\/\/livegood.network\/shop\/wp-content\/uploads\/2024\/01\/patches-pack-tile-livegood.png","type":"image\/png"}],"twitter_card":"summary_large_image","twitter_misc":{"Est. reading time":"3 minutes"},"schema":{"@context":"https:\/\/schema.org","@graph":[{"@type":"WebPage","@id":"https:\/\/livegood.network\/shop\/fr-fr\/product\/am-pm-patch-pack-fr-fr\/","url":"https:\/\/livegood.network\/shop\/fr-fr\/product\/am-pm-patch-pack-fr-fr\/","name":"AM\/PM Pack de Correctifs - LiveGooD Shop","isPartOf":{"@id":"https:\/\/livegood.network\/shop\/#website"},"datePublished":"2024-01-23T20:40:47+00:00","dateModified":"2024-02-01T20:35:59+00:00","breadcrumb":{"@id":"https:\/\/livegood.network\/shop\/fr-fr\/product\/am-pm-patch-pack-fr-fr\/#breadcrumb"},"inLanguage":"en-US","potentialAction":[{"@type":"ReadAction","target":["https:\/\/livegood.network\/shop\/fr-fr\/product\/am-pm-patch-pack-fr-fr\/"]}]},{"@type":"BreadcrumbList","@id":"https:\/\/livegood.network\/shop\/fr-fr\/product\/am-pm-patch-pack-fr-fr\/#breadcrumb","itemListElement":[{"@type":"ListItem","position":1,"name":"Home","item":"https:\/\/livegood.network\/shop\/pt-br\/"},{"@type":"ListItem","position":2,"name":"Shop","item":"https:\/\/livegood.network\/shop\/shop\/"},{"@type":"ListItem","position":3,"name":"AM\/PM Pack de Correctifs"}]},{"@type":"WebSite","@id":"https:\/\/livegood.network\/shop\/#website","url":"https:\/\/livegood.network\/shop\/","name":"LiveGooD Shop","description":"","publisher":{"@id":"https:\/\/livegood.network\/shop\/#organization"},"potentialAction":[{"@type":"SearchAction","target":{"@type":"EntryPoint","urlTemplate":"https:\/\/livegood.network\/shop\/?s={search_term_string}"},"query-input":"required name=search_term_string"}],"inLanguage":"en-US"},{"@type":"Organization","@id":"https:\/\/livegood.network\/shop\/#organization","name":"LiveGooD","url":"https:\/\/livegood.network\/shop\/","logo":{"@type":"ImageObject","inLanguage":"en-US","@id":"https:\/\/livegood.network\/shop\/#\/schema\/logo\/image\/","url":"https:\/\/livegood.network\/shop\/wp-content\/uploads\/2024\/01\/logo-livegood-shop-main.png","contentUrl":"https:\/\/livegood.network\/shop\/wp-content\/uploads\/2024\/01\/logo-livegood-shop-main.png","width":373,"height":115,"caption":"LiveGooD"},"image":{"@id":"https:\/\/livegood.network\/shop\/#\/schema\/logo\/image\/"},"sameAs":["https:\/\/www.facebook.com\/livegoodhello"]}]}},"lang":"fr-fr","translations":{"fr-fr":647,"ko":653,"en-us":285,"ru-ru":651,"es-es":648,"pt-pt":649,"vi":665,"pt-br":652},"pll_sync_post":[],"_links":{"self":[{"href":"https:\/\/livegood.network\/shop\/wp-json\/wp\/v2\/product\/647","targetHints":{"allow":["GET"]}}],"collection":[{"href":"https:\/\/livegood.network\/shop\/wp-json\/wp\/v2\/product"}],"about":[{"href":"https:\/\/livegood.network\/shop\/wp-json\/wp\/v2\/types\/product"}],"replies":[{"embeddable":true,"href":"https:\/\/livegood.network\/shop\/wp-json\/wp\/v2\/comments?post=647"}],"version-history":[{"count":3,"href":"https:\/\/livegood.network\/shop\/wp-json\/wp\/v2\/product\/647\/revisions"}],"predecessor-version":[{"id":1476,"href":"https:\/\/livegood.network\/shop\/wp-json\/wp\/v2\/product\/647\/revisions\/1476"}],"wp:featuredmedia":[{"embeddable":true,"href":"https:\/\/livegood.network\/shop\/wp-json\/wp\/v2\/media\/286"}],"wp:attachment":[{"href":"https:\/\/livegood.network\/shop\/wp-json\/wp\/v2\/media?parent=647"}],"wp:term":[{"taxonomy":"product_brand","embeddable":true,"href":"https:\/\/livegood.network\/shop\/wp-json\/wp\/v2\/product_brand?post=647"},{"taxonomy":"product_cat","embeddable":true,"href":"https:\/\/livegood.network\/shop\/wp-json\/wp\/v2\/product_cat?post=647"},{"taxonomy":"product_tag","embeddable":true,"href":"https:\/\/livegood.network\/shop\/wp-json\/wp\/v2\/product_tag?post=647"}],"curies":[{"name":"wp","href":"https:\/\/api.w.org\/{rel}","templated":true}]}}