{"id":648,"date":"2024-01-23T20:43:07","date_gmt":"2024-01-23T20:43:07","guid":{"rendered":"https:\/\/livegood.network\/shop\/?post_type=product&#038;p=648"},"modified":"2024-02-01T20:39:18","modified_gmt":"2024-02-01T20:39:18","slug":"am-pm-patch-pack-es-es","status":"publish","type":"product","link":"https:\/\/livegood.network\/shop\/es-es\/product\/am-pm-patch-pack-es-es\/","title":{"rendered":"AM\/PM Paquete de Parches"},"content":{"rendered":"<p><strong>Paquete de parches AM\/PM<\/strong><\/p>\n<p>LiveGood presenta su Patch Duo, meticulosamente dise\u00f1ado para ofrecer una potente combinaci\u00f3n de ingredientes naturales altamente absorbibles directamente a trav\u00e9s de la piel y en el torrente sangu\u00edneo.\u00a0Este enfoque innovador proporciona un impulso sostenido y rejuvenecedor, asegurando efectos duraderos durante horas.<\/p>\n<p>Nuestros parches est\u00e1n enriquecidos con una mezcla din\u00e1mica de vitaminas, minerales y extractos bot\u00e1nicos que trabajan en armon\u00eda para vigorizar el cuerpo.\u00a0La f\u00f3rmula integral contribuye a niveles saludables de energ\u00eda, fomenta un estado de \u00e1nimo positivo, mejora la concentraci\u00f3n y respalda el rendimiento general.\u00a0Adem\u00e1s, los parches ayudan a combatir la fatiga, permiti\u00e9ndote conquistar el d\u00eda con vitalidad.<\/p>\n<p>La aplicaci\u00f3n es simple: retire el parche del reverso y adhi\u00e9ralo directamente en un \u00e1rea de la piel con una cantidad m\u00ednima de vello, como el interior de la mu\u00f1eca, la cadera, el hombro o el tobillo.\u00a0Es fundamental limpiar y secar la piel previamente, ya que la presencia de aceites, cremas o lociones pueden comprometer la adhesividad y el rendimiento.<\/p>\n<p>Los efectos de LiveGood Patches normalmente se manifiestan aproximadamente a los 30 minutos de su aplicaci\u00f3n.\u00a0Despu\u00e9s de 8 horas, retire y deseche el parche, evitando la reutilizaci\u00f3n de uno ya usado.<\/p>\n<p>El parche Energy and Focus se puede aplicar en cualquier momento de la ma\u00f1ana o durante el d\u00eda, proporcionando un impulso revitalizante.\u00a0Por otro lado, el Sleep Patch se aplica idealmente 30 minutos antes de acostarse, facilitando un sue\u00f1o reparador.\u00a0Experimente los beneficios sin\u00e9rgicos de nuestro AM\/PM Patch Duo para obtener un enfoque completo para energizar su d\u00eda y promover un sue\u00f1o reparador por la noche.<\/p>\n<hr \/>\n<p><strong>\u00bfQu\u00e9 hay dentro del paquete de parches AM\/PM?<\/strong><\/p>\n<hr \/>\n<p><a href=\"https:\/\/livegood.network\/shop\/es-es\/product\/sleep-patches-es-es\/\"><img decoding=\"async\" class=\"alignnone wp-image-185\" src=\"https:\/\/livegood.network\/shop\/wp-content\/uploads\/2024\/01\/sleep-patches-front-livegood.png\" alt=\"Parches para dormir Livegood\" width=\"83\" height=\"83\" \/><\/a><\/p>\n<p><a href=\"https:\/\/livegood.network\/shop\/es-es\/product\/sleep-patches-es-es\/\"><strong>Parches para dormir<\/strong><\/a><\/p>\n<p>LiveGood presenta sus parches para dormir saludables, que presentan una mezcla distintiva de ingredientes naturales altamente absorbibles.\u00a0Estos parches est\u00e1n dise\u00f1ados para brindar una soluci\u00f3n r\u00e1pida y duradera, promoviendo un sue\u00f1o profundo, reparador y de alta calidad mediante la infusi\u00f3n directa de componentes esenciales a trav\u00e9s de la piel y en el torrente sangu\u00edneo.<\/p>\n<hr \/>\n<p><a href=\"https:\/\/livegood.network\/shop\/es-es\/product\/energy-and-focus-patches-es-es\/\"><img decoding=\"async\" class=\"alignnone wp-image-185\" src=\"https:\/\/livegood.network\/shop\/wp-content\/uploads\/2024\/01\/energy-and-focus-patches-front-livegood.png\" alt=\"Parches de energ\u00eda y enfoque Livegood\" width=\"83\" height=\"83\" \/><\/a><\/p>\n<p><a href=\"https:\/\/livegood.network\/shop\/es-es\/product\/energy-and-focus-patches-es-es\/\"><strong>Parches de energ\u00eda y enfoque<\/strong><\/a><\/p>\n<p>Los parches Energy and Focus de LiveGood ofrecen una combinaci\u00f3n distintiva de ingredientes naturales, saludables y f\u00e1cilmente absorbibles que se administran directamente a trav\u00e9s de la piel y al torrente sangu\u00edneo.\u00a0Esto da como resultado una explosi\u00f3n de energ\u00eda sostenida y revitalizante que dura horas.<\/p>\n<hr \/>\n<p>&nbsp;<\/p>\n","protected":false},"excerpt":{"rendered":"<p><img decoding=\"async\" class=\"emoji\" role=\"img\" draggable=\"false\" src=\"https:\/\/s.w.org\/images\/core\/emoji\/14.0.0\/svg\/1f49a.svg\" alt=\"????\" \/> Pack de Parches de Energ\u00eda y Enfoque<br \/>\n<img decoding=\"async\" class=\"emoji\" role=\"img\" draggable=\"false\" src=\"https:\/\/s.w.org\/images\/core\/emoji\/14.0.0\/svg\/1f49a.svg\" alt=\"????\" \/> Pack de Parches para Dormir<\/p>\n","protected":false},"featured_media":286,"comment_status":"open","ping_status":"closed","template":"","meta":[],"product_brand":[],"product_cat":[209,240],"product_tag":[],"class_list":{"0":"post-648","1":"product","2":"type-product","3":"status-publish","4":"has-post-thumbnail","6":"product_cat-product-packages-es-es","7":"product_cat-vitamin-es-es","9":"first","10":"instock","11":"sale","12":"shipping-taxable","13":"product-type-external"},"yoast_head":"<!-- This site is optimized with the Yoast SEO Premium plugin v20.6 (Yoast SEO v21.8.1) - https:\/\/yoast.com\/wordpress\/plugins\/seo\/ -->\n<title>AM\/PM Paquete de Parches - LiveGooD Shop<\/title>\n<meta name=\"robots\" content=\"index, follow, max-snippet:-1, max-image-preview:large, max-video-preview:-1\" \/>\n<link rel=\"canonical\" href=\"https:\/\/livegood.network\/shop\/es-es\/product\/am-pm-patch-pack-es-es\/\" \/>\n<meta property=\"og:locale\" content=\"en_US\" \/>\n<meta property=\"og:type\" content=\"article\" \/>\n<meta property=\"og:title\" content=\"AM\/PM Paquete de Parches\" \/>\n<meta property=\"og:description\" content=\"Pack de Parches de Energ\u00eda y Enfoque  Pack de Parches para Dormir\" \/>\n<meta property=\"og:url\" content=\"https:\/\/livegood.network\/shop\/es-es\/product\/am-pm-patch-pack-es-es\/\" \/>\n<meta property=\"article:publisher\" content=\"https:\/\/www.facebook.com\/livegoodhello\" \/>\n<meta property=\"article:modified_time\" content=\"2024-02-01T20:39:18+00:00\" \/>\n<meta property=\"og:image\" content=\"https:\/\/livegood.network\/shop\/wp-content\/uploads\/2024\/01\/patches-pack-tile-livegood.png\" \/>\n\t<meta property=\"og:image:width\" content=\"1600\" \/>\n\t<meta property=\"og:image:height\" content=\"1000\" \/>\n\t<meta property=\"og:image:type\" content=\"image\/png\" \/>\n<meta name=\"twitter:card\" content=\"summary_large_image\" \/>\n<meta name=\"twitter:label1\" content=\"Est. reading time\" \/>\n\t<meta name=\"twitter:data1\" content=\"3 minutes\" \/>\n<script type=\"application\/ld+json\" class=\"yoast-schema-graph\">{\"@context\":\"https:\/\/schema.org\",\"@graph\":[{\"@type\":\"WebPage\",\"@id\":\"https:\/\/livegood.network\/shop\/es-es\/product\/am-pm-patch-pack-es-es\/\",\"url\":\"https:\/\/livegood.network\/shop\/es-es\/product\/am-pm-patch-pack-es-es\/\",\"name\":\"AM\/PM Paquete de Parches - LiveGooD Shop\",\"isPartOf\":{\"@id\":\"https:\/\/livegood.network\/shop\/#website\"},\"datePublished\":\"2024-01-23T20:43:07+00:00\",\"dateModified\":\"2024-02-01T20:39:18+00:00\",\"breadcrumb\":{\"@id\":\"https:\/\/livegood.network\/shop\/es-es\/product\/am-pm-patch-pack-es-es\/#breadcrumb\"},\"inLanguage\":\"en-US\",\"potentialAction\":[{\"@type\":\"ReadAction\",\"target\":[\"https:\/\/livegood.network\/shop\/es-es\/product\/am-pm-patch-pack-es-es\/\"]}]},{\"@type\":\"BreadcrumbList\",\"@id\":\"https:\/\/livegood.network\/shop\/es-es\/product\/am-pm-patch-pack-es-es\/#breadcrumb\",\"itemListElement\":[{\"@type\":\"ListItem\",\"position\":1,\"name\":\"Home\",\"item\":\"https:\/\/livegood.network\/shop\/pt-br\/\"},{\"@type\":\"ListItem\",\"position\":2,\"name\":\"Shop\",\"item\":\"https:\/\/livegood.network\/shop\/shop\/\"},{\"@type\":\"ListItem\",\"position\":3,\"name\":\"AM\/PM Paquete de Parches\"}]},{\"@type\":\"WebSite\",\"@id\":\"https:\/\/livegood.network\/shop\/#website\",\"url\":\"https:\/\/livegood.network\/shop\/\",\"name\":\"LiveGooD Shop\",\"description\":\"\",\"publisher\":{\"@id\":\"https:\/\/livegood.network\/shop\/#organization\"},\"potentialAction\":[{\"@type\":\"SearchAction\",\"target\":{\"@type\":\"EntryPoint\",\"urlTemplate\":\"https:\/\/livegood.network\/shop\/?s={search_term_string}\"},\"query-input\":\"required name=search_term_string\"}],\"inLanguage\":\"en-US\"},{\"@type\":\"Organization\",\"@id\":\"https:\/\/livegood.network\/shop\/#organization\",\"name\":\"LiveGooD\",\"url\":\"https:\/\/livegood.network\/shop\/\",\"logo\":{\"@type\":\"ImageObject\",\"inLanguage\":\"en-US\",\"@id\":\"https:\/\/livegood.network\/shop\/#\/schema\/logo\/image\/\",\"url\":\"https:\/\/livegood.network\/shop\/wp-content\/uploads\/2024\/01\/logo-livegood-shop-main.png\",\"contentUrl\":\"https:\/\/livegood.network\/shop\/wp-content\/uploads\/2024\/01\/logo-livegood-shop-main.png\",\"width\":373,\"height\":115,\"caption\":\"LiveGooD\"},\"image\":{\"@id\":\"https:\/\/livegood.network\/shop\/#\/schema\/logo\/image\/\"},\"sameAs\":[\"https:\/\/www.facebook.com\/livegoodhello\"]}]}<\/script>\n<!-- \/ Yoast SEO Premium plugin. -->","yoast_head_json":{"title":"AM\/PM Paquete de Parches - LiveGooD Shop","robots":{"index":"index","follow":"follow","max-snippet":"max-snippet:-1","max-image-preview":"max-image-preview:large","max-video-preview":"max-video-preview:-1"},"canonical":"https:\/\/livegood.network\/shop\/es-es\/product\/am-pm-patch-pack-es-es\/","og_locale":"en_US","og_type":"article","og_title":"AM\/PM Paquete de Parches","og_description":"Pack de Parches de Energ\u00eda y Enfoque  Pack de Parches para Dormir","og_url":"https:\/\/livegood.network\/shop\/es-es\/product\/am-pm-patch-pack-es-es\/","article_publisher":"https:\/\/www.facebook.com\/livegoodhello","article_modified_time":"2024-02-01T20:39:18+00:00","og_image":[{"width":1600,"height":1000,"url":"https:\/\/livegood.network\/shop\/wp-content\/uploads\/2024\/01\/patches-pack-tile-livegood.png","type":"image\/png"}],"twitter_card":"summary_large_image","twitter_misc":{"Est. reading time":"3 minutes"},"schema":{"@context":"https:\/\/schema.org","@graph":[{"@type":"WebPage","@id":"https:\/\/livegood.network\/shop\/es-es\/product\/am-pm-patch-pack-es-es\/","url":"https:\/\/livegood.network\/shop\/es-es\/product\/am-pm-patch-pack-es-es\/","name":"AM\/PM Paquete de Parches - LiveGooD Shop","isPartOf":{"@id":"https:\/\/livegood.network\/shop\/#website"},"datePublished":"2024-01-23T20:43:07+00:00","dateModified":"2024-02-01T20:39:18+00:00","breadcrumb":{"@id":"https:\/\/livegood.network\/shop\/es-es\/product\/am-pm-patch-pack-es-es\/#breadcrumb"},"inLanguage":"en-US","potentialAction":[{"@type":"ReadAction","target":["https:\/\/livegood.network\/shop\/es-es\/product\/am-pm-patch-pack-es-es\/"]}]},{"@type":"BreadcrumbList","@id":"https:\/\/livegood.network\/shop\/es-es\/product\/am-pm-patch-pack-es-es\/#breadcrumb","itemListElement":[{"@type":"ListItem","position":1,"name":"Home","item":"https:\/\/livegood.network\/shop\/pt-br\/"},{"@type":"ListItem","position":2,"name":"Shop","item":"https:\/\/livegood.network\/shop\/shop\/"},{"@type":"ListItem","position":3,"name":"AM\/PM Paquete de Parches"}]},{"@type":"WebSite","@id":"https:\/\/livegood.network\/shop\/#website","url":"https:\/\/livegood.network\/shop\/","name":"LiveGooD Shop","description":"","publisher":{"@id":"https:\/\/livegood.network\/shop\/#organization"},"potentialAction":[{"@type":"SearchAction","target":{"@type":"EntryPoint","urlTemplate":"https:\/\/livegood.network\/shop\/?s={search_term_string}"},"query-input":"required name=search_term_string"}],"inLanguage":"en-US"},{"@type":"Organization","@id":"https:\/\/livegood.network\/shop\/#organization","name":"LiveGooD","url":"https:\/\/livegood.network\/shop\/","logo":{"@type":"ImageObject","inLanguage":"en-US","@id":"https:\/\/livegood.network\/shop\/#\/schema\/logo\/image\/","url":"https:\/\/livegood.network\/shop\/wp-content\/uploads\/2024\/01\/logo-livegood-shop-main.png","contentUrl":"https:\/\/livegood.network\/shop\/wp-content\/uploads\/2024\/01\/logo-livegood-shop-main.png","width":373,"height":115,"caption":"LiveGooD"},"image":{"@id":"https:\/\/livegood.network\/shop\/#\/schema\/logo\/image\/"},"sameAs":["https:\/\/www.facebook.com\/livegoodhello"]}]}},"lang":"es-es","translations":{"es-es":648,"ko":653,"en-us":285,"ru-ru":651,"fr-fr":647,"pt-pt":649,"vi":665,"pt-br":652},"pll_sync_post":[],"_links":{"self":[{"href":"https:\/\/livegood.network\/shop\/wp-json\/wp\/v2\/product\/648","targetHints":{"allow":["GET"]}}],"collection":[{"href":"https:\/\/livegood.network\/shop\/wp-json\/wp\/v2\/product"}],"about":[{"href":"https:\/\/livegood.network\/shop\/wp-json\/wp\/v2\/types\/product"}],"replies":[{"embeddable":true,"href":"https:\/\/livegood.network\/shop\/wp-json\/wp\/v2\/comments?post=648"}],"version-history":[{"count":3,"href":"https:\/\/livegood.network\/shop\/wp-json\/wp\/v2\/product\/648\/revisions"}],"predecessor-version":[{"id":1480,"href":"https:\/\/livegood.network\/shop\/wp-json\/wp\/v2\/product\/648\/revisions\/1480"}],"wp:featuredmedia":[{"embeddable":true,"href":"https:\/\/livegood.network\/shop\/wp-json\/wp\/v2\/media\/286"}],"wp:attachment":[{"href":"https:\/\/livegood.network\/shop\/wp-json\/wp\/v2\/media?parent=648"}],"wp:term":[{"taxonomy":"product_brand","embeddable":true,"href":"https:\/\/livegood.network\/shop\/wp-json\/wp\/v2\/product_brand?post=648"},{"taxonomy":"product_cat","embeddable":true,"href":"https:\/\/livegood.network\/shop\/wp-json\/wp\/v2\/product_cat?post=648"},{"taxonomy":"product_tag","embeddable":true,"href":"https:\/\/livegood.network\/shop\/wp-json\/wp\/v2\/product_tag?post=648"}],"curies":[{"name":"wp","href":"https:\/\/api.w.org\/{rel}","templated":true}]}}