{"id":649,"date":"2024-01-23T20:45:44","date_gmt":"2024-01-23T20:45:44","guid":{"rendered":"https:\/\/livegood.network\/shop\/?post_type=product&#038;p=649"},"modified":"2024-02-01T20:40:28","modified_gmt":"2024-02-01T20:40:28","slug":"am-pm-patch-pack-pt-pt","status":"publish","type":"product","link":"https:\/\/livegood.network\/shop\/pt-pt\/product\/am-pm-patch-pack-pt-pt\/","title":{"rendered":"AM\/PM Pacote de Adesivos"},"content":{"rendered":"<p><strong>Pacote de Adesivos AM\/PM<\/strong><\/p>\n<p>LiveGood apresenta seu Patch Duo, meticulosamente projetado para fornecer uma combina\u00e7\u00e3o potente de ingredientes naturais altamente absorv\u00edveis diretamente atrav\u00e9s da pele e na corrente sangu\u00ednea.\u00a0Esta abordagem inovadora proporciona um impulso sustentado e rejuvenescedor, garantindo efeitos duradouros durante horas.<\/p>\n<p>Nossos adesivos s\u00e3o enriquecidos com uma mistura din\u00e2mica de vitaminas, minerais e extratos bot\u00e2nicos, trabalhando em harmonia para revigorar o corpo.\u00a0A f\u00f3rmula abrangente contribui para n\u00edveis de energia saud\u00e1veis, promove um humor positivo, melhora o foco e apoia o desempenho geral.\u00a0Al\u00e9m disso, os adesivos auxiliam no combate ao cansa\u00e7o, capacitando voc\u00ea para vencer o dia com vitalidade.<\/p>\n<p>A aplica\u00e7\u00e3o \u00e9 simples: retire o adesivo da parte posterior e cole-o diretamente em uma \u00e1rea da pele com poucos pelos, como a parte interna do pulso, quadril, ombro ou tornozelo.\u00a0\u00c9 imprescind\u00edvel limpar e secar a pele previamente, pois a presen\u00e7a de \u00f3leos, cremes ou lo\u00e7\u00f5es pode comprometer a adesividade e o desempenho.<\/p>\n<p>Os efeitos dos LiveGood Patches normalmente se manifestam aproximadamente 30 minutos ap\u00f3s a aplica\u00e7\u00e3o.\u00a0Ap\u00f3s 8 horas, retire e descarte o adesivo, evitando reutilizar um j\u00e1 utilizado.<\/p>\n<p>O Energy and Focus Patch pode ser aplicado a qualquer hora da manh\u00e3 ou ao longo do dia, proporcionando um impulso revitalizante.\u00a0Por outro lado, o Sleep Patch \u00e9 idealmente aplicado 30 minutos antes de dormir, facilitando uma noite de sono tranquila.\u00a0Experimente os benef\u00edcios sin\u00e9rgicos do nosso Patch Duo AM\/PM para uma abordagem completa para energizar o seu dia e promover um sono reparador \u00e0 noite.<\/p>\n<hr \/>\n<p><strong>O que h\u00e1 no pacote de patches AM\/PM?<\/strong><\/p>\n<hr \/>\n<p><a href=\"https:\/\/livegood.network\/shop\/pt-pt\/product\/sleep-patches-pt-pt\/\"><img decoding=\"async\" class=\"alignnone wp-image-185\" src=\"https:\/\/livegood.network\/shop\/wp-content\/uploads\/2024\/01\/sleep-patches-front-livegood.png\" alt=\"Adesivos para dormir Livegood\" width=\"83\" height=\"83\" \/><\/a><\/p>\n<p><a href=\"https:\/\/livegood.network\/shop\/pt-pt\/product\/sleep-patches-pt-pt\/\"><strong>Adesivos para dormir<\/strong><\/a><\/p>\n<p>LiveGood apresenta seus adesivos para sono saud\u00e1vel, apresentando uma mistura distinta de ingredientes naturais altamente absorv\u00edveis.\u00a0Esses adesivos s\u00e3o projetados para fornecer uma solu\u00e7\u00e3o r\u00e1pida e duradoura, promovendo um sono profundo, reparador e de alta qualidade, infundindo diretamente componentes essenciais atrav\u00e9s da pele e na corrente sangu\u00ednea.<\/p>\n<hr \/>\n<p><a href=\"https:\/\/livegood.network\/shop\/pt-pt\/product\/energy-and-focus-patches-pt-pt\/\"><img decoding=\"async\" class=\"alignnone wp-image-185\" src=\"https:\/\/livegood.network\/shop\/wp-content\/uploads\/2024\/01\/energy-and-focus-patches-front-livegood.png\" alt=\"Patches de energia e foco Livegood\" width=\"83\" height=\"83\" \/><\/a><\/p>\n<p><a href=\"https:\/\/livegood.network\/shop\/pt-pt\/product\/energy-and-focus-patches-pt-pt\/\"><strong>Patches de energia e foco<\/strong><\/a><\/p>\n<p>Os adesivos Energy e Focus da LiveGood oferecem uma combina\u00e7\u00e3o distinta de ingredientes naturais, saud\u00e1veis \u200b\u200be facilmente absorv\u00edveis, entregues diretamente atrav\u00e9s da pele e na corrente sangu\u00ednea.\u00a0Isso resulta em uma explos\u00e3o de energia sustentada e revitalizante que dura horas.<\/p>\n<hr \/>\n<p>&nbsp;<\/p>\n","protected":false},"excerpt":{"rendered":"<p><img decoding=\"async\" class=\"emoji\" role=\"img\" draggable=\"false\" src=\"https:\/\/s.w.org\/images\/core\/emoji\/14.0.0\/svg\/1f49a.svg\" alt=\"????\" \/> Pacote de Adesivos de Energia e Foco<br \/>\n<img decoding=\"async\" class=\"emoji\" role=\"img\" draggable=\"false\" src=\"https:\/\/s.w.org\/images\/core\/emoji\/14.0.0\/svg\/1f49a.svg\" alt=\"????\" \/>\u00a0 Pacote de Adesivos para dormir<\/p>\n","protected":false},"featured_media":286,"comment_status":"open","ping_status":"closed","template":"","meta":[],"product_brand":[],"product_cat":[203,234],"product_tag":[],"class_list":{"0":"post-649","1":"product","2":"type-product","3":"status-publish","4":"has-post-thumbnail","6":"product_cat-product-packages-pt-pt","7":"product_cat-vitamin-pt-pt","9":"first","10":"instock","11":"sale","12":"shipping-taxable","13":"product-type-external"},"yoast_head":"<!-- This site is optimized with the Yoast SEO Premium plugin v20.6 (Yoast SEO v21.8.1) - https:\/\/yoast.com\/wordpress\/plugins\/seo\/ -->\n<title>AM\/PM Pacote de Adesivos - LiveGooD Shop<\/title>\n<meta name=\"robots\" content=\"index, follow, max-snippet:-1, max-image-preview:large, max-video-preview:-1\" \/>\n<link rel=\"canonical\" href=\"https:\/\/livegood.network\/shop\/pt-pt\/product\/am-pm-patch-pack-pt-pt\/\" \/>\n<meta property=\"og:locale\" content=\"en_US\" \/>\n<meta property=\"og:type\" content=\"article\" \/>\n<meta property=\"og:title\" content=\"AM\/PM Pacote de Adesivos\" \/>\n<meta property=\"og:description\" content=\"Pacote de Adesivos de Energia e Foco \u00a0 Pacote de Adesivos para dormir\" \/>\n<meta property=\"og:url\" content=\"https:\/\/livegood.network\/shop\/pt-pt\/product\/am-pm-patch-pack-pt-pt\/\" \/>\n<meta property=\"article:publisher\" content=\"https:\/\/www.facebook.com\/livegoodhello\" \/>\n<meta property=\"article:modified_time\" content=\"2024-02-01T20:40:28+00:00\" \/>\n<meta property=\"og:image\" content=\"https:\/\/livegood.network\/shop\/wp-content\/uploads\/2024\/01\/patches-pack-tile-livegood.png\" \/>\n\t<meta property=\"og:image:width\" content=\"1600\" \/>\n\t<meta property=\"og:image:height\" content=\"1000\" \/>\n\t<meta property=\"og:image:type\" content=\"image\/png\" \/>\n<meta name=\"twitter:card\" content=\"summary_large_image\" \/>\n<meta name=\"twitter:label1\" content=\"Est. reading time\" \/>\n\t<meta name=\"twitter:data1\" content=\"3 minutes\" \/>\n<script type=\"application\/ld+json\" class=\"yoast-schema-graph\">{\"@context\":\"https:\/\/schema.org\",\"@graph\":[{\"@type\":\"WebPage\",\"@id\":\"https:\/\/livegood.network\/shop\/pt-pt\/product\/am-pm-patch-pack-pt-pt\/\",\"url\":\"https:\/\/livegood.network\/shop\/pt-pt\/product\/am-pm-patch-pack-pt-pt\/\",\"name\":\"AM\/PM Pacote de Adesivos - LiveGooD Shop\",\"isPartOf\":{\"@id\":\"https:\/\/livegood.network\/shop\/#website\"},\"datePublished\":\"2024-01-23T20:45:44+00:00\",\"dateModified\":\"2024-02-01T20:40:28+00:00\",\"breadcrumb\":{\"@id\":\"https:\/\/livegood.network\/shop\/pt-pt\/product\/am-pm-patch-pack-pt-pt\/#breadcrumb\"},\"inLanguage\":\"en-US\",\"potentialAction\":[{\"@type\":\"ReadAction\",\"target\":[\"https:\/\/livegood.network\/shop\/pt-pt\/product\/am-pm-patch-pack-pt-pt\/\"]}]},{\"@type\":\"BreadcrumbList\",\"@id\":\"https:\/\/livegood.network\/shop\/pt-pt\/product\/am-pm-patch-pack-pt-pt\/#breadcrumb\",\"itemListElement\":[{\"@type\":\"ListItem\",\"position\":1,\"name\":\"Home\",\"item\":\"https:\/\/livegood.network\/shop\/pt-br\/\"},{\"@type\":\"ListItem\",\"position\":2,\"name\":\"Shop\",\"item\":\"https:\/\/livegood.network\/shop\/shop\/\"},{\"@type\":\"ListItem\",\"position\":3,\"name\":\"AM\/PM Pacote de Adesivos\"}]},{\"@type\":\"WebSite\",\"@id\":\"https:\/\/livegood.network\/shop\/#website\",\"url\":\"https:\/\/livegood.network\/shop\/\",\"name\":\"LiveGooD Shop\",\"description\":\"\",\"publisher\":{\"@id\":\"https:\/\/livegood.network\/shop\/#organization\"},\"potentialAction\":[{\"@type\":\"SearchAction\",\"target\":{\"@type\":\"EntryPoint\",\"urlTemplate\":\"https:\/\/livegood.network\/shop\/?s={search_term_string}\"},\"query-input\":\"required name=search_term_string\"}],\"inLanguage\":\"en-US\"},{\"@type\":\"Organization\",\"@id\":\"https:\/\/livegood.network\/shop\/#organization\",\"name\":\"LiveGooD\",\"url\":\"https:\/\/livegood.network\/shop\/\",\"logo\":{\"@type\":\"ImageObject\",\"inLanguage\":\"en-US\",\"@id\":\"https:\/\/livegood.network\/shop\/#\/schema\/logo\/image\/\",\"url\":\"https:\/\/livegood.network\/shop\/wp-content\/uploads\/2024\/01\/logo-livegood-shop-main.png\",\"contentUrl\":\"https:\/\/livegood.network\/shop\/wp-content\/uploads\/2024\/01\/logo-livegood-shop-main.png\",\"width\":373,\"height\":115,\"caption\":\"LiveGooD\"},\"image\":{\"@id\":\"https:\/\/livegood.network\/shop\/#\/schema\/logo\/image\/\"},\"sameAs\":[\"https:\/\/www.facebook.com\/livegoodhello\"]}]}<\/script>\n<!-- \/ Yoast SEO Premium plugin. -->","yoast_head_json":{"title":"AM\/PM Pacote de Adesivos - LiveGooD Shop","robots":{"index":"index","follow":"follow","max-snippet":"max-snippet:-1","max-image-preview":"max-image-preview:large","max-video-preview":"max-video-preview:-1"},"canonical":"https:\/\/livegood.network\/shop\/pt-pt\/product\/am-pm-patch-pack-pt-pt\/","og_locale":"en_US","og_type":"article","og_title":"AM\/PM Pacote de Adesivos","og_description":"Pacote de Adesivos de Energia e Foco \u00a0 Pacote de Adesivos para dormir","og_url":"https:\/\/livegood.network\/shop\/pt-pt\/product\/am-pm-patch-pack-pt-pt\/","article_publisher":"https:\/\/www.facebook.com\/livegoodhello","article_modified_time":"2024-02-01T20:40:28+00:00","og_image":[{"width":1600,"height":1000,"url":"https:\/\/livegood.network\/shop\/wp-content\/uploads\/2024\/01\/patches-pack-tile-livegood.png","type":"image\/png"}],"twitter_card":"summary_large_image","twitter_misc":{"Est. reading time":"3 minutes"},"schema":{"@context":"https:\/\/schema.org","@graph":[{"@type":"WebPage","@id":"https:\/\/livegood.network\/shop\/pt-pt\/product\/am-pm-patch-pack-pt-pt\/","url":"https:\/\/livegood.network\/shop\/pt-pt\/product\/am-pm-patch-pack-pt-pt\/","name":"AM\/PM Pacote de Adesivos - LiveGooD Shop","isPartOf":{"@id":"https:\/\/livegood.network\/shop\/#website"},"datePublished":"2024-01-23T20:45:44+00:00","dateModified":"2024-02-01T20:40:28+00:00","breadcrumb":{"@id":"https:\/\/livegood.network\/shop\/pt-pt\/product\/am-pm-patch-pack-pt-pt\/#breadcrumb"},"inLanguage":"en-US","potentialAction":[{"@type":"ReadAction","target":["https:\/\/livegood.network\/shop\/pt-pt\/product\/am-pm-patch-pack-pt-pt\/"]}]},{"@type":"BreadcrumbList","@id":"https:\/\/livegood.network\/shop\/pt-pt\/product\/am-pm-patch-pack-pt-pt\/#breadcrumb","itemListElement":[{"@type":"ListItem","position":1,"name":"Home","item":"https:\/\/livegood.network\/shop\/pt-br\/"},{"@type":"ListItem","position":2,"name":"Shop","item":"https:\/\/livegood.network\/shop\/shop\/"},{"@type":"ListItem","position":3,"name":"AM\/PM Pacote de Adesivos"}]},{"@type":"WebSite","@id":"https:\/\/livegood.network\/shop\/#website","url":"https:\/\/livegood.network\/shop\/","name":"LiveGooD Shop","description":"","publisher":{"@id":"https:\/\/livegood.network\/shop\/#organization"},"potentialAction":[{"@type":"SearchAction","target":{"@type":"EntryPoint","urlTemplate":"https:\/\/livegood.network\/shop\/?s={search_term_string}"},"query-input":"required name=search_term_string"}],"inLanguage":"en-US"},{"@type":"Organization","@id":"https:\/\/livegood.network\/shop\/#organization","name":"LiveGooD","url":"https:\/\/livegood.network\/shop\/","logo":{"@type":"ImageObject","inLanguage":"en-US","@id":"https:\/\/livegood.network\/shop\/#\/schema\/logo\/image\/","url":"https:\/\/livegood.network\/shop\/wp-content\/uploads\/2024\/01\/logo-livegood-shop-main.png","contentUrl":"https:\/\/livegood.network\/shop\/wp-content\/uploads\/2024\/01\/logo-livegood-shop-main.png","width":373,"height":115,"caption":"LiveGooD"},"image":{"@id":"https:\/\/livegood.network\/shop\/#\/schema\/logo\/image\/"},"sameAs":["https:\/\/www.facebook.com\/livegoodhello"]}]}},"lang":"pt-pt","translations":{"pt-pt":649,"ko":653,"en-us":285,"ru-ru":651,"fr-fr":647,"es-es":648,"vi":665,"pt-br":652},"pll_sync_post":[],"_links":{"self":[{"href":"https:\/\/livegood.network\/shop\/wp-json\/wp\/v2\/product\/649","targetHints":{"allow":["GET"]}}],"collection":[{"href":"https:\/\/livegood.network\/shop\/wp-json\/wp\/v2\/product"}],"about":[{"href":"https:\/\/livegood.network\/shop\/wp-json\/wp\/v2\/types\/product"}],"replies":[{"embeddable":true,"href":"https:\/\/livegood.network\/shop\/wp-json\/wp\/v2\/comments?post=649"}],"version-history":[{"count":2,"href":"https:\/\/livegood.network\/shop\/wp-json\/wp\/v2\/product\/649\/revisions"}],"predecessor-version":[{"id":1481,"href":"https:\/\/livegood.network\/shop\/wp-json\/wp\/v2\/product\/649\/revisions\/1481"}],"wp:featuredmedia":[{"embeddable":true,"href":"https:\/\/livegood.network\/shop\/wp-json\/wp\/v2\/media\/286"}],"wp:attachment":[{"href":"https:\/\/livegood.network\/shop\/wp-json\/wp\/v2\/media?parent=649"}],"wp:term":[{"taxonomy":"product_brand","embeddable":true,"href":"https:\/\/livegood.network\/shop\/wp-json\/wp\/v2\/product_brand?post=649"},{"taxonomy":"product_cat","embeddable":true,"href":"https:\/\/livegood.network\/shop\/wp-json\/wp\/v2\/product_cat?post=649"},{"taxonomy":"product_tag","embeddable":true,"href":"https:\/\/livegood.network\/shop\/wp-json\/wp\/v2\/product_tag?post=649"}],"curies":[{"name":"wp","href":"https:\/\/api.w.org\/{rel}","templated":true}]}}