{"id":665,"date":"2024-01-23T21:17:04","date_gmt":"2024-01-23T21:17:04","guid":{"rendered":"https:\/\/livegood.network\/shop\/?post_type=product&#038;p=665"},"modified":"2024-02-01T20:41:21","modified_gmt":"2024-02-01T20:41:21","slug":"am-pm-patch-pack-vi","status":"publish","type":"product","link":"https:\/\/livegood.network\/shop\/vi\/product\/am-pm-patch-pack-vi\/","title":{"rendered":"AM\/PM G\u00f3i V\u00e1"},"content":{"rendered":"<p><strong>G\u00f3i v\u00e1 l\u1ed7i AM\/PM<\/strong><\/p>\n<p>LiveGood gi\u1edbi thi\u1ec7u Patch Duo, \u0111\u01b0\u1ee3c thi\u1ebft k\u1ebf t\u1ec9 m\u1ec9 \u0111\u1ec3 mang \u0111\u1ebfn s\u1ef1 k\u1ebft h\u1ee3p m\u1ea1nh m\u1ebd gi\u1eefa c\u00e1c th\u00e0nh ph\u1ea7n t\u1ef1 nhi\u00ean, c\u00f3 kh\u1ea3 n\u0103ng h\u1ea5p th\u1ee5 cao tr\u1ef1c ti\u1ebfp qua da v\u00e0 v\u00e0o m\u00e1u.\u00a0C\u00e1ch ti\u1ebfp c\u1eadn s\u00e1ng t\u1ea1o n\u00e0y mang l\u1ea1i s\u1ef1 t\u0103ng c\u01b0\u1eddng b\u1ec1n v\u1eefng v\u00e0 tr\u1ebb h\u00f3a, \u0111\u1ea3m b\u1ea3o hi\u1ec7u qu\u1ea3 l\u00e2u d\u00e0i trong nhi\u1ec1u gi\u1edd.<\/p>\n<p>Mi\u1ebfng d\u00e1n c\u1ee7a ch\u00fang t\u00f4i \u0111\u01b0\u1ee3c l\u00e0m gi\u00e0u v\u1edbi s\u1ef1 pha tr\u1ed9n n\u0103ng \u0111\u1ed9ng c\u1ee7a vitamin, kho\u00e1ng ch\u1ea5t v\u00e0 chi\u1ebft xu\u1ea5t th\u1ef1c v\u1eadt, ho\u1ea1t \u0111\u1ed9ng h\u00e0i h\u00f2a \u0111\u1ec3 ti\u1ebfp th\u00eam sinh l\u1ef1c cho c\u01a1 th\u1ec3.\u00a0C\u00f4ng th\u1ee9c to\u00e0n di\u1ec7n g\u00f3p ph\u1ea7n n\u00e2ng cao m\u1ee9c n\u0103ng l\u01b0\u1ee3ng l\u00e0nh m\u1ea1nh, nu\u00f4i d\u01b0\u1ee1ng t\u00e2m tr\u1ea1ng t\u00edch c\u1ef1c, t\u0103ng c\u01b0\u1eddng s\u1ef1 t\u1eadp trung v\u00e0 h\u1ed7 tr\u1ee3 hi\u1ec7u su\u1ea5t t\u1ed5ng th\u1ec3.\u00a0H\u01a1n n\u1eefa, mi\u1ebfng d\u00e1n c\u00f2n h\u1ed7 tr\u1ee3 ch\u1ed1ng m\u1ec7t m\u1ecfi, ti\u1ebfp th\u00eam s\u1ee9c m\u1ea1nh cho b\u1ea1n \u0111\u1ec3 chinh ph\u1ee5c m\u1ed9t ng\u00e0y tr\u00e0n \u0111\u1ea7y s\u1ee9c s\u1ed1ng.<\/p>\n<p>C\u00e1ch s\u1eed d\u1ee5ng r\u1ea5t \u0111\u01a1n gi\u1ea3n: b\u00f3c mi\u1ebfng d\u00e1n \u1edf m\u1eb7t sau v\u00e0 d\u00e1n tr\u1ef1c ti\u1ebfp l\u00ean v\u00f9ng da c\u00f3 \u00edt l\u00f4ng, ch\u1eb3ng h\u1ea1n nh\u01b0 b\u00ean trong c\u1ed5 tay, h\u00f4ng, vai ho\u1eb7c m\u1eaft c\u00e1 ch\u00e2n.\u00a0\u0110i\u1ec1u c\u1ea7n thi\u1ebft l\u00e0 ph\u1ea3i l\u00e0m s\u1ea1ch v\u00e0 l\u00e0m kh\u00f4 da tr\u01b0\u1edbc v\u00ec s\u1ef1 hi\u1ec7n di\u1ec7n c\u1ee7a d\u1ea7u, kem ho\u1eb7c n\u01b0\u1edbc th\u01a1m c\u00f3 th\u1ec3 \u1ea3nh h\u01b0\u1edfng \u0111\u1ebfn \u0111\u1ed9 b\u00e1m d\u00ednh v\u00e0 hi\u1ec7u qu\u1ea3.<\/p>\n<p>T\u00e1c d\u1ee5ng c\u1ee7a LiveGood Patches th\u01b0\u1eddng bi\u1ec3u hi\u1ec7n trong v\u00f2ng kho\u1ea3ng 30 ph\u00fat sau khi s\u1eed d\u1ee5ng.\u00a0Sau 8 gi\u1edd, h\u00e3y g\u1ee1 b\u1ecf mi\u1ebfng d\u00e1n, tr\u00e1nh s\u1eed d\u1ee5ng l\u1ea1i mi\u1ebfng d\u00e1n \u0111\u00e3 s\u1eed d\u1ee5ng.<\/p>\n<p>Mi\u1ebfng d\u00e1n N\u0103ng l\u01b0\u1ee3ng v\u00e0 T\u1eadp trung c\u00f3 th\u1ec3 \u0111\u01b0\u1ee3c \u00e1p d\u1ee5ng b\u1ea5t c\u1ee9 l\u00fac n\u00e0o v\u00e0o bu\u1ed5i s\u00e1ng ho\u1eb7c su\u1ed1t c\u1ea3 ng\u00e0y, mang l\u1ea1i s\u1ee9c s\u1ed1ng m\u1edbi.\u00a0M\u1eb7t kh\u00e1c, mi\u1ebfng d\u00e1n ng\u1ee7 l\u00fd t\u01b0\u1edfng nh\u1ea5t l\u00e0 d\u00e1n 30 ph\u00fat tr\u01b0\u1edbc khi \u0111i ng\u1ee7 \u0111\u1ec3 t\u1ea1o \u0111i\u1ec1u ki\u1ec7n cho b\u1ea1n c\u00f3 m\u1ed9t gi\u1ea5c ng\u1ee7 ngon.\u00a0H\u00e3y tr\u1ea3i nghi\u1ec7m nh\u1eefng l\u1ee3i \u00edch t\u1ed5ng h\u1ee3p c\u1ee7a AM\/PM Patch Duo c\u1ee7a ch\u00fang t\u00f4i \u0111\u1ec3 c\u00f3 c\u00e1ch ti\u1ebfp c\u1eadn to\u00e0n di\u1ec7n nh\u1eb1m ti\u1ebfp th\u00eam n\u0103ng l\u01b0\u1ee3ng cho ng\u00e0y c\u1ee7a b\u1ea1n v\u00e0 th\u00fac \u0111\u1ea9y gi\u1ea5c ng\u1ee7 ngon v\u00e0o ban \u0111\u00eam.<\/p>\n<hr \/>\n<p><strong>C\u00f3 g\u00ec b\u00ean trong G\u00f3i v\u00e1 AM\/PM?<\/strong><\/p>\n<hr \/>\n<p><a href=\"https:\/\/livegood.network\/shop\/vi\/product\/sleep-patches-vi\/\"><img decoding=\"async\" class=\"alignnone wp-image-185\" src=\"https:\/\/livegood.network\/shop\/wp-content\/uploads\/2024\/01\/sleep-patches-front-livegood.png\" alt=\"Mi\u1ebfng d\u00e1n ng\u1ee7 Livegood\" width=\"83\" height=\"83\" \/><\/a><\/p>\n<p><a href=\"https:\/\/livegood.network\/shop\/vi\/product\/sleep-patches-vi\/\"><strong>Mi\u1ebfng d\u00e1n ng\u1ee7<\/strong><\/a><\/p>\n<p>LiveGood gi\u1edbi thi\u1ec7u Mi\u1ebfng d\u00e1n gi\u00fap gi\u1ea5c ng\u1ee7 kh\u1ecfe m\u1ea1nh, c\u00f3 s\u1ef1 pha tr\u1ed9n \u0111\u1eb7c bi\u1ec7t c\u1ee7a c\u00e1c th\u00e0nh ph\u1ea7n t\u1ef1 nhi\u00ean, c\u00f3 kh\u1ea3 n\u0103ng h\u1ea5p th\u1ee5 cao.\u00a0Nh\u1eefng mi\u1ebfng d\u00e1n n\u00e0y \u0111\u01b0\u1ee3c thi\u1ebft k\u1ebf \u0111\u1ec3 mang l\u1ea1i gi\u1ea3i ph\u00e1p nhanh ch\u00f3ng v\u00e0 l\u00e2u d\u00e0i, th\u00fac \u0111\u1ea9y gi\u1ea5c ng\u1ee7 s\u00e2u, y\u00ean t\u0129nh v\u00e0 ch\u1ea5t l\u01b0\u1ee3ng cao b\u1eb1ng c\u00e1ch truy\u1ec1n tr\u1ef1c ti\u1ebfp c\u00e1c th\u00e0nh ph\u1ea7n thi\u1ebft y\u1ebfu qua da v\u00e0 v\u00e0o m\u00e1u.<\/p>\n<hr \/>\n<p><a href=\"https:\/\/livegood.network\/shop\/vi\/product\/energy-and-focus-patches-vi\/\"><img decoding=\"async\" class=\"alignnone wp-image-185\" src=\"https:\/\/livegood.network\/shop\/wp-content\/uploads\/2024\/01\/energy-and-focus-patches-front-livegood.png\" alt=\"B\u1ea3n v\u00e1 n\u0103ng l\u01b0\u1ee3ng v\u00e0 t\u1eadp trung Livegood\" width=\"83\" height=\"83\" \/><\/a><\/p>\n<p><a href=\"https:\/\/livegood.network\/shop\/vi\/product\/energy-and-focus-patches-vi\/\"><strong>B\u1ea3n v\u00e1 n\u0103ng l\u01b0\u1ee3ng v\u00e0 t\u1eadp trung<\/strong><\/a><\/p>\n<p>Mi\u1ebfng d\u00e1n n\u0103ng l\u01b0\u1ee3ng v\u00e0 t\u1eadp trung c\u1ee7a LiveGood mang \u0111\u1ebfn s\u1ef1 k\u1ebft h\u1ee3p \u0111\u1eb7c bi\u1ec7t c\u1ee7a c\u00e1c th\u00e0nh ph\u1ea7n t\u1ef1 nhi\u00ean, l\u00e0nh m\u1ea1nh, d\u1ec5 h\u1ea5p th\u1ee5, \u0111\u01b0\u1ee3c truy\u1ec1n tr\u1ef1c ti\u1ebfp qua da v\u00e0 v\u00e0o m\u00e1u.\u00a0\u0110i\u1ec1u n\u00e0y d\u1eabn \u0111\u1ebfn m\u1ed9t ngu\u1ed3n n\u0103ng l\u01b0\u1ee3ng b\u00f9ng n\u1ed5 b\u1ec1n v\u1eefng v\u00e0 h\u1ed3i sinh k\u00e9o d\u00e0i h\u00e0ng gi\u1edd.<\/p>\n","protected":false},"excerpt":{"rendered":"<p><img decoding=\"async\" class=\"emoji\" role=\"img\" draggable=\"false\" src=\"https:\/\/s.w.org\/images\/core\/emoji\/14.0.0\/svg\/1f49a.svg\" alt=\"LiveGooD Love\" \/> G\u00f3i b\u1ea3n v\u00e1 n\u0103ng l\u01b0\u1ee3ng v\u00e0 t\u1eadp trung<br \/>\n<img decoding=\"async\" class=\"emoji\" role=\"img\" draggable=\"false\" src=\"https:\/\/s.w.org\/images\/core\/emoji\/14.0.0\/svg\/1f49a.svg\" alt=\"LiveGooD Love\" \/> G\u00f3i mi\u1ebfng d\u00e1n ng\u1ee7<\/p>\n","protected":false},"featured_media":286,"comment_status":"open","ping_status":"closed","template":"","meta":[],"product_brand":[],"product_cat":[201,232],"product_tag":[],"class_list":{"0":"post-665","1":"product","2":"type-product","3":"status-publish","4":"has-post-thumbnail","6":"product_cat-product-packages-vi","7":"product_cat-vitamin-vi","9":"first","10":"instock","11":"sale","12":"shipping-taxable","13":"product-type-external"},"yoast_head":"<!-- This site is optimized with the Yoast SEO Premium plugin v20.6 (Yoast SEO v21.8.1) - https:\/\/yoast.com\/wordpress\/plugins\/seo\/ -->\n<title>AM\/PM G\u00f3i V\u00e1 - LiveGooD Shop<\/title>\n<meta name=\"robots\" content=\"index, follow, max-snippet:-1, max-image-preview:large, max-video-preview:-1\" \/>\n<link rel=\"canonical\" href=\"https:\/\/livegood.network\/shop\/vi\/product\/am-pm-patch-pack-vi\/\" \/>\n<meta property=\"og:locale\" content=\"en_US\" \/>\n<meta property=\"og:type\" content=\"article\" \/>\n<meta property=\"og:title\" content=\"AM\/PM G\u00f3i V\u00e1\" \/>\n<meta property=\"og:description\" content=\"G\u00f3i b\u1ea3n v\u00e1 n\u0103ng l\u01b0\u1ee3ng v\u00e0 t\u1eadp trung  G\u00f3i mi\u1ebfng d\u00e1n ng\u1ee7\" \/>\n<meta property=\"og:url\" content=\"https:\/\/livegood.network\/shop\/vi\/product\/am-pm-patch-pack-vi\/\" \/>\n<meta property=\"article:publisher\" content=\"https:\/\/www.facebook.com\/livegoodhello\" \/>\n<meta property=\"article:modified_time\" content=\"2024-02-01T20:41:21+00:00\" \/>\n<meta property=\"og:image\" content=\"https:\/\/livegood.network\/shop\/wp-content\/uploads\/2024\/01\/patches-pack-tile-livegood.png\" \/>\n\t<meta property=\"og:image:width\" content=\"1600\" \/>\n\t<meta property=\"og:image:height\" content=\"1000\" \/>\n\t<meta property=\"og:image:type\" content=\"image\/png\" \/>\n<meta name=\"twitter:card\" content=\"summary_large_image\" \/>\n<meta name=\"twitter:label1\" content=\"Est. reading time\" \/>\n\t<meta name=\"twitter:data1\" content=\"3 minutes\" \/>\n<script type=\"application\/ld+json\" class=\"yoast-schema-graph\">{\"@context\":\"https:\/\/schema.org\",\"@graph\":[{\"@type\":\"WebPage\",\"@id\":\"https:\/\/livegood.network\/shop\/vi\/product\/am-pm-patch-pack-vi\/\",\"url\":\"https:\/\/livegood.network\/shop\/vi\/product\/am-pm-patch-pack-vi\/\",\"name\":\"AM\/PM G\u00f3i V\u00e1 - LiveGooD Shop\",\"isPartOf\":{\"@id\":\"https:\/\/livegood.network\/shop\/#website\"},\"datePublished\":\"2024-01-23T21:17:04+00:00\",\"dateModified\":\"2024-02-01T20:41:21+00:00\",\"breadcrumb\":{\"@id\":\"https:\/\/livegood.network\/shop\/vi\/product\/am-pm-patch-pack-vi\/#breadcrumb\"},\"inLanguage\":\"en-US\",\"potentialAction\":[{\"@type\":\"ReadAction\",\"target\":[\"https:\/\/livegood.network\/shop\/vi\/product\/am-pm-patch-pack-vi\/\"]}]},{\"@type\":\"BreadcrumbList\",\"@id\":\"https:\/\/livegood.network\/shop\/vi\/product\/am-pm-patch-pack-vi\/#breadcrumb\",\"itemListElement\":[{\"@type\":\"ListItem\",\"position\":1,\"name\":\"Home\",\"item\":\"https:\/\/livegood.network\/shop\/pt-br\/\"},{\"@type\":\"ListItem\",\"position\":2,\"name\":\"Shop\",\"item\":\"https:\/\/livegood.network\/shop\/shop\/\"},{\"@type\":\"ListItem\",\"position\":3,\"name\":\"AM\/PM G\u00f3i V\u00e1\"}]},{\"@type\":\"WebSite\",\"@id\":\"https:\/\/livegood.network\/shop\/#website\",\"url\":\"https:\/\/livegood.network\/shop\/\",\"name\":\"LiveGooD Shop\",\"description\":\"\",\"publisher\":{\"@id\":\"https:\/\/livegood.network\/shop\/#organization\"},\"potentialAction\":[{\"@type\":\"SearchAction\",\"target\":{\"@type\":\"EntryPoint\",\"urlTemplate\":\"https:\/\/livegood.network\/shop\/?s={search_term_string}\"},\"query-input\":\"required name=search_term_string\"}],\"inLanguage\":\"en-US\"},{\"@type\":\"Organization\",\"@id\":\"https:\/\/livegood.network\/shop\/#organization\",\"name\":\"LiveGooD\",\"url\":\"https:\/\/livegood.network\/shop\/\",\"logo\":{\"@type\":\"ImageObject\",\"inLanguage\":\"en-US\",\"@id\":\"https:\/\/livegood.network\/shop\/#\/schema\/logo\/image\/\",\"url\":\"https:\/\/livegood.network\/shop\/wp-content\/uploads\/2024\/01\/logo-livegood-shop-main.png\",\"contentUrl\":\"https:\/\/livegood.network\/shop\/wp-content\/uploads\/2024\/01\/logo-livegood-shop-main.png\",\"width\":373,\"height\":115,\"caption\":\"LiveGooD\"},\"image\":{\"@id\":\"https:\/\/livegood.network\/shop\/#\/schema\/logo\/image\/\"},\"sameAs\":[\"https:\/\/www.facebook.com\/livegoodhello\"]}]}<\/script>\n<!-- \/ Yoast SEO Premium plugin. -->","yoast_head_json":{"title":"AM\/PM G\u00f3i V\u00e1 - LiveGooD Shop","robots":{"index":"index","follow":"follow","max-snippet":"max-snippet:-1","max-image-preview":"max-image-preview:large","max-video-preview":"max-video-preview:-1"},"canonical":"https:\/\/livegood.network\/shop\/vi\/product\/am-pm-patch-pack-vi\/","og_locale":"en_US","og_type":"article","og_title":"AM\/PM G\u00f3i V\u00e1","og_description":"G\u00f3i b\u1ea3n v\u00e1 n\u0103ng l\u01b0\u1ee3ng v\u00e0 t\u1eadp trung  G\u00f3i mi\u1ebfng d\u00e1n ng\u1ee7","og_url":"https:\/\/livegood.network\/shop\/vi\/product\/am-pm-patch-pack-vi\/","article_publisher":"https:\/\/www.facebook.com\/livegoodhello","article_modified_time":"2024-02-01T20:41:21+00:00","og_image":[{"width":1600,"height":1000,"url":"https:\/\/livegood.network\/shop\/wp-content\/uploads\/2024\/01\/patches-pack-tile-livegood.png","type":"image\/png"}],"twitter_card":"summary_large_image","twitter_misc":{"Est. reading time":"3 minutes"},"schema":{"@context":"https:\/\/schema.org","@graph":[{"@type":"WebPage","@id":"https:\/\/livegood.network\/shop\/vi\/product\/am-pm-patch-pack-vi\/","url":"https:\/\/livegood.network\/shop\/vi\/product\/am-pm-patch-pack-vi\/","name":"AM\/PM G\u00f3i V\u00e1 - LiveGooD Shop","isPartOf":{"@id":"https:\/\/livegood.network\/shop\/#website"},"datePublished":"2024-01-23T21:17:04+00:00","dateModified":"2024-02-01T20:41:21+00:00","breadcrumb":{"@id":"https:\/\/livegood.network\/shop\/vi\/product\/am-pm-patch-pack-vi\/#breadcrumb"},"inLanguage":"en-US","potentialAction":[{"@type":"ReadAction","target":["https:\/\/livegood.network\/shop\/vi\/product\/am-pm-patch-pack-vi\/"]}]},{"@type":"BreadcrumbList","@id":"https:\/\/livegood.network\/shop\/vi\/product\/am-pm-patch-pack-vi\/#breadcrumb","itemListElement":[{"@type":"ListItem","position":1,"name":"Home","item":"https:\/\/livegood.network\/shop\/pt-br\/"},{"@type":"ListItem","position":2,"name":"Shop","item":"https:\/\/livegood.network\/shop\/shop\/"},{"@type":"ListItem","position":3,"name":"AM\/PM G\u00f3i V\u00e1"}]},{"@type":"WebSite","@id":"https:\/\/livegood.network\/shop\/#website","url":"https:\/\/livegood.network\/shop\/","name":"LiveGooD Shop","description":"","publisher":{"@id":"https:\/\/livegood.network\/shop\/#organization"},"potentialAction":[{"@type":"SearchAction","target":{"@type":"EntryPoint","urlTemplate":"https:\/\/livegood.network\/shop\/?s={search_term_string}"},"query-input":"required name=search_term_string"}],"inLanguage":"en-US"},{"@type":"Organization","@id":"https:\/\/livegood.network\/shop\/#organization","name":"LiveGooD","url":"https:\/\/livegood.network\/shop\/","logo":{"@type":"ImageObject","inLanguage":"en-US","@id":"https:\/\/livegood.network\/shop\/#\/schema\/logo\/image\/","url":"https:\/\/livegood.network\/shop\/wp-content\/uploads\/2024\/01\/logo-livegood-shop-main.png","contentUrl":"https:\/\/livegood.network\/shop\/wp-content\/uploads\/2024\/01\/logo-livegood-shop-main.png","width":373,"height":115,"caption":"LiveGooD"},"image":{"@id":"https:\/\/livegood.network\/shop\/#\/schema\/logo\/image\/"},"sameAs":["https:\/\/www.facebook.com\/livegoodhello"]}]}},"lang":"vi","translations":{"vi":665,"ko":653,"en-us":285,"ru-ru":651,"fr-fr":647,"es-es":648,"pt-pt":649,"pt-br":652},"pll_sync_post":[],"_links":{"self":[{"href":"https:\/\/livegood.network\/shop\/wp-json\/wp\/v2\/product\/665","targetHints":{"allow":["GET"]}}],"collection":[{"href":"https:\/\/livegood.network\/shop\/wp-json\/wp\/v2\/product"}],"about":[{"href":"https:\/\/livegood.network\/shop\/wp-json\/wp\/v2\/types\/product"}],"replies":[{"embeddable":true,"href":"https:\/\/livegood.network\/shop\/wp-json\/wp\/v2\/comments?post=665"}],"version-history":[{"count":2,"href":"https:\/\/livegood.network\/shop\/wp-json\/wp\/v2\/product\/665\/revisions"}],"predecessor-version":[{"id":1482,"href":"https:\/\/livegood.network\/shop\/wp-json\/wp\/v2\/product\/665\/revisions\/1482"}],"wp:featuredmedia":[{"embeddable":true,"href":"https:\/\/livegood.network\/shop\/wp-json\/wp\/v2\/media\/286"}],"wp:attachment":[{"href":"https:\/\/livegood.network\/shop\/wp-json\/wp\/v2\/media?parent=665"}],"wp:term":[{"taxonomy":"product_brand","embeddable":true,"href":"https:\/\/livegood.network\/shop\/wp-json\/wp\/v2\/product_brand?post=665"},{"taxonomy":"product_cat","embeddable":true,"href":"https:\/\/livegood.network\/shop\/wp-json\/wp\/v2\/product_cat?post=665"},{"taxonomy":"product_tag","embeddable":true,"href":"https:\/\/livegood.network\/shop\/wp-json\/wp\/v2\/product_tag?post=665"}],"curies":[{"name":"wp","href":"https:\/\/api.w.org\/{rel}","templated":true}]}}