{"id":669,"date":"2024-01-23T21:46:17","date_gmt":"2024-01-23T21:46:17","guid":{"rendered":"https:\/\/livegood.network\/shop\/?post_type=product&#038;p=669"},"modified":"2024-01-31T19:34:54","modified_gmt":"2024-01-31T19:34:54","slug":"limited-time-one-mission-t-shirt-fr-fr","status":"publish","type":"product","link":"https:\/\/livegood.network\/shop\/fr-fr\/product\/limited-time-one-mission-t-shirt-fr-fr\/","title":{"rendered":"Dur\u00e9e limit\u00e9e \u2013 T-shirt ONE MISSION"},"content":{"rendered":"<p><strong>Pr\u00e9sentation en \u00e9dition limit\u00e9e : T-shirt LiveGood Institutional \u00ab ONE MISSION \u00bb \u2013 Saisissez l\u2019instant de d\u00e9votion !<\/strong><\/p>\n<p>Cher client,<\/p>\n<p>Embarquez pour un voyage de d\u00e9votion et de style avec le t-shirt institutionnel \u00ab ONE MISSION \u00bb en \u00e9dition limit\u00e9e de LiveGood.\u00a0Cette version exclusive est bien plus que de simples v\u00eatements ;\u00a0c&#8217;est un symbole de votre engagement in\u00e9branlable envers une vie remplie de but et d&#8217;admiration pour la philosophie LiveGood.<\/p>\n<p><strong>Pourquoi le T-Shirt \u00ab ONE MISSION \u00bb ?<\/strong><\/p>\n<ol>\n<li><strong>Exclusivit\u00e9 \u00e0 dur\u00e9e limit\u00e9e\u00a0:<\/strong>\u00a0D\u00e9p\u00eachez-vous, car ce t-shirt est disponible pour une dur\u00e9e limit\u00e9e seulement\u00a0!\u00a0Faites partie d&#8217;un groupe d&#8217;\u00e9lite d\u00e9montrant son all\u00e9geance \u00e0 la mission de LiveGood.<\/li>\n<li><strong>Design stimulant :<\/strong>\u00a0la d\u00e9claration audacieuse \u00ab ONE MISSION \u00bb est plus que des mots sur le tissu ;\u00a0c&#8217;est une affirmation quotidienne de votre d\u00e9vouement \u00e0 un objectif unique : une vie v\u00e9cue pleinement.<\/li>\n<li><strong>\u00c9l\u00e9gance confortable :<\/strong>\u00a0fabriqu\u00e9 avec les meilleurs mat\u00e9riaux, ce t-shirt allie parfaitement confort et style.\u00a0Ce n&#8217;est pas seulement un v\u00eatement ;\u00a0c&#8217;est une extension de votre identit\u00e9.<\/li>\n<\/ol>\n<blockquote>\n<h5>Porter le T-Shirt LiveGood Institutional \u00ab ONE MISSION \u00bb n&#8217;est pas qu&#8217;un acte de mode ;\u00a0c&#8217;est une d\u00e9claration de votre engagement envers une vie ax\u00e9e sur un but.<\/h5>\n<\/blockquote>\n<p>Saisissez cette opportunit\u00e9 \u00e0 dur\u00e9e limit\u00e9e pour montrer votre d\u00e9vouement.\u00a0Vivez avec une seule mission \u2013 LiveGood\u00a0!<\/p>\n<p>Cordialement,<\/p>\n","protected":false},"excerpt":{"rendered":"<p><img decoding=\"async\" class=\"emoji\" role=\"img\" draggable=\"false\" src=\"https:\/\/s.w.org\/images\/core\/emoji\/14.0.0\/svg\/1f49a.svg\" alt=\"????\" \/> Diff\u00e9rents mod\u00e8les<br \/>\n<img decoding=\"async\" class=\"emoji\" role=\"img\" draggable=\"false\" src=\"https:\/\/s.w.org\/images\/core\/emoji\/14.0.0\/svg\/1f49a.svg\" alt=\"????\" \/> Montrez votre amour \u00e0 LiveGooD\u00a0!<\/p>\n<h6>Tailles disponibles:<\/h6>\n<ul>\n<li><label for=\"54\">S<\/label><\/li>\n<li><label for=\"55\">M<\/label><\/li>\n<li><label for=\"56\">L<\/label><\/li>\n<li><label for=\"57\">XL<\/label><\/li>\n<li><label for=\"58\">XXL<\/label><\/li>\n<\/ul>\n<h6 dir=\"ltr\" data-setdir=\"false\"><span style=\"color: #ff0000;\"><em>*Ce tee-shirt \u00c0 DUR\u00c9E LIMIT\u00c9E ne sera JAMAIS imprim\u00e9 \u00e0 nouveau.\u00a0Obtenez le v\u00f4tre maintenant jusqu&#8217;\u00e0 \u00e9puisement des stocks\u00a0!<br \/>\nUNE VISION\u00a0!\u00a0UNE MISSION\u00a0!\u00a0CHANGER LE MONDE ENSEMBLE\u00a0!<\/em><\/span><\/h6>\n","protected":false},"featured_media":321,"comment_status":"open","ping_status":"closed","template":"","meta":[],"product_brand":[],"product_cat":[144],"product_tag":[3710],"class_list":{"0":"post-669","1":"product","2":"type-product","3":"status-publish","4":"has-post-thumbnail","6":"product_cat-accessories-fr-fr","7":"product_tag-unisex-fr-fr","9":"first","10":"instock","11":"featured","12":"shipping-taxable","13":"product-type-external"},"yoast_head":"<!-- This site is optimized with the Yoast SEO Premium plugin v20.6 (Yoast SEO v21.8.1) - https:\/\/yoast.com\/wordpress\/plugins\/seo\/ -->\n<title>Dur\u00e9e limit\u00e9e \u2013 T-shirt ONE MISSION - LiveGooD Shop<\/title>\n<meta name=\"robots\" content=\"index, follow, max-snippet:-1, max-image-preview:large, max-video-preview:-1\" \/>\n<link rel=\"canonical\" href=\"https:\/\/livegood.network\/shop\/fr-fr\/product\/limited-time-one-mission-t-shirt-fr-fr\/\" \/>\n<meta property=\"og:locale\" content=\"en_US\" \/>\n<meta property=\"og:type\" content=\"article\" \/>\n<meta property=\"og:title\" content=\"Dur\u00e9e limit\u00e9e \u2013 T-shirt ONE MISSION\" \/>\n<meta property=\"og:description\" content=\"Diff\u00e9rents mod\u00e8les  Montrez votre amour \u00e0 LiveGooD\u00a0! Tailles disponibles:   S  M  L  XL  XXL  *Ce tee-shirt \u00c0 DUR\u00c9E LIMIT\u00c9E ne sera JAMAIS imprim\u00e9 \u00e0 nouveau.\u00a0Obtenez le v\u00f4tre maintenant jusqu&#039;\u00e0 \u00e9puisement des stocks\u00a0! UNE VISION\u00a0!\u00a0UNE MISSION\u00a0!\u00a0CHANGER LE MONDE ENSEMBLE\u00a0!\" \/>\n<meta property=\"og:url\" content=\"https:\/\/livegood.network\/shop\/fr-fr\/product\/limited-time-one-mission-t-shirt-fr-fr\/\" \/>\n<meta property=\"article:publisher\" content=\"https:\/\/www.facebook.com\/livegoodhello\" \/>\n<meta property=\"article:modified_time\" content=\"2024-01-31T19:34:54+00:00\" \/>\n<meta property=\"og:image\" content=\"https:\/\/livegood.network\/shop\/wp-content\/uploads\/2024\/01\/one-mission-t-shirt-livegood-1.png\" \/>\n\t<meta property=\"og:image:width\" content=\"550\" \/>\n\t<meta property=\"og:image:height\" content=\"550\" \/>\n\t<meta property=\"og:image:type\" content=\"image\/png\" \/>\n<meta name=\"twitter:card\" content=\"summary_large_image\" \/>\n<meta name=\"twitter:label1\" content=\"Est. reading time\" \/>\n\t<meta name=\"twitter:data1\" content=\"1 minute\" \/>\n<script type=\"application\/ld+json\" class=\"yoast-schema-graph\">{\"@context\":\"https:\/\/schema.org\",\"@graph\":[{\"@type\":\"WebPage\",\"@id\":\"https:\/\/livegood.network\/shop\/fr-fr\/product\/limited-time-one-mission-t-shirt-fr-fr\/\",\"url\":\"https:\/\/livegood.network\/shop\/fr-fr\/product\/limited-time-one-mission-t-shirt-fr-fr\/\",\"name\":\"Dur\u00e9e limit\u00e9e \u2013 T-shirt ONE MISSION - LiveGooD Shop\",\"isPartOf\":{\"@id\":\"https:\/\/livegood.network\/shop\/#website\"},\"datePublished\":\"2024-01-23T21:46:17+00:00\",\"dateModified\":\"2024-01-31T19:34:54+00:00\",\"breadcrumb\":{\"@id\":\"https:\/\/livegood.network\/shop\/fr-fr\/product\/limited-time-one-mission-t-shirt-fr-fr\/#breadcrumb\"},\"inLanguage\":\"en-US\",\"potentialAction\":[{\"@type\":\"ReadAction\",\"target\":[\"https:\/\/livegood.network\/shop\/fr-fr\/product\/limited-time-one-mission-t-shirt-fr-fr\/\"]}]},{\"@type\":\"BreadcrumbList\",\"@id\":\"https:\/\/livegood.network\/shop\/fr-fr\/product\/limited-time-one-mission-t-shirt-fr-fr\/#breadcrumb\",\"itemListElement\":[{\"@type\":\"ListItem\",\"position\":1,\"name\":\"Home\",\"item\":\"https:\/\/livegood.network\/shop\/pt-br\/\"},{\"@type\":\"ListItem\",\"position\":2,\"name\":\"Shop\",\"item\":\"https:\/\/livegood.network\/shop\/shop\/\"},{\"@type\":\"ListItem\",\"position\":3,\"name\":\"Dur\u00e9e limit\u00e9e \u2013 T-shirt ONE MISSION\"}]},{\"@type\":\"WebSite\",\"@id\":\"https:\/\/livegood.network\/shop\/#website\",\"url\":\"https:\/\/livegood.network\/shop\/\",\"name\":\"LiveGooD Shop\",\"description\":\"\",\"publisher\":{\"@id\":\"https:\/\/livegood.network\/shop\/#organization\"},\"potentialAction\":[{\"@type\":\"SearchAction\",\"target\":{\"@type\":\"EntryPoint\",\"urlTemplate\":\"https:\/\/livegood.network\/shop\/?s={search_term_string}\"},\"query-input\":\"required name=search_term_string\"}],\"inLanguage\":\"en-US\"},{\"@type\":\"Organization\",\"@id\":\"https:\/\/livegood.network\/shop\/#organization\",\"name\":\"LiveGooD\",\"url\":\"https:\/\/livegood.network\/shop\/\",\"logo\":{\"@type\":\"ImageObject\",\"inLanguage\":\"en-US\",\"@id\":\"https:\/\/livegood.network\/shop\/#\/schema\/logo\/image\/\",\"url\":\"https:\/\/livegood.network\/shop\/wp-content\/uploads\/2024\/01\/logo-livegood-shop-main.png\",\"contentUrl\":\"https:\/\/livegood.network\/shop\/wp-content\/uploads\/2024\/01\/logo-livegood-shop-main.png\",\"width\":373,\"height\":115,\"caption\":\"LiveGooD\"},\"image\":{\"@id\":\"https:\/\/livegood.network\/shop\/#\/schema\/logo\/image\/\"},\"sameAs\":[\"https:\/\/www.facebook.com\/livegoodhello\"]}]}<\/script>\n<!-- \/ Yoast SEO Premium plugin. -->","yoast_head_json":{"title":"Dur\u00e9e limit\u00e9e \u2013 T-shirt ONE MISSION - LiveGooD Shop","robots":{"index":"index","follow":"follow","max-snippet":"max-snippet:-1","max-image-preview":"max-image-preview:large","max-video-preview":"max-video-preview:-1"},"canonical":"https:\/\/livegood.network\/shop\/fr-fr\/product\/limited-time-one-mission-t-shirt-fr-fr\/","og_locale":"en_US","og_type":"article","og_title":"Dur\u00e9e limit\u00e9e \u2013 T-shirt ONE MISSION","og_description":"Diff\u00e9rents mod\u00e8les  Montrez votre amour \u00e0 LiveGooD\u00a0! Tailles disponibles:   S  M  L  XL  XXL  *Ce tee-shirt \u00c0 DUR\u00c9E LIMIT\u00c9E ne sera JAMAIS imprim\u00e9 \u00e0 nouveau.\u00a0Obtenez le v\u00f4tre maintenant jusqu'\u00e0 \u00e9puisement des stocks\u00a0! UNE VISION\u00a0!\u00a0UNE MISSION\u00a0!\u00a0CHANGER LE MONDE ENSEMBLE\u00a0!","og_url":"https:\/\/livegood.network\/shop\/fr-fr\/product\/limited-time-one-mission-t-shirt-fr-fr\/","article_publisher":"https:\/\/www.facebook.com\/livegoodhello","article_modified_time":"2024-01-31T19:34:54+00:00","og_image":[{"width":550,"height":550,"url":"https:\/\/livegood.network\/shop\/wp-content\/uploads\/2024\/01\/one-mission-t-shirt-livegood-1.png","type":"image\/png"}],"twitter_card":"summary_large_image","twitter_misc":{"Est. reading time":"1 minute"},"schema":{"@context":"https:\/\/schema.org","@graph":[{"@type":"WebPage","@id":"https:\/\/livegood.network\/shop\/fr-fr\/product\/limited-time-one-mission-t-shirt-fr-fr\/","url":"https:\/\/livegood.network\/shop\/fr-fr\/product\/limited-time-one-mission-t-shirt-fr-fr\/","name":"Dur\u00e9e limit\u00e9e \u2013 T-shirt ONE MISSION - LiveGooD Shop","isPartOf":{"@id":"https:\/\/livegood.network\/shop\/#website"},"datePublished":"2024-01-23T21:46:17+00:00","dateModified":"2024-01-31T19:34:54+00:00","breadcrumb":{"@id":"https:\/\/livegood.network\/shop\/fr-fr\/product\/limited-time-one-mission-t-shirt-fr-fr\/#breadcrumb"},"inLanguage":"en-US","potentialAction":[{"@type":"ReadAction","target":["https:\/\/livegood.network\/shop\/fr-fr\/product\/limited-time-one-mission-t-shirt-fr-fr\/"]}]},{"@type":"BreadcrumbList","@id":"https:\/\/livegood.network\/shop\/fr-fr\/product\/limited-time-one-mission-t-shirt-fr-fr\/#breadcrumb","itemListElement":[{"@type":"ListItem","position":1,"name":"Home","item":"https:\/\/livegood.network\/shop\/pt-br\/"},{"@type":"ListItem","position":2,"name":"Shop","item":"https:\/\/livegood.network\/shop\/shop\/"},{"@type":"ListItem","position":3,"name":"Dur\u00e9e limit\u00e9e \u2013 T-shirt ONE MISSION"}]},{"@type":"WebSite","@id":"https:\/\/livegood.network\/shop\/#website","url":"https:\/\/livegood.network\/shop\/","name":"LiveGooD Shop","description":"","publisher":{"@id":"https:\/\/livegood.network\/shop\/#organization"},"potentialAction":[{"@type":"SearchAction","target":{"@type":"EntryPoint","urlTemplate":"https:\/\/livegood.network\/shop\/?s={search_term_string}"},"query-input":"required name=search_term_string"}],"inLanguage":"en-US"},{"@type":"Organization","@id":"https:\/\/livegood.network\/shop\/#organization","name":"LiveGooD","url":"https:\/\/livegood.network\/shop\/","logo":{"@type":"ImageObject","inLanguage":"en-US","@id":"https:\/\/livegood.network\/shop\/#\/schema\/logo\/image\/","url":"https:\/\/livegood.network\/shop\/wp-content\/uploads\/2024\/01\/logo-livegood-shop-main.png","contentUrl":"https:\/\/livegood.network\/shop\/wp-content\/uploads\/2024\/01\/logo-livegood-shop-main.png","width":373,"height":115,"caption":"LiveGooD"},"image":{"@id":"https:\/\/livegood.network\/shop\/#\/schema\/logo\/image\/"},"sameAs":["https:\/\/www.facebook.com\/livegoodhello"]}]}},"lang":"fr-fr","translations":{"fr-fr":669,"en-us":320,"pt-br":586,"pt-pt":616,"es-es":670,"vi":671,"ko":673,"ru-ru":672},"pll_sync_post":[],"_links":{"self":[{"href":"https:\/\/livegood.network\/shop\/wp-json\/wp\/v2\/product\/669","targetHints":{"allow":["GET"]}}],"collection":[{"href":"https:\/\/livegood.network\/shop\/wp-json\/wp\/v2\/product"}],"about":[{"href":"https:\/\/livegood.network\/shop\/wp-json\/wp\/v2\/types\/product"}],"replies":[{"embeddable":true,"href":"https:\/\/livegood.network\/shop\/wp-json\/wp\/v2\/comments?post=669"}],"version-history":[{"count":1,"href":"https:\/\/livegood.network\/shop\/wp-json\/wp\/v2\/product\/669\/revisions"}],"predecessor-version":[{"id":1424,"href":"https:\/\/livegood.network\/shop\/wp-json\/wp\/v2\/product\/669\/revisions\/1424"}],"wp:featuredmedia":[{"embeddable":true,"href":"https:\/\/livegood.network\/shop\/wp-json\/wp\/v2\/media\/321"}],"wp:attachment":[{"href":"https:\/\/livegood.network\/shop\/wp-json\/wp\/v2\/media?parent=669"}],"wp:term":[{"taxonomy":"product_brand","embeddable":true,"href":"https:\/\/livegood.network\/shop\/wp-json\/wp\/v2\/product_brand?post=669"},{"taxonomy":"product_cat","embeddable":true,"href":"https:\/\/livegood.network\/shop\/wp-json\/wp\/v2\/product_cat?post=669"},{"taxonomy":"product_tag","embeddable":true,"href":"https:\/\/livegood.network\/shop\/wp-json\/wp\/v2\/product_tag?post=669"}],"curies":[{"name":"wp","href":"https:\/\/api.w.org\/{rel}","templated":true}]}}