{"id":670,"date":"2024-01-23T21:49:03","date_gmt":"2024-01-23T21:49:03","guid":{"rendered":"https:\/\/livegood.network\/shop\/?post_type=product&#038;p=670"},"modified":"2024-01-31T19:34:36","modified_gmt":"2024-01-31T19:34:36","slug":"limited-time-one-mission-t-shirt-es-es","status":"publish","type":"product","link":"https:\/\/livegood.network\/shop\/es-es\/product\/limited-time-one-mission-t-shirt-es-es\/","title":{"rendered":"Por tiempo limitado: camiseta ONE MISSION"},"content":{"rendered":"<p><strong>Presentaci\u00f3n Edici\u00f3n Limitada: Camiseta Institucional LiveGood \u00abONE MISSION\u00bb \u2013 \u00a1Aprovecha el Momento de la Devoci\u00f3n!<\/strong><\/p>\n<p>Estimado cliente,<\/p>\n<p>Emb\u00e1rquese en un viaje de devoci\u00f3n y estilo con la camiseta institucional \u00abONE MISSION\u00bb de edici\u00f3n limitada de LiveGood.\u00a0Este lanzamiento exclusivo es m\u00e1s que solo ropa;\u00a0es un s\u00edmbolo de su compromiso inquebrantable con una vida llena de prop\u00f3sito y admiraci\u00f3n por el esp\u00edritu de LiveGood.<\/p>\n<p><strong>\u00bfPor qu\u00e9 la camiseta \u00abONE MISSION\u00bb?<\/strong><\/p>\n<ol>\n<li><strong>Exclusivo por tiempo limitado:<\/strong>\u00a0\u00a1Date prisa, ya que esta camiseta est\u00e1 disponible solo por tiempo limitado!\u00a0Sea parte de un grupo de \u00e9lite que muestra su lealtad a la misi\u00f3n de LiveGood.<\/li>\n<li><strong>Dise\u00f1o empoderador:<\/strong>\u00a0la audaz declaraci\u00f3n \u00abONE MISSION\u00bb es m\u00e1s que palabras sobre tela;\u00a0es una afirmaci\u00f3n diaria de su dedicaci\u00f3n a un enfoque singular: una vida vivida al m\u00e1ximo.<\/li>\n<li><strong>Elegancia c\u00f3moda:<\/strong>\u00a0confeccionada con los mejores materiales, esta camiseta combina a la perfecci\u00f3n comodidad con estilo.\u00a0No es s\u00f3lo una prenda;\u00a0es una extensi\u00f3n de tu identidad.<\/li>\n<\/ol>\n<blockquote>\n<h5>Llevar la camiseta \u00abONE MISSION\u00bb de LiveGood Institutional no es s\u00f3lo un acto de moda;\u00a0es una declaraci\u00f3n de su compromiso con una vida impulsada por un prop\u00f3sito.<\/h5>\n<\/blockquote>\n<p>Aprovecha esta oportunidad por tiempo limitado para mostrar tu devoci\u00f3n.\u00a0Vive con una misi\u00f3n: \u00a1LiveGood!<\/p>\n<p>Atentamente,<\/p>\n","protected":false},"excerpt":{"rendered":"<p><img decoding=\"async\" class=\"emoji\" role=\"img\" draggable=\"false\" src=\"https:\/\/s.w.org\/images\/core\/emoji\/14.0.0\/svg\/1f49a.svg\" alt=\"????\" \/> Varios modelos<br \/>\n<img decoding=\"async\" class=\"emoji\" role=\"img\" draggable=\"false\" src=\"https:\/\/s.w.org\/images\/core\/emoji\/14.0.0\/svg\/1f49a.svg\" alt=\"????\" \/> \u00a1Muestre amor por LiveGooD!<\/p>\n<h6>Tallas disponibles:<\/h6>\n<ul>\n<li><label for=\"54\">S<\/label><\/li>\n<li><label for=\"55\">METRO<\/label><\/li>\n<li><label for=\"56\">l<\/label><\/li>\n<li><label for=\"57\">SG<\/label><\/li>\n<li><label for=\"58\">XL<\/label><\/li>\n<\/ul>\n<h6 dir=\"ltr\" data-setdir=\"false\"><span style=\"color: #ff0000;\"><em>*Esta camiseta por TIEMPO LIMITADO NUNCA se volver\u00e1 a imprimir.\u00a0\u00a1Consigue el tuyo ahora hasta agotar existencias!<\/em><\/span><br \/>\n<span style=\"color: #ff0000;\"><em>\u00a1UNA VISI\u00d3N!\u00a0\u00a1UNA MISI\u00d3N!\u00a0\u00a1CAMBIANDO EL MUNDO JUNTOS!<\/em><\/span><\/h6>\n","protected":false},"featured_media":321,"comment_status":"open","ping_status":"closed","template":"","meta":[],"product_brand":[],"product_cat":[146],"product_tag":[3713],"class_list":{"0":"post-670","1":"product","2":"type-product","3":"status-publish","4":"has-post-thumbnail","6":"product_cat-accessories-es-es","7":"product_tag-unisex-es-es","9":"first","10":"instock","11":"featured","12":"shipping-taxable","13":"product-type-external"},"yoast_head":"<!-- This site is optimized with the Yoast SEO Premium plugin v20.6 (Yoast SEO v21.8.1) - https:\/\/yoast.com\/wordpress\/plugins\/seo\/ -->\n<title>Por tiempo limitado: camiseta ONE MISSION - LiveGooD Shop<\/title>\n<meta name=\"robots\" content=\"index, follow, max-snippet:-1, max-image-preview:large, max-video-preview:-1\" \/>\n<link rel=\"canonical\" href=\"https:\/\/livegood.network\/shop\/es-es\/product\/limited-time-one-mission-t-shirt-es-es\/\" \/>\n<meta property=\"og:locale\" content=\"en_US\" \/>\n<meta property=\"og:type\" content=\"article\" \/>\n<meta property=\"og:title\" content=\"Por tiempo limitado: camiseta ONE MISSION\" \/>\n<meta property=\"og:description\" content=\"Varios modelos  \u00a1Muestre amor por LiveGooD! Tallas disponibles:   S  METRO  l  SG  XL  *Esta camiseta por TIEMPO LIMITADO NUNCA se volver\u00e1 a imprimir.\u00a0\u00a1Consigue el tuyo ahora hasta agotar existencias! \u00a1UNA VISI\u00d3N!\u00a0\u00a1UNA MISI\u00d3N!\u00a0\u00a1CAMBIANDO EL MUNDO JUNTOS!\" \/>\n<meta property=\"og:url\" content=\"https:\/\/livegood.network\/shop\/es-es\/product\/limited-time-one-mission-t-shirt-es-es\/\" \/>\n<meta property=\"article:publisher\" content=\"https:\/\/www.facebook.com\/livegoodhello\" \/>\n<meta property=\"article:modified_time\" content=\"2024-01-31T19:34:36+00:00\" \/>\n<meta property=\"og:image\" content=\"https:\/\/livegood.network\/shop\/wp-content\/uploads\/2024\/01\/one-mission-t-shirt-livegood-1.png\" \/>\n\t<meta property=\"og:image:width\" content=\"550\" \/>\n\t<meta property=\"og:image:height\" content=\"550\" \/>\n\t<meta property=\"og:image:type\" content=\"image\/png\" \/>\n<meta name=\"twitter:card\" content=\"summary_large_image\" \/>\n<meta name=\"twitter:label1\" content=\"Est. reading time\" \/>\n\t<meta name=\"twitter:data1\" content=\"1 minute\" \/>\n<script type=\"application\/ld+json\" class=\"yoast-schema-graph\">{\"@context\":\"https:\/\/schema.org\",\"@graph\":[{\"@type\":\"WebPage\",\"@id\":\"https:\/\/livegood.network\/shop\/es-es\/product\/limited-time-one-mission-t-shirt-es-es\/\",\"url\":\"https:\/\/livegood.network\/shop\/es-es\/product\/limited-time-one-mission-t-shirt-es-es\/\",\"name\":\"Por tiempo limitado: camiseta ONE MISSION - LiveGooD Shop\",\"isPartOf\":{\"@id\":\"https:\/\/livegood.network\/shop\/#website\"},\"datePublished\":\"2024-01-23T21:49:03+00:00\",\"dateModified\":\"2024-01-31T19:34:36+00:00\",\"breadcrumb\":{\"@id\":\"https:\/\/livegood.network\/shop\/es-es\/product\/limited-time-one-mission-t-shirt-es-es\/#breadcrumb\"},\"inLanguage\":\"en-US\",\"potentialAction\":[{\"@type\":\"ReadAction\",\"target\":[\"https:\/\/livegood.network\/shop\/es-es\/product\/limited-time-one-mission-t-shirt-es-es\/\"]}]},{\"@type\":\"BreadcrumbList\",\"@id\":\"https:\/\/livegood.network\/shop\/es-es\/product\/limited-time-one-mission-t-shirt-es-es\/#breadcrumb\",\"itemListElement\":[{\"@type\":\"ListItem\",\"position\":1,\"name\":\"Home\",\"item\":\"https:\/\/livegood.network\/shop\/pt-br\/\"},{\"@type\":\"ListItem\",\"position\":2,\"name\":\"Shop\",\"item\":\"https:\/\/livegood.network\/shop\/shop\/\"},{\"@type\":\"ListItem\",\"position\":3,\"name\":\"Por tiempo limitado: camiseta ONE MISSION\"}]},{\"@type\":\"WebSite\",\"@id\":\"https:\/\/livegood.network\/shop\/#website\",\"url\":\"https:\/\/livegood.network\/shop\/\",\"name\":\"LiveGooD Shop\",\"description\":\"\",\"publisher\":{\"@id\":\"https:\/\/livegood.network\/shop\/#organization\"},\"potentialAction\":[{\"@type\":\"SearchAction\",\"target\":{\"@type\":\"EntryPoint\",\"urlTemplate\":\"https:\/\/livegood.network\/shop\/?s={search_term_string}\"},\"query-input\":\"required name=search_term_string\"}],\"inLanguage\":\"en-US\"},{\"@type\":\"Organization\",\"@id\":\"https:\/\/livegood.network\/shop\/#organization\",\"name\":\"LiveGooD\",\"url\":\"https:\/\/livegood.network\/shop\/\",\"logo\":{\"@type\":\"ImageObject\",\"inLanguage\":\"en-US\",\"@id\":\"https:\/\/livegood.network\/shop\/#\/schema\/logo\/image\/\",\"url\":\"https:\/\/livegood.network\/shop\/wp-content\/uploads\/2024\/01\/logo-livegood-shop-main.png\",\"contentUrl\":\"https:\/\/livegood.network\/shop\/wp-content\/uploads\/2024\/01\/logo-livegood-shop-main.png\",\"width\":373,\"height\":115,\"caption\":\"LiveGooD\"},\"image\":{\"@id\":\"https:\/\/livegood.network\/shop\/#\/schema\/logo\/image\/\"},\"sameAs\":[\"https:\/\/www.facebook.com\/livegoodhello\"]}]}<\/script>\n<!-- \/ Yoast SEO Premium plugin. -->","yoast_head_json":{"title":"Por tiempo limitado: camiseta ONE MISSION - LiveGooD Shop","robots":{"index":"index","follow":"follow","max-snippet":"max-snippet:-1","max-image-preview":"max-image-preview:large","max-video-preview":"max-video-preview:-1"},"canonical":"https:\/\/livegood.network\/shop\/es-es\/product\/limited-time-one-mission-t-shirt-es-es\/","og_locale":"en_US","og_type":"article","og_title":"Por tiempo limitado: camiseta ONE MISSION","og_description":"Varios modelos  \u00a1Muestre amor por LiveGooD! Tallas disponibles:   S  METRO  l  SG  XL  *Esta camiseta por TIEMPO LIMITADO NUNCA se volver\u00e1 a imprimir.\u00a0\u00a1Consigue el tuyo ahora hasta agotar existencias! \u00a1UNA VISI\u00d3N!\u00a0\u00a1UNA MISI\u00d3N!\u00a0\u00a1CAMBIANDO EL MUNDO JUNTOS!","og_url":"https:\/\/livegood.network\/shop\/es-es\/product\/limited-time-one-mission-t-shirt-es-es\/","article_publisher":"https:\/\/www.facebook.com\/livegoodhello","article_modified_time":"2024-01-31T19:34:36+00:00","og_image":[{"width":550,"height":550,"url":"https:\/\/livegood.network\/shop\/wp-content\/uploads\/2024\/01\/one-mission-t-shirt-livegood-1.png","type":"image\/png"}],"twitter_card":"summary_large_image","twitter_misc":{"Est. reading time":"1 minute"},"schema":{"@context":"https:\/\/schema.org","@graph":[{"@type":"WebPage","@id":"https:\/\/livegood.network\/shop\/es-es\/product\/limited-time-one-mission-t-shirt-es-es\/","url":"https:\/\/livegood.network\/shop\/es-es\/product\/limited-time-one-mission-t-shirt-es-es\/","name":"Por tiempo limitado: camiseta ONE MISSION - LiveGooD Shop","isPartOf":{"@id":"https:\/\/livegood.network\/shop\/#website"},"datePublished":"2024-01-23T21:49:03+00:00","dateModified":"2024-01-31T19:34:36+00:00","breadcrumb":{"@id":"https:\/\/livegood.network\/shop\/es-es\/product\/limited-time-one-mission-t-shirt-es-es\/#breadcrumb"},"inLanguage":"en-US","potentialAction":[{"@type":"ReadAction","target":["https:\/\/livegood.network\/shop\/es-es\/product\/limited-time-one-mission-t-shirt-es-es\/"]}]},{"@type":"BreadcrumbList","@id":"https:\/\/livegood.network\/shop\/es-es\/product\/limited-time-one-mission-t-shirt-es-es\/#breadcrumb","itemListElement":[{"@type":"ListItem","position":1,"name":"Home","item":"https:\/\/livegood.network\/shop\/pt-br\/"},{"@type":"ListItem","position":2,"name":"Shop","item":"https:\/\/livegood.network\/shop\/shop\/"},{"@type":"ListItem","position":3,"name":"Por tiempo limitado: camiseta ONE MISSION"}]},{"@type":"WebSite","@id":"https:\/\/livegood.network\/shop\/#website","url":"https:\/\/livegood.network\/shop\/","name":"LiveGooD Shop","description":"","publisher":{"@id":"https:\/\/livegood.network\/shop\/#organization"},"potentialAction":[{"@type":"SearchAction","target":{"@type":"EntryPoint","urlTemplate":"https:\/\/livegood.network\/shop\/?s={search_term_string}"},"query-input":"required name=search_term_string"}],"inLanguage":"en-US"},{"@type":"Organization","@id":"https:\/\/livegood.network\/shop\/#organization","name":"LiveGooD","url":"https:\/\/livegood.network\/shop\/","logo":{"@type":"ImageObject","inLanguage":"en-US","@id":"https:\/\/livegood.network\/shop\/#\/schema\/logo\/image\/","url":"https:\/\/livegood.network\/shop\/wp-content\/uploads\/2024\/01\/logo-livegood-shop-main.png","contentUrl":"https:\/\/livegood.network\/shop\/wp-content\/uploads\/2024\/01\/logo-livegood-shop-main.png","width":373,"height":115,"caption":"LiveGooD"},"image":{"@id":"https:\/\/livegood.network\/shop\/#\/schema\/logo\/image\/"},"sameAs":["https:\/\/www.facebook.com\/livegoodhello"]}]}},"lang":"es-es","translations":{"es-es":670,"en-us":320,"pt-br":586,"pt-pt":616,"fr-fr":669,"vi":671,"ko":673,"ru-ru":672},"pll_sync_post":[],"_links":{"self":[{"href":"https:\/\/livegood.network\/shop\/wp-json\/wp\/v2\/product\/670","targetHints":{"allow":["GET"]}}],"collection":[{"href":"https:\/\/livegood.network\/shop\/wp-json\/wp\/v2\/product"}],"about":[{"href":"https:\/\/livegood.network\/shop\/wp-json\/wp\/v2\/types\/product"}],"replies":[{"embeddable":true,"href":"https:\/\/livegood.network\/shop\/wp-json\/wp\/v2\/comments?post=670"}],"version-history":[{"count":1,"href":"https:\/\/livegood.network\/shop\/wp-json\/wp\/v2\/product\/670\/revisions"}],"predecessor-version":[{"id":1423,"href":"https:\/\/livegood.network\/shop\/wp-json\/wp\/v2\/product\/670\/revisions\/1423"}],"wp:featuredmedia":[{"embeddable":true,"href":"https:\/\/livegood.network\/shop\/wp-json\/wp\/v2\/media\/321"}],"wp:attachment":[{"href":"https:\/\/livegood.network\/shop\/wp-json\/wp\/v2\/media?parent=670"}],"wp:term":[{"taxonomy":"product_brand","embeddable":true,"href":"https:\/\/livegood.network\/shop\/wp-json\/wp\/v2\/product_brand?post=670"},{"taxonomy":"product_cat","embeddable":true,"href":"https:\/\/livegood.network\/shop\/wp-json\/wp\/v2\/product_cat?post=670"},{"taxonomy":"product_tag","embeddable":true,"href":"https:\/\/livegood.network\/shop\/wp-json\/wp\/v2\/product_tag?post=670"}],"curies":[{"name":"wp","href":"https:\/\/api.w.org\/{rel}","templated":true}]}}