{"id":681,"date":"2024-01-23T22:01:12","date_gmt":"2024-01-23T22:01:12","guid":{"rendered":"https:\/\/livegood.network\/shop\/?post_type=product&#038;p=681"},"modified":"2024-01-23T22:01:14","modified_gmt":"2024-01-23T22:01:14","slug":"livegood-polos-pt-pt","status":"publish","type":"product","link":"https:\/\/livegood.network\/shop\/pt-pt\/product\/livegood-polos-pt-pt\/","title":{"rendered":"LiveGood Polos"},"content":{"rendered":"<p><strong>Apresenta\u00e7\u00e3o Exclusiva: Camisas Polo Institucionais LiveGood \u2013 Use Sua Dedica\u00e7\u00e3o!<\/strong><\/p>\n<p>Ol\u00e1 cliente,<\/p>\n<p>Entre no reino da sofistica\u00e7\u00e3o e do bem-estar com as camisas p\u00f3lo institucionais da LiveGood &#8211; onde o estilo encontra a devo\u00e7\u00e3o.\u00a0Nossas camisas p\u00f3lo s\u00e3o mais do que pe\u00e7as de vestu\u00e1rio;\u00a0eles s\u00e3o uma express\u00e3o poderosa de sua admira\u00e7\u00e3o e compromisso com o estilo de vida LiveGood.<\/p>\n<p><strong>Por que escolher a camisa p\u00f3lo institucional LiveGood?<\/strong><\/p>\n<ol>\n<li><strong>Estilo elevado:<\/strong>\u00a0Projetadas com um toque de eleg\u00e2ncia, nossas camisas p\u00f3lo combinam perfeitamente a moda com o esp\u00edrito da LiveGood.\u00a0N\u00e3o \u00e9 apenas uma camisa;\u00a0\u00e9 uma pe\u00e7a de declara\u00e7\u00e3o.<\/li>\n<li><strong>Qualidade Premium:<\/strong>\u00a0Fabricadas com os melhores materiais, nossas camisas p\u00f3lo garantem uma sensa\u00e7\u00e3o confort\u00e1vel e luxuosa.\u00a0A qualidade n\u00e3o \u00e9 uma op\u00e7\u00e3o;\u00a0\u00c9 uma promessa.<\/li>\n<li><strong>Marca exclusiva:<\/strong>\u00a0adornada com o ic\u00f4nico logotipo LiveGood, cada camisa p\u00f3lo \u00e9 um s\u00edmbolo de sua lealdade a uma vida bem vivida e celebrada.<\/li>\n<\/ol>\n<p><strong>O que sua camisa p\u00f3lo simboliza?<\/strong><\/p>\n<p>Escolher a camisa p\u00f3lo institucional LiveGood n\u00e3o \u00e9 apenas uma escolha de moda;\u00a0\u00e9 uma prova do seu compromisso com um estilo de vida que prioriza o bem-estar, a positividade e a vitalidade.<\/p>\n<blockquote>\n<h5>A camisa p\u00f3lo institucional LiveGood \u00e9 mais do que uma pe\u00e7a de roupa;\u00a0\u00e9 um s\u00edmbolo de sua afilia\u00e7\u00e3o a uma comunidade dedicada \u00e0 busca de um estilo de vida hol\u00edstico e pr\u00f3spero.<\/h5>\n<\/blockquote>\n<p><em><strong>Junte-se a n\u00f3s para viver bem, viva o LiveGood!<\/strong><\/em><\/p>\n<p>Atenciosamente,<\/p>\n","protected":false},"excerpt":{"rendered":"<p><img decoding=\"async\" class=\"emoji\" role=\"img\" draggable=\"false\" src=\"https:\/\/s.w.org\/images\/core\/emoji\/14.0.0\/svg\/1f49a.svg\" alt=\"????\" \/>V\u00e1rios modelos<br \/>\n<img decoding=\"async\" class=\"emoji\" role=\"img\" draggable=\"false\" src=\"https:\/\/s.w.org\/images\/core\/emoji\/14.0.0\/svg\/1f49a.svg\" alt=\"????\" \/>Mostre amor ao LiveGooD!<\/p>\n<h6>Tamanhos dispon\u00edveis:<\/h6>\n<ul>\n<li><label for=\"54\">S<\/label><\/li>\n<li><label for=\"55\">M<\/label><\/li>\n<li><label for=\"56\">L<\/label><\/li>\n<li><label for=\"57\">XL<\/label><\/li>\n<li><label for=\"58\">XXL<\/label><\/li>\n<\/ul>\n","protected":false},"featured_media":312,"comment_status":"open","ping_status":"closed","template":"","meta":[],"product_brand":[],"product_cat":[135,182],"product_tag":[],"class_list":{"0":"post-681","1":"product","2":"type-product","3":"status-publish","4":"has-post-thumbnail","6":"product_cat-accessories-pt-pt","7":"product_cat-men-pt-pt","9":"first","10":"instock","11":"shipping-taxable","12":"product-type-external"},"yoast_head":"<!-- This site is optimized with the Yoast SEO Premium plugin v20.6 (Yoast SEO v21.8.1) - https:\/\/yoast.com\/wordpress\/plugins\/seo\/ -->\n<title>LiveGood Polos - LiveGooD Shop<\/title>\n<meta name=\"robots\" content=\"index, follow, max-snippet:-1, max-image-preview:large, max-video-preview:-1\" \/>\n<link rel=\"canonical\" href=\"https:\/\/livegood.network\/shop\/pt-pt\/product\/livegood-polos-pt-pt\/\" \/>\n<meta property=\"og:locale\" content=\"en_US\" \/>\n<meta property=\"og:type\" content=\"article\" \/>\n<meta property=\"og:title\" content=\"LiveGood Polos\" \/>\n<meta property=\"og:description\" content=\"V\u00e1rios modelos Mostre amor ao LiveGooD! Tamanhos dispon\u00edveis:   S  M  L  XL  XXL\" \/>\n<meta property=\"og:url\" content=\"https:\/\/livegood.network\/shop\/pt-pt\/product\/livegood-polos-pt-pt\/\" \/>\n<meta property=\"article:publisher\" content=\"https:\/\/www.facebook.com\/livegoodhello\" \/>\n<meta property=\"article:modified_time\" content=\"2024-01-23T22:01:14+00:00\" \/>\n<meta property=\"og:image\" content=\"https:\/\/livegood.network\/shop\/wp-content\/uploads\/2024\/01\/polo-shirts-livegood.png\" \/>\n\t<meta property=\"og:image:width\" content=\"1000\" \/>\n\t<meta property=\"og:image:height\" content=\"1000\" \/>\n\t<meta property=\"og:image:type\" content=\"image\/png\" \/>\n<meta name=\"twitter:card\" content=\"summary_large_image\" \/>\n<meta name=\"twitter:label1\" content=\"Est. reading time\" \/>\n\t<meta name=\"twitter:data1\" content=\"2 minutes\" \/>\n<script type=\"application\/ld+json\" class=\"yoast-schema-graph\">{\"@context\":\"https:\/\/schema.org\",\"@graph\":[{\"@type\":\"WebPage\",\"@id\":\"https:\/\/livegood.network\/shop\/pt-pt\/product\/livegood-polos-pt-pt\/\",\"url\":\"https:\/\/livegood.network\/shop\/pt-pt\/product\/livegood-polos-pt-pt\/\",\"name\":\"LiveGood Polos - LiveGooD Shop\",\"isPartOf\":{\"@id\":\"https:\/\/livegood.network\/shop\/#website\"},\"datePublished\":\"2024-01-23T22:01:12+00:00\",\"dateModified\":\"2024-01-23T22:01:14+00:00\",\"breadcrumb\":{\"@id\":\"https:\/\/livegood.network\/shop\/pt-pt\/product\/livegood-polos-pt-pt\/#breadcrumb\"},\"inLanguage\":\"en-US\",\"potentialAction\":[{\"@type\":\"ReadAction\",\"target\":[\"https:\/\/livegood.network\/shop\/pt-pt\/product\/livegood-polos-pt-pt\/\"]}]},{\"@type\":\"BreadcrumbList\",\"@id\":\"https:\/\/livegood.network\/shop\/pt-pt\/product\/livegood-polos-pt-pt\/#breadcrumb\",\"itemListElement\":[{\"@type\":\"ListItem\",\"position\":1,\"name\":\"Home\",\"item\":\"https:\/\/livegood.network\/shop\/pt-br\/\"},{\"@type\":\"ListItem\",\"position\":2,\"name\":\"Shop\",\"item\":\"https:\/\/livegood.network\/shop\/shop\/\"},{\"@type\":\"ListItem\",\"position\":3,\"name\":\"LiveGood Polos\"}]},{\"@type\":\"WebSite\",\"@id\":\"https:\/\/livegood.network\/shop\/#website\",\"url\":\"https:\/\/livegood.network\/shop\/\",\"name\":\"LiveGooD Shop\",\"description\":\"\",\"publisher\":{\"@id\":\"https:\/\/livegood.network\/shop\/#organization\"},\"potentialAction\":[{\"@type\":\"SearchAction\",\"target\":{\"@type\":\"EntryPoint\",\"urlTemplate\":\"https:\/\/livegood.network\/shop\/?s={search_term_string}\"},\"query-input\":\"required name=search_term_string\"}],\"inLanguage\":\"en-US\"},{\"@type\":\"Organization\",\"@id\":\"https:\/\/livegood.network\/shop\/#organization\",\"name\":\"LiveGooD\",\"url\":\"https:\/\/livegood.network\/shop\/\",\"logo\":{\"@type\":\"ImageObject\",\"inLanguage\":\"en-US\",\"@id\":\"https:\/\/livegood.network\/shop\/#\/schema\/logo\/image\/\",\"url\":\"https:\/\/livegood.network\/shop\/wp-content\/uploads\/2024\/01\/logo-livegood-shop-main.png\",\"contentUrl\":\"https:\/\/livegood.network\/shop\/wp-content\/uploads\/2024\/01\/logo-livegood-shop-main.png\",\"width\":373,\"height\":115,\"caption\":\"LiveGooD\"},\"image\":{\"@id\":\"https:\/\/livegood.network\/shop\/#\/schema\/logo\/image\/\"},\"sameAs\":[\"https:\/\/www.facebook.com\/livegoodhello\"]}]}<\/script>\n<!-- \/ Yoast SEO Premium plugin. -->","yoast_head_json":{"title":"LiveGood Polos - LiveGooD Shop","robots":{"index":"index","follow":"follow","max-snippet":"max-snippet:-1","max-image-preview":"max-image-preview:large","max-video-preview":"max-video-preview:-1"},"canonical":"https:\/\/livegood.network\/shop\/pt-pt\/product\/livegood-polos-pt-pt\/","og_locale":"en_US","og_type":"article","og_title":"LiveGood Polos","og_description":"V\u00e1rios modelos Mostre amor ao LiveGooD! Tamanhos dispon\u00edveis:   S  M  L  XL  XXL","og_url":"https:\/\/livegood.network\/shop\/pt-pt\/product\/livegood-polos-pt-pt\/","article_publisher":"https:\/\/www.facebook.com\/livegoodhello","article_modified_time":"2024-01-23T22:01:14+00:00","og_image":[{"width":1000,"height":1000,"url":"https:\/\/livegood.network\/shop\/wp-content\/uploads\/2024\/01\/polo-shirts-livegood.png","type":"image\/png"}],"twitter_card":"summary_large_image","twitter_misc":{"Est. reading time":"2 minutes"},"schema":{"@context":"https:\/\/schema.org","@graph":[{"@type":"WebPage","@id":"https:\/\/livegood.network\/shop\/pt-pt\/product\/livegood-polos-pt-pt\/","url":"https:\/\/livegood.network\/shop\/pt-pt\/product\/livegood-polos-pt-pt\/","name":"LiveGood Polos - LiveGooD Shop","isPartOf":{"@id":"https:\/\/livegood.network\/shop\/#website"},"datePublished":"2024-01-23T22:01:12+00:00","dateModified":"2024-01-23T22:01:14+00:00","breadcrumb":{"@id":"https:\/\/livegood.network\/shop\/pt-pt\/product\/livegood-polos-pt-pt\/#breadcrumb"},"inLanguage":"en-US","potentialAction":[{"@type":"ReadAction","target":["https:\/\/livegood.network\/shop\/pt-pt\/product\/livegood-polos-pt-pt\/"]}]},{"@type":"BreadcrumbList","@id":"https:\/\/livegood.network\/shop\/pt-pt\/product\/livegood-polos-pt-pt\/#breadcrumb","itemListElement":[{"@type":"ListItem","position":1,"name":"Home","item":"https:\/\/livegood.network\/shop\/pt-br\/"},{"@type":"ListItem","position":2,"name":"Shop","item":"https:\/\/livegood.network\/shop\/shop\/"},{"@type":"ListItem","position":3,"name":"LiveGood Polos"}]},{"@type":"WebSite","@id":"https:\/\/livegood.network\/shop\/#website","url":"https:\/\/livegood.network\/shop\/","name":"LiveGooD Shop","description":"","publisher":{"@id":"https:\/\/livegood.network\/shop\/#organization"},"potentialAction":[{"@type":"SearchAction","target":{"@type":"EntryPoint","urlTemplate":"https:\/\/livegood.network\/shop\/?s={search_term_string}"},"query-input":"required name=search_term_string"}],"inLanguage":"en-US"},{"@type":"Organization","@id":"https:\/\/livegood.network\/shop\/#organization","name":"LiveGooD","url":"https:\/\/livegood.network\/shop\/","logo":{"@type":"ImageObject","inLanguage":"en-US","@id":"https:\/\/livegood.network\/shop\/#\/schema\/logo\/image\/","url":"https:\/\/livegood.network\/shop\/wp-content\/uploads\/2024\/01\/logo-livegood-shop-main.png","contentUrl":"https:\/\/livegood.network\/shop\/wp-content\/uploads\/2024\/01\/logo-livegood-shop-main.png","width":373,"height":115,"caption":"LiveGooD"},"image":{"@id":"https:\/\/livegood.network\/shop\/#\/schema\/logo\/image\/"},"sameAs":["https:\/\/www.facebook.com\/livegoodhello"]}]}},"lang":"pt-pt","translations":{"pt-pt":681,"en-us":311,"fr-fr":682,"es-es":684,"vi":685,"ru-ru":686,"pt-br":680,"ko":687},"pll_sync_post":[],"_links":{"self":[{"href":"https:\/\/livegood.network\/shop\/wp-json\/wp\/v2\/product\/681","targetHints":{"allow":["GET"]}}],"collection":[{"href":"https:\/\/livegood.network\/shop\/wp-json\/wp\/v2\/product"}],"about":[{"href":"https:\/\/livegood.network\/shop\/wp-json\/wp\/v2\/types\/product"}],"replies":[{"embeddable":true,"href":"https:\/\/livegood.network\/shop\/wp-json\/wp\/v2\/comments?post=681"}],"version-history":[{"count":0,"href":"https:\/\/livegood.network\/shop\/wp-json\/wp\/v2\/product\/681\/revisions"}],"wp:featuredmedia":[{"embeddable":true,"href":"https:\/\/livegood.network\/shop\/wp-json\/wp\/v2\/media\/312"}],"wp:attachment":[{"href":"https:\/\/livegood.network\/shop\/wp-json\/wp\/v2\/media?parent=681"}],"wp:term":[{"taxonomy":"product_brand","embeddable":true,"href":"https:\/\/livegood.network\/shop\/wp-json\/wp\/v2\/product_brand?post=681"},{"taxonomy":"product_cat","embeddable":true,"href":"https:\/\/livegood.network\/shop\/wp-json\/wp\/v2\/product_cat?post=681"},{"taxonomy":"product_tag","embeddable":true,"href":"https:\/\/livegood.network\/shop\/wp-json\/wp\/v2\/product_tag?post=681"}],"curies":[{"name":"wp","href":"https:\/\/api.w.org\/{rel}","templated":true}]}}