{"id":682,"date":"2024-01-23T22:02:44","date_gmt":"2024-01-23T22:02:44","guid":{"rendered":"https:\/\/livegood.network\/shop\/?post_type=product&#038;p=682"},"modified":"2024-01-23T22:02:45","modified_gmt":"2024-01-23T22:02:45","slug":"livegood-polos-fr-fr","status":"publish","type":"product","link":"https:\/\/livegood.network\/shop\/fr-fr\/product\/livegood-polos-fr-fr\/","title":{"rendered":"LiveGood Polos"},"content":{"rendered":"<p><strong><span>Pr\u00e9sentation exclusive : Polos institutionnels LiveGood \u2013 Portez votre d\u00e9vouement !<\/span><\/strong><\/p>\n<p><span>Bonjour client,<\/span><\/p>\n<p><span>Entrez dans le royaume de la sophistication et du bien-\u00eatre avec les polos institutionnels de LiveGood \u2013 o\u00f9 le style rencontre la d\u00e9votion.\u00a0Nos polos sont plus que des v\u00eatements ;\u00a0ils sont une expression puissante de votre admiration et de votre engagement envers le style de vie LiveGood.<\/span><\/p>\n<p><strong><span>Pourquoi choisir le polo institutionnel LiveGood ?<\/span><\/strong><\/p>\n<ol>\n<li><strong><span>Style \u00e9lev\u00e9 :<\/span><\/strong><span>\u00a0con\u00e7us avec une touche d&#8217;\u00e9l\u00e9gance, nos polos allient parfaitement la mode \u00e0 l&#8217;\u00e9thique de LiveGood.\u00a0Ce n&#8217;est pas seulement une chemise ;\u00a0c&#8217;est une pi\u00e8ce de d\u00e9claration.<\/span><\/li>\n<li><strong><span>Qualit\u00e9 sup\u00e9rieure :<\/span><\/strong><span>\u00a0fabriqu\u00e9s \u00e0 partir des meilleurs mat\u00e9riaux, nos polos garantissent une sensation confortable et luxueuse.\u00a0La qualit\u00e9 n\u2019est pas une option ;\u00a0C&#8217;est une promesse.<\/span><\/li>\n<li><strong><span>Signature de marque :<\/span><\/strong><span>\u00a0orn\u00e9 du logo embl\u00e9matique LiveGood, chaque polo est un symbole de votre all\u00e9geance \u00e0 une vie bien v\u00e9cue et c\u00e9l\u00e9br\u00e9e.<\/span><\/li>\n<\/ol>\n<p><strong><span>Que symbolise votre polo ?<\/span><\/strong><\/p>\n<p><span>Choisir le polo LiveGood Institutional n&#8217;est pas simplement un choix de mode ;\u00a0c&#8217;est un t\u00e9moignage de votre engagement envers un style de vie qui donne la priorit\u00e9 au bien-\u00eatre, \u00e0 la positivit\u00e9 et \u00e0 la vitalit\u00e9.<\/span><\/p>\n<blockquote>\n<h5><span>Le polo LiveGood Institutional est plus qu&#8217;un simple v\u00eatement ;\u00a0c&#8217;est un symbole de votre affiliation \u00e0 une communaut\u00e9 d\u00e9di\u00e9e \u00e0 la poursuite d&#8217;un style de vie holistique et prosp\u00e8re.<\/span><\/h5>\n<\/blockquote>\n<p><em><strong><span>Rejoignez-nous pour bien vivre, vivez LiveGood\u00a0!<\/span><\/strong><\/em><\/p>\n<p><span>Cordialement,<\/span><\/p>\n","protected":false},"excerpt":{"rendered":"<p><img decoding=\"async\" class=\"emoji\" role=\"img\" draggable=\"false\" src=\"https:\/\/s.w.org\/images\/core\/emoji\/14.0.0\/svg\/1f49a.svg\" alt=\"????\" \/><span>Diff\u00e9rents mod\u00e8les<\/span><br \/>\n<img decoding=\"async\" class=\"emoji\" role=\"img\" draggable=\"false\" src=\"https:\/\/s.w.org\/images\/core\/emoji\/14.0.0\/svg\/1f49a.svg\" alt=\"????\" \/><span>Montrez votre amour \u00e0 LiveGooD\u00a0!<\/span><\/p>\n<h6><span>Tailles disponibles:<\/span><\/h6>\n<ul>\n<li><label for=\"54\">S<\/label><\/li>\n<li><label for=\"55\">M<\/label><\/li>\n<li><label for=\"56\">L<\/label><\/li>\n<li><label for=\"57\">XL<\/label><\/li>\n<li><label for=\"58\">XXL<\/label><\/li>\n<\/ul>\n","protected":false},"featured_media":312,"comment_status":"open","ping_status":"closed","template":"","meta":[],"product_brand":[],"product_cat":[144,180],"product_tag":[],"class_list":{"0":"post-682","1":"product","2":"type-product","3":"status-publish","4":"has-post-thumbnail","6":"product_cat-accessories-fr-fr","7":"product_cat-men-fr-fr","9":"first","10":"instock","11":"shipping-taxable","12":"product-type-external"},"yoast_head":"<!-- This site is optimized with the Yoast SEO Premium plugin v20.6 (Yoast SEO v21.8.1) - https:\/\/yoast.com\/wordpress\/plugins\/seo\/ -->\n<title>LiveGood Polos - LiveGooD Shop<\/title>\n<meta name=\"robots\" content=\"index, follow, max-snippet:-1, max-image-preview:large, max-video-preview:-1\" \/>\n<link rel=\"canonical\" href=\"https:\/\/livegood.network\/shop\/fr-fr\/product\/livegood-polos-fr-fr\/\" \/>\n<meta property=\"og:locale\" content=\"en_US\" \/>\n<meta property=\"og:type\" content=\"article\" \/>\n<meta property=\"og:title\" content=\"LiveGood Polos\" \/>\n<meta property=\"og:description\" content=\"Diff\u00e9rents mod\u00e8les Montrez votre amour \u00e0 LiveGooD\u00a0! Tailles disponibles:   S  M  L  XL  XXL\" \/>\n<meta property=\"og:url\" content=\"https:\/\/livegood.network\/shop\/fr-fr\/product\/livegood-polos-fr-fr\/\" \/>\n<meta property=\"article:publisher\" content=\"https:\/\/www.facebook.com\/livegoodhello\" \/>\n<meta property=\"article:modified_time\" content=\"2024-01-23T22:02:45+00:00\" \/>\n<meta property=\"og:image\" content=\"https:\/\/livegood.network\/shop\/wp-content\/uploads\/2024\/01\/polo-shirts-livegood.png\" \/>\n\t<meta property=\"og:image:width\" content=\"1000\" \/>\n\t<meta property=\"og:image:height\" content=\"1000\" \/>\n\t<meta property=\"og:image:type\" content=\"image\/png\" \/>\n<meta name=\"twitter:card\" content=\"summary_large_image\" \/>\n<meta name=\"twitter:label1\" content=\"Est. reading time\" \/>\n\t<meta name=\"twitter:data1\" content=\"2 minutes\" \/>\n<script type=\"application\/ld+json\" class=\"yoast-schema-graph\">{\"@context\":\"https:\/\/schema.org\",\"@graph\":[{\"@type\":\"WebPage\",\"@id\":\"https:\/\/livegood.network\/shop\/fr-fr\/product\/livegood-polos-fr-fr\/\",\"url\":\"https:\/\/livegood.network\/shop\/fr-fr\/product\/livegood-polos-fr-fr\/\",\"name\":\"LiveGood Polos - LiveGooD Shop\",\"isPartOf\":{\"@id\":\"https:\/\/livegood.network\/shop\/#website\"},\"datePublished\":\"2024-01-23T22:02:44+00:00\",\"dateModified\":\"2024-01-23T22:02:45+00:00\",\"breadcrumb\":{\"@id\":\"https:\/\/livegood.network\/shop\/fr-fr\/product\/livegood-polos-fr-fr\/#breadcrumb\"},\"inLanguage\":\"en-US\",\"potentialAction\":[{\"@type\":\"ReadAction\",\"target\":[\"https:\/\/livegood.network\/shop\/fr-fr\/product\/livegood-polos-fr-fr\/\"]}]},{\"@type\":\"BreadcrumbList\",\"@id\":\"https:\/\/livegood.network\/shop\/fr-fr\/product\/livegood-polos-fr-fr\/#breadcrumb\",\"itemListElement\":[{\"@type\":\"ListItem\",\"position\":1,\"name\":\"Home\",\"item\":\"https:\/\/livegood.network\/shop\/pt-br\/\"},{\"@type\":\"ListItem\",\"position\":2,\"name\":\"Shop\",\"item\":\"https:\/\/livegood.network\/shop\/shop\/\"},{\"@type\":\"ListItem\",\"position\":3,\"name\":\"LiveGood Polos\"}]},{\"@type\":\"WebSite\",\"@id\":\"https:\/\/livegood.network\/shop\/#website\",\"url\":\"https:\/\/livegood.network\/shop\/\",\"name\":\"LiveGooD Shop\",\"description\":\"\",\"publisher\":{\"@id\":\"https:\/\/livegood.network\/shop\/#organization\"},\"potentialAction\":[{\"@type\":\"SearchAction\",\"target\":{\"@type\":\"EntryPoint\",\"urlTemplate\":\"https:\/\/livegood.network\/shop\/?s={search_term_string}\"},\"query-input\":\"required name=search_term_string\"}],\"inLanguage\":\"en-US\"},{\"@type\":\"Organization\",\"@id\":\"https:\/\/livegood.network\/shop\/#organization\",\"name\":\"LiveGooD\",\"url\":\"https:\/\/livegood.network\/shop\/\",\"logo\":{\"@type\":\"ImageObject\",\"inLanguage\":\"en-US\",\"@id\":\"https:\/\/livegood.network\/shop\/#\/schema\/logo\/image\/\",\"url\":\"https:\/\/livegood.network\/shop\/wp-content\/uploads\/2024\/01\/logo-livegood-shop-main.png\",\"contentUrl\":\"https:\/\/livegood.network\/shop\/wp-content\/uploads\/2024\/01\/logo-livegood-shop-main.png\",\"width\":373,\"height\":115,\"caption\":\"LiveGooD\"},\"image\":{\"@id\":\"https:\/\/livegood.network\/shop\/#\/schema\/logo\/image\/\"},\"sameAs\":[\"https:\/\/www.facebook.com\/livegoodhello\"]}]}<\/script>\n<!-- \/ Yoast SEO Premium plugin. -->","yoast_head_json":{"title":"LiveGood Polos - LiveGooD Shop","robots":{"index":"index","follow":"follow","max-snippet":"max-snippet:-1","max-image-preview":"max-image-preview:large","max-video-preview":"max-video-preview:-1"},"canonical":"https:\/\/livegood.network\/shop\/fr-fr\/product\/livegood-polos-fr-fr\/","og_locale":"en_US","og_type":"article","og_title":"LiveGood Polos","og_description":"Diff\u00e9rents mod\u00e8les Montrez votre amour \u00e0 LiveGooD\u00a0! Tailles disponibles:   S  M  L  XL  XXL","og_url":"https:\/\/livegood.network\/shop\/fr-fr\/product\/livegood-polos-fr-fr\/","article_publisher":"https:\/\/www.facebook.com\/livegoodhello","article_modified_time":"2024-01-23T22:02:45+00:00","og_image":[{"width":1000,"height":1000,"url":"https:\/\/livegood.network\/shop\/wp-content\/uploads\/2024\/01\/polo-shirts-livegood.png","type":"image\/png"}],"twitter_card":"summary_large_image","twitter_misc":{"Est. reading time":"2 minutes"},"schema":{"@context":"https:\/\/schema.org","@graph":[{"@type":"WebPage","@id":"https:\/\/livegood.network\/shop\/fr-fr\/product\/livegood-polos-fr-fr\/","url":"https:\/\/livegood.network\/shop\/fr-fr\/product\/livegood-polos-fr-fr\/","name":"LiveGood Polos - LiveGooD Shop","isPartOf":{"@id":"https:\/\/livegood.network\/shop\/#website"},"datePublished":"2024-01-23T22:02:44+00:00","dateModified":"2024-01-23T22:02:45+00:00","breadcrumb":{"@id":"https:\/\/livegood.network\/shop\/fr-fr\/product\/livegood-polos-fr-fr\/#breadcrumb"},"inLanguage":"en-US","potentialAction":[{"@type":"ReadAction","target":["https:\/\/livegood.network\/shop\/fr-fr\/product\/livegood-polos-fr-fr\/"]}]},{"@type":"BreadcrumbList","@id":"https:\/\/livegood.network\/shop\/fr-fr\/product\/livegood-polos-fr-fr\/#breadcrumb","itemListElement":[{"@type":"ListItem","position":1,"name":"Home","item":"https:\/\/livegood.network\/shop\/pt-br\/"},{"@type":"ListItem","position":2,"name":"Shop","item":"https:\/\/livegood.network\/shop\/shop\/"},{"@type":"ListItem","position":3,"name":"LiveGood Polos"}]},{"@type":"WebSite","@id":"https:\/\/livegood.network\/shop\/#website","url":"https:\/\/livegood.network\/shop\/","name":"LiveGooD Shop","description":"","publisher":{"@id":"https:\/\/livegood.network\/shop\/#organization"},"potentialAction":[{"@type":"SearchAction","target":{"@type":"EntryPoint","urlTemplate":"https:\/\/livegood.network\/shop\/?s={search_term_string}"},"query-input":"required name=search_term_string"}],"inLanguage":"en-US"},{"@type":"Organization","@id":"https:\/\/livegood.network\/shop\/#organization","name":"LiveGooD","url":"https:\/\/livegood.network\/shop\/","logo":{"@type":"ImageObject","inLanguage":"en-US","@id":"https:\/\/livegood.network\/shop\/#\/schema\/logo\/image\/","url":"https:\/\/livegood.network\/shop\/wp-content\/uploads\/2024\/01\/logo-livegood-shop-main.png","contentUrl":"https:\/\/livegood.network\/shop\/wp-content\/uploads\/2024\/01\/logo-livegood-shop-main.png","width":373,"height":115,"caption":"LiveGooD"},"image":{"@id":"https:\/\/livegood.network\/shop\/#\/schema\/logo\/image\/"},"sameAs":["https:\/\/www.facebook.com\/livegoodhello"]}]}},"lang":"fr-fr","translations":{"fr-fr":682,"en-us":311,"es-es":684,"pt-pt":681,"vi":685,"ru-ru":686,"pt-br":680,"ko":687},"pll_sync_post":[],"_links":{"self":[{"href":"https:\/\/livegood.network\/shop\/wp-json\/wp\/v2\/product\/682","targetHints":{"allow":["GET"]}}],"collection":[{"href":"https:\/\/livegood.network\/shop\/wp-json\/wp\/v2\/product"}],"about":[{"href":"https:\/\/livegood.network\/shop\/wp-json\/wp\/v2\/types\/product"}],"replies":[{"embeddable":true,"href":"https:\/\/livegood.network\/shop\/wp-json\/wp\/v2\/comments?post=682"}],"version-history":[{"count":0,"href":"https:\/\/livegood.network\/shop\/wp-json\/wp\/v2\/product\/682\/revisions"}],"wp:featuredmedia":[{"embeddable":true,"href":"https:\/\/livegood.network\/shop\/wp-json\/wp\/v2\/media\/312"}],"wp:attachment":[{"href":"https:\/\/livegood.network\/shop\/wp-json\/wp\/v2\/media?parent=682"}],"wp:term":[{"taxonomy":"product_brand","embeddable":true,"href":"https:\/\/livegood.network\/shop\/wp-json\/wp\/v2\/product_brand?post=682"},{"taxonomy":"product_cat","embeddable":true,"href":"https:\/\/livegood.network\/shop\/wp-json\/wp\/v2\/product_cat?post=682"},{"taxonomy":"product_tag","embeddable":true,"href":"https:\/\/livegood.network\/shop\/wp-json\/wp\/v2\/product_tag?post=682"}],"curies":[{"name":"wp","href":"https:\/\/api.w.org\/{rel}","templated":true}]}}