{"id":684,"date":"2024-01-23T22:04:32","date_gmt":"2024-01-23T22:04:32","guid":{"rendered":"https:\/\/livegood.network\/shop\/?post_type=product&#038;p=684"},"modified":"2024-01-23T22:04:34","modified_gmt":"2024-01-23T22:04:34","slug":"livegood-polos-es-es","status":"publish","type":"product","link":"https:\/\/livegood.network\/shop\/es-es\/product\/livegood-polos-es-es\/","title":{"rendered":"LiveGood Polos"},"content":{"rendered":"<p><strong><span>Presentaci\u00f3n exclusiva: Polos institucionales LiveGood: \u00a1lleva tu dedicaci\u00f3n!<\/span><\/strong><\/p>\n<p><span>Hola cliente,<\/span><\/p>\n<p><span>Ingrese al reino de la sofisticaci\u00f3n y el bienestar con los polos institucionales de LiveGood, donde el estilo se une a la devoci\u00f3n.\u00a0Nuestros Polos son m\u00e1s que prendas;\u00a0son una poderosa expresi\u00f3n de su admiraci\u00f3n y compromiso con el estilo de vida LiveGood.<\/span><\/p>\n<p><strong><span>\u00bfPor qu\u00e9 elegir el polo institucional LiveGood?<\/span><\/strong><\/p>\n<ol>\n<li><strong><span>Estilo elevado:<\/span><\/strong><span>\u00a0Dise\u00f1ados con un toque de elegancia, nuestros polos combinan a la perfecci\u00f3n la moda con el esp\u00edritu de LiveGood.\u00a0No es s\u00f3lo una camisa;\u00a0es una pieza de declaraci\u00f3n.<\/span><\/li>\n<li><strong><span>Calidad premium:<\/span><\/strong><span>\u00a0confeccionados con los mejores materiales, nuestros polos garantizan una sensaci\u00f3n c\u00f3moda y lujosa.\u00a0La calidad no es una opci\u00f3n;\u00a0es una promesa.<\/span><\/li>\n<li><strong><span>Marca distintiva:<\/span><\/strong><span>\u00a0Adornada con el ic\u00f3nico logotipo de LiveGood, cada polo es un s\u00edmbolo de su lealtad a una vida bien vivida y celebrada.<\/span><\/li>\n<\/ol>\n<p><strong><span>\u00bfQu\u00e9 simboliza tu polo?<\/span><\/strong><\/p>\n<p><span>Elegir el polo institucional LiveGood no es simplemente una elecci\u00f3n de moda;\u00a0es un testimonio de su compromiso con un estilo de vida que prioriza el bienestar, la positividad y la vitalidad.<\/span><\/p>\n<blockquote>\n<h5><span>El polo institucional LiveGood es m\u00e1s que una prenda;\u00a0es un s\u00edmbolo de su afiliaci\u00f3n con una comunidad dedicada a la b\u00fasqueda de un estilo de vida hol\u00edstico y pr\u00f3spero.<\/span><\/h5>\n<\/blockquote>\n<p><em><strong><span>\u00a1\u00danase a nosotros para vivir bien, vivir LiveGood!<\/span><\/strong><\/em><\/p>\n<p><span>Atentamente,<\/span><\/p>\n","protected":false},"excerpt":{"rendered":"<p><img decoding=\"async\" class=\"emoji\" role=\"img\" draggable=\"false\" src=\"https:\/\/s.w.org\/images\/core\/emoji\/14.0.0\/svg\/1f49a.svg\" alt=\"????\" \/><span>Varios modelos<\/span><br \/>\n<img decoding=\"async\" class=\"emoji\" role=\"img\" draggable=\"false\" src=\"https:\/\/s.w.org\/images\/core\/emoji\/14.0.0\/svg\/1f49a.svg\" alt=\"????\" \/><span>\u00a1Muestre amor por LiveGooD!<\/span><\/p>\n<h6><span>Tallas disponibles:<\/span><\/h6>\n<ul>\n<li><label for=\"54\">S<\/label><\/li>\n<li><label for=\"55\">M<\/label><\/li>\n<li><label for=\"56\">L<\/label><\/li>\n<li><label for=\"57\">XL<\/label><\/li>\n<li><label for=\"58\">XXL<\/label><\/li>\n<\/ul>\n","protected":false},"featured_media":312,"comment_status":"open","ping_status":"closed","template":"","meta":[],"product_brand":[],"product_cat":[146,178],"product_tag":[],"class_list":{"0":"post-684","1":"product","2":"type-product","3":"status-publish","4":"has-post-thumbnail","6":"product_cat-accessories-es-es","7":"product_cat-men-es-es","9":"first","10":"instock","11":"shipping-taxable","12":"product-type-external"},"yoast_head":"<!-- This site is optimized with the Yoast SEO Premium plugin v20.6 (Yoast SEO v21.8.1) - https:\/\/yoast.com\/wordpress\/plugins\/seo\/ -->\n<title>LiveGood Polos - LiveGooD Shop<\/title>\n<meta name=\"robots\" content=\"index, follow, max-snippet:-1, max-image-preview:large, max-video-preview:-1\" \/>\n<link rel=\"canonical\" href=\"https:\/\/livegood.network\/shop\/es-es\/product\/livegood-polos-es-es\/\" \/>\n<meta property=\"og:locale\" content=\"en_US\" \/>\n<meta property=\"og:type\" content=\"article\" \/>\n<meta property=\"og:title\" content=\"LiveGood Polos\" \/>\n<meta property=\"og:description\" content=\"Varios modelos \u00a1Muestre amor por LiveGooD! Tallas disponibles:   S  M  L  XL  XXL\" \/>\n<meta property=\"og:url\" content=\"https:\/\/livegood.network\/shop\/es-es\/product\/livegood-polos-es-es\/\" \/>\n<meta property=\"article:publisher\" content=\"https:\/\/www.facebook.com\/livegoodhello\" \/>\n<meta property=\"article:modified_time\" content=\"2024-01-23T22:04:34+00:00\" \/>\n<meta property=\"og:image\" content=\"https:\/\/livegood.network\/shop\/wp-content\/uploads\/2024\/01\/polo-shirts-livegood.png\" \/>\n\t<meta property=\"og:image:width\" content=\"1000\" \/>\n\t<meta property=\"og:image:height\" content=\"1000\" \/>\n\t<meta property=\"og:image:type\" content=\"image\/png\" \/>\n<meta name=\"twitter:card\" content=\"summary_large_image\" \/>\n<meta name=\"twitter:label1\" content=\"Est. reading time\" \/>\n\t<meta name=\"twitter:data1\" content=\"2 minutes\" \/>\n<script type=\"application\/ld+json\" class=\"yoast-schema-graph\">{\"@context\":\"https:\/\/schema.org\",\"@graph\":[{\"@type\":\"WebPage\",\"@id\":\"https:\/\/livegood.network\/shop\/es-es\/product\/livegood-polos-es-es\/\",\"url\":\"https:\/\/livegood.network\/shop\/es-es\/product\/livegood-polos-es-es\/\",\"name\":\"LiveGood Polos - LiveGooD Shop\",\"isPartOf\":{\"@id\":\"https:\/\/livegood.network\/shop\/#website\"},\"datePublished\":\"2024-01-23T22:04:32+00:00\",\"dateModified\":\"2024-01-23T22:04:34+00:00\",\"breadcrumb\":{\"@id\":\"https:\/\/livegood.network\/shop\/es-es\/product\/livegood-polos-es-es\/#breadcrumb\"},\"inLanguage\":\"en-US\",\"potentialAction\":[{\"@type\":\"ReadAction\",\"target\":[\"https:\/\/livegood.network\/shop\/es-es\/product\/livegood-polos-es-es\/\"]}]},{\"@type\":\"BreadcrumbList\",\"@id\":\"https:\/\/livegood.network\/shop\/es-es\/product\/livegood-polos-es-es\/#breadcrumb\",\"itemListElement\":[{\"@type\":\"ListItem\",\"position\":1,\"name\":\"Home\",\"item\":\"https:\/\/livegood.network\/shop\/pt-br\/\"},{\"@type\":\"ListItem\",\"position\":2,\"name\":\"Shop\",\"item\":\"https:\/\/livegood.network\/shop\/shop\/\"},{\"@type\":\"ListItem\",\"position\":3,\"name\":\"LiveGood Polos\"}]},{\"@type\":\"WebSite\",\"@id\":\"https:\/\/livegood.network\/shop\/#website\",\"url\":\"https:\/\/livegood.network\/shop\/\",\"name\":\"LiveGooD Shop\",\"description\":\"\",\"publisher\":{\"@id\":\"https:\/\/livegood.network\/shop\/#organization\"},\"potentialAction\":[{\"@type\":\"SearchAction\",\"target\":{\"@type\":\"EntryPoint\",\"urlTemplate\":\"https:\/\/livegood.network\/shop\/?s={search_term_string}\"},\"query-input\":\"required name=search_term_string\"}],\"inLanguage\":\"en-US\"},{\"@type\":\"Organization\",\"@id\":\"https:\/\/livegood.network\/shop\/#organization\",\"name\":\"LiveGooD\",\"url\":\"https:\/\/livegood.network\/shop\/\",\"logo\":{\"@type\":\"ImageObject\",\"inLanguage\":\"en-US\",\"@id\":\"https:\/\/livegood.network\/shop\/#\/schema\/logo\/image\/\",\"url\":\"https:\/\/livegood.network\/shop\/wp-content\/uploads\/2024\/01\/logo-livegood-shop-main.png\",\"contentUrl\":\"https:\/\/livegood.network\/shop\/wp-content\/uploads\/2024\/01\/logo-livegood-shop-main.png\",\"width\":373,\"height\":115,\"caption\":\"LiveGooD\"},\"image\":{\"@id\":\"https:\/\/livegood.network\/shop\/#\/schema\/logo\/image\/\"},\"sameAs\":[\"https:\/\/www.facebook.com\/livegoodhello\"]}]}<\/script>\n<!-- \/ Yoast SEO Premium plugin. -->","yoast_head_json":{"title":"LiveGood Polos - LiveGooD Shop","robots":{"index":"index","follow":"follow","max-snippet":"max-snippet:-1","max-image-preview":"max-image-preview:large","max-video-preview":"max-video-preview:-1"},"canonical":"https:\/\/livegood.network\/shop\/es-es\/product\/livegood-polos-es-es\/","og_locale":"en_US","og_type":"article","og_title":"LiveGood Polos","og_description":"Varios modelos \u00a1Muestre amor por LiveGooD! Tallas disponibles:   S  M  L  XL  XXL","og_url":"https:\/\/livegood.network\/shop\/es-es\/product\/livegood-polos-es-es\/","article_publisher":"https:\/\/www.facebook.com\/livegoodhello","article_modified_time":"2024-01-23T22:04:34+00:00","og_image":[{"width":1000,"height":1000,"url":"https:\/\/livegood.network\/shop\/wp-content\/uploads\/2024\/01\/polo-shirts-livegood.png","type":"image\/png"}],"twitter_card":"summary_large_image","twitter_misc":{"Est. reading time":"2 minutes"},"schema":{"@context":"https:\/\/schema.org","@graph":[{"@type":"WebPage","@id":"https:\/\/livegood.network\/shop\/es-es\/product\/livegood-polos-es-es\/","url":"https:\/\/livegood.network\/shop\/es-es\/product\/livegood-polos-es-es\/","name":"LiveGood Polos - LiveGooD Shop","isPartOf":{"@id":"https:\/\/livegood.network\/shop\/#website"},"datePublished":"2024-01-23T22:04:32+00:00","dateModified":"2024-01-23T22:04:34+00:00","breadcrumb":{"@id":"https:\/\/livegood.network\/shop\/es-es\/product\/livegood-polos-es-es\/#breadcrumb"},"inLanguage":"en-US","potentialAction":[{"@type":"ReadAction","target":["https:\/\/livegood.network\/shop\/es-es\/product\/livegood-polos-es-es\/"]}]},{"@type":"BreadcrumbList","@id":"https:\/\/livegood.network\/shop\/es-es\/product\/livegood-polos-es-es\/#breadcrumb","itemListElement":[{"@type":"ListItem","position":1,"name":"Home","item":"https:\/\/livegood.network\/shop\/pt-br\/"},{"@type":"ListItem","position":2,"name":"Shop","item":"https:\/\/livegood.network\/shop\/shop\/"},{"@type":"ListItem","position":3,"name":"LiveGood Polos"}]},{"@type":"WebSite","@id":"https:\/\/livegood.network\/shop\/#website","url":"https:\/\/livegood.network\/shop\/","name":"LiveGooD Shop","description":"","publisher":{"@id":"https:\/\/livegood.network\/shop\/#organization"},"potentialAction":[{"@type":"SearchAction","target":{"@type":"EntryPoint","urlTemplate":"https:\/\/livegood.network\/shop\/?s={search_term_string}"},"query-input":"required name=search_term_string"}],"inLanguage":"en-US"},{"@type":"Organization","@id":"https:\/\/livegood.network\/shop\/#organization","name":"LiveGooD","url":"https:\/\/livegood.network\/shop\/","logo":{"@type":"ImageObject","inLanguage":"en-US","@id":"https:\/\/livegood.network\/shop\/#\/schema\/logo\/image\/","url":"https:\/\/livegood.network\/shop\/wp-content\/uploads\/2024\/01\/logo-livegood-shop-main.png","contentUrl":"https:\/\/livegood.network\/shop\/wp-content\/uploads\/2024\/01\/logo-livegood-shop-main.png","width":373,"height":115,"caption":"LiveGooD"},"image":{"@id":"https:\/\/livegood.network\/shop\/#\/schema\/logo\/image\/"},"sameAs":["https:\/\/www.facebook.com\/livegoodhello"]}]}},"lang":"es-es","translations":{"es-es":684,"en-us":311,"fr-fr":682,"pt-pt":681,"vi":685,"ru-ru":686,"pt-br":680,"ko":687},"pll_sync_post":[],"_links":{"self":[{"href":"https:\/\/livegood.network\/shop\/wp-json\/wp\/v2\/product\/684","targetHints":{"allow":["GET"]}}],"collection":[{"href":"https:\/\/livegood.network\/shop\/wp-json\/wp\/v2\/product"}],"about":[{"href":"https:\/\/livegood.network\/shop\/wp-json\/wp\/v2\/types\/product"}],"replies":[{"embeddable":true,"href":"https:\/\/livegood.network\/shop\/wp-json\/wp\/v2\/comments?post=684"}],"version-history":[{"count":0,"href":"https:\/\/livegood.network\/shop\/wp-json\/wp\/v2\/product\/684\/revisions"}],"wp:featuredmedia":[{"embeddable":true,"href":"https:\/\/livegood.network\/shop\/wp-json\/wp\/v2\/media\/312"}],"wp:attachment":[{"href":"https:\/\/livegood.network\/shop\/wp-json\/wp\/v2\/media?parent=684"}],"wp:term":[{"taxonomy":"product_brand","embeddable":true,"href":"https:\/\/livegood.network\/shop\/wp-json\/wp\/v2\/product_brand?post=684"},{"taxonomy":"product_cat","embeddable":true,"href":"https:\/\/livegood.network\/shop\/wp-json\/wp\/v2\/product_cat?post=684"},{"taxonomy":"product_tag","embeddable":true,"href":"https:\/\/livegood.network\/shop\/wp-json\/wp\/v2\/product_tag?post=684"}],"curies":[{"name":"wp","href":"https:\/\/api.w.org\/{rel}","templated":true}]}}